


{"id":9020,"date":"2025-05-08T11:50:08","date_gmt":"2025-05-08T04:50:08","guid":{"rendered":"https:\/\/www.vietcorp.com\/store\/?post_type=product&#038;p=9020"},"modified":"2025-05-08T11:53:04","modified_gmt":"2025-05-08T04:53:04","slug":"synology-dx525","status":"publish","type":"product","link":"https:\/\/vietcorp.com\/store\/9020\/synology-dx525\/","title":{"rendered":"Synology DX525"},"content":{"rendered":"<section id=\"detail-DX525-storage\" class=\"s-section s-section--default s-section--no-min-h\">\n<div class=\"s-container s-container--default-px s-container--narrow\">\n<div class=\"s-section-intro s-section-intro--no-mb\">\n<div class=\"s-section-intro__title\">\n<h2><strong>Expansion Unit <a href=\"https:\/\/www.vietcorp.com\/store\/9020\/synology-dx525\/\">Synology DX525<\/a> <\/strong><\/h2>\n<p>Thi\u1ebft b\u1ecb m\u1edf r\u1ed9ng DX525 l\u00e0 model thay th\u1ebf cho model c\u0169 DX517 gi\u00fap kh\u00e1ch hang d\u1ec5 d\u00e0ng th\u00eam 5 khay \u1ed5 \u0111\u0129a b\u1ed5 sung v\u00e0o thi\u1ebft b\u1ecb NAS Synology DiskStation.<\/p>\n<h2 class=\"s-text s-text-h2\">M\u1edf r\u1ed9ng l\u01b0u tr\u1eef kh\u00f4ng g\u00e2y gi\u00e1n \u0111o\u1ea1n<\/h2>\n<\/div>\n<div class=\"s-section-intro__desc\">\n<p class=\"s-text s-text-p\">D\u1ec5 d\u00e0ng th\u00eam n\u0103m khay \u1ed5 \u0111\u0129a b\u1ed5 sung v\u00e0o Synology DiskStation c\u1ee7a b\u1ea1n. DX525 h\u1ed7 tr\u1ee3 c\u1ea3 \u1ed5 \u0111\u0129a SATA 2.5&#8243; v\u00e0 3.5&#8243; v\u00e0 c\u00f3 t\u00ednh n\u0103ng c\u00e0i \u0111\u1eb7t plug-and-play v\u00e0 kh\u1ea3 n\u0103ng hot-swap \u0111\u1ec3 ho\u1ea1t \u0111\u1ed9ng kh\u00f4ng b\u1ecb gi\u00e1n \u0111o\u1ea1n trong qu\u00e1 tr\u00ecnh m\u1edf r\u1ed9ng dung l\u01b0\u1ee3ng.<\/p>\n<\/div>\n<\/div>\n<\/div>\n<\/section>\n<div id=\"detail-DX525-dedicated\" class=\"s-bnb detail-DX525-dedicated\">\n<div class=\"s-bnb-major\">\n<div class=\"s-bnb-major__content\">\n<div>\n<div class=\"s-bnb-intro\">\n<div class=\"s-bnb-intro__title\">\n<h2 class=\"s-text s-text-h2\">Gi\u1ea3i ph\u00e1p sao l\u01b0u c\u1ee5c b\u1ed9 chuy\u00ean d\u1ee5ng<\/h2>\n<\/div>\n<div class=\"s-bnb-intro__desc\">\n<p class=\"s-text s-text-p\">Synology DX525 cung c\u1ea5p m\u1ed9t gi\u1ea3i ph\u00e1p sao l\u01b0u c\u1ee5c b\u1ed9 chuy\u00ean d\u1ee5ng cho thi\u00ea\u0301t bi\u0323 NAS DiskStation c\u1ee7a b\u1ea1n. Khi \u0111\u01b0\u1ee3c c\u1ea5u h\u00ecnh nh\u01b0 m\u1ed9t volume ri\u00eang bi\u1ec7t, n\u00f3 b\u1ea3o v\u1ec7 d\u1eef li\u1ec7u tr\u00ean c\u00e1c local disk c\u1ee7a m\u00ecnh trong tr\u01b0\u1eddng h\u1ee3p h\u1ec7 th\u1ed1ng g\u1eb7p s\u1ef1 c\u1ed1.<\/p>\n<\/div>\n<\/div>\n<\/div>\n<\/div>\n<\/div>\n<\/div>\n<div id=\"detail-DX525-online\" class=\"s-bnb detail-DX525-online\">\n<div class=\"s-bnb-major\">\n<div class=\"s-bnb-major__content\">\n<div>\n<div class=\"s-bnb-intro\">\n<div class=\"s-bnb-intro__title\">\n<figure id=\"attachment_9024\" aria-describedby=\"caption-attachment-9024\" style=\"width: 660px\" class=\"wp-caption aligncenter\"><img decoding=\"async\" class=\"size-full wp-image-9024\" src=\"https:\/\/www.vietcorp.com\/store\/wp-content\/uploads\/2025\/05\/Synology-Expansion-Unit-DX525-1.png\" alt=\"Thi\u1ebft b\u1ecb m\u1edf r\u1ed9ng Synology DX525\" width=\"660\" height=\"236\" srcset=\"https:\/\/vietcorp.com\/store\/wp-content\/uploads\/2025\/05\/Synology-Expansion-Unit-DX525-1.png 660w, https:\/\/vietcorp.com\/store\/wp-content\/uploads\/2025\/05\/Synology-Expansion-Unit-DX525-1-640x229.png 640w, https:\/\/vietcorp.com\/store\/wp-content\/uploads\/2025\/05\/Synology-Expansion-Unit-DX525-1-400x143.png 400w, https:\/\/vietcorp.com\/store\/wp-content\/uploads\/2025\/05\/Synology-Expansion-Unit-DX525-1-367x131.png 367w, https:\/\/vietcorp.com\/store\/wp-content\/uploads\/2025\/05\/Synology-Expansion-Unit-DX525-1-600x215.png 600w\" sizes=\"(max-width: 660px) 100vw, 660px\" \/><figcaption id=\"caption-attachment-9024\" class=\"wp-caption-text\">Thi\u1ebft b\u1ecb m\u1edf r\u1ed9ng Synology DX525<\/figcaption><\/figure>\n<h2 class=\"s-text s-text-h2\">M\u1edf r\u1ed9ng volume tr\u1ef1c tuy\u1ebfn<\/h2>\n<\/div>\n<div class=\"s-bnb-intro__desc\">\n<p class=\"s-text s-text-p\">\u0110\u01b0\u1ee3c qu\u1ea3n l\u00fd th\u00f4ng qua DiskStation Manager (DSM) c\u1ee7a NAS ch\u1ee7, c\u00e1c khay b\u1ed5 sung c\u1ee7a DX525 c\u00f3 s\u1eb5n ngay l\u1eadp t\u1ee9c khi k\u1ebft n\u1ed1i. M\u1edf r\u1ed9ng volume ngay l\u1eadp t\u1ee9c \u0111\u1ea3m b\u1ea3o d\u1ecbch v\u1ee5 kh\u00f4ng b\u1ecb gi\u00e1n \u0111o\u1ea1n v\u00e0 m\u1edf r\u1ed9ng l\u01b0u tr\u1eef tr\u00ean m\u00e1y ch\u1ee7.<\/p>\n<figure id=\"attachment_9023\" aria-describedby=\"caption-attachment-9023\" style=\"width: 660px\" class=\"wp-caption aligncenter\"><img decoding=\"async\" class=\"size-full wp-image-9023\" src=\"https:\/\/www.vietcorp.com\/store\/wp-content\/uploads\/2025\/05\/Synology-Expansion-Unit-DX525-3.png\" alt=\"Thi\u1ebft b\u1ecb m\u1edf r\u1ed9ng Synology DX525\" width=\"660\" height=\"388\" srcset=\"https:\/\/vietcorp.com\/store\/wp-content\/uploads\/2025\/05\/Synology-Expansion-Unit-DX525-3.png 660w, https:\/\/vietcorp.com\/store\/wp-content\/uploads\/2025\/05\/Synology-Expansion-Unit-DX525-3-640x376.png 640w, https:\/\/vietcorp.com\/store\/wp-content\/uploads\/2025\/05\/Synology-Expansion-Unit-DX525-3-400x235.png 400w, https:\/\/vietcorp.com\/store\/wp-content\/uploads\/2025\/05\/Synology-Expansion-Unit-DX525-3-367x216.png 367w, https:\/\/vietcorp.com\/store\/wp-content\/uploads\/2025\/05\/Synology-Expansion-Unit-DX525-3-600x353.png 600w\" sizes=\"(max-width: 660px) 100vw, 660px\" \/><figcaption id=\"caption-attachment-9023\" class=\"wp-caption-text\">Synology DX525<\/figcaption><\/figure>\n<\/div>\n<\/div>\n<\/div>\n<\/div>\n<\/div>\n<\/div>\n<section id=\"detail-DX525-storage\" class=\"s-article s-bnb s-u-text-white detail-DX525-storage s-product-module-storage-links s-product-module-storage-links--split\">\n<div class=\"s-bnb-major\">\n<div class=\"s-bnb-major__content\">\n<div class=\"s-bnb-intro\">\n<h2>Hi\u1ec7u su\u1ea5t \u0111\u01b0\u1ee3c h\u1ed7 tr\u1ee3 b\u1edfi \u1ed5 \u0111\u0129a Synology<\/h2>\n<p class=\"\">D\u1ec5 d\u00e0ng th\u00eam 5 khoang \u1ed5 \u0111\u0129a b\u1ed5 sung v\u00e0o <a href=\"https:\/\/www.vietcorp.com\/store\/nas-synology-diskstation\/\">Synology DiskStation<\/a>. H\u1ed7 tr\u1ee3 c\u1ea3 \u1ed5 \u0111\u0129a SATA 2,5&#8243; v\u00e0 3,5&#8243;, Synology DX517 l\u00e0 m\u1ed9t gi\u1ea3i ph\u00e1p linh ho\u1ea1t h\u1ed7 tr\u1ee3 m\u1edf r\u1ed9ng volume nhanh ch\u00f3ng ho\u1eb7c ph\u1ee5c v\u1ee5 nh\u01b0 m\u1ed9t \u0111\u00edch sao l\u01b0u c\u1ee5c b\u1ed9. \u0110\u01b0\u1ee3c thi\u1ebft k\u1ebf d\u00e0nh cho h\u1ec7 th\u1ed1ng Synology, \u1ed5 \u0111\u0129a Synology mang l\u1ea1i hi\u1ec7u su\u1ea5t \u1ed5n \u0111\u1ecbnh v\u00e0 \u0111\u1ed9 tin c\u1eady cao cho thi\u00ea\u0301t bi\u0323 c\u1ee7a b\u1ea1n.<\/p>\n<\/div>\n<\/div>\n<\/div>\n<div class=\"s-bnb-minor no-shadow-img background-cover\">\n<div class=\"s-bnb-minor__content\"><\/div>\n<\/div>\n<\/section>\n<div id=\"detail-DX525-warranty\" class=\"s-bnb detail-DX525-warranty dsn3-warranty-sec-ew\">\n<div class=\"s-bnb-major no-min-h\">\n<div class=\"s-bnb-major__content\">\n<div>\n<div class=\"s-bnb-intro\">\n<div class=\"s-bnb-intro__title\">\n<div class=\"mceTemp\"><\/div>\n<figure id=\"attachment_9021\" aria-describedby=\"caption-attachment-9021\" style=\"width: 949px\" class=\"wp-caption aligncenter\"><img decoding=\"async\" class=\"size-full wp-image-9021\" src=\"https:\/\/www.vietcorp.com\/store\/wp-content\/uploads\/2025\/05\/Synology-Expansion-Unit-DX525-1.jpg\" alt=\"Synology DX525 t\u01b0\u01a1ng th\u00edch v\u1edbi c\u00e1c d\u00f2ng h\u1ed7 tr\u1ee3 c\u1ea3 \u1ed5 \u0111\u0129a SATA 2,5&quot; v\u00e0 3,5&quot;\" width=\"949\" height=\"419\" srcset=\"https:\/\/vietcorp.com\/store\/wp-content\/uploads\/2025\/05\/Synology-Expansion-Unit-DX525-1.jpg 949w, https:\/\/vietcorp.com\/store\/wp-content\/uploads\/2025\/05\/Synology-Expansion-Unit-DX525-1-768x339.jpg 768w, https:\/\/vietcorp.com\/store\/wp-content\/uploads\/2025\/05\/Synology-Expansion-Unit-DX525-1-640x283.jpg 640w, https:\/\/vietcorp.com\/store\/wp-content\/uploads\/2025\/05\/Synology-Expansion-Unit-DX525-1-400x177.jpg 400w, https:\/\/vietcorp.com\/store\/wp-content\/uploads\/2025\/05\/Synology-Expansion-Unit-DX525-1-367x162.jpg 367w, https:\/\/vietcorp.com\/store\/wp-content\/uploads\/2025\/05\/Synology-Expansion-Unit-DX525-1-600x265.jpg 600w\" sizes=\"(max-width: 949px) 100vw, 949px\" \/><figcaption id=\"caption-attachment-9021\" class=\"wp-caption-text\">Synology DX525 t\u01b0\u01a1ng th\u00edch v\u1edbi c\u00e1c d\u00f2ng h\u1ed7 tr\u1ee3 c\u1ea3 \u1ed5 \u0111\u0129a SATA 2,5&#8243; v\u00e0 3,5&#8243;<\/figcaption><\/figure>\n<h2 class=\"s-text s-text-h2\">Synology lu\u00f4n s\u1eb5n s\u00e0ng h\u1ed7 tr\u1ee3 b\u1ea1n<\/h2>\n<\/div>\n<div class=\"s-bnb-intro__desc\">\n<p class=\"s-text s-text-p\">DX525 \u0111\u01b0\u1ee3c b\u1ea3o h\u00e0nh 3 n\u0103m t\u1eeb Synology, bao g\u1ed3m h\u1ed7 tr\u1ee3 k\u1ef9 thu\u1eadt v\u00e0 d\u1ecbch v\u1ee5 thay th\u1ebf ph\u1ea7n c\u1ee9ng. M\u1edf r\u1ed9ng b\u1ea3o h\u00e0nh l\u00ean 5 n\u0103m v\u1edbi Extended Warranty.<\/p>\n<\/div>\n<\/div>\n<\/div>\n<\/div>\n<\/div>\n<\/div>\n<p>Xem th\u00eam v\u1ec1 Synology:<\/p>\n<ul>\n<li><a href=\"https:\/\/www.vietcorp.com\/vn\/chung-nhan\/\">Ch\u1ee9ng nh\u1eadn Synology<\/a><\/li>\n<li><a href=\"https:\/\/vietcorp.com\/support\/synology\/\">Support Synology<\/a><\/li>\n<li><a href=\"https:\/\/www.vietcorp.com\/blog\/tag\/showcase-synology\/\">Showcase Synology<\/a><\/li>\n<\/ul>\n","protected":false},"excerpt":{"rendered":"<p>Expansion 5 Bays<br \/>\nB\u1ea3o h\u00e0nh 36 th\u00e1ng<br \/>\nApplied Models: DS1825+, DS1525+, DS925+<\/p>\n","protected":false},"featured_media":0,"template":"","meta":[],"product_brand":[],"product_cat":[363],"product_tag":[],"class_list":{"0":"post-9020","1":"product","2":"type-product","3":"status-publish","5":"product_cat-expansion-units","7":"first","8":"instock","9":"taxable","10":"shipping-taxable","11":"product-type-simple"},"_links":{"self":[{"href":"https:\/\/vietcorp.com\/store\/wp-json\/wp\/v2\/product\/9020","targetHints":{"allow":["GET"]}}],"collection":[{"href":"https:\/\/vietcorp.com\/store\/wp-json\/wp\/v2\/product"}],"about":[{"href":"https:\/\/vietcorp.com\/store\/wp-json\/wp\/v2\/types\/product"}],"wp:attachment":[{"href":"https:\/\/vietcorp.com\/store\/wp-json\/wp\/v2\/media?parent=9020"}],"wp:term":[{"taxonomy":"product_brand","embeddable":true,"href":"https:\/\/vietcorp.com\/store\/wp-json\/wp\/v2\/product_brand?post=9020"},{"taxonomy":"product_cat","embeddable":true,"href":"https:\/\/vietcorp.com\/store\/wp-json\/wp\/v2\/product_cat?post=9020"},{"taxonomy":"product_tag","embeddable":true,"href":"https:\/\/vietcorp.com\/store\/wp-json\/wp\/v2\/product_tag?post=9020"}],"curies":[{"name":"wp","href":"https:\/\/api.w.org\/{rel}","templated":true}]}}