


{"id":8702,"date":"2025-03-12T08:11:12","date_gmt":"2025-03-12T01:11:12","guid":{"rendered":"https:\/\/www.vietcorp.com\/store\/?post_type=product&#038;p=8702"},"modified":"2025-03-12T08:54:06","modified_gmt":"2025-03-12T01:54:06","slug":"synology-adapter-100w_3","status":"publish","type":"product","link":"https:\/\/vietcorp.com\/store\/8702\/synology-adapter-100w_3\/","title":{"rendered":"Synology ADAPTER-100W_3"},"content":{"rendered":"<h2><a href=\"https:\/\/www.vietcorp.com\/store\/8702\/synology-adapter-100w_3\/\"><strong>Synology Adapter 100W_3<\/strong><\/a><\/h2>\n<ul>\n<li class=\"detail-desc\">Adapter 100W Level VI<\/li>\n<li><span class=\"detail-list__title\">EAN:\u00a0<\/span>4711174728114<\/li>\n<li><span class=\"detail-list__title\">UPC:\u00a0<\/span>846504008117<\/li>\n<li><span class=\"detail-list__title\">K\u00edch th\u01b0\u1edbc:\u00a0<\/span>13.7 x5.9 x3.5 cm<\/li>\n<li><span class=\"detail-list__title\">Tr\u1ecdng l\u01b0\u1ee3ng:\u00a0<\/span>0.50 kg<\/li>\n<li><span class=\"detail-notes__title\">C\u00e1c m\u1eabu s\u1ea3n ph\u1ea9m \u00e1p d\u1ee5ng: <\/span>DS923+, DS920+, DS918+, DS916+, DS418, DS418play, DS418j, DS416, DS416play, DS416j, DP340<\/li>\n<\/ul>\n<p>T\u00ecm hi\u1ec3u th\u00eam v\u1ec1 Synology:<\/p>\n<ul>\n<li><a href=\"https:\/\/www.vietcorp.com\/store\/chung-nhan-synology\/\">Ch\u1ee9ng nh\u1eadn Synology<\/a><\/li>\n<li><a href=\"https:\/\/vietcorp.com\/support\/synology\/\">Support Synology<\/a><\/li>\n<li><a href=\"https:\/\/www.vietcorp.com\/blog\/tag\/showcase-synology\/\">Showcase Synology<\/a><\/li>\n<\/ul>\n","protected":false},"excerpt":{"rendered":"<p>Kh\u00f4ng k\u00e8m d\u00e2y ngu\u1ed3n<br \/>\nAdapter 100W Level VI<br \/>\nEAN: 4711174728114<br \/>\nUPC: 846504008117<br \/>\nK\u00edch th\u01b0\u1edbc: 13.7 x5.9 x3.5 cm<br \/>\nTr\u1ecdng l\u01b0\u1ee3ng: 0.50 kg<br \/>\nC\u00e1c m\u1eabu s\u1ea3n ph\u1ea9m \u00e1p d\u1ee5ng: DS923+, DS920+, DS918+, DS916+, DS418, DS418play, DS418j, DS416, DS416play, DS416j, DP340<\/p>\n","protected":false},"featured_media":8703,"template":"","meta":[],"product_brand":[],"product_cat":[191],"product_tag":[357,44,23,397],"class_list":{"0":"post-8702","1":"product","2":"type-product","3":"status-publish","4":"has-post-thumbnail","6":"product_cat-linh-kien","7":"product_tag-adapter-psu","8":"product_tag-phu-kien-synology","9":"product_tag-synology","10":"product_tag-synology-adapter","12":"first","13":"onbackorder","14":"taxable","15":"shipping-taxable","16":"purchasable","17":"product-type-simple"},"_links":{"self":[{"href":"https:\/\/vietcorp.com\/store\/wp-json\/wp\/v2\/product\/8702","targetHints":{"allow":["GET"]}}],"collection":[{"href":"https:\/\/vietcorp.com\/store\/wp-json\/wp\/v2\/product"}],"about":[{"href":"https:\/\/vietcorp.com\/store\/wp-json\/wp\/v2\/types\/product"}],"wp:featuredmedia":[{"embeddable":true,"href":"https:\/\/vietcorp.com\/store\/wp-json\/wp\/v2\/media\/8703"}],"wp:attachment":[{"href":"https:\/\/vietcorp.com\/store\/wp-json\/wp\/v2\/media?parent=8702"}],"wp:term":[{"taxonomy":"product_brand","embeddable":true,"href":"https:\/\/vietcorp.com\/store\/wp-json\/wp\/v2\/product_brand?post=8702"},{"taxonomy":"product_cat","embeddable":true,"href":"https:\/\/vietcorp.com\/store\/wp-json\/wp\/v2\/product_cat?post=8702"},{"taxonomy":"product_tag","embeddable":true,"href":"https:\/\/vietcorp.com\/store\/wp-json\/wp\/v2\/product_tag?post=8702"}],"curies":[{"name":"wp","href":"https:\/\/api.w.org\/{rel}","templated":true}]}}