


{"id":8684,"date":"2025-03-06T16:42:10","date_gmt":"2025-03-06T09:42:10","guid":{"rendered":"https:\/\/www.vietcorp.com\/store\/?post_type=product&#038;p=8684"},"modified":"2025-12-11T11:44:46","modified_gmt":"2025-12-11T04:44:46","slug":"synology-dx1215ii","status":"publish","type":"product","link":"https:\/\/vietcorp.com\/store\/8684\/synology-dx1215ii\/","title":{"rendered":"Synology DX1215II"},"content":{"rendered":"<h3><a href=\"https:\/\/www.vietcorp.com\/store\/8684\/synology-dx1215ii\/\"><strong>Thi\u1ebft b\u1ecb m\u1edf r\u1ed9ng NAS Synology DX1215II<\/strong><\/a><\/h3>\n<p>D\u1ec5 d\u00e0ng t\u0103ng g\u1ea5p \u0111\u00f4i ho\u1eb7c g\u1ea5p ba dung l\u01b0\u1ee3ng l\u01b0u tr\u1eef c\u1ee7a <a href=\"https:\/\/www.vietcorp.com\/store\/nas-synology-diskstation\/\">Synology DiskStation<\/a> c\u1ee7a b\u1ea1n.<\/p>\n<p><strong>C\u1ea5u h\u00ecnh <a href=\"https:\/\/www.vietcorp.com\/store\/nas-synology\/\">NAS Synology<\/a>\u00a0DX1215II:<\/strong><\/p>\n<ul>\n<li>Applied Models:<b>\u00a0<\/b>FS1018,<b>\u00a0<\/b>DS2419+II, DS2419+, DS3018xs,<b>\u00a0<\/b>DS3617xsII, DS3617xs,<b>\u00a0<\/b>DS3615xs, DS2415+, DS2015xs<\/li>\n<li>\u1ed4 \u0111\u0129a: 12 khay<\/li>\n<li>Dung l\u01b0\u1ee3ng: L\u00ean \u0111\u1ebfn 240 TB (20 TB drive x 12) (Capacity may vary by RAID types)<\/li>\n<li>C\u1ed5ng m\u1edf r\u1ed9ng: 1 c\u1ed5ng m\u1edf r\u1ed9ng<\/li>\n<li>B\u1ea3o h\u00e0nh 60 th\u00e1ng<\/li>\n<\/ul>\n<h3><strong>Th\u00eam 12 khay \u1ed5 \u0111\u0129a v\u00e0o DiskStation c\u1ee7a b\u1ea1n m\u1ed9t c\u00e1ch nhanh ch\u00f3ng<\/strong><\/h3>\n<p>DX1215II c\u00f3 h\u00ecnh th\u1ee9c \u0111\u1ec3 b\u00e0n 12 khay, cung c\u1ea5p kh\u1ea3 n\u0103ng m\u1edf r\u1ed9ng b\u1ed9 nh\u1edb tho\u1ea3i m\u00e1i cho Synology DiskStation b\u1ea5t c\u1ee9 khi n\u00e0o c\u1ea7n m\u00e0 h\u1ea7u nh\u01b0 kh\u00f4ng t\u00e1c \u0111\u1ed9ng \u0111\u1ebfn quy m\u00f4 tri\u1ec3n khai.<\/p>\n<p><strong>Thi\u1ebft l\u1eadp nhanh ch\u00f3ng<\/strong><\/p>\n<figure id=\"attachment_8685\" aria-describedby=\"caption-attachment-8685\" style=\"width: 537px\" class=\"wp-caption aligncenter\"><img decoding=\"async\" class=\"size-full wp-image-8685\" src=\"https:\/\/www.vietcorp.com\/store\/wp-content\/uploads\/2025\/03\/storage_expansion.png\" alt=\"Thi\u1ebft b\u1ecb m\u1edf r\u1ed9ng NAS Synology DX1215II\" width=\"537\" height=\"277\" srcset=\"https:\/\/vietcorp.com\/store\/wp-content\/uploads\/2025\/03\/storage_expansion.png 537w, https:\/\/vietcorp.com\/store\/wp-content\/uploads\/2025\/03\/storage_expansion-400x206.png 400w, https:\/\/vietcorp.com\/store\/wp-content\/uploads\/2025\/03\/storage_expansion-367x189.png 367w\" sizes=\"(max-width: 537px) 100vw, 537px\" \/><figcaption id=\"caption-attachment-8685\" class=\"wp-caption-text\">Thi\u1ebft b\u1ecb m\u1edf r\u1ed9ng NAS Synology DX1215II<\/figcaption><\/figure>\n<p>Th\u00eam \u1ed5 l\u01b0u tr\u1eef m\u1edbi v\u00e0o b\u1ed9 nh\u1edb ho\u1eb7c m\u1edf r\u1ed9ng \u1ed5 l\u01b0u tr\u1eef RAID d\u1ec5 d\u00e0ng tr\u00ean Synology DiskStation m\u00e0 kh\u00f4ng c\u1ea7n \u0111\u1ecbnh d\u1ea1ng l\u1ea1i \u1ed5 \u0111\u0129a v\u1edbi t\u00ednh n\u0103ng m\u1edf r\u1ed9ng \u1ed5 l\u01b0u tr\u1eef tr\u1ef1c tuy\u1ebfn th\u00f4ng qua <a href=\"https:\/\/www.vietcorp.com\/store\/synology-diskstation-manager-7-2\/\">DiskStation Manager<\/a> (DSM) nh\u1eb1m gi\u1ea3m thi\u1ec3u t\u00ecnh tr\u1ea1ng gi\u00e1n \u0111o\u1ea1n d\u1ecbch v\u1ee5.<\/p>\n<p><strong>Qu\u1ea3n l\u00fd t\u1eadp trung t\u1ea5t c\u1ea3 c\u00e1c \u1ed5 \u0111\u0129a c\u1ee7a b\u1ea1n<\/strong><\/p>\n<figure id=\"attachment_8686\" aria-describedby=\"caption-attachment-8686\" style=\"width: 720px\" class=\"wp-caption aligncenter\"><img decoding=\"async\" class=\"size-full wp-image-8686\" src=\"https:\/\/www.vietcorp.com\/store\/wp-content\/uploads\/2025\/03\/Synology-DX1215II.jpg\" alt=\"Synology DX1215II\" width=\"720\" height=\"450\" srcset=\"https:\/\/vietcorp.com\/store\/wp-content\/uploads\/2025\/03\/Synology-DX1215II.jpg 720w, https:\/\/vietcorp.com\/store\/wp-content\/uploads\/2025\/03\/Synology-DX1215II-640x400.jpg 640w, https:\/\/vietcorp.com\/store\/wp-content\/uploads\/2025\/03\/Synology-DX1215II-400x250.jpg 400w, https:\/\/vietcorp.com\/store\/wp-content\/uploads\/2025\/03\/Synology-DX1215II-367x229.jpg 367w, https:\/\/vietcorp.com\/store\/wp-content\/uploads\/2025\/03\/Synology-DX1215II-600x375.jpg 600w\" sizes=\"(max-width: 720px) 100vw, 720px\" \/><figcaption id=\"caption-attachment-8686\" class=\"wp-caption-text\">Synology DX1215II<\/figcaption><\/figure>\n<p>Thi\u1ebft k\u1ebf ch\u1ea1y tr\u1ef1c ti\u1ebfp gi\u00fap vi\u1ec7c b\u1ed5 sung DX1215II v\u00e0o DiskStation hi\u1ec7n c\u00f3 tr\u1edf n\u00ean v\u00f4 c\u00f9ng \u0111\u01a1n gi\u1ea3n. Qu\u1ea3n l\u00fd \u1ed5 \u0111\u0129a th\u1ed1ng nh\u1ea5t th\u00f4ng qua DSM gi\u00fap \u0111\u1ea3m b\u1ea3o t\u1eadp trung c\u00e1c nhi\u1ec7m v\u1ee5 theo d\u00f5i t\u00ecnh tr\u1ea1ng \u1ed5 \u0111\u0129a, ph\u00e2n b\u1ed5 b\u1ed9 nh\u1edb v\u00e0 b\u1ea3o tr\u00ec, \u0111\u1ed3ng th\u1eddi qu\u1ea3n tr\u1ecb vi\u00ean c\u00f3 th\u1ec3 truy c\u1eadp d\u1ec5 d\u00e0ng.<\/p>\n<p><strong>B\u1ea3o h\u00e0nh 60 th\u00e1ng<\/strong><\/p>\n<p>Synology \u0111\u1ea3m b\u1ea3o tr\u1ea3i nghi\u1ec7m qu\u1ea3n l\u00fd d\u1eef li\u1ec7u m\u1ea1nh m\u1ebd v\u00e0 \u0111\u00e1ng tin c\u1eady v\u1edbi b\u1ea3o h\u00e0nh c\u00f3 gi\u1edbi h\u1ea1n 5 n\u0103m<\/p>\n<p>Xem th\u00eam NAS Synology:<\/p>\n<ul>\n<li><a href=\"https:\/\/www.vietcorp.com\/vn\/2819\/chung-nhan-vietcorp-doi-tac-cua-synology\/\">Ch\u1ee9ng nh\u1eadn Synology<\/a><\/li>\n<li><a href=\"https:\/\/vietcorp.com\/support\/synology\/\">Support Synology<\/a><\/li>\n<li><a href=\"https:\/\/www.vietcorp.com\/blog\/tag\/showcase-synology\/\">Showcase Synology<\/a><\/li>\n<\/ul>\n<p>&nbsp;<\/p>\n","protected":false},"excerpt":{"rendered":"<p>Applied Models:<b>\u00a0<\/b>FS1018,<b>\u00a0<\/b>DS2419+II, DS2419+, DS3018xs,<b>\u00a0<\/b>DS3617xsII, DS3617xs,<b>\u00a0<\/b>DS3615xs, DS2415+, DS2015xs<\/p>\n<p>\u1ed4 \u0111\u0129a: 12 khay<\/p>\n<p>Dung l\u01b0\u1ee3ng: L\u00ean \u0111\u1ebfn 240 TB (20 TB drive x 12) (Capacity may vary by RAID types)<\/p>\n<p>C\u1ed5ng m\u1edf r\u1ed9ng: 1 c\u1ed5ng m\u1edf r\u1ed9ng<\/p>\n<p>B\u1ea3o h\u00e0nh 60 th\u00e1ng<\/p>\n","protected":false},"featured_media":8687,"template":"","meta":[],"product_brand":[],"product_cat":[363],"product_tag":[47,53,23],"class_list":{"0":"post-8684","1":"product","2":"type-product","3":"status-publish","4":"has-post-thumbnail","6":"product_cat-expansion-units","7":"product_tag-expansion","8":"product_tag-nas","9":"product_tag-synology","11":"first","12":"instock","13":"taxable","14":"shipping-taxable","15":"product-type-simple"},"_links":{"self":[{"href":"https:\/\/vietcorp.com\/store\/wp-json\/wp\/v2\/product\/8684","targetHints":{"allow":["GET"]}}],"collection":[{"href":"https:\/\/vietcorp.com\/store\/wp-json\/wp\/v2\/product"}],"about":[{"href":"https:\/\/vietcorp.com\/store\/wp-json\/wp\/v2\/types\/product"}],"wp:featuredmedia":[{"embeddable":true,"href":"https:\/\/vietcorp.com\/store\/wp-json\/wp\/v2\/media\/8687"}],"wp:attachment":[{"href":"https:\/\/vietcorp.com\/store\/wp-json\/wp\/v2\/media?parent=8684"}],"wp:term":[{"taxonomy":"product_brand","embeddable":true,"href":"https:\/\/vietcorp.com\/store\/wp-json\/wp\/v2\/product_brand?post=8684"},{"taxonomy":"product_cat","embeddable":true,"href":"https:\/\/vietcorp.com\/store\/wp-json\/wp\/v2\/product_cat?post=8684"},{"taxonomy":"product_tag","embeddable":true,"href":"https:\/\/vietcorp.com\/store\/wp-json\/wp\/v2\/product_tag?post=8684"}],"curies":[{"name":"wp","href":"https:\/\/api.w.org\/{rel}","templated":true}]}}