


{"id":8596,"date":"2024-02-17T16:55:28","date_gmt":"2024-02-17T09:55:28","guid":{"rendered":"https:\/\/www.vietcorp.com\/store\/?post_type=product&#038;p=8596"},"modified":"2025-03-10T10:17:26","modified_gmt":"2025-03-10T03:17:26","slug":"synology-rx6025sas","status":"publish","type":"product","link":"https:\/\/vietcorp.com\/store\/8596\/synology-rx6025sas\/","title":{"rendered":"Synology RX6025sas"},"content":{"rendered":"<div class=\"s-bnb-intro__title\">\n<h2 class=\"s-text s-text-h2\"><strong>Expansion RX6025sas: M\u1edf r\u1ed9ng l\u01b0u tr\u1eef kh\u1ed5ng l\u1ed3<\/strong><\/h2>\n<\/div>\n<div class=\"s-bnb-intro__desc\">\n<p class=\"s-text s-text-p\">\u0110\u00e1p \u1ee9ng nhu c\u1ea7u l\u01b0u tr\u1eef ng\u00e0y c\u00e0ng t\u0103ng b\u1eb1ng c\u00e1ch th\u00eam 60 \u1ed5 \u0111\u0129a b\u1ed5 sung v\u00e0o <a href=\"https:\/\/www.vietcorp.com\/store\/2215\/thiet-bi-luu-tru-nas-synology-hd6500\">Synology HD6500<\/a> c\u1ee7a b\u1ea1n trong v\u00e0i ph\u00fat. H\u1ed7 tr\u1ee3 l\u00ean \u0111\u1ebfn b\u1ed1n \u0111\u01a1n v\u1ecb m\u1edf r\u1ed9ng cho ph\u00e9p t\u0103ng tr\u01b0\u1edfng l\u01b0u tr\u1eef li\u1ec1n m\u1ea1ch m\u00e0 kh\u00f4ng b\u1ecb gi\u00e1n \u0111o\u1ea1n t\u1ed1n k\u00e9m. H\u1ed7 tr\u1ee3 cho SAS multipathing cung c\u1ea5p hi\u1ec7u su\u1ea5t g\u1ea5p \u0111\u00f4i khi tri\u1ec3n khai nhi\u1ec1u \u0111\u01a1n v\u1ecb m\u1edf r\u1ed9ng, trong khi m\u1edf r\u1ed9ng l\u01b0u tr\u1eef tr\u1ef1c tuy\u1ebfn v\u00e0 c\u00e1c c\u00f4ng c\u1ee5 qu\u1ea3n l\u00fd to\u00e0n di\u1ec7n trong Synology DiskStation Manager (DSM) gi\u00fap \u0111\u01a1n gi\u1ea3n h\u00f3a vi\u1ec7c thi\u1ebft l\u1eadp v\u00e0 qu\u1ea3n l\u00fd li\u00ean t\u1ee5c.<\/p>\n<\/div>\n<figure id=\"attachment_8697\" aria-describedby=\"caption-attachment-8697\" style=\"width: 600px\" class=\"wp-caption aligncenter\"><img decoding=\"async\" class=\"wp-image-8697\" src=\"https:\/\/www.vietcorp.com\/store\/wp-content\/uploads\/2024\/02\/synology-hd6500-1.png\" alt=\"Synology RX6025sas\" width=\"600\" height=\"413\" srcset=\"https:\/\/vietcorp.com\/store\/wp-content\/uploads\/2024\/02\/synology-hd6500-1-400x275.png 400w, https:\/\/vietcorp.com\/store\/wp-content\/uploads\/2024\/02\/synology-hd6500-1-367x252.png 367w, https:\/\/vietcorp.com\/store\/wp-content\/uploads\/2024\/02\/synology-hd6500-1-600x413.png 600w\" sizes=\"(max-width: 600px) 100vw, 600px\" \/><figcaption id=\"caption-attachment-8697\" class=\"wp-caption-text\">Synology RX6025sas<\/figcaption><\/figure>\n<div class=\"s-bnb-intro\">\n<div class=\"s-bnb-intro__title\">\n<h2 class=\"s-text s-text-h2\"><strong>Thi\u1ebft k\u1ebf cho th\u1eddi gian ho\u1ea1t \u0111\u1ed9ng c\u1ee7a d\u1ecbch v\u1ee5<\/strong><\/h2>\n<\/div>\n<div class=\"s-bnb-intro__desc\">\n<p class=\"s-text s-text-p\">Gi\u1ea3i quy\u1ebft c\u00e1c \u1ee9ng d\u1ee5ng quy m\u00f4 l\u1edbn trong khi duy tr\u00ec m\u1ee9c \u0111\u1ed9 s\u1eb5n s\u00e0ng d\u1ecbch v\u1ee5 cao nh\u1ea5t nh\u1edd v\u00e0o c\u00e1c gi\u1ea3i ph\u00e1p ph\u1ea7n c\u1ee9ng th\u00f4ng minh.<\/p>\n<\/div>\n<\/div>\n<div class=\"s-tsa-tabs\" role=\"tablist\">\n<div class=\"s-tsa-tab-wrapper\">\n<div class=\"s-tsa-tab s-tsa-tab--borderless s-tsa-tab--active\">\n<h3 class=\"s-text s-text-h4\">SAS multipathing<\/h3>\n<div id=\"detail-RX6025sas-uptime-tabpanel-1\" class=\"desc-wrapper\" role=\"tabpanel\" aria-labelledby=\"detail-RX6025sas-uptime-tab-1\">\n<div class=\"desc\">\n<div class=\"s-text s-text-p\">SAS multipathing t\u1ed1i \u0111a h\u00f3a kh\u1ea3 n\u0103ng ch\u1ed1ng l\u1ea1i s\u1ef1 c\u1ed1 ph\u1ea7n c\u1ee9ng b\u1eb1ng c\u00e1ch cung c\u1ea5p c\u00e1c \u0111\u01b0\u1eddng d\u1eabn v\u1eadt l\u00fd thay th\u1ebf, cho ph\u00e9p h\u1ec7 th\u1ed1ng \u0111\u1ecbnh tuy\u1ebfn l\u1ea1i d\u1eef li\u1ec7u khi giao di\u1ec7n ho\u1eb7c k\u1ebft n\u1ed1i ch\u00ednh b\u1ecb l\u1ed7i.<\/div>\n<\/div>\n<\/div>\n<\/div>\n<\/div>\n<div class=\"s-tsa-tab-wrapper\">\n<div class=\"s-tsa-tab s-tsa-tab--borderless\">\n<h3 class=\"s-text s-text-h4\">C\u00e1c th\u00e0nh ph\u1ea7n d\u1ef1 ph\u00f2ng<\/h3>\n<div id=\"detail-RX6025sas-uptime-tabpanel-2\" class=\"desc-wrapper\" role=\"tabpanel\" aria-labelledby=\"detail-RX6025sas-uptime-tab-2\">\n<div class=\"desc\">\n<div class=\"s-text s-text-p\">Khay \u1ed5 \u0111\u0129a m\u00f4-\u0111un v\u00e0 qu\u1ea1t h\u1ec7 th\u1ed1ng gi\u1ea3m thi\u1ec3u t\u00e1c \u0111\u1ed9ng c\u1ee7a b\u1ea3o tr\u00ec \u0111\u1ebfn t\u00ednh kh\u1ea3 d\u1ee5ng c\u1ee7a d\u1ecbch v\u1ee5, cho ph\u00e9p thay th\u1ebf d\u1ec5 d\u00e0ng v\u00e0 nhanh ch\u00f3ng. C\u00e1c \u0111\u01a1n v\u1ecb cung c\u1ea5p \u0111i\u1ec7n d\u1ef1 ph\u00f2ng cung c\u1ea5p kh\u1ea3 n\u0103ng truy c\u1eadp d\u1eef li\u1ec7u li\u00ean t\u1ee5c ngay c\u1ea3 khi ngu\u1ed3n \u0111i\u1ec7n b\u1ecb l\u1ed7i.<\/div>\n<\/div>\n<\/div>\n<\/div>\n<\/div>\n<\/div>\n<p><img decoding=\"async\" class=\"alignnone wp-image-8698 aligncenter\" src=\"https:\/\/www.vietcorp.com\/store\/wp-content\/uploads\/2024\/02\/synology-rx6025sas-2.png\" alt=\"Synology RX6025sas\" width=\"600\" height=\"390\" srcset=\"https:\/\/vietcorp.com\/store\/wp-content\/uploads\/2024\/02\/synology-rx6025sas-2-400x260.png 400w, https:\/\/vietcorp.com\/store\/wp-content\/uploads\/2024\/02\/synology-rx6025sas-2-367x238.png 367w, https:\/\/vietcorp.com\/store\/wp-content\/uploads\/2024\/02\/synology-rx6025sas-2-600x390.png 600w\" sizes=\"(max-width: 600px) 100vw, 600px\" \/><\/p>\n<div class=\"s-bnb-intro__title\">\n<h2 class=\"s-text s-text-h2\">Tri\u1ec3n khai plug-and-play<\/h2>\n<\/div>\n<div class=\"s-bnb-intro__desc\">\n<p class=\"s-text s-text-p\">Gi\u1ea3m thi\u1ec3u th\u1eddi gian ng\u1eebng ho\u1ea1t \u0111\u1ed9ng khi m\u1edf r\u1ed9ng c\u01a1 s\u1edf h\u1ea1 t\u1ea7ng l\u01b0u tr\u1eef c\u1ee7a b\u1ea1n v\u1edbi m\u1edf r\u1ed9ng l\u01b0u tr\u1eef tr\u1ef1c tuy\u1ebfn, cho ph\u00e9p b\u1ea1n th\u00eam volumes m\u1edbi ho\u1eb7c m\u1edf r\u1ed9ng volumes RAID tr\u00ean RX6025sas m\u00e0 kh\u00f4ng \u1ea3nh h\u01b0\u1edfng \u0111\u1ebfn d\u1ecbch v\u1ee5 tr\u00ean HD6500.<\/p>\n<\/div>\n<figure id=\"attachment_8699\" aria-describedby=\"caption-attachment-8699\" style=\"width: 600px\" class=\"wp-caption aligncenter\"><img decoding=\"async\" class=\"wp-image-8699\" src=\"https:\/\/www.vietcorp.com\/store\/wp-content\/uploads\/2024\/02\/synology-rx6025sas-3.png\" alt=\"Synology RX6025sas\" width=\"600\" height=\"508\" srcset=\"https:\/\/vietcorp.com\/store\/wp-content\/uploads\/2024\/02\/synology-rx6025sas-3-400x339.png 400w, https:\/\/vietcorp.com\/store\/wp-content\/uploads\/2024\/02\/synology-rx6025sas-3-367x311.png 367w, https:\/\/vietcorp.com\/store\/wp-content\/uploads\/2024\/02\/synology-rx6025sas-3-600x508.png 600w\" sizes=\"(max-width: 600px) 100vw, 600px\" \/><figcaption id=\"caption-attachment-8699\" class=\"wp-caption-text\">Synology RX6025sas<\/figcaption><\/figure>\n<h2>\u0110\u1ea1t hi\u1ec7u su\u1ea5t t\u1ed1i \u0111a v\u1edbi \u1ed5 \u0111\u0129a Synology<\/h2>\n<p class=\"\">Firmware \u0111\u01b0\u1ee3c \u0111i\u1ec1u ch\u1ec9nh tinh t\u1ebf c\u1ee7a \u1ed5 \u0111\u0129a Synology \u0111\u1ea3m b\u1ea3o t\u00edch h\u1ee3p t\u1ed1i \u0111a v\u1edbi ph\u1ea7n c\u1ee9ng v\u00e0 ph\u1ea7n m\u1ec1m Synology. \u0110\u01b0\u1ee3c h\u1ed7 tr\u1ee3 b\u1edfi m\u1ed9t quy tr\u00ecnh ki\u1ec3m tra m\u00f4 ph\u1ecfng vi\u1ec7c s\u1eed d\u1ee5ng trung t\u00e2m d\u1eef li\u1ec7u n\u1eb7ng, ch\u00fang cung c\u1ea5p hi\u1ec7u su\u1ea5t v\u00e0 \u0111\u1ed9 tin c\u1eady t\u1ed1i \u01b0u ngay c\u1ea3 khi x\u1eed l\u00fd c\u00e1c \u1ee9ng d\u1ee5ng \u0111\u00f2i h\u1ecfi kh\u1eaft khe nh\u1ea5t.<\/p>\n<div class=\"s-section-intro__title\">\n<h2 class=\"s-text s-text-h2\">Synology lu\u00f4n s\u1eb5n s\u00e0ng h\u1ed7 tr\u1ee3 b\u1ea1n<\/h2>\n<\/div>\n<div class=\"s-section-intro__desc\">\n<p class=\"s-text s-text-p\">RX6025sas \u0111\u01b0\u1ee3c b\u1ea3o h\u00e0nh gi\u1edbi h\u1ea1n 5 n\u0103m c\u1ee7a Synology, bao g\u1ed3m h\u1ed7 tr\u1ee3 k\u1ef9 thu\u1eadt v\u00e0 d\u1ecbch v\u1ee5 thay th\u1ebf ph\u1ea7n c\u1ee9ng \u0111\u1ec3 t\u1ed1i \u0111a h\u00f3a l\u1ee3i t\u1ee9c \u0111\u1ea7u t\u01b0 c\u1ee7a b\u1ea1n v\u00e0 \u0111\u1ea3m b\u1ea3o hi\u1ec7u su\u1ea5t ch\u1ea5t l\u01b0\u1ee3ng cao li\u00ean t\u1ee5c.<\/p>\n<\/div>\n<p>Xem th\u00eam NAS Synology:<\/p>\n<ul>\n<li><a href=\"https:\/\/www.vietcorp.com\/vn\/2819\/chung-nhan-vietcorp-doi-tac-cua-synology\/\">Ch\u1ee9ng nh\u1eadn Synology<\/a><\/li>\n<li><a href=\"https:\/\/vietcorp.com\/support\/synology\/\">Support Synology<\/a><\/li>\n<li><a href=\"https:\/\/www.vietcorp.com\/blog\/tag\/showcase-synology\/\">Showcase Synology<\/a><\/li>\n<\/ul>\n","protected":false},"excerpt":{"rendered":"<p>Expansion Synology RX6025sas<br \/>\nApplied Models: Supports HD6500<br \/>\nB\u1ea3o h\u00e0nh 5 n\u0103m<\/p>\n","protected":false},"featured_media":8701,"template":"","meta":[],"product_brand":[],"product_cat":[363],"product_tag":[47,53,23],"class_list":{"0":"post-8596","1":"product","2":"type-product","3":"status-publish","4":"has-post-thumbnail","6":"product_cat-expansion-units","7":"product_tag-expansion","8":"product_tag-nas","9":"product_tag-synology","11":"first","12":"onbackorder","13":"taxable","14":"shipping-taxable","15":"product-type-simple"},"_links":{"self":[{"href":"https:\/\/vietcorp.com\/store\/wp-json\/wp\/v2\/product\/8596","targetHints":{"allow":["GET"]}}],"collection":[{"href":"https:\/\/vietcorp.com\/store\/wp-json\/wp\/v2\/product"}],"about":[{"href":"https:\/\/vietcorp.com\/store\/wp-json\/wp\/v2\/types\/product"}],"wp:featuredmedia":[{"embeddable":true,"href":"https:\/\/vietcorp.com\/store\/wp-json\/wp\/v2\/media\/8701"}],"wp:attachment":[{"href":"https:\/\/vietcorp.com\/store\/wp-json\/wp\/v2\/media?parent=8596"}],"wp:term":[{"taxonomy":"product_brand","embeddable":true,"href":"https:\/\/vietcorp.com\/store\/wp-json\/wp\/v2\/product_brand?post=8596"},{"taxonomy":"product_cat","embeddable":true,"href":"https:\/\/vietcorp.com\/store\/wp-json\/wp\/v2\/product_cat?post=8596"},{"taxonomy":"product_tag","embeddable":true,"href":"https:\/\/vietcorp.com\/store\/wp-json\/wp\/v2\/product_tag?post=8596"}],"curies":[{"name":"wp","href":"https:\/\/api.w.org\/{rel}","templated":true}]}}