


{"id":8570,"date":"2024-02-17T13:48:25","date_gmt":"2024-02-17T06:48:25","guid":{"rendered":"https:\/\/www.vietcorp.com\/store\/?post_type=product&#038;p=8570"},"modified":"2025-12-11T14:04:25","modified_gmt":"2025-12-11T07:04:25","slug":"synology-ds1525","status":"publish","type":"product","link":"https:\/\/vietcorp.com\/store\/8570\/synology-ds1525\/","title":{"rendered":"Synology DS1525+"},"content":{"rendered":"<p>V\u1edbi s\u1ef1 ph\u00e1t tri\u1ec3n kh\u00f4ng ng\u1eebng c\u1ee7a d\u00f2ng NAS Synology, n\u0103m 2025 c\u00f3 th\u1ec3 d\u00f2ng s\u1ea3n ph\u1ea9m Synology DS1522+ s\u1ebd EOL v\u00e0 s\u1ebd ch\u1ee9ng ki\u1ebfn s\u1ef1 ra m\u1eaft c\u1ee7a <a href=\"https:\/\/www.vietcorp.com\/store\/8570\/synology-ds1525\/\"><strong>Thi\u1ebft b\u1ecb l\u01b0u tr\u1eef NAS Synology DS1525+<\/strong><\/a> <strong>\u00a0<\/strong>, phi\u00ean b\u1ea3n thay th\u1ebf cho model <a href=\"https:\/\/www.vietcorp.com\/store\/1945\/thiet-bi-luu-tru-nas-synology-ds1522\/\">DS1522+<\/a>. \u0110\u00e2y s\u1ebd l\u00e0 gi\u1ea3i ph\u00e1p qu\u1ea3n l\u00fd d\u1eef li\u1ec7u linh ho\u1ea1t cho gia \u0111\u00ecnh v\u00e0 doanh nghi\u1ec7p nh\u1ecf.<\/p>\n<p><em>L\u01b0u \u00fd: Hi\u1ec7n t\u1ea1i v\u1eabn ch\u01b0a c\u00f3 th\u00f4ng b\u00e1o ch\u00ednh th\u1ee9c t\u1eeb Synology v\u1ec1 s\u1ea3n ph\u1ea9m n\u00e0y, do \u0111\u00f3, ng\u01b0\u1eddi d\u00f9ng n\u00ean theo d\u00f5i th\u00f4ng tin t\u1eeb h\u00e3ng \u0111\u1ec3 c\u00f3 c\u1eadp nh\u1eadt ch\u00ednh x\u00e1c nh\u1ea5t.<\/em><\/p>\n<p>T\u00ecm hi\u1ec3u th\u00eam v\u1ec1 Vietcorp Synology Gold Partner 2023, 2024:<\/p>\n<ul>\n<li><a href=\"https:\/\/www.vietcorp.com\/vn\/chung-nhan\/\">Ch\u1ee9ng nh\u1eadn Synology<\/a><\/li>\n<li><a href=\"https:\/\/vietcorp.com\/support\/synology\/\">Support Synology<\/a><\/li>\n<li><a href=\"https:\/\/www.vietcorp.com\/blog\/tag\/showcase-synology\/\">Showcase Synology<\/a><\/li>\n<\/ul>\n","protected":false},"excerpt":{"rendered":"<p>Thi\u1ebft b\u1ecb l\u01b0u tr\u1eef NAS Synology DS1525+ (D\u1ef1 \u0111o\u00e1n)<\/p>\n","protected":false},"featured_media":8585,"template":"","meta":[],"product_brand":[],"product_cat":[15,419],"product_tag":[53,51,23,20],"class_list":{"0":"post-8570","1":"product","2":"type-product","3":"status-publish","4":"has-post-thumbnail","6":"product_cat-nas","7":"product_cat-ds-series","8":"product_tag-nas","9":"product_tag-nas-5-bay","10":"product_tag-synology","11":"product_tag-synology-diskstation","12":"pa_thuong-hieu-synology","14":"first","15":"onbackorder","16":"taxable","17":"shipping-taxable","18":"product-type-simple"},"_links":{"self":[{"href":"https:\/\/vietcorp.com\/store\/wp-json\/wp\/v2\/product\/8570","targetHints":{"allow":["GET"]}}],"collection":[{"href":"https:\/\/vietcorp.com\/store\/wp-json\/wp\/v2\/product"}],"about":[{"href":"https:\/\/vietcorp.com\/store\/wp-json\/wp\/v2\/types\/product"}],"wp:featuredmedia":[{"embeddable":true,"href":"https:\/\/vietcorp.com\/store\/wp-json\/wp\/v2\/media\/8585"}],"wp:attachment":[{"href":"https:\/\/vietcorp.com\/store\/wp-json\/wp\/v2\/media?parent=8570"}],"wp:term":[{"taxonomy":"product_brand","embeddable":true,"href":"https:\/\/vietcorp.com\/store\/wp-json\/wp\/v2\/product_brand?post=8570"},{"taxonomy":"product_cat","embeddable":true,"href":"https:\/\/vietcorp.com\/store\/wp-json\/wp\/v2\/product_cat?post=8570"},{"taxonomy":"product_tag","embeddable":true,"href":"https:\/\/vietcorp.com\/store\/wp-json\/wp\/v2\/product_tag?post=8570"}],"curies":[{"name":"wp","href":"https:\/\/api.w.org\/{rel}","templated":true}]}}