


{"id":8566,"date":"2025-02-17T11:19:26","date_gmt":"2025-02-17T04:19:26","guid":{"rendered":"https:\/\/www.vietcorp.com\/store\/?post_type=product&#038;p=8566"},"modified":"2025-12-11T14:04:59","modified_gmt":"2025-12-11T07:04:59","slug":"synology-ds925","status":"publish","type":"product","link":"https:\/\/vietcorp.com\/store\/8566\/synology-ds925\/","title":{"rendered":"Synology DS925+"},"content":{"rendered":"<section class=\"wpb-content-wrapper\"><p>[vc_row][vc_column][vc_column_text]<\/p>\n<p data-pm-slice=\"1 1 []\">V\u1edbi s\u1ef1 ph\u00e1t tri\u1ec3n kh\u00f4ng ng\u1eebng c\u1ee7a d\u00f2ng NAS Synology, n\u0103m 2025 c\u00f3 th\u1ec3 d\u00f2ng s\u1ea3n ph\u1ea9m Synology DS923+ s\u1ebd EOL v\u00e0 s\u1ebd ch\u1ee9ng ki\u1ebfn s\u1ef1 ra m\u1eaft c\u1ee7a <strong><a href=\"https:\/\/www.vietcorp.com\/store\/8566\/synology-ds925\/\">Thi\u1ebft b\u1ecb l\u01b0u tr\u1eef NAS Synology DS925+<\/a> <\/strong>, phi\u00ean b\u1ea3n thay th\u1ebf cho model <a href=\"https:\/\/www.vietcorp.com\/store\/2878\/thiet-bi-luu-tru-nas-synology-ds923\/\">DS923+<\/a>. V\u1edbi nh\u1eefng c\u1ea3i ti\u1ebfn \u0111\u00e1ng k\u1ec3 v\u1ec1 hi\u1ec7u su\u1ea5t v\u00e0 kh\u1ea3 n\u0103ng m\u1edf r\u1ed9ng, \u0111\u00e2y s\u1ebd l\u00e0 l\u1ef1a ch\u1ecdn \u0111\u00e1ng c\u00e2n nh\u1eafc cho doanh nghi\u1ec7p v\u00e0 ng\u01b0\u1eddi d\u00f9ng c\u00e1 nh\u00e2n c\u1ea7n m\u1ed9t h\u1ec7 th\u1ed1ng l\u01b0u tr\u1eef m\u1ea1nh m\u1ebd.<\/p>\n<div class=\"s-container s-container--default-px s-container--narrow\">\n<div class=\"s-section-intro\">\n<div class=\"s-section-intro__title\"><\/div>\n<\/div>\n<\/div>\n<div class=\"s-container s-container--default-px s-container--containerless\">\n<div class=\"s-feat-col-wrapper\">\n<div class=\"s-feat-col s-feat-col--use-icon s-feat-col--use-title s-feat-col--use-desc s-feat-col--3\">\n<div class=\"list\">\n<div class=\"item\">\n<div class=\"s-feat-col-card\">\n<div class=\"s-feat-col-card__body\">\n<div>\n<div id=\"detail-DS925plus-warranty\" class=\"s-bnb detail-DS925plus-warranty dsn3-warranty-sec-ew\">\n<div class=\"s-bnb-major no-min-h\">\n<div class=\"s-bnb-major__content\">\n<div class=\"s-bnb-intro\">\n<div class=\"s-bnb-intro__desc\">\n<p class=\"s-text s-text-p\"><a href=\"https:\/\/www.vietcorp.com\/store\/8566\/synology-ds925\/\">DS925+<\/a> \u0111\u01b0\u1ee3c Synology b\u1ea3o h\u00e0nh ph\u1ea7n c\u1ee9ng 3 n\u0103m. B\u1ea3o h\u00e0nh m\u1edf r\u1ed9ng 2 n\u0103m t\u00f9y ch\u1ecdn c\u00f3 s\u1eb5n \u1edf m\u1ed9t s\u1ed1 khu v\u1ef1c, k\u00e9o d\u00e0i th\u1eddi gian b\u1ea3o h\u00e0nh l\u00ean 5 n\u0103m.<\/p>\n<\/div>\n<\/div>\n<\/div>\n<\/div>\n<\/div>\n<\/div>\n<\/div>\n<\/div>\n<\/div>\n<\/div>\n<\/div>\n<\/div>\n<\/div>\n<p>T\u00ecm hi\u1ec3u th\u00eam v\u1ec1 Vietcorp Synology Gold Partner 2023, 2024:<\/p>\n<ul>\n<li><a href=\"https:\/\/www.vietcorp.com\/vn\/chung-nhan\/\">Ch\u1ee9ng nh\u1eadn Synology<\/a><\/li>\n<li><a href=\"https:\/\/vietcorp.com\/support\/synology\/\">Support Synology<\/a><\/li>\n<li><a href=\"https:\/\/www.vietcorp.com\/blog\/tag\/showcase-synology\/\">Showcase Synology<\/a><\/li>\n<\/ul>\n<p>[\/vc_column_text][\/vc_column][\/vc_row][vc_row][vc_column width=&#8221;1\/3&#8243;][vc_column_text]<\/p>\n<div class=\"s-feat-col-card__title\">\n<h3 class=\"s-text s-text-h4\" style=\"text-align: center;\"><strong><img decoding=\"async\" class=\"aligncenter size-full wp-image-9029\" src=\"https:\/\/www.vietcorp.com\/store\/wp-content\/uploads\/2025\/02\/icon_flexibility.png\" alt=\"\" width=\"64\" height=\"64\" \/>NAS 4 khay, c\u00f3 th\u1ec3 m\u1edf r\u1ed9ng<\/strong><\/h3>\n<\/div>\n<div class=\"s-feat-col-card__desc\">\n<div class=\"s-text s-text-p\" style=\"text-align: center;\">Dung l\u01b0\u1ee3ng l\u01b0u tr\u1eef th\u00f4 l\u00ean \u0111\u1ebfn 180 TB v\u1edbi thi\u00ea\u0301t bi\u0323 m\u1edf r\u1ed9ng<\/div>\n<\/div>\n<p>[\/vc_column_text][\/vc_column][vc_column width=&#8221;1\/3&#8243;][vc_column_text]<\/p>\n<div class=\"s-feat-col-card__title\">\n<div class=\"s-text s-text-h4\"><img decoding=\"async\" class=\"aligncenter size-full wp-image-9030\" src=\"https:\/\/www.vietcorp.com\/store\/wp-content\/uploads\/2025\/02\/icon_performance.png\" alt=\"\" width=\"64\" height=\"64\" \/><\/div>\n<div>\n<div class=\"s-feat-col-card__title\">\n<h3 class=\"s-text s-text-h4\" style=\"text-align: center;\"><strong>L\u01b0u tr\u1eef t\u1ed1c \u0111\u1ed9 cao<\/strong><\/h3>\n<\/div>\n<div class=\"s-feat-col-card__desc\">\n<div class=\"s-text s-text-p\" style=\"text-align: center;\">Hai c\u1ed5ng 2.5GbE t\u00edch h\u1ee3p va\u0300 \u0111\u1ecdc\/ghi tu\u1ea7n t\u1ef1 l\u00ean \u0111\u1ebfn 522\/565 MB\/s<\/div>\n<\/div>\n<\/div>\n<\/div>\n<p>[\/vc_column_text][\/vc_column][vc_column width=&#8221;1\/3&#8243;][vc_column_text]<img decoding=\"async\" class=\"aligncenter size-full wp-image-9031\" src=\"https:\/\/www.vietcorp.com\/store\/wp-content\/uploads\/2025\/02\/icon_setting.png\" alt=\"\" width=\"64\" height=\"64\" \/><\/p>\n<div class=\"s-feat-col-card__title\">\n<h3 class=\"s-text s-text-h4\" style=\"text-align: center;\"><strong>\u1ee8ng d\u1ee5ng \u0111a n\u0103ng<\/strong><\/h3>\n<\/div>\n<div class=\"s-feat-col-card__desc\">\n<div class=\"s-text s-text-p\" style=\"text-align: center;\">Sao l\u01b0u nhi\u1ec1u endpoint, qu\u1ea3n l\u00fd 40 camera IP, \u0111\u1ed3ng b\u1ed9 v\u00e0 chia s\u1ebb t\u1ec7p an to\u00e0n gi\u1eefa c\u00e1c \u0111i\u0323a \u0111i\u00ea\u0309m<\/div>\n<\/div>\n<p>[\/vc_column_text][\/vc_column][\/vc_row][vc_row][vc_column width=&#8221;1\/2&#8243;][vc_row_inner][vc_column_inner][vc_column_text]<\/p>\n<div class=\"s-bnb-intro__title\">\n<h2 class=\"s-text s-text-h2\">K\u1ebft n\u1ed1i 2.5GbE v\u00e0 c\u00e1c t\u00f9y ch\u1ecdn l\u01b0u tr\u1eef linh ho\u1ea1t<\/h2>\n<\/div>\n<div class=\"s-bnb-intro__desc\">\n<p class=\"s-text s-text-p\">DS925+ \u0111\u01b0\u1ee3c trang b\u1ecb k\u1ebft n\u1ed1i m\u1ea1ng 2.5GbE v\u00e0 h\u1ed7 tr\u1ee3 c\u1ea3 \u1ed5 c\u1ee9ng SATA l\u1eabn HDD trong c\u00e1c khay 2.5&#8243;\/3.5&#8243;. Ngo\u00e0i ra, c\u00f3 th\u1ec3 s\u1eed d\u1ee5ng\u00a0\u1ed5 \u0111\u0129a M.2 NVMe\u00a0qua khe c\u1eafm M.2 \u0111\u1ec3 l\u00e0m b\u1ed9 nh\u1edb \u0111\u1ec7m ho\u1eb7c storage pool.<\/p>\n<\/div>\n<p>[\/vc_column_text][\/vc_column_inner][vc_column_inner][vc_column_text]L\u00ean \u0111\u1ebfn 522\/565 MB\/s\u0111\u1ecdc\/ghi<\/p>\n<p aria-hidden=\"true\">T\u00edch h\u1ee3p k\u00e9p 2.5GbEm\u1ea1ng<\/p>\n<p aria-hidden=\"true\">2 x M.2NVMe b\u1ed9 nh\u1edb \u0111\u1ec7m &amp; storage pool<\/p>\n<p>[\/vc_column_text][\/vc_column_inner][\/vc_row_inner][\/vc_column][vc_column width=&#8221;1\/2&#8243;][vc_row_inner][vc_column_inner][vc_media_grid element_width=&#8221;6&#8243; grid_id=&#8221;vc_gid:1747132790649-4dd8e3f0-33d9-10&#8243; include=&#8221;9033,9032&#8243;][\/vc_column_inner][\/vc_row_inner][\/vc_column][\/vc_row][vc_row][vc_column width=&#8221;1\/2&#8243;][vc_single_image image=&#8221;9034&#8243; img_size=&#8221;&#8221; img_width=&#8221;{&#8220;xl&#8220;:&#8220;660&#8220;,&#8220;unit&#8220;:&#8220;&#8220;,&#8220;xs&#8220;:&#8220;&#8220;,&#8220;sm&#8220;:&#8220;&#8220;,&#8220;md&#8220;:&#8220;&#8220;,&#8220;lg&#8220;:&#8220;&#8220;}&#8221; img_height=&#8221;{&#8220;xl&#8220;:&#8220;410&#8220;,&#8220;unit&#8220;:&#8220;&#8220;,&#8220;xs&#8220;:&#8220;&#8220;,&#8220;sm&#8220;:&#8220;&#8220;,&#8220;md&#8220;:&#8220;&#8220;,&#8220;lg&#8220;:&#8220;&#8220;}&#8221;][\/vc_column][vc_column width=&#8221;1\/2&#8243;][vc_column_text]<\/p>\n<div class=\"s-bnb-intro\">\n<div class=\"s-bnb-intro__title\">\n<h2 class=\"s-text s-text-h2\">M\u1edf r\u1ed9ng dung l\u01b0\u1ee3ng linh ho\u1ea1t<\/h2>\n<\/div>\n<div class=\"s-bnb-intro__desc\">\n<p class=\"s-text s-text-p\">Qu\u1ea3n l\u00fd d\u1eef li\u1ec7u hi\u1ec7u qu\u1ea3 v\u1edbi dung l\u01b0\u1ee3ng th\u00f4 l\u00ean \u0111\u1ebfn 80 TB tr\u00ean 4 khay. Khi c\u1ea7n th\u00eam kh\u00f4ng gian, m\u1edf r\u1ed9ng v\u1edbi\u00a0DX525\u00a0\u0111\u1ec3 \u0111\u1ea1t t\u1ed5ng dung l\u01b0\u1ee3ng l\u01b0u tr\u1eef l\u00ean \u0111\u1ebfn 180 TB.<\/p>\n<\/div>\n<\/div>\n<p><span id=\"wcag-detail-DS925plus-capacity-feat-desc\" class=\"s-vh\">Khi s\u1eed d\u1ee5ng \u1ed5 20 TB, DS925+ c\u00f3 th\u1ec3 \u0111\u1ea1t t\u1ed5ng dung l\u01b0\u1ee3ng th\u00f4 180 TB sau khi m\u1edf r\u1ed9ng.<\/span><\/p>\n<div class=\"s-bnb-major__feat-wrapper\" aria-describedby=\"wcag-detail-DS925plus-capacity-feat-desc\">\n<p class=\"s-bnb-major__feat\" aria-hidden=\"true\">4 khay (80 TB)\u00a0 <img decoding=\"async\" class=\"feat-icon\" src=\"https:\/\/www.synology.com\/img\/products\/modules\/perf_arrow.png\" srcset=\"img\/products\/modules\/perf_arrow@2x.png 2x\" alt=\"arrow\" width=\"22\" height=\"11\" \/>9 khay (180 TB)<\/p>\n<\/div>\n<p>[\/vc_column_text][\/vc_column][\/vc_row][vc_row][vc_column][vc_row_inner][vc_column_inner][vc_column_text]<\/p>\n<div class=\"s-section-intro__title\">\n<h2 class=\"s-text s-text-h2\" style=\"text-align: center;\">L\u01b0u tr\u1eef, chia s\u1ebb v\u00e0 b\u1ea3o v\u1ec7<\/h2>\n<\/div>\n<div class=\"s-section-intro__desc\">\n<p class=\"s-text s-text-p\" style=\"text-align: center;\">Qu\u1ea3n l\u00fd to\u00e0n b\u1ed9 t\u00e0i li\u1ec7u, \u1ea3nh v\u00e0 t\u1ec7p, sao l\u01b0u \u1ee9ng d\u1ee5ng v\u00e0 thi\u1ebft b\u1ecb, \u0111\u1ed3ng th\u1eddi b\u1ea3o v\u1ec7 t\u00e0i s\u1ea3n v\u1edbi gi\u00e1m s\u00e1t camera chuy\u00ean nghi\u1ec7p.<\/p>\n<\/div>\n<p>[\/vc_column_text][\/vc_column_inner][\/vc_row_inner][vc_row_inner][vc_column_inner width=&#8221;1\/2&#8243;][vc_column_text]\u0110a\u0301m m\u00e2y ca\u0301 nh\u00e2n \u0111\u00ea\u0309 truy c\u1eadp d\u1eef li\u1ec7u[\/vc_column_text]<style>.togglese601319f7bb1a171f752c539e27c5a82 .toggle label { border-left-color: var(--porto-primary-color); border-right-color: var(--porto-primary-color); color: var(--porto-primary-color) }.togglese601319f7bb1a171f752c539e27c5a82 .toggle.active > label { background-color: var(--porto-primary-color); border-color: var(--porto-primary-color); color: #ffffff }.togglese601319f7bb1a171f752c539e27c5a82 .toggle > label:after { background-color: var(--porto-primary-color) }<\/style><div class=\"porto-toggles wpb_content_element  togglese601319f7bb1a171f752c539e27c5a82\">[vc_toggle title=&#8221;Qu\u1ea3n l\u00fd file v\u00e0 c\u1ed9ng t\u00e1c hi\u1ec7u qu\u1ea3&#8221;]L\u01b0u tr\u1eef, \u0111\u1ed3ng b\u1ed9 h\u00f3a, truy c\u1eadp v\u00e0 chia s\u1ebb d\u1eef li\u1ec7u t\u1eeb b\u1ea5t k\u1ef3 thi\u1ebft b\u1ecb n\u00e0o, b\u1ea5t k\u1ec3 b\u1ea1n \u1edf \u0111\u00e2u. L\u00e0m vi\u1ec7c li\u1ec1n m\u1ea1ch gi\u1eefa c\u00e1c n\u1ec1n t\u1ea3ng v\u00e0 thi\u1ebft b\u1ecb kh\u00e1c nhau, truy c\u1eadp t\u1ec7p c\u1ee7a b\u1ea1n th\u00f4ng qua \u1ee9ng d\u1ee5ng di \u0111\u1ed9ng, \u1ee9ng d\u1ee5ng m\u00e1y t\u00ednh \u0111\u1ec3 b\u00e0n v\u00e0 giao di\u1ec7n web. Nhanh ch\u00f3ng v\u00e0 d\u1ec5 d\u00e0ng kh\u00f4i ph\u1ee5c t\u1ec7p trong tr\u01b0\u1eddng h\u1ee3p x\u00f3a nh\u1ea7m, sai s\u00f3t, ph\u1ea7n m\u1ec1m \u0111\u1ed9c h\u1ea1i, v.v., v\u1edbi t\u00ednh n\u0103ng phi\u00ean b\u1ea3n.[\/vc_toggle][vc_toggle title=&#8221;Gi\u1ea3i ph\u00e1p l\u01b0u tr\u1eef v\u00e0 qu\u1ea3n l\u00fd \u1ea3nh ri\u00eang t\u01b0&#8221;]Sao l\u01b0u v\u00e0 t\u1ed5 ch\u1ee9c \u1ea3nh, video v\u00e0 c\u00e1c t\u00e0i s\u1ea3n h\u00ecnh \u1ea3nh kh\u00e1c m\u1ed9t c\u00e1ch d\u1ec5 d\u00e0ng b\u1eb1ng c\u00e1ch s\u1eed d\u1ee5ng c\u00e1c c\u00f4ng c\u1ee5 qu\u1ea3n l\u00fd tr\u1ef1c quan. T\u1ef1 \u0111\u1ed9ng s\u0103\u0301p x\u00ea\u0301p n\u1ed9i dung c\u1ee7a b\u1ea1n v\u00e0o c\u00e1c album v\u00e0 t\u1ea1o li\u00ean k\u1ebft an to\u00e0n \u0111\u00ea\u0309 chia se\u0309 \u0111\u00ea\u0301n \u0111\u00f4\u0300ng nghi\u00ea\u0323p hay \u0111\u00f4\u0301i ta\u0301c.[\/vc_toggle][vc_toggle title=&#8221;T\u0103ng c\u01b0\u1eddng n\u0103ng su\u1ea5t nho\u0301m v\u1edbi c\u00f4ng c\u1ee5 c\u00f4\u0323ng t\u00e1c&#8221;]N\u00e2ng cao s\u1ef1 h\u1ee3p t\u00e1c t\u1ea1i n\u01a1i l\u00e0m vi\u1ec7c v\u1edbi c\u00e1c gi\u1ea3i ph\u00e1p n\u0103ng su\u1ea5t c\u1ee7a Synology. T\u1ea1o, ch\u1ec9nh s\u1eeda v\u00e0 chia s\u1ebb t\u00e0i li\u1ec7u gi\u1eefa c\u00e1c nh\u00f3m trong th\u1eddi gian th\u1ef1c. L\u01b0u tr\u1eef mail server n\u1ed9i b\u1ed9 \u0111\u1ec3 cung c\u1ea5p quy\u1ec1n truy c\u1eadp email qua web m\u00e0 v\u1eabn \u0111\u1ea3m b\u1ea3o quy\u1ec1n s\u1edf h\u1eefu d\u1eef li\u1ec7u \u0111\u1ea7y \u0111\u1ee7. \u0110\u1ed3ng th\u1eddi, duy tr\u00ec k\u1ebft n\u1ed1i th\u00f4ng qua c\u00e1c cu\u1ed9c tr\u00f2 chuy\u1ec7n an to\u00e0n m\u1ed9t-m\u1ed9t, k\u00eanh c\u00f4ng khai, k\u00eanh ri\u00eang t\u01b0 \u0111\u01b0\u1ee3c m\u00e3 h\u00f3a v\u00e0 c\u00e1c cu\u1ed9c tr\u00f2 chuy\u1ec7n nh\u00f3m.[\/vc_toggle]<\/div>[\/vc_column_inner][vc_column_inner width=&#8221;1\/2&#8243;][vc_single_image image=&#8221;9035&#8243; img_size=&#8221;&#8221;][\/vc_column_inner][\/vc_row_inner][\/vc_column][\/vc_row][vc_row][vc_column width=&#8221;1\/2&#8243;][vc_column_text]\u0110\u1ed3ng b\u1ed9 h\u00f3a nhi\u1ec1u \u0111\u1ecba \u0111i\u1ec3m \u0111\u1ec3 t\u0103ng c\u01b0\u01a1\u0300ng quy tr\u00ecnh l\u00e0m vi\u1ec7c to\u00e0n c\u1ea7u[\/vc_column_text]<style>.togglese601319f7bb1a171f752c539e27c5a82 .toggle label { border-left-color: var(--porto-primary-color); border-right-color: var(--porto-primary-color); color: var(--porto-primary-color) }.togglese601319f7bb1a171f752c539e27c5a82 .toggle.active > label { background-color: var(--porto-primary-color); border-color: var(--porto-primary-color); color: #ffffff }.togglese601319f7bb1a171f752c539e27c5a82 .toggle > label:after { background-color: var(--porto-primary-color) }<\/style><div class=\"porto-toggles wpb_content_element  togglese601319f7bb1a171f752c539e27c5a82\">[vc_toggle title=&#8221;\u0110\u1ed3ng b\u1ed9 h\u00f3a NAS-to-NAS&#8221;]C\u1ea3i thi\u1ec7n hi\u1ec7u su\u1ea5t l\u00e0m vi\u1ec7c v\u00e0 k\u1ebft n\u1ed1i c\u00e1c nh\u00f3m \u1edf nhi\u1ec1u \u0111\u1ecba \u0111i\u1ec3m b\u1eb1ng c\u00e1ch \u0111\u1ed3ng b\u1ed9 t\u1ef1 \u0111\u1ed9ng d\u1eef li\u1ec7u gi\u1eefa c\u00e1c \u0111i\u0323a \u0111i\u00ea\u0309m, c\u00f3 th\u1ec3 m\u1ed9t chi\u1ec1u ho\u1eb7c hai chi\u1ec1u. C\u00e1c t\u1ec7p v\u00e0 th\u01b0 m\u1ee5c lu\u00f4n \u0111\u01b0\u1ee3c c\u1eadp nh\u1eadt li\u00ean t\u1ee5c, gi\u00fap m\u1ecdi ng\u01b0\u1eddi lu\u00f4n \u0111\u1ed3ng b\u1ed9, d\u00f9 l\u00e0 \u1edf nh\u00e0, v\u0103n ph\u00f2ng hay c\u00e1c chi nh\u00e1nh kh\u00e1c, \u0111\u1ed3ng th\u1eddi v\u1eabn gi\u1eef quy\u1ec1n ki\u1ec3m so\u00e1t ho\u00e0n to\u00e0n \u0111\u1ed1i v\u1edbi d\u1eef li\u1ec7u.[\/vc_toggle][vc_toggle title=&#8221;\u0110\u1ed3ng b\u1ed9 h\u00f3a nhi\u00ea\u0300u \u0111i\u0323a \u0111i\u00ea\u0309m \u0111\u01b0\u1ee3c h\u1ed7 tr\u1ee3 b\u1edfi \u0111\u00e1m m\u00e2y&#8221;]T\u0103ng c\u01b0\u1eddng quy tr\u00ecnh l\u00e0m vi\u1ec7c to\u00e0n c\u1ea7u v\u1edbi quy\u1ec1n truy c\u1eadp t\u1ed1c \u0111\u1ed9 cao v\u00e0o d\u1eef li\u1ec7u t\u1eeb b\u1ea5t k\u1ef3 \u0111\u00e2u trong m\u1ea1ng c\u1ee7a b\u1ea1n. Gi\u1ea3i ph\u00e1p \u0111\u00e1m m\u00e2y lai c\u1ee7a ch\u00fang t\u00f4i l\u01b0u tr\u1eef t\u1ea1m th\u1eddi c\u00e1c t\u1ec7p th\u01b0\u1eddng s\u1eed d\u1ee5ng trong ma\u0323ng n\u00f4\u0323i b\u00f4\u0323 \u0111\u1ec3 truy c\u1eadp nhanh ch\u00f3ng, trong khi d\u1eef li\u1ec7u \u00edt \u0111\u01b0\u1ee3c truy c\u1eadp h\u01a1n \u0111\u01b0\u1ee3c l\u01b0u tr\u1eef tr\u00ean \u0111\u00e1m m\u00e2y.[\/vc_toggle][vc_toggle title=&#8221;\u0110\u1ed3ng b\u1ed9 h\u00f3a v\u1edbi c\u00e1c gia\u0309i pha\u0301p \u0111\u00e1m m\u00e2y c\u00f4ng c\u1ed9ng&#8221;]T\u1ef1 \u0111\u1ed9ng \u0111\u1ed3ng b\u1ed9 d\u1eef li\u1ec7u gi\u1eefa NAS Synology v\u00e0 c\u00e1c nh\u00e0 cung c\u1ea5p \u0111\u00e1m m\u00e2y l\u1edbn, bao g\u1ed3m BackBlaze B2, Dropbox, Google Drive v\u00e0 Microsoft OneDrive. H\u1ed7 tr\u1ee3 nhi\u1ec1u giao th\u1ee9c, m\u00e3 h\u00f3a ph\u00eda client, ki\u1ec3m so\u00e1t \u0111\u1ed3ng b\u1ed9 v\u00e0 b\u0103ng th\u00f4ng t\u00f9y ch\u1ec9nh, giu\u0301p qu\u1ea3n l\u00fd l\u01b0u tr\u1eef hi\u1ec7u qu\u1ea3 tr\u00ean c\u00e1c n\u1ec1n t\u1ea3ng kh\u00e1c nhau.[\/vc_toggle]<\/div>[\/vc_column][vc_column width=&#8221;1\/2&#8243;][vc_single_image image=&#8221;9036&#8243;][\/vc_column][\/vc_row]<\/p>\n<\/section>","protected":false},"excerpt":{"rendered":"<p>Thi\u1ebft b\u1ecb l\u01b0u tr\u1eef NAS Synology DS925+<\/p>\n","protected":false},"featured_media":8617,"template":"","meta":[],"product_brand":[],"product_cat":[15,419],"product_tag":[53,42,23,20],"class_list":{"0":"post-8566","1":"product","2":"type-product","3":"status-publish","4":"has-post-thumbnail","6":"product_cat-nas","7":"product_cat-ds-series","8":"product_tag-nas","9":"product_tag-nas-4-bay","10":"product_tag-synology","11":"product_tag-synology-diskstation","12":"pa_bao-hanh-36-thang","13":"pa_thuong-hieu-synology","15":"first","16":"instock","17":"taxable","18":"shipping-taxable","19":"product-type-simple"},"_links":{"self":[{"href":"https:\/\/vietcorp.com\/store\/wp-json\/wp\/v2\/product\/8566","targetHints":{"allow":["GET"]}}],"collection":[{"href":"https:\/\/vietcorp.com\/store\/wp-json\/wp\/v2\/product"}],"about":[{"href":"https:\/\/vietcorp.com\/store\/wp-json\/wp\/v2\/types\/product"}],"wp:featuredmedia":[{"embeddable":true,"href":"https:\/\/vietcorp.com\/store\/wp-json\/wp\/v2\/media\/8617"}],"wp:attachment":[{"href":"https:\/\/vietcorp.com\/store\/wp-json\/wp\/v2\/media?parent=8566"}],"wp:term":[{"taxonomy":"product_brand","embeddable":true,"href":"https:\/\/vietcorp.com\/store\/wp-json\/wp\/v2\/product_brand?post=8566"},{"taxonomy":"product_cat","embeddable":true,"href":"https:\/\/vietcorp.com\/store\/wp-json\/wp\/v2\/product_cat?post=8566"},{"taxonomy":"product_tag","embeddable":true,"href":"https:\/\/vietcorp.com\/store\/wp-json\/wp\/v2\/product_tag?post=8566"}],"curies":[{"name":"wp","href":"https:\/\/api.w.org\/{rel}","templated":true}]}}