


{"id":8551,"date":"2025-02-13T11:26:56","date_gmt":"2025-02-13T04:26:56","guid":{"rendered":"https:\/\/www.vietcorp.com\/store\/?post_type=product&#038;p=8551"},"modified":"2025-12-11T11:48:32","modified_gmt":"2025-12-11T04:48:32","slug":"synology-e10g30-f2","status":"publish","type":"product","link":"https:\/\/vietcorp.com\/store\/8551\/synology-e10g30-f2\/","title":{"rendered":"Synology E10G30-F2"},"content":{"rendered":"<h2><strong>Thi\u1ebft b\u1ecb Card m\u1ea1ng <a href=\"https:\/\/www.vietcorp.com\/store\/8551\/synology-e10g30-f2\/\">Synology E10G30-F2<\/a><\/strong><\/h2>\n<p>Card b\u1ed5 tr\u1ee3 10GbE SFP+ c\u1ed5ng k\u00e9p cho h\u1ec7 th\u1ed1ng Synology<\/p>\n<p><strong>Th\u00f4ng s\u1ed1 k\u1ef9 thu\u1eadt Synology E10G30-F2<\/strong><\/p>\n<ul>\n<li>Ch\u1ebf \u0111\u1ed9 v\u1eadn h\u00e0nh m\u1ea1ng: Full Duplex<\/li>\n<li>T\u1ed1c \u0111\u1ed9 truy\u1ec1n d\u1eef li\u1ec7u 10 Gbps\/1 Gbps<\/li>\n<li>Host Bus Interface (giao di\u1ec7n giao ti\u1ebfp v\u1edbi m\u00e1y ch\u1ee7) PCIe 3.0 x 8<\/li>\n<li>B\u1ea3o h\u00e0nh: 60 th\u00e1ng<\/li>\n<\/ul>\n<h3 style=\"text-align: center;\">K\u1ebft n\u1ed1i 10GbE \u0111\u00e1ng tin c\u1eady v\u00e0 ti\u1ebft ki\u1ec7m chi ph\u00ed d\u00e0nh cho c\u00e1c doanh nghi\u1ec7p v\u1eeba v\u00e0 nh\u1ecf<\/h3>\n<p style=\"text-align: center;\"><strong>Th\u00f4ng l\u01b0\u1ee3ng<\/strong><\/p>\n<p style=\"text-align: center;\"><img decoding=\"async\" class=\"aligncenter size-full wp-image-6332\" src=\"https:\/\/www.vietcorp.com\/store\/wp-content\/uploads\/2023\/01\/icon_performance.png\" alt=\"Thi\u1ebft b\u1ecb Card m\u1ea1ng Synology E10G30-T2 1\" width=\"64\" height=\"64\" \/><\/p>\n<p style=\"text-align: center;\">C\u1ed5ng \u0111\u00f4i 10GbE SFP+<\/p>\n<p style=\"text-align: center;\"><strong>T\u00ednh linh ho\u1ea1t<\/strong><\/p>\n<p style=\"text-align: center;\"><img decoding=\"async\" class=\"aligncenter size-full wp-image-6331\" src=\"https:\/\/www.vietcorp.com\/store\/wp-content\/uploads\/2023\/01\/icon_flexibility.png\" alt=\"Thi\u1ebft b\u1ecb Card m\u1ea1ng Synology E10G30-T2 2\" width=\"64\" height=\"64\" \/><\/p>\n<p style=\"text-align: center;\">H\u1ed7 tr\u1ee3 quang SR, quang LR v\u00e0 DAC<\/p>\n<p style=\"text-align: center;\"><strong>Kh\u1ea3 n\u0103ng t\u01b0\u01a1ng th\u00edch<\/strong><\/p>\n<p style=\"text-align: center;\"><img decoding=\"async\" class=\"aligncenter size-full wp-image-6330\" src=\"https:\/\/www.vietcorp.com\/store\/wp-content\/uploads\/2023\/01\/icon_compatibility.png\" alt=\"Thi\u1ebft b\u1ecb Card m\u1ea1ng Synology E10G30-T2 3\" width=\"64\" height=\"64\" \/><\/p>\n<p style=\"text-align: center;\">\u0110\u01b0\u1ee3c x\u00e2y d\u1ef1ng c\u00f3 m\u1ee5c \u0111\u00edch cho c\u00e1c h\u1ec7 th\u1ed1ng Synology<\/p>\n<h2 style=\"text-align: center;\">N\u00e2ng c\u1ea5p k\u1ebft n\u1ed1i hi\u1ec7u su\u1ea5t cao<\/h2>\n<div class=\"s-bnb-paragraph s-article\">\n<figure id=\"attachment_8552\" aria-describedby=\"caption-attachment-8552\" style=\"width: 660px\" class=\"wp-caption aligncenter\"><img decoding=\"async\" class=\"size-full wp-image-8552\" src=\"https:\/\/www.vietcorp.com\/store\/wp-content\/uploads\/2025\/02\/E10G30-F2-1.jpg\" alt=\"Synology E10G30-F2\" width=\"660\" height=\"412\" srcset=\"https:\/\/vietcorp.com\/store\/wp-content\/uploads\/2025\/02\/E10G30-F2-1.jpg 660w, https:\/\/vietcorp.com\/store\/wp-content\/uploads\/2025\/02\/E10G30-F2-1-640x400.jpg 640w, https:\/\/vietcorp.com\/store\/wp-content\/uploads\/2025\/02\/E10G30-F2-1-400x250.jpg 400w, https:\/\/vietcorp.com\/store\/wp-content\/uploads\/2025\/02\/E10G30-F2-1-367x229.jpg 367w, https:\/\/vietcorp.com\/store\/wp-content\/uploads\/2025\/02\/E10G30-F2-1-600x375.jpg 600w\" sizes=\"(max-width: 660px) 100vw, 660px\" \/><figcaption id=\"caption-attachment-8552\" class=\"wp-caption-text\">Synology E10G30-F2<\/figcaption><\/figure>\n<h3 class=\"h4\" style=\"text-align: center;\">T\u00f9y ch\u1ecdn SFP+ linh ho\u1ea1t<\/h3>\n<p class=\"\" style=\"text-align: center;\">H\u1ed7 tr\u1ee3 c\u00e1c b\u1ed9 thu ph\u00e1t t\u1ea7m ng\u1eafn v\u00e0 t\u1ea7m xa c\u0169ng nh\u01b0 c\u00e1c t\u00f9y ch\u1ecdn DAC cho ph\u00e9p l\u1ef1a ch\u1ecdn k\u1ebft n\u1ed1i linh ho\u1ea1t.<\/p>\n<\/div>\n<div class=\"s-bnb-paragraph s-article\" style=\"text-align: center;\">\n<h3 class=\"h4\">T\u1ed5ng h\u1ee3p li\u00ean k\u1ebft<\/h3>\n<p class=\"\">C\u00f3 th\u1ec3 k\u1ebft h\u1ee3p hai c\u1ed5ng 10GbE th\u00e0nh m\u1ed9t Nh\u00f3m li\u00ean k\u1ebft t\u1ed5ng h\u1ee3p \u0111\u1ec3 t\u0103ng th\u00f4ng l\u01b0\u1ee3ng l\u00ean t\u1edbi 20 Gb\/gi\u00e2y, \u0111\u1ed3ng th\u1eddi cung c\u1ea5p ch\u1ee9c n\u0103ng chuy\u1ec3n \u0111\u1ed5i d\u1ef1 ph\u00f2ng c\u1ed5ng v\u00e0 c\u00e2n b\u1eb1ng t\u1ea3i.<sup class=\"s-sup\" data-order=\"1\"><a class=\"s-sup__link\" href=\"https:\/\/www.synology.com\/vi-vn\/products\/E10G30-F2#footnote-0\" target=\"_self\" rel=\"noopener\" aria-describedby=\"s-suparia-1\" aria-label=\"\">1<\/a><\/sup><\/p>\n<\/div>\n<div class=\"s-bnb-paragraph s-article\">\n<h3 class=\"h4\" style=\"text-align: center;\">Gi\u1ea3m t\u1ea3i CPU v\u00e0 c\u00e2n b\u1eb1ng t\u1ea3i<\/h3>\n<p class=\"\" style=\"text-align: center;\">H\u1ed7 tr\u1ee3 c\u00f4ng ngh\u1ec7 ph\u00e2n b\u1ed5 CPU v\u00e0 c\u00e2n b\u1eb1ng t\u1ea3i gi\u00fap h\u1ec7 th\u1ed1ng \u0111\u1ea1t hi\u1ec7u su\u1ea5t t\u1ed1i \u01b0u.<\/p>\n<\/div>\n<h3 style=\"text-align: center;\"><strong>B\u1ea3o h\u00e0nh 5 n\u0103m<\/strong><\/h3>\n<p style=\"text-align: center;\"><img decoding=\"async\" class=\"aligncenter size-full wp-image-6329\" src=\"https:\/\/www.vietcorp.com\/store\/wp-content\/uploads\/2023\/01\/5year_warranty_02.png\" alt=\"Thi\u1ebft b\u1ecb Card m\u1ea1ng Synology E10G30-T2 5\" width=\"199\" height=\"169\" \/><\/p>\n<p style=\"text-align: center;\">T\u1ea1i <a href=\"https:\/\/www.vietcorp.com\/store\/nas-synology\/\"><strong>Synology<\/strong><\/a>, ch\u00fang t\u00f4i cam k\u1ebft c\u1ea3i ti\u1ebfn s\u1ea3n ph\u1ea9m v\u00e0 ch\u1ea5t l\u01b0\u1ee3ng. Synology \u0111\u1ea3m b\u1ea3o tr\u1ea3i nghi\u1ec7m qu\u1ea3n l\u00fd d\u1eef li\u1ec7u m\u1ea1nh m\u1ebd v\u00e0 \u0111\u00e1ng tin c\u1eady v\u1edbi ch\u1ebf \u0111\u1ed9 b\u1ea3o h\u00e0nh c\u00f3 gi\u1edbi h\u1ea1n 5 n\u0103m, cung c\u1ea5p d\u1ecbch v\u1ee5 h\u1ed7 tr\u1ee3 k\u1ef9 thu\u1eadt v\u00e0 thay th\u1ebf ph\u1ea7n c\u1ee9ng \u0111\u00e1p \u1ee9ng \u0111\u1ec3 t\u1ed1i \u0111a h\u00f3a l\u1ee3i t\u1ee9c \u0111\u1ea7u t\u01b0 c\u1ee7a b\u1ea1n<\/p>\n<p>T\u00ecm hi\u1ec3u th\u00eam v\u1ec1 Synology:<\/p>\n<ul>\n<li><a href=\"https:\/\/www.vietcorp.com\/vn\/chung-nhan\/\">Ch\u1ee9ng nh\u1eadn Synology<\/a><\/li>\n<li><a href=\"https:\/\/vietcorp.com\/support\/synology\/\">Support Synology<\/a><\/li>\n<li><a href=\"https:\/\/www.vietcorp.com\/blog\/tag\/showcase-synology\/\">Showcase Synology<\/a><\/li>\n<\/ul>\n","protected":false},"excerpt":{"rendered":"<p>Synology E10G30-F2<br \/>\nNetwork Interface Card<br \/>\nPCIe 3.0 x 8<br \/>\nDual-port 10GbE SFP+<br \/>\nB\u1ea3o h\u00e0nh 60 th\u00e1ng<\/p>\n","protected":false},"featured_media":8560,"template":"","meta":[],"product_brand":[],"product_cat":[193],"product_tag":[43,44,23],"class_list":{"0":"post-8551","1":"product","2":"type-product","3":"status-publish","4":"has-post-thumbnail","6":"product_cat-thiet-bi-mang","7":"product_tag-all-in-card","8":"product_tag-phu-kien-synology","9":"product_tag-synology","11":"first","12":"instock","13":"taxable","14":"shipping-taxable","15":"product-type-simple"},"_links":{"self":[{"href":"https:\/\/vietcorp.com\/store\/wp-json\/wp\/v2\/product\/8551","targetHints":{"allow":["GET"]}}],"collection":[{"href":"https:\/\/vietcorp.com\/store\/wp-json\/wp\/v2\/product"}],"about":[{"href":"https:\/\/vietcorp.com\/store\/wp-json\/wp\/v2\/types\/product"}],"wp:featuredmedia":[{"embeddable":true,"href":"https:\/\/vietcorp.com\/store\/wp-json\/wp\/v2\/media\/8560"}],"wp:attachment":[{"href":"https:\/\/vietcorp.com\/store\/wp-json\/wp\/v2\/media?parent=8551"}],"wp:term":[{"taxonomy":"product_brand","embeddable":true,"href":"https:\/\/vietcorp.com\/store\/wp-json\/wp\/v2\/product_brand?post=8551"},{"taxonomy":"product_cat","embeddable":true,"href":"https:\/\/vietcorp.com\/store\/wp-json\/wp\/v2\/product_cat?post=8551"},{"taxonomy":"product_tag","embeddable":true,"href":"https:\/\/vietcorp.com\/store\/wp-json\/wp\/v2\/product_tag?post=8551"}],"curies":[{"name":"wp","href":"https:\/\/api.w.org\/{rel}","templated":true}]}}