


{"id":8434,"date":"2025-01-04T09:13:51","date_gmt":"2025-01-04T02:13:51","guid":{"rendered":"https:\/\/www.vietcorp.com\/store\/?post_type=product&#038;p=8434"},"modified":"2025-03-12T08:09:49","modified_gmt":"2025-03-12T01:09:49","slug":"synology-dp340","status":"publish","type":"product","link":"https:\/\/vietcorp.com\/store\/8434\/synology-dp340\/","title":{"rendered":"Synology DP340"},"content":{"rendered":"<h3><a href=\"https:\/\/www.vietcorp.com\/store\/8434\/synology-dp340\/\"><strong>Thi\u1ebft b\u1ecb sao l\u01b0u Synology ActiveProtect DP340<\/strong><\/a><\/h3>\n<h3><\/h3>\n<p>X\u1eed l\u00fd nhu c\u1ea7u l\u01b0u tr\u1eef d\u1eef li\u1ec7u ng\u00e0y c\u00e0ng t\u0103ng m\u1ed9t c\u00e1ch d\u1ec5 d\u00e0ng<\/p>\n<p><strong>Th\u00f4ng s\u1ed1 k\u1ef9 thu\u1eadt Synology DP340:<\/strong><\/p>\n<ul>\n<li><strong>CPU:<\/strong> AMD R1600 (2 cores)<\/li>\n<li><strong>RAM:<\/strong> 16 GB<\/li>\n<li><strong>Storage: <\/strong>4 x 8 TB HDD (RAID 5), 2 x 400G SSD (RAID 1)<\/li>\n<li><strong>Dung l\u01b0\u1ee3ng l\u01b0u tr\u1eef:<\/strong><\/li>\n<li><strong>External ports:<\/strong> 1 x 1GbE RJ45 Management), 1 x 10GbE RJ45 Data transfer)<\/li>\n<li><strong>B\u1ea3o h\u00e0nh 36 th\u00e1ng<\/strong><\/li>\n<\/ul>\n<h3><strong>Gi\u1ea3i ph\u00e1p b\u1ea3o v\u1ec7 d\u1eef li\u1ec7u c\u00f3 kh\u1ea3 n\u0103ng ph\u1ee5c h\u1ed3i m\u1ea1ng cho \u0111i\u1ec3m cu\u1ed1i<\/strong><\/h3>\n<p>Thi\u1ebft b\u1ecb Synology ActiveProtect DP340 l\u00e0 m\u1ed9t gi\u1ea3i ph\u00e1p b\u1ea3o v\u1ec7 d\u1eef li\u1ec7u \u0111\u01b0\u1ee3c c\u1ea5u h\u00ecnh s\u1eb5n v\u1edbi ph\u1ea7n c\u1ee9ng ch\u1ea1y ActiveProtect Manager, m\u1ed9t h\u1ec7 \u0111i\u1ec1u h\u00e0nh \u0111\u01b0\u1ee3c thi\u1ebft k\u1ebf \u0111\u1eb7c bi\u1ec7t cho m\u1ee5c \u0111\u00edch d\u1ef1 ph\u00f2ng. V\u1edbi kh\u1ea3 n\u0103ng th\u1ef1c hi\u1ec7n sao l\u01b0u, kh\u00f4i ph\u1ee5c, lo\u1ea1i b\u1ecf tr\u00f9ng l\u1eb7p, sao ch\u00e9p v\u00e0 qu\u1ea3n l\u00fd \u0111\u1ed3ng th\u1eddi \u0111\u1ea3m b\u1ea3o an ninh, DP340 l\u00e0 m\u1ed9t m\u00e1y ch\u1ee7 d\u1ef1 ph\u00f2ng l\u00fd t\u01b0\u1edfng cho doanh nghi\u1ec7p v\u1eeba v\u00e0 nh\u1ecf c\u1ee7a b\u1ea1n \u0111i\u1ec3m cu\u1ed1i.<\/p>\n<p>N\u00f3 t\u00edch h\u1ee3p li\u1ec1n m\u1ea1ch t\u1ea5t c\u1ea3 c\u00e1c hi\u1ec7n t\u1ea1i v\u00e0 kh\u1ed1i l\u01b0\u1ee3ng c\u00f4ng vi\u1ec7c trong t\u01b0\u01a1ng lai tr\u00ean nhi\u1ec1u trang web th\u00e0nh c\u00e1c c\u1ee5m, cho ph\u00e9p qu\u1ea3n l\u00fd t\u1eadp trung th\u00f4ng qua m\u1ed9t n\u1ec1n t\u1ea3ng. V\u1edbi t\u00ednh b\u1ea5t bi\u1ebfn, c\u00e1c b\u1ea3n sao l\u01b0u kh\u00f4ng kh\u00ed, v\u00e0 ki\u1ec3m so\u00e1t truy c\u1eadp, DP340 b\u1ea3o v\u1ec7 ch\u1ed1ng l\u1ea1i c\u00e1c cu\u1ed9c t\u1ea5n c\u00f4ng ransomware v\u00e0 b\u1ea3o m\u1eadt t\u1ea5t c\u1ea3 d\u1eef li\u1ec7u c\u1ee7a b\u1ea1n.<\/p>\n<h3><strong>Tri\u1ec3n khai nhanh ch\u00f3ng v\u00e0 li\u1ec1n m\u1ea1ch<\/strong><\/h3>\n<p>C\u1ea5u h\u00ecnh c\u1ea7n thi\u1ebft nh\u01b0 ph\u00e2n v\u00f9ng \u0111\u0129a v\u00e0 thi\u1ebft l\u1eadp m\u1ea3ng RAID s\u1ebd \u0111\u01b0\u1ee3c t\u1ef1 \u0111\u1ed9ng ho\u00e0n t\u1ea5t, gi\u00fap tri\u1ec3n khai nhanh ch\u00f3ng v\u00e0 d\u1ec5 d\u00e0ng \u0111\u1ec3 b\u1ea1n c\u00f3 th\u1ec3 b\u1eaft \u0111\u1ea7u b\u1ea3o v\u1ec7 d\u1eef li\u1ec7u c\u1ee7a m\u00ecnh ngay l\u1eadp t\u1ee9c.<\/p>\n<h3><strong>B\u1ea3o v\u1ec7 kh\u1ed1i l\u01b0\u1ee3ng c\u00f4ng vi\u1ec7c b\u1eb1ng c\u00e1c ch\u00ednh s\u00e1ch \u0111\u01b0\u1ee3c ch\u1ec9 \u0111\u1ecbnh<\/strong><\/h3>\n<p>B\u1ea3o v\u1ec7 t\u1ea5t c\u1ea3 kh\u1ed1i l\u01b0\u1ee3ng c\u00f4ng vi\u1ec7c c\u1ee7a b\u1ea1n, bao g\u1ed3m VMware vSphere, Microsoft Hyper-V, Windows, macOS, Linux, NetApp ONTAP, Nutanix Files, d\u1ecbch v\u1ee5 Microsof 365, Oracle Database v\u00e0 Microsoft SQL server. Thi\u1ebft l\u1eadp ch\u00ednh s\u00e1ch cho c\u00e1c c\u00f4ng ty \u0111\u1ec3 \u0111\u00e1p \u1ee9ng c\u00e1c y\u00eau c\u1ea7u SLA v\u00e0 t\u1ef1 \u0111\u1ed9ng h\u00f3a b\u1ea3o v\u1ec7 d\u1eef li\u1ec7u b\u1eb1ng c\u00e1ch ph\u00e1t hi\u1ec7n kh\u1ed1i l\u01b0\u1ee3ng c\u00f4ng vi\u1ec7c hi\u1ec7n t\u1ea1i v\u00e0 t\u01b0\u01a1ng lai, \u0111\u1ea3m b\u1ea3o r\u1eb1ng kh\u1ed1i l\u01b0\u1ee3ng c\u00f4ng vi\u1ec7c \u0111\u01b0\u1ee3c b\u1ea3o m\u1eadt theo c\u00e1c ch\u00ednh s\u00e1ch ph\u00f9 h\u1ee3p. Xem, s\u1eeda \u0111\u1ed5i v\u00e0 qu\u1ea3n l\u00fd ch\u00ednh s\u00e1ch m\u1ed9t c\u00e1ch d\u1ec5 d\u00e0ng.<\/p>\n<h3><strong>Sao l\u01b0u \u0111\u00e1ng tin c\u1eady v\u00e0 ph\u1ee5c h\u1ed3i linh ho\u1ea1t<\/strong><\/h3>\n<p>DP340 h\u1ed7 tr\u1ee3 ch\u1ee9c n\u0103ng t\u1ef1 ph\u1ee5c h\u1ed3i v\u1edbi kh\u1ea3 n\u0103ng ph\u00e1t hi\u1ec7n li\u00ean t\u1ee5c t\u00ecnh tr\u1ea1ng h\u1ecfng d\u1eef li\u1ec7u th\u1ea7m l\u1eb7ng th\u00f4ng qua t\u1ed5ng ki\u1ec3m tra Btrfs. N\u00f3 \u0111\u1ea3m b\u1ea3o kh\u00f4ng c\u00f3 l\u1ed7i n\u00e0o b\u1eb1ng c\u00e1ch s\u1eeda ch\u1eefa d\u1eef li\u1ec7u h\u1ecfng th\u00f4ng qua c\u00f4ng ngh\u1ec7 RAID.<\/p>\n<p>\u0110\u1ec3 x\u00e1c minh kh\u1ea3 n\u0103ng ph\u1ee5c h\u1ed3i c\u1ee7a d\u1eef li\u1ec7u sao l\u01b0u, c\u00e1c cu\u1ed9c di\u1ec5n t\u1eadp ph\u1ee5c h\u1ed3i sau th\u1ea3m h\u1ecda c\u00f3 th\u1ec3 \u0111\u01b0\u1ee3c th\u1ef1c hi\u1ec7n th\u01b0\u1eddng xuy\u00ean trong m\u00f4i tr\u01b0\u1eddng h\u1ed9p c\u00e1t m\u00e0 kh\u00f4ng \u1ea3nh h\u01b0\u1edfng \u0111\u1ebfn \u0111\u1ecba \u0111i\u1ec3m s\u1ea3n xu\u1ea5t ch\u00ednh c\u1ee7a b\u1ea1n. X\u00e1c minh sao l\u01b0u c\u0169ng kh\u1ea3 d\u1ee5ng, t\u1ef1 \u0111\u1ed9ng t\u1ea1o video di\u1ec5n t\u1eadp ph\u1ee5c h\u1ed3i cho m\u1ee5c \u0111\u00edch ki\u1ec3m tra.<\/p>\n<p>Trong tr\u01b0\u1eddng h\u1ee3p x\u1ea3y ra th\u1ea3m h\u1ecda, d\u1eef li\u1ec7u c\u00f3 th\u1ec3 \u0111\u01b0\u1ee3c kh\u00f4i ph\u1ee5c linh ho\u1ea1t d\u1ef1a tr\u00ean M\u1ee5c ti\u00eau th\u1eddi gian ph\u1ee5c h\u1ed3i (RTO) c\u1ee7a b\u1ea1n th\u00f4ng qua c\u00e1c ph\u01b0\u01a1ng ph\u00e1p kh\u00f4i ph\u1ee5c to\u00e0n b\u1ed9 m\u00e1y, kh\u00f4i ph\u1ee5c c\u1ea5p t\u1ec7p, v\u1eadt l\u00fd sang \u1ea3o (P2V) ho\u1eb7c \u1ea3o sang \u1ea3o (V2V) \u0111\u1ec3 kh\u00f4i ph\u1ee5c d\u1eef li\u1ec7u \u0111\u1ebfn v\u1ecb tr\u00ed \u0111\u00e3 ch\u1ec9 \u0111\u1ecbnh.<\/p>\n<h3><strong>B\u1ea3o v\u1ec7 ch\u1ed1ng ransomware<\/strong><\/h3>\n<p>\u0110\u1ec3 ng\u0103n ch\u1eb7n c\u00e1c cu\u1ed9c t\u1ea5n c\u00f4ng ransomware, DP340 b\u1ea3o v\u1ec7 c\u00e1c b\u1ea3n sao l\u01b0u d\u1eef li\u1ec7u v\u00e0 b\u1ea3n sao l\u01b0u v\u1edbi t\u00ednh b\u1ea5t bi\u1ebfn v\u00e0 l\u01b0u tr\u1eef ghi m\u1ed9t l\u1ea7n \u0111\u1ecdc nhi\u1ec1u l\u1ea7n (WORM) \u0111\u1ec3 \u0111\u1ea3m b\u1ea3o r\u1eb1ng kh\u00f4ng ai c\u00f3 th\u1ec3 s\u1eeda \u0111\u1ed5i d\u1eef li\u1ec7u \u0111\u00e3 \u0111\u01b0\u1ee3c sao l\u01b0u trong th\u1eddi gian l\u01b0u gi\u1eef \u0111\u01b0\u1ee3c ch\u1ec9 \u0111\u1ecbnh.<\/p>\n<p>Ngo\u00e0i ra, n\u00f3 t\u00edch h\u1ee3p kh\u1ea3 n\u0103ng m\u00e3 h\u00f3a, cho ph\u00e9p d\u1eef li\u1ec7u \u0111\u01b0\u1ee3c m\u00e3 h\u00f3a c\u1ee5c b\u1ed9 tr\u01b0\u1edbc khi \u0111\u01b0\u1ee3c sao l\u01b0u \u0111\u1ebfn c\u00e1c \u0111\u00edch t\u1eeb xa. \u0110\u1ec3 t\u0103ng c\u01b0\u1eddng b\u1ea3o m\u1eadt h\u01a1n n\u1eefa, b\u1ea1n c\u0169ng c\u00f3 th\u1ec3 c\u00f4 l\u1eadp m\u00f4i tr\u01b0\u1eddng t\u1eeb xa b\u1eb1ng t\u00ednh n\u0103ng air-gap.<\/p>\n<h3><strong>Hi\u1ec7u qu\u1ea3 sao l\u01b0u \u0111\u01b0\u1ee3c t\u1ed1i \u01b0u h\u00f3a<\/strong><\/h3>\n<p>DP340 t\u1ed1i \u01b0u h\u00f3a vi\u1ec7c ph\u00e2n b\u1ed5 kh\u00f4ng gian l\u01b0u tr\u1eef th\u00f4ng qua t\u00edch h\u1ee3p ph\u1ea7n c\u1ee9ng v\u00e0 ph\u1ea7n m\u1ec1m. B\u1eb1ng c\u00e1ch t\u1eadn d\u1ee5ng b\u1ed9 nh\u1edb \u0111\u1ec7m SSD \u0111\u1ec3 l\u01b0u tr\u1eef si\u00eau d\u1eef li\u1ec7u li\u00ean quan \u0111\u1ebfn sao l\u01b0u, t\u1ed1i \u01b0u h\u00f3a t\u1ed5 ch\u1ee9c d\u1eef li\u1ec7u v\u00e0 h\u1ee3p nh\u1ea5t nhi\u1ec1u t\u1ec7p th\u00e0nh m\u1ed9t h\u00ecnh \u1ea3nh duy nh\u1ea5t, n\u00f3 s\u1ebd \u0111\u1ea9y nhanh qu\u00e1 tr\u00ecnh x\u1eed l\u00fd d\u1eef li\u1ec7u.<\/p>\n<p>C\u1ea3 b\u1ea3n sao l\u01b0u v\u00e0 b\u1ea3n sao l\u01b0u \u0111\u1ec1u s\u1eed d\u1ee5ng t\u00ednh n\u0103ng kh\u1eed tr\u00f9ng l\u1eb7p to\u00e0n c\u1ee5c \u1edf ph\u00eda ngu\u1ed3n, v\u00ec n\u00f3 so s\u00e1nh d\u1eef li\u1ec7u t\u1ea1i ngu\u1ed3n v\u00e0 ch\u1ec9 truy\u1ec1n d\u1eef li\u1ec7u kh\u00f4ng tr\u00f9ng l\u1eb7p \u0111\u1ec3 ti\u1ebft ki\u1ec7m b\u0103ng th\u00f4ng v\u00e0 kh\u00f4ng gian l\u01b0u tr\u1eef.<\/p>\n<h3><strong>B\u1ea3o m\u1eadt d\u1eef li\u1ec7u \u1edf c\u1ed1t l\u00f5i<\/strong><\/h3>\n<ul>\n<li>C\u01a1 ch\u1ebf b\u1ea3o m\u1eadt c\u1ee7a DP340 d\u1ef1a tr\u00ean nguy\u00ean t\u1eafc x\u00e1c th\u1ef1c \u0111\u1eb7c quy\u1ec1n t\u1ed1i thi\u1ec3u v\u00e0 ki\u1ebfn \u200b\u200btr\u00fac b\u1ea3o v\u1ec7 m\u1ea1ng. C\u01a1 ch\u1ebf n\u00e0y ch\u1ec9 cho ph\u00e9p nh\u00e2n vi\u00ean \u0111\u01b0\u1ee3c \u1ee7y quy\u1ec1n truy c\u1eadp d\u1eef li\u1ec7u, h\u1ea1n ch\u1ebf quy\u1ec1n truy c\u1eadp v\u00e0o c\u00e1c thi\u1ebft b\u1ecb c\u1ee5 th\u1ec3 v\u00e0 gi\u1edbi h\u1ea1n quy\u1ec1n truy c\u1eadp v\u00e0o c\u01a1 s\u1edf h\u1ea1 t\u1ea7ng sao l\u01b0u trong th\u1eddi gian \u0111\u01b0\u1ee3c ch\u1ec9 \u0111\u1ecbnh \u0111\u1ec3 \u0111\u1ea3m b\u1ea3o an to\u00e0n d\u1eef li\u1ec7u.<\/li>\n<li>\u0110\u1ed1i v\u1edbi nh\u00e2n vi\u00ean \u0111\u01b0\u1ee3c \u1ee7y quy\u1ec1n: T\u00edch h\u1ee3p Active Directory, LDAP v\u00e0 SAML 2.0 cho ph\u00e9p doanh nghi\u1ec7p s\u1eed d\u1ee5ng SSO hi\u1ec7n c\u00f3 v\u1edbi MFA v\u00e0 c\u00e1c quy\u1ec1n chi ti\u1ebft \u0111\u1ec3 t\u0103ng c\u01b0\u1eddng ki\u1ec3m so\u00e1t quy\u1ec1n truy c\u1eadp.<\/li>\n<li>\u0110\u1ed1i v\u1edbi thi\u1ebft b\u1ecb: C\u00f3 th\u1ec3 \u0111\u1ecbnh c\u1ea5u h\u00ecnh c\u00e0i \u0111\u1eb7t T\u01b0\u1eddng l\u1eeda \u0111\u1ec3 ch\u1ec9 cho ph\u00e9p truy c\u1eadp t\u1eeb c\u00e1c thi\u1ebft b\u1ecb trong ph\u1ea1m vi IP v\u00e0 m\u1ea1ng con \u0111\u01b0\u1ee3c ch\u1ec9 \u0111\u1ecbnh. C\u1ed5ng qu\u1ea3n l\u00fd t\u00edch h\u1ee3p l\u00e0 giao di\u1ec7n ri\u00eang bi\u1ec7t d\u00e0nh ri\u00eang cho m\u1ee5c \u0111\u00edch qu\u1ea3n l\u00fd. Giao di\u1ec7n n\u00e0y t\u00e1ch bi\u1ec7t v\u1edbi lu\u1ed3ng d\u1eef li\u1ec7u \u0111\u1ec3 gi\u1ea3m r\u1ee7i ro b\u1ea3o m\u1eadt.<\/li>\n<li>T\u0103ng c\u01b0\u1eddng c\u00f4 l\u1eadp: B\u1ea3o m\u1eadt c\u01a1 s\u1edf h\u1ea1 t\u1ea7ng sao l\u01b0u t\u1eeb xa c\u1ee7a b\u1ea1n th\u00f4ng qua c\u00e1c gi\u1ea3i ph\u00e1p c\u00e1ch ly kh\u00f4ng kh\u00ed \u0111\u1ec3 \u0111\u1ea1t \u0111\u01b0\u1ee3c s\u1ef1 c\u00f4 l\u1eadp v\u1ec1 m\u1ea1ng ho\u1eb7c v\u1eadt l\u00fd. Gi\u1edbi h\u1ea1n quy\u1ec1n truy c\u1eadp m\u1ea1ng v\u00e0o th\u1eddi gian \u0111\u01b0\u1ee3c ch\u1ec9 \u0111\u1ecbnh ho\u1eb7c b\u1eadt ho\u1eb7c t\u1eaft thi\u1ebft b\u1ecb c\u1ee7a b\u1ea1n.<\/li>\n<\/ul>\n<figure id=\"attachment_8447\" aria-describedby=\"caption-attachment-8447\" style=\"width: 600px\" class=\"wp-caption aligncenter\"><img decoding=\"async\" class=\"wp-image-8447\" src=\"https:\/\/www.vietcorp.com\/store\/wp-content\/uploads\/2025\/01\/Synology-DP340.png\" alt=\"Synology DP340\" width=\"600\" height=\"380\" srcset=\"https:\/\/vietcorp.com\/store\/wp-content\/uploads\/2025\/01\/Synology-DP340-400x253.png 400w, https:\/\/vietcorp.com\/store\/wp-content\/uploads\/2025\/01\/Synology-DP340-367x232.png 367w, https:\/\/vietcorp.com\/store\/wp-content\/uploads\/2025\/01\/Synology-DP340-600x380.png 600w\" sizes=\"(max-width: 600px) 100vw, 600px\" \/><figcaption id=\"caption-attachment-8447\" class=\"wp-caption-text\">Synology DP340<\/figcaption><\/figure>\n<p>Xem th\u00eam NAS Synology:<\/p>\n<ul>\n<li><a href=\"https:\/\/www.vietcorp.com\/vn\/chung-nhan\/\">Ch\u1ee9ng nh\u1eadn Synology<\/a><\/li>\n<li><a href=\"https:\/\/vietcorp.com\/support\/synology\/\">Support Synology<\/a><\/li>\n<li><a href=\"https:\/\/www.vietcorp.com\/blog\/tag\/showcase-synology\/\">Showcase Synology<\/a><\/li>\n<\/ul>\n","protected":false},"excerpt":{"rendered":"<p>Thi\u1ebft b\u1ecb Synology ActiveProtect DP340<br \/>\nAMD R1600 (2 cores)<br \/>\n1 RJ-45 1GbE, 1 RJ-45\u00a010GbE<br \/>\nB\u1ea3o h\u00e0nh 36 th\u00e1ng<\/p>\n","protected":false},"featured_media":8436,"template":"","meta":[],"product_brand":[],"product_cat":[417],"product_tag":[23],"class_list":{"0":"post-8434","1":"product","2":"type-product","3":"status-publish","4":"has-post-thumbnail","6":"product_cat-active-protect","7":"product_tag-synology","8":"pa_thuong-hieu-synology","10":"first","11":"onbackorder","12":"taxable","13":"shipping-taxable","14":"product-type-simple"},"_links":{"self":[{"href":"https:\/\/vietcorp.com\/store\/wp-json\/wp\/v2\/product\/8434","targetHints":{"allow":["GET"]}}],"collection":[{"href":"https:\/\/vietcorp.com\/store\/wp-json\/wp\/v2\/product"}],"about":[{"href":"https:\/\/vietcorp.com\/store\/wp-json\/wp\/v2\/types\/product"}],"wp:featuredmedia":[{"embeddable":true,"href":"https:\/\/vietcorp.com\/store\/wp-json\/wp\/v2\/media\/8436"}],"wp:attachment":[{"href":"https:\/\/vietcorp.com\/store\/wp-json\/wp\/v2\/media?parent=8434"}],"wp:term":[{"taxonomy":"product_brand","embeddable":true,"href":"https:\/\/vietcorp.com\/store\/wp-json\/wp\/v2\/product_brand?post=8434"},{"taxonomy":"product_cat","embeddable":true,"href":"https:\/\/vietcorp.com\/store\/wp-json\/wp\/v2\/product_cat?post=8434"},{"taxonomy":"product_tag","embeddable":true,"href":"https:\/\/vietcorp.com\/store\/wp-json\/wp\/v2\/product_tag?post=8434"}],"curies":[{"name":"wp","href":"https:\/\/api.w.org\/{rel}","templated":true}]}}