


{"id":8347,"date":"2024-08-29T17:05:15","date_gmt":"2024-08-29T10:05:15","guid":{"rendered":"https:\/\/www.vietcorp.com\/store\/?post_type=product&#038;p=8347"},"modified":"2024-10-09T16:35:21","modified_gmt":"2024-10-09T09:35:21","slug":"centerm-f620-4g128g","status":"publish","type":"product","link":"https:\/\/vietcorp.com\/store\/8347\/centerm-f620-4g128g\/","title":{"rendered":"Centerm F620-4G128G"},"content":{"rendered":"<section class=\"wpb-content-wrapper\"><p>[vc_row][vc_column][vc_column_text]<\/p>\n<h2>M\u00e1y t\u00ednh \u0111\u1ec3 b\u00e0n m\u1ecfng linh ho\u1ea1t <a href=\"https:\/\/www.vietcorp.com\/store\/8347\/centerm-f620-4g128g\/\">Centerm F620-4G128G<\/a><\/h2>\n<p>Centerm F620-4G128G s\u1eed d\u1ee5ng CPU Intel, Centerm F620 \u0111\u01b0\u1ee3c thi\u1ebft k\u1ebf \u0111\u1ec3 h\u1ed7 tr\u1ee3 c\u00e1c \u1ee9ng d\u1ee5ng \u0111\u00f2i h\u1ecfi nhi\u1ec1u CPU v\u00e0 \u0111\u1ed3 h\u1ecda, mang l\u1ea1i hi\u1ec7u su\u1ea5t m\u01b0\u1ee3t m\u00e0 v\u00e0 v\u01b0\u1ee3t tr\u1ed9i trong m\u00f4i tr\u01b0\u1eddng m\u00e1y t\u00ednh \u1ea3o v\u00e0 \u0111\u1ed9c l\u1eadp.<\/p>\n<p dir=\"ltr\" lang=\"vi\"><strong><img decoding=\"async\" class=\"aligncenter wp-image-8355\" src=\"https:\/\/www.vietcorp.com\/store\/wp-content\/uploads\/2024\/08\/centerm-f620-4g128g.webp\" alt=\"Centerm F620-4G128G\" width=\"600\" height=\"600\" srcset=\"https:\/\/vietcorp.com\/store\/wp-content\/uploads\/2024\/08\/centerm-f620-4g128g-400x400.webp 400w, https:\/\/vietcorp.com\/store\/wp-content\/uploads\/2024\/08\/centerm-f620-4g128g-560x560.webp 560w, https:\/\/vietcorp.com\/store\/wp-content\/uploads\/2024\/08\/centerm-f620-4g128g-367x367.webp 367w, https:\/\/vietcorp.com\/store\/wp-content\/uploads\/2024\/08\/centerm-f620-4g128g-600x600.webp 600w\" sizes=\"(max-width: 600px) 100vw, 600px\" \/><\/strong><\/p>\n<h2 dir=\"ltr\" lang=\"vi\"><strong>\u0110\u1eb7c tr\u01b0ng<\/strong><\/h2>\n<table style=\"border-collapse: collapse; width: 100%; height: 288px;\">\n<tbody>\n<tr style=\"height: 66px;\">\n<td style=\"width: 22.327%; height: 66px;\">\n<p dir=\"ltr\" lang=\"vi\"><strong>M\u00e0n h\u00ecnh 4K<\/strong><\/p>\n<\/td>\n<\/tr>\n<tr style=\"height: 66px;\">\n<td style=\"width: 22.327%; height: 66px;\">T\u00f9y ch\u1ecdn DP c\u00f3 th\u1ec3 h\u1ed7 tr\u1ee3 t\u1ed1c \u0111\u1ed9 ph\u00e2n gi\u1ea3i l\u00ean t\u1edbi 4K.<\/td>\n<\/tr>\n<tr style=\"height: 66px;\">\n<td style=\"width: 22.327%; height: 66px;\"><strong>M.2 m\u1edf r\u1ed9ng<\/strong><\/td>\n<\/tr>\n<tr style=\"height: 66px;\">\n<td style=\"width: 22.327%; height: 66px;\">H\u1ed7 tr\u1ee3 b\u1ed9 l\u01b0u tr\u1eef M.2 k\u00e8m theo \u0111\u1ec3 I\/O nhanh h\u01a1n.<\/td>\n<\/tr>\n<tr style=\"height: 66px;\">\n<td style=\"width: 22.327%; height: 66px;\">\n<p dir=\"ltr\" lang=\"vi\"><strong>H\u1ed7 tr\u1ee3 nhi\u1ec1u giao th\u1ee9c VDI<\/strong><\/p>\n<\/td>\n<\/tr>\n<tr style=\"height: 66px;\">\n<td style=\"width: 22.327%; height: 66px;\">\n<p dir=\"ltr\" lang=\"vi\">H\u1ed7 tr\u1ee3 r\u1ed9ng r\u00e3i Citrix ICA\/HDX, VMware PCoIP v\u00e0 Microsoft RDP.<\/p>\n<\/td>\n<\/tr>\n<tr style=\"height: 66px;\">\n<td style=\"width: 22.327%; height: 66px;\">\n<p dir=\"ltr\" lang=\"vi\"><strong>M\u00f4-\u0111un n\u1ec1n t\u1ea3ng \u0111\u00e1ng tin c\u1eady<\/strong><\/p>\n<\/td>\n<\/tr>\n<tr>\n<td style=\"width: 22.327%;\">\n<p dir=\"ltr\" lang=\"vi\">Cung c\u1ea5p cho doanh nghi\u1ec7p m\u1ed9t l\u1edbp b\u1ea3o v\u1ec7 d\u1eef li\u1ec7u kh\u1ecfi s\u1ef1 x\u00e2m nh\u1eadp.<\/p>\n<\/td>\n<\/tr>\n<tr style=\"height: 24px;\">\n<td style=\"width: 22.327%; height: 24px;\"><\/td>\n<\/tr>\n<\/tbody>\n<\/table>\n<div dir=\"ltr\" lang=\"vi\"><\/div>\n<div dir=\"ltr\" lang=\"vi\"><\/div>\n<div dir=\"ltr\" lang=\"vi\"><\/div>\n<h2 dir=\"ltr\" lang=\"vi\"><strong>K\u1ebft n\u1ed1i<\/strong><\/h2>\n<figure id=\"attachment_8358\" aria-describedby=\"caption-attachment-8358\" style=\"width: 1058px\" class=\"wp-caption aligncenter\"><img decoding=\"async\" class=\"size-full wp-image-8358\" src=\"https:\/\/www.vietcorp.com\/store\/wp-content\/uploads\/2024\/08\/centerm-f620-4g128g-6.png\" alt=\"Centerm F620-4G128G\" width=\"1058\" height=\"768\" srcset=\"https:\/\/vietcorp.com\/store\/wp-content\/uploads\/2024\/08\/centerm-f620-4g128g-6.png 1058w, https:\/\/vietcorp.com\/store\/wp-content\/uploads\/2024\/08\/centerm-f620-4g128g-6-768x557.png 768w, https:\/\/vietcorp.com\/store\/wp-content\/uploads\/2024\/08\/centerm-f620-4g128g-6-640x465.png 640w, https:\/\/vietcorp.com\/store\/wp-content\/uploads\/2024\/08\/centerm-f620-4g128g-6-400x290.png 400w, https:\/\/vietcorp.com\/store\/wp-content\/uploads\/2024\/08\/centerm-f620-4g128g-6-367x266.png 367w, https:\/\/vietcorp.com\/store\/wp-content\/uploads\/2024\/08\/centerm-f620-4g128g-6-600x436.png 600w\" sizes=\"(max-width: 1058px) 100vw, 1058px\" \/><figcaption id=\"caption-attachment-8358\" class=\"wp-caption-text\">Centerm F620-4G128G<\/figcaption><\/figure>\n<h3><strong>Hi\u1ec7u su\u1ea5t SoC m\u1ea1nh m\u1ebd<\/strong><\/h3>\n<p>CPU l\u00f5i t\u1ee9 Intel th\u1ebf h\u1ec7 m\u1edbi d\u1eabn \u0111\u1ebfn hi\u1ec7u su\u1ea5t ph\u01b0\u01a1ng ti\u1ec7n k\u1ef9 thu\u1eadt s\u1ed1 v\u01b0\u1ee3t tr\u1ed9i v\u00e0 gi\u1ea3i tr\u00ed HD phong ph\u00fa.<\/p>\n<h3><strong>Gi\u1ea3i ph\u00e1p TCO<\/strong><\/h3>\n<p>Gi\u00e1 th\u1ea5p, ti\u00eau th\u1ee5 \u0111i\u1ec7n n\u0103ng th\u1ea5p v\u00e0 qu\u1ea3n l\u00fd t\u1eadp trung gi\u00fap gi\u1ea3m \u0111\u00e1ng k\u1ec3 TCO.<\/p>\n<h3><strong>H\u1ed7 tr\u1ee3 giao th\u1ee9c MultipleVDI<\/strong><\/h3>\n<p>H\u1ed7 tr\u1ee3 r\u1ed9ng r\u00e3i Citrix ICA\/HDX, VMware PCoIP v\u00e0 Microsoft RDP.<\/p>\n<h3><strong>Th\u00e2n thi\u1ec7n v\u1edbi m\u00f4i tr\u01b0\u1eddng<\/strong><\/h3>\n<p>L\u01b0\u1ee3ng kh\u00ed th\u1ea3i CO2 th\u1ea5p, t\u1ecfa nhi\u1ec7t th\u1ea5p, kh\u00f4ng g\u00e2y ti\u1ebfng \u1ed3n v\u00e0 ti\u1ebft ki\u1ec7m kh\u00f4ng gian.<\/p>\n<p><iframe loading=\"lazy\" title=\"Gi\u1edbi thi\u1ec7u m\u00e1y t\u00ednh Centerm Thin Client F620 | Vietcorp.com\" width=\"1140\" height=\"641\" src=\"https:\/\/www.youtube.com\/embed\/5RgVuyycmBY?feature=oembed&#038;enablejsapi=1&#038;origin=https:\/\/www.vietcorp.com\" frameborder=\"0\" allow=\"accelerometer; autoplay; clipboard-write; encrypted-media; gyroscope; picture-in-picture; web-share\" referrerpolicy=\"strict-origin-when-cross-origin\" allowfullscreen><\/iframe><\/p>\n<p>[\/vc_column_text][vc_column_text]G\u1ee3i \u00fd c\u00e1c s\u1ea3n ph\u1ea9m m\u00e1y t\u00ednh[\/vc_column_text][\/vc_column][\/vc_row][vc_row][vc_column width=&#8221;1\/4&#8243;]<div class=\"porto-sicon-box  wpb_custom_1efe903570d178ff0a9b7bfa5febd3a4 style_1 default-icon flex-wrap\"><div class=\"porto-sicon-description\" style=\"\"><a href=\"https:\/\/www.vietcorp.com\/store\/3087\/centerm-f620-4g64g\/\"><img decoding=\"async\" class=\"wp-image-8357 aligncenter\" src=\"https:\/\/www.vietcorp.com\/store\/wp-content\/uploads\/2022\/11\/centerm-f620-4g64g-1.png\" alt=\"Centerm F620-4G64G\" width=\"300\" height=\"300\" \/><\/a><\/p>\n<p style=\"text-align: center;\"><a href=\"https:\/\/www.vietcorp.com\/store\/3087\/centerm-f620-4g64g\/\"><span style=\"font-size: 16px;\">Centerm F620-4G64G<\/span><\/a><\/p>\n<p style=\"text-align: center;\">Citrix receiver\/Vmware View Client\/RDP client<br \/>\n4G RAM, 64G SSD, TOS<br \/>\n1 x DP, 1 x HDMI<br \/>\n1 RJ-45, WIFI t\u00f9y ch\u1ecdn<br \/>\nB\u1ea3o h\u00e0nh 24 th\u00e1ng<\/p>\n<p><\/div> <!-- description --><\/div><!-- porto-sicon-box -->[\/vc_column][vc_column width=&#8221;1\/4&#8243;]<div class=\"porto-sicon-box  wpb_custom_1efe903570d178ff0a9b7bfa5febd3a4 style_1 default-icon flex-wrap\"><div class=\"porto-sicon-description\" style=\"\"><a href=\"https:\/\/www.vietcorp.com\/store\/8311\/ncomputing-l400\/\"><img decoding=\"async\" class=\"wp-image-8312 aligncenter\" src=\"https:\/\/www.vietcorp.com\/store\/wp-content\/uploads\/2024\/08\/ncomputing-l400.png\" alt=\"NComputing L400\" width=\"300\" height=\"300\" \/><\/a><\/p>\n<p style=\"text-align: center;\"><a href=\"https:\/\/www.vietcorp.com\/store\/8311\/ncomputing-l400\/\">NComputing L400<\/a><\/p>\n<p style=\"text-align: center;\">Support Windows and Linux<br \/>\nVGA monitor<br \/>\n10\/100 Mbps Ethernet<br \/>\nUSB 1.1 keyboard &amp; mouse<br \/>\nB\u1ea3o h\u00e0nh 12 th\u00e1ng<\/p>\n<p><\/div> <!-- description --><\/div><!-- porto-sicon-box -->[\/vc_column][vc_column width=&#8221;1\/4&#8243;]<div class=\"porto-sicon-box  wpb_custom_1efe903570d178ff0a9b7bfa5febd3a4 style_1 default-icon flex-wrap\"><div class=\"porto-sicon-description\" style=\"\"><a href=\"https:\/\/www.vietcorp.com\/store\/359\/vcloudpoint-v1\/\"><img decoding=\"async\" class=\"wp-image-8288 aligncenter\" src=\"https:\/\/www.vietcorp.com\/store\/wp-content\/uploads\/2020\/11\/vcloudpoint-v1-2.png\" alt=\"vCloudPoint V1 Zeroclient\" width=\"300\" height=\"300\" \/><\/a><\/p>\n<p style=\"text-align: center;\"><a href=\"https:\/\/www.vietcorp.com\/store\/359\/vcloudpoint-v1\/\">vCloudPoint V1<\/a><\/p>\n<p style=\"text-align: center;\">VDI RDP (Windows 10, 11, 2019, 2022,\u2026)<br \/>\n1 x VGA, 1 x HDMI (Full HD)<br \/>\n10\/100\/1000 Mbps Ethernet<br \/>\n3.5mm Speaker &amp; 3.5mm Microphone<br \/>\nB\u1ea3o h\u00e0nh 24 th\u00e1ng<\/p>\n<p><\/div> <!-- description --><\/div><!-- porto-sicon-box -->[\/vc_column][vc_column width=&#8221;1\/4&#8243;]<div class=\"porto-sicon-box  wpb_custom_1efe903570d178ff0a9b7bfa5febd3a4 style_1 default-icon flex-wrap\"><div class=\"porto-sicon-description\" style=\"\"><a href=\"https:\/\/www.vietcorp.com\/store\/359\/vcloudpoint-v1\/\"><img decoding=\"async\" class=\"alignnone wp-image-8297 aligncenter\" src=\"https:\/\/www.vietcorp.com\/store\/wp-content\/uploads\/2024\/08\/vcloudpoint-a1-zeroclient-2.png\" alt=\"vCloudPoint A1 Zeroclient\" width=\"300\" height=\"300\" \/><\/a><\/p>\n<p style=\"text-align: center;\"><a href=\"https:\/\/www.vietcorp.com\/store\/359\/vcloudpoint-v1\/\">vCloudPoint A1<\/a><\/p>\n<p style=\"text-align: center;\">VDI RDP (Windows 10, 11, 2019, 2022,\u2026)<br \/>\n1 x HDMI (Full HD)<br \/>\n10\/100 Mbps Ethernet<br \/>\n3.5mm Speaker &amp; 3.5mm Microphone<br \/>\nB\u1ea3o h\u00e0nh 24 th\u00e1ng<\/p>\n<p><\/div> <!-- description --><\/div><!-- porto-sicon-box -->[\/vc_column][\/vc_row]<\/p>\n<\/section>","protected":false},"excerpt":{"rendered":"<p>Citrix receiver\/Vmware View Client\/RDP client<br \/>\n4G RAM, 128G SSD, TOS<br \/>\n1 x DP, 1 x HDMI<br \/>\n1 RJ-45, WIFI t\u00f9y ch\u1ecdn<br \/>\nB\u1ea3o h\u00e0nh 24 th\u00e1ng<\/p>\n","protected":false},"featured_media":8349,"template":"","meta":[],"product_brand":[],"product_cat":[87],"product_tag":[78,365],"class_list":{"0":"post-8347","1":"product","2":"type-product","3":"status-publish","4":"has-post-thumbnail","6":"product_cat-thin-clients","7":"product_tag-centerm","8":"product_tag-centerm-f620","9":"pa_bao-hanh-24-thang","10":"pa_chung-loai-thin-clients","11":"pa_cong-giao-tiep-1-x-hdmi","12":"pa_cong-giao-tiep-1-x-usb-3-0","13":"pa_cong-giao-tiep-4-x-usb-2-0","14":"pa_form-factor-thin-clients","15":"pa_muc-dich-su-dung-danh-cho-doanh-nghiep-lon","16":"pa_muc-dich-su-dung-danh-cho-doanh-nghiep-nho","17":"pa_muc-dich-su-dung-danh-cho-doanh-nghiep-vua","18":"pa_thuong-hieu-centerm","20":"first","21":"outofstock","22":"taxable","23":"shipping-taxable","24":"purchasable","25":"product-type-simple"},"_links":{"self":[{"href":"https:\/\/vietcorp.com\/store\/wp-json\/wp\/v2\/product\/8347","targetHints":{"allow":["GET"]}}],"collection":[{"href":"https:\/\/vietcorp.com\/store\/wp-json\/wp\/v2\/product"}],"about":[{"href":"https:\/\/vietcorp.com\/store\/wp-json\/wp\/v2\/types\/product"}],"wp:featuredmedia":[{"embeddable":true,"href":"https:\/\/vietcorp.com\/store\/wp-json\/wp\/v2\/media\/8349"}],"wp:attachment":[{"href":"https:\/\/vietcorp.com\/store\/wp-json\/wp\/v2\/media?parent=8347"}],"wp:term":[{"taxonomy":"product_brand","embeddable":true,"href":"https:\/\/vietcorp.com\/store\/wp-json\/wp\/v2\/product_brand?post=8347"},{"taxonomy":"product_cat","embeddable":true,"href":"https:\/\/vietcorp.com\/store\/wp-json\/wp\/v2\/product_cat?post=8347"},{"taxonomy":"product_tag","embeddable":true,"href":"https:\/\/vietcorp.com\/store\/wp-json\/wp\/v2\/product_tag?post=8347"}],"curies":[{"name":"wp","href":"https:\/\/api.w.org\/{rel}","templated":true}]}}