


{"id":8311,"date":"2024-08-23T11:11:18","date_gmt":"2024-08-23T04:11:18","guid":{"rendered":"https:\/\/www.vietcorp.com\/store\/?post_type=product&#038;p=8311"},"modified":"2025-01-22T09:43:34","modified_gmt":"2025-01-22T02:43:34","slug":"ncomputing-l400","status":"publish","type":"product","link":"https:\/\/vietcorp.com\/store\/8311\/ncomputing-l400\/","title":{"rendered":"NComputing L400"},"content":{"rendered":"<h2><strong><span style=\"color: #0000ff;\">\u00a0M\u00e1y t\u00ednh \u0111\u1ec3 b\u00e0n \u1ea3o model <\/span><\/strong><strong><span style=\"color: #0000ff;\"><a href=\"https:\/\/s.nas.vn\/ncomputing-l400\">NComputing L400<\/a> Thin Client<\/span><\/strong><\/h2>\n<p>L400 l\u00e0 m\u00e1y kh\u00e1ch m\u1ecfng th\u1ebf h\u1ec7 ti\u1ebfp theo cho vSpace Pro, k\u1ebf th\u1eeba c\u00e1c m\u1eabu\u00a0L300\u00a0v\u00e0\u00a0L350 c\u1ef1c k\u1ef3 ph\u1ed5 bi\u1ebfn. V\u1ec1 m\u1eb7t h\u00ecnh \u1ea3nh, L400 v\u1eabn gi\u1eef nguy\u00ean c\u1ea5u tr\u00fac nh\u01b0 c\u00e1c m\u1eabu tr\u01b0\u1edbc \u0111\u00f3 nh\u01b0ng c\u00f3 c\u00e1c c\u1ed5ng k\u1ebft n\u1ed1i, n\u1ed9i th\u1ea5t \u0111\u01b0\u1ee3c c\u1eadp nh\u1eadt v\u00e0 b\u1ed9 t\u00ednh n\u0103ng m\u1edf r\u1ed9ng.<\/p>\n<p>\u0110\u01b0\u1ee3c x\u00e2y d\u1ef1ng tr\u00ean n\u1ec1n t\u1ea3ng ki\u1ebfn \u200b\u200btr\u00fac ARM Quadcore c\u00f4ng su\u1ea5t th\u1ea5p, L400 c\u00f3 t\u00ednh n\u0103ng ph\u00e1t l\u1ea1i \u0111a ph\u01b0\u01a1ng ti\u1ec7n to\u00e0n m\u00e0n h\u00ecnh, Quad-HD (2560&#215;1440) v\u00e0 chuy\u1ec3n h\u01b0\u1edbng USB trong su\u1ed1t; tr\u1ea3i nghi\u1ec7m PC \u1ea3o h\u00f3a li\u1ec1n m\u1ea1ch. C\u1ea5t n\u00f3 \u0111i b\u1eb1ng gi\u00e1 \u0111\u1ee1 VESA tr\u00ean m\u00e0n h\u00ecnh ho\u1eb7c \u0111\u1ec3 y\u00ean (kh\u00f4ng c\u00f3 b\u1ed9 ph\u1eadn chuy\u1ec3n \u0111\u1ed9ng) tr\u00ean m\u1eb7t b\u00e0n.<\/p>\n<h2>Qu\u1ea3n l\u00fd t\u1eadp trung &amp; tri\u1ec3n khai nhanh ch\u00f3ng<\/h2>\n<p>L400 d\u1ec5 c\u1ea5u h\u00ecnh v\u00e0 t\u1ef1 \u0111\u1ed9ng nh\u1eadn c\u00e1c b\u1ea3n c\u1eadp nh\u1eadt t\u1eeb m\u00e1y ch\u1ee7 vSpace Pro.<\/p>\n<p>vSpace Console, ph\u1ea7n qu\u1ea3n l\u00fd thi\u1ebft b\u1ecb c\u1ee7a vSpace Pro, cho ph\u00e9p c\u1ea5u h\u00ecnh v\u00e0 c\u1eadp nh\u1eadt thi\u1ebft b\u1ecb d\u1ec5 d\u00e0ng. Qu\u1ea3n l\u00fd v\u00e0 gi\u00e1m s\u00e1t l\u1edbp h\u1ecdc, phi\u00ean h\u1ecdp v\u00e0 ng\u01b0\u1eddi d\u00f9ng c\u1ee7a b\u1ea1n theo th\u1eddi gian th\u1ef1c. Ch\u1ec9 v\u1edbi v\u00e0i c\u00fa nh\u1ea5p chu\u1ed9t, qu\u1ea3n tr\u1ecb vi\u00ean c\u00f3 th\u1ec3 x\u00e1c \u0111\u1ecbnh m\u1eabu thi\u1ebft l\u1eadp thi\u1ebft b\u1ecb v\u00e0 \u00e1p d\u1ee5ng ch\u00fang cho c\u00e1c thi\u1ebft b\u1ecb \u0111\u00e3 ch\u1ecdn ho\u1eb7c h\u00e0ng tr\u0103m thi\u1ebft b\u1ecb c\u00f9ng m\u1ed9t l\u00fac.<\/p>\n<p>Ng\u01b0\u1eddi \u0111\u0103ng k\u00fd\u00a0vSpace Pro AMP\u00a0\u00a0c\u0169ng s\u1ebd c\u00f3 quy\u1ec1n truy c\u1eadp v\u00e0o\u00a0PMC Endpoint Manager\u00a0. C\u00f4ng c\u1ee5 d\u1ef1a tr\u00ean web n\u00e0y c\u00f3 th\u1ec3 qu\u1ea3n l\u00fd t\u1eeb xa c\u00e1c m\u00e1y kh\u00e1ch m\u1ecfng NComputing qua m\u1ea1ng c\u1ee5c b\u1ed9 v\u00e0 m\u1ea1ng di\u1ec7n r\u1ed9ng, bao g\u1ed3m c\u00e1c v\u1ecb tr\u00ed sau t\u01b0\u1eddng l\u1eeda v\u00e0 b\u1ed9 \u0111\u1ecbnh tuy\u1ebfn NAT.<\/p>\n<figure id=\"attachment_8314\" aria-describedby=\"caption-attachment-8314\" style=\"width: 600px\" class=\"wp-caption aligncenter\"><img decoding=\"async\" class=\"wp-image-8314\" src=\"https:\/\/www.vietcorp.com\/store\/wp-content\/uploads\/2024\/08\/ncomputing-l400-2.png\" alt=\"NComputing L400\" width=\"600\" height=\"710\" srcset=\"https:\/\/vietcorp.com\/store\/wp-content\/uploads\/2024\/08\/ncomputing-l400-2-400x473.png 400w, https:\/\/vietcorp.com\/store\/wp-content\/uploads\/2024\/08\/ncomputing-l400-2-367x434.png 367w, https:\/\/vietcorp.com\/store\/wp-content\/uploads\/2024\/08\/ncomputing-l400-2-600x710.png 600w\" sizes=\"(max-width: 600px) 100vw, 600px\" \/><figcaption id=\"caption-attachment-8314\" class=\"wp-caption-text\">Truy c\u1eadp l\u00ean \u0111\u1ebfn 100 session Virtual Desktop cho m\u1ed7i m\u00e1y ch\u1ee7 Vspace<\/figcaption><\/figure>\n<h2>T\u1eadn d\u1ee5ng t\u00e0i s\u1ea3n c\u1ee7a b\u1ea1n<\/h2>\n<p>L400 m\u1edf kh\u00f3a hai trong s\u1ed1 nh\u1eefng c\u1ea3i ti\u1ebfn t\u1ed1t nh\u1ea5t \u0111\u01b0\u1ee3c th\u1ef1c hi\u1ec7n trong vSpace Pro trong nhi\u1ec1u n\u0103m qua &#8211; vCAST Streaming v\u00e0 UXP Turbo. vCast gi\u1ea3m m\u1ee9c s\u1eed d\u1ee5ng CPU ph\u00eda m\u00e1y ch\u1ee7 khi ph\u00e1t tr\u1ef1c tuy\u1ebfn ph\u01b0\u01a1ng ti\u1ec7n, c\u1ea3 t\u1eeb c\u00e1c ngu\u1ed3n nh\u01b0 YouTube v\u00e0 n\u1ed9i dung ph\u01b0\u01a1ng ti\u1ec7n c\u1ee5c b\u1ed9, t\u1ea5t c\u1ea3 \u0111\u1ec1u kh\u00f4ng y\u00eau c\u1ea7u GPU \u0111\u1eaft ti\u1ec1n. K\u1ebft qu\u1ea3 th\u1eadt tuy\u1ec7t v\u1eddi &#8211; ph\u00e1t tr\u1ef1c tuy\u1ebfn ph\u01b0\u01a1ng ti\u1ec7n m\u01b0\u1ee3t m\u00e0, l\u01b0u l\u01b0\u1ee3ng m\u1ea1ng th\u1ea5p h\u01a1n v\u00e0 gi\u1ea3m m\u1ee9c s\u1eed d\u1ee5ng CPU c\u1ee7a m\u00e1y ch\u1ee7 cho ph\u00e9p nhi\u1ec1u ng\u01b0\u1eddi d\u00f9ng \u0111\u1ed3ng th\u1eddi h\u01a1n tr\u00ean m\u1ed7i m\u00e1y ch\u1ee7. UXP Turbo \u0111\u01b0a m\u1ecdi th\u1ee9 l\u00ean m\u1ed9t t\u1ea7m cao m\u1edbi v\u1edbi tr\u1ea3i nghi\u1ec7m m\u00e1y t\u00ednh \u0111\u1ec3 b\u00e0n \u0111\u01b0\u1ee3c c\u1ea3i ti\u1ebfn \u0111\u1ec3 k\u1ebft xu\u1ea5t 3D, cu\u1ed9n tr\u00ecnh duy\u1ec7t, ph\u00e1t l\u1ea1i video v\u00e0 c\u00e1c \u1ee9ng d\u1ee5ng chuy\u00ean s\u00e2u v\u1ec1 \u0111a ph\u01b0\u01a1ng ti\u1ec7n c\u00f3 th\u1ec3 t\u1eadn d\u1ee5ng c\u00e1c h\u1ec7 th\u1ed1ng m\u00e1y ch\u1ee7 c\u00f3 card \u0111\u1ed3 h\u1ecda \u0111\u01b0\u1ee3c h\u1ed7 tr\u1ee3.*<\/p>\n<p class=\"disclaimer\"><em>* UXP Turbo ch\u1ec9 kh\u1ea3 d\u1ee5ng trong vSpace Pro Enterprise khi ch\u1ea1y Windows 10, 11 ho\u1eb7c Windows Server 2022.<\/em><\/p>\n<h2>C\u1eafm v\u00e0o nh\u1eefng g\u00ec b\u1ea1n mu\u1ed1n<\/h2>\n<p>Chuy\u1ec3n h\u01b0\u1edbng trong su\u1ed1t c\u00e1c tr\u00ecnh \u0111i\u1ec1u khi\u1ec3n thi\u1ebft b\u1ecb t\u1eeb m\u00e1y ch\u1ee7 \u0111\u1ebfn L400 cung c\u1ea5p h\u1ed7 tr\u1ee3 ngo\u1ea1i vi USB m\u1edf r\u1ed9ng cho to\u00e0n b\u1ed9 qu\u00e1 tr\u00ecnh tri\u1ec3n khai c\u1ee7a b\u1ea1n. C\u1eafm nh\u1eefng g\u00ec b\u1ea1n mu\u1ed1n, bao g\u1ed3m b\u1ed9 l\u01b0u tr\u1eef l\u1edbn, m\u00e1y in, \u0111\u1ea7u \u0111\u1ecdc th\u1ebb th\u00f4ng minh, tai nghe ho\u1eb7c loa, webcam, hub, b\u00e0n ph\u00edm ch\u1eef k\u00fd v\u00e0 c\u1ed5ng COM ngo\u00e0i b\u00e0n ph\u00edm v\u00e0 chu\u1ed9t ti\u00eau chu\u1ea9n.<\/p>\n<figure id=\"attachment_8317\" aria-describedby=\"caption-attachment-8317\" style=\"width: 600px\" class=\"wp-caption aligncenter\"><img decoding=\"async\" class=\"wp-image-8317\" src=\"https:\/\/www.vietcorp.com\/store\/wp-content\/uploads\/2024\/08\/ncomputing-l400-5.png\" alt=\"NComputing L400\" width=\"600\" height=\"600\" srcset=\"https:\/\/vietcorp.com\/store\/wp-content\/uploads\/2024\/08\/ncomputing-l400-5-400x400.png 400w, https:\/\/vietcorp.com\/store\/wp-content\/uploads\/2024\/08\/ncomputing-l400-5-560x560.png 560w, https:\/\/vietcorp.com\/store\/wp-content\/uploads\/2024\/08\/ncomputing-l400-5-367x367.png 367w, https:\/\/vietcorp.com\/store\/wp-content\/uploads\/2024\/08\/ncomputing-l400-5-600x600.png 600w\" sizes=\"(max-width: 600px) 100vw, 600px\" \/><figcaption id=\"caption-attachment-8317\" class=\"wp-caption-text\">NComputing L400<\/figcaption><\/figure>\n<h2>Ch\u1ecdn tr\u1ea3i nghi\u1ec7m Windows c\u1ee7a b\u1ea1n<\/h2>\n<p>vSpace Pro h\u1ed7 tr\u1ee3 11 h\u1ec7 \u0111i\u1ec1u h\u00e0nh m\u00e1y ch\u1ee7 v\u00e0 m\u00e1y t\u00ednh \u0111\u1ec3 b\u00e0n Windows ph\u1ed5 bi\u1ebfn. S\u1eed d\u1ee5ng L400 \u0111\u1ec3 truy c\u1eadp b\u1ea5t k\u1ef3 h\u1ec7 \u0111i\u1ec1u h\u00e0nh n\u00e0o trong s\u1ed1 \u0111\u00f3, bao g\u1ed3m Windows Server 2019, 2022, Windows 10 v\u00e0 Windows 11.<\/p>\n<figure id=\"attachment_8318\" aria-describedby=\"caption-attachment-8318\" style=\"width: 600px\" class=\"wp-caption aligncenter\"><img decoding=\"async\" class=\"wp-image-8318\" src=\"https:\/\/www.vietcorp.com\/store\/wp-content\/uploads\/2024\/08\/ncomputing-l400-6.png\" alt=\"NComputing L400\" width=\"600\" height=\"601\" srcset=\"https:\/\/vietcorp.com\/store\/wp-content\/uploads\/2024\/08\/ncomputing-l400-6-400x401.png 400w, https:\/\/vietcorp.com\/store\/wp-content\/uploads\/2024\/08\/ncomputing-l400-6-560x560.png 560w, https:\/\/vietcorp.com\/store\/wp-content\/uploads\/2024\/08\/ncomputing-l400-6-367x367.png 367w, https:\/\/vietcorp.com\/store\/wp-content\/uploads\/2024\/08\/ncomputing-l400-6-600x601.png 600w\" sizes=\"(max-width: 600px) 100vw, 600px\" \/><figcaption id=\"caption-attachment-8318\" class=\"wp-caption-text\">NComputing L400<\/figcaption><\/figure>\n<h2><span style=\"color: #0000ff;\"><strong>Nh\u1eefng l\u1ee3i \u00edch khi d\u00f9ng NComputing L400 Thin Client<\/strong><\/span><\/h2>\n<ul>\n<li><strong>Ph\u00f9 h\u1ee3p v\u1edbi ng\u00e2n s\u00e1ch<\/strong>: &#8211; Thi\u1ebft b\u1ecb NComputing L400 mang l\u1ea1i hi\u1ec7u su\u1ea5t cao v\u00e0 gi\u00e1 tr\u1ecb cho c\u00e1c s\u1ea3n ph\u1ea9m Thin Client . M\u1ed9t gi\u1ea3i ph\u00e1p ho\u00e0n ch\u1ec9nh \u0111\u01b0\u1ee3c tri\u1ec3n khai v\u1edbi chi ph\u00ed th\u1ea5p h\u01a1n m\u1ed9t n\u1eeda so v\u1edbi PC v\u1edbi m\u1ee9c ti\u1ebft ki\u1ec7m chi ph\u00ed qu\u1ea3n l\u00fd li\u00ean t\u1ee5c l\u00e0 75% v\u00e0 ti\u1ebft ki\u1ec7m \u0111i\u1ec7n n\u0103ng h\u01a1n 90%.<\/li>\n<li><strong>\u0110\u00e1p \u1ee9ng ho\u1ea1t \u0111\u1ed9ng \u0111a m\u00f4i tr\u01b0\u1eddng<\/strong>: Cho d\u00f9 ph\u00e1t video to\u00e0n m\u00e0n h\u00ecnh ch\u1ea5t l\u01b0\u1ee3ng DVD hay k\u1ebft n\u1ed1i c\u00e1c thi\u1ebft b\u1ecb USB 2.0 chuy\u00ean d\u1ee5ng, L400 c\u00f3 s\u1ee9c m\u1ea1nh v\u00e0 t\u00ednh linh ho\u1ea1t \u0111\u1ec3 ho\u1ea1t \u0111\u1ed9ng trong nhi\u1ec1u m\u00f4i tr\u01b0\u1eddng kh\u00e1c nhau v\u00e0 theo nhu c\u1ea7u c\u1ea7n c\u1ee7a b\u1ea1n.<\/li>\n<li><strong>T\u1ed1i \u01b0u h\u00f3a<\/strong> <strong>Media<\/strong>: \u0110\u01b0\u1ee3c h\u1ed7 tr\u1ee3 b\u1edfi NComputing System-on-Chip (SoC) m\u1edbi, L400 s\u1eed d\u1ee5ng c\u00f4ng ngh\u1ec7 ph\u1ea7n c\u1ee9ng \u0111\u1ed9c quy\u1ec1n \u0111\u1ec3 gi\u1ea3i m\u00e3 v\u00e0 quy m\u00f4 \u0111a ph\u01b0\u01a1ng ti\u1ec7n, lo\u1ea1i b\u1ecf ngh\u1ebdn m\u1ea1ng. V\u1edbi L400, xem video ch\u1ea5t l\u01b0\u1ee3ng DVD tr\u00ean m\u00e0n h\u00ecnh l\u00ean \u0111\u1ebfn 1920 \u00d7 1080 l\u00e0 ti\u00eau chu\u1ea9n cho h\u1ea7u h\u1ebft c\u00e1c \u0111\u1ecbnh d\u1ea1ng ph\u01b0\u01a1ng ti\u1ec7n ph\u1ed5 bi\u1ebfn.<\/li>\n<li><strong>Truy c\u1eadp l\u00ean \u0111\u1ebfn 100 session m\u00e1y t\u00ednh \u0111\u1ec3 b\u00e0n \u1ea3o:<\/strong> V\u1edbi kh\u1ea3 n\u0103ng k\u1ebft n\u1ed1i t\u1ed1i \u0111a 100 phi\u00ean ng\u01b0\u1eddi d\u00f9ng v\u1edbi m\u1ed9t m\u00e1y ch\u1ee7 NComputing vSpace, s\u1ef1 k\u1ebft h\u1ee3p n\u00e0y cung c\u1ea5p m\u1ed9t gi\u1ea3i ph\u00e1p \u1ea3o h\u00f3a m\u00e1y t\u00ednh \u0111\u1ec3 b\u00e0n \u0111\u01a1n gi\u1ea3n v\u00e0 m\u1ea1nh m\u1ebd v\u1edbi gi\u00e1 ch\u1ec9 b\u1eb1ng m\u1ed9t ph\u1ea7n ba so v\u1edbi c\u00e1c gi\u1ea3i ph\u00e1p thay th\u1ebf truy\u1ec1n th\u1ed1ng.<\/li>\n<li><strong>T\u00ednh s\u1eb5n s\u00e0ng cao:<\/strong>\u00a0Administrator\u00a0c\u00f3 th\u1ec3 x\u00e1c \u0111\u1ecbnh danh s\u00e1ch nh\u00f3m m\u00e1y ch\u1ee7 chuy\u1ec3n \u0111\u1ed5i d\u1ef1 ph\u00f2ng m\u00e0 thi\u1ebft b\u1ecb c\u00f3 th\u1ec3 t\u1ef1 \u0111\u1ed9ng k\u1ebft n\u1ed1i.<\/li>\n<li><strong>VMware and Citrix Support<\/strong>: T\u1eadn d\u1ee5ng VMware \u0111\u1ec3 tri\u1ec3n khai nhi\u1ec1u phi\u00ean b\u1ea3n vSpace, nh\u00e2n s\u1ed1 l\u01b0\u1ee3ng ng\u01b0\u1eddi d\u00f9ng tr\u00ean m\u1ed7i m\u00e1y ch\u1ee7 ho\u1eb7c t\u00edch h\u1ee3p Citrix Receiver \u0111\u1ec3 tri\u1ec3n khai c\u00e1c \u1ee9ng d\u1ee5ng d\u1ef1a tr\u00ean XenApp.<\/li>\n<li><strong>USB Redirection<\/strong>: L400 bao g\u1ed3m 2 c\u1ed5ng USB 2.0, HID, thi\u1ebft b\u1ecb l\u01b0u tr\u1eef v\u00e0 m\u00e1y in v\u1edbi m\u00e1y ch\u1ee7 n\u01a1i tr\u00ecnh \u0111i\u1ec1u khi\u1ec3n g\u1ed1c \u0111\u01b0\u1ee3c c\u00e0i \u0111\u1eb7t.<\/li>\n<li><strong>D\u1ec5 d\u00e0ng k\u1ebft n\u1ed1i <\/strong>: V\u1edbi thi\u1ebft k\u1ebf ki\u1ec3u d\u00e1ng \u0111\u1eb9p, ti\u1ebft ki\u1ec7m \u0111i\u1ec7n, L400 c\u00f3 th\u1ec3 d\u1ec5 d\u00e0ng g\u1eafn tr\u00ean m\u00e0n h\u00ecnh ho\u1eb7c c\u1ed1 \u0111\u1ecbnh v\u00e0o b\u00e0n l\u00e0m vi\u1ec7c.<\/li>\n<li><strong>D\u1ec5 d\u00e0ng tri\u1ec3n khai: <\/strong>Cho d\u00f9 b\u1ea1n c\u1ea7n 4 workstations trong m\u1ed9t v\u0103n ph\u00f2ng chi nh\u00e1nh \u1edf xa ho\u1eb7c 4000 m\u00e1y tr\u1ea1m cho c\u00f4ng ty, L400 \u0111\u01b0\u1ee3c tri\u1ec3n khai d\u1ec5 d\u00e0ng v\u00e0 nhanh ch\u00f3ng b\u1eb1ng c\u00e1ch s\u1eed d\u1ee5ng c\u00e1c c\u00f4ng c\u1ee5 qu\u1ea3n l\u00fd vSpace.<\/li>\n<li><strong>D\u1ec5 d\u00e0ng qu\u1ea3n l\u00fd<\/strong>: Sau khi tri\u1ec3n khai, kh\u00f4ng c\u00f3 \u1ee9ng d\u1ee5ng, ph\u1ea7n m\u1ec1m ho\u1eb7c tr\u00ecnh \u0111i\u1ec1u khi\u1ec3n n\u00e0o \u0111\u1ec3 qu\u1ea3n l\u00fd tr\u00ean thi\u1ebft b\u1ecb. vSpace Server x\u1eed l\u00fd t\u1eadp trung c\u00e1c thay \u0111\u1ed5i firmware m\u00e0 kh\u00f4ng c\u1ea7n ng\u01b0\u1eddi d\u00f9ng can thi\u1ec7p.<\/li>\n<\/ul>\n<h2 style=\"text-align: center;\"><strong><span style=\"color: #0000ff;\">CONNECTIONS<\/span><\/strong><img decoding=\"async\" class=\"wp-image-8315 aligncenter\" style=\"font-size: 16px;\" src=\"https:\/\/www.vietcorp.com\/store\/wp-content\/uploads\/2024\/08\/ncomputing-l400-3.png\" alt=\"NComputing L400\" width=\"600\" height=\"295\" srcset=\"https:\/\/vietcorp.com\/store\/wp-content\/uploads\/2024\/08\/ncomputing-l400-3-400x197.png 400w, https:\/\/vietcorp.com\/store\/wp-content\/uploads\/2024\/08\/ncomputing-l400-3-367x181.png 367w, https:\/\/vietcorp.com\/store\/wp-content\/uploads\/2024\/08\/ncomputing-l400-3-600x295.png 600w\" sizes=\"(max-width: 600px) 100vw, 600px\" \/><\/h2>\n<ol>\n<li>HDMI video output<\/li>\n<li>10\/100 Ethernet RJ45 port<\/li>\n<li>Kensington security port<\/li>\n<li>Speaker and microphone jacks<\/li>\n<li>3 High-Speed USB 2.0 ports<\/li>\n<li>Power in (5V\/3a USB-C)<\/li>\n<li>Power on\/off switch<\/li>\n<\/ol>\n<p>Xem th\u00eam th\u00f4ng tin h\u1ed7 tr\u1ee3 cho\u00a0<strong>thi\u1ebft b\u1ecb NComputing L400<\/strong><\/p>\n<ul>\n<li><a href=\"https:\/\/www.vietcorp.com\/support\/huong-dan-su-dung\/tai-lieu-ncomputing\/\">Support Ncomputing<\/a><\/li>\n<li><a href=\"https:\/\/www.vietcorp.com\/blog\/tag\/showcase-ncomputing\/\">Showcase Ncomputing<\/a><\/li>\n<\/ul>\n<p>&nbsp;<\/p>\n","protected":false},"excerpt":{"rendered":"<p>Support Windows and Linux<br \/>\nHDMI video output<br \/>\n10\/100 Mbps Ethernet<br \/>\nUSB 1.1 keyboard &amp; mouse<br \/>\nB\u1ea3o h\u00e0nh 12 th\u00e1ng<\/p>\n","protected":false},"featured_media":8312,"template":"","meta":[],"product_brand":[],"product_cat":[87],"product_tag":[66,70,68],"class_list":{"0":"post-8311","1":"product","2":"type-product","3":"status-publish","4":"has-post-thumbnail","6":"product_cat-thin-clients","7":"product_tag-cloudpc","8":"product_tag-ncomputing","9":"product_tag-thin-client","10":"pa_bao-hanh-12-thang","11":"pa_chung-loai-thin-clients","12":"pa_cong-giao-tiep-1-x-rj45-10-100-mbps","13":"pa_cong-giao-tiep-1-x-vga","14":"pa_cong-giao-tiep-2-x-usb-2-0","15":"pa_form-factor-thin-clients","16":"pa_muc-dich-su-dung-danh-cho-doanh-nghiep-lon","17":"pa_muc-dich-su-dung-danh-cho-doanh-nghiep-nho","18":"pa_muc-dich-su-dung-danh-cho-doanh-nghiep-vua","19":"pa_thuong-hieu-ncomputing","20":"pa_tinh-nang-phan-mem-linux-vdi","21":"pa_tinh-nang-phan-mem-windows-vdi","23":"first","24":"outofstock","25":"taxable","26":"shipping-taxable","27":"purchasable","28":"product-type-simple"},"_links":{"self":[{"href":"https:\/\/vietcorp.com\/store\/wp-json\/wp\/v2\/product\/8311","targetHints":{"allow":["GET"]}}],"collection":[{"href":"https:\/\/vietcorp.com\/store\/wp-json\/wp\/v2\/product"}],"about":[{"href":"https:\/\/vietcorp.com\/store\/wp-json\/wp\/v2\/types\/product"}],"wp:featuredmedia":[{"embeddable":true,"href":"https:\/\/vietcorp.com\/store\/wp-json\/wp\/v2\/media\/8312"}],"wp:attachment":[{"href":"https:\/\/vietcorp.com\/store\/wp-json\/wp\/v2\/media?parent=8311"}],"wp:term":[{"taxonomy":"product_brand","embeddable":true,"href":"https:\/\/vietcorp.com\/store\/wp-json\/wp\/v2\/product_brand?post=8311"},{"taxonomy":"product_cat","embeddable":true,"href":"https:\/\/vietcorp.com\/store\/wp-json\/wp\/v2\/product_cat?post=8311"},{"taxonomy":"product_tag","embeddable":true,"href":"https:\/\/vietcorp.com\/store\/wp-json\/wp\/v2\/product_tag?post=8311"}],"curies":[{"name":"wp","href":"https:\/\/api.w.org\/{rel}","templated":true}]}}