


{"id":8274,"date":"2024-08-22T09:08:51","date_gmt":"2024-08-22T02:08:51","guid":{"rendered":"https:\/\/www.vietcorp.com\/store\/?post_type=product&#038;p=8274"},"modified":"2024-11-15T13:58:14","modified_gmt":"2024-11-15T06:58:14","slug":"vcloudpoint-a1-zeroclient","status":"publish","type":"product","link":"https:\/\/vietcorp.com\/store\/8274\/vcloudpoint-a1-zeroclient\/","title":{"rendered":"vCloudPoint A1 Zeroclient"},"content":{"rendered":"<section class=\"wpb-content-wrapper\"><p>[vc_row][vc_column][vc_column_text]<\/p>\n<p>Thi\u1ebft b\u1ecb <strong><a href=\"https:\/\/www.vietcorp.com\/store\/8274\/vcloudpoint-a1-zeroclient\/\">vCloudPoint A1<\/a><\/strong> Zero Client l\u00e0 thi\u1ebft b\u1ecb k\u1ebft n\u1ed1i m\u00e0n h\u00ecnh, chu\u1ed9t v\u00e0 b\u00e0n ph\u00edm, h\u1ed7 tr\u1ee3 RDP, HDMI\/VGA, LAN, Kh\u00f4ng c\u00f3 ch\u1ee9c n\u0103ng <span class=\"calendar-plugin\" data-time=\"1731560400000\" data-all-day=\"true\">thu<\/span>\u00a0ph\u00e1t s\u00f3ng v\u00e0 m\u1eadt m\u00e3 d\u00e2n s\u1ef1.<\/p>\n<p>T\u1ea5t c\u1ea3 qu\u00e1 tr\u00ecnh l\u00e0m vi\u1ec7c, l\u01b0u tr\u1eef d\u1eef li\u1ec7u, x\u1eed l\u00fd, c\u00e0i \u0111\u1eb7t th\u00f4ng qua m\u00e1y ch\u1ee7. \u1ede thi\u1ebft b\u1ecb vCloudPoint V1 ch\u1ec9 c\u1ea7n b\u00e0n ph\u00edm, chu\u1ed9t v\u00e0 m\u00e0n h\u00ecnh.<\/p>\n<p>Ngo\u00e0i ra, thi\u1ebft b\u1ecb vCloudPoint A1 ti\u00eau th\u1ee5 \u00edt \u0111i\u1ec7n n\u0103ng (ch\u1ec9 5V), \u00edt b\u1ecb gi\u1ea3 m\u1ea1o v\u00e0 ho\u00e0n to\u00e0n kh\u00f4ng c\u00f3 kh\u1ea3 n\u0103ng l\u01b0u tr\u1eef b\u1ea5t c\u1ee9 d\u1eef li\u1ec7u n\u00e0o. T\u1ea5t c\u1ea3 \u0111i\u1ec1u n\u00e0y t\u1ea1o n\u00ean m\u1ed9t thi\u1ebft b\u1ecb \u0111\u1ea7u cu\u1ed1i an to\u00e0n.<\/p>\n<p>V\u1edbi thi\u1ebft b\u1ecb Zero Client n\u00e0y cho ph\u00e9p 99 ng\u01b0\u1eddi d\u00f9ng \u0111\u1ed3ng th\u1eddi s\u1eed d\u1ee5ng vCloudPoint A1 k\u1ebft n\u1ed1i \u0111\u1ebfn m\u1ed9t m\u00e1y ch\u1ee7 l\u00e0m vi\u1ec7c.<\/p>\n<figure id=\"attachment_8305\" aria-describedby=\"caption-attachment-8305\" style=\"width: 600px\" class=\"wp-caption aligncenter\"><img decoding=\"async\" class=\"wp-image-8305\" src=\"https:\/\/www.vietcorp.com\/store\/wp-content\/uploads\/2024\/08\/vcloudpoint-a1-zeroclient-5.png\" alt=\"vCloudPoint A1 Zeroclient\" width=\"600\" height=\"440\" srcset=\"https:\/\/vietcorp.com\/store\/wp-content\/uploads\/2024\/08\/vcloudpoint-a1-zeroclient-5-400x294.png 400w, https:\/\/vietcorp.com\/store\/wp-content\/uploads\/2024\/08\/vcloudpoint-a1-zeroclient-5-367x269.png 367w, https:\/\/vietcorp.com\/store\/wp-content\/uploads\/2024\/08\/vcloudpoint-a1-zeroclient-5-600x440.png 600w\" sizes=\"(max-width: 600px) 100vw, 600px\" \/><figcaption id=\"caption-attachment-8305\" class=\"wp-caption-text\">vCloudPoint A1 Zeroclient<\/figcaption><\/figure>\n<p>&nbsp;<\/p>\n<p><iframe loading=\"lazy\" title=\"vCloudPoint A1 Zero Client si\u00eau nh\u1ecf \u0111\u1ea7y m\u1ea1nh m\u1ebd | Vietcorp.com\" width=\"1140\" height=\"641\" src=\"https:\/\/www.youtube.com\/embed\/0hHGlG5tIQE?feature=oembed&#038;enablejsapi=1&#038;origin=https:\/\/www.vietcorp.com\" frameborder=\"0\" allow=\"accelerometer; autoplay; clipboard-write; encrypted-media; gyroscope; picture-in-picture; web-share\" referrerpolicy=\"strict-origin-when-cross-origin\" allowfullscreen><\/iframe><\/p>\n<h2 style=\"text-align: center;\"><b>L\u1ee3i \u00edch khi thay th\u1ebf b\u1eb1ng thi\u1ebft b\u1ecb <a href=\"https:\/\/www.vietcorp.com\/store\/8274\/vcloudpoint-a1-zeroclient\/\">vCloudPoint A1<\/a><\/b><\/h2>\n<table>\n<tbody>\n<tr>\n<td style=\"text-align: center;\"><strong><strong><img decoding=\"async\" class=\"wp-image-4020 size-full\" src=\"https:\/\/vietcorp.com\/blog\/wp-content\/uploads\/2020\/12\/tkcpmh.png\" alt=\"Vietcorp ph\u00e2n ph\u1ed1i thi\u1ebft b\u1ecb vCloudPoint V1\" width=\"45\" height=\"44\" \/><\/strong><\/strong><\/p>\n<p class=\"porto-sicon-title\"><strong>Ti\u1ebft ki\u1ec7m chi ph\u00ed mua h\u00e0ng<\/strong><\/p>\n<\/td>\n<td style=\"text-align: center;\"><strong><img decoding=\"async\" class=\"aligncenter wp-image-4021 size-full\" src=\"https:\/\/vietcorp.com\/blog\/wp-content\/uploads\/2020\/12\/tknl.png\" alt=\"Vietcorp ph\u00e2n ph\u1ed1i thi\u1ebft b\u1ecb vCloudPoint V1\" width=\"48\" height=\"48\" \/>Ti\u1ebft ki\u1ec7m n\u0103ng l\u01b0\u1ee3ng h\u01a1n<br \/>\n<\/strong><\/td>\n<td>\n<p style=\"text-align: center;\"><strong><img decoding=\"async\" class=\"aligncenter wp-image-4022 size-full\" src=\"https:\/\/vietcorp.com\/blog\/wp-content\/uploads\/2020\/12\/vdl.png\" alt=\"Vietcorp ph\u00e2n ph\u1ed1i thi\u1ebft b\u1ecb vCloudPoint V1\" width=\"46\" height=\"40\" \/><\/strong><\/p>\n<p class=\"porto-sicon-title\" style=\"text-align: center;\"><strong>V\u00f2ng \u0111\u1eddi l\u00e2u h\u01a1n<\/strong><\/p>\n<\/td>\n<\/tr>\n<tr>\n<td style=\"text-align: left;\">hi ph\u00ed mua l\u1ea1i \u0111\u01b0\u1ee3c ti\u1ebft ki\u1ec7m khi thay th\u1ebf b\u1eb1ng thi\u1ebft b\u1ecb vCloudPoint V1, chi ph\u00ed th\u1ea5p h\u01a1n n\u1eefa gi\u00e1 so v\u1edbi thi\u1ebft b\u1ecb kh\u00e1c<\/td>\n<td style=\"text-align: left;\">vCloudPoint V1 ch\u1ec9 ti\u00eau th\u1ee5 5W v\u00e0 s\u1ea3n sinh nhi\u1ec7t th\u1ea5p h\u01a1n nhi\u1ec1u, gi\u00fap ti\u1ebft ki\u1ec7m \u00edt nh\u1ea5t 80% \u0111i\u1ec7n n\u0103ng.<\/td>\n<td style=\"text-align: left;\">T\u00ednh n\u0103ng kh\u00f4ng l\u1ed7i th\u1eddi c\u1ee7a vCloudPoint A1 l\u00e0m cho v\u00f2ng \u0111\u1eddi d\u00e0i h\u01a1n, ti\u1ebft ki\u1ec7m chi ph\u00ed mua m\u1edbi v\u00e0 th\u1eddi gian thay m\u1edbi gi\u1ea3m t\u1eeb v\u00e0i tu\u1ea7n xu\u1ed1ng c\u00f2n v\u00e0i ti\u1ebfng.<\/td>\n<\/tr>\n<tr>\n<td style=\"text-align: center;\">\n<h3 class=\"porto-sicon-title\"><img decoding=\"async\" class=\"aligncenter wp-image-4024 size-full\" src=\"https:\/\/vietcorp.com\/blog\/wp-content\/uploads\/2020\/12\/qttt.png\" alt=\"Vietcorp ph\u00e2n ph\u1ed1i thi\u1ebft b\u1ecb vCloudPoint V1\" width=\"49\" height=\"50\" \/><\/h3>\n<p class=\"porto-sicon-title\"><strong>Qu\u1ea3n tr\u1ecb t\u1eadp trung<\/strong><\/p>\n<\/td>\n<td style=\"text-align: center;\"><img decoding=\"async\" class=\"alignnone wp-image-4025 size-full\" src=\"https:\/\/vietcorp.com\/blog\/wp-content\/uploads\/2020\/12\/tknc.png\" alt=\"Vietcorp ph\u00e2n ph\u1ed1i thi\u1ebft b\u1ecb vCloudPoint V1\" width=\"52\" height=\"43\" \/><\/p>\n<p class=\"porto-sicon-title\"><strong>Tri\u1ec3n khai nhanh ch\u00f3ng<\/strong><\/p>\n<\/td>\n<td>\n<p style=\"text-align: center;\"><strong><img decoding=\"async\" class=\"alignnone wp-image-4026 size-full\" src=\"https:\/\/vietcorp.com\/blog\/wp-content\/uploads\/2020\/12\/htrm.png\" alt=\"Vietcorp ph\u00e2n ph\u1ed1i thi\u1ebft b\u1ecb vCloudPoint V1\" width=\"39\" height=\"45\" \/><\/strong><\/p>\n<p style=\"text-align: center;\"><strong>H\u1ed7 tr\u1ee3 remote<\/strong><\/p>\n<\/td>\n<\/tr>\n<tr>\n<td style=\"text-align: left;\">\u1ede thi\u1ebft b\u1ecb \u0111\u1ea7u cu\u1ed1i kh\u00f4ng c\u00f3 c\u1ea7n IT c\u1ea5u h\u00ecnh hay c\u1eadp nh\u1eadt. T\u1ea5t c\u1ea3 c\u00e0i \u0111\u1eb7t, c\u1ea5u h\u00ecnh hay n\u00e2ng c\u1ea5p \u0111\u1ec1u \u0111\u01b0\u1ee3c th\u1ef1c hi\u1ec7n tr\u00ean host. 1 IT c\u00f3 th\u1ec3 x\u1eed l\u00fd c\u00f4ng vi\u1ec7c v\u00e0 user g\u1ea5p 5 l\u1ea7n.<\/td>\n<td style=\"text-align: left;\">vCloudPoint A1 l\u00e0 thi\u1ebft b\u1ecb plug-and-play. Ngo\u00e0i ra ch\u1ec9 c\u1ea7n v\u00e0i ph\u00fat \u0111\u1ec3 thi\u1ebft l\u1eadp v\u00e0 v\u00e0i gi\u00e2y \u0111\u1ec3 kh\u1edfi \u0111\u1ed9ng. Sau khi g\u1eafn b\u00e0n ph\u00edm, chu\u1ed9t v\u00e0 m\u00e0n h\u00ecnh th\u00ec thi\u1ebft b\u1ecb \u0111\u00e3 s\u1eb5n s\u00e0ng \u0111\u1ec3 s\u1eed d\u1ee5ng.<\/td>\n<td style=\"text-align: left;\">IT c\u00f3 th\u1ec3 h\u1ed7 tr\u1ee3 kh\u1eafc ph\u1ee5c s\u1ef1 c\u1ed1 ngay t\u1ea1i v\u1ecb tr\u00ed c\u1ee7a h\u1ecd m\u00e0 kh\u00f4ng c\u1ea7n \u0111\u1ebf tr\u1ef1c ti\u1ebfp v\u1ecb tr\u00ed c\u1ee7a ng\u01b0\u1eddi d\u00f9ng. Gi\u1ea3m th\u1eddi gian v\u00e0 chi ph\u00ed kh\u1eafc ph\u1ee5c s\u1ef1 c\u1ed1 c\u00e1c v\u1ecb tr\u00ed \u1edf xa.<\/td>\n<\/tr>\n<tr>\n<td style=\"text-align: center;\"><img decoding=\"async\" class=\"aligncenter wp-image-4027 size-full\" src=\"https:\/\/vietcorp.com\/blog\/wp-content\/uploads\/2020\/12\/gtgc.png\" alt=\"Vietcorp ph\u00e2n ph\u1ed1i thi\u1ebft b\u1ecb vCloudPoint V1\" width=\"48\" height=\"50\" \/><\/p>\n<p class=\"porto-sicon-title\"><strong>Gi\u1ea3m th\u1eddi gian ch\u1ebft<\/strong><\/p>\n<\/td>\n<td style=\"text-align: left;\"><img decoding=\"async\" class=\"aligncenter wp-image-4028 size-full\" src=\"https:\/\/vietcorp.com\/blog\/wp-content\/uploads\/2020\/12\/tdmtnc.png\" alt=\"Vietcorp ph\u00e2n ph\u1ed1i thi\u1ebft b\u1ecb vCloudPoint V1\" width=\"42\" height=\"48\" \/><\/p>\n<p class=\"porto-sicon-title\" style=\"text-align: center;\"><strong>Thay \u0111\u1ed5i nhanh ch\u00f3ng<\/strong><\/p>\n<\/td>\n<td><img decoding=\"async\" class=\"aligncenter wp-image-4029 size-full\" src=\"https:\/\/vietcorp.com\/blog\/wp-content\/uploads\/2020\/12\/csf.png\" alt=\"Vietcorp ph\u00e2n ph\u1ed1i thi\u1ebft b\u1ecb vCloudPoint V1\" width=\"48\" height=\"44\" \/><\/p>\n<p class=\"porto-sicon-title\" style=\"text-align: center;\"><strong>Chia s\u1ebb file<\/strong><\/p>\n<\/td>\n<\/tr>\n<tr>\n<td style=\"text-align: center;\">Th\u1eddi gian ch\u1ebft c\u1ee7a thi\u1ebft b\u1ecb \u0111\u01b0\u1ee3c gi\u1ea3m \u0111\u00e1ng k\u1ec3. Ngay c\u1ea3 khi l\u1ed7i, ch\u1ec9 c\u1ea7n thay m\u1edbi 1 thi\u1ebft b\u1ecb vCloudPoint A1 kh\u00e1c th\u00ec ng\u01b0\u1eddi d\u00f9ng c\u00f3 th\u1ec3 quay tr\u1edf l\u1ea1i l\u00e0m vi\u1ec7c ngay l\u1eadp t\u1ee9c.<\/td>\n<td style=\"text-align: center;\">Kh\u00f4ng l\u00e3ng ph\u00ed th\u1eddi gian cho vi\u1ec7c di chuy\u1ec3n laptop hay kh\u1edfi \u0111\u1ed9ng l\u1ea1i h\u1ec7 th\u1ed1ng. Ch\u1ec9 v\u1edbi thao t\u00e1c \u0111\u0103ng xu\u1ea5t v\u00e0 sau \u0111\u00f3 \u0111\u0103ng nh\u1eadp v\u00e0o b\u1ea5t c\u1ee9 thi\u1ebft b\u1ecb vCloudPoint A1 kh\u00e1c, ng\u01b0\u1eddi d\u00f9ng\u00a0 s\u1ebd c\u00f3 t\u1ea5t c\u1ea3 \u1ee9ng d\u1ee5ng v\u00e0 file \u0111ang m\u1edf.<\/td>\n<td style=\"text-align: center;\">V\u1edbi 2 s\u1ed1 \u1ed5 \u0111\u0129a \u0111\u01b0\u1ee3c c\u1ea5u h\u00ecnh hi\u1ec3n th\u1ecb cho t\u1ea5t c\u1ea3 m\u1ecdi ng\u01b0\u1eddi, ng\u01b0\u1eddi d\u00f9ng c\u00f3 th\u1ec3 chia s\u1ebb file v\u00e0 d\u1eef li\u1ec7u d\u1ec5 d\u00e0ng tr\u00ean c\u00e1c \u1ed5 c\u1ee9ng public n\u00e0y m\u00e0 kh\u00f4ng c\u1ea7n sao ch\u00e9p ho\u1eb7c thay \u0111\u1ed5i.<\/td>\n<\/tr>\n<tr>\n<td style=\"text-align: center;\"><img decoding=\"async\" class=\"alignnone wp-image-4030 size-full\" src=\"https:\/\/vietcorp.com\/blog\/wp-content\/uploads\/2020\/12\/lbknn.png\" alt=\"Vietcorp ph\u00e2n ph\u1ed1i thi\u1ebft b\u1ecb vCloudPoint V1\" width=\"38\" height=\"43\" \/><\/p>\n<p class=\"porto-sicon-title\"><strong>Lo\u1ea1i b\u1ecf kh\u1ea3 n\u0103ng nhi\u1ec5m virus<\/strong><\/p>\n<\/td>\n<td style=\"text-align: center;\"><img decoding=\"async\" class=\"aligncenter wp-image-4031 size-full\" src=\"https:\/\/vietcorp.com\/blog\/wp-content\/uploads\/2020\/12\/csbm.png\" alt=\"Vietcorp ph\u00e2n ph\u1ed1i thi\u1ebft b\u1ecb vCloudPoint V1\" width=\"39\" height=\"44\" \/><strong>Ch\u00ednh s\u00e1ch b\u1ea3o m\u1eadt<\/strong><\/td>\n<td><img decoding=\"async\" class=\"aligncenter wp-image-4032 size-full\" src=\"https:\/\/vietcorp.com\/blog\/wp-content\/uploads\/2020\/12\/kcnc.png\" alt=\"Vietcorp ph\u00e2n ph\u1ed1i thi\u1ebft b\u1ecb vCloudPoint V1\" width=\"46\" height=\"40\" \/><\/p>\n<p class=\"porto-sicon-title\" style=\"text-align: center;\"><strong>Kh\u00f4ng c\u00f3 nguy c\u01a1 m\u1ea5t d\u1eef li\u1ec7u<\/strong><\/p>\n<\/td>\n<\/tr>\n<tr>\n<td style=\"text-align: center;\">Thi\u1ebft b\u1ecb vCloudPoint A1 kh\u00f4ng c\u00f3 h\u1ec7 \u0111i\u1ec1u h\u00e0nh, kh\u00f4ng c\u00f3 b\u1ed9 nh\u1edb, kh\u00f4ng ph\u1ea7n m\u1ec1m ho\u1eb7c \u1ee9ng d\u1ee5ng cung c\u1ea5p thi\u1ebft b\u1ecb \u0111\u1ea7u cu\u1ed1i mi\u1ec5n nhi\u1ec5m v\u1edbi virus v\u00e0 ph\u1ea7n m\u1ec1m \u0111\u1ed9c h\u1ea1i.<\/td>\n<td style=\"text-align: center;\">IT c\u00f3 th\u1ec3 \u00e1p d\u1ee5ng ch\u00ednh s\u00e1ch b\u1ea3o m\u1eadt, gi\u00e1m s\u00e1t v\u00e0 v\u00f4 hi\u1ec7u h\u00f3a ng\u01b0\u1eddi d\u00f9ng \u0111\u0103ng nh\u1eadp ho\u1eb7c kh\u00f3a c\u00e1c thi\u1ebft b\u1ecb ngo\u1ea1i vi k\u1ebft n\u1ed1i qua c\u1ed5ng USB, ng\u0103n vi\u1ec7c sao ch\u00e9p c\u00e1c t\u00e0i li\u1ec7u b\u00ed m\u1eadt v\u00e0o b\u1ed9 nh\u1edb di \u0111\u1ed9ng<\/td>\n<td style=\"text-align: center;\">IT c\u00f3 th\u1ec3 \u00e1p d\u1ee5ng ch\u00ednh s\u00e1ch b\u1ea3o m\u1eadt, gi\u00e1m s\u00e1t v\u00e0 v\u00f4 hi\u1ec7u h\u00f3a ng\u01b0\u1eddi d\u00f9ng \u0111\u0103ng nh\u1eadp ho\u1eb7c kh\u00f3a c\u00e1c thi\u1ebft b\u1ecb ngo\u1ea1i vi k\u1ebft n\u1ed1i qua c\u1ed5ng USB, ng\u0103n vi\u1ec7c sao ch\u00e9p c\u00e1c t\u00e0i li\u1ec7u b\u00ed m\u1eadt v\u00e0o b\u1ed9 nh\u1edb di \u0111\u1ed9ng<\/td>\n<\/tr>\n<tr>\n<td style=\"text-align: center;\"><img decoding=\"async\" class=\"aligncenter wp-image-4033 size-full\" src=\"https:\/\/vietcorp.com\/blog\/wp-content\/uploads\/2020\/12\/tkkg.png\" alt=\"Vietcorp ph\u00e2n ph\u1ed1i thi\u1ebft b\u1ecb vCloudPoint V1\" width=\"40\" height=\"41\" \/><\/p>\n<p><strong>Ti\u1ebft ki\u1ec7m kh\u00f4ng gian<\/strong><\/td>\n<td style=\"text-align: center;\"><img decoding=\"async\" class=\"aligncenter wp-image-4034 size-full\" src=\"https:\/\/vietcorp.com\/blog\/wp-content\/uploads\/2020\/12\/hcto.png\" alt=\"Vietcorp ph\u00e2n ph\u1ed1i thi\u1ebft b\u1ecb vCloudPoint V1\" width=\"34\" height=\"43\" \/><\/p>\n<p><strong>H\u1ea1n ch\u1ebf ti\u1ebfng \u1ed3n<\/strong><\/td>\n<td><img decoding=\"async\" class=\"aligncenter wp-image-4035 size-full\" src=\"https:\/\/vietcorp.com\/blog\/wp-content\/uploads\/2020\/12\/inirt.png\" alt=\"Vietcorp ph\u00e2n ph\u1ed1i thi\u1ebft b\u1ecb vCloudPoint V1\" width=\"40\" height=\"43\" \/><\/p>\n<p style=\"text-align: center;\"><strong>\u00cdt nhi\u1ec7t v\u00e0 \u00edt r\u00e1c th\u1ea3i<\/strong><\/p>\n<\/td>\n<\/tr>\n<tr>\n<td style=\"text-align: left;\">vCloudPoint A1 ch\u1ec9 c\u00f3 k\u00edch th\u01b0\u1edbc b\u1eb1ng \u0111i\u1ec7n tho\u1ea1i v\u00e0 c\u00f3 th\u1ec3 \u0111\u01b0\u1ee3c g\u1eafn v\u00e0o m\u1eb7t sau c\u1ee7a m\u00e0n h\u00ecnh, gi\u00fap ti\u1ebft ki\u1ec7m kh\u00f4ng gian qu\u00fd gi\u00e1 t\u1ea1i b\u00e0n l\u00e0m vi\u1ec7c.<\/td>\n<td style=\"text-align: left;\">Kh\u00f4ng b\u1ed9 nh\u1edb hay qu\u1ea1t, vCloudPoint A1 kh\u00f4ng ph\u00e1t ra ti\u1ebfng \u1ed3n khi ho\u1ea1t \u0111\u1ed9ng, cho kh\u00f4ng gian l\u00e0m vi\u1ec7c y\u00ean t\u0129nh.<\/td>\n<td style=\"text-align: left;\">Thi\u1ebft b\u1ecb vCloudPoint A1 d\u00f9ng \u00edt n\u0103ng l\u01b0\u1ee3ng n\u00ean \u00edt ph\u00e1t sinh nhi\u1ec7t h\u01a1n v\u00e0 gi\u00fap h\u1ea1n ch\u1ebf r\u00e1c t\u1ea3i c\u00f4ng ngh\u1ec7 ra m\u00f4i tr\u01b0\u1eddng.<\/td>\n<\/tr>\n<\/tbody>\n<\/table>\n<p>&nbsp;<\/p>\n<figure id=\"attachment_8306\" aria-describedby=\"caption-attachment-8306\" style=\"width: 600px\" class=\"wp-caption aligncenter\"><img decoding=\"async\" class=\"wp-image-8306\" src=\"https:\/\/www.vietcorp.com\/store\/wp-content\/uploads\/2024\/08\/vcloudpoint-a1-zeroclient-6.png\" alt=\"vCloudPoint A1 Zeroclient\" width=\"600\" height=\"600\" srcset=\"https:\/\/vietcorp.com\/store\/wp-content\/uploads\/2024\/08\/vcloudpoint-a1-zeroclient-6-400x400.png 400w, https:\/\/vietcorp.com\/store\/wp-content\/uploads\/2024\/08\/vcloudpoint-a1-zeroclient-6-560x560.png 560w, https:\/\/vietcorp.com\/store\/wp-content\/uploads\/2024\/08\/vcloudpoint-a1-zeroclient-6-367x367.png 367w, https:\/\/vietcorp.com\/store\/wp-content\/uploads\/2024\/08\/vcloudpoint-a1-zeroclient-6-600x600.png 600w\" sizes=\"(max-width: 600px) 100vw, 600px\" \/><figcaption id=\"caption-attachment-8306\" class=\"wp-caption-text\">M\u1edf h\u1ed9p vCloudPoint A1 Zeroclient<\/figcaption><\/figure>\n<figure id=\"attachment_8307\" aria-describedby=\"caption-attachment-8307\" style=\"width: 600px\" class=\"wp-caption aligncenter\"><img decoding=\"async\" class=\"wp-image-8307\" src=\"https:\/\/www.vietcorp.com\/store\/wp-content\/uploads\/2024\/08\/vcloudpoint-a1-zeroclient-7.png\" alt=\"vCloudPoint A1 Zeroclient\" width=\"600\" height=\"600\" srcset=\"https:\/\/vietcorp.com\/store\/wp-content\/uploads\/2024\/08\/vcloudpoint-a1-zeroclient-7-400x400.png 400w, https:\/\/vietcorp.com\/store\/wp-content\/uploads\/2024\/08\/vcloudpoint-a1-zeroclient-7-560x560.png 560w, https:\/\/vietcorp.com\/store\/wp-content\/uploads\/2024\/08\/vcloudpoint-a1-zeroclient-7-367x367.png 367w, https:\/\/vietcorp.com\/store\/wp-content\/uploads\/2024\/08\/vcloudpoint-a1-zeroclient-7-600x600.png 600w\" sizes=\"(max-width: 600px) 100vw, 600px\" \/><figcaption id=\"caption-attachment-8307\" class=\"wp-caption-text\">vCloudPoint A1 Zeroclient<\/figcaption><\/figure>\n<p>&nbsp;<\/p>\n<h2 style=\"text-align: center;\"><strong>So s\u00e1nh vCloudPoint S100, A1, V1<\/strong><\/h2>\n<p><img decoding=\"async\" class=\"size-full wp-image-8310\" src=\"https:\/\/www.vietcorp.com\/store\/wp-content\/uploads\/2024\/08\/so-sanh-vcloudpoint-s100-a1-v1.png\" alt=\"So s\u00e1nh vCloudPoint\" width=\"1412\" height=\"1200\" srcset=\"https:\/\/vietcorp.com\/store\/wp-content\/uploads\/2024\/08\/so-sanh-vcloudpoint-s100-a1-v1.png 1412w, https:\/\/vietcorp.com\/store\/wp-content\/uploads\/2024\/08\/so-sanh-vcloudpoint-s100-a1-v1-768x653.png 768w, https:\/\/vietcorp.com\/store\/wp-content\/uploads\/2024\/08\/so-sanh-vcloudpoint-s100-a1-v1-640x544.png 640w, https:\/\/vietcorp.com\/store\/wp-content\/uploads\/2024\/08\/so-sanh-vcloudpoint-s100-a1-v1-400x340.png 400w, https:\/\/vietcorp.com\/store\/wp-content\/uploads\/2024\/08\/so-sanh-vcloudpoint-s100-a1-v1-367x312.png 367w, https:\/\/vietcorp.com\/store\/wp-content\/uploads\/2024\/08\/so-sanh-vcloudpoint-s100-a1-v1-600x510.png 600w\" sizes=\"(max-width: 1412px) 100vw, 1412px\" \/><\/p>\n<p>Xem th\u00eam th\u00f4ng tin h\u1ed7 tr\u1ee3 cho\u00a0<strong>thi\u1ebft b\u1ecb vCloudpoint<\/strong><\/p>\n<ul>\n<li><a href=\"https:\/\/www.vietcorp.com\/support\/vcloudpoint\/\">H\u1ed7 tr\u1ee3 vCloudpoint<\/a><\/li>\n<li><a href=\"https:\/\/www.vietcorp.com\/vn\/chung-nhan\/\">Ch\u1ee9ng nh\u1eadn Partner<\/a><\/li>\n<li><a href=\"https:\/\/www.vietcorp.com\/store\/vcloudpoint\/\">Gi\u1edbi thi\u1ec7u s\u1ea3n ph\u1ea9m vCloudpoint<\/a><\/li>\n<\/ul>\n<p>&nbsp;<\/p>\n<p style=\"text-align: left;\"><strong>G\u1ee3i \u00fd s\u1ea3n ph\u1ea9m vCloudPoint<\/strong><\/p>\n<p>[\/vc_column_text][\/vc_column][\/vc_row][vc_row][vc_column width=&#8221;1\/2&#8243;]<a class=\"porto-sicon-box-link\" href=\"https:\/\/s.nas.vn\/vcloudpoint-v1-vietcorp\"><div class=\"porto-sicon-box  wpb_custom_1efe903570d178ff0a9b7bfa5febd3a4 style_1 default-icon flex-wrap\"><div class=\"porto-sicon-description\" style=\"\">\n<p><a href=\"https:\/\/s.nas.vn\/vcloudpoint-v1-vietcorp\"><img decoding=\"async\" class=\"alignnone wp-image-8287\" src=\"https:\/\/www.vietcorp.com\/store\/wp-content\/uploads\/2020\/11\/vcloudpoint-v1.png\" alt=\"vCloudPoint V1 Zeroclient\" width=\"300\" height=\"300\" \/><\/a><\/p>\n<p><a href=\"https:\/\/s.nas.vn\/vcloudpoint-v1-vietcorp\">vCloudPoint V1 Zeroclient<\/a><\/p>\n<p>1 x VGA, 1 x HDMI (Full HD)<\/p>\n<p>10\/100\/1000 Mbps Ethernet<\/p>\n<p>3.5mm Speaker &amp; 3.5mm Microphone<\/p>\n<p>VDI RDP (Windows 10, 11, 2019, 2022,\u2026)<\/p>\n<p>B\u1ea3o h\u00e0nh 24 th\u00e1ng<\/div> <!-- description --><\/div><!-- porto-sicon-box --><\/a>[\/vc_column][vc_column width=&#8221;1\/2&#8243;]<div class=\"porto-sicon-box  wpb_custom_1efe903570d178ff0a9b7bfa5febd3a4 style_1 default-icon flex-wrap\"><div class=\"porto-sicon-description\" style=\"\">\n<p><a href=\"https:\/\/s.nas.vn\/vcloudpoint-s100\"><img decoding=\"async\" class=\"alignnone wp-image-8303\" src=\"https:\/\/www.vietcorp.com\/store\/wp-content\/uploads\/2024\/08\/vcloudpoint-s100.png\" alt=\"\" width=\"300\" height=\"300\" \/><\/a><\/p>\n<p><a href=\"https:\/\/s.nas.vn\/vcloudpoint-s100\">vCloudPoint S100<\/a><\/p>\n<p>1 x VGA<\/p>\n<p>10\/100 Mbps Ethernet (RJ45)<\/p>\n<p>3.5mm Speaker &amp; 3.5mm Microphone<\/p>\n<p>VDI RDP (Windows 10, 11, 2019, 2022,&#8230;)<\/p>\n<p>B\u1ea3o h\u00e0nh 24 th\u00e1ng<\/div> <!-- description --><\/div><!-- porto-sicon-box -->[\/vc_column][\/vc_row]<\/p>\n<\/section>","protected":false},"excerpt":{"rendered":"<p>VDI RDP (Windows 10, 11, 2019, 2022,&#8230;)<br \/>\n1 x HDMI (Full HD)<br \/>\n10\/100 Mbps Ethernet<br \/>\n3.5mm Speaker &amp; 3.5mm Microphone<br \/>\nB\u1ea3o h\u00e0nh 24 th\u00e1ng<\/p>\n","protected":false},"featured_media":8302,"template":"","meta":[],"product_brand":[],"product_cat":[88],"product_tag":[66,67,69],"class_list":{"0":"post-8274","1":"product","2":"type-product","3":"status-publish","4":"has-post-thumbnail","6":"product_cat-zero-clients","7":"product_tag-cloudpc","8":"product_tag-vcloudpoint","9":"product_tag-zero-client","10":"pa_bao-hanh-24-thang","11":"pa_chung-loai-zero-clients","12":"pa_cong-giao-tiep-1-x-hdmi","13":"pa_cong-giao-tiep-1-x-rj45-10-100-mbps","14":"pa_cong-giao-tiep-4-x-usb-2-0","15":"pa_form-factor-thin-clients","16":"pa_muc-dich-su-dung-danh-cho-doanh-nghiep-lon","17":"pa_muc-dich-su-dung-danh-cho-doanh-nghiep-nho","18":"pa_muc-dich-su-dung-danh-cho-doanh-nghiep-vua","19":"pa_thuong-hieu-vcloudpoint","20":"pa_tinh-nang-phan-mem-windows-vdi","22":"first","23":"instock","24":"taxable","25":"shipping-taxable","26":"purchasable","27":"product-type-simple"},"_links":{"self":[{"href":"https:\/\/vietcorp.com\/store\/wp-json\/wp\/v2\/product\/8274","targetHints":{"allow":["GET"]}}],"collection":[{"href":"https:\/\/vietcorp.com\/store\/wp-json\/wp\/v2\/product"}],"about":[{"href":"https:\/\/vietcorp.com\/store\/wp-json\/wp\/v2\/types\/product"}],"wp:featuredmedia":[{"embeddable":true,"href":"https:\/\/vietcorp.com\/store\/wp-json\/wp\/v2\/media\/8302"}],"wp:attachment":[{"href":"https:\/\/vietcorp.com\/store\/wp-json\/wp\/v2\/media?parent=8274"}],"wp:term":[{"taxonomy":"product_brand","embeddable":true,"href":"https:\/\/vietcorp.com\/store\/wp-json\/wp\/v2\/product_brand?post=8274"},{"taxonomy":"product_cat","embeddable":true,"href":"https:\/\/vietcorp.com\/store\/wp-json\/wp\/v2\/product_cat?post=8274"},{"taxonomy":"product_tag","embeddable":true,"href":"https:\/\/vietcorp.com\/store\/wp-json\/wp\/v2\/product_tag?post=8274"}],"curies":[{"name":"wp","href":"https:\/\/api.w.org\/{rel}","templated":true}]}}