


{"id":80,"date":"2020-11-03T09:36:39","date_gmt":"2020-11-03T02:36:39","guid":{"rendered":"https:\/\/www.vietcorp.com\/store\/product\/synology-fs3600\/"},"modified":"2025-12-11T15:32:42","modified_gmt":"2025-12-11T08:32:42","slug":"thiet-bi-luu-tru-nas-synology-fs3600","status":"publish","type":"product","link":"https:\/\/vietcorp.com\/store\/80\/thiet-bi-luu-tru-nas-synology-fs3600\/","title":{"rendered":"Synology FS3600"},"content":{"rendered":"<h2><strong>Thi\u1ebft b\u1ecb l\u01b0u tr\u1eef NAS <a href=\"https:\/\/www.vietcorp.com\/store\/80\/thiet-bi-luu-tru-nas-synology-fs3600\/\">Synology FS3600 <\/a><\/strong><\/h2>\n<p>T\u0103ng t\u1ed1c ho\u1ea1t \u0111\u1ed9ng kinh doanh c\u1ee7a b\u1ea1n b\u1eb1ng gi\u1ea3i ph\u00e1p to\u00e0n di\u1ec7n v\u1edbi chi ph\u00ed ph\u1ea3i ch\u0103ng.<\/p>\n<h3><strong>NAS all-flash nhanh v\u00e0 c\u00f3 th\u1ec3 m\u1edf r\u1ed9ng quy m\u00f4<\/strong><\/h3>\n<p>Synology FS3600 l\u00e0 thi\u1ebft b\u1ecb NAS Synology all-flash 24 khay d\u00e0nh cho doanh nghi\u1ec7p c\u1ea7n t\u0103ng hi\u1ec7u su\u1ea5t c\u1ee7a c\u00e1c \u1ee9ng d\u1ee5ng nh\u1ea1y c\u1ea3m I\/O, ch\u1eb3ng h\u1ea1n nh\u01b0 c\u01a1 s\u1edf d\u1eef li\u1ec7u, m\u00e1y \u1ea3o ho\u1eb7c x\u1eed l\u00fd giao d\u1ecbch tr\u1ef1c tuy\u1ebfn (OLTP). V\u1edbi CPU 12 nh\u00e2n v\u00e0 k\u1ebft n\u1ed1i m\u1ea1ng t\u1ed1c \u0111\u1ed9 cao, FS3600 truy\u1ec1n h\u01a1n 195.000 IOPS ghi ng\u1eabu nhi\u00ean iSCSI 4K1 \u0111\u1ec3 \u0111\u00e1p \u1ee9ng nhu c\u1ea7u c\u1ee7a doanh nghi\u1ec7p v\u1ec1 c\u01a1 s\u1edf h\u1ea1 t\u1ea7ng t\u1ed1c \u0111\u1ed9 cao.<\/p>\n<p><img decoding=\"async\" class=\"size-full wp-image-5469 aligncenter\" src=\"https:\/\/www.vietcorp.com\/store\/wp-content\/uploads\/2020\/11\/thiet-bi-luu-tru-nas-synology-fs3600-6.jpg\" alt=\"Thi\u1ebft b\u1ecb l\u01b0u tr\u1eef NAS Synology FS3600 1\" width=\"64\" height=\"64\" \/><\/p>\n<p style=\"text-align: center;\"><strong>CPU<\/strong><\/p>\n<p style=\"text-align: center;\">Intel\u00ae Xeon\u00ae D-1567 12 nh\u00e2n 2.1 GHz<\/p>\n<p style=\"text-align: center;\"><strong><img decoding=\"async\" class=\"aligncenter size-full wp-image-5468\" src=\"https:\/\/www.vietcorp.com\/store\/wp-content\/uploads\/2020\/11\/thiet-bi-luu-tru-nas-synology-fs3600-5.jpg\" alt=\"Thi\u1ebft b\u1ecb l\u01b0u tr\u1eef NAS Synology FS3600 2\" width=\"64\" height=\"64\" \/><\/strong><\/p>\n<p style=\"text-align: center;\"><strong>B\u1ed9 nh\u1edb<\/strong><\/p>\n<p style=\"text-align: center;\">16 GB DDR4 ECC RDIMM, l\u00ean \u0111\u1ebfn 128 GB<\/p>\n<p style=\"text-align: center;\"><strong><img decoding=\"async\" class=\"aligncenter size-full wp-image-5467\" src=\"https:\/\/www.vietcorp.com\/store\/wp-content\/uploads\/2020\/11\/thiet-bi-luu-tru-nas-synology-fs3600-4.jpg\" alt=\"Thi\u1ebft b\u1ecb l\u01b0u tr\u1eef NAS Synology FS3600 3\" width=\"64\" height=\"64\" \/><\/strong><\/p>\n<p style=\"text-align: center;\"><strong>Kh\u1ea3 n\u0103ng m\u1edf r\u1ed9ng quy m\u00f4<\/strong><\/p>\n<p style=\"text-align: center;\">L\u00ean \u0111\u1ebfn 72 \u1ed5 SAS\/SATA2<\/p>\n<p style=\"text-align: center;\"><strong><img decoding=\"async\" class=\"aligncenter size-full wp-image-5484\" src=\"https:\/\/www.vietcorp.com\/store\/wp-content\/uploads\/2020\/11\/thiet-bi-luu-tru-nas-synology-fs3600-21.jpg\" alt=\"Thi\u1ebft b\u1ecb l\u01b0u tr\u1eef NAS Synology FS3600 4\" width=\"64\" height=\"64\" \/><\/strong><\/p>\n<p style=\"text-align: center;\"><strong>Khe m\u1edf r\u1ed9ng PCIe<\/strong><\/p>\n<p style=\"text-align: center;\">H\u1ed7 tr\u1ee3 NIC hi\u1ec7u su\u1ea5t cao<\/p>\n<h3 style=\"text-align: center;\"><strong>C\u00e1c gi\u1ea3i ph\u00e1p \u1ea3o h\u00f3a b\u1ed9 nh\u1edb \u0111\u01b0\u1ee3c ch\u1ee9ng nh\u1eadn to\u00e0n di\u1ec7n<\/strong><\/h3>\n<p style=\"text-align: center;\"><img decoding=\"async\" class=\"aligncenter size-full wp-image-5483\" src=\"https:\/\/www.vietcorp.com\/store\/wp-content\/uploads\/2020\/11\/thiet-bi-luu-tru-nas-synology-fs3600-20.jpg\" alt=\"Thi\u1ebft b\u1ecb l\u01b0u tr\u1eef NAS Synology FS3600 5\" width=\"549\" height=\"128\" srcset=\"https:\/\/vietcorp.com\/store\/wp-content\/uploads\/2020\/11\/thiet-bi-luu-tru-nas-synology-fs3600-20.jpg 549w, https:\/\/vietcorp.com\/store\/wp-content\/uploads\/2020\/11\/thiet-bi-luu-tru-nas-synology-fs3600-20-400x93.jpg 400w, https:\/\/vietcorp.com\/store\/wp-content\/uploads\/2020\/11\/thiet-bi-luu-tru-nas-synology-fs3600-20-367x86.jpg 367w\" sizes=\"(max-width: 549px) 100vw, 549px\" \/><\/p>\n<p style=\"text-align: center;\">B\u1ed9 nh\u1edb Synology iSCSI h\u1ed7 tr\u1ee3 \u0111\u1ea7y \u0111\u1ee7 h\u1ea7u h\u1ebft c\u00e1c gi\u1ea3i ph\u00e1p \u1ea3o h\u00f3a \u0111\u1ec3 n\u00e2ng cao hi\u1ec7u qu\u1ea3 c\u00f4ng vi\u1ec7c v\u1edbi giao di\u1ec7n qu\u1ea3n l\u00fd \u0111\u01a1n gi\u1ea3n. T\u00edch h\u1ee3p VMware vSphere 6 v\u00e0 VAAI gi\u00fap gi\u1ea3m t\u1ea3i c\u00e1c ho\u1ea1t \u0111\u1ed9ng l\u01b0u tr\u1eef v\u00e0 t\u1ed1i \u01b0u h\u00f3a hi\u1ec7u qu\u1ea3 t\u00ednh to\u00e1n. Windows Offloaded Data Transfer (ODX) t\u0103ng t\u1ed1c \u0111\u1ed9 truy\u1ec1n d\u1eef li\u1ec7u v\u00e0 t\u1ed1c \u0111\u1ed9 di chuy\u1ec3n d\u1eef li\u1ec7u. H\u1ed7 tr\u1ee3 OpenStack Cinder bi\u1ebfn Synology NAS c\u1ee7a b\u1ea1n th\u00e0nh m\u1ed9t thi\u1ebft b\u1ecb l\u01b0u tr\u1eef d\u1ef1a tr\u00ean c\u01a1 s\u1edf kh\u1ed1i.<\/p>\n<h3 style=\"text-align: center;\"><strong>L\u00e0m vi\u1ec7c c\u1ed9ng t\u00e1c trong th\u1eddi gian th\u1ef1c tr\u00ean n\u1ec1n t\u1ea3ng \u0111\u00e1m m\u00e2y c\u1ee7a ri\u00eang b\u1ea1n<\/strong><\/h3>\n<p style=\"text-align: center;\"><img decoding=\"async\" class=\"aligncenter size-full wp-image-5476\" src=\"https:\/\/www.vietcorp.com\/store\/wp-content\/uploads\/2020\/11\/thiet-bi-luu-tru-nas-synology-fs3600-13.jpg\" alt=\"Thi\u1ebft b\u1ecb l\u01b0u tr\u1eef NAS Synology FS3600 6\" width=\"600\" height=\"356\" srcset=\"https:\/\/vietcorp.com\/store\/wp-content\/uploads\/2020\/11\/thiet-bi-luu-tru-nas-synology-fs3600-13.jpg 600w, https:\/\/vietcorp.com\/store\/wp-content\/uploads\/2020\/11\/thiet-bi-luu-tru-nas-synology-fs3600-13-400x237.jpg 400w, https:\/\/vietcorp.com\/store\/wp-content\/uploads\/2020\/11\/thiet-bi-luu-tru-nas-synology-fs3600-13-367x218.jpg 367w\" sizes=\"(max-width: 600px) 100vw, 600px\" \/><\/p>\n<p style=\"text-align: center;\"><a href=\"https:\/\/www.vietcorp.com\/store\/synology-office\/\">Synology Office<\/a> l\u00e0 g\u00f3i s\u1ea3n ph\u1ea9m l\u00e0m vi\u1ec7c c\u1ed9ng t\u00e1c k\u1ebft h\u1ee3p s\u1ef1 ti\u1ec7n l\u1ee3i v\u00e0 kh\u1ea3 n\u0103ng t\u1eadn d\u1ee5ng n\u1ec1n t\u1ea3ng \u0111\u00e1m m\u00e2y chung v\u1edbi quy\u1ec1n ri\u00eang t\u01b0 v\u00e0 b\u1ea3o m\u1eadt d\u1eef li\u1ec7u \u0111\u01b0\u1ee3c \u0111\u1ea3m b\u1ea3o b\u1edfi n\u1ec1n t\u1ea3ng \u0111\u00e1m m\u00e2y ri\u00eang t\u01b0. S\u1ea3n ph\u1ea9m n\u00e0y gi\u00fap b\u1ea1n c\u00f9ng nhau l\u00e0m vi\u1ec7c tr\u01a1n tru tr\u00ean c\u00e1c t\u00e0i li\u1ec7u v\u00e0 b\u1ea3ng t\u00ednh trong m\u1ed9t m\u00f4i tr\u01b0\u1eddng \u0111\u01b0\u1ee3c b\u1ea3o v\u1ec7.<\/p>\n<h3><strong>H\u1ec7 th\u1ed1ng t\u1eadp tin th\u1ebf h\u1ec7 m\u1edbi \u0111\u1ec3 b\u1ea3o v\u1ec7 d\u1eef li\u1ec7u t\u1ed1t h\u01a1n<\/strong><\/h3>\n<p><img decoding=\"async\" class=\"aligncenter size-full wp-image-5479\" src=\"https:\/\/www.vietcorp.com\/store\/wp-content\/uploads\/2020\/11\/thiet-bi-luu-tru-nas-synology-fs3600-16.gif\" alt=\"Thi\u1ebft b\u1ecb l\u01b0u tr\u1eef NAS Synology FS3600 7\" width=\"597\" height=\"122\" \/><\/p>\n<p>H\u1ec7 th\u1ed1ng t\u1eadp tin Btrfs gi\u1edbi thi\u1ec7u c\u00e1c c\u00f4ng ngh\u1ec7 l\u01b0u tr\u1eef ti\u00ean ti\u1ebfn v\u00e0 b\u1ea3n ghi nhanh \u0111\u01b0\u1ee3c t\u1ed1i \u01b0u h\u00f3a \u0111\u1ec3 ng\u0103n ng\u1eeba l\u1ed7i d\u1eef li\u1ec7u v\u00e0 gi\u1ea3m chi ph\u00ed b\u1ea3o tr\u00ec. H\u1ec7 th\u1ed1ng n\u00e0y s\u1eed d\u1ee5ng c\u00e1c c\u00f4ng c\u1ee5 ph\u1ee5c h\u1ed3i v\u00e0 b\u1ea3o v\u1ec7 d\u1eef li\u1ec7u linh ho\u1ea1t, hi\u1ec7u qu\u1ea3 m\u00e0 v\u1eabn \u0111\u1ea3m b\u1ea3o to\u00e0n v\u1eb9n d\u1eef li\u1ec7u c\u1ea5p cao.<\/p>\n<ul>\n<li>Th\u01b0 m\u1ee5c chia s\u1ebb\/H\u1ec7 th\u1ed1ng h\u1ea1n m\u1ee9c ng\u01b0\u1eddi d\u00f9ng linh ho\u1ea1t mang \u0111\u1ebfn quy\u1ec1n ki\u1ec3m so\u00e1t h\u1ea1n m\u1ee9c to\u00e0n di\u1ec7n tr\u00ean t\u1ea5t c\u1ea3 t\u00e0i kho\u1ea3n ng\u01b0\u1eddi d\u00f9ng v\u00e0 th\u01b0 m\u1ee5c chia s\u1ebb<\/li>\n<li><a href=\"https:\/\/www.vietcorp.com\/store\/snapshot-replication\/\">Snapshot Replication<\/a> c\u00f3 kh\u1ea3 n\u0103ng b\u1ea3o v\u1ec7 d\u1eef li\u1ec7u theo l\u1ecbch tr\u00ecnh v\u00e0 ti\u1ebft ki\u1ec7m dung l\u01b0\u1ee3ng l\u01b0u tr\u1eef v\u1edbi 1.024 b\u1ea3n sao l\u01b0u th\u01b0 m\u1ee5c chia s\u1ebb v\u00e0 65.000 b\u1ea3n ghi nhanh tr\u00ean to\u00e0n h\u1ec7 th\u1ed1ng<\/li>\n<li>Kh\u00f4i ph\u1ee5c d\u1eef li\u1ec7u \u1edf c\u1ea5p \u0111\u1ed9 t\u1eadp tin ho\u1eb7c th\u01b0 m\u1ee5c, gi\u00fap t\u0103ng t\u1ed1c kh\u00f4i ph\u1ee5c d\u1eef li\u1ec7u v\u00e0 mang \u0111\u1ebfn t\u00ednh linh ho\u1ea1t cao h\u01a1n cho doanh nghi\u1ec7p<\/li>\n<li>T\u00ednh n\u0103ng t\u1ef1 \u0111\u1ed9ng ph\u1ee5c h\u1ed3i t\u1eadp tin s\u1ebd t\u1ef1 \u0111\u1ed9ng ph\u00e1t hi\u1ec7n v\u00e0 ph\u1ee5c h\u1ed3i c\u00e1c t\u1eadp tin b\u1ecb h\u1ecfng m\u00e0 kh\u00f4ng c\u1ea7n s\u1ef1 can thi\u1ec7p c\u1ee7a ng\u01b0\u1eddi d\u00f9ng<\/li>\n<\/ul>\n<h3><strong>Kh\u1eed tr\u00f9ng l\u1eb7p \u1ed5 \u0111\u0129a flash<\/strong><\/h3>\n<p><img decoding=\"async\" class=\"aligncenter size-full wp-image-5478\" src=\"https:\/\/www.vietcorp.com\/store\/wp-content\/uploads\/2020\/11\/thiet-bi-luu-tru-nas-synology-fs3600-15.png\" alt=\"Thi\u1ebft b\u1ecb l\u01b0u tr\u1eef NAS Synology FS3600 8\" width=\"758\" height=\"252\" srcset=\"https:\/\/vietcorp.com\/store\/wp-content\/uploads\/2020\/11\/thiet-bi-luu-tru-nas-synology-fs3600-15.png 758w, https:\/\/vietcorp.com\/store\/wp-content\/uploads\/2020\/11\/thiet-bi-luu-tru-nas-synology-fs3600-15-600x199.png 600w, https:\/\/vietcorp.com\/store\/wp-content\/uploads\/2020\/11\/thiet-bi-luu-tru-nas-synology-fs3600-15-640x213.png 640w, https:\/\/vietcorp.com\/store\/wp-content\/uploads\/2020\/11\/thiet-bi-luu-tru-nas-synology-fs3600-15-400x133.png 400w, https:\/\/vietcorp.com\/store\/wp-content\/uploads\/2020\/11\/thiet-bi-luu-tru-nas-synology-fs3600-15-367x122.png 367w\" sizes=\"(max-width: 758px) 100vw, 758px\" \/><\/p>\n<p>Lo\u1ea1i b\u1ecf d\u1eef li\u1ec7u tr\u00f9ng l\u1eb7p tr\u00ean all-flash array v\u1edbi t\u00ednh n\u0103ng kh\u1eed tr\u00f9ng l\u1eb7p to\u00e0n b\u1ed9 \u1ed5 \u0111\u0129a, gi\u00fap t\u0103ng \u0111\u00e1ng k\u1ec3 hi\u1ec7u qu\u1ea3 l\u01b0u tr\u1eef. Lo\u1ea1i b\u1ecf d\u1eef li\u1ec7u d\u01b0 th\u1eeba \u0111\u1ec3 ti\u1ebft ki\u1ec7m \u0111\u1ebfn 65% dung l\u01b0\u1ee3ng l\u01b0u tr\u1eef s\u1eed d\u1ee5ng trong c\u00e1c \u1ee9ng d\u1ee5ng nh\u01b0 c\u01a1 s\u1edf h\u1ea1 t\u1ea7ng m\u00e1y t\u00ednh \u1ea3o v\u00e0 m\u00e1y \u1ea3o.<\/p>\n<h3><strong>B\u1ea3o h\u00e0nh 5 n\u0103m<\/strong><\/h3>\n<p><img decoding=\"async\" class=\"aligncenter size-full wp-image-5480\" src=\"https:\/\/www.vietcorp.com\/store\/wp-content\/uploads\/2020\/11\/thiet-bi-luu-tru-nas-synology-fs3600-17.png\" alt=\"Thi\u1ebft b\u1ecb l\u01b0u tr\u1eef NAS Synology FS3600 9\" width=\"199\" height=\"169\" \/><\/p>\n<h3 style=\"text-align: center;\"><strong>S\u1eed d\u1ee5ng c\u00f4ng ngh\u1ec7 c\u1ee7a <a href=\"https:\/\/www.vietcorp.com\/store\/synology-diskstation-manager-7-2\/\">Synology DiskStation Manager<\/a><\/strong><\/h3>\n<p style=\"text-align: center;\"><a href=\"https:\/\/www.vietcorp.com\/store\/synology-high-availability\/\"><strong>Synology High Availability<\/strong><\/a><\/p>\n<p style=\"text-align: center;\"><img decoding=\"async\" class=\"aligncenter size-full wp-image-5470\" src=\"https:\/\/www.vietcorp.com\/store\/wp-content\/uploads\/2020\/11\/thiet-bi-luu-tru-nas-synology-fs3600-7.jpg\" alt=\"Thi\u1ebft b\u1ecb l\u01b0u tr\u1eef NAS Synology FS3600 10\" width=\"200\" height=\"200\" \/><\/p>\n<p style=\"text-align: center;\">Chuy\u1ec3n \u0111\u1ed5i li\u1ec1n m\u1ea1ch gi\u1eefa c\u00e1c m\u00e1y ch\u1ee7 ph\u00e2n c\u1ee5m trong tr\u01b0\u1eddng h\u1ee3p m\u00e1y ch\u1ee7 b\u1ecb l\u1ed7i \u0111\u1ec3 gi\u1ea3m thi\u1ec3u t\u00e1c \u0111\u1ed9ng \u0111\u1ebfn c\u00e1c \u1ee9ng d\u1ee5ng. <a href=\"https:\/\/www.vietcorp.com\/store\/synology-high-availability\/\"><strong>T\u00ecm hi\u1ec3u th\u00eam<\/strong><\/a><\/p>\n<p style=\"text-align: center;\"><strong>Active Backup Suite<\/strong><\/p>\n<p style=\"text-align: center;\"><img decoding=\"async\" class=\"aligncenter size-full wp-image-5475\" src=\"https:\/\/www.vietcorp.com\/store\/wp-content\/uploads\/2020\/11\/thiet-bi-luu-tru-nas-synology-fs3600-12.jpg\" alt=\"Thi\u1ebft b\u1ecb l\u01b0u tr\u1eef NAS Synology FS3600 11\" width=\"200\" height=\"200\" \/><\/p>\n<p style=\"text-align: center;\">Gi\u1ea3i ph\u00e1p sao l\u01b0u v\u00e0 kh\u00f4i ph\u1ee5c t\u1ee9c th\u00ec t\u00edch h\u1ee3p, hi\u1ec7n \u0111\u1ea1i v\u00e0 kh\u00f4ng c\u1ea7n gi\u1ea5y ph\u00e9p cho VMware, Windows, Microsoft 365 v\u00e0 Google Workspace. <strong>T\u00ecm hi\u1ec3u th\u00eam<\/strong><\/p>\n<p style=\"text-align: center;\"><a href=\"https:\/\/www.vietcorp.com\/store\/virtual-machine-manager-giam-sat-may-ao-truc-quan\/\"><strong>Virtual Machine Manager<\/strong><\/a><\/p>\n<p style=\"text-align: center;\"><img decoding=\"async\" class=\"aligncenter size-full wp-image-5474\" src=\"https:\/\/www.vietcorp.com\/store\/wp-content\/uploads\/2020\/11\/thiet-bi-luu-tru-nas-synology-fs3600-11.jpg\" alt=\"Thi\u1ebft b\u1ecb l\u01b0u tr\u1eef NAS Synology FS3600 12\" width=\"200\" height=\"200\" \/><\/p>\n<p style=\"text-align: center;\">Ch\u1ea1y c\u00e1c h\u1ec7 \u0111i\u1ec1u h\u00e0nh kh\u00e1c nhau trong c\u00e1c h\u1ed9p c\u00e1t bi\u1ec7t l\u1eadp. Sao ch\u00e9p, l\u01b0u tr\u1eef v\u00e0 di chuy\u1ec3n m\u00e1y \u1ea3o m\u1ed9t c\u00e1ch li\u1ec1n m\u1ea1ch. <a href=\"https:\/\/www.vietcorp.com\/store\/virtual-machine-manager-giam-sat-may-ao-truc-quan\/\"><strong>T\u00ecm hi\u1ec3u th\u00eam<\/strong><\/a><\/p>\n<p style=\"text-align: center;\"><a href=\"https:\/\/www.vietcorp.com\/store\/synology-mailplus-nang-cao-hieu-qua-lam-viec-nhom\/\"><strong>Synology MailPlus<\/strong><\/a><\/p>\n<p style=\"text-align: center;\"><img decoding=\"async\" class=\"aligncenter size-full wp-image-5473\" src=\"https:\/\/www.vietcorp.com\/store\/wp-content\/uploads\/2020\/11\/thiet-bi-luu-tru-nas-synology-fs3600-10.jpg\" alt=\"Thi\u1ebft b\u1ecb l\u01b0u tr\u1eef NAS Synology FS3600 13\" width=\"200\" height=\"203\" \/><\/p>\n<p style=\"text-align: center;\">Gi\u1ea3i ph\u00e1p m\u00e1y ch\u1ee7 th\u01b0 an to\u00e0n, \u0111\u00e1ng tin c\u1eady v\u00e0 ri\u00eang t\u01b0 v\u1edbi tr\u00ecnh duy\u1ec7t tr\u1ef1c quan v\u00e0 hi\u1ec7n \u0111\u1ea1i. <a href=\"https:\/\/www.vietcorp.com\/store\/synology-mailplus-nang-cao-hieu-qua-lam-viec-nhom\/\"><strong>T\u00ecm hi\u1ec3u th\u00eam<\/strong><\/a><\/p>\n<p style=\"text-align: center;\"><a href=\"https:\/\/www.vietcorp.com\/store\/giai-phap-bao-mat-cua-synology\/\"><strong>B\u1ea3o m\u1eadt<\/strong><\/a><\/p>\n<p style=\"text-align: center;\"><img decoding=\"async\" class=\"aligncenter size-full wp-image-5472\" src=\"https:\/\/www.vietcorp.com\/store\/wp-content\/uploads\/2020\/11\/thiet-bi-luu-tru-nas-synology-fs3600-9.jpg\" alt=\"\" width=\"200\" height=\"178\" \/><\/p>\n<p style=\"text-align: center;\">B\u1ea3o m\u1eadt d\u1eef li\u1ec7u b\u1eb1ng c\u00e1c c\u00f4ng c\u1ee5 b\u1ea3o m\u1eadt t\u00edch h\u1ee3p to\u00e0n di\u1ec7n \u0111\u1ec3 b\u1ea3o v\u1ec7 thi\u1ebft b\u1ecb c\u1ee7a b\u1ea1n tr\u01b0\u1edbc c\u00e1c m\u1ed1i \u0111e d\u1ecda \u0111ang ng\u00e0y m\u1ed9t gia t\u0103ng. <a href=\"https:\/\/www.vietcorp.com\/store\/giai-phap-bao-mat-cua-synology\/\"><strong>T\u00ecm hi\u1ec3u th\u00eam<\/strong><\/a><\/p>\n<p style=\"text-align: center;\"><a href=\"https:\/\/www.vietcorp.com\/store\/snapshot-replication\/\"><strong>Snapshot Replication<\/strong><\/a><\/p>\n<p style=\"text-align: center;\"><img decoding=\"async\" class=\"aligncenter size-full wp-image-5471\" src=\"https:\/\/www.vietcorp.com\/store\/wp-content\/uploads\/2020\/11\/thiet-bi-luu-tru-nas-synology-fs3600-8.jpg\" alt=\"Thi\u1ebft b\u1ecb l\u01b0u tr\u1eef NAS Synology FS3600 14\" width=\"200\" height=\"139\" \/><\/p>\n<p style=\"text-align: center;\">T\u00ednh n\u0103ng b\u1ea3o v\u1ec7 d\u1eef li\u1ec7u theo l\u1ecbch tr\u00ecnh v\u00e0 t\u1ee9c th\u1eddi cho c\u00e1c th\u01b0 m\u1ee5c chia s\u1ebb v\u00e0 iSCSI LUN \u0111\u1ec3 \u0111\u1ec1 ph\u00f2ng s\u1ef1 c\u1ed1. <a href=\"https:\/\/www.vietcorp.com\/store\/snapshot-replication\/\"><strong>T\u00ecm hi\u1ec3u th\u00eam<\/strong><\/a><\/p>\n<h3 style=\"text-align: center;\"><strong>B\u1ec1 ngo\u00e0i NAS Synology FS3600<\/strong><\/h3>\n<p><img decoding=\"async\" class=\"aligncenter size-full wp-image-5485\" src=\"https:\/\/www.vietcorp.com\/store\/wp-content\/uploads\/2020\/11\/thiet-bi-luu-tru-nas-synology-fs3600-22.jpg\" alt=\"Thi\u1ebft b\u1ecb l\u01b0u tr\u1eef NAS Synology FS3600 15\" width=\"1024\" height=\"348\" srcset=\"https:\/\/vietcorp.com\/store\/wp-content\/uploads\/2020\/11\/thiet-bi-luu-tru-nas-synology-fs3600-22.jpg 1024w, https:\/\/vietcorp.com\/store\/wp-content\/uploads\/2020\/11\/thiet-bi-luu-tru-nas-synology-fs3600-22-600x204.jpg 600w, https:\/\/vietcorp.com\/store\/wp-content\/uploads\/2020\/11\/thiet-bi-luu-tru-nas-synology-fs3600-22-768x261.jpg 768w, https:\/\/vietcorp.com\/store\/wp-content\/uploads\/2020\/11\/thiet-bi-luu-tru-nas-synology-fs3600-22-640x218.jpg 640w, https:\/\/vietcorp.com\/store\/wp-content\/uploads\/2020\/11\/thiet-bi-luu-tru-nas-synology-fs3600-22-400x136.jpg 400w, https:\/\/vietcorp.com\/store\/wp-content\/uploads\/2020\/11\/thiet-bi-luu-tru-nas-synology-fs3600-22-367x125.jpg 367w\" sizes=\"(max-width: 1024px) 100vw, 1024px\" \/><\/p>\n<p>Xem th\u00eam NAS Synology:<\/p>\n<ul>\n<li><a href=\"https:\/\/www.vietcorp.com\/vn\/chung-nhan\/\">Ch\u1ee9ng nh\u1eadn Synology<\/a><\/li>\n<li><a href=\"https:\/\/vietcorp.com\/support\/synology\/\">Support Synology<\/a><\/li>\n<li><a href=\"https:\/\/www.vietcorp.com\/blog\/tag\/showcase-synology\/\">Showcase Synology<\/a><\/li>\n<\/ul>\n<p>&nbsp;<\/p>\n","protected":false},"excerpt":{"rendered":"<p>Thi\u1ebft b\u1ecb l\u01b0u tr\u1eef NAS Synology FS3600<br \/>\nNAS 24 khay \u1ed5 \u0111\u0129a max 72 \u1ed5 \u0111\u0129a<br \/>\n16 GB DDR4 ECC up to 128 GB<br \/>\nOver 195,000 iSCSI 4K<br \/>\nB\u1ea3o h\u00e0nh 60 th\u00e1ng<\/p>\n","protected":false},"featured_media":6984,"template":"","meta":[],"product_brand":[],"product_cat":[403],"product_tag":[38,528,53,530,23,529,92,97],"class_list":{"0":"post-80","1":"product","2":"type-product","3":"status-publish","4":"has-post-thumbnail","6":"product_cat-fs-series","7":"product_tag-flashstation","8":"product_tag-fs3600","9":"product_tag-nas","10":"product_tag-nas-fs3600","11":"product_tag-synology","12":"product_tag-synology-fs3600","13":"product_tag-synology-nas","14":"product_tag-thiet-bi-luu-tru","15":"pa_bao-hanh-60-thang","16":"pa_bo-nho-ram-16-gb","17":"pa_bo-nho-ram-mo-rong-den-128-gb","18":"pa_bo-vxl-cpu-intel-xeon","19":"pa_chung-loai-nas","20":"pa_cong-giao-tiep-1-x-expansion-port","21":"pa_cong-giao-tiep-2-x-rj-45-10gbe","22":"pa_cong-giao-tiep-2-x-usb-3-0","23":"pa_cong-giao-tiep-4-x-rj-45-1gbe","24":"pa_drive-bays-24-bays","25":"pa_dung-luong-chua-co-o-cung","26":"pa_form-factor-2u-rackmount","27":"pa_muc-dich-su-dung-danh-cho-doanh-nghiep-lon","28":"pa_thuong-hieu-synology","29":"pa_tinh-nang-phan-cung-64-bit-architecture","30":"pa_tinh-nang-phan-cung-encryption-engine-aes-ni","31":"pa_tinh-nang-phan-cung-expandable-storage-capacity","32":"pa_tinh-nang-phan-cung-hot-swappable-drives","33":"pa_tinh-nang-phan-cung-sas-drive-support","34":"pa_tinh-nang-phan-cung-upgradeable-ram","35":"pa_tinh-nang-phan-mem-active-backup-for-business","36":"pa_tinh-nang-phan-mem-btrfs-file-system","37":"pa_tinh-nang-phan-mem-mailplus","38":"pa_tinh-nang-phan-mem-raid-f1","39":"pa_tinh-nang-phan-mem-snapshot-replication","40":"pa_tinh-nang-phan-mem-synology-high-availability","41":"pa_tinh-nang-phan-mem-virtual-machine-manager","43":"first","44":"onbackorder","45":"taxable","46":"shipping-taxable","47":"product-type-simple"},"_links":{"self":[{"href":"https:\/\/vietcorp.com\/store\/wp-json\/wp\/v2\/product\/80","targetHints":{"allow":["GET"]}}],"collection":[{"href":"https:\/\/vietcorp.com\/store\/wp-json\/wp\/v2\/product"}],"about":[{"href":"https:\/\/vietcorp.com\/store\/wp-json\/wp\/v2\/types\/product"}],"wp:featuredmedia":[{"embeddable":true,"href":"https:\/\/vietcorp.com\/store\/wp-json\/wp\/v2\/media\/6984"}],"wp:attachment":[{"href":"https:\/\/vietcorp.com\/store\/wp-json\/wp\/v2\/media?parent=80"}],"wp:term":[{"taxonomy":"product_brand","embeddable":true,"href":"https:\/\/vietcorp.com\/store\/wp-json\/wp\/v2\/product_brand?post=80"},{"taxonomy":"product_cat","embeddable":true,"href":"https:\/\/vietcorp.com\/store\/wp-json\/wp\/v2\/product_cat?post=80"},{"taxonomy":"product_tag","embeddable":true,"href":"https:\/\/vietcorp.com\/store\/wp-json\/wp\/v2\/product_tag?post=80"}],"curies":[{"name":"wp","href":"https:\/\/api.w.org\/{rel}","templated":true}]}}