


{"id":76,"date":"2020-11-03T09:36:30","date_gmt":"2020-11-03T02:36:30","guid":{"rendered":"https:\/\/www.vietcorp.com\/store\/product\/synology-ds1819\/"},"modified":"2024-05-09T15:49:46","modified_gmt":"2024-05-09T08:49:46","slug":"thiet-bi-luu-tru-nas-synology-ds1819","status":"publish","type":"product","link":"https:\/\/vietcorp.com\/store\/76\/thiet-bi-luu-tru-nas-synology-ds1819\/","title":{"rendered":"Thi\u1ebft b\u1ecb l\u01b0u tr\u1eef NAS Synology DS1819+"},"content":{"rendered":"<section class=\"wpb-content-wrapper\"><p>[vc_row][vc_column][vc_column_text]<\/p>\n<h4 style=\"color: red;\">S\u1ea3n ph\u1ea9m ng\u1eebng kinh doanh<\/h4>\n<p>[\/vc_column_text][\/vc_column][\/vc_row][vc_row][vc_column][vc_column_text]S\u1ea3n ph\u1ea9m thay th\u1ebf[\/vc_column_text]<div class=\"woocommerce \">\r\n<ul class=\"products products-container grid pcols-lg-4 pcols-md-3 pcols-xs-2 pcols-ls-1 pwidth-lg-4 pwidth-md-3 pwidth-xs-2 pwidth-ls-1 is-shortcode\"\r\r\n\t data-product_layout=\"product-default\">\r\r\n\r\n\r\r\n<li class=\"product-col product-default product type-product post-1061 status-publish first instock product_cat-ds-series product_cat-nas product_cat-san-pham-ngung-kinh-doanh product_tag-diskstation product_tag-ds1821 product_tag-nas product_tag-nas-8-bay product_tag-nas-ds1821 product_tag-synology product_tag-synology-ds1821 has-post-thumbnail taxable shipping-taxable product-type-simple\">\r\r\n<div class=\"product-inner\">\r\r\n\t\r\n\r\r\n\t<div class=\"product-image\">\r\r\n\r\r\n\t\t<a  href=\"https:\/\/vietcorp.com\/store\/1061\/thiet-bi-luu-tru-nas-synology-ds1821\/\" aria-label=\"product\">\r\r\n\t\t\t<div class=\"inner img-effect\"><img decoding=\"async\" width=\"600\" height=\"600\" src=\"https:\/\/vietcorp.com\/store\/wp-content\/uploads\/2020\/12\/nas-synology-ds18212.png\" class=\"attachment-woocommerce_thumbnail size-woocommerce_thumbnail\" alt=\"Synology DS1821+\" srcset=\"https:\/\/vietcorp.com\/store\/wp-content\/uploads\/2020\/12\/nas-synology-ds18212.png 600w, https:\/\/vietcorp.com\/store\/wp-content\/uploads\/2020\/12\/nas-synology-ds18212-400x400.png 400w, https:\/\/vietcorp.com\/store\/wp-content\/uploads\/2020\/12\/nas-synology-ds18212-560x560.png 560w, https:\/\/vietcorp.com\/store\/wp-content\/uploads\/2020\/12\/nas-synology-ds18212-367x367.png 367w\" sizes=\"(max-width: 600px) 100vw, 600px\" \/><img decoding=\"async\" width=\"600\" height=\"600\" src=\"https:\/\/vietcorp.com\/store\/wp-content\/uploads\/2020\/12\/nas-synology-ds18213.png\" class=\"hover-image\" alt=\"Synology DS1821+\" srcset=\"https:\/\/vietcorp.com\/store\/wp-content\/uploads\/2020\/12\/nas-synology-ds18213.png 600w, https:\/\/vietcorp.com\/store\/wp-content\/uploads\/2020\/12\/nas-synology-ds18213-400x400.png 400w, https:\/\/vietcorp.com\/store\/wp-content\/uploads\/2020\/12\/nas-synology-ds18213-560x560.png 560w, https:\/\/vietcorp.com\/store\/wp-content\/uploads\/2020\/12\/nas-synology-ds18213-367x367.png 367w\" sizes=\"(max-width: 600px) 100vw, 600px\" \/><\/div>\r\n\t\t<\/a>\r\r\n\t\r\n\t\r\n\t<\/div>\r\r\n\r\r\n\t<div class=\"product-content\">\r\r\n\t\t<span class=\"category-list\"><a href=\"https:\/\/vietcorp.com\/store\/product-category\/nas\/ds-series\/\" rel=\"tag\">DS Series<\/a>, <a href=\"https:\/\/vietcorp.com\/store\/product-category\/nas\/\" rel=\"tag\">NAS<\/a>, <a href=\"https:\/\/vietcorp.com\/store\/product-category\/san-pham-ngung-kinh-doanh\/\" rel=\"tag\">S\u1ea2N PH\u1ea8M NG\u1eeaNG KINH DOANH<\/a><\/span>\r\n\r\r\n\t\t\r\n\t<a class=\"product-loop-title\"  href=\"https:\/\/vietcorp.com\/store\/1061\/thiet-bi-luu-tru-nas-synology-ds1821\/\">\r\r\n\t<h3 class=\"woocommerce-loop-product__title\">Synology DS1821+<\/h3>\r\n\t<\/a>\r\r\n\t\r\n\r\r\n\t\t\r\n\t<div class=\"description\">\r\r\n\t\t\r\n\t\t<p class=\"post-excerpt\">Thi\u1ebft b\u1ecb l\u01b0u tr\u1eef NAS Synology DS1821+<br \/>\nNAS 8 khay \u1ed5 \u0111\u0129a 18 \u1ed5 \u0111\u0129a<br \/>\n4 GB DDR4 ECC up to 32 GB<br \/>\n4 RJ-45 1GbE<br \/>\nB\u1ea3o h\u00e0nh 36 th\u00e1ng<\/p>\n\r\n\t<\/div>\r\r\n\t\n\t<span class=\"price\">Li\u00ean h\u1ec7<\/span>\n\r\n\r\r\n\t\t\r\n<div class=\"add-links-wrap\">\r\r\n\t<div class=\"add-links clearfix\">\r\r\n\t\t\r\n\t\r\n\t<span id=\"woocommerce_loop_add_to_cart_link_describedby_1061\" class=\"screen-reader-text\">\r\r\n\t\t\r\n\t<\/span>\r\r\n\t\r\n\t<div class=\"quickview\" data-id=\"1061\" title=\"Xem nhanh\">Xem nhanh<\/div>\r\n\t<\/div>\r\r\n\t\r\n<\/div>\r\r\n<a href=\"#\" class=\"button wcq_enquiry_cart_btn\" data-product_id=\"1061\">Y\u00eau c\u1ea7u b\u00e1o gi\u00e1<\/a><span class=\"gtm4wp_productdata\" style=\"display:none; visibility:hidden;\" data-gtm4wp_product_data=\"{&quot;internal_id&quot;:1061,&quot;item_id&quot;:1061,&quot;item_name&quot;:&quot;Synology DS1821+&quot;,&quot;sku&quot;:&quot;SYNOLOGY-DS1821+&quot;,&quot;price&quot;:0,&quot;stocklevel&quot;:8,&quot;stockstatus&quot;:&quot;instock&quot;,&quot;google_business_vertical&quot;:&quot;retail&quot;,&quot;item_category&quot;:&quot;DS Series&quot;,&quot;id&quot;:1061,&quot;productlink&quot;:&quot;https:\\\/\\\/vietcorp.com\\\/store\\\/1061\\\/thiet-bi-luu-tru-nas-synology-ds1821\\\/&quot;,&quot;item_list_name&quot;:&quot;General Product List&quot;,&quot;index&quot;:1,&quot;product_type&quot;:&quot;simple&quot;,&quot;item_brand&quot;:&quot;&quot;}\"><\/span>\r\n\t<\/div>\r\r\n<\/div>\r\r\n\r\r\n<\/li>\r\r\n\r\n<\/ul>\r\r\n<\/div>[vc_column_text]<\/p>\n<h2><strong><span style=\"color: #0000ff;\">S\u1eb5n s\u00e0ng ph\u00e1t tri\u1ec3n m\u1ea1nh m\u1ebd c\u00f9ng doanh nghi\u1ec7p<\/span><\/strong><\/h2>\n<p><strong>Thi\u1ebft b\u1ecb l\u01b0u tr\u1eef Nas Synology DS1819+<\/strong> l\u00e0 NAS \u0111\u1ec3 b\u00e0n 8 <a href=\"https:\/\/vietcorp.com\/store\/nas?filter_drive-bays=8\">bay<\/a> \u1ed5 c\u1ee9ng, cung c\u1ea5p hi\u1ec7u su\u1ea5t v\u01b0\u1ee3t tr\u1ed9i v\u1edbi kh\u1ea3 n\u0103ng m\u1edf r\u1ed9ng l\u1edbn cho ph\u00e9p n\u00e2ng c\u1ea5p d\u1ec5 d\u00e0ng \u0111\u1ec3 \u0111\u00e1p \u1ee9ng nhu c\u1ea7u kinh doanh ng\u00e0y c\u00e0ng t\u0103ng c\u1ee7a b\u1ea1n.<\/p>\n<h2><strong><span style=\"color: #0000ff;\">NAS Synology DS1819+ cung c\u1ea5p ph\u1ea7n c\u1ee9ng m\u1ea1nh m\u1ebd<\/span><\/strong><\/h2>\n<ul>\n<li><strong>B\u1ed9 x\u1eed l\u00fd CPU<\/strong>: Quad-core 2.1GHz with AES-NI encryption engine<\/li>\n<li><strong>B\u1ed9 nh\u1edb RAM<\/strong>: 4GB DDR4, n\u00e2ng c\u1ea5p l\u00ean \u0111\u1ebfn 32GB DDR4<\/li>\n<li><strong>T\u1ed1c \u0111\u1ed9<\/strong>: Ch\u1ebf \u0111\u1ed9 \u0111\u1ecdc tu\u1ea7n t\u1ef1 t\u0103ng l\u00ean \u0111\u1ebfn 2,045 MB\/s v\u00e0 ghi tu\u1ea7n t\u1ef1 \u00a0656 MB\/s<\/li>\n<li><strong>Kh\u1ea3 n\u0103ng m\u1edf r\u1ed9ng<\/strong>: V\u1edbi hai DX517, n\u00f3 c\u00f3 th\u1ec3 \u0111\u01b0\u1ee3c m\u1edf r\u1ed9ng l\u00ean 18 \u1ed5 c\u1ee9ng<\/li>\n<\/ul>\n<h2><strong><span style=\"color: #0000ff;\">X\u1eed l\u00fd kh\u1ed1i l\u01b0\u1ee3ng c\u00f4ng vi\u1ec7c chuy\u00ean s\u00e2u v\u1edbi card m\u1edf r\u1ed9ng PCIe<\/span><\/strong><\/h2>\n<p>NAS Synology DS1819+ \u0111i k\u00e8m v\u1edbi b\u1ed1n c\u1ed5ng Gigabit Ethernet v\u00e0 m\u1ed9t khe c\u1eafm m\u1edf r\u1ed9ng PCIe, mang \u0111\u1ebfn s\u1ef1 linh ho\u1ea1t v\u1ec1 c\u1ea5u h\u00ecnh tuy\u1ec7t v\u1eddi, do \u0111\u00f3 \u0111\u00e1p \u1ee9ng nhu c\u1ea7u kh\u1ed1i l\u01b0\u1ee3ng c\u00f4ng vi\u1ec7c chuy\u00ean s\u00e2u c\u1ee7a b\u1ea1n.<\/p>\n<p>&nbsp;<\/p>\n<h3><img decoding=\"async\" class=\"aligncenter wp-image-4160 size-full\" src=\"https:\/\/vietcorp.com\/blog\/wp-content\/uploads\/2021\/01\/nas-synology-ds1819-pcie_01-vietcorp.png\" alt=\"Vietcorp ph\u00e2n ph\u1ed1i NAS Synology DS1819+\" width=\"611\" height=\"311\" \/><\/h3>\n<h4 class=\"h4\" style=\"text-align: center;\">H\u1ed7 tr\u1ee3 M.2 SSD adapter M2D18<\/h4>\n<p style=\"text-align: center;\">T\u0103ng IOPS ng\u1eabu nhi\u00ean v\u1edbi b\u1ed9 nh\u1edb \u0111\u1ec7m M.2 NVMe \/ SATA SSD<\/p>\n<p>&nbsp;<\/p>\n<h3 class=\"h4\"><img decoding=\"async\" class=\"aligncenter wp-image-4161 size-full\" src=\"https:\/\/vietcorp.com\/blog\/wp-content\/uploads\/2021\/01\/nas-synology-ds1819-pcie_02-vietcorp.png\" alt=\"Vietcorp ph\u00e2n ph\u1ed1i NAS Synology DS1819+\" width=\"611\" height=\"311\" \/><\/h3>\n<h4 style=\"text-align: center;\">H\u1ed7 tr\u1ee3 add-in card 10GbE<\/h4>\n<p style=\"text-align: center;\">Ph\u00e1 v\u1ee1 b\u0103ng th\u00f4ng truy\u1ec1n d\u1eef li\u1ec7u v\u1edbi network interface card<\/p>\n<p>&nbsp;<\/p>\n<p><img decoding=\"async\" class=\"aligncenter wp-image-4159 size-full\" src=\"https:\/\/vietcorp.com\/blog\/wp-content\/uploads\/2021\/01\/nas-synology-ds1819-pcie_03-vietcorp.png\" alt=\"Vietcorp ph\u00e2n ph\u1ed1i NAS Synology DS1819+\" width=\"611\" height=\"311\" \/><\/p>\n<h4 class=\"h4\" style=\"text-align: center;\">T\u00edch h\u1ee3p 4 c\u1ed5ng Gigabit Ethernet<\/h4>\n<p style=\"text-align: center;\">H\u1ed7 tr\u1ee3 chuy\u1ec3n \u0111\u1ed5i d\u1ef1 ph\u00f2ng v\u00e0 Link Aggregation<\/p>\n<p>&nbsp;<\/p>\n<h2><strong><span style=\"color: #0000ff;\">NAS Synology DS1819+ \u0111<\/span><\/strong><span id=\"DS1520_duoc_thiet_ke_dam_bao_do_tin_cay_cao\" style=\"color: #0000ff;\"><strong>\u01b0\u1ee3c thi\u1ebft k\u1ebf \u0111\u1ea3m b\u1ea3o \u0111\u1ed9 tin c\u1eady cao<\/strong><\/span><\/h2>\n<p>NAS Synology DS1819+ \u0111\u01b0\u1ee3c thi\u1ebft k\u1ebf \u0111\u1ec3 l\u01b0u tr\u1eef d\u1eef li\u1ec7u c\u1ee7a b\u1ea1n m\u1ed9t c\u00e1ch \u0111\u00e1ng tin c\u1eady v\u00e0 \u0111\u01b0\u1ee3c h\u1ed7 tr\u1ee3 b\u1edfi b\u1ea3o h\u00e0nh ph\u1ea7n c\u1ee9ng ba n\u0103m c\u1ee7a Synology. B\u1ea3o h\u00e0nh m\u1edf r\u1ed9ng hai n\u0103m t\u00f9y ch\u1ecdn c\u00f3 s\u1eb5n \u1edf m\u1ed9t s\u1ed1 khu v\u1ef1c v\u1edbi th\u1eddi gian b\u1ea3o hi\u1ec3m l\u00ean \u0111\u1ebfn n\u0103m n\u0103m<\/p>\n<p><img decoding=\"async\" class=\"aligncenter wp-image-4100 size-full\" src=\"https:\/\/vietcorp.com\/blog\/wp-content\/uploads\/2021\/01\/nas-synology-rs820-extended_warranty_EW202-viecorp.png\" alt=\"Vietcorp ph\u00e2n ph\u1ed1i NAS Synology DS1819+\" width=\"544\" height=\"420\" \/><\/p>\n<p>&nbsp;<\/p>\n<h2 style=\"text-align: center;\"><strong><span style=\"color: #0000ff;\">NAS Synology DS1819+ h\u1ed7 tr\u1ee3 c<\/span><\/strong><strong><span style=\"color: #0000ff;\">\u1ed9ng t\u00e1c trong th\u1eddi gian th\u1ef1c tr\u00ean private cloud c\u1ee7a b\u1ea1n<\/span><\/strong><\/h2>\n<p><strong>Synology Office<\/strong> l\u00e0 m\u1ed9t g\u00f3i c\u1ed9ng t\u00e1c file s\u1eed d\u1ee5ng public cloud v\u1edbi quy\u1ec1n ri\u00eang t\u01b0 v\u00e0 b\u1ea3o m\u1eadt cao. N\u00f3 cho ph\u00e9p c\u1ed9ng t\u00e1c file tr\u00ean c\u00e1c t\u00e0i li\u1ec7u v\u00e0 b\u1ea3ng t\u00ednh trong m\u1ed9t m\u00f4i tr\u01b0\u1eddng \u0111\u01b0\u1ee3c b\u1ea3o v\u1ec7.<\/p>\n<p>&nbsp;<\/p>\n<p><img decoding=\"async\" class=\"aligncenter wp-image-4162 size-full\" src=\"https:\/\/vietcorp.com\/blog\/wp-content\/uploads\/2021\/01\/nas-synology-ds1819-cloud_01-vietcorp.png\" alt=\"Vietcorp ph\u00e2n ph\u1ed1i NAS Synology DS1819+\" width=\"888\" height=\"527\" \/><\/p>\n<p>&nbsp;<\/p>\n<h2 style=\"text-align: center;\"><strong><span style=\"color: #0000ff;\">B\u1ea3o v\u1ec7 d\u1eef li\u1ec7u k\u1ef9 thu\u1eadt s\u1ed1<\/span><\/strong><\/h2>\n<p>NAS Synology DS1819+ cung c\u1ea5p c\u00e1c bi\u1ec7n ph\u00e1p ti\u00ean ti\u1ebfn \u0111\u1ec3 b\u1ea3o v\u1ec7 m\u1ea5t d\u1eef li\u1ec7u \u0111\u1ed9t ng\u1ed9t v\u00e0 c\u00e1c l\u1ed7 h\u1ed5ng b\u1ea3o m\u1eadt ti\u1ec1m \u1ea9n.<\/p>\n<p><strong>Security Advisor<\/strong><\/p>\n<p>Ph\u00e2n t\u00edch h\u1ec7 th\u1ed1ng, \u0111\u1ed9 m\u1ea1nh m\u1eadt kh\u1ea9u v\u00e0 t\u00f9y ch\u1ecdn m\u1ea1ng, \u0111\u1ed3ng th\u1eddi x\u00f3a m\u1ecdi ph\u1ea7n m\u1ec1m \u0111\u1ed9c h\u1ea1i c\u00f3 th\u1ec3<\/p>\n<p><strong>AppArmor<\/strong><\/p>\n<p>T\u00ednh n\u0103ng n\u00e2ng cao gi\u00fap ch\u1eb7n c\u00e1c ch\u01b0\u01a1ng tr\u00ecnh \u0111\u1ed9c h\u1ea1i truy c\u1eadp tr\u00e1i ph\u00e9p v\u00e0o t\u00e0i nguy\u00ean h\u1ec7 th\u1ed1ng.<\/p>\n<p><strong>AES 256-bit encryption<\/strong><\/p>\n<p>M\u00e3 h\u00f3a c\u00e1c th\u01b0 m\u1ee5c chia s\u1ebb v\u00e0 truy\u1ec1n d\u1eef li\u1ec7u m\u1ea1ng \u0111\u1ec3 tr\u00e1nh truy c\u1eadp d\u1eef li\u1ec7u tr\u00e1i ph\u00e9p.<\/p>\n<p><strong>2-step verification<\/strong><\/p>\n<p>Ng\u0103n ng\u01b0\u1eddi kh\u00e1c \u0111\u0103ng nh\u1eadp v\u00e0o DSM c\u1ee7a b\u1ea1n b\u1eb1ng c\u00e1ch t\u1ea1o m\u1eadt kh\u1ea9u d\u00f9ng m\u1ed9t l\u1ea7n (OTP) g\u1ed3m s\u00e1u ch\u1eef s\u1ed1 tr\u00ean thi\u1ebft b\u1ecb di \u0111\u1ed9ng c\u1ee7a b\u1ea1n.<\/p>\n<p><img decoding=\"async\" class=\"aligncenter wp-image-4163 size-full\" src=\"https:\/\/vietcorp.com\/blog\/wp-content\/uploads\/2021\/01\/nas-synology-ds1819-asset_protection_bg-vietcorp.png\" alt=\"Vietcorp ph\u00e2n ph\u1ed1i NAS Synology DS1819+\" width=\"760\" height=\"426\" \/><\/p>\n<p>&nbsp;<\/p>\n<h2 style=\"text-align: center;\"><strong><span style=\"color: #0000ff;\">Gi\u1ea3i ph\u00e1p sao l\u01b0u t\u1ed1i \u01b0u<\/span><\/strong><\/h2>\n<p>NAS Synology DS1819+ t\u00edch h\u1ee3p c\u00e1c \u1ee9ng d\u1ee5ng backup kh\u00e1c nhau v\u1edbi giao di\u1ec7n ng\u01b0\u1eddi d\u00f9ng tr\u1ef1c quan, cung c\u1ea5p c\u00e1c c\u00f4ng ngh\u1ec7 l\u01b0u tr\u1eef l\u00e2u b\u1ec1n \u0111\u1ec3 b\u1ea3o v\u1ec7 d\u1eef li\u1ec7u qu\u00fd gi\u00e1 c\u1ee7a b\u1ea1n tr\u00ean m\u1ecdi thi\u1ebft b\u1ecb.<\/p>\n<p>&nbsp;<\/p>\n<p>&nbsp;<\/p>\n<table>\n<tbody>\n<tr>\n<td><img decoding=\"async\" class=\"size-full wp-image-3829 aligncenter\" src=\"https:\/\/vietcorp.com\/blog\/wp-content\/uploads\/2020\/12\/backup_solution_1.png\" alt=\"\" width=\"60\" height=\"60\" \/><\/p>\n<h4 style=\"text-align: center;\">Active Backup for Business<\/h4>\n<\/td>\n<td><img decoding=\"async\" class=\"size-full wp-image-3830 aligncenter\" src=\"https:\/\/vietcorp.com\/blog\/wp-content\/uploads\/2020\/12\/backup_solution_2.png\" alt=\"\" width=\"60\" height=\"60\" \/><\/p>\n<h4 style=\"text-align: center;\">Hyper Backup<\/h4>\n<\/td>\n<td><img decoding=\"async\" class=\"size-full wp-image-3827 aligncenter\" src=\"https:\/\/vietcorp.com\/blog\/wp-content\/uploads\/2020\/12\/backup_solution_3.png\" alt=\"\" width=\"60\" height=\"60\" \/><\/p>\n<h4 style=\"text-align: center;\">Drive Package<\/h4>\n<\/td>\n<td>\n<p style=\"text-align: center;\"><img decoding=\"async\" class=\"alignnone size-full wp-image-3828\" src=\"https:\/\/vietcorp.com\/blog\/wp-content\/uploads\/2020\/12\/backup_solution_4.png\" alt=\"\" width=\"60\" height=\"60\" \/><\/p>\n<h4 style=\"text-align: center;\">Active Backup for<br \/>\nMicrosoft 365 \/ G Suite<\/h4>\n<\/td>\n<\/tr>\n<tr>\n<td>Qu\u1ea3n l\u00fd t\u1eadp trung c\u00e1c t\u00e1c v\u1ee5 sao l\u01b0u cho VMware, Windows v\u00e0 m\u00e1y ch\u1ee7 t\u1ec7p. Khi c\u1ea7n thi\u1ebft, kh\u00f4i ph\u1ee5c c\u00e1c d\u1ecbch v\u1ee5 b\u1ea1n c\u1ea7n m\u1ed9t c\u00e1ch nhanh ch\u00f3ng v\u00e0 \u0111\u00e1ng tin c\u1eady.<\/td>\n<td>Sao l\u01b0u ho\u00e0n to\u00e0n c\u00e1c t\u1ec7p c\u1ee7a b\u1ea1n v\u00e0o c\u00e1c th\u01b0 m\u1ee5c chia s\u1ebb c\u1ee5c b\u1ed9, thi\u1ebft b\u1ecb b\u00ean ngo\u00e0i, m\u1ed9t NAS Synology kh\u00e1c, m\u00e1y ch\u1ee7 rsync ho\u1eb7c \u0111\u00e1m m\u00e2y c\u00f4ng c\u1ed9ng \u0111\u1ec3 \u0111\u1ea3m b\u1ea3o an to\u00e0n cho d\u1eef li\u1ec7u.<\/td>\n<td>B\u1ea3o v\u1ec7 m\u00e1y t\u00ednh c\u1ee7a b\u1ea1n v\u1edbi Synology Drive Client. D\u1ec5 d\u00e0ng th\u1ef1c hi\u1ec7n sao l\u01b0u v\u00e0 kh\u00f4i ph\u1ee5c t\u1ec7p ngay l\u1eadp t\u1ee9c t\u1ea1i b\u1ea5t k\u1ef3 th\u1eddi \u0111i\u1ec3m n\u00e0o.<\/td>\n<td>B\u1ea3o v\u1ec7 d\u1eef li\u1ec7u c\u00f4ng ty \u0111\u01b0\u1ee3c l\u01b0u tr\u1eef tr\u00ean \u0111\u00e1m m\u00e2y. Qu\u1ea3n l\u00fd c\u00e1c gi\u1ea3i ph\u00e1p sao l\u01b0u c\u1ee5c b\u1ed9 v\u1edbi m\u1ed9t b\u1ea3ng \u0111i\u1ec1u khi\u1ec3n t\u1eadp trung. T\u1ed1i \u01b0u h\u00f3a hi\u1ec7u su\u1ea5t l\u01b0u tr\u1eef v\u1edbi c\u00f4ng ngh\u1ec7 l\u01b0u tr\u1eef m\u1ed9t phi\u00ean b\u1ea3n duy nh\u1ea5t v\u00e0 ch\u1ed1ng sao ch\u00e9p d\u1eef li\u1ec7u c\u1ea5p kh\u1ed1i.<\/td>\n<\/tr>\n<\/tbody>\n<\/table>\n<p>&nbsp;<\/p>\n<h2 style=\"text-align: center;\"><strong><span style=\"color: #0000ff;\">\u0110\u1ea7y \u0111\u1ee7 c\u00e1c gi\u1ea3i ph\u00e1p ch\u1ee9ng nh\u1eadn \u1ea3o h\u00f3a<\/span><\/strong><\/h2>\n<p>Gi\u1ea3i ph\u00e1p l\u01b0u tr\u1eef iSCSI c\u1ee7a Synology h\u1ed7 tr\u1ee3 \u0111\u1ea7y \u0111\u1ee7 c\u00e1c m\u00f4i tr\u01b0\u1eddng \u1ee9ng d\u1ee5ng \u1ea3o h\u00f3a ch\u00ednh th\u1ed1ng v\u00e0 c\u1ea3i thi\u1ec7n hi\u1ec7u qu\u1ea3 c\u00f4ng vi\u1ec7c th\u00f4ng qua giao di\u1ec7n qu\u1ea3n l\u00fd d\u1ec5 s\u1eed d\u1ee5ng. Vi\u1ec7c t\u00edch h\u1ee3p VMware vSphere 6 v\u00e0 VAAI c\u00f3 th\u1ec3 gi\u1ea3m t\u1ea3i c\u00e1c ho\u1ea1t \u0111\u1ed9ng l\u01b0u tr\u1eef c\u1ee5 th\u1ec3 v\u00e0 t\u1ed1i \u01b0u h\u00f3a hi\u1ec7u su\u1ea5t m\u00e1y t\u00ednh. Windows Offloaded Data Transfer (ODX) c\u1ea3i thi\u1ec7n \u0111\u00e1ng k\u1ec3 hi\u1ec7u qu\u1ea3 c\u1ee7a vi\u1ec7c truy\u1ec1n v\u00e0 truy\u1ec1n d\u1eef li\u1ec7u. S\u1ef1 h\u1ed7 tr\u1ee3 c\u1ee7a OpenStack Cinder c\u0169ng c\u00f3 th\u1ec3 \u0111\u1ecbnh c\u1ea5u h\u00ecnh NAS Synology c\u1ee7a b\u1ea1n nh\u01b0 m\u1ed9t thi\u1ebft b\u1ecb l\u01b0u tr\u1eef ph\u00e2n \u0111o\u1ea1n kh\u1ed1i.<\/p>\n<p><img decoding=\"async\" class=\"size-full wp-image-3826 aligncenter\" src=\"https:\/\/vietcorp.com\/blog\/wp-content\/uploads\/2020\/12\/vmware.jpg\" alt=\"\" width=\"768\" height=\"291\" \/><\/p>\n<h2><strong><span style=\"color: #0000ff;\">B\u1ec1 ngo\u00e0i c\u1ee7a NAS Synology DS1819+<\/span><\/strong><\/h2>\n<p>&nbsp;<\/p>\n<table style=\"height: 478px;\" width=\"904\">\n<tbody>\n<tr>\n<td style=\"text-align: center;\"><strong>M\u1eb7t tr\u01b0\u1edbc NAS Synology DS1819+<\/strong><\/td>\n<td style=\"text-align: center;\"><strong>M\u1eb7t sau NAS Synology DS1819+<\/strong><\/td>\n<\/tr>\n<tr>\n<td><img decoding=\"async\" class=\"alignnone size-full wp-image-3833\" src=\"https:\/\/vietcorp.com\/blog\/wp-content\/uploads\/2020\/12\/backpanel_01.png\" alt=\"\" width=\"540\" height=\"270\" \/><\/td>\n<td><img decoding=\"async\" class=\"alignnone size-full wp-image-3832\" src=\"https:\/\/vietcorp.com\/blog\/wp-content\/uploads\/2020\/12\/backpanel_02.png\" alt=\"\" width=\"540\" height=\"270\" \/><\/td>\n<\/tr>\n<tr>\n<td>1. \u0110\u00e8n b\u00e1o tr\u1ea1ng th\u00e1i<\/td>\n<td>9. Ngu\u1ed3n\u00a0\u0111i\u1ec7n<\/td>\n<\/tr>\n<tr>\n<td>2. \u0110\u00e8n b\u00e1o c\u1ea3nh b\u00e1o<\/td>\n<td>10. Khe b\u1ea3o m\u1eadt Kensington<\/td>\n<\/tr>\n<tr>\n<td>3. \u0110\u00e8n tr\u1ea1ng th\u00e1i \u1ed5 c\u1ee9ng<\/td>\n<td>11. C\u1ed5ng m\u1ea1ng 1GbE RJ-45<\/td>\n<\/tr>\n<tr>\n<td>4. Kh\u00f3a khay \u1ed5 c\u1ee9ng<\/td>\n<td>12. c\u1ed5ng eSATA<\/td>\n<\/tr>\n<tr>\n<td>5. N\u00fat ngu\u1ed3n v\u00e0 \u0111\u00e8n b\u00e1o<\/td>\n<td>13. Khe c\u1eafm m\u1edf r\u1ed9ng PCIe<\/td>\n<\/tr>\n<tr>\n<td>6. \u0110\u00e8n b\u00e1o m\u1ea1ng LAN<\/td>\n<td>14. N\u00fat reset<\/td>\n<\/tr>\n<tr>\n<td>7. C\u1ed5ng USB 3.0<\/td>\n<td>15. C\u1ed5ng USB 3.0<\/td>\n<\/tr>\n<tr>\n<td>8. Qu\u1ea1t h\u1ec7 th\u1ed1ng<\/td>\n<td><\/td>\n<\/tr>\n<\/tbody>\n<\/table>\n<p>[\/vc_column_text][\/vc_column][\/vc_row]<\/p>\n<\/section>","protected":false},"excerpt":{"rendered":"<h4 style=\"color: red;\"><strong>S\u1ea2N PH\u1ea8M NG\u1eeaNG KINH DOANH<\/strong><\/h4>\n<p><a href=\"https:\/\/www.vietcorp.com\/blog\/danh-sach-san-pham-synology-ngung-kinh-doanh-14724.html\/\">(Danh s\u00e1ch s\u1ea3n ph\u1ea9m Synology ng\u1eebng kinh doanh)<\/a><br \/>\nDS1819+ 8 bays<br \/>\nQuad-core 2.1 GHz CPU<br \/>\nM.2 NVMe\/SATA SSD cache support<br \/>\nScale up to 18 drives<\/p>\n","protected":false},"featured_media":74,"template":"","meta":[],"product_brand":[],"product_cat":[337],"product_tag":[],"class_list":{"0":"post-76","1":"product","2":"type-product","3":"status-publish","4":"has-post-thumbnail","6":"product_cat-san-pham-ngung-kinh-doanh","7":"pa_bao-hanh-36-thang","8":"pa_bo-nho-ram-4-gb","9":"pa_bo-nho-ram-mo-rong-den-32-gb","10":"pa_bo-vxl-cpu-intel-atom","11":"pa_chung-loai-nas","12":"pa_cong-giao-tiep-2-x-esata","13":"pa_cong-giao-tiep-4-x-rj-45-1gbe","14":"pa_cong-giao-tiep-4-x-usb-3-0","15":"pa_drive-bays-8-bays","16":"pa_drive-bays-mo-rong-den-18-bays","17":"pa_dung-luong-chua-co-o-cung","18":"pa_form-factor-tower","19":"pa_muc-dich-su-dung-danh-cho-ca-nhan","20":"pa_muc-dich-su-dung-danh-cho-doanh-nghiep-nho","21":"pa_muc-dich-su-dung-danh-cho-doanh-nghiep-vua","22":"pa_tinh-nang-phan-cung-64-bit-architecture","23":"pa_tinh-nang-phan-cung-encryption-engine-aes-ni","24":"pa_tinh-nang-phan-cung-expandable-storage-capacity","25":"pa_tinh-nang-phan-cung-upgradeable-ram","26":"pa_tinh-nang-phan-mem-active-backup-for-business","27":"pa_tinh-nang-phan-mem-btrfs-file-system","28":"pa_tinh-nang-phan-mem-mailplus","29":"pa_tinh-nang-phan-mem-snapshot-replication","30":"pa_tinh-nang-phan-mem-synology-high-availability","31":"pa_tinh-nang-phan-mem-virtual-machine-manager","33":"first","34":"outofstock","35":"taxable","36":"shipping-taxable","37":"purchasable","38":"product-type-simple"},"_links":{"self":[{"href":"https:\/\/vietcorp.com\/store\/wp-json\/wp\/v2\/product\/76","targetHints":{"allow":["GET"]}}],"collection":[{"href":"https:\/\/vietcorp.com\/store\/wp-json\/wp\/v2\/product"}],"about":[{"href":"https:\/\/vietcorp.com\/store\/wp-json\/wp\/v2\/types\/product"}],"wp:featuredmedia":[{"embeddable":true,"href":"https:\/\/vietcorp.com\/store\/wp-json\/wp\/v2\/media\/74"}],"wp:attachment":[{"href":"https:\/\/vietcorp.com\/store\/wp-json\/wp\/v2\/media?parent=76"}],"wp:term":[{"taxonomy":"product_brand","embeddable":true,"href":"https:\/\/vietcorp.com\/store\/wp-json\/wp\/v2\/product_brand?post=76"},{"taxonomy":"product_cat","embeddable":true,"href":"https:\/\/vietcorp.com\/store\/wp-json\/wp\/v2\/product_cat?post=76"},{"taxonomy":"product_tag","embeddable":true,"href":"https:\/\/vietcorp.com\/store\/wp-json\/wp\/v2\/product_tag?post=76"}],"curies":[{"name":"wp","href":"https:\/\/api.w.org\/{rel}","templated":true}]}}