


{"id":7417,"date":"2024-01-01T07:00:57","date_gmt":"2024-01-01T00:00:57","guid":{"rendered":"https:\/\/www.vietcorp.com\/store\/?post_type=product&#038;p=7417"},"modified":"2026-04-21T14:49:19","modified_gmt":"2026-04-21T07:49:19","slug":"synology-beedrive-4t","status":"publish","type":"product","link":"https:\/\/vietcorp.com\/store\/7417\/synology-beedrive-4t\/","title":{"rendered":"Synology BDS70-4T"},"content":{"rendered":"<h2><strong><a href=\"https:\/\/www.vietcorp.com\/store\/7417\/synology-beedrive-4t\/\">Synology BeeDrive 4TB<\/a> n\u01a1i l\u01b0u tr\u1eef chung cho c\u00f4ng vi\u1ec7c v\u00e0 k\u1ef7 ni\u1ec7m<\/strong><\/h2>\n<p><strong>Th\u00f4ng s\u1ed1 k\u1ef9 thu\u1eadt:<\/strong><\/p>\n<ul>\n<li>Dung l\u01b0\u1ee3ng: 4<strong>\u00a0TB<\/strong><\/li>\n<li>K\u00edch th\u01b0\u1edbc s\u1ea3n ph\u1ea9m: <strong>65 mm x 65 mm x 15 mm<\/strong><\/li>\n<li>Tr\u1ecdng l\u01b0\u1ee3ng: <strong>43 g<\/strong><\/li>\n<li>Chu\u1ea9n k\u1ebft n\u1ed1i: <strong>USB-C<\/strong><\/li>\n<li>Giao di\u1ec7n: <strong>USB 3.2 Gen 2 (10 Gbps)<\/strong><\/li>\n<li>T\u1ed1c \u0111\u1ed9: <strong>L\u00ean \u0111\u1ebfn 1.050 MB\/gi\u00e2y<\/strong><\/li>\n<li>L\u01b0u tr\u1eef l\u00ean \u0111\u1ebfn: <strong>833K b\u1ee9c \u1ea3nh, 5,7K video<\/strong><\/li>\n<li>BeeDrive cho m\u00e1y t\u00ednh: <strong>Windows 10 (1809 tr\u1edf l\u00ean), Windows 11, S\u1eafp ra m\u1eaft tr\u00ean macOS<\/strong><\/li>\n<li>\u1ee8ng d\u1ee5ng di \u0111\u1ed9ng BeeDrive: <strong>iOS 15 tr\u1edf l\u00ean, Android 10 tr\u1edf l\u00ean<\/strong><\/li>\n<li>Ch\u1ee9ng ch\u1ec9: <strong>RoHS, FCC, CE, BSMI, VCCI, RCM, KC, UKCA, BIS<\/strong><\/li>\n<li><strong>B\u1ea3o h\u00e0nh 36 th\u00e1ng<\/strong><\/li>\n<\/ul>\n<p><center>Review \u1ed5 c\u1ee9ng di \u0111\u1ed9ng Synology BeeDrive<\/center><center><iframe loading=\"lazy\" title=\"YouTube video player\" src=\"https:\/\/www.youtube.com\/embed\/qT-dQLUskYA?si=uj8qtRjURnQuma0b\" width=\"560\" height=\"315\" frameborder=\"0\" allowfullscreen=\"allowfullscreen\"><\/iframe><\/center><br \/>\n<strong><img decoding=\"async\" class=\"aligncenter size-full wp-image-3791\" src=\"https:\/\/www.vietcorp.com\/store\/wp-content\/uploads\/2023\/06\/Synology-beedrive-11.jpg\" alt=\"Synology BDS70-4T 1\" width=\"600\" height=\"429\" srcset=\"https:\/\/vietcorp.com\/store\/wp-content\/uploads\/2023\/06\/Synology-beedrive-11.jpg 600w, https:\/\/vietcorp.com\/store\/wp-content\/uploads\/2023\/06\/Synology-beedrive-11-400x286.jpg 400w, https:\/\/vietcorp.com\/store\/wp-content\/uploads\/2023\/06\/Synology-beedrive-11-367x262.jpg 367w\" sizes=\"(max-width: 600px) 100vw, 600px\" \/><\/strong><\/p>\n<h3 style=\"text-align: center;\"><strong>Trung t\u00e2m sao l\u01b0u c\u00e1 nh\u00e2n<\/strong><\/h3>\n<p style=\"text-align: center;\"><strong><a href=\"https:\/\/www.vietcorp.com\/store\/nas-synology\/\">Synology<\/a> BeeDrive<\/strong> gi\u00fap b\u1ea1n t\u1ed5ng h\u1ee3p m\u1ecdi d\u1eef li\u1ec7u t\u1eeb d\u1ef1 \u00e1n h\u1ecdc t\u1eadp, c\u00f4ng vi\u1ec7c \u0111\u1ebfn nh\u1eefng b\u1ee9c \u1ea3nh du l\u1ecbch v\u00e0 gi\u1ea3i ph\u00f3ng dung l\u01b0\u1ee3ng tr\u00ean di \u0111\u1ed9ng. V\u1edbi BeeDrive, m\u1ecdi th\u1ee9 \u0111\u1ec1u \u0111\u01b0\u1ee3c s\u1eafp x\u1ebfp v\u00e0 l\u01b0u tr\u1eef ch\u1ec9 trong m\u1ed9t n\u01a1i duy nh\u1ea5t.<\/p>\n<p><img decoding=\"async\" class=\"aligncenter size-full wp-image-3787\" src=\"https:\/\/www.vietcorp.com\/store\/wp-content\/uploads\/2023\/06\/Synology-beedrive-7.jpg\" alt=\"Synology BDS70-4T 2\" width=\"600\" height=\"337\" srcset=\"https:\/\/vietcorp.com\/store\/wp-content\/uploads\/2023\/06\/Synology-beedrive-7.jpg 600w, https:\/\/vietcorp.com\/store\/wp-content\/uploads\/2023\/06\/Synology-beedrive-7-400x225.jpg 400w, https:\/\/vietcorp.com\/store\/wp-content\/uploads\/2023\/06\/Synology-beedrive-7-367x206.jpg 367w\" sizes=\"(max-width: 600px) 100vw, 600px\" \/><\/p>\n<p style=\"text-align: center;\"><strong>L\u01b0u tr\u1eef l\u00ean t\u1edbi h\u01a1n<\/strong><\/p>\n<p style=\"text-align: center;\"><strong>833K<\/strong> b\u1ee9c \u1ea3nh<\/p>\n<p style=\"text-align: center;\"><strong>5,7K<\/strong> video<\/p>\n<p style=\"text-align: center;\"><strong>\u0110\u1ea3m b\u1ea3o quy\u1ec1n ri\u00eang t\u01b0<\/strong><\/p>\n<p style=\"text-align: center;\"><img decoding=\"async\" class=\"aligncenter size-full wp-image-3795\" src=\"https:\/\/www.vietcorp.com\/store\/wp-content\/uploads\/2023\/06\/beedrive-1.jpg\" alt=\"Synology BDS70-4T 3\" width=\"98\" height=\"86\" \/><\/p>\n<p style=\"text-align: center;\">T\u1ea5t c\u1ea3 d\u1eef li\u1ec7u \u0111\u1ec1u \u0111\u01b0\u1ee3c l\u01b0u tr\u1eef t\u1ea1i ch\u1ed7 an to\u00e0n, kh\u00f4ng lo b\u1ecb truy c\u1eadp t\u1eeb b\u00ean th\u1ee9 ba.<\/p>\n<p style=\"text-align: center;\"><strong>Kh\u00f4ng m\u1ea5t ph\u00ed \u0111\u0103ng k\u00fd<\/strong><\/p>\n<p style=\"text-align: center;\"><img decoding=\"async\" class=\"aligncenter size-full wp-image-3796\" src=\"https:\/\/www.vietcorp.com\/store\/wp-content\/uploads\/2023\/06\/beedrive-2.jpg\" alt=\"Synology BDS70-4T 4\" width=\"104\" height=\"78\" \/><\/p>\n<p style=\"text-align: center;\">\u0110\u00e3 \u0111\u1ebfn l\u00fac ng\u1eebng vi\u1ec7c chi tr\u1ea3 cho c\u00e1c g\u00f3i cloud m\u1edf r\u1ed9ng.<\/p>\n<p style=\"text-align: center;\"><strong>D\u1ec5 d\u00e0ng truy c\u1eadp<\/strong><\/p>\n<p style=\"text-align: center;\"><img decoding=\"async\" class=\"aligncenter size-full wp-image-3797\" src=\"https:\/\/www.vietcorp.com\/store\/wp-content\/uploads\/2023\/06\/beedrive-3.jpg\" alt=\"Synology BDS70-4T 5\" width=\"107\" height=\"75\" \/><\/p>\n<p style=\"text-align: center;\">Truy xu\u1ea5t d\u1eef li\u1ec7u b\u1ea5t c\u1ee9 l\u00fac n\u00e0o, v\u1edbi b\u1ea5t k\u1ef3 m\u00e1y t\u00ednh n\u00e0o th\u00f4ng qua File Explorer.<\/p>\n<h3 style=\"text-align: center;\"><strong>BeeDrive cho m\u00e1y t\u00ednh<\/strong><\/h3>\n<p style=\"text-align: center;\"><strong>Sao l\u01b0u theo th\u1eddi gian th\u1ef1c c\u00e1c th\u01b0 m\u1ee5c tr\u00ean m\u00e1y t\u00ednh<\/strong><\/p>\n<p style=\"text-align: center;\"><img decoding=\"async\" class=\"aligncenter size-full wp-image-3788\" src=\"https:\/\/www.vietcorp.com\/store\/wp-content\/uploads\/2023\/06\/Synology-beedrive-8.jpg\" alt=\"Synology BDS70-4T 6\" width=\"600\" height=\"364\" srcset=\"https:\/\/vietcorp.com\/store\/wp-content\/uploads\/2023\/06\/Synology-beedrive-8.jpg 600w, https:\/\/vietcorp.com\/store\/wp-content\/uploads\/2023\/06\/Synology-beedrive-8-400x243.jpg 400w, https:\/\/vietcorp.com\/store\/wp-content\/uploads\/2023\/06\/Synology-beedrive-8-367x223.jpg 367w\" sizes=\"(max-width: 600px) 100vw, 600px\" \/><\/p>\n<p style=\"text-align: center;\">Ch\u1ecdn b\u1ea5t k\u1ef3 th\u01b0 m\u1ee5c n\u00e0o b\u1ea1n mu\u1ed1n sao l\u01b0u, t\u1ea5t c\u1ea3 thay \u0111\u1ed5i s\u1ebd \u0111\u01b0\u1ee3c sao ch\u00e9p sang BeeDrive ngay l\u1eadp t\u1ee9c. \u0110\u1ed3ng th\u1eddi gi\u1eef l\u1ea1i t\u1ed1i \u0111a 5 phi\u00ean b\u1ea3n trong tr\u01b0\u1eddng h\u1ee3p v\u00f4 t\u00ecnh ghi \u0111\u00e8.<\/p>\n<h3 style=\"text-align: center;\"><strong>\u0110\u1ed3ng b\u1ed9 d\u1eef li\u1ec7u gi\u1eefa c\u00e1c m\u00e1y<\/strong><\/h3>\n<p style=\"text-align: center;\"><img decoding=\"async\" class=\"aligncenter wp-image-3798 size-full\" src=\"https:\/\/www.vietcorp.com\/store\/wp-content\/uploads\/2023\/06\/Synology-beedrive-15-e1685603825357.jpg\" alt=\"Synology BDS70-4T 7\" width=\"600\" height=\"385\" srcset=\"https:\/\/vietcorp.com\/store\/wp-content\/uploads\/2023\/06\/Synology-beedrive-15-e1685603825357.jpg 600w, https:\/\/vietcorp.com\/store\/wp-content\/uploads\/2023\/06\/Synology-beedrive-15-e1685603825357-400x257.jpg 400w, https:\/\/vietcorp.com\/store\/wp-content\/uploads\/2023\/06\/Synology-beedrive-15-e1685603825357-367x235.jpg 367w\" sizes=\"(max-width: 600px) 100vw, 600px\" \/><\/p>\n<p style=\"text-align: center;\">D\u1ec5 d\u00e0ng chuy\u1ec3n \u0111\u1ed5i gi\u1eefa m\u00e1y t\u00ednh t\u1ea1i n\u01a1i l\u00e0m vi\u1ec7c v\u00e0 t\u1ea1i nh\u00e0 m\u00e0 kh\u00f4ng b\u1ecb ng\u1eaft qu\u00e3ng. Ch\u1ec9 c\u1ea7n c\u1eafm BeeDrive v\u00e0o, n\u00f3 s\u1ebd t\u1ef1 \u0111\u1ed9ng \u0111\u1ed3ng b\u1ed9 nh\u1eefng thay \u0111\u1ed5i m\u1edbi nh\u1ea5t, gi\u00fap b\u1ea1n ho\u1ea1t \u0111\u1ed9ng m\u1ed9t c\u00e1ch li\u1ec1n m\u1ea1ch b\u1ea5t k\u1ec3 b\u1ea1n \u0111ang \u1edf \u0111\u00e2u.<\/p>\n<h3 style=\"text-align: center;\"><strong>BeeDrive cho di \u0111\u1ed9ng<\/strong><\/h3>\n<p style=\"text-align: center;\"><strong>Sao l\u01b0u \u1ea3nh tr\u00ean di \u0111\u1ed9ng qua Wi-Fi<\/strong><\/p>\n<p style=\"text-align: center;\"><img decoding=\"async\" class=\"aligncenter size-full wp-image-3789\" src=\"https:\/\/www.vietcorp.com\/store\/wp-content\/uploads\/2023\/06\/Synology-beedrive-9.jpg\" alt=\"Synology BDS70-4T 8\" width=\"600\" height=\"460\" srcset=\"https:\/\/vietcorp.com\/store\/wp-content\/uploads\/2023\/06\/Synology-beedrive-9.jpg 600w, https:\/\/vietcorp.com\/store\/wp-content\/uploads\/2023\/06\/Synology-beedrive-9-400x307.jpg 400w, https:\/\/vietcorp.com\/store\/wp-content\/uploads\/2023\/06\/Synology-beedrive-9-367x281.jpg 367w\" sizes=\"(max-width: 600px) 100vw, 600px\" \/><\/p>\n<p style=\"text-align: center;\">B\u1ea1n h\u1ebft dung l\u01b0\u1ee3ng l\u01b0u tr\u1eef ho\u1eb7c \u0111ang ng\u1ea7n ng\u1ea1i trong vi\u1ec7c tr\u1ea3 ph\u00ed \u0111\u0103ng k\u00fd \u0111\u00e1m m\u00e2y? BeeDrive cung c\u1ea5p t\u00ednh n\u0103ng sao l\u01b0u \u1ea3nh v\u00e0 video nhanh ch\u00f3ng qua Wi-Fi, gi\u00fap b\u1ea1n gi\u1ea3i ph\u00f3ng dung l\u01b0\u1ee3ng l\u01b0u tr\u1eef tr\u00ean thi\u1ebft b\u1ecb.<\/p>\n<h3 style=\"text-align: center;\"><strong>BeeDrop t\u1eadp tin t\u1eeb iOS\/Android sang Windows<\/strong><\/h3>\n<p style=\"text-align: center;\"><img decoding=\"async\" class=\"aligncenter size-full wp-image-3790\" src=\"https:\/\/www.vietcorp.com\/store\/wp-content\/uploads\/2023\/06\/Synology-beedrive-10.jpg\" alt=\"Synology BDS70-4T 9\" width=\"600\" height=\"444\" srcset=\"https:\/\/vietcorp.com\/store\/wp-content\/uploads\/2023\/06\/Synology-beedrive-10.jpg 600w, https:\/\/vietcorp.com\/store\/wp-content\/uploads\/2023\/06\/Synology-beedrive-10-400x296.jpg 400w, https:\/\/vietcorp.com\/store\/wp-content\/uploads\/2023\/06\/Synology-beedrive-10-367x272.jpg 367w\" sizes=\"(max-width: 600px) 100vw, 600px\" \/><\/p>\n<p style=\"text-align: center;\">Chuy\u1ec3n nhanh c\u00e1c t\u1eadp tin, \u1ea3nh v\u00e0 n\u1ed9i dung kh\u00e1c sang m\u00e1y t\u00ednh v\u00e0 d\u1eef li\u1ec7u s\u1ebd c\u00f3 s\u1eb5n ngay l\u1eadp t\u1ee9c trong File Explorer.<\/p>\n<h3 style=\"text-align: center;\"><strong>B\u1ed9 nh\u1edb v\u01b0\u1ee3t tr\u1ed9i, t\u1ed1c \u0111\u1ed9 si\u00eau t\u1ed1c<\/strong><\/h3>\n<p style=\"text-align: center;\">Tr\u1ea3i nghi\u1ec7m kh\u1ea3 n\u0103ng sao l\u01b0u c\u1ef1c nhanh v\u1edbi BeeDrive, \u0111\u01b0\u1ee3c h\u1ed7 tr\u1ee3 b\u1edfi \u1ed5 \u0111\u0129a th\u1ec3 r\u1eafn t\u00edch h\u1ee3p.<\/p>\n<p style=\"text-align: center;\">SSD b\u00ean trong<\/p>\n<p style=\"text-align: center;\">USB 10Gbps (Type C)<\/p>\n<p style=\"text-align: center;\">Ch\u1ed1ng va \u0111\u1eadp t\u1eeb \u0111\u1ed9 cao 2 m\u00e9t<\/p>\n<p style=\"text-align: center;\">BeeDrive L\u01b0u gi\u1eef nh\u1eefng k\u1ef7 ni\u1ec7m v\u00e0 t\u00e0i s\u1ea3n s\u1ed1 an to\u00e0n. \u0110\u1eb7t mua thi\u1ebft b\u1ecb sao l\u01b0u c\u00e1 nh\u00e2n cho ri\u00eang b\u1ea1n ngay h\u00f4m nay.<\/p>\n<p><center>M\u1edf h\u1ed9p \u1ed5 c\u1ee9ng di \u0111\u1ed9ng Synology BeeDrive<\/center><center><iframe loading=\"lazy\" title=\"YouTube video player\" src=\"https:\/\/www.youtube.com\/embed\/tPApzIco7SA?si=ZWuUVKN29ydpyF2r\" width=\"560\" height=\"315\" frameborder=\"0\" allowfullscreen=\"allowfullscreen\"><\/iframe><\/center><br \/>\nXem th\u00eam:<\/p>\n<ul>\n<li><a href=\"https:\/\/www.vietcorp.com\/vn\/chung-nhan\/\">Ch\u1ee9ng nh\u1eadn Synology<\/a><\/li>\n<li><a href=\"https:\/\/vietcorp.com\/support\/synology\/\">Support Synology<\/a><\/li>\n<li><a href=\"https:\/\/www.vietcorp.com\/blog\/tag\/showcase-synology\/\">Showcase Synology<\/a><\/li>\n<\/ul>\n","protected":false},"excerpt":{"rendered":"<p>Synology BeeDrive 4TB<br \/>\nDung l\u01b0\u1ee3ng: 4 TB<br \/>\nChu\u1ea9n k\u1ebft n\u1ed1i: USB-C<br \/>\nGiao di\u1ec7n: USB 3.2 Gen 2 (10 Gbps)<br \/>\nT\u1ed1c \u0111\u1ed9: L\u00ean \u0111\u1ebfn 1.050 MB\/gi\u00e2y<br \/>\nB\u1ea3o h\u00e0nh 36 th\u00e1ng<\/p>\n","protected":false},"featured_media":7418,"template":"","meta":[],"product_brand":[],"product_cat":[86],"product_tag":[390,384,385,382,383,389],"class_list":{"0":"post-7417","1":"product","2":"type-product","3":"status-publish","4":"has-post-thumbnail","6":"product_cat-o-cung","7":"product_tag-beedrive","8":"product_tag-o-cung-di-dong","9":"product_tag-o-cung-di-dong-synology","10":"product_tag-o-cung-ngoai","11":"product_tag-o-cung-ngoai-synology","12":"product_tag-synology-beedrive","14":"first","15":"outofstock","16":"taxable","17":"shipping-taxable","18":"product-type-simple"},"_links":{"self":[{"href":"https:\/\/vietcorp.com\/store\/wp-json\/wp\/v2\/product\/7417","targetHints":{"allow":["GET"]}}],"collection":[{"href":"https:\/\/vietcorp.com\/store\/wp-json\/wp\/v2\/product"}],"about":[{"href":"https:\/\/vietcorp.com\/store\/wp-json\/wp\/v2\/types\/product"}],"wp:featuredmedia":[{"embeddable":true,"href":"https:\/\/vietcorp.com\/store\/wp-json\/wp\/v2\/media\/7418"}],"wp:attachment":[{"href":"https:\/\/vietcorp.com\/store\/wp-json\/wp\/v2\/media?parent=7417"}],"wp:term":[{"taxonomy":"product_brand","embeddable":true,"href":"https:\/\/vietcorp.com\/store\/wp-json\/wp\/v2\/product_brand?post=7417"},{"taxonomy":"product_cat","embeddable":true,"href":"https:\/\/vietcorp.com\/store\/wp-json\/wp\/v2\/product_cat?post=7417"},{"taxonomy":"product_tag","embeddable":true,"href":"https:\/\/vietcorp.com\/store\/wp-json\/wp\/v2\/product_tag?post=7417"}],"curies":[{"name":"wp","href":"https:\/\/api.w.org\/{rel}","templated":true}]}}