


{"id":7389,"date":"2022-01-25T13:57:47","date_gmt":"2022-01-25T06:57:47","guid":{"rendered":"https:\/\/www.vietcorp.com\/store\/?post_type=product&#038;p=7389"},"modified":"2024-11-21T13:21:02","modified_gmt":"2024-11-21T06:21:02","slug":"synology-sat5220-480g","status":"publish","type":"product","link":"https:\/\/vietcorp.com\/store\/7389\/synology-sat5220-480g\/","title":{"rendered":"Synology SAT5220-480G"},"content":{"rendered":"<h2><strong>\u1ed4 c\u1ee9ng SSD cho NAS <a href=\"https:\/\/www.vietcorp.com\/store\/7389\/synology-sat5220-480g\/\">Synology SAT5220-480G<\/a><\/strong><\/h2>\n<p>D\u1ef1 \u0111o\u00e1n th\u00f4ng s\u1ed1 k\u1ef9 thu\u1eadt \u1ed4 c\u1ee9ng SSD cho NAS Synology SAT5220-480G:<\/p>\n<p>M\u00e3 s\u1ea3n ph\u1ea9m: SAT5220-480G<\/p>\n<p>Dung l\u01b0\u1ee3ng: 480 GB<\/p>\n<p>D\u1ea1ng th\u1ee9c: 2.5&#8243; 7mm<\/p>\n<p>Giao di\u1ec7n: SATA 6 Gb\/s<\/p>\n<p>B\u1ea3o v\u1ec7 d\u1eef li\u1ec7u khi m\u1ea5t \u0111i\u1ec7n<\/p>\n<p>B\u1ea3o h\u00e0nh 60 th\u00e1ng<\/p>\n","protected":false},"excerpt":{"rendered":"<p>D\u1ef1 \u0111o\u00e1n th\u00f4ng s\u1ed1 k\u1ef9 thu\u1eadt \u1ed4 c\u1ee9ng SSD cho NAS Synology SAT5220-480G:<br \/>\nM\u00e3 s\u1ea3n ph\u1ea9m: SAT5220-480G<br \/>\nDung l\u01b0\u1ee3ng: 480 GB<br \/>\nD\u1ea1ng th\u1ee9c: 2.5&#8243; 7mm<br \/>\nGiao di\u1ec7n: SATA 6 Gb\/s<br \/>\nB\u1ea3o v\u1ec7 d\u1eef li\u1ec7u khi m\u1ea5t \u0111i\u1ec7n<br \/>\nB\u1ea3o h\u00e0nh 60 th\u00e1ng<\/p>\n","protected":false},"featured_media":7405,"template":"","meta":[],"product_brand":[],"product_cat":[86],"product_tag":[],"class_list":{"0":"post-7389","1":"product","2":"type-product","3":"status-publish","4":"has-post-thumbnail","6":"product_cat-o-cung","8":"first","9":"outofstock","10":"taxable","11":"shipping-taxable","12":"product-type-simple"},"_links":{"self":[{"href":"https:\/\/vietcorp.com\/store\/wp-json\/wp\/v2\/product\/7389","targetHints":{"allow":["GET"]}}],"collection":[{"href":"https:\/\/vietcorp.com\/store\/wp-json\/wp\/v2\/product"}],"about":[{"href":"https:\/\/vietcorp.com\/store\/wp-json\/wp\/v2\/types\/product"}],"wp:featuredmedia":[{"embeddable":true,"href":"https:\/\/vietcorp.com\/store\/wp-json\/wp\/v2\/media\/7405"}],"wp:attachment":[{"href":"https:\/\/vietcorp.com\/store\/wp-json\/wp\/v2\/media?parent=7389"}],"wp:term":[{"taxonomy":"product_brand","embeddable":true,"href":"https:\/\/vietcorp.com\/store\/wp-json\/wp\/v2\/product_brand?post=7389"},{"taxonomy":"product_cat","embeddable":true,"href":"https:\/\/vietcorp.com\/store\/wp-json\/wp\/v2\/product_cat?post=7389"},{"taxonomy":"product_tag","embeddable":true,"href":"https:\/\/vietcorp.com\/store\/wp-json\/wp\/v2\/product_tag?post=7389"}],"curies":[{"name":"wp","href":"https:\/\/api.w.org\/{rel}","templated":true}]}}