


{"id":7338,"date":"2024-02-01T07:00:25","date_gmt":"2024-02-01T00:00:25","guid":{"rendered":"https:\/\/www.vietcorp.com\/store\/?post_type=product&#038;p=7338"},"modified":"2025-12-11T13:54:39","modified_gmt":"2025-12-11T06:54:39","slug":"synology-beestation","status":"publish","type":"product","link":"https:\/\/vietcorp.com\/store\/7338\/synology-beestation\/","title":{"rendered":"Synology BST150-4T"},"content":{"rendered":"<h2><strong>Thi\u1ebft b\u1ecb l\u01b0u tr\u1eef NAS <a href=\"https:\/\/www.vietcorp.com\/store\/7338\/synology-beestation\/\">Synology BeeStation<\/a> 4 TB<\/strong><\/h2>\n<p>T\u1ea1o nhanh \u0111\u00e1m m\u00e2y ri\u00eang c\u1ee7a b\u1ea1n<\/p>\n<p><strong>Th\u00f4ng s\u1ed1 k\u1ef9 thu\u1eadt s\u1ea3n ph\u1ea9m Synology BeeStation:<\/strong><\/p>\n<ul>\n<li><strong>M\u00e3 s\u1ea3n ph\u1ea9m<\/strong>: BST150-4T<\/li>\n<li><strong>CPU<\/strong>: Realtek RTD1619B<\/li>\n<li><strong>RAM<\/strong>: 1 GB DDR4<\/li>\n<li><strong>Dung l\u01b0\u1ee3ng<\/strong>: 4 TB<\/li>\n<li><strong>H\u1ec7 \u0111i\u1ec1u h\u00e0nh<\/strong>: BSM<\/li>\n<li><strong>C\u1ed5ng k\u1ebft n\u1ed1i<\/strong>: 1 x USB 3.2, 1 x Type C, 1 x RJ45 1 GbE<\/li>\n<li><strong>Packaging Content<\/strong>: 1 Thi\u1ebft b\u1ecb ch\u00ednh, 1 D\u00e2y ngu\u1ed3n AC, 1 C\u00e1p LAN RJ-45, 1 s\u00e1ch h\u01b0\u1edbng d\u1eabn<\/li>\n<li><strong>B\u1ea3o h\u00e0nh 36 th\u00e1ng<\/strong><\/li>\n<\/ul>\n<h3 style=\"text-align: center;\"><strong>L\u01b0u m\u1ecdi d\u1eef li\u1ec7u \u1edf m\u1ed9t n\u01a1i, truy c\u1eadp \u1edf m\u1ecdi n\u01a1i<\/strong><\/h3>\n<p style=\"text-align: center;\">L\u01b0u to\u00e0n b\u1ed9 t\u1eadp tin v\u00e0 \u1ea3nh \u1edf m\u1ed9t v\u1ecb tr\u00ed \u0111\u1ec3 ti\u1ec7n truy c\u1eadp b\u1ea5t c\u1ee9 khi n\u00e0o v\u00e0 \u1edf b\u1ea5t c\u1ee9 n\u01a1i n\u00e0o b\u1ea1n c\u1ea7n.<\/p>\n<p><img decoding=\"async\" class=\"aligncenter size-full wp-image-7425\" src=\"https:\/\/www.vietcorp.com\/store\/wp-content\/uploads\/2024\/01\/Synology-beestation-1.jpg\" alt=\"Thi\u1ebft b\u1ecb l\u01b0u tr\u1eef NAS Synology BeeStation 1\" width=\"600\" height=\"297\" srcset=\"https:\/\/vietcorp.com\/store\/wp-content\/uploads\/2024\/01\/Synology-beestation-1.jpg 600w, https:\/\/vietcorp.com\/store\/wp-content\/uploads\/2024\/01\/Synology-beestation-1-400x198.jpg 400w, https:\/\/vietcorp.com\/store\/wp-content\/uploads\/2024\/01\/Synology-beestation-1-367x182.jpg 367w\" sizes=\"(max-width: 600px) 100vw, 600px\" \/><\/p>\n<h3 style=\"text-align: center;\"><strong>Tr\u1ea3i nghi\u1ec7m nh\u01b0 l\u01b0\u1edbt tr\u00ean m\u00e2y&#8230;<\/strong><\/h3>\n<p style=\"text-align: center;\">V\u1edbi \u1ed5 c\u1ee9ng t\u00edch h\u1ee3p v\u00e0 m\u1ecdi c\u00e0i \u0111\u1eb7t \u0111\u01b0\u1ee3c thi\u1ebft l\u1eadp s\u1eb5n, BeeStation s\u1eb5n s\u00e0ng thay th\u1ebf c\u00e1c d\u1ecbch v\u1ee5 l\u01b0u tr\u1eef \u0111\u00e1m m\u00e2y hi\u1ec7n t\u1ea1i ngay l\u1eadp t\u1ee9c.<\/p>\n<p style=\"text-align: center;\">\u2026nh\u01b0ng kh\u00f4ng ch\u1ec9 l\u00e0 \u0111\u00e1m m\u00e2y<\/p>\n<p style=\"text-align: center;\"><strong>\u0110\u1ea7u t\u01b0 m\u1ed9t l\u1ea7n<\/strong><\/p>\n<p style=\"text-align: center;\">Kh\u00f4ng c\u00f2n ph\u00ed \u0111\u0103ng k\u00fd h\u00e0ng th\u00e1ng<\/p>\n<p style=\"text-align: center;\"><strong>100% quy\u1ec1n s\u1edf h\u1eefu d\u1eef li\u1ec7u<\/strong><\/p>\n<p style=\"text-align: center;\">Ki\u1ec3m so\u00e1t ho\u00e0n to\u00e0n m\u00e0 kh\u00f4ng \u1ea3nh h\u01b0\u1edfng \u0111\u1ebfn quy\u1ec1n ri\u00eang t\u01b0<\/p>\n<h3 style=\"text-align: center;\"><strong>K\u00fd \u1ee9c trong t\u1ea7m tay<\/strong><\/h3>\n<p style=\"text-align: center;\"><img decoding=\"async\" class=\"aligncenter size-full wp-image-7427\" src=\"https:\/\/www.vietcorp.com\/store\/wp-content\/uploads\/2024\/01\/Synology-beestation-3.jpg\" alt=\"Thi\u1ebft b\u1ecb l\u01b0u tr\u1eef NAS Synology BeeStation 2\" width=\"600\" height=\"206\" srcset=\"https:\/\/vietcorp.com\/store\/wp-content\/uploads\/2024\/01\/Synology-beestation-3.jpg 600w, https:\/\/vietcorp.com\/store\/wp-content\/uploads\/2024\/01\/Synology-beestation-3-400x137.jpg 400w, https:\/\/vietcorp.com\/store\/wp-content\/uploads\/2024\/01\/Synology-beestation-3-367x126.jpg 367w\" sizes=\"(max-width: 600px) 100vw, 600px\" \/><\/p>\n<p style=\"text-align: center;\">Sao l\u01b0u th\u01b0 vi\u1ec7n \u1ea3nh \u0111\u1ec3 h\u1ed3i t\u01b0\u1edfng l\u1ea1i nh\u1eefng kho\u1ea3nh kh\u1eafc qu\u00fd gi\u00e1 t\u1eeb b\u1ea5t k\u00ec n\u01a1i \u0111\u00e2u, gi\u00fap gi\u1ea3i ph\u00f3ng dung l\u01b0\u1ee3ng \u0111i\u1ec7n tho\u1ea1i ngay l\u1eadp t\u1ee9c.<\/p>\n<h3 style=\"text-align: center;\"><strong>Kh\u00f4ng c\u00f2n m\u1ec7t m\u1ecfi v\u1edbi vi\u1ec7c s\u1eafp x\u1ebfp \u1ea3nh<\/strong><\/h3>\n<p style=\"text-align: center;\"><strong>T\u00ecm ng\u01b0\u1eddi, th\u00fa c\u01b0ng v\u00e0 nhi\u1ec1u \u0111\u1ed1i t\u01b0\u1ee3ng kh\u00e1c<\/strong><\/p>\n<p style=\"text-align: center;\"><img decoding=\"async\" class=\"aligncenter size-full wp-image-7428\" src=\"https:\/\/www.vietcorp.com\/store\/wp-content\/uploads\/2024\/01\/Synology-beestation-4.jpg\" alt=\"Thi\u1ebft b\u1ecb l\u01b0u tr\u1eef NAS Synology BeeStation 3\" width=\"315\" height=\"687\" \/><\/p>\n<p style=\"text-align: center;\">H\u00e3y \u0111\u1ec3 AI v\u00e0 t\u00ednh n\u0103ng t\u00ecm ki\u1ebfm t\u1eeb kh\u00f3a gi\u00fap b\u1ea1n t\u00ecm th\u1ea5y \u1ea3nh c\u1ee7a nh\u1eefng ng\u01b0\u1eddi th\u00e2n y\u00eau v\u00e0 nh\u1eefng kho\u1ea3nh kh\u1eafc qu\u00fd gi\u00e1.<\/p>\n<p style=\"text-align: center;\"><strong>Kh\u00e1m ph\u00e1 l\u1ea1i nh\u1eefng \u0111\u1ecba \u0111i\u1ec3m b\u1ea1n \u0111\u00e3 t\u1eebng gh\u00e9 th\u0103m<\/strong><\/p>\n<p style=\"text-align: center;\"><img decoding=\"async\" class=\"aligncenter size-full wp-image-7429\" src=\"https:\/\/www.vietcorp.com\/store\/wp-content\/uploads\/2024\/01\/Synology-beestation-5.jpg\" alt=\"Thi\u1ebft b\u1ecb l\u01b0u tr\u1eef NAS Synology BeeStation 4\" width=\"315\" height=\"687\" \/><\/p>\n<p style=\"text-align: center;\">L\u01b0\u1edbt tr\u00ean b\u1ea3n \u0111\u1ed3 th\u1ebf gi\u1edbi \u0111\u1ec3 xem l\u1ea1i c\u00e1c \u0111i\u1ec3m \u0111\u1ebfn th\u00f4ng qua \u1ea3nh ch\u1ee5p trong chuy\u1ebfn du l\u1ecbch.<\/p>\n<p style=\"text-align: center;\"><strong>Kh\u00e1m ph\u00e1 c\u00e1c \u0111i\u1ec3m \u0111\u1ebfn theo th\u1eddi gian<\/strong><\/p>\n<p style=\"text-align: center;\"><img decoding=\"async\" class=\"aligncenter size-full wp-image-7430\" src=\"https:\/\/www.vietcorp.com\/store\/wp-content\/uploads\/2024\/01\/Synology-beestation-6.jpg\" alt=\"Thi\u1ebft b\u1ecb l\u01b0u tr\u1eef NAS Synology BeeStation 5\" width=\"315\" height=\"687\" \/><\/p>\n<p style=\"text-align: center;\">Cu\u1ed9n qua d\u00f2ng th\u1eddi gian \u0111\u1ec3 kh\u00e1m ph\u00e1 v\u00e0 nh\u1edb l\u1ea1i nh\u1eefng k\u1ef7 ni\u1ec7m c\u0169ng nh\u01b0 c\u00e1c c\u1ed9t m\u1ed1c quan tr\u1ecdng trong cu\u1ed9c \u0111\u1eddi.<\/p>\n<p style=\"text-align: center;\"><strong>Chia s\u1ebb v\u00e0 thu th\u1eadp \u1ea3nh<\/strong><\/p>\n<p style=\"text-align: center;\"><img decoding=\"async\" class=\"aligncenter size-full wp-image-7431\" src=\"https:\/\/www.vietcorp.com\/store\/wp-content\/uploads\/2024\/01\/Synology-beestation-7.jpg\" alt=\"Thi\u1ebft b\u1ecb l\u01b0u tr\u1eef NAS Synology BeeStation 6\" width=\"315\" height=\"687\" \/><\/p>\n<p style=\"text-align: center;\">Chia s\u1ebb album k\u1ef3 ngh\u1ec9 b\u1eb1ng m\u1ed9t li\u00ean k\u1ebft duy nh\u1ea5t r\u1ed3i \u0111\u1ec3 gia \u0111\u00ecnh v\u00e0 b\u1ea1n b\u00e8 b\u1ed5 sung \u1ea3nh v\u00e0o \u0111\u00f3.<\/p>\n<h2 style=\"text-align: center;\"><strong>B\u1ea3o m\u1eadt theo ti\u00eau chu\u1ea9n v\u1edbi AI t\u00edch h\u1ee3p<\/strong><\/h2>\n<p style=\"text-align: center;\"><img decoding=\"async\" class=\"aligncenter size-full wp-image-7432\" src=\"https:\/\/www.vietcorp.com\/store\/wp-content\/uploads\/2024\/01\/Synology-beestation-8.jpg\" alt=\"Thi\u1ebft b\u1ecb l\u01b0u tr\u1eef NAS Synology BeeStation 7\" width=\"600\" height=\"360\" srcset=\"https:\/\/vietcorp.com\/store\/wp-content\/uploads\/2024\/01\/Synology-beestation-8.jpg 600w, https:\/\/vietcorp.com\/store\/wp-content\/uploads\/2024\/01\/Synology-beestation-8-400x240.jpg 400w, https:\/\/vietcorp.com\/store\/wp-content\/uploads\/2024\/01\/Synology-beestation-8-367x220.jpg 367w\" sizes=\"(max-width: 600px) 100vw, 600px\" \/><\/p>\n<p style=\"text-align: center;\">T\u00ednh n\u0103ng AI c\u1ee7a BeeStation s\u1ebd nh\u1eadn di\u1ec7n \u1ea3nh m\u00e0 kh\u00f4ng g\u1eedi b\u1ea5t k\u1ef3 d\u1eef li\u1ec7u n\u00e0o l\u00ean \u0111\u00e1m m\u00e2y. B\u1ed9 vi x\u1eed l\u00fd th\u1ea7n kinh (NPU) t\u00edch h\u1ee3p gi\u00fap t\u0103ng t\u1ed1c \u0111\u1ed9 x\u1eed l\u00fd AI \u0111\u1ec3 c\u00e1c \u1ee9ng d\u1ee5ng kh\u00e1c c\u00f3 th\u1ec3 ti\u1ebfp t\u1ee5c ho\u1ea1t \u0111\u1ed9ng tr\u01a1n tru.<\/p>\n<p style=\"text-align: center;\"><strong>2.6 l\u1ea7n<\/strong> T\u1ed1c \u0111\u1ed9 nh\u1eadn di\u1ec7n khu\u00f4n m\u1eb7t<\/p>\n<p style=\"text-align: center;\"><strong>3.4 l\u1ea7n<\/strong> T\u1ed1c \u0111\u1ed9 nh\u1eadn d\u1ea1ng \u0111\u1ed1i t\u01b0\u1ee3ng<\/p>\n<h3 style=\"text-align: center;\"><strong>Truy c\u1eadp t\u1eadp tin \u1edf tr\u01b0\u1eddng h\u1ecdc v\u00e0 c\u01a1 quan tr\u00ean m\u1ecdi thi\u1ebft b\u1ecb<\/strong><\/h3>\n<p style=\"text-align: center;\"><img decoding=\"async\" class=\"aligncenter size-full wp-image-7433\" src=\"https:\/\/www.vietcorp.com\/store\/wp-content\/uploads\/2024\/01\/Synology-beestation-9.jpg\" alt=\"Thi\u1ebft b\u1ecb l\u01b0u tr\u1eef NAS Synology BeeStation 8\" width=\"600\" height=\"211\" srcset=\"https:\/\/vietcorp.com\/store\/wp-content\/uploads\/2024\/01\/Synology-beestation-9.jpg 600w, https:\/\/vietcorp.com\/store\/wp-content\/uploads\/2024\/01\/Synology-beestation-9-400x141.jpg 400w, https:\/\/vietcorp.com\/store\/wp-content\/uploads\/2024\/01\/Synology-beestation-9-367x129.jpg 367w\" sizes=\"(max-width: 600px) 100vw, 600px\" \/><\/p>\n<p style=\"text-align: center;\">T\u1ea3i l\u00ean, s\u1eafp x\u1ebfp v\u00e0 truy c\u1eadp t\u1eadp tin t\u1eeb b\u1ea5t k\u1ef3 tr\u00ecnh duy\u1ec7t m\u00e1y t\u00ednh, \u0111i\u1ec7n tho\u1ea1i ho\u1eb7c m\u00e1y t\u00ednh b\u1ea3ng n\u00e0o. Kh\u00f4ng c\u00f2n \u0111\u1ec3 qu\u00ean b\u00e0i thuy\u1ebft tr\u00ecnh ho\u1eb7c t\u00e0i li\u1ec7u quan tr\u1ecdng n\u1eefa.<\/p>\n<h3 style=\"text-align: center;\"><strong>C\u00f3 t\u1eadp tin ngay khi b\u1ea1n c\u1ea7n<\/strong><\/h3>\n<p style=\"text-align: center;\"><strong>T\u00ecm ki\u1ebfm v\u00e0 s\u1eafp x\u1ebfp th\u00f4ng minh<\/strong><\/p>\n<p><img decoding=\"async\" class=\"aligncenter size-full wp-image-7434\" src=\"https:\/\/www.vietcorp.com\/store\/wp-content\/uploads\/2024\/01\/Synology-beestation-10.jpg\" alt=\"Thi\u1ebft b\u1ecb l\u01b0u tr\u1eef NAS Synology BeeStation 9\" width=\"425\" height=\"244\" srcset=\"https:\/\/vietcorp.com\/store\/wp-content\/uploads\/2024\/01\/Synology-beestation-10.jpg 425w, https:\/\/vietcorp.com\/store\/wp-content\/uploads\/2024\/01\/Synology-beestation-10-400x230.jpg 400w, https:\/\/vietcorp.com\/store\/wp-content\/uploads\/2024\/01\/Synology-beestation-10-367x211.jpg 367w\" sizes=\"(max-width: 425px) 100vw, 425px\" \/><\/p>\n<p style=\"text-align: center;\"><strong>Xem tr\u01b0\u1edbc h\u01a1n 100 \u0111\u1ecbnh d\u1ea1ng t\u1eadp tin<\/strong><\/p>\n<p><img decoding=\"async\" class=\"aligncenter size-full wp-image-7435\" src=\"https:\/\/www.vietcorp.com\/store\/wp-content\/uploads\/2024\/01\/Synology-beestation-11.jpg\" alt=\"Thi\u1ebft b\u1ecb l\u01b0u tr\u1eef NAS Synology BeeStation 10\" width=\"426\" height=\"241\" srcset=\"https:\/\/vietcorp.com\/store\/wp-content\/uploads\/2024\/01\/Synology-beestation-11.jpg 426w, https:\/\/vietcorp.com\/store\/wp-content\/uploads\/2024\/01\/Synology-beestation-11-400x226.jpg 400w, https:\/\/vietcorp.com\/store\/wp-content\/uploads\/2024\/01\/Synology-beestation-11-367x208.jpg 367w\" sizes=\"(max-width: 426px) 100vw, 426px\" \/><\/p>\n<p style=\"text-align: center;\"><strong>Chia s\u1ebb t\u1eadp tin qua li\u00ean k\u1ebft an to\u00e0n<\/strong><\/p>\n<p><img decoding=\"async\" class=\"aligncenter size-full wp-image-7436\" src=\"https:\/\/www.vietcorp.com\/store\/wp-content\/uploads\/2024\/01\/Synology-beestation-12.jpg\" alt=\"Thi\u1ebft b\u1ecb l\u01b0u tr\u1eef NAS Synology BeeStation 11\" width=\"424\" height=\"241\" srcset=\"https:\/\/vietcorp.com\/store\/wp-content\/uploads\/2024\/01\/Synology-beestation-12.jpg 424w, https:\/\/vietcorp.com\/store\/wp-content\/uploads\/2024\/01\/Synology-beestation-12-400x227.jpg 400w, https:\/\/vietcorp.com\/store\/wp-content\/uploads\/2024\/01\/Synology-beestation-12-367x209.jpg 367w\" sizes=\"(max-width: 424px) 100vw, 424px\" \/><\/p>\n<h3 style=\"text-align: center;\"><strong>Ti\u1ebfp t\u1ee5c l\u00e0m vi\u1ec7c t\u1eeb ti\u1ebfn \u0111\u1ed9 tr\u01b0\u1edbc \u0111\u00f3<\/strong><\/h3>\n<p style=\"text-align: center;\"><img decoding=\"async\" class=\"aligncenter size-full wp-image-7437\" src=\"https:\/\/www.vietcorp.com\/store\/wp-content\/uploads\/2024\/01\/Synology-beestation-13.jpg\" alt=\"Thi\u1ebft b\u1ecb l\u01b0u tr\u1eef NAS Synology BeeStation 12\" width=\"648\" height=\"440\" srcset=\"https:\/\/vietcorp.com\/store\/wp-content\/uploads\/2024\/01\/Synology-beestation-13.jpg 648w, https:\/\/vietcorp.com\/store\/wp-content\/uploads\/2024\/01\/Synology-beestation-13-640x435.jpg 640w, https:\/\/vietcorp.com\/store\/wp-content\/uploads\/2024\/01\/Synology-beestation-13-400x272.jpg 400w, https:\/\/vietcorp.com\/store\/wp-content\/uploads\/2024\/01\/Synology-beestation-13-367x249.jpg 367w, https:\/\/vietcorp.com\/store\/wp-content\/uploads\/2024\/01\/Synology-beestation-13-600x407.jpg 600w\" sizes=\"(max-width: 648px) 100vw, 648px\" \/><\/p>\n<p style=\"text-align: center;\">Cho d\u00f9 b\u1ea1n l\u00e0 nh\u00e0 thi\u1ebft k\u1ebf, nhi\u1ebfp \u1ea3nh gia hay nh\u00e2n vi\u00ean v\u0103n ph\u00f2ng, b\u1ea1n \u0111\u1ec1u c\u00f3 th\u1ec3 m\u1edf v\u00e0 ch\u1ec9nh s\u1eeda c\u00e1c t\u1eadp tin BeeStation t\u1eeb b\u1ea5t k\u1ef3 m\u00e1y t\u00ednh n\u00e0o, t\u1eeb \u0111\u00f3 gi\u1ea3i ph\u00f3ng dung l\u01b0\u1ee3ng m\u00e1y t\u00ednh m\u00e0 v\u1eabn ti\u1ebfp t\u1ee5c \u0111\u01b0\u1ee3c c\u00f4ng vi\u1ec7c c\u1ee7a m\u00ecnh.<\/p>\n<p style=\"text-align: center;\"><strong>Kh\u00f4ng gian c\u00e1 nh\u00e2n d\u00e0nh cho gia \u0111\u00ecnh<\/strong><\/p>\n<p style=\"text-align: center;\"><img decoding=\"async\" class=\"aligncenter size-full wp-image-7438\" src=\"https:\/\/www.vietcorp.com\/store\/wp-content\/uploads\/2024\/01\/Synology-beestation-14.jpg\" alt=\"Thi\u1ebft b\u1ecb l\u01b0u tr\u1eef NAS Synology BeeStation 13\" width=\"380\" height=\"380\" srcset=\"https:\/\/vietcorp.com\/store\/wp-content\/uploads\/2024\/01\/Synology-beestation-14.jpg 380w, https:\/\/vietcorp.com\/store\/wp-content\/uploads\/2024\/01\/Synology-beestation-14-367x367.jpg 367w\" sizes=\"(max-width: 380px) 100vw, 380px\" \/>C\u1ea5p cho t\u1eebng th\u00e0nh vi\u00ean gia \u0111\u00ecnh kh\u00f4ng gian l\u01b0u tr\u1eef c\u1ee7a ri\u00eang h\u1ecd, cho kh\u1ea3 n\u0103ng l\u01b0u d\u1eef li\u1ec7u c\u00e1 nh\u00e2n theo c\u00e1ch c\u1ee7a ri\u00eang h\u1ecd. Nh\u1eefng kh\u00f4ng gian n\u00e0y ho\u00e0n to\u00e0n ri\u00eang bi\u1ec7t \u0111\u1ec3 \u0111\u1ea3m b\u1ea3o s\u1ef1 ri\u00eang t\u01b0 v\u00e0 quy\u1ec1n ki\u1ec3m so\u00e1t.<\/p>\n<p style=\"text-align: center;\"><strong>T\u1eadp h\u1ee3p c\u00e1c t\u1eadp tin r\u1ea3i r\u00e1c<\/strong><\/p>\n<p style=\"text-align: center;\"><img decoding=\"async\" class=\"aligncenter size-full wp-image-7439\" src=\"https:\/\/www.vietcorp.com\/store\/wp-content\/uploads\/2024\/01\/Synology-beestation-15.jpg\" alt=\"Thi\u1ebft b\u1ecb l\u01b0u tr\u1eef NAS Synology BeeStation 14\" width=\"380\" height=\"380\" srcset=\"https:\/\/vietcorp.com\/store\/wp-content\/uploads\/2024\/01\/Synology-beestation-15.jpg 380w, https:\/\/vietcorp.com\/store\/wp-content\/uploads\/2024\/01\/Synology-beestation-15-367x367.jpg 367w\" sizes=\"(max-width: 380px) 100vw, 380px\" \/><\/p>\n<p style=\"text-align: center;\">B\u1ea3o v\u1ec7 d\u1ecbch v\u1ee5 \u0111\u00e1m m\u00e2y, BeeDrive v\u00e0 d\u1eef li\u1ec7u \u1ed5 \u0111\u0129a ngo\u00e0i th\u00f4ng qua c\u00e1c b\u1ea3n sao l\u01b0u, gi\u00fap b\u1ea1n y\u00ean t\u00e2m tr\u01b0\u1edbc c\u00e1c t\u00ecnh hu\u1ed1ng m\u1ea5t d\u1eef li\u1ec7u kh\u00f4ng l\u01b0\u1eddng tr\u01b0\u1edbc nh\u01b0 b\u1ecb t\u1ea1m ng\u01b0ng hay b\u1ecb h\u1ee7y t\u00e0i kho\u1ea3n \u0111\u00e1m m\u00e2y, ho\u1eb7c \u0111\u1eb7t sai v\u1ecb tr\u00ed \u1ed5 \u0111\u0129a ngo\u00e0i.<\/p>\n<p style=\"text-align: center;\"><strong>B\u1ea3o v\u1ec7 d\u1eef li\u1ec7u nhi\u1ec1u l\u1edbp<\/strong><\/p>\n<p style=\"text-align: center;\"><img decoding=\"async\" class=\"aligncenter size-full wp-image-7440\" src=\"https:\/\/www.vietcorp.com\/store\/wp-content\/uploads\/2024\/01\/Synology-beestation-16.jpg\" alt=\"Thi\u1ebft b\u1ecb l\u01b0u tr\u1eef NAS Synology BeeStation 15\" width=\"380\" height=\"380\" srcset=\"https:\/\/vietcorp.com\/store\/wp-content\/uploads\/2024\/01\/Synology-beestation-16.jpg 380w, https:\/\/vietcorp.com\/store\/wp-content\/uploads\/2024\/01\/Synology-beestation-16-367x367.jpg 367w\" sizes=\"(max-width: 380px) 100vw, 380px\" \/><\/p>\n<p style=\"text-align: center;\">L\u00ean l\u1ecbch sao l\u01b0u th\u01b0\u1eddng xuy\u00ean d\u1eef li\u1ec7u BeeStation v\u00e0o Synology C2 Storage ho\u1eb7c \u1ed5 \u0111\u0129a ngo\u00e0i \u0111\u1ec3 b\u1ea3o v\u1ec7 thi\u1ebft b\u1ecb tr\u01b0\u1edbc t\u00ecnh hu\u1ed1ng thi\u00ean tai ho\u1eb7c tr\u1ed9m c\u1eafp thi\u1ebft b\u1ecb.<\/p>\n<h3 style=\"text-align: center;\"><strong>Synology BeeStation<\/strong><\/h3>\n<p style=\"text-align: center;\"><img decoding=\"async\" class=\"aligncenter size-full wp-image-7441\" src=\"https:\/\/www.vietcorp.com\/store\/wp-content\/uploads\/2024\/01\/Synology-beestation-17.jpg\" alt=\"Thi\u1ebft b\u1ecb l\u01b0u tr\u1eef NAS Synology BeeStation 16\" width=\"600\" height=\"378\" srcset=\"https:\/\/vietcorp.com\/store\/wp-content\/uploads\/2024\/01\/Synology-beestation-17.jpg 600w, https:\/\/vietcorp.com\/store\/wp-content\/uploads\/2024\/01\/Synology-beestation-17-400x252.jpg 400w, https:\/\/vietcorp.com\/store\/wp-content\/uploads\/2024\/01\/Synology-beestation-17-367x231.jpg 367w\" sizes=\"(max-width: 600px) 100vw, 600px\" \/><\/p>\n<p style=\"text-align: center;\">L\u01b0u tr\u1eef, \u0111\u1ed3ng b\u1ed9, chia s\u1ebb t\u1eadp tin v\u00e0 \u1ea3nh g\u1ea7n nh\u01b0 t\u1ee9c th\u00ec. B\u1eaft \u0111\u1ea7u h\u00e0nh tr\u00ecnh l\u01b0u tr\u1eef tr\u00ean \u0111\u00e1m m\u00e2y c\u00e1 nh\u00e2n ngay h\u00f4m nay.<\/p>\n<h3 style=\"text-align: center;\"><strong>C\u1ea5u t\u1ea1o b\u1ec1 m\u1eb7t ngo\u00e0i Synology BeeStation<\/strong><\/h3>\n<p><img decoding=\"async\" class=\"aligncenter wp-image-7442\" src=\"https:\/\/www.vietcorp.com\/store\/wp-content\/uploads\/2024\/01\/Synology-beestation-18.jpg\" alt=\"C\u1ea5u t\u1ea1o b\u1ec1 m\u1eb7t ngo\u00e0i Synology BeeStation\" width=\"800\" height=\"429\" srcset=\"https:\/\/vietcorp.com\/store\/wp-content\/uploads\/2024\/01\/Synology-beestation-18-768x412.jpg 768w, https:\/\/vietcorp.com\/store\/wp-content\/uploads\/2024\/01\/Synology-beestation-18-640x344.jpg 640w, https:\/\/vietcorp.com\/store\/wp-content\/uploads\/2024\/01\/Synology-beestation-18-400x215.jpg 400w, https:\/\/vietcorp.com\/store\/wp-content\/uploads\/2024\/01\/Synology-beestation-18-367x197.jpg 367w, https:\/\/vietcorp.com\/store\/wp-content\/uploads\/2024\/01\/Synology-beestation-18-600x322.jpg 600w\" sizes=\"(max-width: 800px) 100vw, 800px\" \/>H\u1ec7 \u0111i\u1ec1u h\u00e0nh BSM \u0111\u01b0\u1ee3c x\u00e2y d\u1ef1ng tr\u00ean n\u1ec1n t\u1ea3ng DSM 7.2 bao g\u1ed3m:<\/p>\n<ul>\n<li>FileStation<\/li>\n<li>SynoFinder<\/li>\n<li>SMBService<\/li>\n<li>QuickConnect<\/li>\n<li>UniversalViewer<\/li>\n<li>CloudSync<\/li>\n<li>USBCopy<\/li>\n<li>HyperBackup<\/li>\n<li>SynologyPhotos<\/li>\n<li>SynologyDrive<\/li>\n<li>MangoDrive<\/li>\n<li>bee-AdminCenter<\/li>\n<li>bee-Fonts<\/li>\n<li>CodecPack<\/li>\n<li>Python2<\/li>\n<li>exFAT-Free<\/li>\n<li>Node.js_v18<\/li>\n<li>SynologyApplicationService<\/li>\n<li>PHP7.4<\/li>\n<\/ul>\n<p><img decoding=\"async\" class=\"aligncenter size-full wp-image-7341\" src=\"https:\/\/www.vietcorp.com\/store\/wp-content\/uploads\/2021\/01\/Synology-beestation-3-2.jpg\" alt=\"Synology BeeStation 2\" width=\"600\" height=\"600\" srcset=\"https:\/\/vietcorp.com\/store\/wp-content\/uploads\/2021\/01\/Synology-beestation-3-2.jpg 600w, https:\/\/vietcorp.com\/store\/wp-content\/uploads\/2021\/01\/Synology-beestation-3-2-400x400.jpg 400w, https:\/\/vietcorp.com\/store\/wp-content\/uploads\/2021\/01\/Synology-beestation-3-2-560x560.jpg 560w, https:\/\/vietcorp.com\/store\/wp-content\/uploads\/2021\/01\/Synology-beestation-3-2-367x367.jpg 367w\" sizes=\"(max-width: 600px) 100vw, 600px\" \/><\/p>\n<h3><strong>T\u1ea1i sao Synology s\u1ebd ph\u00e1t h\u00e0nh BSM v\u00e0 d\u00f2ng NAS BST150?<\/strong><\/h3>\n<p>Nh\u01b0 \u0111\u00e3 \u0111\u1ec1 c\u1eadp tr\u01b0\u1edbc \u0111\u00f3, Synology \u0111\u00e3 tri\u1ec3n khai BeeDrive v\u00e0 ph\u1ea7n m\u1ec1m\/d\u1ecbch v\u1ee5 BeeDrive v\u00e0 BeeDrop \u0111i k\u00e8m v\u00e0o th\u00e1ng 7\/th\u00e1ng 8 cho c\u00e1c gi\u1ea3i ph\u00e1p BeeDrive 1TB v\u00e0 2TB, v\u00ec v\u1eady \u0111\u00e2y s\u1ebd l\u00e0 m\u1ed9t gi\u1ea3i ph\u00e1p ph\u00e1t tri\u1ec3n h\u01a1n trong khu v\u1ef1c c\u1ee7a h\u1ecd. V\u00ec v\u1eady, d\u1ef1a tr\u00ean ki\u1ebfn \u200b\u200btr\u00fac ARM 64bit, c\u00e1c \u1ee9ng d\u1ee5ng c\u01a1 s\u1edf bao g\u1ed3m quy\u1ec1n truy c\u1eadp File v\u00e0 qu\u1ea3n l\u00fd ph\u00f9 h\u1ee3p trong BSM l\u00e0 dung l\u01b0\u1ee3ng l\u01b0u tr\u1eef ti\u00eau chu\u1ea9n, \u0111\u01b0\u1ee3c \u0111\u00f3ng g\u00f3i v\u00e0 c\u00e0i \u0111\u1eb7t s\u1eb5n \u0111\u01b0\u1ee3c n\u00eau trong ph\u00e2n lo\u1ea1i m\u00f4 h\u00ecnh V\u00c0 th\u1ef1c t\u1ebf l\u00e0 n\u00f3 d\u01b0\u1eddng nh\u01b0 s\u1ebd \u0111\u01b0\u1ee3c t\u00edch h\u1ee3p v\u00e0o m\u1ed9t ph\u1ea1m vi \u0111ang ph\u00e1t tri\u1ec3n trong s\u1ed1 c\u00e1c gi\u1ea3i ph\u00e1p mang bi\u1ec7t danh BeeDrive v\u00e0 BeeStation.<\/p>\n<p>&nbsp;<\/p>\n<p><img decoding=\"async\" class=\"aligncenter wp-image-7366\" src=\"https:\/\/www.vietcorp.com\/store\/wp-content\/uploads\/2021\/01\/Synology-beestation-4-5.jpg\" alt=\"Thi\u1ebft b\u1ecb l\u01b0u tr\u1eef NAS Synology BeeStation 5\" width=\"600\" height=\"452\" srcset=\"https:\/\/vietcorp.com\/store\/wp-content\/uploads\/2021\/01\/Synology-beestation-4-5-463x348.jpg 463w, https:\/\/vietcorp.com\/store\/wp-content\/uploads\/2021\/01\/Synology-beestation-4-5-400x300.jpg 400w, https:\/\/vietcorp.com\/store\/wp-content\/uploads\/2021\/01\/Synology-beestation-4-5-367x276.jpg 367w, https:\/\/vietcorp.com\/store\/wp-content\/uploads\/2021\/01\/Synology-beestation-4-5-600x452.jpg 600w\" sizes=\"(max-width: 600px) 100vw, 600px\" \/><\/p>\n<p><img decoding=\"async\" class=\"aligncenter wp-image-7367\" src=\"https:\/\/www.vietcorp.com\/store\/wp-content\/uploads\/2021\/01\/Synology-beestation-4-6.jpg\" alt=\"Thi\u1ebft b\u1ecb l\u01b0u tr\u1eef NAS Synology BeeStation 6\" width=\"600\" height=\"452\" srcset=\"https:\/\/vietcorp.com\/store\/wp-content\/uploads\/2021\/01\/Synology-beestation-4-6-463x348.jpg 463w, https:\/\/vietcorp.com\/store\/wp-content\/uploads\/2021\/01\/Synology-beestation-4-6-400x300.jpg 400w, https:\/\/vietcorp.com\/store\/wp-content\/uploads\/2021\/01\/Synology-beestation-4-6-367x276.jpg 367w, https:\/\/vietcorp.com\/store\/wp-content\/uploads\/2021\/01\/Synology-beestation-4-6-600x452.jpg 600w\" sizes=\"(max-width: 600px) 100vw, 600px\" \/><\/p>\n<p><img decoding=\"async\" class=\"aligncenter size-full wp-image-7340\" src=\"https:\/\/www.vietcorp.com\/store\/wp-content\/uploads\/2021\/01\/Synology-beestation-2-1.jpg\" alt=\"Synology BeeStation 1\" width=\"600\" height=\"600\" srcset=\"https:\/\/vietcorp.com\/store\/wp-content\/uploads\/2021\/01\/Synology-beestation-2-1.jpg 600w, https:\/\/vietcorp.com\/store\/wp-content\/uploads\/2021\/01\/Synology-beestation-2-1-400x400.jpg 400w, https:\/\/vietcorp.com\/store\/wp-content\/uploads\/2021\/01\/Synology-beestation-2-1-560x560.jpg 560w, https:\/\/vietcorp.com\/store\/wp-content\/uploads\/2021\/01\/Synology-beestation-2-1-367x367.jpg 367w\" sizes=\"(max-width: 600px) 100vw, 600px\" \/><\/p>\n<p>T\u00ecm hi\u1ec3u th\u00eam v\u1ec1 Synology:<\/p>\n<ul>\n<li><a href=\"https:\/\/www.vietcorp.com\/store\/chung-nhan-synology\/\">Ch\u1ee9ng nh\u1eadn Synology<\/a><\/li>\n<li><a href=\"https:\/\/vietcorp.com\/support\/synology\/\">Support Synology<\/a><\/li>\n<li><a href=\"https:\/\/www.vietcorp.com\/blog\/tag\/showcase-synology\/\">Showcase Synology<\/a><\/li>\n<\/ul>\n","protected":false},"excerpt":{"rendered":"<p>Synology BeeStation 4TB<br \/>\nM\u00e3 s\u1ea3n ph\u1ea9m: BST150-4T<br \/>\nDung l\u01b0\u1ee3ng: 4 TB<br \/>\nH\u1ec7 \u0111i\u1ec1u h\u00e0nh: BSM<br \/>\nT\u00ednh n\u0103ng AI nh\u1eadn di\u1ec7n h\u00ecnh \u1ea3nh<br \/>\nB\u1ea3o h\u00e0nh 36 th\u00e1ng<\/p>\n","protected":false},"featured_media":7358,"template":"","meta":[],"product_brand":[],"product_cat":[348,337],"product_tag":[394,384,385,382,383,395],"class_list":{"0":"post-7338","1":"product","2":"type-product","3":"status-publish","4":"has-post-thumbnail","6":"product_cat-storage","7":"product_cat-san-pham-ngung-kinh-doanh","8":"product_tag-beestation","9":"product_tag-o-cung-di-dong","10":"product_tag-o-cung-di-dong-synology","11":"product_tag-o-cung-ngoai","12":"product_tag-o-cung-ngoai-synology","13":"product_tag-synology-beestation","15":"first","16":"instock","17":"taxable","18":"shipping-taxable","19":"product-type-simple"},"_links":{"self":[{"href":"https:\/\/vietcorp.com\/store\/wp-json\/wp\/v2\/product\/7338","targetHints":{"allow":["GET"]}}],"collection":[{"href":"https:\/\/vietcorp.com\/store\/wp-json\/wp\/v2\/product"}],"about":[{"href":"https:\/\/vietcorp.com\/store\/wp-json\/wp\/v2\/types\/product"}],"wp:featuredmedia":[{"embeddable":true,"href":"https:\/\/vietcorp.com\/store\/wp-json\/wp\/v2\/media\/7358"}],"wp:attachment":[{"href":"https:\/\/vietcorp.com\/store\/wp-json\/wp\/v2\/media?parent=7338"}],"wp:term":[{"taxonomy":"product_brand","embeddable":true,"href":"https:\/\/vietcorp.com\/store\/wp-json\/wp\/v2\/product_brand?post=7338"},{"taxonomy":"product_cat","embeddable":true,"href":"https:\/\/vietcorp.com\/store\/wp-json\/wp\/v2\/product_cat?post=7338"},{"taxonomy":"product_tag","embeddable":true,"href":"https:\/\/vietcorp.com\/store\/wp-json\/wp\/v2\/product_tag?post=7338"}],"curies":[{"name":"wp","href":"https:\/\/api.w.org\/{rel}","templated":true}]}}