


{"id":7158,"date":"2024-02-01T07:00:51","date_gmt":"2024-02-01T00:00:51","guid":{"rendered":"https:\/\/www.vietcorp.com\/store\/?post_type=product&#038;p=7158"},"modified":"2025-12-11T15:02:03","modified_gmt":"2025-12-11T08:02:03","slug":"synology-hat3310-16t","status":"publish","type":"product","link":"https:\/\/vietcorp.com\/store\/7158\/synology-hat3310-16t\/","title":{"rendered":"Synology HAT3310-16T"},"content":{"rendered":"<h2><strong>\u1ed4 c\u1ee9ng HDD cho NAS <a href=\"https:\/\/www.vietcorp.com\/store\/7158\/synology-hat3310-16t\/\">Synology HAT3310-16T<\/a><\/strong><\/h2>\n<p><strong>Th\u00f4ng s\u1ed1 k\u1ef9 thu\u1eadt \u1ed4 c\u1ee9ng HDD cho NAS <a href=\"https:\/\/www.vietcorp.com\/store\/nas-synology\/\">Synology<\/a> HAT3310-16T:<\/strong><\/p>\n<ul>\n<li>M\u00e3 s\u1ea3n ph\u1ea9m: HAT3310-16T<\/li>\n<li>Dung l\u01b0\u1ee3ng: 16 TB<\/li>\n<li>K\u00edch th\u01b0\u1edbc: 3.5&#8221;<\/li>\n<li>Drive design: Helium-sealed<\/li>\n<li>T\u1ed1c \u0111\u1ed9 quay: 7200 RPM<\/li>\n<li>C\u1ed5ng k\u1ebft n\u1ed1i: SATA 6 Gb\/s<\/li>\n<li>Cache: 512 MB<\/li>\n<li>MTBF: 1,200,000 hours<\/li>\n<li>B\u1ea3o h\u00e0nh 36 th\u00e1ng<\/li>\n<\/ul>\n<h3 style=\"text-align: center;\"><strong><span class=\"name\">HDD SATA 3.5&#8243; D\u00f2ng Plus<\/span><\/strong><\/h3>\n<p style=\"text-align: center;\">\u1ed4 c\u1ee9ng \u0111\u00e1ng tin c\u1eady \u0111\u01b0\u1ee3c thi\u1ebft k\u1ebf \u0111\u1eb7c bi\u1ec7t d\u00e0nh cho c\u00e1c thi\u1ebft b\u1ecb Synology trong m\u00f4i tr\u01b0\u1eddng gia \u0111\u00ecnh v\u00e0 v\u0103n ph\u00f2ng nh\u1ecf.<\/p>\n<h3 style=\"text-align: center;\">L\u1ee3i th\u1ebf c\u1ee7a <a href=\"https:\/\/www.vietcorp.com\/store\/nas-synology\/\">Synology<\/a><\/h3>\n<p style=\"text-align: center;\"><strong>\u0110\u1ed9 b\u1ec1n<\/strong><\/p>\n<p style=\"text-align: center;\"><img decoding=\"async\" class=\"aligncenter size-full wp-image-3773\" src=\"https:\/\/www.vietcorp.com\/store\/wp-content\/uploads\/2008\/01\/o-cung-hdd-hat3300-1.jpg\" alt=\"\u1ed4 c\u1ee9ng HDD cho NAS Synology HAT3310-16T 1\" width=\"91\" height=\"78\" \/><\/p>\n<p style=\"text-align: center;\">\u0110\u01b0\u1ee3c thi\u1ebft k\u1ebf \u0111\u1ec3 ho\u1ea1t \u0111\u1ed9ng 24\/7<\/p>\n<p style=\"text-align: center;\"><strong>C\u1eadp nh\u1eadt<\/strong><\/p>\n<p style=\"text-align: center;\"><img decoding=\"async\" class=\"aligncenter size-full wp-image-3774\" src=\"https:\/\/www.vietcorp.com\/store\/wp-content\/uploads\/2008\/01\/o-cung-hdd-hat3300-2.jpg\" alt=\"\u1ed4 c\u1ee9ng HDD cho NAS Synology HAT3310-12T 2\" width=\"83\" height=\"73\" \/><\/p>\n<p style=\"text-align: center;\">C\u1eadp nh\u1eadt firmware li\u1ec1n m\u1ea1ch th\u00f4ng qua DSM<\/p>\n<p style=\"text-align: center;\"><strong>H\u1ed7 tr\u1ee3 tr\u1ecdn g\u00f3i<\/strong><\/p>\n<p style=\"text-align: center;\"><img decoding=\"async\" class=\"aligncenter size-full wp-image-3775\" src=\"https:\/\/www.vietcorp.com\/store\/wp-content\/uploads\/2008\/01\/o-cung-hdd-hat3300-3.jpg\" alt=\"\u1ed4 c\u1ee9ng HDD cho NAS Synology HAT3310-16T 3\" width=\"89\" height=\"81\" \/><\/p>\n<p style=\"text-align: center;\">Kh\u1eafc ph\u1ee5c s\u1ef1 c\u1ed1 nhanh ch\u00f3ng t\u1eeb Synology<\/p>\n<h3 style=\"text-align: center;\"><strong>\u1ed4 c\u1ee9ng \u0111\u01b0\u1ee3c thi\u1ebft k\u1ebf cho h\u1ec7 th\u1ed1ng Synology<\/strong><\/h3>\n<p style=\"text-align: center;\"><strong><img decoding=\"async\" class=\"aligncenter size-full wp-image-3776\" src=\"https:\/\/www.vietcorp.com\/store\/wp-content\/uploads\/2008\/01\/o-cung-hdd-hat3300-4.jpg\" alt=\"\u1ed4 c\u1ee9ng HDD cho NAS Synology HAT3310-16T 4\" width=\"554\" height=\"258\" srcset=\"https:\/\/vietcorp.com\/store\/wp-content\/uploads\/2008\/01\/o-cung-hdd-hat3300-4.jpg 554w, https:\/\/vietcorp.com\/store\/wp-content\/uploads\/2008\/01\/o-cung-hdd-hat3300-4-400x186.jpg 400w, https:\/\/vietcorp.com\/store\/wp-content\/uploads\/2008\/01\/o-cung-hdd-hat3300-4-367x171.jpg 367w\" sizes=\"(max-width: 554px) 100vw, 554px\" \/><\/strong><\/p>\n<p style=\"text-align: center;\"><strong>\u0110\u1ed9 tin c\u1eady v\u01b0\u1ee3t tr\u1ed9i<\/strong><\/p>\n<p style=\"text-align: center;\"><img decoding=\"async\" class=\"aligncenter size-full wp-image-3777\" src=\"https:\/\/www.vietcorp.com\/store\/wp-content\/uploads\/2008\/01\/o-cung-hdd-hat3300-5.jpg\" alt=\"\u1ed4 c\u1ee9ng HDD cho NAS Synology HAT3310-16T 5\" width=\"215\" height=\"231\" \/><\/p>\n<p style=\"text-align: center;\">S\u1eed d\u1ee5ng c\u00f4ng ngh\u1ec7 ghi t\u1eeb t\u00ednh th\u00f4ng th\u01b0\u1eddng (CMR) 100%, \u1ed5 \u0111\u0129a thu\u1ed9c d\u00f2ng s\u1ea3n ph\u1ea9m Plus s\u1ebd \u0111\u1ea3m b\u1ea3o hi\u1ec7u su\u1ea5t ghi \u1ed5n \u0111\u1ecbnh trong su\u1ed1t th\u1eddi gian s\u1eed d\u1ee5ng.<\/p>\n<h3 style=\"text-align: center;\"><strong>C\u1eadp nh\u1eadt firmware d\u1ec5 d\u00e0ng<\/strong><\/h3>\n<p style=\"text-align: center;\"><img decoding=\"async\" class=\"aligncenter size-full wp-image-3778\" src=\"https:\/\/www.vietcorp.com\/store\/wp-content\/uploads\/2008\/01\/o-cung-hdd-hat3300-6.jpg\" alt=\"\u1ed4 c\u1ee9ng HDD cho NAS Synology HAT3310-16T 6\" width=\"196\" height=\"233\" \/><\/p>\n<p style=\"text-align: center;\">C\u00f3 th\u1ec3 c\u1eadp nh\u1eadt firmware tr\u1ef1c ti\u1ebfp th\u00f4ng qua <a href=\"https:\/\/www.vietcorp.com\/store\/synology-diskstation-manager-7-2\/\">DSM<\/a>, \u0111\u1ea3m b\u1ea3o c\u00e1c \u1ed5 \u0111\u0129a nh\u1eadn \u0111\u01b0\u1ee3c nh\u1eefng b\u1ea3n v\u00e1 l\u1ed7i m\u1edbi nh\u1ea5t m\u00e0 kh\u00f4ng c\u1ea7n ph\u1ea3i th\u00e1o \u1ed5 \u0111\u0129a.<\/p>\n<h3 style=\"text-align: center;\"><strong>Th\u1eed nghi\u1ec7m to\u00e0n di\u1ec7n<\/strong><\/h3>\n<p style=\"text-align: center;\"><img decoding=\"async\" class=\"aligncenter size-full wp-image-3779\" src=\"https:\/\/www.vietcorp.com\/store\/wp-content\/uploads\/2008\/01\/o-cung-hdd-hat3300-7.jpg\" alt=\"\u1ed4 c\u1ee9ng HDD cho NAS Synology HAT3310-16T 7\" width=\"267\" height=\"148\" \/><\/p>\n<p style=\"text-align: center;\">C\u00e1c \u1ed5 \u0111\u0129a Synology thu\u1ed9c D\u00f2ng Plus \u0111\u00e3 tr\u1ea3i qua c\u00e1c b\u00e0i th\u1eed nghi\u1ec7m k\u1ef9 l\u01b0\u1ee1ng v\u1ec1 kh\u1ea3 n\u0103ng t\u01b0\u01a1ng th\u00edch v\u00e0 ch\u1ecbu \u00e1p l\u1ef1c \u0111\u1ec3 \u0111\u1ea3m b\u1ea3o ho\u1ea1t \u0111\u1ed9ng tr\u01a1n tru 24\/7 d\u01b0\u1edbi kh\u1ed1i l\u01b0\u1ee3ng c\u00f4ng vi\u1ec7c cho nhi\u1ec1u ng\u01b0\u1eddi d\u00f9ng. T\u00ecm hi\u1ec3u th\u00eam v\u1ec1 <a href=\"https:\/\/www.vietcorp.com\/store\/cong-nghe-luu-tru-cua-synology\/\">c\u00f4ng ngh\u1ec7 l\u01b0u tr\u1eef Synology<\/a><\/p>\n<h3 style=\"text-align: center;\"><strong>B\u1ea3o h\u00e0nh 3 n\u0103m<\/strong><\/h3>\n<p style=\"text-align: center;\">T\u1ea1i Synology cam k\u1ebft cung c\u1ea5p c\u00e1c s\u1ea3n ph\u1ea9m s\u00e1ng t\u1ea1o v\u00e0 ch\u1ea5t l\u01b0\u1ee3ng cao. \u1ed4 \u0111\u0129a thu\u1ed9c D\u00f2ng Plus \u0111\u01b0\u1ee3c h\u1ed7 tr\u1ee3 b\u1eb1ng ch\u01b0\u01a1ng tr\u00ecnh b\u1ea3o h\u00e0nh c\u00f3 gi\u1edbi h\u1ea1n 3 n\u0103m, bao g\u1ed3m c\u00e1c d\u1ecbch v\u1ee5 h\u1ed7 tr\u1ee3 k\u1ef9 thu\u1eadt h\u00e0ng \u0111\u1ea7u v\u00e0 d\u1ecbch v\u1ee5 thay th\u1ebf ph\u1ea7n c\u1ee9ng.<\/p>\n<p>T\u00ecm hi\u1ec3u th\u00eam v\u1ec1 Synology:<\/p>\n<ul>\n<li><a href=\"https:\/\/www.vietcorp.com\/store\/chung-nhan-synology\/\">Ch\u1ee9ng nh\u1eadn Synology<\/a><\/li>\n<li><a href=\"https:\/\/vietcorp.com\/support\/synology\/\">Support Synology<\/a><\/li>\n<li><a href=\"https:\/\/www.vietcorp.com\/blog\/tag\/showcase-synology\/\">Showcase Synology<\/a><\/li>\n<\/ul>\n","protected":false},"excerpt":{"rendered":"<p>HDD Synology HAT3310-16T<br \/>\nDung l\u01b0\u1ee3ng: 16 TB<br \/>\nK\u00edch th\u01b0\u1edbc: 3.5&#8221;<br \/>\nT\u1ed1c \u0111\u1ed9 quay: 7200 RPM<br \/>\nC\u1ed5ng k\u1ebft n\u1ed1i: SATA 6 Gb\/s<br \/>\nB\u1ea3o h\u00e0nh 36 th\u00e1ng<\/p>\n","protected":false},"featured_media":7415,"template":"","meta":[],"product_brand":[],"product_cat":[86],"product_tag":[350],"class_list":{"0":"post-7158","1":"product","2":"type-product","3":"status-publish","4":"has-post-thumbnail","6":"product_cat-o-cung","7":"product_tag-o-cung-synology","9":"first","10":"instock","11":"taxable","12":"shipping-taxable","13":"product-type-simple"},"_links":{"self":[{"href":"https:\/\/vietcorp.com\/store\/wp-json\/wp\/v2\/product\/7158","targetHints":{"allow":["GET"]}}],"collection":[{"href":"https:\/\/vietcorp.com\/store\/wp-json\/wp\/v2\/product"}],"about":[{"href":"https:\/\/vietcorp.com\/store\/wp-json\/wp\/v2\/types\/product"}],"wp:featuredmedia":[{"embeddable":true,"href":"https:\/\/vietcorp.com\/store\/wp-json\/wp\/v2\/media\/7415"}],"wp:attachment":[{"href":"https:\/\/vietcorp.com\/store\/wp-json\/wp\/v2\/media?parent=7158"}],"wp:term":[{"taxonomy":"product_brand","embeddable":true,"href":"https:\/\/vietcorp.com\/store\/wp-json\/wp\/v2\/product_brand?post=7158"},{"taxonomy":"product_cat","embeddable":true,"href":"https:\/\/vietcorp.com\/store\/wp-json\/wp\/v2\/product_cat?post=7158"},{"taxonomy":"product_tag","embeddable":true,"href":"https:\/\/vietcorp.com\/store\/wp-json\/wp\/v2\/product_tag?post=7158"}],"curies":[{"name":"wp","href":"https:\/\/api.w.org\/{rel}","templated":true}]}}