


{"id":70,"date":"2020-11-03T09:32:11","date_gmt":"2020-11-03T02:32:11","guid":{"rendered":"https:\/\/www.vietcorp.com\/store\/product\/synology-ds418\/"},"modified":"2023-08-24T14:21:00","modified_gmt":"2023-08-24T07:21:00","slug":"thiet-bi-luu-tru-nas-synology-ds418","status":"publish","type":"product","link":"https:\/\/vietcorp.com\/store\/70\/thiet-bi-luu-tru-nas-synology-ds418\/","title":{"rendered":"Synology DS418"},"content":{"rendered":"<p><a href=\"https:\/\/www.vietcorp.com\/store\/70\/thiet-bi-luu-tru-nas-synology-ds418\/\"><strong>Thi\u1ebft b\u1ecb l\u01b0u tr\u1eef d\u1eef li\u1ec7u Synology DS418<\/strong><\/a> l\u00e0 <a href=\"https:\/\/vietcorp.com\/store\/drive-bays\/4-bays\">NAS 4 Bay<\/a> \u0111a n\u0103ng \u1ee9ng d\u1ee5ng t\u1ed1t cho chia s\u1ebd d\u1eef li\u1ec7u t\u1ed1c \u0111\u1ed9 cao v\u00e0 qu\u1ea3n l\u00fd d\u1eef li\u1ec7u t\u1eadp trung. DS418 c\u00f2n \u0111\u01b0\u1ee3c trang b\u1ecb CPU 64-bit m\u1edbi, cho t\u1ed1c \u0111\u1ed9 truy\u1ec1n d\u1eef li\u1ec7u cao v\u00e0 qu\u1ea3n l\u00fd d\u1eef li\u1ec7u v\u1edbi kh\u1ed1i l\u01b0\u1ee3ng l\u1edbn.<\/p>\n<h2><span style=\"color: #0000ff;\"><strong>NAS Synology DS418 cho ph\u00e9p c\u00f9ng l\u00e0m vi\u1ec7c tr\u00ean cloud c\u00e1 nh\u00e2n<\/strong><\/span><\/h2>\n<p>V\u1edbi DSM cung c\u1ea5p \u1ee9ng d\u1ee5ng Synology Office, cung c\u1ea5p c\u00e1c c\u00f4ng c\u1ee5 l\u00e0m vi\u1ec7c v\u00e0 kh\u1ea3 n\u0103ng c\u00f9ng l\u00e0m vi\u1ec7c tr\u00ean \u0111\u00e1m m\u00e2y ri\u00eang bi\u1ec7t. Cho ph\u00e9p kh\u1ea3 n\u0103ng c\u1ed9ng t\u00e1c li\u1ec1n m\u1ea1ch trong c\u00e1c t\u00e0i li\u1ec7u d\u1ec5 d\u00e0ng.<\/p>\n<h2><span style=\"color: #0000ff;\"><strong><img decoding=\"async\" class=\"aligncenter wp-image-1114 size-full\" src=\"https:\/\/vietcorp.com\/store\/wp-content\/uploads\/2020\/11\/ds418-cloud_01.png\" alt=\"Vietcorp ph\u00e2n ph\u1ed1i NAS Synology D418\" width=\"888\" height=\"527\" srcset=\"https:\/\/vietcorp.com\/store\/wp-content\/uploads\/2020\/11\/ds418-cloud_01.png?v=1668220583 888w, https:\/\/vietcorp.com\/store\/wp-content\/uploads\/2020\/11\/ds418-cloud_01-600x356.png?v=1668220583 600w, https:\/\/vietcorp.com\/store\/wp-content\/uploads\/2020\/11\/ds418-cloud_01-768x456.png?v=1668220583 768w, https:\/\/vietcorp.com\/store\/wp-content\/uploads\/2020\/11\/ds418-cloud_01-640x380.png?v=1668220583 640w, https:\/\/vietcorp.com\/store\/wp-content\/uploads\/2020\/11\/ds418-cloud_01-400x237.png?v=1668220583 400w, https:\/\/vietcorp.com\/store\/wp-content\/uploads\/2020\/11\/ds418-cloud_01-367x218.png?v=1668220583 367w\" sizes=\"(max-width: 888px) 100vw, 888px\" \/><\/strong><\/span><\/h2>\n<h2><span style=\"color: #0000ff;\"><strong>Truy\u1ec1n n\u1ed9i dung \u0111\u1ebfn TV<\/strong><\/span><\/h2>\n<p>Bi\u1ebfn NAS Synology th\u00e0nh 1 trung t\u00e2m gi\u1ea3i tr\u00ed t\u1ea1i nh\u00e0 v\u00e0 cho ph\u00e9p truy\u1ec1n d\u1eef li\u1ec7u \u0111\u1ebfn m\u00e1y t\u00ednh, thi\u1ebft b\u1ecb di \u0111\u1ed9ng, Samsung TV, Apple TV, Google Chromecast v\u00e0 c\u00e1c thi\u1ebft b\u1ecb DLNA d\u1ec5 d\u00e0ng.<\/p>\n<h2><span style=\"color: #0000ff;\"><strong><img decoding=\"async\" class=\"aligncenter wp-image-1109 size-full\" src=\"https:\/\/vietcorp.com\/store\/wp-content\/uploads\/2020\/11\/ds220j-stream_TV_02.png\" alt=\"Synology DS418 2\" width=\"70%\" height=\"\" srcset=\"https:\/\/vietcorp.com\/store\/wp-content\/uploads\/2020\/11\/ds220j-stream_TV_02.png?v=1668220589 745w, https:\/\/vietcorp.com\/store\/wp-content\/uploads\/2020\/11\/ds220j-stream_TV_02-600x329.png?v=1668220589 600w, https:\/\/vietcorp.com\/store\/wp-content\/uploads\/2020\/11\/ds220j-stream_TV_02-640x350.png?v=1668220589 640w, https:\/\/vietcorp.com\/store\/wp-content\/uploads\/2020\/11\/ds220j-stream_TV_02-400x219.png?v=1668220589 400w, https:\/\/vietcorp.com\/store\/wp-content\/uploads\/2020\/11\/ds220j-stream_TV_02-367x201.png?v=1668220589 367w\" sizes=\"(max-width: 745px) 100vw, 745px\" \/><\/strong><\/span><\/h2>\n<h2><span style=\"color: #0000ff;\"><strong><a href=\"https:\/\/www.vietcorp.com\/store\/nas-synology\/\">NAS Synology<\/a> DS418 h\u1ed7 tr\u1ee3 truy c\u1eadp v\u00e0 \u0111\u1ed3ng b\u1ed9 h\u00f3a d\u1eef li\u1ec7u li\u1ec1n m\u1ea1ch<\/strong><\/span><\/h2>\n<p>Synology Drive cung c\u1ea5p c\u1ed5ng th\u00f4ng tin chung \u0111\u01b0\u1ee3c t\u00edch h\u1ee3p s\u1eb5n \u0111\u1ec3 truy c\u1eadp d\u1eef li\u1ec7u \u1edf m\u1ecdi l\u00fac, m\u1ecdi n\u01a1i v\u00e0 \u0111\u1ed3ng b\u1ed9 h\u00f3a t\u1ea5t c\u1ea3 d\u1eef li\u1ec7u tr\u00ean c\u00e1c n\u1ec1n t\u1ea3ng, bao g\u1ed3m Windows, macOS, Linux, Android v\u00e0 iOS.<\/p>\n<ul>\n<li><strong>\u0110\u1ed3ng b\u1ed9 theo y\u00eau c\u1ea7u<\/strong>: Ti\u1ebft ki\u1ec7m kh\u00f4ng gian l\u01b0u tr\u1eef tr\u00ean m\u00e1y t\u00ednh v\u00e0 b\u0103ng th\u00f4ng m\u1ea1ng.<\/li>\n<li><strong>Quay ng\u01b0\u1ee3c th\u1eddi gian<\/strong>: D\u1ec5 d\u00e0ng truy xu\u1ea5t c\u00e1c phi\u00ean b\u1ea3n tr\u01b0\u1edbc c\u1ee7a file \u0111\u01b0\u1ee3c chia s\u1ebd.<\/li>\n<li><strong>Sao l\u01b0u d\u1eef li\u1ec7u<\/strong>: B\u1ea3o v\u1ec7 d\u1eef li\u1ec7u b\u1eb1ng c\u00e1c b\u1ea3n sao l\u01b0u \u0111\u00e3 l\u00ean l\u1ecbch ho\u1eb7c theo th\u1eddi gian th\u1ef1c<\/li>\n<\/ul>\n<h2><span style=\"color: #0000ff;\"><strong>NAS Synology DS418 t\u00edch h\u1ee3p c\u00f4ng ngh\u1ec7 Synology Hybird RAID (SHR)<\/strong><\/span><\/h2>\n<p>Qu\u1ea3n l\u00fd l\u01b0u tr\u1eef d\u1ec5 d\u00e0ng v\u1edbi c\u00f4ng ngh\u1ec7 Synology Hybrid RAID (SHR). SHR l\u00e0 m\u1ed9t h\u1ec7 th\u1ed1ng qu\u1ea3n l\u00fd RAID t\u1ef1 \u0111\u1ed9ng cho ph\u00e9p b\u1ea1n d\u1ec5 d\u00e0ng t\u1ea1o v\u00e0 m\u1edf r\u1ed9ng dung l\u01b0\u1ee3ng l\u01b0u tr\u1eef c\u0169ng nh\u01b0 di chuy\u1ec3n c\u00e1c lo\u1ea1i RAID m\u00e0 kh\u00f4ng y\u00eau c\u1ea7u chi ti\u1ebft v\u1ec1 RAID. SHR cung c\u1ea5p kh\u1ea3 n\u0103ng d\u1ef1 ph\u00f2ng t\u1eeb 1 \u0111\u1ebfn 2 \u0111\u0129a \u0111\u1ec3 b\u1ea3o v\u1ec7 d\u1eef li\u1ec7u c\u1ee7a b\u1ea1n khi \u1ed5 b\u1ecb h\u1ecfng.<\/p>\n<p>C\u00f4ng ngh\u1ec7 SHR gi\u00fap ti\u1ebft ki\u1ec7m chi ph\u00ed khi t\u1ed1i \u0111a h\u00f3a dung l\u01b0\u1ee3ng l\u01b0u tr\u1eef. Vi\u1ec7c qu\u1ea3n l\u00fd tr\u1edf n\u00ean d\u1ec5 d\u00e0ng h\u01a1n v\u1edbi tr\u00ecnh h\u01b0\u1edbng d\u1eabn c\u00e0i \u0111\u1eb7t. Ng\u01b0\u1eddi d\u00f9ng d\u1ec5 d\u00e0ng g\u1eafng th\u00eam \u1ed5 c\u1ee9ng ch\u1ec9 v\u1edbi 1 v\u00e0i thao t\u00e1c. V\u00e0 cho ph\u00e9p l\u1eadp k\u1ebf ho\u1ea1ch tr\u01b0\u1edbc gi\u00fap ph\u00e2n b\u1ed5 kh\u00f4ng gian l\u01b0u tr\u1eef h\u1ee3p l\u00fd cho t\u01b0\u01a1ng lai.<\/p>\n<h2><span style=\"color: #0000ff;\"><strong>Truy c\u1eadp d\u1ec5 d\u00e0ng v\u1edbi QuickConnect<\/strong><\/span><\/h2>\n<p>Truy c\u1eadp c\u00e1c t\u1ec7p tr\u00ean NAS Synology c\u1ee7a b\u1ea1n qua Internet m\u00e0 kh\u00f4ng g\u1eb7p r\u1eafc r\u1ed1i khi thi\u1ebft l\u1eadp c\u00e1c quy t\u1eafc chuy\u1ec3n ti\u1ebfp c\u1ed5ng, DDNS ho\u1eb7c c\u00e1c c\u00e0i \u0111\u1eb7t m\u1ea1ng ph\u1ee9c t\u1ea1p kh\u00e1c. QuickConnect cho ph\u00e9p b\u1ea1n k\u1ebft n\u1ed1i th\u00f4ng qua m\u1ed9t \u0111\u1ecba ch\u1ec9 an to\u00e0n, c\u00f3 th\u1ec3 t\u00f9y ch\u1ec9nh \u0111\u1ec3 b\u1ea1n c\u00f3 th\u1ec3 truy c\u1eadp ngay l\u1eadp t\u1ee9c v\u00e0o c\u00e1c t\u1ec7p ph\u01b0\u01a1ng ti\u1ec7n v\u00e0 c\u00f4ng vi\u1ec7c tr\u00ean b\u1ea5t k\u1ef3 thi\u1ebft b\u1ecb k\u1ebft n\u1ed1i Internet n\u00e0o m\u00e0 kh\u00f4ng ph\u1ea3i tr\u1ea3 th\u00eam ph\u00ed.<\/p>\n<h2><span style=\"color: #0000ff;\"><strong><img decoding=\"async\" class=\"aligncenter size-full wp-image-1115\" src=\"https:\/\/vietcorp.com\/store\/wp-content\/uploads\/2020\/11\/quickConnect_white_bg_01.png\" alt=\"Synology DS418 3\" width=\"692\" height=\"364\" srcset=\"https:\/\/vietcorp.com\/store\/wp-content\/uploads\/2020\/11\/quickConnect_white_bg_01.png?v=1668220581 692w, https:\/\/vietcorp.com\/store\/wp-content\/uploads\/2020\/11\/quickConnect_white_bg_01-600x316.png?v=1668220581 600w, https:\/\/vietcorp.com\/store\/wp-content\/uploads\/2020\/11\/quickConnect_white_bg_01-640x337.png?v=1668220581 640w, https:\/\/vietcorp.com\/store\/wp-content\/uploads\/2020\/11\/quickConnect_white_bg_01-400x210.png?v=1668220581 400w, https:\/\/vietcorp.com\/store\/wp-content\/uploads\/2020\/11\/quickConnect_white_bg_01-367x193.png?v=1668220581 367w\" sizes=\"(max-width: 692px) 100vw, 692px\" \/><\/strong><\/span><\/h2>\n<h2><span style=\"color: #0000ff;\"><strong>B\u1ec1 ngo\u00e0i NAS Synology DS418<\/strong><\/span><\/h2>\n<table>\n<tbody>\n<tr>\n<td style=\"text-align: center;\"><strong>M\u1eb7t tr\u01b0\u1edbc NAS Synology DS418<\/strong><\/td>\n<td style=\"text-align: center;\"><strong>M\u1eb7t sau NAS Synology DS418<\/strong><\/td>\n<\/tr>\n<tr>\n<td colspan=\"2\"><img decoding=\"async\" class=\"aligncenter wp-image-1113 size-full\" src=\"https:\/\/vietcorp.com\/store\/wp-content\/uploads\/2020\/11\/ds418-backpanel.jpg\" alt=\"Vietcorp ph\u00e2n ph\u1ed1i NAS Synology DS418\" width=\"765\" height=\"300\" srcset=\"https:\/\/vietcorp.com\/store\/wp-content\/uploads\/2020\/11\/ds418-backpanel.jpg?v=1668220586 765w, https:\/\/vietcorp.com\/store\/wp-content\/uploads\/2020\/11\/ds418-backpanel-600x235.jpg?v=1668220586 600w, https:\/\/vietcorp.com\/store\/wp-content\/uploads\/2020\/11\/ds418-backpanel-640x251.jpg?v=1668220586 640w, https:\/\/vietcorp.com\/store\/wp-content\/uploads\/2020\/11\/ds418-backpanel-400x157.jpg?v=1668220586 400w, https:\/\/vietcorp.com\/store\/wp-content\/uploads\/2020\/11\/ds418-backpanel-367x144.jpg?v=1668220586 367w\" sizes=\"(max-width: 765px) 100vw, 765px\" \/><\/td>\n<\/tr>\n<tr>\n<td>1. \u0110\u00e8n b\u00e1o tr\u1ea1ng th\u00e1i<\/td>\n<td>7. C\u1ed5ng m\u1ea1ng RJ-45 1GB<\/td>\n<\/tr>\n<tr>\n<td>2. \u0110\u00e8n b\u00e1o tr\u1ea1ng th\u00e1i \u1ed5 \u0111\u0129a<\/td>\n<td>8. N\u00fat reset<\/td>\n<\/tr>\n<tr>\n<td>3. \u1ed4 kh\u00f3a khay<\/td>\n<td>9. C\u1ed5ng USB 3.0<\/td>\n<\/tr>\n<tr>\n<td>4. C\u1ed5ng USB 3.0<\/td>\n<td>10. Ngu\u1ed3n \u0111i\u1ec7n v\u00e0o<\/td>\n<\/tr>\n<tr>\n<td>5. N\u00fat ngu\u1ed3n v\u00e0 \u0111\u00e8n b\u00e1o<\/td>\n<td>11. Qu\u1ea1t<\/td>\n<\/tr>\n<tr>\n<td>6. Khay \u1ed5 \u0111\u0129a<\/td>\n<td>12. Khe b\u1ea3o m\u1eadt Kensington<\/td>\n<\/tr>\n<\/tbody>\n<\/table>\n<p>Xem th\u00eam th\u00f4ng tin h\u1ed7 tr\u1ee3 cho <b>Thi\u1ebft b\u1ecb l\u01b0u tr\u1eef Nas Synology DS418<\/b><\/p>\n<ul>\n<li><a href=\"https:\/\/www.vietcorp.com\/vn\/2819\/chung-nhan-vietcorp-doi-tac-cua-synology\/\">Ch\u1ee9ng nh\u1eadn Synology<\/a><\/li>\n<li><a href=\"https:\/\/vietcorp.com\/support\/synology\/\">Support Synology<\/a><\/li>\n<li><a href=\"https:\/\/www.vietcorp.com\/blog\/tag\/showcase-synology\/\">Showcase Synology<\/a><\/li>\n<\/ul>\n","protected":false},"excerpt":{"rendered":"<p>Thi\u1ebft b\u1ecb l\u01b0u tr\u1eef NAS Synology DS418<br \/>\nQuad-core 1.4GHz CPU<br \/>\n2 x 1GbE RJ-45 ports<br \/>\nRAM 2GB DDR4<br \/>\nB\u1ea3o h\u00e0nh 24 th\u00e1ng<\/p>\n","protected":false},"featured_media":3561,"template":"","meta":[],"product_brand":[],"product_cat":[337],"product_tag":[],"class_list":{"0":"post-70","1":"product","2":"type-product","3":"status-publish","4":"has-post-thumbnail","6":"product_cat-san-pham-ngung-kinh-doanh","7":"pa_drive-bays-4-bays","8":"pa_form-factor-tower","9":"pa_tinh-nang-phan-cung-64-bit-architecture","10":"pa_tinh-nang-phan-cung-hot-swappable-drives","12":"first","13":"outofstock","14":"taxable","15":"shipping-taxable","16":"purchasable","17":"product-type-simple"},"_links":{"self":[{"href":"https:\/\/vietcorp.com\/store\/wp-json\/wp\/v2\/product\/70","targetHints":{"allow":["GET"]}}],"collection":[{"href":"https:\/\/vietcorp.com\/store\/wp-json\/wp\/v2\/product"}],"about":[{"href":"https:\/\/vietcorp.com\/store\/wp-json\/wp\/v2\/types\/product"}],"wp:featuredmedia":[{"embeddable":true,"href":"https:\/\/vietcorp.com\/store\/wp-json\/wp\/v2\/media\/3561"}],"wp:attachment":[{"href":"https:\/\/vietcorp.com\/store\/wp-json\/wp\/v2\/media?parent=70"}],"wp:term":[{"taxonomy":"product_brand","embeddable":true,"href":"https:\/\/vietcorp.com\/store\/wp-json\/wp\/v2\/product_brand?post=70"},{"taxonomy":"product_cat","embeddable":true,"href":"https:\/\/vietcorp.com\/store\/wp-json\/wp\/v2\/product_cat?post=70"},{"taxonomy":"product_tag","embeddable":true,"href":"https:\/\/vietcorp.com\/store\/wp-json\/wp\/v2\/product_tag?post=70"}],"curies":[{"name":"wp","href":"https:\/\/api.w.org\/{rel}","templated":true}]}}