


{"id":66,"date":"2020-11-05T09:31:58","date_gmt":"2020-11-05T02:31:58","guid":{"rendered":"https:\/\/www.vietcorp.com\/store\/product\/synology-ds720\/"},"modified":"2025-12-11T11:46:25","modified_gmt":"2025-12-11T04:46:25","slug":"thiet-bi-luu-tru-nas-synology-ds720","status":"publish","type":"product","link":"https:\/\/vietcorp.com\/store\/66\/thiet-bi-luu-tru-nas-synology-ds720\/","title":{"rendered":"Synology DS720+"},"content":{"rendered":"<section class=\"wpb-content-wrapper\"><p>[vc_row][vc_column][vc_column_text]S\u1ea3n ph\u1ea9m thay th\u1ebf[\/vc_column_text]<div class=\"woocommerce \">\r\n<ul class=\"products products-container grid pcols-lg-4 pcols-md-3 pcols-xs-2 pcols-ls-1 pwidth-lg-4 pwidth-md-3 pwidth-xs-2 pwidth-ls-1 is-shortcode\"\r\r\n\t data-product_layout=\"product-default\">\r\r\n\r\n\r\r\n<li class=\"product-col product-default product type-product post-2886 status-publish first instock product_cat-nas product_tag-diskstation product_tag-ds723 product_tag-nas product_tag-nas-2-bay product_tag-nas-ds723 product_tag-synology product_tag-synology-ds723 has-post-thumbnail taxable shipping-taxable product-type-simple\">\r\r\n<div class=\"product-inner\">\r\r\n\t\r\n\r\r\n\t<div class=\"product-image\">\r\r\n\r\r\n\t\t<a  href=\"https:\/\/vietcorp.com\/store\/2886\/thiet-bi-luu-tru-nas-synology-ds723\/\" aria-label=\"product\">\r\r\n\t\t\t<div class=\"inner img-effect\"><img decoding=\"async\" width=\"600\" height=\"600\" src=\"https:\/\/vietcorp.com\/store\/wp-content\/uploads\/2022\/11\/nas-synology-ds7232-1.png\" class=\"attachment-woocommerce_thumbnail size-woocommerce_thumbnail\" alt=\"Synology DS723+\" srcset=\"https:\/\/vietcorp.com\/store\/wp-content\/uploads\/2022\/11\/nas-synology-ds7232-1.png 600w, https:\/\/vietcorp.com\/store\/wp-content\/uploads\/2022\/11\/nas-synology-ds7232-1-400x400.png 400w, https:\/\/vietcorp.com\/store\/wp-content\/uploads\/2022\/11\/nas-synology-ds7232-1-560x560.png 560w, https:\/\/vietcorp.com\/store\/wp-content\/uploads\/2022\/11\/nas-synology-ds7232-1-367x367.png 367w\" sizes=\"(max-width: 600px) 100vw, 600px\" \/><img decoding=\"async\" width=\"600\" height=\"600\" src=\"https:\/\/vietcorp.com\/store\/wp-content\/uploads\/2022\/11\/nas-synology-ds7233-1.png\" class=\"hover-image\" alt=\"\" srcset=\"https:\/\/vietcorp.com\/store\/wp-content\/uploads\/2022\/11\/nas-synology-ds7233-1.png 600w, https:\/\/vietcorp.com\/store\/wp-content\/uploads\/2022\/11\/nas-synology-ds7233-1-400x400.png 400w, https:\/\/vietcorp.com\/store\/wp-content\/uploads\/2022\/11\/nas-synology-ds7233-1-560x560.png 560w, https:\/\/vietcorp.com\/store\/wp-content\/uploads\/2022\/11\/nas-synology-ds7233-1-367x367.png 367w\" sizes=\"(max-width: 600px) 100vw, 600px\" \/><\/div>\r\n\t\t<\/a>\r\r\n\t\r\n\t\r\n\t<\/div>\r\r\n\r\r\n\t<div class=\"product-content\">\r\r\n\t\t<span class=\"category-list\"><a href=\"https:\/\/vietcorp.com\/store\/product-category\/nas\/\" rel=\"tag\">NAS<\/a><\/span>\r\n\r\r\n\t\t\r\n\t<a class=\"product-loop-title\"  href=\"https:\/\/vietcorp.com\/store\/2886\/thiet-bi-luu-tru-nas-synology-ds723\/\">\r\r\n\t<h3 class=\"woocommerce-loop-product__title\">Synology DS723+<\/h3>\r\n\t<\/a>\r\r\n\t\r\n\r\r\n\t\t\r\n\t<div class=\"description\">\r\r\n\t\t\r\n\t\t<p class=\"post-excerpt\">Thi\u1ebft b\u1ecb l\u01b0u tr\u1eef NAS Synology DS723+<br \/>\nNAS 2 khay \u1ed5 \u0111\u0129a max 7 \u1ed5 \u0111\u0129a<br \/>\n2GB DDR4 ECC up to 32 GB<br \/>\n2 x RJ-45 1GbE<br \/>\nB\u1ea3o h\u00e0nh 36 th\u00e1ng<\/p>\n\r\n\t<\/div>\r\r\n\t\n\r\n\r\r\n\t\t\r\n<div class=\"add-links-wrap\">\r\r\n\t<div class=\"add-links clearfix\">\r\r\n\t\t<a href=\"https:\/\/vietcorp.com\/store\/2886\/thiet-bi-luu-tru-nas-synology-ds723\/\" aria-describedby=\"woocommerce_loop_add_to_cart_link_describedby_2886\" data-quantity=\"1\" class=\"viewcart-style-2 button product_type_simple add_to_cart_read_more\" data-product_id=\"2886\" data-product_sku=\"SYNOLOGY-DS723+\" aria-label=\"\u0110\u1ecdc th\u00eam v\u1ec1 &ldquo;Synology DS723+&rdquo;\" rel=\"nofollow\" data-success_message=\"\">\u0110\u1ecdc ti\u1ebfp<\/a>\r\n\t\r\n\t<span id=\"woocommerce_loop_add_to_cart_link_describedby_2886\" class=\"screen-reader-text\">\r\r\n\t\t\r\n\t<\/span>\r\r\n\t\r\n\t<div class=\"quickview\" data-id=\"2886\" title=\"Xem nhanh\">Xem nhanh<\/div>\r\n\t<\/div>\r\r\n\t\r\n<\/div>\r\r\n<span class=\"gtm4wp_productdata\" style=\"display:none; visibility:hidden;\" data-gtm4wp_product_data=\"{&quot;internal_id&quot;:2886,&quot;item_id&quot;:2886,&quot;item_name&quot;:&quot;Synology DS723+&quot;,&quot;sku&quot;:&quot;SYNOLOGY-DS723+&quot;,&quot;price&quot;:0,&quot;stocklevel&quot;:6,&quot;stockstatus&quot;:&quot;instock&quot;,&quot;google_business_vertical&quot;:&quot;retail&quot;,&quot;item_category&quot;:&quot;NAS&quot;,&quot;id&quot;:2886,&quot;productlink&quot;:&quot;https:\\\/\\\/vietcorp.com\\\/store\\\/2886\\\/thiet-bi-luu-tru-nas-synology-ds723\\\/&quot;,&quot;item_list_name&quot;:&quot;General Product List&quot;,&quot;index&quot;:1,&quot;product_type&quot;:&quot;simple&quot;,&quot;item_brand&quot;:&quot;&quot;}\"><\/span>\r\n\t<\/div>\r\r\n<\/div>\r\r\n\r\r\n<\/li>\r\r\n\r\n<\/ul>\r\r\n<\/div>[\/vc_column][\/vc_row][vc_row][vc_column][vc_column_text]<\/p>\n<h4 style=\"color: red;\">S\u1ea3n ph\u1ea9m ng\u1eebng kinh doanh<\/h4>\n<p><strong>Thi\u1ebft b\u1ecb l\u01b0u tr\u1eef NAS <a href=\"https:\/\/vietcorp.com\/store\/nas-synology\">Synology<\/a> DS720+<\/strong> l\u00e0 m\u1ed9t gi\u1ea3i ph\u00e1p l\u01b0u tr\u1eef k\u1ebft n\u1ed1i m\u1ea1ng nh\u1ecf g\u1ecdn \u0111\u1ec3 h\u1ee3p l\u00fd h\u00f3a d\u1eef li\u1ec7u v\u00e0 qu\u1ea3n l\u00fd \u0111a ph\u01b0\u01a1ng ti\u1ec7n. Hai khe c\u1eafm SSD M.2 t\u00edch h\u1ee3p v\u00e0 c\u00f4ng ngh\u1ec7 Synology SSD Cache cho ph\u00e9p b\u1ea1n t\u0103ng hi\u1ec7u su\u1ea5t I \/ O c\u1ee7a h\u1ec7 th\u1ed1ng v\u00e0 \u1ee9ng d\u1ee5ng. Thi\u1ebft k\u1ebf l\u01b0u tr\u1eef c\u00f3 th\u1ec3 m\u1edf r\u1ed9ng cho ph\u00e9p b\u1ea1n b\u1eaft \u0111\u1ea7u dung l\u01b0\u1ee3ng l\u01b0u tr\u1eef nh\u1ecf v\u00e0 m\u1edf r\u1ed9ng v\u1edbi Synology DX517 khi d\u1eef li\u1ec7u c\u1ee7a b\u1ea1n ph\u00e1t tri\u1ec3n.<\/p>\n<h2><span style=\"color: #0000ff;\"><strong>NAS Synology DS720+ cung c\u1ea5p ph\u1ea7n c\u1ee9ng m\u1ea1nh m\u1ebd<\/strong><\/span><\/h2>\n<ul>\n<li><strong>B\u1ed9 x\u1eed l\u00fd CPU<\/strong>: 4-core 2.0 GHz, burst up to 2.7 GHz<\/li>\n<li><strong>B\u1ed9 nh\u1edb \u0111\u1ec7m cache<\/strong>: Khe SSD M.2 2280 k\u00e9p, h\u1ed7 tr\u1ee3 b\u1ed9 nh\u1edb cache NVMe<\/li>\n<li><strong>T\u1ed1c \u0111\u1ed9<\/strong>: \u0110\u1ecdc ng\u1eabu nhi\u00ean t\u0103ng trung b\u00ecnh 15%<\/li>\n<li><strong>Kh\u1ea3 n\u0103ng m\u1edf r\u1ed9ng<\/strong>: V\u1edbi hai DX517, n\u00f3 c\u00f3 th\u1ec3 \u0111\u01b0\u1ee3c m\u1edf r\u1ed9ng l\u00ean 7 \u1ed5 c\u1ee9ng<\/li>\n<\/ul>\n<h2><span style=\"color: #0000ff;\"><strong>T\u1ed1i \u01b0u h\u00f3a hi\u1ec7u su\u1ea5t v\u00e0 c\u00f4ng su\u1ea5t NAS Synology DS720+<\/strong><\/span><\/h2>\n<p>DS720+ cung c\u1ea5p hai khe c\u1eafm SSD M.2 t\u00edch h\u1ee3p \u0111\u1ec3 b\u1ea1n c\u00f3 th\u1ec3 t\u1eadn d\u1ee5ng t\u1ed1i \u0111a ch\u1ee9c n\u0103ng c\u1ee7a Synology SSD Cache. Th\u00eam b\u1ed9 nh\u1edb cache SSD \u0111\u1ec3 ph\u1ea3n h\u1ed3i I \/ O nhanh h\u01a1n 20 l\u1ea7n m\u00e0 kh\u00f4ng c\u1ea7n s\u1eed d\u1ee5ng khay \u1ed5 \u0111\u0129a tr\u01b0\u1edbc. B\u1ea1n c\u00f3 th\u1ec3 th\u00eam n\u0103m \u1ed5 \u0111\u0129a n\u1eefa v\u1edbi Synology DX517 \u0111\u1ec3 m\u1edf r\u1ed9ng dung l\u01b0\u1ee3ng l\u01b0u tr\u1eef.<\/p>\n<p><img decoding=\"async\" class=\"aligncenter wp-image-3990 size-full\" src=\"https:\/\/vietcorp.com\/blog\/wp-content\/uploads\/2020\/12\/ssd-1-1.png\" alt=\"Thi\u1ebft b\u1ecb l\u01b0u tr\u1eef NAS Synology DS720+ 1\" width=\"920\" height=\"490\" \/><\/p>\n<h2><span style=\"color: #0000ff;\"><strong>T\u0103ng t\u1ed1c c\u00e1c \u1ee9ng d\u1ee5ng<\/strong><\/span><\/h2>\n<p>CPU m\u1ea1nh s\u1ebd t\u0103ng t\u1ed1c c\u00e1c \u1ee9ng d\u1ee5ng s\u1eed d\u1ee5ng nhi\u1ec1u t\u00ednh to\u00e1n. B\u1ed9 x\u1eed l\u00fd 4 l\u00f5i m\u1edbi t\u0103ng c\u01b0\u1eddng l\u1eadp ch\u1ec9 m\u1ee5c \u1ea3nh, th\u1eddi gian ph\u1ea3n h\u1ed3i c\u01a1 s\u1edf d\u1eef li\u1ec7u v\u00e0 hi\u1ec7u qu\u1ea3 ph\u1ea3n h\u1ed3i PHP tr\u00ean web.\u00a0D\u1ec5 d\u00e0ng ph\u00e2n lo\u1ea1i c\u00e1c b\u1ed9 nh\u1edb \u1ea3nh c\u1ee7a b\u1ea1n, qu\u1ea3n l\u00fd tr\u01a1n tru c\u00e1c t\u1ec7p tr\u00ean m\u00e1y t\u00ednh v\u00e0 thi\u1ebft b\u1ecb di \u0111\u1ed9ng, \u0111\u1ed3ng th\u1eddi t\u1eadn h\u01b0\u1edfng c\u00e1c \u1ee9ng d\u1ee5ng web nhanh nh\u01b0 ch\u1edbp.<\/p>\n<table>\n<tbody>\n<tr>\n<td><\/td>\n<td><strong>Synology Drive<\/strong><\/td>\n<td><strong>Moments<\/strong><\/td>\n<td><strong>Web server<\/strong><\/td>\n<\/tr>\n<tr>\n<td><strong>Model c\u0169<\/strong><\/td>\n<td>100%<\/td>\n<td>100%<\/td>\n<td>100%<\/td>\n<\/tr>\n<tr>\n<td><strong>DS720+<\/strong><\/td>\n<td>113,1%<\/td>\n<td>129,1%<\/td>\n<td>243%<\/td>\n<\/tr>\n<\/tbody>\n<\/table>\n<h2><span style=\"color: #0000ff;\"><strong>T<\/strong><\/span><span style=\"color: #0000ff;\"><strong>ruy c\u1eadp file v\u00e0 \u0111\u1ed3ng b\u1ed9 h\u00f3a t\u1eadp\u00a0<\/strong><\/span><\/h2>\n<p>Synology Drive cung c\u1ea5p m\u1ed9t c\u1ed5ng th\u00f4ng tin chung \u0111\u01b0\u1ee3c t\u00edch h\u1ee3p s\u1eb5n \u0111\u1ec3 truy c\u1eadp d\u1eef li\u1ec7u c\u1ee7a b\u1ea1n m\u1ecdi l\u00fac, m\u1ecdi n\u01a1i v\u00e0 \u0111\u1ed3ng b\u1ed9 h\u00f3a t\u1ea5t c\u1ea3 c\u00e1c t\u1ec7p c\u1ee7a b\u1ea1n tr\u00ean c\u00e1c n\u1ec1n t\u1ea3ng, bao g\u1ed3m Windows, macOS, Linux, Android v\u00e0 iOS.<\/p>\n<h2><span style=\"color: #0000ff;\"><strong><img decoding=\"async\" class=\"size-full wp-image-1807 aligncenter\" src=\"https:\/\/www.vietcorp.com\/store\/wp-content\/uploads\/2020\/11\/nas-synology-ds720.jpg\" alt=\"Thi\u1ebft b\u1ecb l\u01b0u tr\u1eef NAS Synology DS720+ 2\" width=\"948\" height=\"558\" srcset=\"https:\/\/vietcorp.com\/store\/wp-content\/uploads\/2020\/11\/nas-synology-ds720.jpg?v=1668219792 948w, https:\/\/vietcorp.com\/store\/wp-content\/uploads\/2020\/11\/nas-synology-ds720-600x353.jpg?v=1668219792 600w, https:\/\/vietcorp.com\/store\/wp-content\/uploads\/2020\/11\/nas-synology-ds720-768x452.jpg?v=1668219792 768w, https:\/\/vietcorp.com\/store\/wp-content\/uploads\/2020\/11\/nas-synology-ds720-640x377.jpg?v=1668219792 640w, https:\/\/vietcorp.com\/store\/wp-content\/uploads\/2020\/11\/nas-synology-ds720-400x235.jpg?v=1668219792 400w, https:\/\/vietcorp.com\/store\/wp-content\/uploads\/2020\/11\/nas-synology-ds720-367x216.jpg?v=1668219792 367w\" sizes=\"(max-width: 948px) 100vw, 948px\" \/><\/strong><\/span><\/h2>\n<h2><span style=\"color: #0000ff;\"><strong>T<\/strong><\/span><span style=\"color: #0000ff;\"><strong>\u00edch h\u1ee3p li\u1ec1n m\u1ea1ch v\u1edbi c\u00e1c thi\u1ebft b\u1ecb di \u0111\u1ed9ng<\/strong><\/span><\/h2>\n<p>C\u00e1c \u1ee9ng d\u1ee5ng di \u0111\u1ed9ng Synology \u0111\u01b0\u1ee3c thi\u1ebft k\u1ebf \u0111\u1ec3 cho ph\u00e9p truy c\u1eadp nhanh ch\u00f3ng v\u00e0 an to\u00e0n v\u00e0o d\u1eef li\u1ec7u c\u1ee7a b\u1ea1n m\u1ecdi l\u00fac m\u1ecdi n\u01a1i.<\/p>\n<p><img decoding=\"async\" class=\"aligncenter wp-image-3938 size-full\" src=\"https:\/\/vietcorp.com\/blog\/wp-content\/uploads\/2020\/12\/mobile_devices_style_b_ds_audio.png\" alt=\"Thi\u1ebft b\u1ecb l\u01b0u tr\u1eef NAS Synology DS720+ 3\" width=\"706\" height=\"445\" \/><\/p>\n<h2><span id=\"DS1520_duoc_thiet_ke_dam_bao_do_tin_cay_cao\" style=\"color: #0000ff;\"><strong>Thi\u1ebft k\u1ebf \u0111\u1ea3m b\u1ea3o \u0111\u1ed9 tin c\u1eady cao<\/strong><\/span><\/h2>\n<p>NAS Synology DS720 + \u0111\u01b0\u1ee3c thi\u1ebft k\u1ebf \u0111\u1ec3 l\u01b0u tr\u1eef d\u1eef li\u1ec7u c\u1ee7a b\u1ea1n m\u1ed9t c\u00e1ch \u0111\u00e1ng tin c\u1eady v\u00e0 \u0111\u01b0\u1ee3c h\u1ed7 tr\u1ee3 b\u1edfi b\u1ea3o h\u00e0nh ph\u1ea7n c\u1ee9ng ba n\u0103m c\u1ee7a Synology. B\u1ea3o h\u00e0nh m\u1edf r\u1ed9ng hai n\u0103m t\u00f9y ch\u1ecdn c\u00f3 s\u1eb5n \u1edf m\u1ed9t s\u1ed1 khu v\u1ef1c v\u1edbi th\u1eddi gian b\u1ea3o hi\u1ec3m l\u00ean \u0111\u1ebfn n\u0103m n\u0103m<\/p>\n<p><img decoding=\"async\" class=\"aligncenter wp-image-3831 size-full\" src=\"https:\/\/www.vietcorp.com\/blog\/wp-content\/uploads\/2020\/12\/extended_warranty_01-1.png\" alt=\"Thi\u1ebft b\u1ecb l\u01b0u tr\u1eef NAS Synology DS720+ 4\" width=\"544\" height=\"420\" \/><\/p>\n<h2><span id=\"Be_ngoai_cua_DS1520\" style=\"color: #0000ff;\"><strong>B\u1ec1 ngo\u00e0i c\u1ee7a NAS Synology DS720+<\/strong><\/span><\/h2>\n<table>\n<tbody>\n<tr>\n<td style=\"text-align: center;\"><strong>M\u1eb7t tr\u01b0\u1edbc NAS Synology DS720+<\/strong><\/td>\n<td style=\"text-align: center;\"><strong>M\u1eb7t sau NAS Synology DS720+<\/strong><\/td>\n<\/tr>\n<tr>\n<td><img decoding=\"async\" class=\"alignnone wp-image-3993 size-full\" src=\"https:\/\/vietcorp.com\/blog\/wp-content\/uploads\/2020\/12\/720f.png\" alt=\"Vietcorp ph\u00e2n ph\u1ed1i NAS Synology DS720+\" width=\"349\" height=\"393\" \/><\/td>\n<td><img decoding=\"async\" class=\"alignnone wp-image-3994 size-full\" src=\"https:\/\/vietcorp.com\/blog\/wp-content\/uploads\/2020\/12\/720l.png\" alt=\"Vietcorp ph\u00e2n ph\u1ed1i NAS Synology DS720+\" width=\"335\" height=\"392\" \/><\/td>\n<\/tr>\n<tr>\n<td>1. Khay \u1ed5 c\u1ee9ng<\/td>\n<td>7. Qu\u1ea1t h\u1ec7 th\u1ed1ng<\/td>\n<\/tr>\n<tr>\n<td>2. Kh\u00f3a khay \u1ed5 c\u1ee9ng<\/td>\n<td>8. C\u1ed5ng m\u1ea1ng 1GbE RJ-45<\/td>\n<\/tr>\n<tr>\n<td>3. \u0110\u00e8n b\u00e1o tr\u1ea1ng th\u00e1i<\/td>\n<td>9. N\u00fat reset<\/td>\n<\/tr>\n<tr>\n<td>4. \u0110\u00e8n b\u00e1o tr\u1ea1ng th\u00e1i \u1ed5 \u0111\u0129a<\/td>\n<td>10. C\u1ed5ng eSATA<\/td>\n<\/tr>\n<tr>\n<td>5. C\u1ed5ng USB 3.0<\/td>\n<td>11. Ngu\u1ed3n \u0111i\u1ec7n<\/td>\n<\/tr>\n<tr>\n<td>6. N\u00fat ngu\u1ed3n v\u00e0 \u0111\u00e8n b\u00e1o<\/td>\n<td>12. Khe b\u1ea3o m\u1eadt Kensington<\/td>\n<\/tr>\n<\/tbody>\n<\/table>\n<p>Xem th\u00eam th\u00f4ng tin h\u1ed7 tr\u1ee3 cho\u00a0<strong>thi\u1ebft b\u1ecb l\u01b0u tr\u1eef Nas Synology DS720+<\/strong><\/p>\n<ul>\n<li><a href=\"https:\/\/www.vietcorp.com\/vn\/2819\/chung-nhan-vietcorp-doi-tac-cua-synology\/\">Ch\u1ee9ng nh\u1eadn Synology<\/a><\/li>\n<li><a href=\"https:\/\/vietcorp.com\/support\/synology\/\">Support Synology<\/a><\/li>\n<li><a href=\"https:\/\/www.vietcorp.com\/blog\/tag\/showcase-synology\/\">Showcase Synology<\/a><\/li>\n<\/ul>\n<p>[\/vc_column_text][\/vc_column][\/vc_row]<\/p>\n<\/section>","protected":false},"excerpt":{"rendered":"<h4 style=\"color: red;\"><strong>S\u1ea2N PH\u1ea8M NG\u1eeaNG KINH DOANH<\/strong><\/h4>\n<p><a href=\"https:\/\/www.vietcorp.com\/blog\/danh-sach-san-pham-synology-ngung-kinh-doanh-14724.html\/\">(Danh s\u00e1ch s\u1ea3n ph\u1ea9m Synology ng\u1eebng kinh doanh)<\/a><br \/>\nThi\u1ebft b\u1ecb l\u01b0u tr\u1eef NAS Synology DS720+<br \/>\nNAS 2 khay \u1ed5 \u0111\u0129a max 7 \u1ed5 \u0111\u0129a<br \/>\n2 GB DDR4 non-ECC<br \/>\n2 x RJ-45 1GbE, 2 x USB 3.2 Gen 1<br \/>\nB\u1ea3o h\u00e0nh 36 th\u00e1ng<\/p>\n","protected":false},"featured_media":1052,"template":"","meta":[],"product_brand":[],"product_cat":[337],"product_tag":[16,17,18,23,20,22,97,100,101],"class_list":{"0":"post-66","1":"product","2":"type-product","3":"status-publish","4":"has-post-thumbnail","6":"product_cat-san-pham-ngung-kinh-doanh","7":"product_tag-diskstation","8":"product_tag-nas-2-bay","9":"product_tag-nas-tower","10":"product_tag-synology","11":"product_tag-synology-diskstation","12":"product_tag-synology-nas-tower","13":"product_tag-thiet-bi-luu-tru","14":"product_tag-thiet-bi-luu-tru-du-lieu","15":"product_tag-thiet-bi-luu-tru-synology","16":"pa_bao-hanh-36-thang","17":"pa_bo-nho-ram-2-gb","18":"pa_bo-nho-ram-mo-rong-den-6gb","19":"pa_bo-vxl-cpu-intel-celeron","20":"pa_chung-loai-nas","21":"pa_cong-giao-tiep-1-x-esata","22":"pa_cong-giao-tiep-2-x-rj-45-1gbe","23":"pa_cong-giao-tiep-2-x-usb-3-0","24":"pa_drive-bays-2-bays","25":"pa_drive-bays-mo-rong-den-7-bays","26":"pa_dung-luong-chua-co-o-cung","27":"pa_form-factor-tower","28":"pa_muc-dich-su-dung-danh-cho-ca-nhan","29":"pa_muc-dich-su-dung-danh-cho-doanh-nghiep-nho","30":"pa_thuong-hieu-synology","31":"pa_tinh-nang-phan-cung-64-bit-architecture","32":"pa_tinh-nang-phan-cung-encryption-engine-aes-ni","33":"pa_tinh-nang-phan-cung-hot-swappable-drives","34":"pa_tinh-nang-phan-cung-upgradeable-ram","35":"pa_tinh-nang-phan-mem-active-backup-for-business","36":"pa_tinh-nang-phan-mem-btrfs-file-system","37":"pa_tinh-nang-phan-mem-mailplus","38":"pa_tinh-nang-phan-mem-snapshot-replication","39":"pa_tinh-nang-phan-mem-synology-high-availability","40":"pa_tinh-nang-phan-mem-virtual-machine-manager","42":"first","43":"outofstock","44":"taxable","45":"shipping-taxable","46":"product-type-simple"},"_links":{"self":[{"href":"https:\/\/vietcorp.com\/store\/wp-json\/wp\/v2\/product\/66","targetHints":{"allow":["GET"]}}],"collection":[{"href":"https:\/\/vietcorp.com\/store\/wp-json\/wp\/v2\/product"}],"about":[{"href":"https:\/\/vietcorp.com\/store\/wp-json\/wp\/v2\/types\/product"}],"wp:featuredmedia":[{"embeddable":true,"href":"https:\/\/vietcorp.com\/store\/wp-json\/wp\/v2\/media\/1052"}],"wp:attachment":[{"href":"https:\/\/vietcorp.com\/store\/wp-json\/wp\/v2\/media?parent=66"}],"wp:term":[{"taxonomy":"product_brand","embeddable":true,"href":"https:\/\/vietcorp.com\/store\/wp-json\/wp\/v2\/product_brand?post=66"},{"taxonomy":"product_cat","embeddable":true,"href":"https:\/\/vietcorp.com\/store\/wp-json\/wp\/v2\/product_cat?post=66"},{"taxonomy":"product_tag","embeddable":true,"href":"https:\/\/vietcorp.com\/store\/wp-json\/wp\/v2\/product_tag?post=66"}],"curies":[{"name":"wp","href":"https:\/\/api.w.org\/{rel}","templated":true}]}}