


{"id":60,"date":"2020-11-03T09:25:54","date_gmt":"2020-11-03T02:25:54","guid":{"rendered":"https:\/\/www.vietcorp.com\/store\/product\/synology-uc3200\/"},"modified":"2025-02-15T10:37:38","modified_gmt":"2025-02-15T03:37:38","slug":"thiet-bi-luu-tru-nas-synology-uc3200","status":"publish","type":"product","link":"https:\/\/vietcorp.com\/store\/60\/thiet-bi-luu-tru-nas-synology-uc3200\/","title":{"rendered":"Synology UC3200"},"content":{"rendered":"<h2><strong>Thi\u1ebft b\u1ecb SAN <a href=\"https:\/\/www.vietcorp.com\/store\/60\/thiet-bi-luu-tru-nas-synology-uc3200\/\">Synology UC3200<\/a><\/strong><\/h2>\n<p>SAN active-active cho m\u00f4i tr\u01b0\u1eddng quan tr\u1ecdng<\/p>\n<p><strong>Th\u00f4ng s\u1ed1 k\u1ef9 thu\u1eadt SAN Synology UC3200:<\/strong><\/p>\n<ul>\n<li>S\u1ed1 m\u00f4-\u0111un \u0111i\u1ec1u khi\u1ec3n: <strong>2<\/strong><\/li>\n<li>CPU: <strong>Intel Xeon D-1521 (4-core 2.4 (c\u0103n b\u1ea3n) \/ 2.7 (t\u1ed1c \u0111\u1ed9 cao) GHz)<\/strong><\/li>\n<li>S\u1ed1 l\u01b0\u1ee3ng CPU: <strong>1 (m\u1ed7i b\u1ed9 \u0111i\u1ec1u khi\u1ec3n)\u00a0<\/strong><\/li>\n<li>RAM: <strong>8 GB DDR4 ECC UDIMM (m\u1ed7i b\u1ed9 \u0111i\u1ec1u khi\u1ec3n) n\u00e2ng c\u1ea5p 64 GB (16 GB x 4) (m\u1ed7i b\u1ed9 \u0111i\u1ec1u khi\u1ec3n)<\/strong><\/li>\n<li>Storage: <strong>12 khay \u1ed5 \u0111\u0129a c\u00f3 th\u1ec3 m\u1edf r\u1ed9ng 36 (RXD1219sas x 2)<\/strong><\/li>\n<li>External ports: <strong>2 C\u1ed5ng LAN RJ-45 1 GbE (c\u00f3 h\u1ed7 tr\u1ee3 Link Aggregation\/Chuy\u1ec3n \u0111\u1ed5i d\u1ef1 ph\u00f2ng) (m\u1ed7i b\u1ed9 \u0111i\u1ec1u khi\u1ec3n), 1 C\u1ed5ng LAN RJ-45 10 GbE (m\u1ed7i b\u1ed9 \u0111i\u1ec1u khi\u1ec3n)<\/strong><\/li>\n<li><strong>B\u1ea3o h\u00e0nh 60 th\u00e1ng<\/strong><\/li>\n<\/ul>\n<p><center><iframe loading=\"lazy\" title=\"YouTube video player\" src=\"https:\/\/www.youtube.com\/embed\/3mjn5pOxPFk?si=PSA0TE9UZbelXqTL\" width=\"560\" height=\"315\" frameborder=\"0\" allowfullscreen=\"allowfullscreen\"><\/iframe><\/center><\/p>\n<h3><strong>Cung c\u1ea5p c\u00e1c d\u1ecbch v\u1ee5 SAN \u0111\u00e1ng tin c\u1eady, c\u00f3 t\u00ednh s\u1eb5n s\u00e0ng cao<\/strong><\/h3>\n<p>V\u1edbi kh\u1ea3 n\u0103ng nh\u1eadn d\u1ea1ng ki\u1ebfn tr\u00fac c\u00f3 t\u00ednh s\u1eb5n s\u00e0ng cao trong m\u1ed9t th\u00f9ng m\u00e1y duy nh\u1ea5t, hai b\u1ed9 \u0111i\u1ec1u khi\u1ec3n trong Synology UC3200 ho\u1ea1t \u0111\u1ed9ng \u0111\u1ed3ng th\u1eddi v\u00e0 c\u00f3 th\u1ec3 t\u1ef1 \u0111\u1ed9ng thay th\u1ebf cho nhau trong tr\u01b0\u1eddng h\u1ee3p x\u1ea3y ra s\u1ef1 c\u1ed1 nghi\u00eam tr\u1ecdng nh\u1eb1m tr\u00e1nh b\u1ecb gi\u00e1n \u0111o\u1ea1n khi cung c\u1ea5p d\u1ecbch v\u1ee5.<\/p>\n<p><img decoding=\"async\" class=\"aligncenter size-full wp-image-6087\" src=\"https:\/\/www.vietcorp.com\/store\/wp-content\/uploads\/2020\/11\/san-synology-uc3200-7.jpg\" alt=\"Thi\u1ebft b\u1ecb SAN Synology UC3200 1\" width=\"600\" height=\"396\" srcset=\"https:\/\/vietcorp.com\/store\/wp-content\/uploads\/2020\/11\/san-synology-uc3200-7.jpg 600w, https:\/\/vietcorp.com\/store\/wp-content\/uploads\/2020\/11\/san-synology-uc3200-7-400x264.jpg 400w, https:\/\/vietcorp.com\/store\/wp-content\/uploads\/2020\/11\/san-synology-uc3200-7-367x242.jpg 367w\" sizes=\"(max-width: 600px) 100vw, 600px\" \/><\/p>\n<h3><strong>12 \u1ed5 HDD\/SSD 3.5&#8243;\/2.5&#8243;<\/strong><\/h3>\n<p>C\u00e1c khe \u1ed5 \u0111\u0129a c\u00f3 giao di\u1ec7n SAS hi\u1ec7u n\u0103ng cao v\u1edbi dung l\u01b0\u1ee3ng th\u00f4 t\u1ed1i \u0111a 576 TB. V\u1edbi kh\u1ea3 n\u0103ng h\u1ed7 tr\u1ee3 SED (\u1ed4 c\u1ee9ng t\u1ef1 m\u00e3 h\u00f3a) \u0111\u1ec3 m\u00e3 h\u00f3a to\u00e0n b\u1ed9 d\u1eef li\u1ec7u v\u00e0o c\u00e1c \u1ed5 c\u1ee9ng, UC3200 mang \u0111\u1ebfn m\u1ee9c \u0111\u1ed9 b\u1ea3o m\u1eadt d\u1eef li\u1ec7u n\u00e2ng cao \u1edf c\u1ea5p \u0111\u1ed9 ph\u1ea7n c\u1ee9ng.<\/p>\n<p><img decoding=\"async\" class=\"aligncenter size-full wp-image-6103\" src=\"https:\/\/www.vietcorp.com\/store\/wp-content\/uploads\/2020\/11\/thiet-bi-luu-tru-nas-synology-uc3200-23.jpg\" alt=\"Thi\u1ebft b\u1ecb SAN Synology UC3200 2\" width=\"800\" height=\"427\" srcset=\"https:\/\/vietcorp.com\/store\/wp-content\/uploads\/2020\/11\/thiet-bi-luu-tru-nas-synology-uc3200-23.jpg 800w, https:\/\/vietcorp.com\/store\/wp-content\/uploads\/2020\/11\/thiet-bi-luu-tru-nas-synology-uc3200-23-600x320.jpg 600w, https:\/\/vietcorp.com\/store\/wp-content\/uploads\/2020\/11\/thiet-bi-luu-tru-nas-synology-uc3200-23-768x410.jpg 768w, https:\/\/vietcorp.com\/store\/wp-content\/uploads\/2020\/11\/thiet-bi-luu-tru-nas-synology-uc3200-23-640x342.jpg 640w, https:\/\/vietcorp.com\/store\/wp-content\/uploads\/2020\/11\/thiet-bi-luu-tru-nas-synology-uc3200-23-400x214.jpg 400w, https:\/\/vietcorp.com\/store\/wp-content\/uploads\/2020\/11\/thiet-bi-luu-tru-nas-synology-uc3200-23-367x196.jpg 367w\" sizes=\"(max-width: 800px) 100vw, 800px\" \/><\/p>\n<p>&nbsp;<\/p>\n<p><strong>B\u1ed9 vi x\u1eed l\u00fd<\/strong><\/p>\n<p>\u0110\u01b0\u1ee3c trang b\u1ecb b\u1ed9 vi x\u1eed l\u00fd Intel\u00ae Xeon\u00ae D-1521 4 nh\u00e2n 2.4 GHz, \u00e9p xung l\u00ean t\u1edbi 2.7 GHz, b\u1ed9 CPU k\u00e9p c\u1ee7a UC3200 cung c\u1ea5p hi\u1ec7u n\u0103ng \u0111\u1eb3ng c\u1ea5p doanh nghi\u1ec7p v\u1edbi t\u1ed1c \u0111\u1ed9 140,000 IOPS ghi ng\u1eabu nhi\u00ean 4K c\u00f3 \u0111\u1ed9 tr\u1ec5 th\u1ea5p.<\/p>\n<p><strong>4 khe th\u1ebb nh\u1edb DDR4<\/strong><\/p>\n<p>8 GB ECC UDIMM, c\u00f3 th\u1ec3 m\u1edf r\u1ed9ng l\u00ean \u0111\u1ebfn 64 GB \u0111\u1ec3 t\u0103ng hi\u1ec7u su\u1ea5t h\u1ec7 th\u1ed1ng.<\/p>\n<p><strong>Qu\u1ea1t<\/strong><\/p>\n<p>H\u1ec7 th\u1ed1ng qu\u1ea1t d\u1ef1 ph\u00f2ng c\u00f3 c\u1ea5u tr\u00fac m\u00f4-\u0111un \u0111\u1ec3 d\u1ec5 d\u00e0ng b\u1ea3o tr\u00ec v\u00e0 thay th\u1ebf, gi\u1ea3m thi\u1ec3u hi\u1ec7n t\u01b0\u1ee3ng ng\u1eebng ho\u1ea1t \u0111\u1ed9ng.<\/p>\n<p><strong>SATA DOM<\/strong><\/p>\n<p>SATA DOM chuy\u00ean nghi\u1ec7p s\u1ebd t\u00e1ch bi\u1ec7t h\u1ec7 \u0111i\u1ec1u h\u00e0nh kh\u1ecfi d\u1eef li\u1ec7u th\u00f4ng th\u01b0\u1eddng \u0111\u01b0\u1ee3c l\u01b0u tr\u1eef trong c\u00e1c \u1ed5 c\u1ee9ng.<\/p>\n<p><strong>Non-Transparent Bridge (NTB)<\/strong><\/p>\n<p>Li\u00ean k\u1ebft hai m\u00f4-\u0111un \u0111i\u1ec1u khi\u1ec3n v\u1edbi t\u1ed1c \u0111\u1ed9 c\u1ef1c cao v\u00e0 \u0111\u1ed3ng b\u1ed9 t\u1ee9c th\u1eddi d\u1eef li\u1ec7u b\u1ed9 nh\u1edb gi\u1eefa c\u00e1c b\u1ed9 \u0111i\u1ec1u khi\u1ec3n \u0111\u1ec3 ph\u00f2ng ng\u1eeba m\u1ea5t d\u1eef li\u1ec7u b\u1ed9 nh\u1edb \u0111\u1ec7m khi m\u1ed9t b\u1ed9 \u0111i\u1ec1u khi\u1ec3n kh\u00f4ng ho\u1ea1t \u0111\u1ed9ng.<\/p>\n<p><img decoding=\"async\" class=\"aligncenter size-full wp-image-6088\" src=\"https:\/\/www.vietcorp.com\/store\/wp-content\/uploads\/2020\/11\/san-synology-uc3200-8.jpg\" alt=\"Thi\u1ebft b\u1ecb SAN Synology UC3200 3\" width=\"600\" height=\"616\" srcset=\"https:\/\/vietcorp.com\/store\/wp-content\/uploads\/2020\/11\/san-synology-uc3200-8.jpg 600w, https:\/\/vietcorp.com\/store\/wp-content\/uploads\/2020\/11\/san-synology-uc3200-8-400x411.jpg 400w, https:\/\/vietcorp.com\/store\/wp-content\/uploads\/2020\/11\/san-synology-uc3200-8-367x377.jpg 367w\" sizes=\"(max-width: 600px) 100vw, 600px\" \/><\/p>\n<h3><strong>Ho\u1ea1t \u0111\u1ed9ng v\u1edbi c\u00e1c h\u1ec7 th\u1ed1ng \u1ea3o h\u00f3a ph\u1ed5 bi\u1ebfn<\/strong><\/h3>\n<p>T\u1ed1i \u01b0u h\u00f3a cho c\u00e1c m\u00f4i tr\u01b0\u1eddng \u1ea3o h\u00f3a.<\/p>\n<ul>\n<li>T\u00edch h\u1ee3p v\u1edbi VMware vSphere\u00ae 6.5, Microsoft Hyper-V\u00ae v\u00e0 VAAI \u0111\u1ec3 gi\u1ea3m t\u1ea3i c\u00e1c ho\u1ea1t \u0111\u1ed9ng l\u01b0u tr\u1eef v\u00e0 t\u1ed1i \u01b0u h\u00f3a hi\u1ec7u qu\u1ea3 t\u00ednh to\u00e1n.<\/li>\n<li>H\u1ed7 tr\u1ee3 Windows Offloaded Data Transfer (ODX) \u0111\u1ec3 t\u0103ng t\u1ed1c truy\u1ec1n v\u00e0 di chuy\u1ec3n d\u1eef li\u1ec7u.<\/li>\n<li>Bi\u1ebfn Synology UC3200 th\u00e0nh ph\u1ea7n t\u1eed l\u01b0u tr\u1eef d\u1ea1ng kh\u1ed1i v\u1edbi s\u1ef1 h\u1ed7 tr\u1ee3 c\u1ee7a OpenStack\u00ae Cinder.<\/li>\n<li>Tu\u00e2n th\u1ee7 ALUA ti\u00eau chu\u1ea9n c\u00f4ng nghi\u1ec7p iSCSI gi\u00fap ch\u1ee7 s\u1edf h\u1eefu x\u00e1c \u0111\u1ecbnh l\u1ed9 tr\u00ecnh t\u1ed1i \u01b0u \u0111\u1ec3 t\u0103ng hi\u1ec7u n\u0103ng v\u00e0 n\u0103ng su\u1ea5t truy\u1ec1n t\u1ea3i d\u1eef li\u1ec7u.<\/li>\n<\/ul>\n<p>T\u00ecm hi\u1ec3u th\u00eam v\u1ec1 <a href=\"https:\/\/www.vietcorp.com\/store\/giai-phap-luu-tru-ao-hoa-tren-synology\/\"><strong>Gi\u1ea3i ph\u00e1p l\u01b0u tr\u1eef \u1ea3o h\u00f3a tr\u00ean Synology<\/strong><\/a><\/p>\n<p><img decoding=\"async\" class=\"aligncenter size-full wp-image-6089\" src=\"https:\/\/www.vietcorp.com\/store\/wp-content\/uploads\/2020\/11\/san-synology-uc3200-9.jpg\" alt=\"Thi\u1ebft b\u1ecb SAN Synology UC3200 4\" width=\"556\" height=\"115\" srcset=\"https:\/\/vietcorp.com\/store\/wp-content\/uploads\/2020\/11\/san-synology-uc3200-9.jpg 556w, https:\/\/vietcorp.com\/store\/wp-content\/uploads\/2020\/11\/san-synology-uc3200-9-400x83.jpg 400w, https:\/\/vietcorp.com\/store\/wp-content\/uploads\/2020\/11\/san-synology-uc3200-9-367x76.jpg 367w\" sizes=\"(max-width: 556px) 100vw, 556px\" \/><\/p>\n<h3><strong>M\u1ed9t h\u1ec7 th\u1ed1ng \u0111\u01b0\u1ee3c x\u00e2y d\u1ef1ng cho iSCSI v\u00e0 Fibre Channel<\/strong><\/h3>\n<p>DSM UC l\u00e0 m\u1ed9t h\u1ec7 \u0111i\u1ec1u h\u00e0nh \u0111\u01b0\u1ee3c thi\u1ebft k\u1ebf nh\u1eb1m \u0111\u01a1n gi\u1ea3n h\u00f3a qu\u00e1 tr\u00ecnh h\u1ecdc t\u1eadp, gi\u00fap b\u1ea1n qu\u1ea3n l\u00fd hai b\u1ed9 \u0111i\u1ec1u khi\u1ec3n t\u1eeb m\u1ed9t c\u1ed5ng duy nh\u1ea5t. C\u00e1c \u1ee9ng d\u1ee5ng theo d\u00f5i t\u00edch h\u1ee3p s\u1ebd hi\u1ec3n th\u1ecb tr\u1ea1ng th\u00e1i tr\u1ef1c quan v\u00e0 g\u1eedi c\u00e1c th\u00f4ng b\u00e1o t\u1ee9c th\u1eddi khi x\u1ea3y ra c\u00e1c s\u1ef1 ki\u1ec7n quan tr\u1ecdng, nh\u1edd \u0111\u00f3 c\u00e1c qu\u1ea3n tr\u1ecb vi\u00ean IT c\u00f3 th\u1ec3 c\u1ea3nh gi\u00e1c tr\u01b0\u1edbc nh\u1eefng s\u1ef1 c\u1ed1 ti\u1ec1m \u1ea9n v\u00e0 ph\u1ea3n \u1ee9ng trong th\u1eddi gian ng\u1eafn nh\u1ea5t c\u00f3 th\u1ec3.<\/p>\n<p><img decoding=\"async\" class=\"aligncenter size-full wp-image-6100\" src=\"https:\/\/www.vietcorp.com\/store\/wp-content\/uploads\/2020\/11\/san-synology-uc3200-20.jpg\" alt=\"Thi\u1ebft b\u1ecb SAN Synology UC3200 5\" width=\"600\" height=\"369\" srcset=\"https:\/\/vietcorp.com\/store\/wp-content\/uploads\/2020\/11\/san-synology-uc3200-20.jpg 600w, https:\/\/vietcorp.com\/store\/wp-content\/uploads\/2020\/11\/san-synology-uc3200-20-400x246.jpg 400w, https:\/\/vietcorp.com\/store\/wp-content\/uploads\/2020\/11\/san-synology-uc3200-20-367x226.jpg 367w\" sizes=\"(max-width: 600px) 100vw, 600px\" \/><\/p>\n<p>&nbsp;<\/p>\n<h3><strong>Giao di\u1ec7n th\u1ed1ng nh\u1ea5t \u0111\u1ec3 qu\u1ea3n l\u00fd tr\u1ef1c quan<\/strong><\/h3>\n<p><strong>C\u00e1c t\u00ednh n\u0103ng LUN ti\u00ean ti\u1ebfn<\/strong><\/p>\n<p>Ch\u1ee9c n\u0103ng LUN n\u00e2ng cao c\u1ea3i thi\u1ec7n \u0111\u00e1ng k\u1ec3 hi\u1ec7u su\u1ea5t VM v\u00e0 cung c\u1ea5p kh\u1ea3 n\u0103ng t\u1ea1o, kh\u00f4i ph\u1ee5c v\u00e0 nh\u00e2n b\u1ea3n b\u1ea3n ghi nhanh, c\u0169ng nh\u01b0 h\u1ed7 tr\u1ee3 VMware VAAI v\u00e0 Windows ODX.<\/p>\n<p><strong>Qu\u1ea3n l\u00fd tr\u1ef1c quan<\/strong><\/p>\n<p>Giao di\u1ec7n qu\u1ea3n l\u00fd \u0111\u01b0\u1ee3c s\u1eafp x\u1ebfp h\u1ee3p l\u00fd gi\u00fap cho k\u1ebft n\u1ed1i v\u00e0 qu\u1ea3n l\u00fd quy\u1ec1n \u0111\u1eb7c bi\u1ec7t d\u1ec5 d\u00e0ng, ngay c\u1ea3 trong m\u00f4i tr\u01b0\u1eddng SAN quy m\u00f4 l\u1edbn.<\/p>\n<p><strong>\u0110\u1ed1i v\u1edbi c\u00e1c tri\u1ec3n khai l\u1edbn v\u00e0 nh\u1ecf<\/strong><\/p>\n<p>H\u1ed7 tr\u1ee3 iSCSI c\u0169ng nh\u01b0 Fibre Channel c\u00f3 ngh\u0129a l\u00e0 c\u00e1c h\u1ec7 th\u1ed1ng l\u01b0u tr\u1eef Synology \u0111\u01b0\u1ee3c t\u00edch h\u1ee3p d\u1ec5 d\u00e0ng trong c\u00e1c m\u00f4 h\u00ecnh nh\u1ecf h\u01a1n nh\u01b0 trong m\u00f4i tr\u01b0\u1eddng doanh nghi\u1ec7p.<\/p>\n<p><img decoding=\"async\" class=\"aligncenter size-full wp-image-6098\" src=\"https:\/\/www.vietcorp.com\/store\/wp-content\/uploads\/2020\/11\/san-synology-uc3200-19.jpg\" alt=\"Thi\u1ebft b\u1ecb SAN Synology UC3200 6\" width=\"600\" height=\"369\" srcset=\"https:\/\/vietcorp.com\/store\/wp-content\/uploads\/2020\/11\/san-synology-uc3200-19.jpg 600w, https:\/\/vietcorp.com\/store\/wp-content\/uploads\/2020\/11\/san-synology-uc3200-19-400x246.jpg 400w, https:\/\/vietcorp.com\/store\/wp-content\/uploads\/2020\/11\/san-synology-uc3200-19-367x226.jpg 367w\" sizes=\"(max-width: 600px) 100vw, 600px\" \/><\/p>\n<h3><strong>B\u1ea3o v\u1ec7 d\u1eef li\u1ec7u quan tr\u1ecdng tr\u01b0\u1edbc s\u1ef1 c\u1ed1 nghi\u00eam tr\u1ecdng<\/strong><\/h3>\n<p>Trang b\u1ecb <a href=\"https:\/\/www.vietcorp.com\/store\/snapshot-replication\/\">Snapshot Replication<\/a> v\u1edbi s\u1ef1 h\u1ed7 tr\u1ee3 c\u1ee7a h\u1ec7 th\u1ed1ng t\u1eadp tin <a href=\"https:\/\/www.vietcorp.com\/store\/cach-btrfs-bao-ve-du-lieu-cong-ty-ban\/\">Btrfs<\/a>, mang \u0111\u1ebfn t\u00ednh n\u0103ng b\u1ea3o v\u1ec7 d\u1eef li\u1ec7u theo l\u1ecbch tr\u00ecnh, g\u1ea7n nh\u01b0 t\u1ee9c th\u1eddi. V\u1edbi kh\u1ea3 n\u0103ng h\u1ed7 tr\u1ee3 l\u00ean t\u1edbi 4,096 b\u1ea3n ghi nhanh \u1edf quy m\u00f4 h\u1ec7 th\u1ed1ng cho c\u00e1c \u1ed5 \u0111\u0129a c\u1ee5c b\u1ed9 v\u00e0 m\u00e1y ch\u1ee7 ngo\u1ea1i vi, Synology UC3200 cung c\u1ea5p t\u00ednh n\u0103ng b\u1ea3o v\u1ec7 b\u1ea3n ghi nhanh nh\u1eadn bi\u1ebft \u1ee9ng d\u1ee5ng v\u00e0 kh\u00f4i ph\u1ee5c m\u00e1y \u1ea3o ngay l\u1eadp t\u1ee9c trong c\u00e1c iSCSI LUN trong tr\u01b0\u1eddng h\u1ee3p x\u1ea3y ra s\u1ef1 c\u1ed1 nghi\u00eam tr\u1ecdng.<\/p>\n<h3><strong>B\u1ea3o h\u00e0nh 5 n\u0103m<\/strong><\/h3>\n<p><img decoding=\"async\" class=\"aligncenter size-full wp-image-6099\" src=\"https:\/\/www.vietcorp.com\/store\/wp-content\/uploads\/2020\/11\/san-synology-uc3200-19.png\" alt=\"Thi\u1ebft b\u1ecb SAN Synology UC3200 7\" width=\"199\" height=\"169\" \/><\/p>\n<p>Synology cam k\u1ebft \u0111\u1ed5i m\u1edbi v\u00e0 ch\u1ea5t l\u01b0\u1ee3ng s\u1ea3n ph\u1ea9m. Synology \u0111\u1ea3m b\u1ea3o tr\u1ea3i nghi\u1ec7m qu\u1ea3n l\u00fd d\u1eef li\u1ec7u m\u1ea1nh m\u1ebd v\u00e0 \u0111\u00e1ng tin c\u1eady v\u1edbi ch\u01b0\u01a1ng tr\u00ecnh b\u1ea3o h\u00e0nh c\u00f3 gi\u1edbi h\u1ea1n 5 n\u0103m, cung c\u1ea5p d\u1ecbch v\u1ee5 h\u1ed7 tr\u1ee3 k\u1ef9 thu\u1eadt v\u00e0 thay th\u1ebf ph\u1ea7n c\u1ee9ng nhanh ch\u00f3ng \u0111\u1ec3 t\u1ed1i \u0111a h\u00f3a l\u1ee3i t\u1ee9c \u0111\u1ea7u t\u01b0 c\u1ee7a b\u1ea1n.<\/p>\n<h3><strong>Hi\u1ec7u su\u1ea5t \u0111\u01b0\u1ee3c h\u1ed7 tr\u1ee3 b\u1edfi \u1ed5 c\u1ee9ng Synology<\/strong><\/h3>\n<p>\u0110\u01b0\u1ee3c thi\u1ebft k\u1ebf \u0111\u1ec3 x\u1eed l\u00fd kh\u1ed1i l\u01b0\u1ee3ng c\u00f4ng vi\u1ec7c c\u01b0\u1eddng \u0111\u1ed9 cao, \u1ed5 c\u1ee9ng Synology lu\u00f4n mang l\u1ea1i hi\u1ec7u su\u1ea5t cao nh\u1ea5t.<\/p>\n<p>HDD D\u00f2ng s\u1ea3n ph\u1ea9m Enterprise 3,5&#8243; SAS<\/p>\n<p><img decoding=\"async\" class=\"aligncenter wp-image-6097 size-full\" src=\"https:\/\/www.vietcorp.com\/store\/wp-content\/uploads\/2020\/11\/san-synology-uc3200-18-e1692668436294.jpg\" alt=\"Thi\u1ebft b\u1ecb SAN Synology UC3200 8\" width=\"600\" height=\"325\" \/><\/p>\n<h3 style=\"text-align: center;\"><strong>B\u1ec1 m\u1eb7t ngo\u00e0i SAN Synology UC3200<\/strong><\/h3>\n<p><img decoding=\"async\" class=\"aligncenter size-full wp-image-6102\" src=\"https:\/\/www.vietcorp.com\/store\/wp-content\/uploads\/2020\/11\/san-synology-uc3200-22.jpg\" alt=\"Thi\u1ebft b\u1ecb SAN Synology UC3200 9\" width=\"1024\" height=\"436\" srcset=\"https:\/\/vietcorp.com\/store\/wp-content\/uploads\/2020\/11\/san-synology-uc3200-22.jpg 1024w, https:\/\/vietcorp.com\/store\/wp-content\/uploads\/2020\/11\/san-synology-uc3200-22-600x255.jpg 600w, https:\/\/vietcorp.com\/store\/wp-content\/uploads\/2020\/11\/san-synology-uc3200-22-768x327.jpg 768w, https:\/\/vietcorp.com\/store\/wp-content\/uploads\/2020\/11\/san-synology-uc3200-22-640x273.jpg 640w, https:\/\/vietcorp.com\/store\/wp-content\/uploads\/2020\/11\/san-synology-uc3200-22-400x170.jpg 400w, https:\/\/vietcorp.com\/store\/wp-content\/uploads\/2020\/11\/san-synology-uc3200-22-367x156.jpg 367w\" sizes=\"(max-width: 1024px) 100vw, 1024px\" \/><\/p>\n<p><center><iframe loading=\"lazy\" title=\"Synology SAN UC3200 #vietcorp #synology #SAN\" src=\"https:\/\/www.youtube.com\/embed\/0VKBWESZzLI\" width=\"452\" height=\"803\" frameborder=\"0\" allowfullscreen=\"allowfullscreen\"><\/iframe><\/center><br \/>\nXem th\u00eam SAN Synology:<\/p>\n<ul>\n<li><a href=\"https:\/\/www.vietcorp.com\/vn\/chung-nhan\/\">Ch\u1ee9ng nh\u1eadn Synology<\/a><\/li>\n<li><a href=\"https:\/\/vietcorp.com\/support\/synology\/\">Support Synology<\/a><\/li>\n<li><a href=\"https:\/\/www.vietcorp.com\/blog\/tag\/showcase-synology\/\">Showcase Synology<\/a><\/li>\n<\/ul>\n","protected":false},"excerpt":{"rendered":"<p>NAS &amp; SAN 12 khay \u1ed5 \u0111\u0129a<br \/>\nM\u1edf r\u1ed9ng l\u00ean \u0111\u1ebfn 36 khay \u1ed5 \u0111\u0129a<br \/>\n2 Controller Module<br \/>\n8 GB DDR4 ECC UDIMM up to 64 GB<br \/>\nB\u1ea3o h\u00e0nh 60 th\u00e1ng<\/p>\n","protected":false},"featured_media":6869,"template":"","meta":[],"product_brand":[],"product_cat":[377,407],"product_tag":[53,30,31,378,23,92,32,97,100,101,33],"class_list":{"0":"post-60","1":"product","2":"type-product","3":"status-publish","4":"has-post-thumbnail","6":"product_cat-san","7":"product_cat-uc-series","8":"product_tag-nas","9":"product_tag-nas-12-bay","10":"product_tag-rackstation","11":"product_tag-san","12":"product_tag-synology","13":"product_tag-synology-nas","14":"product_tag-synology-nas-rackmount","15":"product_tag-thiet-bi-luu-tru","16":"product_tag-thiet-bi-luu-tru-du-lieu","17":"product_tag-thiet-bi-luu-tru-synology","18":"product_tag-unified-controller","19":"pa_bao-hanh-60-thang","20":"pa_bo-nho-ram-8-gb","21":"pa_bo-nho-ram-mo-rong-den-64-gb","22":"pa_bo-vxl-cpu-intel-xeon","23":"pa_chung-loai-nas","24":"pa_cong-giao-tiep-1-x-rj-45-10gbe","25":"pa_cong-giao-tiep-2-x-rj-45-1gbe","26":"pa_drive-bays-12-bays","27":"pa_dung-luong-chua-co-o-cung","28":"pa_form-factor-2u-rackmount","29":"pa_muc-dich-su-dung-danh-cho-doanh-nghiep-lon","30":"pa_thuong-hieu-synology","32":"first","33":"onbackorder","34":"taxable","35":"shipping-taxable","36":"product-type-simple"},"_links":{"self":[{"href":"https:\/\/vietcorp.com\/store\/wp-json\/wp\/v2\/product\/60","targetHints":{"allow":["GET"]}}],"collection":[{"href":"https:\/\/vietcorp.com\/store\/wp-json\/wp\/v2\/product"}],"about":[{"href":"https:\/\/vietcorp.com\/store\/wp-json\/wp\/v2\/types\/product"}],"wp:featuredmedia":[{"embeddable":true,"href":"https:\/\/vietcorp.com\/store\/wp-json\/wp\/v2\/media\/6869"}],"wp:attachment":[{"href":"https:\/\/vietcorp.com\/store\/wp-json\/wp\/v2\/media?parent=60"}],"wp:term":[{"taxonomy":"product_brand","embeddable":true,"href":"https:\/\/vietcorp.com\/store\/wp-json\/wp\/v2\/product_brand?post=60"},{"taxonomy":"product_cat","embeddable":true,"href":"https:\/\/vietcorp.com\/store\/wp-json\/wp\/v2\/product_cat?post=60"},{"taxonomy":"product_tag","embeddable":true,"href":"https:\/\/vietcorp.com\/store\/wp-json\/wp\/v2\/product_tag?post=60"}],"curies":[{"name":"wp","href":"https:\/\/api.w.org\/{rel}","templated":true}]}}