


{"id":521,"date":"2020-11-02T11:28:47","date_gmt":"2020-11-02T04:28:47","guid":{"rendered":"https:\/\/www.vietcorp.com\/store\/product\/synology-ew201\/"},"modified":"2024-11-21T13:21:12","modified_gmt":"2024-11-21T06:21:12","slug":"synology-ew201","status":"publish","type":"product","link":"https:\/\/vietcorp.com\/store\/521\/synology-ew201\/","title":{"rendered":"Synology EW201"},"content":{"rendered":"<h2><strong>Gia h\u1ea1n b\u1ea3o h\u00e0nh Synology EW201<\/strong><\/h2>\n<p>C\u00e1c thi\u1ebft b\u1ecb c\u1ee7a Synology \u0111\u01b0\u1ee3c t\u1ea1o n\u00ean t\u1eeb nh\u1eefng linh ki\u1ec7n ch\u1ea5t l\u01b0\u1ee3ng v\u00e0 \u0111\u01b0\u1ee3c thi\u1ebft k\u1ebf \u0111\u1ec3 ho\u1ea1t \u0111\u1ed9ng l\u00e2u b\u1ec1n. G\u00f3i d\u1ecbch v\u1ee5 m\u1edf r\u1ed9ng n\u00e0y gia t\u0103ng th\u1eddi gian b\u1ea3o h\u00e0nh ph\u1ea7n c\u1ee9ng s\u1ea3n ph\u1ea9m Synology c\u1ee7a b\u1ea1n d\u1ef1a tr\u00ean th\u1eddi gian gi\u1edbi h\u1ea1n ban \u0111\u1ea7u, nh\u1eb1m mang \u0111\u1ebfn ph\u1ea1m vi b\u1ea3o h\u00e0nh r\u1ed9ng r\u00e3i h\u01a1n.<\/p>\n<p>Availability<\/p>\n<p>G\u00f3i B\u1ea3o h\u00e0nh M\u1edf r\u1ed9ng Synology hi\u1ec7n \u0111\u01b0\u1ee3c \u00e1p d\u1ee5ng \u1edf c\u00e1c khu v\u1ef1c li\u1ec7t k\u00ea d\u01b0\u1edbi \u0111\u00e2y, t\u1ea1i c\u00e1c \u0111\u1ea1i l\u00fd v\u00e0 nh\u00e0 ph\u00e2n ph\u1ed1i tham gia ch\u01b0\u01a1ng tr\u00ecnh. G\u00f3i b\u1ea3o h\u00e0nh ph\u1ea3i \u0111\u01b0\u1ee3c mua c\u00f9ng v\u1edbi thi\u1ebft b\u1ecb m\u1edbi c\u00f3 \u00e1p d\u1ee5ng ch\u01b0\u01a1ng tr\u00ecnh v\u00e0 ph\u1ea3i \u0111\u01b0\u1ee3c \u0111\u0103ng k\u00fd trong v\u00f2ng 30 ng\u00e0y k\u1ec3 t\u1eeb ng\u00e0y mua t\u1ea1i Synology Account.<\/p>\n<p>G\u00f3i B\u1ea3o h\u00e0nh S\u1ea3n ph\u1ea9m Gi\u1edbi h\u1ea1n c\u1ee7a Synology \u00e1p d\u1ee5ng cho th\u1eddi gian b\u1ea3o h\u00e0nh m\u1edf r\u1ed9ng.<\/p>\n<p>EW201 v\u00e0 EW202 s\u1ebd \u0111\u01b0\u1ee3c thay th\u1ebf \u1edf Ch\u00e2u \u00c2u (tr\u1eeb Nga, Th\u1ed5 Nh\u0129 K\u1ef3 v\u00e0 Belarus) b\u1eb1ng G\u00f3i B\u1ea3o h\u00e0nh M\u1edf r\u1ed9ng Plus.<\/p>\n<p><strong>Device Model: + 2 Years<\/strong><\/p>\n<p>RS819<br \/>\nRS422+<br \/>\nDS1821+<br \/>\nDS1819+<br \/>\nDS1817+<br \/>\nDS1817<br \/>\nDS1621+<br \/>\nDS1618+<br \/>\nDS1522+<br \/>\nDS1520+<br \/>\nDS1517+<br \/>\nDS1517<br \/>\nDS1019+<br \/>\nDS923+<br \/>\nDS920+<br \/>\nDS918+<br \/>\nDS723+<br \/>\nDS720+<br \/>\nDS718+<br \/>\nDS423+<br \/>\nDS420+<br \/>\nNVR1218<br \/>\nDVA1622<br \/>\nVS960HD<br \/>\nRX418<br \/>\nDX517<\/p>\n","protected":false},"excerpt":{"rendered":"<p>Synology devices are engineered with quality components and built to last. This service add-on extends the original limited hardware warranty on your Synology NAS to provide extended coverage.<\/p>\n","protected":false},"featured_media":7860,"template":"","meta":[],"product_brand":[],"product_cat":[192],"product_tag":[28,48,29,23,97,100,101],"class_list":{"0":"post-521","1":"product","2":"type-product","3":"status-publish","4":"has-post-thumbnail","6":"product_cat-phan-mem","7":"product_tag-ban-quyen-synology","8":"product_tag-license","9":"product_tag-phan-mem","10":"product_tag-synology","11":"product_tag-thiet-bi-luu-tru","12":"product_tag-thiet-bi-luu-tru-du-lieu","13":"product_tag-thiet-bi-luu-tru-synology","15":"first","16":"instock","17":"taxable","18":"shipping-taxable","19":"purchasable","20":"product-type-simple"},"_links":{"self":[{"href":"https:\/\/vietcorp.com\/store\/wp-json\/wp\/v2\/product\/521","targetHints":{"allow":["GET"]}}],"collection":[{"href":"https:\/\/vietcorp.com\/store\/wp-json\/wp\/v2\/product"}],"about":[{"href":"https:\/\/vietcorp.com\/store\/wp-json\/wp\/v2\/types\/product"}],"wp:featuredmedia":[{"embeddable":true,"href":"https:\/\/vietcorp.com\/store\/wp-json\/wp\/v2\/media\/7860"}],"wp:attachment":[{"href":"https:\/\/vietcorp.com\/store\/wp-json\/wp\/v2\/media?parent=521"}],"wp:term":[{"taxonomy":"product_brand","embeddable":true,"href":"https:\/\/vietcorp.com\/store\/wp-json\/wp\/v2\/product_brand?post=521"},{"taxonomy":"product_cat","embeddable":true,"href":"https:\/\/vietcorp.com\/store\/wp-json\/wp\/v2\/product_cat?post=521"},{"taxonomy":"product_tag","embeddable":true,"href":"https:\/\/vietcorp.com\/store\/wp-json\/wp\/v2\/product_tag?post=521"}],"curies":[{"name":"wp","href":"https:\/\/api.w.org\/{rel}","templated":true}]}}