


{"id":46,"date":"2020-11-03T09:13:13","date_gmt":"2020-11-03T02:13:13","guid":{"rendered":"https:\/\/www.vietcorp.com\/store\/product\/synology-vs360hd\/"},"modified":"2025-12-11T13:49:21","modified_gmt":"2025-12-11T06:49:21","slug":"synology-vs360hd","status":"publish","type":"product","link":"https:\/\/vietcorp.com\/store\/46\/synology-vs360hd\/","title":{"rendered":"Synology VS360HD"},"content":{"rendered":"<h4 style=\"color: red;\">S\u1ea3n ph\u1ea9m ng\u1eebng kinh doanh<\/h4>\n<p><a href=\"https:\/\/vietcorp.com\/store\/46\/thiet-bi-luu-tru\/nas\/synology-vs360hd\"><strong>VisualStation VS360HD<\/strong><\/a> &#8211; thi\u1ebft b\u1ecb xu\u1ea5t h\u00ecnh camera l\u00ean TV m\u1edbi nh\u1ea5t. VS360HD \u0111\u01b0\u1ee3c k\u1ebft h\u1ee3p v\u1edbi m\u1ed9t h\u1ec7 th\u1ed1ng NAS Synology Video Recording (NVR) ch\u1ea1y Surveillance Station c\u1ee7a Synology, cung c\u1ea5p m\u1ed9t h\u1ec7 th\u1ed1ng gi\u00e1m s\u00e1t camera b\u1ea3o m\u1eadt m\u1ea1nh m\u1ebd m\u00e0 kh\u00f4ng c\u1ea7n m\u1ed9t m\u00e1y t\u00ednh chuy\u00ean d\u1ee5ng. C\u00e1c VS360HD c\u00f3 th\u1ec3 gi\u1ea3i m\u00e3 v\u00e0 hi\u1ec3n th\u1ecb l\u00ean \u0111\u1ebfn 36 k\u00eanh video HD 720p\/10fps tr\u00ean c\u00f9ng m\u1ed9t m\u00e0n h\u00ecnh TV.<\/p>\n<h2 style=\"text-align: center;\"><span style=\"color: #0000ff;\">Thi\u1ebft k\u1ebf gi\u1ea3i ph\u00e1p cho gi\u00e1m s\u00e1t kh\u00f4ng c\u1ea7n PC<\/span><\/h2>\n<p><strong>VisualStation VS360HD<\/strong>\u00a0l\u00e0 m\u1ed9t gi\u1ea3i ph\u00e1p thay th\u1ebf ho\u00e0n h\u1ea3o khi \u0111\u1ed1i m\u1eb7t v\u1edbi h\u1ea1n ch\u1ebf v\u1ec1 kh\u00f4ng gian l\u01b0u tr\u1eef ho\u1eb7c ng\u00e2n s\u00e1ch h\u1ea1n ch\u1ebf. V\u1edbi <span class=\"type\">VisualStation<\/span>\u00a0<span class=\"name\">VS360HD <\/span>Ch\u1ec9 c\u1ea7n c\u1eafm c\u00e1p Ethernet, k\u1ebft n\u1ed1i v\u1edbi m\u00e0n h\u00ecnh LCD ho\u1eb7c TV, \u0111\u0103ng nh\u1eadp v\u00e0o Synology Surveillance Station &#8211; v\u00e0 b\u1ea1n \u0111\u00e3 thi\u1ebft l\u1eadp m\u1ed9t tr\u1ea1m gi\u00e1m s\u00e1t cho m\u00ecnh.<\/p>\n<p>&nbsp;<\/p>\n<table>\n<tbody>\n<tr>\n<td><img decoding=\"async\" class=\"aligncenter wp-image-4123 size-full\" src=\"https:\/\/vietcorp.com\/blog\/wp-content\/uploads\/2021\/01\/nas-synology-vs360hd-HDMI_01-vietcorp.png\" alt=\"Vietcorp ph\u00e2n ph\u1ed1i Synology VisualStation VS360HD\" width=\"78\" height=\"72\" \/><\/p>\n<p><strong>Local display<\/strong><br \/>\n<strong>HDMI<\/strong><\/td>\n<td><img decoding=\"async\" class=\"aligncenter wp-image-4124 size-full\" src=\"https:\/\/vietcorp.com\/blog\/wp-content\/uploads\/2021\/01\/nas-synology-vs360hd-HDMI_02-vietcorp.png\" alt=\"Vietcorp ph\u00e2n ph\u1ed1i Synology VisualStation VS360HD\" width=\"78\" height=\"72\" \/><\/p>\n<p><strong>Hi\u1ec7u su\u1ea5t n\u0103ng l\u01b0\u1ee3ng 5W<\/strong><\/td>\n<td><img decoding=\"async\" class=\"aligncenter wp-image-4125 size-full\" src=\"https:\/\/vietcorp.com\/blog\/wp-content\/uploads\/2021\/01\/nas-synology-vs360hd-HDMI_03-vietcorp.png\" alt=\"Vietcorp ph\u00e2n ph\u1ed1i Synology VisualStation VS360HD\" width=\"78\" height=\"72\" \/><\/p>\n<p><strong>Thi\u1ebft k\u1ebf nh\u1ecf g\u1ecdn h\u1ed7 tr\u1ee3 VESA<\/strong><\/td>\n<td><img decoding=\"async\" class=\"aligncenter wp-image-4126 size-full\" src=\"https:\/\/vietcorp.com\/blog\/wp-content\/uploads\/2021\/01\/nas-synology-vs360hd-HDMI_04-vietcorp.png\" alt=\"Vietcorp ph\u00e2n ph\u1ed1i Synology VisualStation VS360HD\" width=\"78\" height=\"72\" \/><\/p>\n<p><strong>Hi\u1ec7u su\u1ea5t c\u1ef1c cao<\/strong><\/td>\n<\/tr>\n<\/tbody>\n<\/table>\n<h2><\/h2>\n<h2><span style=\"color: #0000ff;\">Ph\u1ea7n c\u1ee9ng m\u1ea1nh m\u1ebd v\u00e0 \u0111\u01b0\u1ee3c ch\u1ee9ng nh\u1eadn trong c\u00e1c m\u00f4i tr\u01b0\u1eddng kh\u1eafc nghi\u1ec7t<\/span><\/h2>\n<p>Kh\u00f4ng c\u00f3 c\u00e1c b\u1ed9 ph\u1eadn chuy\u1ec3n \u0111\u1ed9ng c\u01a1 h\u1ecdc, <strong>VisualStation<\/strong> c\u00f3 kh\u1ea3 n\u0103ng ch\u1ed1ng rung v\u00e0 l\u1ed7i ph\u1ea7n c\u1ee9ng cao h\u01a1n.\u00a0V\u1ecf ngo\u00e0i ch\u1eafc ch\u1eafn v\u00e0 thi\u1ebft k\u1ebf t\u1ed1i \u01b0u c\u1ee7a n\u00f3 cho ph\u00e9p VisualStation ch\u1ea1y trong ph\u1ea1m vi nhi\u1ec7t \u0111\u1ed9 c\u00f4ng nghi\u1ec7p, t\u1eeb -20\u02daC \u0111\u1ebfn 50\u02daC.\u00a0Ngo\u00e0i ra, VisualStation \u0111\u01b0\u1ee3c ch\u1ee9ng nh\u1eadn EN45545 v\u00e0 EN50155.<\/p>\n<p><img decoding=\"async\" class=\"aligncenter wp-image-4127 size-full\" src=\"https:\/\/vietcorp.com\/blog\/wp-content\/uploads\/2021\/01\/nas-synology-vs360hd-hardware_01-vietcorp.png\" alt=\"Vietcorp ph\u00e2n ph\u1ed1i Synology VisualStation VS360HD\" width=\"680\" height=\"368\" \/><\/p>\n<p style=\"text-align: center;\"><span style=\"color: #0000ff;\">Ch\u1ed1ng rung<\/span><\/p>\n<p><img decoding=\"async\" class=\"aligncenter wp-image-4128 size-full\" src=\"https:\/\/vietcorp.com\/blog\/wp-content\/uploads\/2021\/01\/nas-synology-vs360hd-hardware_02-vietcorp.png\" alt=\"Vietcorp ph\u00e2n ph\u1ed1i Synology VisualStation VS360HD\" width=\"680\" height=\"368\" \/><\/p>\n<p style=\"text-align: center;\"><span style=\"color: #0000ff;\">Ch\u1ecbu nhi\u1ec7t<\/span><\/p>\n<h2><span style=\"color: #0000ff;\">VisualStation VS360HD \u00dd t\u01b0\u1edfng cho vi\u1ec7c thi\u1ebft l\u1eadp TV wall<\/span><\/h2>\n<p><strong>TV wall<\/strong> l\u00e0 n\u01a1i l\u00fd t\u01b0\u1edfng \u0111\u1ec3 theo d\u00f5i m\u1ed9t l\u01b0\u1ee3ng l\u1edbn camera trong nh\u00e1y m\u1eaft v\u00e0 d\u1ec5 d\u00e0ng thi\u1ebft l\u1eadp v\u1edbi <strong>VisualStation<\/strong>.<\/p>\n<p><span style=\"color: #3366ff;\"><strong>Dual screen display<\/strong><\/span><\/p>\n<p>H\u1ed7 tr\u1ee3 \u0111\u1ea7u ra video m\u00e0n h\u00ecnh k\u00e9p \u0111\u1ec3 cho ph\u00e9p ng\u01b0\u1eddi d\u00f9ng chuy\u1ec3n \u0111\u1ed5i gi\u1eefa ch\u1ebf \u0111\u1ed9 mirror v\u00e0 m\u1edf r\u1ed9ng m\u00e0n h\u00ecnh, VisualStation cung c\u1ea5p gi\u1ea3i ph\u00e1p TV wall hi\u1ec7u qu\u1ea3 v\u1ec1 chi ph\u00ed, d\u1ec5 thi\u1ebft l\u1eadp v\u00e0 c\u00f3 th\u1ec3 m\u1edf r\u1ed9ng.<\/p>\n<p><span style=\"color: #3366ff;\"><strong>Minimum device size<\/strong><\/span><\/p>\n<p>To\u00e0n b\u1ed9 h\u1ec7 th\u1ed1ng n\u1eb1m g\u1ecdn v\u1edbi k\u00edch th\u01b0\u1edbc b\u1eb1ng l\u00f2ng b\u00e0n tay v\u00e0 c\u00f3 th\u1ec3 d\u1ec5 d\u00e0ng g\u1eafn v\u00e0o t\u01b0\u1eddng ho\u1eb7c m\u1eb7t sau c\u1ee7a m\u00e0n h\u00ecnh b\u1eb1ng gi\u00e1 \u0111\u1ee1 t\u01b0\u01a1ng th\u00edch VESA.<\/p>\n<p><img decoding=\"async\" class=\"alignnone size-full wp-image-4130\" src=\"https:\/\/vietcorp.com\/blog\/wp-content\/uploads\/2021\/01\/nas-synology-vs360hd-TV_setup_bg-vietcorp.jpg\" alt=\"\" width=\"937\" height=\"638\" \/><\/p>\n<p>&nbsp;<\/p>\n<h2><span style=\"color: #0000ff;\">Giao di\u1ec7n tr\u1ef1c quan xem v\u00e0 ph\u00e1t l\u1ea1i tr\u1ef1c ti\u1ebfp thu\u1eadn ti\u1ec7n<\/span><\/h2>\n<p>VisualStation VS360 cung c\u1ea5p giao di\u1ec7n th\u00e2n thi\u1ec7n v\u1edbi ng\u01b0\u1eddi d\u00f9ng v\u00e0 c\u00e1c t\u00ednh n\u0103ng m\u1ea1nh m\u1ebd \u0111\u01b0\u1ee3c th\u1eeba h\u01b0\u1edfng t\u1eeb <strong>Surveillance Station<\/strong>.<\/p>\n<p><span style=\"color: #3366ff;\"><strong>Giao di\u1ec7n tr\u1ef1c quan gi\u00fap v\u1eadn h\u00e0nh d\u1ec5 d\u00e0ng<\/strong><\/span><\/p>\n<p>\u0110\u1ed1i v\u1edbi c\u1ea3 ng\u01b0\u1eddi d\u00f9ng m\u1edbi b\u1eaft \u0111\u1ea7u v\u00e0 ng\u01b0\u1eddi d\u00f9ng n\u00e2ng cao, b\u1ea1n c\u00f3 th\u1ec3 t\u1eadn h\u01b0\u1edfng c\u00e1c t\u00ednh n\u0103ng linh ho\u1ea1t b\u1eb1ng c\u00e1ch v\u1eadn h\u00e0nh <strong>VisualStation<\/strong> tr\u1ef1c ti\u1ebfp qua giao di\u1ec7n tr\u1ef1c quan b\u1eb1ng chu\u1ed9t USB, b\u00e0n ph\u00edm ho\u1eb7c th\u1eadm ch\u00ed l\u00e0 b\u00e0n \u0111i\u1ec1u khi\u1ec3n<\/p>\n<h4><span style=\"color: #3366ff;\">H\u1ed7 tr\u1ee3 h\u1ea7u h\u1ebft c\u00e1c t\u00ednh n\u0103ng c\u1ee7a Surveillance Station<\/span><\/h4>\n<p>Th\u1ef1c hi\u1ec7n c\u00e1c h\u00e0nh \u0111\u1ed9ng PTZ trong Ch\u1ebf \u0111\u1ed9 Live View, chuy\u1ec3n sang ch\u1ebf \u0111\u1ed9 Timeline \u0111\u1ec3 xem c\u00e1c s\u1ef1 ki\u1ec7n \u0111\u00e3 ghi, snapshot v\u00e0 xu\u1ea5t ch\u00fang sang thi\u1ebft b\u1ecb l\u01b0u tr\u1eef b\u00ean ngo\u00e0i.<\/p>\n<p><img decoding=\"async\" class=\"size-full wp-image-4132 aligncenter\" src=\"https:\/\/vietcorp.com\/blog\/wp-content\/uploads\/2021\/01\/nas-synology-vs360hd-live_view_bg-vietcorp.png\" alt=\"\" width=\"804\" height=\"600\" \/><\/p>\n<h2><span style=\"color: #0000ff;\">B\u1ec1 ngo\u00e0i c\u1ee7a VisualStation VS360HD<\/span><\/h2>\n<table>\n<tbody>\n<tr>\n<td style=\"text-align: center;\"><img decoding=\"async\" class=\"alignnone size-full wp-image-4133\" src=\"https:\/\/vietcorp.com\/blog\/wp-content\/uploads\/2021\/01\/nas-synology-vs360hd-backpanel_01-vietcorp.png\" alt=\"\" width=\"395\" height=\"230\" \/><\/td>\n<td style=\"text-align: center;\"><img decoding=\"async\" class=\"alignnone size-full wp-image-4134\" src=\"https:\/\/vietcorp.com\/blog\/wp-content\/uploads\/2021\/01\/nas-synology-vs360hd-backpanel_02-vietcorp.png\" alt=\"\" width=\"395\" height=\"229\" \/><\/td>\n<\/tr>\n<tr>\n<td><img decoding=\"async\" class=\"alignnone size-full wp-image-4135\" style=\"text-align: center;\" src=\"https:\/\/vietcorp.com\/blog\/wp-content\/uploads\/2021\/01\/nas-synology-vs360hd-backpanel_03-vietcorp.png\" alt=\"\" width=\"395\" height=\"229\" \/><\/td>\n<td><img decoding=\"async\" class=\"alignnone size-full wp-image-4136\" style=\"text-align: center;\" src=\"https:\/\/vietcorp.com\/blog\/wp-content\/uploads\/2021\/01\/nas-synology-vs360hd-backpanel_04-vietcorp.png\" alt=\"\" width=\"395\" height=\"229\" \/><\/td>\n<\/tr>\n<tr>\n<td>1. \u0110\u00e8n b\u00e1o ngu\u1ed3n<\/td>\n<td>7. VGA output<\/td>\n<\/tr>\n<tr>\n<td>2. \u0110\u00e8n b\u00e1o tr\u1ea1ng th\u00e1i<\/td>\n<td>8. HDMI output<\/td>\n<\/tr>\n<tr>\n<td>3. \u0110\u00e8n b\u00e1o m\u1ea1ng LAN<\/td>\n<td>9. Audio in\/out<\/td>\n<\/tr>\n<tr>\n<td>4. \u0110\u00e8n b\u00e1o Clock<\/td>\n<td>10. N\u00fat ngu\u1ed3n<\/td>\n<\/tr>\n<tr>\n<td>5. Ngu\u1ed3n \u0111i\u1ec7n<\/td>\n<td>11. C\u1ed5ng USB 3.0<\/td>\n<\/tr>\n<tr>\n<td>6. C\u1ed5ng m\u1ea1ng 1GbE RJ-45<\/td>\n<td>12. USB 2.0 port<\/td>\n<\/tr>\n<tr>\n<td><\/td>\n<td><\/td>\n<\/tr>\n<tr>\n<td><\/td>\n<td><\/td>\n<\/tr>\n<\/tbody>\n<\/table>\n<p>&nbsp;<\/p>\n<p>Xem th\u00eam th\u00f4ng tin h\u1ed7 tr\u1ee3 cho <strong>thi\u1ebft b\u1ecb gi\u00e1m s\u00e1t VisualStation VS360HD<\/strong><\/p>\n<ul>\n<li><a href=\"https:\/\/vietcorp.com\/support\/synology\/\">H\u1ed7 tr\u1ee3 Synology<\/a><\/li>\n<li><a href=\"https:\/\/vietcorp.com\/blog\/tag\/tin-tuc-synology\">Tin t\u1ee9c Synology<\/a><\/li>\n<li><a href=\"https:\/\/vietcorp.com\/blog\/tag\/gioi-thieu-san-pham-synology\">Gi\u1edbi thi\u1ec7u Synology s\u1ea3n ph\u1ea9m<\/a><\/li>\n<\/ul>\n","protected":false},"excerpt":{"rendered":"<h4 style=\"color: red;\"><strong>S\u1ea2N PH\u1ea8M NG\u1eeaNG KINH DOANH<\/strong><\/h4>\n<p><a href=\"https:\/\/www.vietcorp.com\/blog\/danh-sach-san-pham-synology-ngung-kinh-doanh-14724.html\/\">(Danh s\u00e1ch s\u1ea3n ph\u1ea9m Synology ng\u1eebng kinh doanh)<\/a><br \/>\nVS360HD xu\u1ea5t h\u00ecnh 36 cam<br \/>\nVGA, HDMI 1080p 60Hz<br \/>\n4.76 W (36ch full-load)<br \/>\n3.61 W (Power on Idle)<br \/>\nB\u1ea3o h\u00e0nh 36 th\u00e1ng<\/p>\n","protected":false},"featured_media":7212,"template":"","meta":[],"product_brand":[],"product_cat":[362],"product_tag":[27,23,97,100,101,26],"class_list":{"0":"post-46","1":"product","2":"type-product","3":"status-publish","4":"has-post-thumbnail","6":"product_cat-video-monitoring","7":"product_tag-camera","8":"product_tag-synology","9":"product_tag-thiet-bi-luu-tru","10":"product_tag-thiet-bi-luu-tru-du-lieu","11":"product_tag-thiet-bi-luu-tru-synology","12":"product_tag-thiet-bi-nvr","13":"pa_bao-hanh-36-thang","14":"pa_chung-loai-nvr","15":"pa_cong-giao-tiep-1-x-rj-45-1gbe","16":"pa_cong-giao-tiep-1-x-usb-3-0","17":"pa_cong-giao-tiep-2-x-jack-3-5mm","18":"pa_cong-giao-tiep-2-x-usb-2-0","19":"pa_muc-dich-su-dung-surveillance","20":"pa_thuong-hieu-synology","22":"first","23":"outofstock","24":"taxable","25":"shipping-taxable","26":"product-type-simple"},"_links":{"self":[{"href":"https:\/\/vietcorp.com\/store\/wp-json\/wp\/v2\/product\/46","targetHints":{"allow":["GET"]}}],"collection":[{"href":"https:\/\/vietcorp.com\/store\/wp-json\/wp\/v2\/product"}],"about":[{"href":"https:\/\/vietcorp.com\/store\/wp-json\/wp\/v2\/types\/product"}],"wp:featuredmedia":[{"embeddable":true,"href":"https:\/\/vietcorp.com\/store\/wp-json\/wp\/v2\/media\/7212"}],"wp:attachment":[{"href":"https:\/\/vietcorp.com\/store\/wp-json\/wp\/v2\/media?parent=46"}],"wp:term":[{"taxonomy":"product_brand","embeddable":true,"href":"https:\/\/vietcorp.com\/store\/wp-json\/wp\/v2\/product_brand?post=46"},{"taxonomy":"product_cat","embeddable":true,"href":"https:\/\/vietcorp.com\/store\/wp-json\/wp\/v2\/product_cat?post=46"},{"taxonomy":"product_tag","embeddable":true,"href":"https:\/\/vietcorp.com\/store\/wp-json\/wp\/v2\/product_tag?post=46"}],"curies":[{"name":"wp","href":"https:\/\/api.w.org\/{rel}","templated":true}]}}