


{"id":3933,"date":"2023-01-01T02:34:13","date_gmt":"2022-12-31T19:34:13","guid":{"rendered":"https:\/\/www.vietcorp.com\/store\/?post_type=product&#038;p=3933"},"modified":"2024-10-22T10:54:51","modified_gmt":"2024-10-22T03:54:51","slug":"wd-wd80efzz-8tb","status":"publish","type":"product","link":"https:\/\/vietcorp.com\/store\/3933\/wd-wd80efzz-8tb\/","title":{"rendered":"WD WD80EFZZ 8TB"},"content":{"rendered":"<h2>Th\u00f4ng s\u1ed1 k\u1ef9 thu\u1eadt HDD\u00a0WD Red plus 8TB\u00a0<a href=\"https:\/\/www.vietcorp.com\/store\/3933\/wd-wd80efzz-8tb\/\">WD80EFZZ<\/a> SATA3<\/h2>\n<p>M\u00e3 s\u1ea3n ph\u1ea9m:\u00a0<strong>WD80EFZZ<\/strong><br \/>\nChu\u1ea9n k\u1ebft n\u1ed1i: SATA 3 (6Gb\/s)<br \/>\nDung l\u01b0\u1ee3ng l\u01b0u tr\u1eef:\u00a0<strong>8TB<\/strong>\u00a0(8000GB)<br \/>\nK\u00edch th\u01b0\u1edbc \/ Lo\u1ea1i: 3.5 inch<br \/>\nC\u00f4ng ngh\u1ec7 Advanced Format (AF): C\u00f3<br \/>\nC\u00f4ng ngh\u1ec7 t\u1ef1 \u0111\u1ed9ng s\u1eafp x\u1ebfp c\u00e1c y\u00eau c\u1ea7u truy xu\u1ea5t: C\u00f3<br \/>\nCh\u1ee9ng nh\u1eadn ti\u00eau chu\u1ea9n RoHS<\/p>\n<p><strong>Hi\u1ec7u n\u0103ng<\/strong><br \/>\nT\u1ed1c \u0111\u1ed9 truy\u1ec1n d\u1eef li\u1ec7u (max)<br \/>\nT\u1ed1c \u0111\u1ed9 chu\u1ea9n k\u1ebft n\u1ed1i: 6 Gb\/s<br \/>\nT\u1ed1c \u0111\u1ed9 ghi d\u1eef li\u1ec7u:\u00a0185 MB\/s<br \/>\nT\u1ed1c \u0111\u1ed9 v\u00f2ng quay:\u00a05640 RPM<br \/>\nB\u1ed9 nh\u1edb \u0111\u1ec7m:128\u00a0MB<\/p>\n<p><strong>\u0110\u1ed9 tin c\u1eady \/ To\u00e0n v\u1eb9n d\u1eef li\u1ec7u<\/strong><br \/>\nS\u1ed1 l\u01b0\u1ee3ng v\u00f2ng t\u1ea3i \/ \u0111\u0103ng t\u1ea3i: 600.000<br \/>\nL\u1ed7i \u0111\u1ecdc kh\u00f4ng ph\u1ee5c h\u1ed3i m\u1ed7i bit: &lt; 1 in 10^14<br \/>\n\u0110\u1ed9 b\u1ec1n MTBF: 1 tri\u1ec7u gi\u1edd<br \/>\nKh\u1ea3 n\u0103ng ch\u1ecbu t\u1ea3i\/ Workload: 180TB\/n\u0103m<br \/>\nTh\u1eddi gian b\u1ea3o h\u00e0nh: 3 n\u0103m<\/p>\n<p><strong>Qu\u1ea3n l\u00fd \u0111i\u1ec7n n\u0103ng ti\u00eau th\u1ee5<\/strong><br \/>\nY\u00eau c\u1ea7u ngu\u1ed3n \u0111i\u1ec7n trung b\u00ecnh:<br \/>\n\u0110\u1ecdc\/ghi: 8.8 W<br \/>\nNh\u00e0n r\u1ed7i: 5.3W<br \/>\nNg\u1ee7: 0.8 W<\/p>\n<p><strong>Th\u00f4ng s\u1ed1 khi ho\u1ea1t \u0111\u1ed9ng<\/strong><br \/>\nNhi\u1ec7t \u0111\u1ed9<br \/>\nHo\u1ea1t \u0111\u1ed9ng: 0 &#8211; 65\u00b0C<br \/>\nKh\u00f4ng ho\u1ea1t \u0111\u1ed9ng: -40 &#8211; 70\u00b0C<br \/>\nShock<br \/>\nHo\u1ea1t \u0111\u1ed9ng (2ms, \u0111\u1ecdc): 65\u00a0Gs<br \/>\nHo\u1ea1t \u0111\u1ed9ng (2ms, \u0111\u1ecdc\/ghi): 30\u00a0Gs<br \/>\nKh\u00f4ng ho\u1ea1t \u0111\u1ed9ng (2ms) 250 Gs<br \/>\n\u0110\u1ed9 \u1ed3n (dBA)<br \/>\nNh\u00e0n r\u1ed7i: 27<br \/>\nHo\u1ea1t \u0111\u1ed9ng (Trung b\u00ecnh): 29<\/p>\n<p>K\u00edch th\u01b0\u1edbc v\u1eadt l\u00fd: 26.1 x147x101.6 mm (Cao x D\u00e0i x R\u1ed9ng); N\u1eb7ng: 0.715 kg<\/p>\n<p>B\u1ea3o h\u00e0nh ch\u00ednh h\u00e3ng Nh\u00e0 S\u1ea3n Xu\u1ea5t WD<\/p>\n","protected":false},"excerpt":{"rendered":"<p>\u1ed4 c\u1ee9ng chuy\u00ean d\u1ee5ng d\u00e0nh cho NAS<br \/>\nDung l\u01b0\u1ee3ng: 8 TB<br \/>\nInterface: SATA 6Gb\/s<br \/>\nK\u00edch c\u1ee1: 3.5-inch<br \/>\nCache (MB): 256 MB<br \/>\nT\u1ed1c \u0111\u1ed9 v\u00f2ng quay: 5640 RPM<br \/>\nWorkload rate (TB\/year): 180<br \/>\nB\u1ea3o h\u00e0nh 36 th\u00e1ng.<\/p>\n","protected":false},"featured_media":3934,"template":"","meta":[],"product_brand":[],"product_cat":[86],"product_tag":[63,351,61,81,83],"class_list":{"0":"post-3933","1":"product","2":"type-product","3":"status-publish","4":"has-post-thumbnail","6":"product_cat-o-cung","7":"product_tag-o-cung","8":"product_tag-o-cung-hdd","9":"product_tag-o-cung-nas","10":"product_tag-wd","11":"product_tag-wd-red","13":"first","14":"outofstock","15":"taxable","16":"shipping-taxable","17":"product-type-simple"},"_links":{"self":[{"href":"https:\/\/vietcorp.com\/store\/wp-json\/wp\/v2\/product\/3933","targetHints":{"allow":["GET"]}}],"collection":[{"href":"https:\/\/vietcorp.com\/store\/wp-json\/wp\/v2\/product"}],"about":[{"href":"https:\/\/vietcorp.com\/store\/wp-json\/wp\/v2\/types\/product"}],"wp:featuredmedia":[{"embeddable":true,"href":"https:\/\/vietcorp.com\/store\/wp-json\/wp\/v2\/media\/3934"}],"wp:attachment":[{"href":"https:\/\/vietcorp.com\/store\/wp-json\/wp\/v2\/media?parent=3933"}],"wp:term":[{"taxonomy":"product_brand","embeddable":true,"href":"https:\/\/vietcorp.com\/store\/wp-json\/wp\/v2\/product_brand?post=3933"},{"taxonomy":"product_cat","embeddable":true,"href":"https:\/\/vietcorp.com\/store\/wp-json\/wp\/v2\/product_cat?post=3933"},{"taxonomy":"product_tag","embeddable":true,"href":"https:\/\/vietcorp.com\/store\/wp-json\/wp\/v2\/product_tag?post=3933"}],"curies":[{"name":"wp","href":"https:\/\/api.w.org\/{rel}","templated":true}]}}