


{"id":391,"date":"2020-11-03T10:57:51","date_gmt":"2020-11-03T03:57:51","guid":{"rendered":"https:\/\/www.vietcorp.com\/store\/product\/ncomputing-rx300\/"},"modified":"2024-11-21T13:21:06","modified_gmt":"2024-11-21T06:21:06","slug":"ncomputing-rx300","status":"publish","type":"product","link":"https:\/\/vietcorp.com\/store\/391\/ncomputing-rx300\/","title":{"rendered":"NComputing RX300"},"content":{"rendered":"<p><a href=\"https:\/\/www.vietcorp.com\/store\/391\/ncomputing-rx300\/\"><strong>Ncomputing RX300 thin client<\/strong><\/a> \u0111\u01b0\u1ee3c x\u00e2y d\u1ef1ng tr\u00ean n\u1ec1n t\u1ea3ng Raspberry Pi 3 m\u1edbi nh\u1ea5t. Thi\u1ebft k\u1ebf v\u00e0 t\u1ed1i \u01b0u h\u00f3a \u0111\u1ec3 t\u0103ng n\u0103ng su\u1ea5t \u0111\u1eb7c bi\u1ec7t cho gi\u1ea3i ph\u00e1p \u1ea3o h\u00f3a m\u00e1y ch\u1ee7 vSpace Pro c\u1ee7a NComputing, RX300 s\u1eb5n s\u00e0ng cho \u0111\u00e1m m\u00e2y v\u00e0 cung c\u1ea5p tr\u1ea3i nghi\u1ec7m m\u00e1y t\u00ednh phong ph\u00fa. RX300 c\u00f3 t\u00ednh n\u0103ng ph\u00e1t l\u1ea1i \u0111a ph\u01b0\u01a1ng ti\u1ec7n HD to\u00e0n m\u00e0n h\u00ecnh, h\u1ed7 tr\u1ee3 c\u00f4ng ngh\u1ec7 streaming tr\u1ef1c ti\u1ebfp vCAST, chuy\u1ec3n h\u01b0\u1edbng USB trong su\u1ed1t nh\u1edd kh\u1ea3 n\u0103ng h\u1ed7 tr\u1ee3 thi\u1ebft b\u1ecb ngo\u1ea1i vi m\u1edf r\u1ed9ng, k\u1ebft n\u1ed1i WiFi v\u00e0 t\u00f9y ch\u1ecdn truy c\u1eadp v\u00e0o h\u1ec7 \u0111i\u1ec1u h\u00e0nh Linux Raspbian do qu\u1ea3n tr\u1ecb vi\u00ean CNTT qu\u1ea3n l\u00fd.<\/p>\n<p class=\"introduction\"><strong>Ncomputing RX300<\/strong> mang \u0111\u1ebfn tr\u1ea3i nghi\u1ec7m phong ph\u00fa gi\u1ed1ng nh\u01b0 PC v\u00e0 cung c\u1ea5p gi\u1ea3i ph\u00e1p m\u00e1y t\u00ednh b\u00e0n \u1ea3o hi\u1ec7u su\u1ea5t cao, \u0111\u01b0\u1ee3c qu\u1ea3n l\u00fd t\u1eadp trung, \u0111\u01a1n gi\u1ea3n \u0111\u1ec3 tri\u1ec3n khai, ho\u00e0n h\u1ea3o \u0111\u1ec3 s\u1eed d\u1ee5ng trong doanh nghi\u1ec7p v\u00e0 gi\u00e1o d\u1ee5c.<\/p>\n<p>&nbsp;<\/p>\n<table>\n<tbody>\n<tr>\n<td><img decoding=\"async\" class=\"size-full wp-image-1200 aligncenter\" src=\"https:\/\/vietcorp.com\/store\/wp-content\/uploads\/2020\/11\/lowest.png\" alt=\"NComputing RX300 1\" width=\"154\" height=\"110\" \/><\/td>\n<td><img decoding=\"async\" class=\"size-full wp-image-1201 aligncenter\" src=\"https:\/\/vietcorp.com\/store\/wp-content\/uploads\/2020\/11\/provisioned.png\" alt=\"NComputing RX300 2\" width=\"127\" height=\"91\" \/><\/td>\n<td><img decoding=\"async\" class=\"size-full wp-image-1197 aligncenter\" src=\"https:\/\/vietcorp.com\/store\/wp-content\/uploads\/2020\/11\/centralized.png\" alt=\"NComputing RX300 3\" width=\"152\" height=\"112\" \/><\/td>\n<td><img decoding=\"async\" class=\"size-full wp-image-1196 aligncenter\" src=\"https:\/\/vietcorp.com\/store\/wp-content\/uploads\/2020\/11\/transparent.png\" alt=\"NComputing RX300 4\" width=\"137\" height=\"113\" \/><\/td>\n<td><img decoding=\"async\" class=\"size-full wp-image-1198 aligncenter\" src=\"https:\/\/vietcorp.com\/store\/wp-content\/uploads\/2020\/11\/dual-monitor.png\" alt=\"NComputing RX300 5\" width=\"153\" height=\"107\" \/><\/td>\n<td><img decoding=\"async\" class=\"wp-image-1199 size-full aligncenter\" src=\"https:\/\/vietcorp.com\/store\/wp-content\/uploads\/2020\/11\/less-than-5w.png\" alt=\"NComputing RX300 6\" width=\"112\" height=\"112\" \/><\/td>\n<\/tr>\n<tr>\n<td style=\"text-align: center;\">\n<p class=\"h4\"><strong>CHI PH\u00cd \u0110\u1ea6U T\u01af TH\u1ea4P<\/strong><\/p>\n<\/td>\n<td style=\"text-align: center;\">\n<p class=\"h4\"><strong>CUNG C\u1ea4P CHO C\u1ea2 VSPACE V\u00c0 RASPBIAN LINUX OS<\/strong><\/p>\n<\/td>\n<td>\n<p class=\"h4\" style=\"text-align: center;\"><strong>QU\u1ea2N L\u00dd T\u1eacP TRUNG<\/strong><\/p>\n<\/td>\n<td style=\"text-align: center;\"><strong>USB TRUY\u1ec0N TH\u00d4NG<\/strong><\/td>\n<td>\n<p style=\"text-align: center;\"><strong>DUAL MONITOR<\/strong><\/p>\n<\/td>\n<td style=\"text-align: center;\"><strong>TI\u00caU TH\u1ee4 C\u00d4NG SU\u1ea4T TH\u1ea4P H\u01a0N 5W<\/strong><\/td>\n<\/tr>\n<\/tbody>\n<\/table>\n<p>&nbsp;<\/p>\n<h2 style=\"text-align: center;\"><strong><span style=\"color: #0000ff;\">TR\u1ea2I NGHI\u1ec6M DESKTOP WINDOWS M\u1edaI NH\u1ea4T<\/span><\/strong><\/h2>\n<p>&nbsp;<\/p>\n<table>\n<tbody>\n<tr>\n<td><strong>Ncomputing RX300<\/strong> cung c\u1ea5p c\u00e1c m\u00e1y t\u00ednh \u0111\u1ec3 b\u00e0n \u1ea3o t\u1eeb 11 h\u1ec7 \u0111i\u1ec1u h\u00e0nh Windows ph\u1ed5 bi\u1ebfn, bao g\u1ed3m Windows 10, Windows Server 2016 v\u00e0 Windows Server 2019. N\u1ebfu Linux ph\u00f9 h\u1ee3p v\u1edbi phong c\u00e1ch c\u1ee7a b\u1ea1n h\u01a1n, RX300 c\u0169ng c\u00f3 th\u1ec3 \u0111\u01b0\u1ee3c s\u1eed d\u1ee5ng v\u1edbi vSpace cho LInux .<\/td>\n<td><img decoding=\"async\" class=\"alignnone wp-image-1202 size-full\" src=\"https:\/\/vietcorp.com\/store\/wp-content\/uploads\/2020\/11\/cloudpc-ncomputing-section_windows-vietcorp.png\" alt=\"NComputing RX300 6\" width=\"800\" height=\"646\" srcset=\"https:\/\/vietcorp.com\/store\/wp-content\/uploads\/2020\/11\/cloudpc-ncomputing-section_windows-vietcorp.png?v=1668220494 800w, https:\/\/vietcorp.com\/store\/wp-content\/uploads\/2020\/11\/cloudpc-ncomputing-section_windows-vietcorp-600x485.png?v=1668220494 600w, https:\/\/vietcorp.com\/store\/wp-content\/uploads\/2020\/11\/cloudpc-ncomputing-section_windows-vietcorp-768x620.png?v=1668220494 768w, https:\/\/vietcorp.com\/store\/wp-content\/uploads\/2020\/11\/cloudpc-ncomputing-section_windows-vietcorp-640x517.png?v=1668220494 640w, https:\/\/vietcorp.com\/store\/wp-content\/uploads\/2020\/11\/cloudpc-ncomputing-section_windows-vietcorp-400x323.png?v=1668220494 400w, https:\/\/vietcorp.com\/store\/wp-content\/uploads\/2020\/11\/cloudpc-ncomputing-section_windows-vietcorp-367x296.png?v=1668220494 367w\" sizes=\"(max-width: 800px) 100vw, 800px\" \/><\/td>\n<\/tr>\n<\/tbody>\n<\/table>\n<p>&nbsp;<\/p>\n<h2 style=\"text-align: center;\"><strong><span style=\"color: #0000ff;\">\u0110A PH\u01af\u01a0NG TI\u1ec6N TH\u00d4NG QUA STREAM TR\u1ef0C TUY\u1ebeN VCAST NCOMPUTING V\u00c0 H\u1ed6 TR\u1ee2 MICROSOFT REMOTEFX<\/span><\/strong><\/h2>\n<table>\n<tbody>\n<tr>\n<td><img decoding=\"async\" class=\"alignnone wp-image-1204 size-full\" src=\"https:\/\/www.vietcorp.com\/store\/wp-content\/uploads\/2022\/10\/may-tinh-dam-may-ncomputing-RX3008.jpg\" alt=\"NComputing RX300 7\" width=\"713\" height=\"709\" \/><\/td>\n<td>C\u00f4ng ngh\u1ec7 stream tr\u1ef1c tuy\u1ebfn vCAST c\u1ee7a NComputing gi\u00fap gi\u1ea3m m\u1ee9c s\u1eed d\u1ee5ng CPU ph\u00eda m\u00e1y ch\u1ee7, c\u00e1c video web nh\u01b0 YouTube ho\u1eb7c n\u1ed9i dung ph\u01b0\u01a1ng ti\u1ec7n c\u1ee5c b\u1ed9 m\u00e0 kh\u00f4ng c\u1ea7n GPU . \u0110i\u1ec1u n\u00e0y cho ph\u00e9p ph\u00e1t tr\u1ef1c tuy\u1ebfn ph\u01b0\u01a1ng ti\u1ec7n ch\u1ea5t l\u01b0\u1ee3ng cao h\u01a1n b\u1eb1ng c\u00e1ch s\u1eed d\u1ee5ng b\u0103ng th\u00f4ng m\u1ea1ng m\u00e0 kh\u00f4ng b\u1ecb t\u1eafc ngh\u1ebdn CPU m\u00e1y ch\u1ee7, do \u0111\u00f3 h\u1ed7 tr\u1ee3 nhi\u1ec1u ng\u01b0\u1eddi d\u00f9ng \u0111\u1ed3ng th\u1eddi h\u01a1n.\u00a0vCAST truy\u1ec1n tr\u1ef1c tuy\u1ebfn hi\u1ec7n <strong>mi\u1ec5n ph\u00ed<\/strong> nh\u01b0 m\u1ed9t ph\u1ea7n c\u1ee7a b\u1ea3n ph\u00e1t h\u00e0nh vSpace Pro. C\u1ea7n c\u00f3\u00a0license G\u00f3i M\u00e1y ch\u1ee7 SuperRDP ri\u00eang bi\u1ec7t \u0111\u1ec3 b\u1eadt NComputing vCAST cho Microsoft RDS.<\/p>\n<p>K\u00edch ho\u1ea1t t\u00ednh n\u0103ng Microsoft RemoteFX cho k\u1ebft n\u1ed1i RemoteApp ho\u1eb7c Remote Desktop gi\u00fap n\u00e2ng cao \u0111\u00e1ng k\u1ec3 tr\u1ea3i nghi\u1ec7m h\u00ecnh \u1ea3nh c\u1ee7a ng\u01b0\u1eddi d\u00f9ng.\u00a0C\u00e1c h\u1ec7 th\u1ed1ng m\u00e1y ch\u1ee7 \u0111\u01b0\u1ee3c trang b\u1ecb card \u0111\u1ed3 h\u1ecda \u0111\u01b0\u1ee3c h\u1ed7 tr\u1ee3 s\u1ebd \u0111\u1eb7c bi\u1ec7t c\u00f3 l\u1ee3i.<\/td>\n<\/tr>\n<\/tbody>\n<\/table>\n<p>&nbsp;<\/p>\n<h2 style=\"text-align: center;\"><strong><span style=\"color: #0000ff;\">QU\u1ea2N L\u00dd T\u1eacP TRUNG &amp; TRI\u1ec2N KHAI<\/span><\/strong><\/h2>\n<table>\n<tbody>\n<tr>\n<td><strong>Ncomputing RX300<\/strong> d\u1ec5 c\u1ea5u h\u00ecnh v\u00e0 t\u1ef1 \u0111\u1ed9ng nh\u1eadn c\u00e1c b\u1ea3n c\u1eadp nh\u1eadt t\u1eeb c\u00e1c m\u00e1y ch\u1ee7 vSpace Pro \u0111\u00e3 tri\u1ec3n khai. Qu\u1ea3n tr\u1ecb vi\u00ean c\u00f3 th\u1ec3 x\u00e1c \u0111\u1ecbnh thi\u1ebft b\u1ecb \u0111\u1ec3 c\u00e0i \u0111\u1eb7t v\u00e0 c\u1ea5u h\u00ecnh, sau \u0111\u00f3 sao ch\u00e9p \u0111\u1ea9y n\u00f3 sang c\u00e1c thi\u1ebft b\u1ecb m\u1edbi. T\u1ea5t c\u1ea3 \u0111\u1ec1u c\u00f3 th\u1ec3 \u0111\u01b0\u1ee3c qu\u1ea3n tr\u1ecb vi\u00ean CNTT\u00a0 qu\u1ea3n l\u00fd v\u00e0 cung c\u1ea5p b\u1edfi vSpace Pro. Cho ph\u00e9p ki\u1ec3m so\u00e1t h\u00e0ng tr\u0103m thi\u1ebft b\u1ecb Ncomputing RX300 ch\u1ec9 v\u1edbi m\u1ed9t v\u00e0i c\u00fa nh\u1ea5p chu\u1ed9t. Ng\u01b0\u1eddi d\u00f9ng lu\u00f4n \u0111\u01b0\u1ee3c c\u1eadp nh\u1eadt c\u00f4ng ngh\u1ec7 m\u1edbi nh\u1ea5t.<\/td>\n<td><img decoding=\"async\" class=\"alignnone wp-image-1205\" src=\"https:\/\/vietcorp.com\/store\/wp-content\/uploads\/2020\/11\/cloudpc-ncomputing-section_centralized_0-vietcorp.png\" alt=\"NComputing RX300 8\" width=\"539\" height=\"681\" srcset=\"https:\/\/vietcorp.com\/store\/wp-content\/uploads\/2020\/11\/cloudpc-ncomputing-section_centralized_0-vietcorp.png?v=1668220486 539w, https:\/\/vietcorp.com\/store\/wp-content\/uploads\/2020\/11\/cloudpc-ncomputing-section_centralized_0-vietcorp-400x505.png?v=1668220486 400w, https:\/\/vietcorp.com\/store\/wp-content\/uploads\/2020\/11\/cloudpc-ncomputing-section_centralized_0-vietcorp-367x464.png?v=1668220486 367w\" sizes=\"(max-width: 539px) 100vw, 539px\" \/><\/td>\n<\/tr>\n<\/tbody>\n<\/table>\n<h2 style=\"text-align: center;\"><span style=\"color: #0000ff;\"><strong>H\u1ed6 TR\u1ee2 WEBCAM<\/strong><\/span><\/h2>\n<p>&nbsp;<\/p>\n<table>\n<tbody>\n<tr>\n<td>T\u1ea5t c\u1ea3 c\u00e1c d\u00f2ng RX-series thin client hi\u1ec7n \u0111\u1ec1u h\u1ed7 tr\u1ee3 webcam t\u01b0\u01a1ng th\u00edch v\u1edbi c\u00e1c \u1ee9ng d\u1ee5ng h\u1ed9i ngh\u1ecb truy\u1ec1n h\u00ecnh ph\u1ed5 bi\u1ebfn nh\u01b0 Microsoft Teams, Zoom, WebEx, GoToMeeting v\u00e0 Skype. Lu\u00f4n l\u00e0m vi\u1ec7c hi\u1ec7u qu\u1ea3 v\u00e0 tham gia v\u1edbi nh\u00f3m c\u1ee7a b\u1ea1n khi l\u00e0m vi\u1ec7c t\u1ea1i nh\u00e0 ho\u1eb7c khi h\u1ecdc t\u1eeb xa.<\/td>\n<td><img decoding=\"async\" class=\"alignnone wp-image-1206 size-full\" src=\"https:\/\/vietcorp.com\/store\/wp-content\/uploads\/2020\/11\/cloudpc-ncomputing-Webcam3-vietcorp.png\" alt=\"NComputing RX300 9\" width=\"682\" height=\"697\" srcset=\"https:\/\/vietcorp.com\/store\/wp-content\/uploads\/2020\/11\/cloudpc-ncomputing-Webcam3-vietcorp.png?v=1668220481 682w, https:\/\/vietcorp.com\/store\/wp-content\/uploads\/2020\/11\/cloudpc-ncomputing-Webcam3-vietcorp-600x613.png?v=1668220481 600w, https:\/\/vietcorp.com\/store\/wp-content\/uploads\/2020\/11\/cloudpc-ncomputing-Webcam3-vietcorp-640x654.png?v=1668220481 640w, https:\/\/vietcorp.com\/store\/wp-content\/uploads\/2020\/11\/cloudpc-ncomputing-Webcam3-vietcorp-400x409.png?v=1668220481 400w, https:\/\/vietcorp.com\/store\/wp-content\/uploads\/2020\/11\/cloudpc-ncomputing-Webcam3-vietcorp-367x375.png?v=1668220481 367w\" sizes=\"(max-width: 682px) 100vw, 682px\" \/><\/td>\n<\/tr>\n<\/tbody>\n<\/table>\n<p>&nbsp;<\/p>\n<h2 style=\"text-align: center;\"><span style=\"color: #0000ff;\"><strong>BROAD H\u1ed6 TR\u1ee2 USB<\/strong><\/span><\/h2>\n<table>\n<tbody>\n<tr>\n<td><img decoding=\"async\" class=\"alignnone wp-image-1207 size-full\" src=\"https:\/\/vietcorp.com\/store\/wp-content\/uploads\/2020\/11\/cloudpc-ncomputing-section_usb-vietcorp.png\" alt=\"NComputing RX300 10\" width=\"1039\" height=\"680\" srcset=\"https:\/\/vietcorp.com\/store\/wp-content\/uploads\/2020\/11\/cloudpc-ncomputing-section_usb-vietcorp.png?v=1668220475 1039w, https:\/\/vietcorp.com\/store\/wp-content\/uploads\/2020\/11\/cloudpc-ncomputing-section_usb-vietcorp-600x393.png?v=1668220475 600w, https:\/\/vietcorp.com\/store\/wp-content\/uploads\/2020\/11\/cloudpc-ncomputing-section_usb-vietcorp-1024x670.png?v=1668220475 1024w, https:\/\/vietcorp.com\/store\/wp-content\/uploads\/2020\/11\/cloudpc-ncomputing-section_usb-vietcorp-768x503.png?v=1668220475 768w, https:\/\/vietcorp.com\/store\/wp-content\/uploads\/2020\/11\/cloudpc-ncomputing-section_usb-vietcorp-640x419.png?v=1668220475 640w, https:\/\/vietcorp.com\/store\/wp-content\/uploads\/2020\/11\/cloudpc-ncomputing-section_usb-vietcorp-400x262.png?v=1668220475 400w, https:\/\/vietcorp.com\/store\/wp-content\/uploads\/2020\/11\/cloudpc-ncomputing-section_usb-vietcorp-367x240.png?v=1668220475 367w, https:\/\/vietcorp.com\/store\/wp-content\/uploads\/2020\/11\/cloudpc-ncomputing-section_usb-vietcorp-560x367.png?v=1668220475 560w\" sizes=\"(max-width: 1039px) 100vw, 1039px\" \/><\/td>\n<td><strong>Ncomputing RX300<\/strong> chuy\u1ec3n h\u01b0\u1edbng USB trong su\u1ed1t s\u1eed d\u1ee5ng tr\u00ecnh \u0111i\u1ec1u khi\u1ec3n t\u1eeb ph\u00eda m\u00e1y ch\u1ee7 h\u1ed7 tr\u1ee3 thi\u1ebft b\u1ecb ngo\u1ea1i vi r\u1ed9ng r\u00e3i bao g\u1ed3m thi\u1ebft b\u1ecb l\u01b0u tr\u1eef, m\u00e1y in, m\u00e1y qu\u00e9t, \u0111\u1ea7u \u0111\u1ecdc th\u1ebb, tai nghe ho\u1eb7c loa, webcam, ch\u1eef k\u00fd s\u1ed1v\u00e0 c\u1ed5ng COM ngo\u00e0i b\u00e0n ph\u00edm v\u00e0 chu\u1ed9t ti\u00eau chu\u1ea9n .<\/td>\n<\/tr>\n<\/tbody>\n<\/table>\n<p>&nbsp;<\/p>\n<h2 style=\"text-align: center;\"><strong><span style=\"color: #0000ff;\">KH\u1ea2 N\u0102NG HI\u1ec2N TH\u1eca M\u00c0N H\u00ccNH K\u00c9P<\/span><\/strong><\/h2>\n<p style=\"text-align: center;\">Kh\u1ea3 n\u0103ng hi\u1ec3n th\u1ecb th\u00f4ng qua USB dongle (VGA ho\u1eb7c DVI) ho\u1eb7c Pi Zero SDA (HDMI) c\u1ee7a NComputing \u0111\u1ec3 t\u0103ng n\u0103ng su\u1ea5t.<\/p>\n<h2 style=\"text-align: center;\"><strong><span style=\"color: #0000ff;\"><img decoding=\"async\" class=\"alignnone wp-image-1208 size-full\" src=\"https:\/\/vietcorp.com\/store\/wp-content\/uploads\/2020\/11\/cloudpc-ncomputing-section_dual_monitor_RX300-vietcorp.png\" alt=\"NComputing RX300 11\" width=\"2000\" height=\"636\" srcset=\"https:\/\/vietcorp.com\/store\/wp-content\/uploads\/2020\/11\/cloudpc-ncomputing-section_dual_monitor_RX300-vietcorp.png?v=1668220470 2000w, https:\/\/vietcorp.com\/store\/wp-content\/uploads\/2020\/11\/cloudpc-ncomputing-section_dual_monitor_RX300-vietcorp-600x191.png?v=1668220470 600w, https:\/\/vietcorp.com\/store\/wp-content\/uploads\/2020\/11\/cloudpc-ncomputing-section_dual_monitor_RX300-vietcorp-1024x326.png?v=1668220470 1024w, https:\/\/vietcorp.com\/store\/wp-content\/uploads\/2020\/11\/cloudpc-ncomputing-section_dual_monitor_RX300-vietcorp-768x244.png?v=1668220470 768w, https:\/\/vietcorp.com\/store\/wp-content\/uploads\/2020\/11\/cloudpc-ncomputing-section_dual_monitor_RX300-vietcorp-1536x488.png?v=1668220470 1536w, https:\/\/vietcorp.com\/store\/wp-content\/uploads\/2020\/11\/cloudpc-ncomputing-section_dual_monitor_RX300-vietcorp-640x204.png?v=1668220470 640w, https:\/\/vietcorp.com\/store\/wp-content\/uploads\/2020\/11\/cloudpc-ncomputing-section_dual_monitor_RX300-vietcorp-400x127.png?v=1668220470 400w, https:\/\/vietcorp.com\/store\/wp-content\/uploads\/2020\/11\/cloudpc-ncomputing-section_dual_monitor_RX300-vietcorp-367x117.png?v=1668220470 367w, https:\/\/vietcorp.com\/store\/wp-content\/uploads\/2020\/11\/cloudpc-ncomputing-section_dual_monitor_RX300-vietcorp-1970x627.png?v=1668220470 1970w\" sizes=\"(max-width: 2000px) 100vw, 2000px\" \/><\/span><\/strong><\/h2>\n<p>&nbsp;<\/p>\n<h2 style=\"text-align: center;\"><strong><span style=\"color: #0000ff;\">T\u00d9Y CH\u1ec8NH LINH HO\u1ea0T TH\u00d4NG QUA C\u00c1C K\u1ebeT N\u1ed0I ETHERNET HO\u1eb6C WI-FI<\/span><\/strong><\/h2>\n<table>\n<tbody>\n<tr>\n<td><strong>Ncomputing RX300<\/strong> \u0111i k\u00e8m v\u1edbi Ethernet 10\/100 v\u00e0 Wi-Fi (802.11 b \/ g \/ n) t\u00edch h\u1ee3p s\u1eb5n. C\u00e1c t\u1ed5 ch\u1ee9c kh\u00f4ng c\u00f2n b\u1ecb r\u00e0ng bu\u1ed9c v\u00e0o c\u01a1 s\u1edf h\u1ea1 t\u1ea7ng \u0111i d\u00e2y v\u00e0 c\u00f3 th\u1ec3 tri\u1ec3n khai Ncomputing RX300 \u1edf b\u1ea5t k\u1ef3 v\u1ecb tr\u00ed n\u00e0o c\u00f3 truy c\u1eadp Wi-Fi \u0111\u1ec3 mang l\u1ea1i tr\u1ea3i nghi\u1ec7m m\u00e1y t\u00ednh \u0111\u1ec3 b\u00e0n.<\/td>\n<td><b><img decoding=\"async\" class=\"alignnone wp-image-1210 size-full\" src=\"https:\/\/www.vietcorp.com\/store\/wp-content\/uploads\/2022\/10\/may-tinh-dam-may-ncomputing-RX3007.jpg\" alt=\"NComputing RX300 12\" width=\"1040\" height=\"665\" \/><\/b><\/td>\n<\/tr>\n<\/tbody>\n<\/table>\n<h2 style=\"text-align: center;\"><span style=\"color: #0000ff;\"><strong>RX300 CONNECTIONS<\/strong><\/span><\/h2>\n<table>\n<tbody>\n<tr>\n<td><img decoding=\"async\" class=\"alignnone wp-image-1211 size-full\" src=\"https:\/\/vietcorp.com\/store\/wp-content\/uploads\/2020\/11\/cloudpc-ncomputing-RX300_Connections-vietcorp.png\" alt=\"NComputing RX300 13\" width=\"400\" height=\"708\" srcset=\"https:\/\/vietcorp.com\/store\/wp-content\/uploads\/2020\/11\/cloudpc-ncomputing-RX300_Connections-vietcorp.png?v=1668220461 400w, https:\/\/vietcorp.com\/store\/wp-content\/uploads\/2020\/11\/cloudpc-ncomputing-RX300_Connections-vietcorp-367x650.png?v=1668220461 367w\" sizes=\"(max-width: 400px) 100vw, 400px\" \/><\/td>\n<td>\n<ol>\n<li>Ngu\u1ed3n v\u00e0o (5.1V micro USB)<\/li>\n<li>HDMI video output<\/li>\n<li>Jack c\u1eafm loa (16bit\/44kHz\/ \u00e2m thanh ch\u1ea5t l\u01b0\u1ee3ng cao)<\/li>\n<li>C\u1ed5ng m\u1ea1ng RJ45 10\/100 Mbps<\/li>\n<li>4 c\u1ed5ng USB 2.0 (2 c\u1ed5ng cho chu\u1ed9t v\u00e0 b\u00e0n ph\u00edm)<\/li>\n<li>Kensington b\u1ea3o m\u1eadt<\/li>\n<li>\u00a0N\u00fat t\u1eaft Sleep mode \u0111\u1ea7u ra m\u00e0n h\u00ecnh ti\u1ebft ki\u1ec7m n\u0103ng l\u01b0\u1ee3ng<\/li>\n<\/ol>\n<\/td>\n<\/tr>\n<\/tbody>\n<\/table>\n<p>Xem th\u00eam th\u00f4ng tin h\u1ed7 tr\u1ee3 cho\u00a0<strong>thi\u1ebft b\u1ecb NComputing RX300<\/strong><\/p>\n<ul>\n<li><a href=\"https:\/\/www.vietcorp.com\/support\/ncomputing\/\">H\u1ed7 tr\u1ee3 NComputing<\/a><\/li>\n<li><a href=\"https:\/\/vietcorp.com\/blog\/tag\/tin-tuc-ncomputing\">Tin t\u1ee9c NComputing<\/a><\/li>\n<li><a href=\"https:\/\/vietcorp.com\/blog\/tag\/gioi-thieu-san-pham-ncomputing\">Gi\u1edbi thi\u1ec7u s\u1ea3n ph\u1ea9m NComputing<\/a><\/li>\n<\/ul>\n","protected":false},"excerpt":{"rendered":"<p>1.2GHz 64bit Quad Core Cortex A53<br \/>\n8GB internal Micro SD card<br \/>\nPower in (5.1V micro USB)<br \/>\n10\/100 Mbps Ethernet RJ45 port<br \/>\nB\u1ea3o h\u00e0nh 12 th\u00e1ng<\/p>\n","protected":false},"featured_media":2546,"template":"","meta":[],"product_brand":[],"product_cat":[337],"product_tag":[],"class_list":{"0":"post-391","1":"product","2":"type-product","3":"status-publish","4":"has-post-thumbnail","6":"product_cat-san-pham-ngung-kinh-doanh","7":"pa_bao-hanh-12-thang","8":"pa_cong-giao-tiep-1-x-hdmi","9":"pa_cong-giao-tiep-1-x-jack-3-5mm","10":"pa_cong-giao-tiep-1-x-rj45-10-100-mbps","11":"pa_cong-giao-tiep-4-x-usb-2-0","12":"pa_form-factor-thin-clients","13":"pa_muc-dich-su-dung-danh-cho-doanh-nghiep-lon","14":"pa_muc-dich-su-dung-danh-cho-doanh-nghiep-nho","15":"pa_muc-dich-su-dung-danh-cho-doanh-nghiep-vua","16":"pa_thuong-hieu-ncomputing","17":"pa_tinh-nang-phan-mem-linux-vdi","18":"pa_tinh-nang-phan-mem-windows-vdi","20":"first","21":"outofstock","22":"taxable","23":"shipping-taxable","24":"purchasable","25":"product-type-simple"},"_links":{"self":[{"href":"https:\/\/vietcorp.com\/store\/wp-json\/wp\/v2\/product\/391","targetHints":{"allow":["GET"]}}],"collection":[{"href":"https:\/\/vietcorp.com\/store\/wp-json\/wp\/v2\/product"}],"about":[{"href":"https:\/\/vietcorp.com\/store\/wp-json\/wp\/v2\/types\/product"}],"wp:featuredmedia":[{"embeddable":true,"href":"https:\/\/vietcorp.com\/store\/wp-json\/wp\/v2\/media\/2546"}],"wp:attachment":[{"href":"https:\/\/vietcorp.com\/store\/wp-json\/wp\/v2\/media?parent=391"}],"wp:term":[{"taxonomy":"product_brand","embeddable":true,"href":"https:\/\/vietcorp.com\/store\/wp-json\/wp\/v2\/product_brand?post=391"},{"taxonomy":"product_cat","embeddable":true,"href":"https:\/\/vietcorp.com\/store\/wp-json\/wp\/v2\/product_cat?post=391"},{"taxonomy":"product_tag","embeddable":true,"href":"https:\/\/vietcorp.com\/store\/wp-json\/wp\/v2\/product_tag?post=391"}],"curies":[{"name":"wp","href":"https:\/\/api.w.org\/{rel}","templated":true}]}}