


{"id":3880,"date":"2023-06-02T12:00:10","date_gmt":"2023-06-02T05:00:10","guid":{"rendered":"https:\/\/www.vietcorp.com\/store\/?post_type=product&#038;p=3880"},"modified":"2025-12-11T13:38:20","modified_gmt":"2025-12-11T06:38:20","slug":"synology-ds124","status":"publish","type":"product","link":"https:\/\/vietcorp.com\/store\/3880\/synology-ds124\/","title":{"rendered":"Synology DS124"},"content":{"rendered":"<h2><strong>Thi\u1ebft b\u1ecb l\u01b0u tr\u1eef NAS <a href=\"https:\/\/www.vietcorp.com\/store\/3880\/synology-ds124\/\">Synology DS124<\/a><\/strong><\/h2>\n<p>Qu\u1ea3n l\u00fd d\u1eef li\u1ec7u tr\u01a1n tru trong m\u1ed9t thi\u1ebft k\u1ebf nh\u1ecf g\u1ecdn<\/p>\n<p>Th\u00f4ng s\u1ed1 k\u1ef9 thu\u1eadt NAS Synology DS124:<\/p>\n<ul>\n<li>CPU: Realtek RTD1619B<\/li>\n<li>RAM: 1 GB DDR4 non-ECC<\/li>\n<li>Storage: 1 khay \u1ed5 \u0111\u0129a<\/li>\n<li>External ports: 1 c\u1ed5ng RJ-45 1GbE LAN, 2 c\u1ed5ng USB 3.2 Gen 1<\/li>\n<li>B\u1ea3o h\u00e0nh 24 th\u00e1ng<\/li>\n<\/ul>\n<p><center><iframe loading=\"lazy\" title=\"YouTube video player\" src=\"https:\/\/www.youtube.com\/embed\/Fs9uKBmXhMk?si=f5P6ufuMY4OWbSEo\" width=\"560\" height=\"315\" frameborder=\"0\" allowfullscreen=\"allowfullscreen\"><\/iframe><\/center><\/p>\n<h3 style=\"text-align: center;\"><strong>Ki\u1ec3m so\u00e1t d\u1eef li\u1ec7u t\u1ed1i quan tr\u1ecdng<\/strong><\/h3>\n<p style=\"text-align: center;\"><em>\u0110\u00e1m m\u00e2y ri\u00eang t\u01b0 an to\u00e0n<\/em><\/p>\n<p style=\"text-align: center;\"><img decoding=\"async\" class=\"aligncenter size-full wp-image-3967\" src=\"https:\/\/www.vietcorp.com\/store\/wp-content\/uploads\/2023\/01\/thiet-bi-luu-tru-NAS-Synology-ds124-8.jpg\" alt=\"Thi\u1ebft b\u1ecb l\u01b0u tr\u1eef NAS Synology DS124 1\" width=\"79\" height=\"60\" \/><\/p>\n<p style=\"text-align: center;\">Truy c\u1eadp an to\u00e0n m\u1ecdi l\u00fac, m\u1ecdi n\u01a1i v\u00e0o t\u1ea5t c\u1ea3 d\u1eef li\u1ec7u.<\/p>\n<p style=\"text-align: center;\"><em>Chia s\u1ebb d\u1eef li\u1ec7u d\u1ec5 d\u00e0ng<\/em><\/p>\n<p style=\"text-align: center;\"><img decoding=\"async\" class=\"aligncenter size-full wp-image-3968\" src=\"https:\/\/www.vietcorp.com\/store\/wp-content\/uploads\/2023\/01\/thiet-bi-luu-tru-NAS-Synology-ds124-9.jpg\" alt=\"Thi\u1ebft b\u1ecb l\u01b0u tr\u1eef NAS Synology DS124 2\" width=\"70\" height=\"59\" \/><\/p>\n<p style=\"text-align: center;\">T\u1ed1i \u01b0u kh\u1ea3 n\u0103ng l\u00e0m vi\u1ec7c nh\u00f3m v\u00e0 quy\u1ec1n truy c\u1eadp v\u00e0o c\u00e1c t\u1eadp tin chia s\u1ebb.<\/p>\n<p style=\"text-align: center;\"><em>Sao l\u01b0u d\u1ec5 d\u00e0ng<\/em><\/p>\n<p style=\"text-align: center;\"><img decoding=\"async\" class=\"aligncenter size-full wp-image-3969\" src=\"https:\/\/www.vietcorp.com\/store\/wp-content\/uploads\/2023\/01\/thiet-bi-luu-tru-NAS-Synology-ds124-10.jpg\" alt=\"Thi\u1ebft b\u1ecb l\u01b0u tr\u1eef NAS Synology DS124 3\" width=\"77\" height=\"67\" \/><\/p>\n<p style=\"text-align: center;\">D\u1ec5 d\u00e0ng b\u1ea3o v\u1ec7 t\u1eadp tin b\u1eb1ng c\u00e1c c\u00f4ng c\u1ee5 tr\u1ef1c quan.<\/p>\n<h3 style=\"text-align: center;\"><strong>T\u0103ng n\u0103ng su\u1ea5t l\u00e0m vi\u1ec7c tr\u00ean \u0111\u00e1m m\u00e2y ri\u00eang<\/strong><\/h3>\n<p style=\"text-align: center;\">Synology DS124 \u0111\u01b0\u1ee3c thi\u1ebft k\u1ebf cho c\u00e1c chuy\u00ean gia \u0111\u1ec3 chia s\u1ebb, \u0111\u1ed3ng b\u1ed9 v\u00e0 h\u1ee3p t\u00e1c hi\u1ec7u qu\u1ea3 h\u01a1n.<\/p>\n<p style=\"text-align: center;\"><strong>Truy c\u1eadp m\u1ecdi l\u00fac, m\u1ecdi n\u01a1i<\/strong><\/p>\n<p style=\"text-align: center;\"><img decoding=\"async\" class=\"aligncenter size-full wp-image-3970\" src=\"https:\/\/www.vietcorp.com\/store\/wp-content\/uploads\/2023\/01\/thiet-bi-luu-tru-NAS-Synology-ds124-11.jpg\" alt=\"Thi\u1ebft b\u1ecb l\u01b0u tr\u1eef NAS Synology DS124 4\" width=\"600\" height=\"375\" srcset=\"https:\/\/vietcorp.com\/store\/wp-content\/uploads\/2023\/01\/thiet-bi-luu-tru-NAS-Synology-ds124-11.jpg 600w, https:\/\/vietcorp.com\/store\/wp-content\/uploads\/2023\/01\/thiet-bi-luu-tru-NAS-Synology-ds124-11-400x250.jpg 400w, https:\/\/vietcorp.com\/store\/wp-content\/uploads\/2023\/01\/thiet-bi-luu-tru-NAS-Synology-ds124-11-367x229.jpg 367w\" sizes=\"(max-width: 600px) 100vw, 600px\" \/><\/p>\n<p style=\"text-align: center;\">Truy c\u1eadp, qu\u1ea3n l\u00fd v\u00e0 chia s\u1ebb t\u1eadp tin c\u0169ng nh\u01b0 ph\u01b0\u01a1ng ti\u1ec7n t\u1eeb m\u1ecdi n\u01a1i v\u1edbi <a href=\"https:\/\/www.vietcorp.com\/store\/synology-drive\/\">Synology Drive<\/a>. Kh\u1ea3 d\u1ee5ng tr\u00ean PC, Mac, Linux, Chromebook, Android, iOS ho\u1eb7c b\u1ea5t k\u1ef3 thi\u1ebft b\u1ecb n\u00e0o c\u00f3 trang b\u1ecb tr\u00ecnh duy\u1ec7t.<\/p>\n<p style=\"text-align: center;\"><strong>Sao l\u01b0u v\u00e0 \u0111\u1ed3ng b\u1ed9 th\u00f4ng minh<\/strong><\/p>\n<p style=\"text-align: center;\"><img decoding=\"async\" class=\"aligncenter size-full wp-image-3971\" src=\"https:\/\/www.vietcorp.com\/store\/wp-content\/uploads\/2023\/01\/thiet-bi-luu-tru-NAS-Synology-ds124-12.jpg\" alt=\"Thi\u1ebft b\u1ecb l\u01b0u tr\u1eef NAS Synology DS124 5\" width=\"600\" height=\"375\" srcset=\"https:\/\/vietcorp.com\/store\/wp-content\/uploads\/2023\/01\/thiet-bi-luu-tru-NAS-Synology-ds124-12.jpg 600w, https:\/\/vietcorp.com\/store\/wp-content\/uploads\/2023\/01\/thiet-bi-luu-tru-NAS-Synology-ds124-12-400x250.jpg 400w, https:\/\/vietcorp.com\/store\/wp-content\/uploads\/2023\/01\/thiet-bi-luu-tru-NAS-Synology-ds124-12-367x229.jpg 367w\" sizes=\"(max-width: 600px) 100vw, 600px\" \/><\/p>\n<p style=\"text-align: center;\"><a href=\"https:\/\/www.vietcorp.com\/store\/bao-ve-to-chuc-khoi-ransomware\/\">B\u1ea3o v\u1ec7 tr\u01b0\u1edbc c\u00e1c cu\u1ed9c t\u1ea5n c\u00f4ng ransomware<\/a> ho\u1eb7c thao t\u00e1c x\u00f3a nh\u1ea7m b\u1eb1ng c\u00e1c b\u1ea3n sao l\u01b0u th\u01b0 m\u1ee5c theo th\u1eddi gian th\u1ef1c ho\u1eb7c theo k\u1ebf ho\u1ea1ch. Gi\u1ea3m m\u1ee9c s\u1eed d\u1ee5ng b\u1ed9 nh\u1edb c\u1ee5c b\u1ed9 v\u1edbi t\u00ednh n\u0103ng \u0111\u1ed3ng b\u1ed9 theo y\u00eau c\u1ea7u, ch\u1ec9 t\u1ea3i xu\u1ed1ng c\u00e1c t\u1eadp tin khi c\u1ea7n.<\/p>\n<p style=\"text-align: center;\"><strong>\u0110\u1ed3ng b\u1ed9 \u0111\u00e1m m\u00e2y li\u1ec1n m\u1ea1ch<\/strong><\/p>\n<p style=\"text-align: center;\"><img decoding=\"async\" class=\"aligncenter size-full wp-image-3972\" src=\"https:\/\/www.vietcorp.com\/store\/wp-content\/uploads\/2023\/01\/thiet-bi-luu-tru-NAS-Synology-ds124-13.jpg\" alt=\"Thi\u1ebft b\u1ecb l\u01b0u tr\u1eef NAS Synology DS124 6\" width=\"600\" height=\"288\" srcset=\"https:\/\/vietcorp.com\/store\/wp-content\/uploads\/2023\/01\/thiet-bi-luu-tru-NAS-Synology-ds124-13.jpg 600w, https:\/\/vietcorp.com\/store\/wp-content\/uploads\/2023\/01\/thiet-bi-luu-tru-NAS-Synology-ds124-13-400x192.jpg 400w, https:\/\/vietcorp.com\/store\/wp-content\/uploads\/2023\/01\/thiet-bi-luu-tru-NAS-Synology-ds124-13-367x176.jpg 367w\" sizes=\"(max-width: 600px) 100vw, 600px\" \/><\/p>\n<p style=\"text-align: center;\">\u0110\u1ed3ng b\u1ed9 t\u1eadp tin gi\u1eefa Synology DS124 v\u00e0 c\u00e1c d\u1ecbch v\u1ee5 \u0111\u00e1m m\u00e2y c\u00f4ng c\u1ed9ng b\u1eb1ng <a href=\"https:\/\/www.vietcorp.com\/store\/cloud-sync\/\">Synology Cloud Sync<\/a>. Gi\u1eef l\u1ea1i c\u00e1c b\u1ea3n sao l\u01b0u c\u1ee5c b\u1ed9 c\u1ee7a d\u1eef li\u1ec7u l\u01b0u tr\u00ean Google Drive, Dropbox, Microsoft OneDrive, v.v. v\u00e0 \u0111\u1ea3m b\u1ea3o quy\u1ec1n s\u1edf h\u1eefu d\u1eef li\u1ec7u.<\/p>\n<h3 style=\"text-align: center;\">\u0110\u1ed3ng b\u1ed9 v\u1edbi c\u00e1c nh\u00f3m l\u00e0m vi\u1ec7c cho d\u00f9 \u1edf xa h\u1ec7 th\u1ed1ng trung t\u00e2m<\/h3>\n<p style=\"text-align: center;\"><img decoding=\"async\" class=\"aligncenter size-full wp-image-3973\" src=\"https:\/\/www.vietcorp.com\/store\/wp-content\/uploads\/2023\/01\/thiet-bi-luu-tru-NAS-Synology-ds124-14.jpg\" alt=\"Thi\u1ebft b\u1ecb l\u01b0u tr\u1eef NAS Synology DS124 7\" width=\"600\" height=\"279\" srcset=\"https:\/\/vietcorp.com\/store\/wp-content\/uploads\/2023\/01\/thiet-bi-luu-tru-NAS-Synology-ds124-14.jpg 600w, https:\/\/vietcorp.com\/store\/wp-content\/uploads\/2023\/01\/thiet-bi-luu-tru-NAS-Synology-ds124-14-400x186.jpg 400w, https:\/\/vietcorp.com\/store\/wp-content\/uploads\/2023\/01\/thiet-bi-luu-tru-NAS-Synology-ds124-14-367x171.jpg 367w\" sizes=\"(max-width: 600px) 100vw, 600px\" \/><\/p>\n<p style=\"text-align: center;\">T\u1ef1 \u0111\u1ed9ng l\u01b0u gi\u1eef d\u1eef li\u1ec7u \u0111\u1ed3ng b\u1ed9 gi\u1eefa c\u00e1c h\u1ec7 th\u1ed1ng Synology \u1edf c\u00e1c v\u1ecb tr\u00ed kh\u00e1c nhau v\u1edbi Synology Drive ShareSync \u0111\u1ec3 c\u1ea3i thi\u1ec7n quy tr\u00ecnh l\u00e0m vi\u1ec7c gi\u1eefa c\u00e1c c\u01a1 s\u1edf.<\/p>\n<h3 style=\"text-align: center;\"><strong>L\u01b0u tr\u1eef, chia s\u1ebb v\u00e0 b\u1ea3o v\u1ec7<\/strong><\/h3>\n<p style=\"text-align: center;\">S\u1eed d\u1ee5ng DS124 \u0111\u1ec3 qu\u1ea3n l\u00fd to\u00e0n b\u1ed9 t\u00e0i li\u1ec7u, \u1ea3nh v\u00e0 c\u00e1c t\u1eadp tin kh\u00e1c ho\u1eb7c b\u1ea3o v\u1ec7 t\u00e0i s\u1ea3n v\u1eadt ch\u1ea5t b\u1eb1ng t\u00ednh n\u0103ng gi\u00e1m s\u00e1t video chuy\u00ean nghi\u1ec7p.<\/p>\n<h3 style=\"text-align: center;\">Qu\u1ea3n l\u00fd \u1ea3nh<\/h3>\n<p style=\"text-align: center;\"><strong>Qu\u1ea3n l\u00fd b\u1ed9 s\u01b0u t\u1eadp \u1ea3nh<\/strong><\/p>\n<p style=\"text-align: center;\"><img decoding=\"async\" class=\"aligncenter size-full wp-image-3974\" src=\"https:\/\/www.vietcorp.com\/store\/wp-content\/uploads\/2023\/01\/thiet-bi-luu-tru-NAS-Synology-ds124-15.jpg\" alt=\"Thi\u1ebft b\u1ecb l\u01b0u tr\u1eef NAS Synology DS124 8\" width=\"600\" height=\"245\" srcset=\"https:\/\/vietcorp.com\/store\/wp-content\/uploads\/2023\/01\/thiet-bi-luu-tru-NAS-Synology-ds124-15.jpg 600w, https:\/\/vietcorp.com\/store\/wp-content\/uploads\/2023\/01\/thiet-bi-luu-tru-NAS-Synology-ds124-15-400x163.jpg 400w, https:\/\/vietcorp.com\/store\/wp-content\/uploads\/2023\/01\/thiet-bi-luu-tru-NAS-Synology-ds124-15-367x150.jpg 367w\" sizes=\"(max-width: 600px) 100vw, 600px\" \/><\/p>\n<p style=\"text-align: center;\">S\u1eafp x\u1ebfp \u1ea3nh v\u00e0 video b\u1eb1ng c\u00e1c t\u00ednh n\u0103ng th\u00f4ng minh v\u00e0 tr\u1ef1c quan. Xem album \u1ea3nh t\u1ea1o t\u1ef1 \u0111\u1ed9ng b\u1eb1ng c\u00e1ch s\u1eed d\u1ee5ng th\u00f4ng tin nh\u1eadn d\u1ea1ng khu\u00f4n m\u1eb7t, v\u1ecb tr\u00ed \u0111\u1ecba l\u00fd, g\u1eafn th\u1ebb, v.v.<\/p>\n<p style=\"text-align: center;\"><strong>Chia s\u1ebb an to\u00e0n v\u00e0 d\u1ec5 d\u00e0ng h\u01a1n<\/strong><\/p>\n<p style=\"text-align: center;\"><img decoding=\"async\" class=\"aligncenter size-full wp-image-3975\" src=\"https:\/\/www.vietcorp.com\/store\/wp-content\/uploads\/2023\/01\/thiet-bi-luu-tru-NAS-Synology-ds124-16.jpg\" alt=\"Thi\u1ebft b\u1ecb l\u01b0u tr\u1eef NAS Synology DS124 9\" width=\"600\" height=\"376\" srcset=\"https:\/\/vietcorp.com\/store\/wp-content\/uploads\/2023\/01\/thiet-bi-luu-tru-NAS-Synology-ds124-16.jpg 600w, https:\/\/vietcorp.com\/store\/wp-content\/uploads\/2023\/01\/thiet-bi-luu-tru-NAS-Synology-ds124-16-400x251.jpg 400w, https:\/\/vietcorp.com\/store\/wp-content\/uploads\/2023\/01\/thiet-bi-luu-tru-NAS-Synology-ds124-16-367x230.jpg 367w\" sizes=\"(max-width: 600px) 100vw, 600px\" \/><\/p>\n<p style=\"text-align: center;\">Chia s\u1ebb ph\u01b0\u01a1ng ti\u1ec7n m\u1ed9t c\u00e1ch an to\u00e0n v\u1edbi nh\u1eefng ng\u01b0\u1eddi kh\u00e1c, \u0111\u1ed3ng th\u1eddi t\u1eadn d\u1ee5ng c\u00e1c t\u00ednh n\u0103ng b\u1ea3o m\u1eadt n\u00e2ng cao \u0111\u1ec3 th\u00eam ph\u1ea7n an t\u00e2m. T\u1ea1o Kh\u00f4ng gian chia s\u1ebb \u0111\u1ec3 l\u00e0m vi\u1ec7c c\u00f9ng nh\u1eefng ng\u01b0\u1eddi \u0111\u01b0\u1ee3c m\u1eddi b\u1eb1ng th\u01b0 vi\u1ec7n ph\u01b0\u01a1ng ti\u1ec7n d\u1ef1a tr\u00ean th\u01b0 m\u1ee5c.<\/p>\n<h3 style=\"text-align: center;\"><strong>Gi\u00e1m s\u00e1t an ninh b\u1eb1ng video<\/strong><\/h3>\n<p style=\"text-align: center;\"><strong>Kh\u1ea3 n\u0103ng t\u01b0\u01a1ng th\u00edch r\u1ed9ng<\/strong><\/p>\n<p style=\"text-align: center;\"><img decoding=\"async\" class=\"aligncenter size-full wp-image-3976\" src=\"https:\/\/www.vietcorp.com\/store\/wp-content\/uploads\/2023\/01\/thiet-bi-luu-tru-NAS-Synology-ds124-17.jpg\" alt=\"Thi\u1ebft b\u1ecb l\u01b0u tr\u1eef NAS Synology DS124 10\" width=\"579\" height=\"343\" srcset=\"https:\/\/vietcorp.com\/store\/wp-content\/uploads\/2023\/01\/thiet-bi-luu-tru-NAS-Synology-ds124-17.jpg 579w, https:\/\/vietcorp.com\/store\/wp-content\/uploads\/2023\/01\/thiet-bi-luu-tru-NAS-Synology-ds124-17-400x237.jpg 400w, https:\/\/vietcorp.com\/store\/wp-content\/uploads\/2023\/01\/thiet-bi-luu-tru-NAS-Synology-ds124-17-367x217.jpg 367w\" sizes=\"(max-width: 579px) 100vw, 579px\" \/><\/p>\n<p style=\"text-align: center;\">Ch\u1ecdn trong h\u01a1n 8.300 camera IP ho\u1eb7c thi\u1ebft b\u1ecb ONVIF t\u01b0\u01a1ng th\u00edch v\u1edbi <a href=\"https:\/\/www.vietcorp.com\/store\/surveillance-station\/\"><strong>Synology Surveillance Station<\/strong><\/a> \u0111\u1ec3 \u0111\u1ea3m b\u1ea3o an to\u00e0n cho c\u01a1 s\u1edf.1<\/p>\n<p style=\"text-align: center;\"><strong>Kh\u1ea3 n\u0103ng truy c\u1eadp \u0111a d\u1ea1ng<\/strong><\/p>\n<p style=\"text-align: center;\"><img decoding=\"async\" class=\"aligncenter size-full wp-image-3980\" src=\"https:\/\/www.vietcorp.com\/store\/wp-content\/uploads\/2023\/01\/thiet-bi-luu-tru-NAS-Synology-ds124-21.jpg\" alt=\"Thi\u1ebft b\u1ecb l\u01b0u tr\u1eef NAS Synology DS124 11\" width=\"600\" height=\"376\" srcset=\"https:\/\/vietcorp.com\/store\/wp-content\/uploads\/2023\/01\/thiet-bi-luu-tru-NAS-Synology-ds124-21.jpg 600w, https:\/\/vietcorp.com\/store\/wp-content\/uploads\/2023\/01\/thiet-bi-luu-tru-NAS-Synology-ds124-21-400x251.jpg 400w, https:\/\/vietcorp.com\/store\/wp-content\/uploads\/2023\/01\/thiet-bi-luu-tru-NAS-Synology-ds124-21-367x230.jpg 367w\" sizes=\"(max-width: 600px) 100vw, 600px\" \/><\/p>\n<p style=\"text-align: center;\">Xem c\u00e1c lu\u1ed3ng camera tr\u1ef1c ti\u1ebfp th\u00f4ng qua tr\u00ecnh duy\u1ec7t web, \u1ee9ng d\u1ee5ng tr\u00ean m\u00e1y t\u00ednh \u0111\u1ec3 b\u00e0n ho\u1eb7c \u1ee9ng d\u1ee5ng d\u00e0nh cho thi\u1ebft b\u1ecb di \u0111\u1ed9ng. Nh\u1eadn th\u00f4ng b\u00e1o v\u1ec1 c\u00e1c s\u1ef1 ki\u1ec7n v\u00e0 h\u00e0nh \u0111\u1ed9ng ngay l\u1eadp t\u1ee9c.<\/p>\n<h3 style=\"text-align: center;\"><strong>Th\u00eam m\u1ed9t bi\u1ec7n ph\u00e1p b\u1ea3o v\u1ec7 b\u1ed5 sung<\/strong><\/h3>\n<p style=\"text-align: center;\"><strong>Th\u1ef1c hi\u1ec7n sao l\u01b0u to\u00e0n b\u1ed9 h\u1ec7 th\u1ed1ng Synology<\/strong><\/p>\n<p style=\"text-align: center;\"><img decoding=\"async\" class=\"aligncenter size-full wp-image-3977\" src=\"https:\/\/www.vietcorp.com\/store\/wp-content\/uploads\/2023\/01\/thiet-bi-luu-tru-NAS-Synology-ds124-18.jpg\" alt=\"Thi\u1ebft b\u1ecb l\u01b0u tr\u1eef NAS Synology DS124 12\" width=\"600\" height=\"378\" srcset=\"https:\/\/vietcorp.com\/store\/wp-content\/uploads\/2023\/01\/thiet-bi-luu-tru-NAS-Synology-ds124-18.jpg 600w, https:\/\/vietcorp.com\/store\/wp-content\/uploads\/2023\/01\/thiet-bi-luu-tru-NAS-Synology-ds124-18-400x252.jpg 400w, https:\/\/vietcorp.com\/store\/wp-content\/uploads\/2023\/01\/thiet-bi-luu-tru-NAS-Synology-ds124-18-367x231.jpg 367w\" sizes=\"(max-width: 600px) 100vw, 600px\" \/><\/p>\n<p style=\"text-align: center;\">Sao l\u01b0u to\u00e0n b\u1ed9 thi\u1ebft b\u1ecb Synology, bao g\u1ed3m c\u00e0i \u0111\u1eb7t h\u1ec7 th\u1ed1ng v\u00e0 \u1ee9ng d\u1ee5ng ho\u1eb7c ch\u1ecdn c\u00e1c th\u01b0 m\u1ee5c c\u1ee5 th\u1ec3. Chuy\u1ec3n t\u1ea5t c\u1ea3 d\u1eef li\u1ec7u sao l\u01b0u sang nhi\u1ec1u \u0111\u00edch b\u1eb1ng c\u00e1ch s\u1eed d\u1ee5ng Hyper Backup.2<\/p>\n<p style=\"text-align: center;\"><strong>\u0110\u1ea3m b\u1ea3o d\u1eef li\u1ec7u an to\u00e0n v\u1edbi b\u1ea3n ghi nhanh<\/strong><\/p>\n<p style=\"text-align: center;\"><img decoding=\"async\" class=\"aligncenter size-full wp-image-3978\" src=\"https:\/\/www.vietcorp.com\/store\/wp-content\/uploads\/2023\/01\/thiet-bi-luu-tru-NAS-Synology-ds124-19.jpg\" alt=\"Thi\u1ebft b\u1ecb l\u01b0u tr\u1eef NAS Synology DS124 13\" width=\"600\" height=\"377\" srcset=\"https:\/\/vietcorp.com\/store\/wp-content\/uploads\/2023\/01\/thiet-bi-luu-tru-NAS-Synology-ds124-19.jpg 600w, https:\/\/vietcorp.com\/store\/wp-content\/uploads\/2023\/01\/thiet-bi-luu-tru-NAS-Synology-ds124-19-400x251.jpg 400w, https:\/\/vietcorp.com\/store\/wp-content\/uploads\/2023\/01\/thiet-bi-luu-tru-NAS-Synology-ds124-19-367x231.jpg 367w\" sizes=\"(max-width: 600px) 100vw, 600px\" \/><\/p>\n<p style=\"text-align: center;\">\u0110\u01b0a kh\u1ea3 n\u0103ng b\u1ea3o v\u1ec7 d\u1eef li\u1ec7u l\u00ean m\u1ed9t t\u1ea7m cao m\u1edbi b\u1eb1ng c\u00e1ch t\u1ef1 \u0111\u1ed9ng t\u1ea1o b\u1ea3n ghi nhanh t\u1ea1m th\u1eddi c\u1ee7a c\u00e1c th\u01b0 m\u1ee5c chia s\u1ebb c\u00f3 th\u1ec3 sao ch\u00e9p b\u00ean ngo\u00e0i c\u01a1 s\u1edf v\u00e0 kh\u00f4i ph\u1ee5c nhanh ch\u00f3ng b\u1eb1ng c\u00e1ch s\u1eed d\u1ee5ng t\u00ednh n\u0103ng <a href=\"https:\/\/www.vietcorp.com\/store\/snapshot-replication\/\">Snapshot Replication<\/a>.<\/p>\n<p style=\"text-align: center;\"><strong>B\u1ec1 ngo\u00e0i Synology DS124<\/strong><\/p>\n<p><img decoding=\"async\" class=\"aligncenter size-full wp-image-3979\" src=\"https:\/\/www.vietcorp.com\/store\/wp-content\/uploads\/2023\/01\/thiet-bi-luu-tru-NAS-Synology-ds124-20.jpg\" alt=\"Thi\u1ebft b\u1ecb l\u01b0u tr\u1eef NAS Synology DS124 14\" width=\"1024\" height=\"476\" srcset=\"https:\/\/vietcorp.com\/store\/wp-content\/uploads\/2023\/01\/thiet-bi-luu-tru-NAS-Synology-ds124-20.jpg 1024w, https:\/\/vietcorp.com\/store\/wp-content\/uploads\/2023\/01\/thiet-bi-luu-tru-NAS-Synology-ds124-20-600x279.jpg 600w, https:\/\/vietcorp.com\/store\/wp-content\/uploads\/2023\/01\/thiet-bi-luu-tru-NAS-Synology-ds124-20-768x357.jpg 768w, https:\/\/vietcorp.com\/store\/wp-content\/uploads\/2023\/01\/thiet-bi-luu-tru-NAS-Synology-ds124-20-640x298.jpg 640w, https:\/\/vietcorp.com\/store\/wp-content\/uploads\/2023\/01\/thiet-bi-luu-tru-NAS-Synology-ds124-20-400x186.jpg 400w, https:\/\/vietcorp.com\/store\/wp-content\/uploads\/2023\/01\/thiet-bi-luu-tru-NAS-Synology-ds124-20-367x171.jpg 367w\" sizes=\"(max-width: 1024px) 100vw, 1024px\" \/><\/p>\n<p><center><iframe loading=\"lazy\" title=\"YouTube video player\" src=\"https:\/\/www.youtube.com\/embed\/0A3wL4lE71g?si=YjUCbVJSkDolWRi0\" width=\"560\" height=\"315\" frameborder=\"0\" allowfullscreen=\"allowfullscreen\"><\/iframe><\/center>Xem th\u00eam NAS Synology:<\/p>\n<ul>\n<li><a href=\"https:\/\/www.vietcorp.com\/vn\/chung-nhan\/\">Ch\u1ee9ng nh\u1eadn Synology<\/a><\/li>\n<li><a href=\"https:\/\/vietcorp.com\/support\/synology\/\">Support Synology<\/a><\/li>\n<li><a href=\"https:\/\/www.vietcorp.com\/blog\/tag\/showcase-synology\/\">Showcase Synology<\/a><\/li>\n<\/ul>\n","protected":false},"excerpt":{"rendered":"<p>Thi\u1ebft b\u1ecb l\u01b0u tr\u1eef NAS Synology DS124<br \/>\nNAS 1 khay \u1ed5 \u0111\u0129a<br \/>\nRealtek RTD1619B<br \/>\n1 GB DDR4 non-ECC<br \/>\nB\u1ea3o h\u00e0nh 24 th\u00e1ng<\/p>\n","protected":false},"featured_media":7145,"template":"","meta":[],"product_brand":[],"product_cat":[15],"product_tag":[16,425,53,50,427,52,23,426],"class_list":{"0":"post-3880","1":"product","2":"type-product","3":"status-publish","4":"has-post-thumbnail","6":"product_cat-nas","7":"product_tag-diskstation","8":"product_tag-ds124","9":"product_tag-nas","10":"product_tag-nas-1-bay","11":"product_tag-nas-ds124","12":"product_tag-nas-synology","13":"product_tag-synology","14":"product_tag-synology-ds124","15":"pa_thuong-hieu-synology","17":"first","18":"instock","19":"taxable","20":"shipping-taxable","21":"product-type-simple"},"_links":{"self":[{"href":"https:\/\/vietcorp.com\/store\/wp-json\/wp\/v2\/product\/3880","targetHints":{"allow":["GET"]}}],"collection":[{"href":"https:\/\/vietcorp.com\/store\/wp-json\/wp\/v2\/product"}],"about":[{"href":"https:\/\/vietcorp.com\/store\/wp-json\/wp\/v2\/types\/product"}],"wp:featuredmedia":[{"embeddable":true,"href":"https:\/\/vietcorp.com\/store\/wp-json\/wp\/v2\/media\/7145"}],"wp:attachment":[{"href":"https:\/\/vietcorp.com\/store\/wp-json\/wp\/v2\/media?parent=3880"}],"wp:term":[{"taxonomy":"product_brand","embeddable":true,"href":"https:\/\/vietcorp.com\/store\/wp-json\/wp\/v2\/product_brand?post=3880"},{"taxonomy":"product_cat","embeddable":true,"href":"https:\/\/vietcorp.com\/store\/wp-json\/wp\/v2\/product_cat?post=3880"},{"taxonomy":"product_tag","embeddable":true,"href":"https:\/\/vietcorp.com\/store\/wp-json\/wp\/v2\/product_tag?post=3880"}],"curies":[{"name":"wp","href":"https:\/\/api.w.org\/{rel}","templated":true}]}}