


{"id":3860,"date":"2023-06-02T09:21:04","date_gmt":"2023-06-02T02:21:04","guid":{"rendered":"https:\/\/www.vietcorp.com\/store\/?post_type=product&#038;p=3860"},"modified":"2025-12-11T13:52:43","modified_gmt":"2025-12-11T06:52:43","slug":"synology-ds224","status":"publish","type":"product","link":"https:\/\/vietcorp.com\/store\/3860\/synology-ds224\/","title":{"rendered":"Synology DS224+"},"content":{"rendered":"<h2><strong>Thi\u1ebft b\u1ecb l\u01b0u tr\u1eef NAS <a href=\"https:\/\/www.vietcorp.com\/store\/3860\/synology-ds224\/\">Synology DS224+<\/a><\/strong><\/h2>\n<p>B\u1ed9 nh\u1edb d\u1eef li\u1ec7u nh\u1ecf g\u1ecdn cho m\u00f4 h\u00ecnh tri\u1ec3n khai bi\u00ean<\/p>\n<p><strong>Th\u00f4ng s\u1ed1 k\u1ef9 thu\u1eadt NAS Synology DS224+:<\/strong><\/p>\n<ul>\n<li>CPU: <strong>Intel Celeron J4125<\/strong><\/li>\n<li>RAM: <strong>2 GB DDR4 non-ECC up to 6 GB (2 GB + 4 GB)<\/strong><\/li>\n<li>Storage: <strong>2 khay \u1ed5 \u0111\u0129a<\/strong><\/li>\n<li>External ports: <strong>2 c\u1ed5ng RJ-45 1GbE LAN, 2 c\u1ed5ng USB 3.2 Gen 1<\/strong><\/li>\n<li><strong>B\u1ea3o h\u00e0nh 24 th\u00e1ng<\/strong><\/li>\n<\/ul>\n<p><center><iframe loading=\"lazy\" title=\"YouTube video player\" src=\"https:\/\/www.youtube.com\/embed\/wVp93beJPl0\" width=\"560\" height=\"315\" frameborder=\"0\" allowfullscreen=\"allowfullscreen\"><\/iframe><\/center><\/p>\n<h3 style=\"text-align: center;\"><strong>Duy tr\u00ec d\u1eef li\u1ec7u t\u1ea1i c\u01a1 s\u1edf<\/strong><\/h3>\n<p style=\"text-align: center;\"><em>C\u1ee7ng c\u1ed1 v\u00e0 b\u1ea3o v\u1ec7<\/em><\/p>\n<p style=\"text-align: center;\"><img decoding=\"async\" class=\"aligncenter size-full wp-image-3950\" src=\"https:\/\/www.vietcorp.com\/store\/wp-content\/uploads\/2023\/01\/Thiet-bi-luu-tru-NAS-Synology-DS2248.jpg\" alt=\"Thi\u1ebft b\u1ecb l\u01b0u tr\u1eef NAS Synology DS224+ 1\" width=\"64\" height=\"64\" \/><\/p>\n<p style=\"text-align: center;\">B\u1ea3o v\u1ec7 t\u1ea5t c\u1ea3 d\u1eef li\u1ec7u v\u1edbi c\u00e1c t\u00ednh n\u0103ng b\u1ea3o m\u1eadt t\u00edch h\u1ee3p v\u00e0 quy\u1ec1n truy c\u1eadp t\u1eadp trung.<\/p>\n<p style=\"text-align: center;\"><em>Qu\u1ea3n l\u00fd d\u1eef li\u1ec7u quan tr\u1ecdng<\/em><\/p>\n<p style=\"text-align: center;\"><img decoding=\"async\" class=\"aligncenter size-full wp-image-3951\" src=\"https:\/\/www.vietcorp.com\/store\/wp-content\/uploads\/2023\/01\/Thiet-bi-luu-tru-NAS-Synology-DS2249.jpg\" alt=\"Thi\u1ebft b\u1ecb l\u01b0u tr\u1eef NAS Synology DS224+ 2\" width=\"69\" height=\"64\" \/><\/p>\n<p style=\"text-align: center;\">Chia s\u1ebb, sao l\u01b0u v\u00e0 truy c\u1eadp c\u00e1c t\u1eadp tin, \u1ea3nh, video gi\u00e1m s\u00e1t, v.v.<\/p>\n<p style=\"text-align: center;\"><em>Gi\u1ea3m thi\u1ec3u t\u00e1c \u0111\u1ed9ng t\u1eeb ngu\u1ed3n \u0111i\u1ec7n<\/em><\/p>\n<p style=\"text-align: center;\"><img decoding=\"async\" class=\"aligncenter size-full wp-image-3952\" src=\"https:\/\/www.vietcorp.com\/store\/wp-content\/uploads\/2023\/01\/Thiet-bi-luu-tru-NAS-Synology-DS22410.jpg\" alt=\"Thi\u1ebft b\u1ecb l\u01b0u tr\u1eef NAS Synology DS224+ 3\" width=\"69\" height=\"74\" \/><\/p>\n<p style=\"text-align: center;\">15 watt khi ho\u1ea1t \u0111\u1ed9ng h\u1ebft c\u00f4ng su\u1ea5t gi\u00fap duy tr\u00ec chi ph\u00ed v\u1eadn h\u00e0nh th\u1ea5p.<\/p>\n<h3 style=\"text-align: center;\"><strong>\u0110\u01a1n gi\u1ea3n l\u00e0 nhanh h\u01a1n<\/strong><\/h3>\n<p style=\"text-align: center;\">Synology DS224+ nhanh h\u01a1n trong kh\u00e2u l\u1eadp ch\u1ec9 m\u1ee5c t\u1eadp tin trong <a href=\"https:\/\/www.vietcorp.com\/store\/synology-drive\/\">Synology Drive<\/a> v\u00e0 <a href=\"https:\/\/www.vietcorp.com\/store\/synology-photos\/\">Synology Photos<\/a>, \u0111\u1ed3ng th\u1eddi c\u00f3 nhi\u1ec1u t\u00ednh n\u0103ng ch\u1ea1y c\u00e1c \u1ee9ng d\u1ee5ng web \u0111\u00f2i h\u1ecfi kh\u1eaft khe h\u01a1n so v\u1edbi c\u00e1c h\u1ec7 th\u1ed1ng thu\u1ed9c th\u1ebf h\u1ec7 tr\u01b0\u1edbc.<\/p>\n<p style=\"text-align: center;\">\u1ee8ng d\u1ee5ng web 62% nhi\u1ec1u ph\u1ea3n h\u1ed3i h\u01a1n m\u1ed7i gi\u00e2y<\/p>\n<p style=\"text-align: center;\">Synology Drive 52% l\u1eadp ch\u1ec9 m\u1ee5c t\u1eadp tin nhanh h\u01a1n<\/p>\n<p style=\"text-align: center;\">Synology Photos 28% l\u1eadp ch\u1ec9 m\u1ee5c h\u00ecnh \u1ea3nh nhanh h\u01a1n<\/p>\n<h3 style=\"text-align: center;\"><strong>L\u01b0u tr\u1eef, chia s\u1ebb v\u00e0 b\u1ea3o v\u1ec7<\/strong><\/h3>\n<p style=\"text-align: center;\">Qu\u1ea3n l\u00fd t\u1ea5t c\u1ea3 t\u00e0i li\u1ec7u, h\u00ecnh \u1ea3nh v\u00e0 c\u00e1c t\u1eadp tin kh\u00e1c, sao l\u01b0u \u1ee9ng d\u1ee5ng v\u00e0 thi\u1ebft b\u1ecb, \u0111\u1ed3ng th\u1eddi b\u1ea3o v\u1ec7 t\u00e0i s\u1ea3n b\u1eb1ng video gi\u00e1m s\u00e1t chuy\u00ean nghi\u1ec7p.<\/p>\n<h3 style=\"text-align: center;\"><strong>\u0110\u00e1m m\u00e2y ri\u00eang \u0111\u1ec3 chia s\u1ebb d\u1eef li\u1ec7u<\/strong><\/h3>\n<p style=\"text-align: center;\"><em>C\u00f4ng vi\u1ec7c k\u1ebft h\u1ee3p trong \u0111\u00e1m m\u00e2y ri\u00eang<\/em><\/p>\n<p style=\"text-align: center;\"><img decoding=\"async\" class=\"aligncenter size-full wp-image-3953\" src=\"https:\/\/www.vietcorp.com\/store\/wp-content\/uploads\/2023\/01\/Thiet-bi-luu-tru-NAS-Synology-DS22411.jpg\" alt=\"Thi\u1ebft b\u1ecb l\u01b0u tr\u1eef NAS Synology DS224+ 4\" width=\"600\" height=\"499\" srcset=\"https:\/\/vietcorp.com\/store\/wp-content\/uploads\/2023\/01\/Thiet-bi-luu-tru-NAS-Synology-DS22411.jpg 600w, https:\/\/vietcorp.com\/store\/wp-content\/uploads\/2023\/01\/Thiet-bi-luu-tru-NAS-Synology-DS22411-400x333.jpg 400w, https:\/\/vietcorp.com\/store\/wp-content\/uploads\/2023\/01\/Thiet-bi-luu-tru-NAS-Synology-DS22411-367x305.jpg 367w\" sizes=\"(max-width: 600px) 100vw, 600px\" \/><\/p>\n<p style=\"text-align: center;\">L\u01b0u tr\u1eef, \u0111\u1ed3ng b\u1ed9, truy c\u1eadp v\u00e0 chia s\u1ebb d\u1eef li\u1ec7u t\u1eeb m\u1ecdi thi\u1ebft b\u1ecb, m\u1ecdi l\u00fac m\u1ecdi n\u01a1i. L\u00e0m vi\u1ec7c c\u00f9ng nhau m\u1ed9t c\u00e1ch li\u1ec1n m\u1ea1ch tr\u00ean c\u00e1c n\u1ec1n t\u1ea3ng kh\u00e1c nhau, truy c\u1eadp t\u1eadp tin th\u00f4ng qua \u1ee9ng d\u1ee5ng d\u00e0nh cho thi\u1ebft b\u1ecb di \u0111\u1ed9ng, \u1ee9ng d\u1ee5ng kh\u00e1ch tr\u00ean m\u00e1y t\u00ednh \u0111\u1ec3 b\u00e0n ho\u1eb7c giao di\u1ec7n d\u1ef1a tr\u00ean tr\u00ecnh duy\u1ec7t. Kh\u00f4i ph\u1ee5c t\u1eadp tin nhanh ch\u00f3ng v\u00e0 d\u1ec5 d\u00e0ng trong tr\u01b0\u1eddng h\u1ee3p x\u00f3a ho\u1eb7c s\u1eeda kh\u00f4ng mong mu\u1ed1n nh\u1edd t\u00ednh n\u0103ng l\u1eadp phi\u00ean b\u1ea3n th\u00f4ng minh.<\/p>\n<p style=\"text-align: center;\"><em>S\u1eafp x\u1ebfp \u1ea3nh<\/em><\/p>\n<p style=\"text-align: center;\"><img decoding=\"async\" class=\"aligncenter size-full wp-image-3954\" src=\"https:\/\/www.vietcorp.com\/store\/wp-content\/uploads\/2023\/01\/Thiet-bi-luu-tru-NAS-Synology-DS22412.jpg\" alt=\"Thi\u1ebft b\u1ecb l\u01b0u tr\u1eef NAS Synology DS224+ 5\" width=\"600\" height=\"499\" srcset=\"https:\/\/vietcorp.com\/store\/wp-content\/uploads\/2023\/01\/Thiet-bi-luu-tru-NAS-Synology-DS22412.jpg 600w, https:\/\/vietcorp.com\/store\/wp-content\/uploads\/2023\/01\/Thiet-bi-luu-tru-NAS-Synology-DS22412-400x333.jpg 400w, https:\/\/vietcorp.com\/store\/wp-content\/uploads\/2023\/01\/Thiet-bi-luu-tru-NAS-Synology-DS22412-367x305.jpg 367w\" sizes=\"(max-width: 600px) 100vw, 600px\" \/><\/p>\n<p style=\"text-align: center;\">D\u1ec5 d\u00e0ng sao l\u01b0u v\u00e0 s\u1eafp x\u1ebfp \u1ea3nh, video c\u0169ng nh\u01b0 c\u00e1c n\u1ed9i dung tr\u1ef1c quan kh\u00e1c b\u1eb1ng c\u00e1c c\u00f4ng c\u1ee5 qu\u1ea3n l\u00fd tr\u1ef1c quan. T\u1ef1 \u0111\u1ed9ng s\u1eafp x\u1ebfp n\u1ed9i dung th\u00e0nh c\u00e1c album v\u00e0 t\u1ea1o li\u00ean k\u1ebft chia s\u1ebb an to\u00e0n cho c\u00e1c b\u00ean li\u00ean quan v\u00e0 \u0111\u1ed3ng \u0111\u1ed9i.<\/p>\n<p style=\"text-align: center;\"><em>\u0110\u1ed3ng b\u1ed9 d\u1eef li\u1ec7u gi\u1eefa c\u00e1c c\u01a1 s\u1edf<\/em><\/p>\n<p style=\"text-align: center;\"><img decoding=\"async\" class=\"aligncenter size-full wp-image-3955\" src=\"https:\/\/www.vietcorp.com\/store\/wp-content\/uploads\/2023\/01\/Thiet-bi-luu-tru-NAS-Synology-DS22413.jpg\" alt=\"Thi\u1ebft b\u1ecb l\u01b0u tr\u1eef NAS Synology DS224+ 6\" width=\"541\" height=\"379\" srcset=\"https:\/\/vietcorp.com\/store\/wp-content\/uploads\/2023\/01\/Thiet-bi-luu-tru-NAS-Synology-DS22413.jpg 541w, https:\/\/vietcorp.com\/store\/wp-content\/uploads\/2023\/01\/Thiet-bi-luu-tru-NAS-Synology-DS22413-400x280.jpg 400w, https:\/\/vietcorp.com\/store\/wp-content\/uploads\/2023\/01\/Thiet-bi-luu-tru-NAS-Synology-DS22413-367x257.jpg 367w\" sizes=\"(max-width: 541px) 100vw, 541px\" \/><\/p>\n<p style=\"text-align: center;\">C\u00f9ng l\u00e0m vi\u1ec7c m\u00e0 h\u1ea7u nh\u01b0 kh\u00f4ng b\u1ecb c\u1ea3n tr\u1edf l\u1eabn nhau b\u1eb1ng c\u00e1ch s\u1eed d\u1ee5ng t\u00ednh n\u0103ng \u0111\u1ed3ng b\u1ed9 t\u1eadp tin t\u1eeb c\u01a1 s\u1edf n\u00e0y sang c\u01a1 s\u1edf kh\u00e1c, c\u00f3 th\u1ec3 \u0111\u01b0\u1ee3c thi\u1ebft l\u1eadp c\u1ea5u h\u00ecnh \u0111\u1ec3 t\u1ef1 \u0111\u1ed9ng \u0111\u1ed3ng b\u1ed9 t\u1eadp tin ho\u1eb7c th\u01b0 m\u1ee5c ri\u00eang l\u1ebb gi\u1eefa c\u00e1c thi\u1ebft b\u1ecb Synology, cho ph\u00e9p truy c\u1eadp t\u1eadp tin li\u1ec1n m\u1ea1ch t\u1eeb c\u00e1c thi\u1ebft b\u1ecb c\u1ee5c b\u1ed9.<\/p>\n<p style=\"text-align: center;\"><em>Qu\u1ea3n l\u00fd d\u1eef li\u1ec7u v\u1edbi s\u1ee9c m\u1ea1nh c\u1ee7a \u0111\u00e1m m\u00e2y<\/em><\/p>\n<p style=\"text-align: center;\"><img decoding=\"async\" class=\"aligncenter size-full wp-image-3956\" src=\"https:\/\/www.vietcorp.com\/store\/wp-content\/uploads\/2023\/01\/Thiet-bi-luu-tru-NAS-Synology-DS22414.jpg\" alt=\"Thi\u1ebft b\u1ecb l\u01b0u tr\u1eef NAS Synology DS224+ 7\" width=\"540\" height=\"384\" srcset=\"https:\/\/vietcorp.com\/store\/wp-content\/uploads\/2023\/01\/Thiet-bi-luu-tru-NAS-Synology-DS22414.jpg 540w, https:\/\/vietcorp.com\/store\/wp-content\/uploads\/2023\/01\/Thiet-bi-luu-tru-NAS-Synology-DS22414-400x284.jpg 400w, https:\/\/vietcorp.com\/store\/wp-content\/uploads\/2023\/01\/Thiet-bi-luu-tru-NAS-Synology-DS22414-367x261.jpg 367w\" sizes=\"(max-width: 540px) 100vw, 540px\" \/><\/p>\n<p style=\"text-align: center;\">Gi\u1ea3m dung l\u01b0\u1ee3ng l\u01b0u tr\u1eef t\u1ea1i c\u01a1 s\u1edf v\u00e0 t\u1eadn h\u01b0\u1edfng l\u1ee3i \u00edch t\u1eeb t\u1ed1c \u0111\u1ed9 m\u1ea1ng c\u1ee7a trung t\u00e2m d\u1eef li\u1ec7u v\u1edbi c\u00f4ng ngh\u1ec7 \u0111\u00e1m m\u00e2y k\u1ebft h\u1ee3p. <a href=\"https:\/\/www.vietcorp.com\/store\/hybrid-share\/\">Synology Hybrid Share<\/a> b\u1ed5 sung t\u00ednh n\u0103ng ph\u00e2n c\u1ea5p \u0111\u00e1m m\u00e2y t\u1ef1 \u0111\u1ed9ng, gi\u1eef ph\u1ea7n l\u1edbn d\u1eef li\u1ec7u tr\u00ean \u0111\u00e1m m\u00e2y, \u0111\u1ed3ng th\u1eddi l\u01b0u v\u00e0o b\u1ed9 nh\u1edb \u0111\u1ec7m c\u00e1c t\u1eadp tin truy c\u1eadp th\u01b0\u1eddng xuy\u00ean tr\u00ean DS224+ c\u1ee5c b\u1ed9 \u0111\u1ec3 truy c\u1eadp nhanh \u1edf t\u1ed1c \u0111\u1ed9 m\u1ea1ng LAN.<\/p>\n<h3 style=\"text-align: center;\"><strong>Sao l\u01b0u nhi\u1ec1u l\u1edbp<\/strong><\/h3>\n<p style=\"text-align: center;\"><em>Sao l\u01b0u m\u00e1y tr\u1ea1m, \u0111i\u1ec7n tho\u1ea1i th\u00f4ng minh, \u1ee9ng d\u1ee5ng \u0111\u00e1m m\u00e2y, v.v.<\/em><\/p>\n<p style=\"text-align: center;\"><img decoding=\"async\" class=\"aligncenter size-full wp-image-3957\" src=\"https:\/\/www.vietcorp.com\/store\/wp-content\/uploads\/2023\/01\/Thiet-bi-luu-tru-NAS-Synology-DS22415.jpg\" alt=\"Thi\u1ebft b\u1ecb l\u01b0u tr\u1eef NAS Synology DS224+ 8\" width=\"600\" height=\"373\" srcset=\"https:\/\/vietcorp.com\/store\/wp-content\/uploads\/2023\/01\/Thiet-bi-luu-tru-NAS-Synology-DS22415.jpg 600w, https:\/\/vietcorp.com\/store\/wp-content\/uploads\/2023\/01\/Thiet-bi-luu-tru-NAS-Synology-DS22415-400x249.jpg 400w, https:\/\/vietcorp.com\/store\/wp-content\/uploads\/2023\/01\/Thiet-bi-luu-tru-NAS-Synology-DS22415-367x228.jpg 367w\" sizes=\"(max-width: 600px) 100vw, 600px\" \/><\/p>\n<p style=\"text-align: center;\">H\u1ee3p nh\u1ea5t v\u00e0 t\u1ef1 \u0111\u1ed9ng h\u00f3a c\u00e1c t\u00e1c v\u1ee5 sao l\u01b0u cho m\u00e1y tr\u1ea1m, m\u00e1y ch\u1ee7 t\u1eadp tin, m\u00e1y \u1ea3o, \u1ee9ng d\u1ee5ng SaaS, v.v. v\u1edbi Active Backup Suite. Qu\u1ea3n l\u00fd c\u00e1c b\u1ea3n sao l\u01b0u thi\u1ebft b\u1ecb t\u1eeb xa th\u00f4ng qua m\u1ed9t c\u1ed5ng th\u00f4ng tin t\u1eadp trung v\u00e0 nhanh ch\u00f3ng kh\u00f4i ph\u1ee5c c\u00e1c t\u1eadp tin c\u1ee5 th\u1ec3 ho\u1eb7c to\u00e0n b\u1ed9 thi\u1ebft b\u1ecb \u0111\u1ec3 duy tr\u00ec ho\u1ea1t \u0111\u1ed9ng kinh doanh. T\u1eadn d\u1ee5ng c\u00e1c gi\u1ea3i ph\u00e1p sao l\u01b0u t\u1eeb xa t\u00edch h\u1ee3p \u0111\u01b0\u1ee3c thi\u1ebft k\u1ebf \u0111\u1ec3 b\u1ea3o v\u1ec7 d\u1eef li\u1ec7u v\u1edbi c\u00e1c c\u1ea5u h\u00ecnh <a href=\"https:\/\/www.vietcorp.com\/store\/quy-tac-sao-luu-3-2-1\/\">sao l\u01b0u 3-2-1<\/a> li\u1ec1n m\u1ea1ch.<\/p>\n<p style=\"text-align: center;\"><em>Th\u1ef1c hi\u1ec7n sao l\u01b0u to\u00e0n b\u1ed9 h\u1ec7 th\u1ed1ng Synology<\/em><\/p>\n<p style=\"text-align: center;\"><img decoding=\"async\" class=\"aligncenter size-full wp-image-3958\" src=\"https:\/\/www.vietcorp.com\/store\/wp-content\/uploads\/2023\/01\/Thiet-bi-luu-tru-NAS-Synology-DS22416.jpg\" alt=\"Thi\u1ebft b\u1ecb l\u01b0u tr\u1eef NAS Synology DS224+ 9\" width=\"577\" height=\"407\" srcset=\"https:\/\/vietcorp.com\/store\/wp-content\/uploads\/2023\/01\/Thiet-bi-luu-tru-NAS-Synology-DS22416.jpg 577w, https:\/\/vietcorp.com\/store\/wp-content\/uploads\/2023\/01\/Thiet-bi-luu-tru-NAS-Synology-DS22416-400x282.jpg 400w, https:\/\/vietcorp.com\/store\/wp-content\/uploads\/2023\/01\/Thiet-bi-luu-tru-NAS-Synology-DS22416-367x259.jpg 367w\" sizes=\"(max-width: 577px) 100vw, 577px\" \/><\/p>\n<p style=\"text-align: center;\">B\u1ea3o v\u1ec7 t\u1ea5t c\u1ea3 d\u1eef li\u1ec7u, \u1ee9ng d\u1ee5ng v\u00e0 c\u1ea5u h\u00ecnh tr\u00ean h\u1ec7 th\u1ed1ng Synology c\u1ee7a b\u1ea1n b\u1eb1ng c\u00e1c b\u1ea3n sao l\u01b0u to\u00e0n di\u1ec7n theo l\u1ecbch tr\u00ecnh t\u1edbi m\u00e1y ch\u1ee7 c\u1ee5c b\u1ed9 v\u00e0 m\u00e1y ch\u1ee7 t\u1eeb xa, \u1ed5 \u0111\u0129a ngo\u00e0i ho\u1eb7c \u0111i\u1ec3m l\u01b0u tr\u1eef \u0111\u00e1m m\u00e2y, bao g\u1ed3m c\u1ea3 Synology C2 Storage.<\/p>\n<p style=\"text-align: center;\"><em>B\u1ea3o v\u1ec7 th\u01b0 m\u1ee5c v\u00e0 LUN b\u1eb1ng b\u1ea3n ghi nhanh<\/em><\/p>\n<p style=\"text-align: center;\"><img decoding=\"async\" class=\"aligncenter size-full wp-image-3959\" src=\"https:\/\/www.vietcorp.com\/store\/wp-content\/uploads\/2023\/01\/Thiet-bi-luu-tru-NAS-Synology-DS22417.jpg\" alt=\"Thi\u1ebft b\u1ecb l\u01b0u tr\u1eef NAS Synology DS224+ 10\" width=\"575\" height=\"413\" srcset=\"https:\/\/vietcorp.com\/store\/wp-content\/uploads\/2023\/01\/Thiet-bi-luu-tru-NAS-Synology-DS22417.jpg 575w, https:\/\/vietcorp.com\/store\/wp-content\/uploads\/2023\/01\/Thiet-bi-luu-tru-NAS-Synology-DS22417-400x287.jpg 400w, https:\/\/vietcorp.com\/store\/wp-content\/uploads\/2023\/01\/Thiet-bi-luu-tru-NAS-Synology-DS22417-367x264.jpg 367w\" sizes=\"(max-width: 575px) 100vw, 575px\" \/><\/p>\n<p style=\"text-align: center;\">Thi\u1ebft l\u1eadp c\u1ea5u h\u00ecnh b\u1ea3n ghi nhanh t\u1ea1m th\u1eddi hi\u1ec7u qu\u1ea3 cho c\u00e1c th\u01b0 m\u1ee5c chia s\u1ebb v\u00e0 LUN trong kho\u1ea3ng th\u1eddi gian ch\u1ec9 v\u1ecfn v\u1eb9n 5 ph\u00fat. Cho ph\u00e9p ng\u01b0\u1eddi d\u00f9ng d\u1ec5 d\u00e0ng kh\u00f4i ph\u1ee5c c\u00e1c phi\u00ean b\u1ea3n tr\u01b0\u1edbc c\u1ee7a t\u1eadp tin m\u00e0 kh\u00f4ng c\u1ea7n h\u1ed7 tr\u1ee3, nhanh ch\u00f3ng kh\u00f4i ph\u1ee5c m\u00e1y \u1ea3o v\u00e0 sao ch\u00e9p b\u1ea3n ghi nhanh sang m\u00e1y ch\u1ee7 kh\u00e1c \u0111\u1ec3 t\u1eadn h\u01b0\u1edfng qu\u00e1 tr\u00ecnh chuy\u1ec3n \u0111\u1ed5i d\u1ef1 ph\u00f2ng l\u01b0u tr\u1eef nhanh ch\u00f3ng. Ti\u1ebfp t\u1ee5c b\u1ea3o v\u1ec7 t\u00ednh to\u00e0n v\u1eb9n c\u1ee7a d\u1eef li\u1ec7u v\u1edbi b\u1ea3n ghi nhanh b\u1ea5t bi\u1ebfn.<\/p>\n<h3 style=\"text-align: center;\">Qu\u1ea3n l\u00fd h\u1ec7 th\u1ed1ng gi\u00e1m s\u00e1t th\u00f4ng minh<\/h3>\n<p style=\"text-align: center;\"><a href=\"https:\/\/www.vietcorp.com\/store\/surveillance-station\/\"><em>Synology Surveillance Station<\/em><\/a><\/p>\n<p style=\"text-align: center;\"><img decoding=\"async\" class=\"aligncenter size-full wp-image-3960\" src=\"https:\/\/www.vietcorp.com\/store\/wp-content\/uploads\/2023\/01\/Thiet-bi-luu-tru-NAS-Synology-DS22418.jpg\" alt=\"Thi\u1ebft b\u1ecb l\u01b0u tr\u1eef NAS Synology DS224+ 11\" width=\"600\" height=\"327\" srcset=\"https:\/\/vietcorp.com\/store\/wp-content\/uploads\/2023\/01\/Thiet-bi-luu-tru-NAS-Synology-DS22418.jpg 600w, https:\/\/vietcorp.com\/store\/wp-content\/uploads\/2023\/01\/Thiet-bi-luu-tru-NAS-Synology-DS22418-400x218.jpg 400w, https:\/\/vietcorp.com\/store\/wp-content\/uploads\/2023\/01\/Thiet-bi-luu-tru-NAS-Synology-DS22418-367x200.jpg 367w\" sizes=\"(max-width: 600px) 100vw, 600px\" \/><\/p>\n<p style=\"text-align: center;\">B\u1ea3o v\u1ec7 doanh nghi\u1ec7p ch\u01b0a bao gi\u1edd d\u1ec5 d\u00e0ng h\u01a1n th\u1ebf v\u1edbi t\u00ednh n\u0103ng qu\u1ea3n l\u00fd t\u1eadp trung, h\u1ed7 tr\u1ee3 h\u01a1n 8.300 m\u1eabu camera IP, gi\u00e1m s\u00e1t v\u00e0 ph\u00e1t l\u1ea1i t\u1eeb xa. H\u1ec7 th\u1ed1ng qu\u1ea3n l\u00fd video c\u1ee7a Synology cung c\u1ea5p t\u1ea5t c\u1ea3 c\u00e1c c\u00f4ng c\u1ee5 b\u1ea1n c\u1ea7n \u0111\u1ec3 theo d\u00f5i tr\u1ef1c ti\u1ebfp, \u0111i\u1ec1u tra, qu\u1ea3n l\u00fd v\u00e0 sao l\u01b0u.<\/p>\n<p style=\"text-align: center;\"><em>Ghi h\u00ecnh k\u00e9p l\u00ean \u0111\u00e1m m\u00e2y<\/em><\/p>\n<p style=\"text-align: center;\"><img decoding=\"async\" class=\"aligncenter size-full wp-image-3961\" src=\"https:\/\/www.vietcorp.com\/store\/wp-content\/uploads\/2023\/01\/Thiet-bi-luu-tru-NAS-Synology-DS22419.jpg\" alt=\"Thi\u1ebft b\u1ecb l\u01b0u tr\u1eef NAS Synology DS224+ 12\" width=\"600\" height=\"299\" srcset=\"https:\/\/vietcorp.com\/store\/wp-content\/uploads\/2023\/01\/Thiet-bi-luu-tru-NAS-Synology-DS22419.jpg 600w, https:\/\/vietcorp.com\/store\/wp-content\/uploads\/2023\/01\/Thiet-bi-luu-tru-NAS-Synology-DS22419-400x199.jpg 400w, https:\/\/vietcorp.com\/store\/wp-content\/uploads\/2023\/01\/Thiet-bi-luu-tru-NAS-Synology-DS22419-367x183.jpg 367w\" sizes=\"(max-width: 600px) 100vw, 600px\" \/><\/p>\n<p style=\"text-align: center;\">C2 Surveillance gi\u00fap b\u1ea1n duy tr\u00ec quy\u1ec1n truy c\u1eadp v\u00e0o c\u1ea3nh quay gi\u00e1m s\u00e1t n\u1ebfu m\u00e1y ch\u1ee7 ghi h\u00ecnh b\u1ecb v\u00f4 hi\u1ec7u h\u00f3a b\u1eb1ng c\u00e1ch ghi h\u00ecnh v\u00e0o m\u00e1y ch\u1ee7 c\u1ee5c b\u1ed9 c\u0169ng nh\u01b0 C2 Cloud. T\u00ednh n\u0103ng m\u00e3 h\u00f3a \u0111\u1ea7u cu\u1ed1i s\u1ebd b\u1ea3o v\u1ec7 c\u00e1c \u0111o\u1ea1n video kh\u1ecfi h\u00e0nh vi truy c\u1eadp tr\u00e1i ph\u00e9p, \u0111\u1ed3ng th\u1eddi t\u00ednh n\u0103ng ghi h\u00ecnh \u0111\u1ed9 tr\u1ec5 th\u1ea5p s\u1ebd gi\u00fap b\u1ea1n xem l\u1ea1i v\u00e0i gi\u00e2y quan tr\u1ecdng cu\u1ed1i c\u00f9ng tr\u01b0\u1edbc khi m\u00e1y ch\u1ee7 ghi h\u00ecnh b\u1ecb m\u1ea5t k\u1ebft n\u1ed1i.<\/p>\n<h3 style=\"text-align: center;\"><strong>Btrfs: h\u1ec7 th\u1ed1ng t\u1eadp tin n\u00e2ng cao \u0111\u1ec3 b\u1ea3o v\u1ec7 d\u1eef li\u1ec7u<\/strong><\/h3>\n<p style=\"text-align: center;\"><img decoding=\"async\" class=\"aligncenter size-full wp-image-3962\" src=\"https:\/\/www.vietcorp.com\/store\/wp-content\/uploads\/2023\/01\/Thiet-bi-luu-tru-NAS-Synology-DS22420.jpg\" alt=\"Thi\u1ebft b\u1ecb l\u01b0u tr\u1eef NAS Synology DS224+ 13\" width=\"600\" height=\"327\" srcset=\"https:\/\/vietcorp.com\/store\/wp-content\/uploads\/2023\/01\/Thiet-bi-luu-tru-NAS-Synology-DS22420.jpg 600w, https:\/\/vietcorp.com\/store\/wp-content\/uploads\/2023\/01\/Thiet-bi-luu-tru-NAS-Synology-DS22420-400x218.jpg 400w, https:\/\/vietcorp.com\/store\/wp-content\/uploads\/2023\/01\/Thiet-bi-luu-tru-NAS-Synology-DS22420-367x200.jpg 367w\" sizes=\"(max-width: 600px) 100vw, 600px\" \/><\/p>\n<p style=\"text-align: center;\">H\u1ec7 \u0111i\u1ec1u h\u00e0nh <a href=\"https:\/\/www.vietcorp.com\/store\/synology-diskstation-manager-7-2\/\">Synology DiskStation Manager<\/a> (DSM) h\u1ed7 tr\u1ee3 DS224+ s\u1eed d\u1ee5ng h\u1ec7 th\u1ed1ng t\u1eadp tin Btrfs ti\u00ean ti\u1ebfn, gi\u00fap b\u1ea3o v\u1ec7 d\u1eef li\u1ec7u kh\u1ecfi h\u01b0 h\u1ecfng v\u00e0 cho ph\u00e9p \u0111\u1ea3o ng\u01b0\u1ee3c c\u00e1c thay \u0111\u1ed5i ngo\u00e0i \u00fd mu\u1ed1n ho\u1eb7c \u0111\u1ed9c h\u1ea1i b\u1eb1ng c\u00e1ch s\u1eed d\u1ee5ng c\u00f4ng ngh\u1ec7 b\u1ea3n ghi nhanh.<\/p>\n<h3 style=\"text-align: center;\"><strong>B\u1ec1 m\u1eb7t ngo\u00e0i <a href=\"https:\/\/www.vietcorp.com\/store\/nas-synology\/\">NAS Synology<\/a> DS224+<\/strong><\/h3>\n<p><img decoding=\"async\" class=\"aligncenter size-full wp-image-3963\" src=\"https:\/\/www.vietcorp.com\/store\/wp-content\/uploads\/2023\/01\/Thiet-bi-luu-tru-NAS-Synology-DS22421.jpg\" alt=\"Thi\u1ebft b\u1ecb l\u01b0u tr\u1eef NAS Synology DS224+ 14\" width=\"1024\" height=\"541\" srcset=\"https:\/\/vietcorp.com\/store\/wp-content\/uploads\/2023\/01\/Thiet-bi-luu-tru-NAS-Synology-DS22421.jpg 1024w, https:\/\/vietcorp.com\/store\/wp-content\/uploads\/2023\/01\/Thiet-bi-luu-tru-NAS-Synology-DS22421-600x317.jpg 600w, https:\/\/vietcorp.com\/store\/wp-content\/uploads\/2023\/01\/Thiet-bi-luu-tru-NAS-Synology-DS22421-768x406.jpg 768w, https:\/\/vietcorp.com\/store\/wp-content\/uploads\/2023\/01\/Thiet-bi-luu-tru-NAS-Synology-DS22421-640x338.jpg 640w, https:\/\/vietcorp.com\/store\/wp-content\/uploads\/2023\/01\/Thiet-bi-luu-tru-NAS-Synology-DS22421-400x211.jpg 400w, https:\/\/vietcorp.com\/store\/wp-content\/uploads\/2023\/01\/Thiet-bi-luu-tru-NAS-Synology-DS22421-367x194.jpg 367w\" sizes=\"(max-width: 1024px) 100vw, 1024px\" \/><\/p>\n<p><center><iframe loading=\"lazy\" title=\"YouTube video player\" src=\"https:\/\/www.youtube.com\/embed\/UNGrpecjGO0?si=3uJWxR7_jtbZ2yOk\" width=\"560\" height=\"315\" frameborder=\"0\" allowfullscreen=\"allowfullscreen\"><\/iframe><\/center>Xem th\u00eam NAS Synology:<\/p>\n<ul>\n<li><a href=\"https:\/\/www.vietcorp.com\/vn\/chung-nhan\/\">Ch\u1ee9ng nh\u1eadn Synology<\/a><\/li>\n<li><a href=\"https:\/\/vietcorp.com\/support\/synology\/\">Support Synology<\/a><\/li>\n<li><a href=\"https:\/\/www.vietcorp.com\/blog\/tag\/showcase-synology\/\">Showcase Synology<\/a><\/li>\n<\/ul>\n<p>&nbsp;<\/p>\n","protected":false},"excerpt":{"rendered":"<p>Thi\u1ebft b\u1ecb l\u01b0u tr\u1eef NAS Synology DS224+<br \/>\nNAS 2 khay \u1ed5 \u0111\u0129a<br \/>\n2 GB DDR4 up to 6 GB<br \/>\n2 x RJ-45 1 GbE, 2 x USB 3.2 Gen 1<br \/>\nB\u1ea3o h\u00e0nh 24 th\u00e1ng<\/p>\n","protected":false},"featured_media":7102,"template":"","meta":[],"product_brand":[],"product_cat":[15,419,337],"product_tag":[16,434,53,17,436,52,23,435],"class_list":{"0":"post-3860","1":"product","2":"type-product","3":"status-publish","4":"has-post-thumbnail","6":"product_cat-nas","7":"product_cat-ds-series","8":"product_cat-san-pham-ngung-kinh-doanh","9":"product_tag-diskstation","10":"product_tag-ds224","11":"product_tag-nas","12":"product_tag-nas-2-bay","13":"product_tag-nas-ds224","14":"product_tag-nas-synology","15":"product_tag-synology","16":"product_tag-synology-ds224","17":"pa_thuong-hieu-synology","19":"first","20":"outofstock","21":"taxable","22":"shipping-taxable","23":"product-type-simple"},"_links":{"self":[{"href":"https:\/\/vietcorp.com\/store\/wp-json\/wp\/v2\/product\/3860","targetHints":{"allow":["GET"]}}],"collection":[{"href":"https:\/\/vietcorp.com\/store\/wp-json\/wp\/v2\/product"}],"about":[{"href":"https:\/\/vietcorp.com\/store\/wp-json\/wp\/v2\/types\/product"}],"wp:featuredmedia":[{"embeddable":true,"href":"https:\/\/vietcorp.com\/store\/wp-json\/wp\/v2\/media\/7102"}],"wp:attachment":[{"href":"https:\/\/vietcorp.com\/store\/wp-json\/wp\/v2\/media?parent=3860"}],"wp:term":[{"taxonomy":"product_brand","embeddable":true,"href":"https:\/\/vietcorp.com\/store\/wp-json\/wp\/v2\/product_brand?post=3860"},{"taxonomy":"product_cat","embeddable":true,"href":"https:\/\/vietcorp.com\/store\/wp-json\/wp\/v2\/product_cat?post=3860"},{"taxonomy":"product_tag","embeddable":true,"href":"https:\/\/vietcorp.com\/store\/wp-json\/wp\/v2\/product_tag?post=3860"}],"curies":[{"name":"wp","href":"https:\/\/api.w.org\/{rel}","templated":true}]}}