


{"id":3827,"date":"2023-06-02T10:02:33","date_gmt":"2023-06-02T03:02:33","guid":{"rendered":"https:\/\/www.vietcorp.com\/store\/?post_type=product&#038;p=3827"},"modified":"2025-12-11T15:00:22","modified_gmt":"2025-12-11T08:00:22","slug":"synology-ds223j","status":"publish","type":"product","link":"https:\/\/vietcorp.com\/store\/3827\/synology-ds223j\/","title":{"rendered":"Synology DS223j"},"content":{"rendered":"<h2><strong>Thi\u1ebft b\u1ecb l\u01b0u tr\u1eef NAS <a href=\"https:\/\/www.vietcorp.com\/store\/3827\/synology-ds223j\/\">Synology DS223J<\/a><\/strong><\/h2>\n<p>B\u1ed9 l\u01b0u tr\u1eef nh\u1ecf g\u1ecdn, y\u00ean t\u0129nh v\u00e0 ti\u1ebft ki\u1ec7m n\u0103ng l\u01b0\u1ee3ng<\/p>\n<p><strong>C\u1ea5u h\u00ecnh NAS Synology DS223j:\u00a0<\/strong><\/p>\n<ul>\n<li><strong>CPU: \u00a0Realtek RTD1619B<\/strong><\/li>\n<li><strong>RAM:\u00a01 GB DDR4 non-ECC<\/strong><\/li>\n<li><strong>\u1ed4 \u0111\u0129a:\u00a02 khay \u1ed5 \u0111\u0129a<\/strong><\/li>\n<li><strong>C\u1ed5ng k\u1ebft n\u1ed1i:\u00a01 c\u1ed5ng\u00a0 RJ-45 1GbE LAN, 2 c\u1ed5ng USB 3.2 Gen 1<\/strong><\/li>\n<li><strong>B\u1ea3o h\u00e0nh 24 th\u00e1ng<\/strong><\/li>\n<\/ul>\n<p><center><iframe loading=\"lazy\" title=\"YouTube video player\" src=\"https:\/\/www.youtube.com\/embed\/EuyrLLbqoxI\" width=\"560\" height=\"315\" frameborder=\"0\" allowfullscreen=\"allowfullscreen\"><\/iframe><\/center><\/p>\n<h3 style=\"text-align: center;\"><strong>N\u1ec1n t\u1ea3ng all-in-one \u0111\u1ec3 s\u1eafp x\u1ebfp d\u1eef li\u1ec7u<\/strong><\/h3>\n<p style=\"text-align: center;\"><strong>\u0110\u00e1m m\u00e2y c\u00e1 nh\u00e2n an to\u00e0n<\/strong><\/p>\n<p style=\"text-align: center;\"><img decoding=\"async\" class=\"aligncenter size-full wp-image-3906\" src=\"https:\/\/www.vietcorp.com\/store\/wp-content\/uploads\/2023\/01\/thiet-bi-luu-tru-nas-Synology-ds223j-7.jpg\" alt=\"Thi\u1ebft b\u1ecb l\u01b0u tr\u1eef NAS Synology DS223J 1\" width=\"77\" height=\"63\" \/><\/p>\n<p style=\"text-align: center;\">H\u1ee3p nh\u1ea5t t\u1ed1i \u0111a 36 TB d\u1eef li\u1ec7u v\u1edbi 100% quy\u1ec1n s\u1edf h\u1eefu d\u1eef li\u1ec7u.<\/p>\n<p style=\"text-align: center;\"><strong>D\u1ec5 d\u00e0ng chia s\u1ebb v\u00e0 \u0111\u1ed3ng b\u1ed9<\/strong><\/p>\n<p style=\"text-align: center;\"><img decoding=\"async\" class=\"aligncenter size-full wp-image-3907\" src=\"https:\/\/www.vietcorp.com\/store\/wp-content\/uploads\/2023\/01\/thiet-bi-luu-tru-nas-Synology-ds223j-8.jpg\" alt=\"Thi\u1ebft b\u1ecb l\u01b0u tr\u1eef NAS Synology DS223J 2\" width=\"74\" height=\"60\" \/><\/p>\n<p style=\"text-align: center;\">Truy c\u1eadp v\u00e0 chia s\u1ebb t\u1eadp tin c\u0169ng nh\u01b0 ph\u01b0\u01a1ng ti\u1ec7n m\u1ed9t c\u00e1ch an to\u00e0n t\u1eeb m\u1ecdi n\u01a1i.<\/p>\n<p style=\"text-align: center;\"><strong>B\u1ea3o v\u1ec7 d\u1eef li\u1ec7u to\u00e0n di\u1ec7n<\/strong><\/p>\n<p style=\"text-align: center;\"><img decoding=\"async\" class=\"aligncenter size-full wp-image-3908\" src=\"https:\/\/www.vietcorp.com\/store\/wp-content\/uploads\/2023\/01\/thiet-bi-luu-tru-nas-Synology-ds223j-9.jpg\" alt=\"Thi\u1ebft b\u1ecb l\u01b0u tr\u1eef NAS Synology DS223J 3\" width=\"64\" height=\"62\" \/><\/p>\n<p style=\"text-align: center;\">Ph\u1ea7n c\u1ee9ng v\u00e0 ph\u1ea7n m\u1ec1m \u0111\u01b0\u1ee3c thi\u1ebft k\u1ebf \u0111\u1ec3 b\u1ea3o v\u1ec7 d\u1eef li\u1ec7u \u2013 \u0111\u01b0\u1ee3c h\u00e0ng tri\u1ec7u ng\u01b0\u1eddi tin c\u1eady.<\/p>\n<h3 style=\"text-align: center;\"><strong>Thi\u1ebft k\u1ebf \u0111\u1ec3 chia s\u1ebb<\/strong><\/h3>\n<p style=\"text-align: center;\">Synology DS223j \u0111\u01b0\u1ee3c thi\u1ebft k\u1ebf cho c\u00e1c nh\u00f3m nh\u1ecf \u0111\u1ec3 chia s\u1ebb, \u0111\u1ed3ng b\u1ed9 v\u00e0 c\u1ed9ng t\u00e1c hi\u1ec7u qu\u1ea3 h\u01a1n.<\/p>\n<p style=\"text-align: center;\"><img decoding=\"async\" class=\"aligncenter size-full wp-image-3909\" src=\"https:\/\/www.vietcorp.com\/store\/wp-content\/uploads\/2023\/01\/thiet-bi-luu-tru-nas-Synology-ds223j-10.jpg\" alt=\"Thi\u1ebft b\u1ecb l\u01b0u tr\u1eef NAS Synology DS223J 4\" width=\"600\" height=\"375\" srcset=\"https:\/\/vietcorp.com\/store\/wp-content\/uploads\/2023\/01\/thiet-bi-luu-tru-nas-Synology-ds223j-10.jpg 600w, https:\/\/vietcorp.com\/store\/wp-content\/uploads\/2023\/01\/thiet-bi-luu-tru-nas-Synology-ds223j-10-400x250.jpg 400w, https:\/\/vietcorp.com\/store\/wp-content\/uploads\/2023\/01\/thiet-bi-luu-tru-nas-Synology-ds223j-10-367x229.jpg 367w\" sizes=\"(max-width: 600px) 100vw, 600px\" \/><\/p>\n<p style=\"text-align: center;\"><strong>Truy c\u1eadp t\u1eadp tin \u0111a n\u1ec1n t\u1ea3ng<\/strong><\/p>\n<p style=\"text-align: center;\">Qu\u1ea3n l\u00fd t\u1eadp tin v\u00e0 ph\u01b0\u01a1ng ti\u1ec7n t\u1eeb m\u1ecdi n\u01a1i v\u1edbi <a href=\"https:\/\/www.vietcorp.com\/store\/synology-drive\/\">Synology Drive<\/a>. Kh\u1ea3 d\u1ee5ng tr\u00ean PC, Mac, Linux, Chromebook, Android, iOS ho\u1eb7c b\u1ea5t k\u1ef3 thi\u1ebft b\u1ecb n\u00e0o \u0111\u01b0\u1ee3c trang b\u1ecb tr\u00ecnh duy\u1ec7t.<\/p>\n<p style=\"text-align: center;\"><strong>L\u00e0m vi\u1ec7c c\u1ed9ng t\u00e1c th\u1eddi gian th\u1ef1c<\/strong><\/p>\n<p style=\"text-align: center;\"><img decoding=\"async\" class=\"aligncenter size-full wp-image-3910\" src=\"https:\/\/www.vietcorp.com\/store\/wp-content\/uploads\/2023\/01\/thiet-bi-luu-tru-nas-Synology-ds223j-11.jpg\" alt=\"Thi\u1ebft b\u1ecb l\u01b0u tr\u1eef NAS Synology DS223J 5\" width=\"600\" height=\"375\" srcset=\"https:\/\/vietcorp.com\/store\/wp-content\/uploads\/2023\/01\/thiet-bi-luu-tru-nas-Synology-ds223j-11.jpg 600w, https:\/\/vietcorp.com\/store\/wp-content\/uploads\/2023\/01\/thiet-bi-luu-tru-nas-Synology-ds223j-11-400x250.jpg 400w, https:\/\/vietcorp.com\/store\/wp-content\/uploads\/2023\/01\/thiet-bi-luu-tru-nas-Synology-ds223j-11-367x229.jpg 367w\" sizes=\"(max-width: 600px) 100vw, 600px\" \/><\/p>\n<p style=\"text-align: center;\">Duy tr\u00ec n\u0103ng su\u1ea5t khi l\u00e0m vi\u1ec7c theo nh\u00f3m ho\u1eb7c v\u1edbi kh\u00e1ch h\u00e0ng. L\u00e0m vi\u1ec7c c\u00f9ng nhau tr\u00ean c\u00e1c n\u1ec1n t\u1ea3ng kh\u00e1c nhau b\u1eb1ng c\u00e1ch s\u1eed d\u1ee5ng <a href=\"https:\/\/www.vietcorp.com\/store\/synology-office\/\">Synology Office<\/a>.<\/p>\n<p style=\"text-align: center;\"><strong>\u0110\u1ed3ng b\u1ed9 h\u00f3a t\u1ea1i c\u00e1c c\u01a1 s\u1edf<\/strong><\/p>\n<p style=\"text-align: center;\"><img decoding=\"async\" class=\"aligncenter size-full wp-image-3911\" src=\"https:\/\/www.vietcorp.com\/store\/wp-content\/uploads\/2023\/01\/thiet-bi-luu-tru-nas-Synology-ds223j-12.jpg\" alt=\"Thi\u1ebft b\u1ecb l\u01b0u tr\u1eef NAS Synology DS223J 6\" width=\"600\" height=\"311\" srcset=\"https:\/\/vietcorp.com\/store\/wp-content\/uploads\/2023\/01\/thiet-bi-luu-tru-nas-Synology-ds223j-12.jpg 600w, https:\/\/vietcorp.com\/store\/wp-content\/uploads\/2023\/01\/thiet-bi-luu-tru-nas-Synology-ds223j-12-400x207.jpg 400w, https:\/\/vietcorp.com\/store\/wp-content\/uploads\/2023\/01\/thiet-bi-luu-tru-nas-Synology-ds223j-12-367x190.jpg 367w\" sizes=\"(max-width: 600px) 100vw, 600px\" \/><\/p>\n<p style=\"text-align: center;\">L\u01b0u gi\u1eef d\u1eef li\u1ec7u \u0111\u1ed3ng b\u1ed9 gi\u1eefa c\u00e1c c\u01a1 s\u1edf kh\u00e1c nhau ch\u01b0a bao gi\u1edd d\u1ec5 d\u00e0ng h\u01a1n th\u1ebf. Synology Drive ShareSync \u0111\u1ea3m b\u1ea3o t\u1eadp tin v\u00e0 th\u01b0 m\u1ee5c \u0111\u01b0\u1ee3c \u0111\u1ed3ng b\u1ed9 tr\u00ean c\u00e1c h\u1ec7 th\u1ed1ng Synology.<\/p>\n<p style=\"text-align: center;\"><strong>\u0110\u1ed3ng b\u1ed9 li\u1ec1n m\u1ea1ch v\u1edbi \u0111\u00e1m m\u00e2y<\/strong><\/p>\n<p style=\"text-align: center;\"><img decoding=\"async\" class=\"aligncenter size-full wp-image-3912\" src=\"https:\/\/www.vietcorp.com\/store\/wp-content\/uploads\/2023\/01\/thiet-bi-luu-tru-nas-Synology-ds223j-13.jpg\" alt=\"Thi\u1ebft b\u1ecb l\u01b0u tr\u1eef NAS Synology DS223J 7\" width=\"600\" height=\"298\" srcset=\"https:\/\/vietcorp.com\/store\/wp-content\/uploads\/2023\/01\/thiet-bi-luu-tru-nas-Synology-ds223j-13.jpg 600w, https:\/\/vietcorp.com\/store\/wp-content\/uploads\/2023\/01\/thiet-bi-luu-tru-nas-Synology-ds223j-13-400x199.jpg 400w, https:\/\/vietcorp.com\/store\/wp-content\/uploads\/2023\/01\/thiet-bi-luu-tru-nas-Synology-ds223j-13-367x182.jpg 367w\" sizes=\"(max-width: 600px) 100vw, 600px\" \/><\/p>\n<p style=\"text-align: center;\">\u0110\u1ed3ng b\u1ed9 c\u00e1c t\u1eadp tin gi\u1eefa n\u1ec1n t\u1ea3ng l\u01b0u tr\u1eef \u0111\u00e1m m\u00e2y ri\u00eang v\u00e0 \u0111\u00e1m m\u00e2y c\u00f4ng c\u1ed9ng, bao g\u1ed3m Google Drive, Dropbox, Microsoft OneDrive, v.v. v\u1edbi <a href=\"https:\/\/www.vietcorp.com\/store\/cloud-sync\/\">Synology Cloud Sync<\/a>. T\u1ea1o th\u00eam m\u1ed9t b\u1ea3n sao d\u1eef li\u1ec7u tr\u00ean \u0111\u00e1m m\u00e2y l\u01b0u trong NAS \u0111\u1ec3 qu\u1ea3n l\u00fd t\u1eadp trung v\u00e0 n\u1eafm quy\u1ec1n s\u1edf h\u1eefu d\u1eef li\u1ec7u.<\/p>\n<h3 style=\"text-align: center;\"><strong>\u0110\u1ea3m b\u1ea3o an to\u00e0n cho d\u1eef li\u1ec7u c\u1ee7a b\u1ea1n v\u1edbi Btrfs<\/strong><\/h3>\n<p style=\"text-align: center;\"><img decoding=\"async\" class=\"aligncenter size-full wp-image-3913\" src=\"https:\/\/www.vietcorp.com\/store\/wp-content\/uploads\/2023\/01\/thiet-bi-luu-tru-nas-Synology-ds223j-14.jpg\" alt=\"Thi\u1ebft b\u1ecb l\u01b0u tr\u1eef NAS Synology DS223J 8\" width=\"600\" height=\"322\" srcset=\"https:\/\/vietcorp.com\/store\/wp-content\/uploads\/2023\/01\/thiet-bi-luu-tru-nas-Synology-ds223j-14.jpg 600w, https:\/\/vietcorp.com\/store\/wp-content\/uploads\/2023\/01\/thiet-bi-luu-tru-nas-Synology-ds223j-14-400x215.jpg 400w, https:\/\/vietcorp.com\/store\/wp-content\/uploads\/2023\/01\/thiet-bi-luu-tru-nas-Synology-ds223j-14-367x197.jpg 367w\" sizes=\"(max-width: 600px) 100vw, 600px\" \/><\/p>\n<p style=\"text-align: center;\">H\u1ec7 th\u1ed1ng t\u1eadp tin Btrfs ti\u00ean ti\u1ebfn gi\u00fap b\u1ea3o v\u1ec7 d\u1eef li\u1ec7u kh\u1ecfi b\u1ecb h\u01b0 h\u1ecfng th\u00f4ng qua kh\u1ea3 n\u0103ng t\u1ef1 kh\u00f4i ph\u1ee5c t\u1eadp tin v\u00e0 cho ph\u00e9p \u0111\u1ea3o ng\u01b0\u1ee3c c\u00e1c thay \u0111\u1ed5i do v\u00f4 t\u00ecnh ho\u1eb7c c\u00f3 h\u1ea1i th\u00f4ng qua c\u00f4ng ngh\u1ec7 b\u1ea3n ghi nhanh.<\/p>\n<h3 style=\"text-align: center;\"><strong>L\u01b0u tr\u1eef, chia s\u1ebb v\u00e0 b\u1ea3o v\u1ec7<\/strong><\/h3>\n<p style=\"text-align: center;\">Thi\u1ebft l\u1eadp c\u1ea5u h\u00ecnh Synology DS223j \u0111\u1ec3 qu\u1ea3n l\u00fd t\u1ea5t c\u1ea3 t\u00e0i li\u1ec7u, \u1ea3nh v\u00e0 c\u00e1c t\u1eadp tin kh\u00e1c ho\u1eb7c b\u1ea3o v\u1ec7 t\u00e0i s\u1ea3n v\u1eadt ch\u1ea5t b\u1eb1ng h\u1ec7 th\u1ed1ng gi\u00e1m s\u00e1t video chuy\u00ean nghi\u1ec7p.<\/p>\n<p style=\"text-align: center;\"><strong>Qu\u1ea3n l\u00fd \u1ea3nh<\/strong><\/p>\n<p style=\"text-align: center;\"><strong>Qu\u1ea3n l\u00fd b\u1ed9 s\u01b0u t\u1eadp \u1ea3nh<\/strong><\/p>\n<p style=\"text-align: center;\"><img decoding=\"async\" class=\"aligncenter size-full wp-image-3914\" src=\"https:\/\/www.vietcorp.com\/store\/wp-content\/uploads\/2023\/01\/thiet-bi-luu-tru-nas-Synology-ds223j-15.jpg\" alt=\"Thi\u1ebft b\u1ecb l\u01b0u tr\u1eef NAS Synology DS223J 9\" width=\"600\" height=\"258\" srcset=\"https:\/\/vietcorp.com\/store\/wp-content\/uploads\/2023\/01\/thiet-bi-luu-tru-nas-Synology-ds223j-15.jpg 600w, https:\/\/vietcorp.com\/store\/wp-content\/uploads\/2023\/01\/thiet-bi-luu-tru-nas-Synology-ds223j-15-400x172.jpg 400w, https:\/\/vietcorp.com\/store\/wp-content\/uploads\/2023\/01\/thiet-bi-luu-tru-nas-Synology-ds223j-15-367x158.jpg 367w\" sizes=\"(max-width: 600px) 100vw, 600px\" \/><\/p>\n<p style=\"text-align: center;\">S\u1eafp x\u1ebfp \u1ea3nh v\u00e0 video b\u1eb1ng c\u00e1c t\u00ednh n\u0103ng th\u00f4ng minh v\u00e0 tr\u1ef1c quan. Xem album \u1ea3nh t\u1ea1o t\u1ef1 \u0111\u1ed9ng b\u1eb1ng c\u00e1ch s\u1eed d\u1ee5ng th\u00f4ng tin nh\u1eadn d\u1ea1ng khu\u00f4n m\u1eb7t, v\u1ecb tr\u00ed \u0111\u1ecba l\u00fd, g\u1eafn th\u1ebb, v.v.<\/p>\n<p style=\"text-align: center;\"><strong>Chia s\u1ebb an to\u00e0n v\u00e0 d\u1ec5 d\u00e0ng h\u01a1n<\/strong><\/p>\n<p style=\"text-align: center;\"><img decoding=\"async\" class=\"aligncenter size-full wp-image-3921\" src=\"https:\/\/www.vietcorp.com\/store\/wp-content\/uploads\/2023\/01\/thiet-bi-luu-tru-nas-Synology-ds223j-22.jpg\" alt=\"Thi\u1ebft b\u1ecb l\u01b0u tr\u1eef NAS Synology DS223J 10\" width=\"600\" height=\"372\" srcset=\"https:\/\/vietcorp.com\/store\/wp-content\/uploads\/2023\/01\/thiet-bi-luu-tru-nas-Synology-ds223j-22.jpg 600w, https:\/\/vietcorp.com\/store\/wp-content\/uploads\/2023\/01\/thiet-bi-luu-tru-nas-Synology-ds223j-22-400x248.jpg 400w, https:\/\/vietcorp.com\/store\/wp-content\/uploads\/2023\/01\/thiet-bi-luu-tru-nas-Synology-ds223j-22-367x228.jpg 367w\" sizes=\"(max-width: 600px) 100vw, 600px\" \/><\/p>\n<p style=\"text-align: center;\">Chia s\u1ebb ph\u01b0\u01a1ng ti\u1ec7n m\u1ed9t c\u00e1ch an to\u00e0n v\u1edbi \u0111\u1ed3ng nghi\u1ec7p ho\u1eb7c kh\u00e1ch h\u00e0ng, \u0111\u1ed3ng th\u1eddi t\u1eadn d\u1ee5ng c\u00e1c t\u00f9y ch\u1ecdn t\u1eadp trung v\u00e0o quy\u1ec1n ri\u00eang t\u01b0 \u0111\u1ec3 b\u1ea1n an t\u00e2m. C\u1ed9ng t\u00e1c v\u1edbi nh\u1eefng ng\u01b0\u1eddi d\u00f9ng \u0111\u00e3 ch\u1ecdn tr\u00ean th\u01b0 vi\u1ec7n ph\u01b0\u01a1ng ti\u1ec7n theo th\u01b0 m\u1ee5c b\u1eb1ng c\u00e1ch t\u1ea1o Kh\u00f4ng gian chia s\u1ebb.<\/p>\n<h3 style=\"text-align: center;\"><strong>B\u1ea3o v\u1ec7 d\u1eef li\u1ec7u<\/strong><\/h3>\n<p style=\"text-align: center;\"><strong>Sao l\u01b0u ph\u01b0\u01a1ng ti\u1ec7n t\u1ef1 \u0111\u1ed9ng<\/strong><\/p>\n<p style=\"text-align: center;\"><img decoding=\"async\" class=\"aligncenter size-full wp-image-3915\" src=\"https:\/\/www.vietcorp.com\/store\/wp-content\/uploads\/2023\/01\/thiet-bi-luu-tru-nas-Synology-ds223j-16.jpg\" alt=\"Thi\u1ebft b\u1ecb l\u01b0u tr\u1eef NAS Synology DS223J 11\" width=\"600\" height=\"399\" srcset=\"https:\/\/vietcorp.com\/store\/wp-content\/uploads\/2023\/01\/thiet-bi-luu-tru-nas-Synology-ds223j-16.jpg 600w, https:\/\/vietcorp.com\/store\/wp-content\/uploads\/2023\/01\/thiet-bi-luu-tru-nas-Synology-ds223j-16-400x266.jpg 400w, https:\/\/vietcorp.com\/store\/wp-content\/uploads\/2023\/01\/thiet-bi-luu-tru-nas-Synology-ds223j-16-367x244.jpg 367w\" sizes=\"(max-width: 600px) 100vw, 600px\" \/><\/p>\n<p style=\"text-align: center;\">T\u1ef1 \u0111\u1ed9ng t\u1ea3i \u1ea3nh v\u00e0 video quay tr\u00ean thi\u1ebft b\u1ecb di \u0111\u1ed9ng l\u00ean \u0111\u00e1m m\u00e2y ri\u00eang v\u1edbi <a href=\"https:\/\/www.vietcorp.com\/store\/synology-photos\/\">Synology Photos<\/a> ho\u1eb7c Synology Drive.<\/p>\n<p style=\"text-align: center;\"><strong>B\u1ea3o v\u1ec7 tr\u01b0\u1edbc c\u00e1c cu\u1ed9c t\u1ea5n c\u00f4ng m\u1ea1ng<\/strong><\/p>\n<p style=\"text-align: center;\"><img decoding=\"async\" class=\"aligncenter size-full wp-image-3916\" src=\"https:\/\/www.vietcorp.com\/store\/wp-content\/uploads\/2023\/01\/thiet-bi-luu-tru-nas-Synology-ds223j-17.jpg\" alt=\"Thi\u1ebft b\u1ecb l\u01b0u tr\u1eef NAS Synology DS223J 12\" width=\"600\" height=\"376\" srcset=\"https:\/\/vietcorp.com\/store\/wp-content\/uploads\/2023\/01\/thiet-bi-luu-tru-nas-Synology-ds223j-17.jpg 600w, https:\/\/vietcorp.com\/store\/wp-content\/uploads\/2023\/01\/thiet-bi-luu-tru-nas-Synology-ds223j-17-400x251.jpg 400w, https:\/\/vietcorp.com\/store\/wp-content\/uploads\/2023\/01\/thiet-bi-luu-tru-nas-Synology-ds223j-17-367x230.jpg 367w\" sizes=\"(max-width: 600px) 100vw, 600px\" \/><\/p>\n<p style=\"text-align: center;\">T\u1eadn d\u1ee5ng Synology Drive \u0111\u1ec3 b\u1ea3o v\u1ec7 d\u1eef li\u1ec7u kh\u1ecfi c\u00e1c cu\u1ed9c t\u1ea5n c\u00f4ng m\u00e3 \u0111\u1ed9c t\u1ed1ng ti\u1ec1n ho\u1eb7c x\u00f3a nh\u1ea7m b\u1eb1ng t\u00ednh n\u0103ng sao l\u01b0u theo th\u1eddi gian th\u1ef1c ho\u1eb7c theo l\u1ecbch tr\u00ecnh c\u00e1c th\u01b0 m\u1ee5c tr\u00ean PC.<\/p>\n<h3 style=\"text-align: center;\"><strong>Gi\u00e1m s\u00e1t an ninh<\/strong><\/h3>\n<p style=\"text-align: center;\"><strong>Kh\u1ea3 n\u0103ng t\u01b0\u01a1ng th\u00edch r\u1ed9ng<\/strong><\/p>\n<p style=\"text-align: center;\"><img decoding=\"async\" class=\"aligncenter size-full wp-image-3917\" src=\"https:\/\/www.vietcorp.com\/store\/wp-content\/uploads\/2023\/01\/thiet-bi-luu-tru-nas-Synology-ds223j-18.jpg\" alt=\"Thi\u1ebft b\u1ecb l\u01b0u tr\u1eef NAS Synology DS223J 13\" width=\"589\" height=\"347\" srcset=\"https:\/\/vietcorp.com\/store\/wp-content\/uploads\/2023\/01\/thiet-bi-luu-tru-nas-Synology-ds223j-18.jpg 589w, https:\/\/vietcorp.com\/store\/wp-content\/uploads\/2023\/01\/thiet-bi-luu-tru-nas-Synology-ds223j-18-400x236.jpg 400w, https:\/\/vietcorp.com\/store\/wp-content\/uploads\/2023\/01\/thiet-bi-luu-tru-nas-Synology-ds223j-18-367x216.jpg 367w\" sizes=\"(max-width: 589px) 100vw, 589px\" \/><\/p>\n<p style=\"text-align: center;\">Ch\u1ecdn trong h\u01a1n 8.300 camera IP ho\u1eb7c thi\u1ebft b\u1ecb ONVIF t\u01b0\u01a1ng th\u00edch v\u1edbi <a href=\"https:\/\/www.vietcorp.com\/store\/surveillance-station\/\">Synology Surveillance Station<\/a> \u0111\u1ec3 \u0111\u1ea3m b\u1ea3o an to\u00e0n cho c\u01a1 s\u1edf.<\/p>\n<p style=\"text-align: center;\"><strong>Truy c\u1eadp kh\u00f4ng gi\u1edbi h\u1ea1n<\/strong><\/p>\n<p style=\"text-align: center;\"><img decoding=\"async\" class=\"aligncenter size-full wp-image-3918\" src=\"https:\/\/www.vietcorp.com\/store\/wp-content\/uploads\/2023\/01\/thiet-bi-luu-tru-nas-Synology-ds223j-19.jpg\" alt=\"Thi\u1ebft b\u1ecb l\u01b0u tr\u1eef NAS Synology DS223J 14\" width=\"600\" height=\"371\" srcset=\"https:\/\/vietcorp.com\/store\/wp-content\/uploads\/2023\/01\/thiet-bi-luu-tru-nas-Synology-ds223j-19.jpg 600w, https:\/\/vietcorp.com\/store\/wp-content\/uploads\/2023\/01\/thiet-bi-luu-tru-nas-Synology-ds223j-19-400x247.jpg 400w, https:\/\/vietcorp.com\/store\/wp-content\/uploads\/2023\/01\/thiet-bi-luu-tru-nas-Synology-ds223j-19-367x227.jpg 367w\" sizes=\"(max-width: 600px) 100vw, 600px\" \/><\/p>\n<p style=\"text-align: center;\">Xem c\u00e1c lu\u1ed3ng camera tr\u1ef1c ti\u1ebfp th\u00f4ng qua tr\u00ecnh duy\u1ec7t web, \u1ee9ng d\u1ee5ng m\u00e1y t\u00ednh ho\u1eb7c \u1ee9ng d\u1ee5ng di \u0111\u1ed9ng. Nh\u1eadn th\u00f4ng b\u00e1o v\u1ec1 c\u00e1c s\u1ef1 ki\u1ec7n \u0111\u1ec3 h\u00e0nh \u0111\u1ed9ng ngay l\u1eadp t\u1ee9c.<\/p>\n<h3 style=\"text-align: center;\"><strong>Th\u00eam m\u1ed9t bi\u1ec7n ph\u00e1p b\u1ea3o v\u1ec7 b\u1ed5 sung<\/strong><\/h3>\n<p style=\"text-align: center;\"><strong>Th\u1ef1c hi\u1ec7n sao l\u01b0u to\u00e0n b\u1ed9 h\u1ec7 th\u1ed1ng Synology<\/strong><\/p>\n<p style=\"text-align: center;\"><img decoding=\"async\" class=\"aligncenter size-full wp-image-3919\" src=\"https:\/\/www.vietcorp.com\/store\/wp-content\/uploads\/2023\/01\/thiet-bi-luu-tru-nas-Synology-ds223j-20.jpg\" alt=\"Thi\u1ebft b\u1ecb l\u01b0u tr\u1eef NAS Synology DS223J 15\" width=\"600\" height=\"375\" srcset=\"https:\/\/vietcorp.com\/store\/wp-content\/uploads\/2023\/01\/thiet-bi-luu-tru-nas-Synology-ds223j-20.jpg 600w, https:\/\/vietcorp.com\/store\/wp-content\/uploads\/2023\/01\/thiet-bi-luu-tru-nas-Synology-ds223j-20-400x250.jpg 400w, https:\/\/vietcorp.com\/store\/wp-content\/uploads\/2023\/01\/thiet-bi-luu-tru-nas-Synology-ds223j-20-367x229.jpg 367w\" sizes=\"(max-width: 600px) 100vw, 600px\" \/><\/p>\n<p style=\"text-align: center;\">Sao l\u01b0u to\u00e0n b\u1ed9 thi\u1ebft b\u1ecb Synology, bao g\u1ed3m c\u00e0i \u0111\u1eb7t h\u1ec7 th\u1ed1ng v\u00e0 \u1ee9ng d\u1ee5ng ho\u1eb7c ch\u1ecdn c\u00e1c th\u01b0 m\u1ee5c c\u1ee5 th\u1ec3. Chuy\u1ec3n t\u1ea5t c\u1ea3 d\u1eef li\u1ec7u sao l\u01b0u sang nhi\u1ec1u \u0111\u00edch b\u1eb1ng c\u00e1ch s\u1eed d\u1ee5ng <a href=\"https:\/\/www.vietcorp.com\/store\/hyper-backup\/\">Hyper Backup<\/a>.<\/p>\n<p style=\"text-align: center;\"><strong>\u0110\u1ea3m b\u1ea3o d\u1eef li\u1ec7u an to\u00e0n v\u1edbi b\u1ea3n ghi nhanh<\/strong><\/p>\n<p style=\"text-align: center;\"><img decoding=\"async\" class=\"aligncenter size-full wp-image-3922\" src=\"https:\/\/www.vietcorp.com\/store\/wp-content\/uploads\/2023\/01\/thiet-bi-luu-tru-nas-Synology-ds223j-23.jpg\" alt=\"Thi\u1ebft b\u1ecb l\u01b0u tr\u1eef NAS Synology DS223J 16\" width=\"600\" height=\"386\" srcset=\"https:\/\/vietcorp.com\/store\/wp-content\/uploads\/2023\/01\/thiet-bi-luu-tru-nas-Synology-ds223j-23.jpg 600w, https:\/\/vietcorp.com\/store\/wp-content\/uploads\/2023\/01\/thiet-bi-luu-tru-nas-Synology-ds223j-23-400x257.jpg 400w, https:\/\/vietcorp.com\/store\/wp-content\/uploads\/2023\/01\/thiet-bi-luu-tru-nas-Synology-ds223j-23-367x236.jpg 367w\" sizes=\"(max-width: 600px) 100vw, 600px\" \/><\/p>\n<p style=\"text-align: center;\">\u0110\u01b0a kh\u1ea3 n\u0103ng b\u1ea3o v\u1ec7 d\u1eef li\u1ec7u l\u00ean m\u1ed9t t\u1ea7m cao m\u1edbi b\u1eb1ng c\u00e1ch t\u1ea1o b\u1ea3n ghi nhanh t\u1ea1m th\u1eddi t\u1ef1 \u0111\u1ed9ng c\u1ee7a c\u00e1c th\u01b0 m\u1ee5c chia s\u1ebb, c\u00f3 th\u1ec3 \u0111\u01b0\u1ee3c sao ch\u00e9p ra ngo\u00e0i c\u01a1 s\u1edf v\u00e0 kh\u00f4i ph\u1ee5c nhanh b\u1eb1ng t\u00ednh n\u0103ng <a href=\"https:\/\/www.vietcorp.com\/store\/snapshot-replication\/\">Snapshot Replication<\/a>.<\/p>\n<p style=\"text-align: center;\"><strong>C\u1ea5u t\u1ea1o b\u1ec1 ngo\u00e0i NAS Synology DS223J<\/strong><\/p>\n<p><img decoding=\"async\" class=\"aligncenter size-full wp-image-3920\" src=\"https:\/\/www.vietcorp.com\/store\/wp-content\/uploads\/2023\/01\/thiet-bi-luu-tru-nas-Synology-ds223j-21.jpg\" alt=\"Thi\u1ebft b\u1ecb l\u01b0u tr\u1eef NAS Synology DS223J 17\" width=\"1024\" height=\"434\" srcset=\"https:\/\/vietcorp.com\/store\/wp-content\/uploads\/2023\/01\/thiet-bi-luu-tru-nas-Synology-ds223j-21.jpg 1024w, https:\/\/vietcorp.com\/store\/wp-content\/uploads\/2023\/01\/thiet-bi-luu-tru-nas-Synology-ds223j-21-600x254.jpg 600w, https:\/\/vietcorp.com\/store\/wp-content\/uploads\/2023\/01\/thiet-bi-luu-tru-nas-Synology-ds223j-21-768x326.jpg 768w, https:\/\/vietcorp.com\/store\/wp-content\/uploads\/2023\/01\/thiet-bi-luu-tru-nas-Synology-ds223j-21-640x271.jpg 640w, https:\/\/vietcorp.com\/store\/wp-content\/uploads\/2023\/01\/thiet-bi-luu-tru-nas-Synology-ds223j-21-400x170.jpg 400w, https:\/\/vietcorp.com\/store\/wp-content\/uploads\/2023\/01\/thiet-bi-luu-tru-nas-Synology-ds223j-21-367x156.jpg 367w\" sizes=\"(max-width: 1024px) 100vw, 1024px\" \/><\/p>\n<p><center><iframe loading=\"lazy\" title=\"YouTube video player\" src=\"https:\/\/www.youtube.com\/embed\/1XlB-_beESE?si=UtCfWxaW99dcqzDk\" width=\"560\" height=\"315\" frameborder=\"0\" allowfullscreen=\"allowfullscreen\"><\/iframe><\/center>Xem th\u00eam:<\/p>\n<ul>\n<li><a href=\"https:\/\/www.vietcorp.com\/store\/chung-nhan-synology\/\">Ch\u1ee9ng nh\u1eadn Synology<\/a><\/li>\n<li><a href=\"https:\/\/vietcorp.com\/support\/synology\/\">Support Synology<\/a><\/li>\n<li><a href=\"https:\/\/www.vietcorp.com\/blog\/tag\/showcase-synology\/\">Showcase Synology<\/a><\/li>\n<\/ul>\n<p>&nbsp;<\/p>\n","protected":false},"excerpt":{"rendered":"<p>Thi\u1ebft b\u1ecb l\u01b0u tr\u1eef NAS Synology DS223j<br \/>\nNAS 2 khay \u1ed5 \u0111\u0129a<br \/>\n1 GB DDR4 non-ECC<br \/>\n1 x 1GbE RJ-45<br \/>\nB\u1ea3o h\u00e0nh 24 th\u00e1ng<\/p>\n","protected":false},"featured_media":7117,"template":"","meta":[],"product_brand":[],"product_cat":[15],"product_tag":[16,431,53,17,432,52,23,433],"class_list":{"0":"post-3827","1":"product","2":"type-product","3":"status-publish","4":"has-post-thumbnail","6":"product_cat-nas","7":"product_tag-diskstation","8":"product_tag-ds223j","9":"product_tag-nas","10":"product_tag-nas-2-bay","11":"product_tag-nas-ds223j","12":"product_tag-nas-synology","13":"product_tag-synology","14":"product_tag-synology-ds223j","15":"pa_thuong-hieu-synology","17":"first","18":"instock","19":"taxable","20":"shipping-taxable","21":"product-type-simple"},"_links":{"self":[{"href":"https:\/\/vietcorp.com\/store\/wp-json\/wp\/v2\/product\/3827","targetHints":{"allow":["GET"]}}],"collection":[{"href":"https:\/\/vietcorp.com\/store\/wp-json\/wp\/v2\/product"}],"about":[{"href":"https:\/\/vietcorp.com\/store\/wp-json\/wp\/v2\/types\/product"}],"wp:featuredmedia":[{"embeddable":true,"href":"https:\/\/vietcorp.com\/store\/wp-json\/wp\/v2\/media\/7117"}],"wp:attachment":[{"href":"https:\/\/vietcorp.com\/store\/wp-json\/wp\/v2\/media?parent=3827"}],"wp:term":[{"taxonomy":"product_brand","embeddable":true,"href":"https:\/\/vietcorp.com\/store\/wp-json\/wp\/v2\/product_brand?post=3827"},{"taxonomy":"product_cat","embeddable":true,"href":"https:\/\/vietcorp.com\/store\/wp-json\/wp\/v2\/product_cat?post=3827"},{"taxonomy":"product_tag","embeddable":true,"href":"https:\/\/vietcorp.com\/store\/wp-json\/wp\/v2\/product_tag?post=3827"}],"curies":[{"name":"wp","href":"https:\/\/api.w.org\/{rel}","templated":true}]}}