


{"id":379,"date":"2020-11-03T10:56:01","date_gmt":"2020-11-03T03:56:01","guid":{"rendered":"https:\/\/www.vietcorp.com\/store\/product\/ncomputing-ex400\/"},"modified":"2024-01-18T16:34:23","modified_gmt":"2024-01-18T09:34:23","slug":"ncomputing-ex400","status":"publish","type":"product","link":"https:\/\/vietcorp.com\/store\/379\/ncomputing-ex400\/","title":{"rendered":"NComputing EX400"},"content":{"rendered":"<h2 style=\"text-align: center;\"><span style=\"color: #0000ff;\"><strong>THIN CLIENT<\/strong><strong> S\u1eb4N S\u00c0NG CHO DOANH NGHI\u1ec6P CHO TRI\u1ec2N KHAI CITRIX, VMWARE HO\u1eb6C MICROSOFT RDS<\/strong><\/span><\/h2>\n<p><strong>Thin client <a href=\"https:\/\/www.vietcorp.com\/store\/379\/ncomputing-ex400\/\">NComputing EX400<\/a><\/strong> \u0111\u01b0\u1ee3c x\u00e2y d\u1ef1ng tr\u00ean ki\u1ebfn \u200b\u200btr\u00fac CPU Intel x86 t\u1ed1i \u01b0u h\u00f3a ho\u00e0n to\u00e0n cho nhi\u1ec1u n\u1ec1n t\u1ea3ng \u1ea3o h\u00f3a mang l\u1ea1i hi\u1ec7u su\u1ea5t v\u00e0 gi\u00e1 tr\u1ecb v\u01b0\u1ee3t tr\u1ed9i. V\u1edbi ph\u1ea7n m\u1ec1m qu\u1ea3n l\u00fd thi\u1ebft b\u1ecb c\u1ea5p doanh nghi\u1ec7p, t\u00edch h\u1ee3p\u00a0 h\u1ec7 th\u1ed1ng m\u1ea1ng gigabit v\u00e0 m\u00f4-\u0111un WiFi t\u00f9y ch\u1ecdn, thin client EX400 cung c\u1ea5p gi\u1ea3i ph\u00e1p \u1ea3o h\u00f3a m\u00e1y t\u00ednh \u0111\u1ec3 b\u00e0n.<\/p>\n<div class=\"one-third\">\n<ul class=\"listUP\">\n<li>M\u00e0n h\u00ecnh k\u00e9p h\u1ed7 tr\u1ee3 \u0111\u1ed9 ph\u00e2n gi\u1ea3i l\u00ean \u0111\u1ebfn 4K Ultra HD<\/li>\n<li>\u0110\u01b0\u1ee3c t\u1ed1i \u01b0u h\u00f3a cho Citrix HDX (\u1ee8ng d\u1ee5ng \u1ea3o v\u00e0 M\u00e1y t\u00ednh \u0111\u1ec3 b\u00e0n) v\u00e0 VMware Horizon View (Blast Extreme, PCoIP, RDP)<\/li>\n<li>T\u00edch h\u1ee3p qu\u1ea3n l\u00fd thi\u1ebft b\u1ecb trung t\u00e2m c\u1ea5p doanh nghi\u1ec7p<\/li>\n<\/ul>\n<\/div>\n<div class=\"one-third\">\n<ul class=\"listUP\">\n<li>Tr\u00ecnh duy\u1ec7t Firefox v\u00e0 Chromium c\u1ee5c b\u1ed9;\u00a0\u0111\u01b0\u1ee3c cung c\u1ea5p v\u00e0 qu\u1ea3n l\u00fd b\u1edfi ph\u1ea7n m\u1ec1m qu\u1ea3n l\u00fd thi\u1ebft b\u1ecb<\/li>\n<li>\u0110\u01b0\u1ee3c t\u1ed1i \u01b0u h\u00f3a cho Skype for Business tho\u1ea1i v\u00e0 video<\/li>\n<li>H\u1ed7 tr\u1ee3 kh\u1ed1i l\u01b0\u1ee3ng c\u00f4ng vi\u1ec7c 3D cho c\u00e1c \u1ee9ng d\u1ee5ng \u0111\u1ed3 h\u1ecda chuy\u00ean s\u00e2u<\/li>\n<\/ul>\n<\/div>\n<div class=\"one-third last\">\n<ul class=\"listUP\">\n<li>H\u1ed7 tr\u1ee3 802.1x (PEAP, EAP-TLS, EAP-TTLS)<\/li>\n<li>T\u01b0\u01a1ng th\u00edch Imprivata v\u00e0 Caradigm<\/li>\n<\/ul>\n<h2><span style=\"color: #0000ff;\"><strong><img decoding=\"async\" class=\"alignnone wp-image-1238 size-full\" src=\"https:\/\/vietcorp.com\/store\/wp-content\/uploads\/2020\/11\/cloudpc-ncomputing-EX400-Dual-Monitor-vietcorp.png\" alt=\"NComputing EX400 1\" width=\"1878\" height=\"1076\" srcset=\"https:\/\/vietcorp.com\/store\/wp-content\/uploads\/2020\/11\/cloudpc-ncomputing-EX400-Dual-Monitor-vietcorp.png?v=1668220420 1878w, https:\/\/vietcorp.com\/store\/wp-content\/uploads\/2020\/11\/cloudpc-ncomputing-EX400-Dual-Monitor-vietcorp-600x344.png?v=1668220420 600w, https:\/\/vietcorp.com\/store\/wp-content\/uploads\/2020\/11\/cloudpc-ncomputing-EX400-Dual-Monitor-vietcorp-1024x587.png?v=1668220420 1024w, https:\/\/vietcorp.com\/store\/wp-content\/uploads\/2020\/11\/cloudpc-ncomputing-EX400-Dual-Monitor-vietcorp-768x440.png?v=1668220420 768w, https:\/\/vietcorp.com\/store\/wp-content\/uploads\/2020\/11\/cloudpc-ncomputing-EX400-Dual-Monitor-vietcorp-1536x880.png?v=1668220420 1536w, https:\/\/vietcorp.com\/store\/wp-content\/uploads\/2020\/11\/cloudpc-ncomputing-EX400-Dual-Monitor-vietcorp-640x367.png?v=1668220420 640w, https:\/\/vietcorp.com\/store\/wp-content\/uploads\/2020\/11\/cloudpc-ncomputing-EX400-Dual-Monitor-vietcorp-400x229.png?v=1668220420 400w, https:\/\/vietcorp.com\/store\/wp-content\/uploads\/2020\/11\/cloudpc-ncomputing-EX400-Dual-Monitor-vietcorp-367x210.png?v=1668220420 367w\" sizes=\"(max-width: 1878px) 100vw, 1878px\" \/><\/strong><\/span><\/h2>\n<h2><span style=\"color: #0000ff;\"><strong>H\u1ed6 TR\u1ee2 4K ULTRA HD, M\u00c0N H\u00ccNH K\u00c9P<\/strong><\/span><\/h2>\n<p><span style=\"color: #000000;\">\u0110\u01b0\u1ee3c h\u1ed7 tr\u1ee3 b\u1edfi ki\u1ebfn \u200b\u200btr\u00fac CPU Intel x86 (Intel Celeron N3060 dual-core 1.6Ghz v\u1edbi t\u1ea7n s\u1ed1 l\u00ean \u0111\u1ebfn 2.48Ghz) v\u00e0 H\u1ec7 \u0111i\u1ec1u h\u00e0nh NoTouch, EX400 cung c\u1ea5p c\u00e1c kh\u1ea3 n\u0103ng \u0111a ph\u01b0\u01a1ng ti\u1ec7n \u0111\u1eb7c bi\u1ec7t \u0111\u01b0\u1ee3c y\u00eau c\u1ea7u b\u1edfi nh\u00e2n vi\u00ean, cung c\u1ea5p \u0111\u1ed9 ph\u00e2n gi\u1ea3i l\u00ean \u0111\u1ebfn 4K Ultra HD (3840&#215;2160) tr\u00ean m\u1ed9t m\u00e0n h\u00ecnh k\u00e9p. <strong>Thin client <a href=\"https:\/\/www.vietcorp.com\/store\/ncomputing\/\">NComputing<\/a> EX400<\/strong> c\u00f3 kh\u1ea3 n\u0103ng hi\u1ec3n th\u1ecb k\u00e9p th\u00f4ng qua s\u1ef1 k\u1ebft h\u1ee3p c\u1ee7a m\u1ed9t DisplayPort v\u00e0 m\u1ed9t c\u1ed5ng HDMI.\u00a0<\/span><\/p>\n<table>\n<tbody>\n<tr>\n<td><img decoding=\"async\" class=\"size-full wp-image-1231 aligncenter\" src=\"https:\/\/vietcorp.com\/store\/wp-content\/uploads\/2020\/11\/cloudpc-ncomputing-citrix-vietcorp.png\" alt=\"NComputing EX400 2\" width=\"266\" height=\"110\" \/><\/p>\n<p style=\"text-align: center;\"><strong>T\u1ed0I \u01afU CHO CITRIX HDX<\/strong><\/p>\n<\/td>\n<td><img decoding=\"async\" class=\"size-medium wp-image-1232 aligncenter\" src=\"https:\/\/vietcorp.com\/store\/wp-content\/uploads\/2020\/11\/cloudpc-ncomputing-vmware-vietcorp-300x67.png\" alt=\"NComputing EX400 3\" width=\"300\" height=\"67\" \/><\/p>\n<p style=\"text-align: center;\"><strong>T\u1ed0I \u01afU H\u00d3A CHO CH\u1ebe \u0110\u1ed8 XEM NG\u1ee6 C\u1ee6A VMWARE<\/strong><\/p>\n<\/td>\n<\/tr>\n<tr>\n<td><strong>Thin client EX400<\/strong> cung c\u1ea5p c\u00e1c kh\u1ea3 n\u0103ng \u0111a ph\u01b0\u01a1ng ti\u1ec7n \u0111\u1eb7c bi\u1ec7t cho c\u1ea3 \u1ee9ng d\u1ee5ng \u1ea3o Citrix v\u00e0 m\u00e1y t\u00ednh \u0111\u1ec3 b\u00e0n \u0111\u01b0\u1ee3c y\u00eau c\u1ea7u b\u1edfi nh\u1eefng ng\u01b0\u1eddi am hi\u1ec3u v\u1edbi \u0111\u1ed9 ph\u00e2n gi\u1ea3i l\u00ean \u0111\u1ebfn 4K Ultra HD. K\u1ebft h\u1ee3p k\u1ebft xu\u1ea5t to\u00e0n b\u1ed9 ph\u00eda m\u00e1y kh\u00e1ch, EX400 h\u1ed7 tr\u1ee3 gi\u1ea3m t\u1ea3i GPU v\u00e0 Chuy\u1ec3n h\u01b0\u1edbng n\u1ed9i dung tr\u00ecnh duy\u1ec7t Citrix (BCR) mang l\u1ea1i tr\u1ea3i nghi\u1ec7m ng\u01b0\u1eddi d\u00f9ng tuy\u1ec7t v\u1eddi.<\/td>\n<td><strong>Thin client EX400<\/strong> k\u1ebft h\u1ee3p k\u1ebft xu\u1ea5t ph\u00eda m\u00e1y kh\u00e1ch VMware Blast Extreme, t\u1eadn d\u1ee5ng gi\u1ea3i m\u00e3 ph\u1ea7n c\u1ee9ng H.264 g\u1ed1c \u0111\u1ec3 ph\u00e1t l\u1ea1i n\u1ed9i dung video hi\u1ec7u qu\u1ea3 v\u00e0 gi\u1ea3m t\u1ea3i c\u00e1c t\u00e1c v\u1ee5 CPU ph\u00eda m\u00e1y ch\u1ee7. Giao th\u1ee9c PCoIP hi\u1ec7u su\u1ea5t cao c\u0169ng \u0111\u01b0\u1ee3c h\u1ed7 tr\u1ee3 \u0111\u1ec3 mang l\u1ea1i tr\u1ea3i nghi\u1ec7m m\u00e1y t\u00ednh \u0111\u1ec3 b\u00e0n \u0111\u01b0\u1ee3c t\u1ed1i \u01b0u h\u00f3a.<\/td>\n<\/tr>\n<\/tbody>\n<\/table>\n<h2 style=\"text-align: center;\"><span style=\"color: #0000ff;\"><strong>T\u00cdCH H\u1ee2P AN NINH V\u00c0 KH\u1ea2 N\u0102NG QU\u1ea2N L\u00dd C\u1ea4P DOANH NGHI\u1ec6P<\/strong><\/span><\/h2>\n<p><img decoding=\"async\" class=\"alignnone wp-image-1233 size-full\" src=\"https:\/\/vietcorp.com\/store\/wp-content\/uploads\/2020\/11\/cloudpc-ncomputing-EXseries_architecture-vietcorp.png\" alt=\"NComputing EX400 4\" width=\"4000\" height=\"938\" srcset=\"https:\/\/vietcorp.com\/store\/wp-content\/uploads\/2020\/11\/cloudpc-ncomputing-EXseries_architecture-vietcorp.png?v=1668220425 4000w, https:\/\/vietcorp.com\/store\/wp-content\/uploads\/2020\/11\/cloudpc-ncomputing-EXseries_architecture-vietcorp-600x141.png?v=1668220425 600w, https:\/\/vietcorp.com\/store\/wp-content\/uploads\/2020\/11\/cloudpc-ncomputing-EXseries_architecture-vietcorp-1024x240.png?v=1668220425 1024w, https:\/\/vietcorp.com\/store\/wp-content\/uploads\/2020\/11\/cloudpc-ncomputing-EXseries_architecture-vietcorp-768x180.png?v=1668220425 768w, https:\/\/vietcorp.com\/store\/wp-content\/uploads\/2020\/11\/cloudpc-ncomputing-EXseries_architecture-vietcorp-1536x360.png?v=1668220425 1536w, https:\/\/vietcorp.com\/store\/wp-content\/uploads\/2020\/11\/cloudpc-ncomputing-EXseries_architecture-vietcorp-2048x480.png?v=1668220425 2048w, https:\/\/vietcorp.com\/store\/wp-content\/uploads\/2020\/11\/cloudpc-ncomputing-EXseries_architecture-vietcorp-640x150.png?v=1668220425 640w, https:\/\/vietcorp.com\/store\/wp-content\/uploads\/2020\/11\/cloudpc-ncomputing-EXseries_architecture-vietcorp-400x94.png?v=1668220425 400w, https:\/\/vietcorp.com\/store\/wp-content\/uploads\/2020\/11\/cloudpc-ncomputing-EXseries_architecture-vietcorp-367x86.png?v=1668220425 367w\" sizes=\"(max-width: 4000px) 100vw, 4000px\" \/><\/p>\n<p><strong>Thin client EX400<\/strong> t\u00edch h\u1ee3p ph\u1ea7n m\u1ec1m qu\u1ea3n l\u00fd thi\u1ebft b\u1ecb \u0111\u01b0\u1ee3c ph\u00e1t tri\u1ec3n \u0111\u1eb7c bi\u1ec7t cho kh\u00e1ch h\u00e0ng doanh nghi\u1ec7p, c\u00f3 th\u1ec3 m\u1edf r\u1ed9ng linh ho\u1ea1t v\u00e0 d\u1ec5 s\u1eed d\u1ee5ng cho c\u00e1c thi\u1ebft b\u1ecb NComputing bao g\u1ed3m thi\u1ebft b\u1ecb EX400 v\u00e0 RX-HDX.<\/p>\n<p>Qu\u1ea3n tr\u1ecb vi\u00ean truy c\u1eadp v\u00e0 qu\u1ea3n l\u00fd t\u1ea5t c\u1ea3 c\u00e1c thi\u1ebft b\u1ecb EX400 v\u00e0 RX-HDX t\u1eeb m\u1ed9t v\u1ecb tr\u00ed duy nh\u1ea5t, b\u1ea5t k\u1ec3 quy m\u00f4 ho\u1eb7c s\u1ed1 l\u01b0\u1ee3ng \u0111\u1ecba \u0111i\u1ec3m tri\u1ec3n khai, ch\u00fang gi\u1ea3m \u0111\u00e1ng k\u1ec3 chi ph\u00ed qu\u1ea3n tr\u1ecb c\u1ea7n thi\u1ebft \u0111\u1ec3 duy tr\u00ec v\u00e0 ki\u1ec3m so\u00e1t m\u00f4i tr\u01b0\u1eddng c\u1ee7a ch\u00fang.<\/p>\n<p>&nbsp;<\/p>\n<\/div>\n<table>\n<tbody>\n<tr>\n<td>&nbsp;<\/p>\n<p style=\"text-align: center;\"><strong>SKYPE T\u1ed0I \u01afU H\u00d3A CHO DOANH NGHI\u1ec6P<\/strong><\/p>\n<p>Mang \u0111\u1ebfn h\u1ed9i ngh\u1ecb \u00e2m thanh-video \u0111\u1ed9 n\u00e9t cao r\u00f5 r\u00e0ng, s\u1eafc n\u00e9t h\u1ed7 tr\u1ee3 Citrix HDX Real-Time Media Engine.<\/p>\n<p>Ng\u01b0\u1eddi d\u00f9ng c\u00f3 th\u1ec3 tham gia li\u1ec1n m\u1ea1ch v\u00e0o c\u00e1c cu\u1ed9c g\u1ecdi \u00e2m thanh-video ho\u1eb7c ch\u1ec9 \u00e2m thanh \u0111\u1ebfn v\u00e0 \u0111i t\u1eeb nh\u1eefng ng\u01b0\u1eddi d\u00f9ng Citrix HDX RealTime Media Engine kh\u00e1c, Skype for Business cho h\u1ec7 th\u1ed1ng ph\u00f2ng h\u1ecdp h\u1ed9i ngh\u1ecb v\u00e0 video d\u1ef1a tr\u00ean ti\u00eau chu\u1ea9n.<\/td>\n<td><img decoding=\"async\" class=\"alignnone wp-image-1239 size-full\" src=\"https:\/\/vietcorp.com\/store\/wp-content\/uploads\/2020\/11\/cloudpc-ncomputing-skype-vietcorp.png\" alt=\"NComputing EX400 5\" width=\"1311\" height=\"786\" srcset=\"https:\/\/vietcorp.com\/store\/wp-content\/uploads\/2020\/11\/cloudpc-ncomputing-skype-vietcorp.png?v=1668220413 1311w, https:\/\/vietcorp.com\/store\/wp-content\/uploads\/2020\/11\/cloudpc-ncomputing-skype-vietcorp-600x360.png?v=1668220413 600w, https:\/\/vietcorp.com\/store\/wp-content\/uploads\/2020\/11\/cloudpc-ncomputing-skype-vietcorp-1024x614.png?v=1668220413 1024w, https:\/\/vietcorp.com\/store\/wp-content\/uploads\/2020\/11\/cloudpc-ncomputing-skype-vietcorp-768x460.png?v=1668220413 768w, https:\/\/vietcorp.com\/store\/wp-content\/uploads\/2020\/11\/cloudpc-ncomputing-skype-vietcorp-640x384.png?v=1668220413 640w, https:\/\/vietcorp.com\/store\/wp-content\/uploads\/2020\/11\/cloudpc-ncomputing-skype-vietcorp-400x240.png?v=1668220413 400w, https:\/\/vietcorp.com\/store\/wp-content\/uploads\/2020\/11\/cloudpc-ncomputing-skype-vietcorp-367x220.png?v=1668220413 367w\" sizes=\"(max-width: 1311px) 100vw, 1311px\" \/><\/td>\n<\/tr>\n<\/tbody>\n<\/table>\n<p>&nbsp;<\/p>\n<table>\n<tbody>\n<tr>\n<td><img decoding=\"async\" class=\"alignnone wp-image-1242 size-full\" src=\"https:\/\/vietcorp.com\/store\/wp-content\/uploads\/2020\/11\/cloudpc-ncomputing-EX400_Front-right-narrow-vietcorp.png\" alt=\"NComputing EX400 6\" width=\"576\" height=\"1047\" srcset=\"https:\/\/vietcorp.com\/store\/wp-content\/uploads\/2020\/11\/cloudpc-ncomputing-EX400_Front-right-narrow-vietcorp.png?v=1668220406 576w, https:\/\/vietcorp.com\/store\/wp-content\/uploads\/2020\/11\/cloudpc-ncomputing-EX400_Front-right-narrow-vietcorp-563x1024.png?v=1668220406 563w, https:\/\/vietcorp.com\/store\/wp-content\/uploads\/2020\/11\/cloudpc-ncomputing-EX400_Front-right-narrow-vietcorp-400x727.png?v=1668220406 400w, https:\/\/vietcorp.com\/store\/wp-content\/uploads\/2020\/11\/cloudpc-ncomputing-EX400_Front-right-narrow-vietcorp-367x667.png?v=1668220406 367w\" sizes=\"(max-width: 576px) 100vw, 576px\" \/><\/td>\n<td>\n<h2 style=\"text-align: center;\"><span style=\"color: #0000ff;\"><strong>BROAD H\u1ed6 TR\u1ee2 USB<\/strong><\/span><\/h2>\n<p><strong>Thin client EX400<\/strong> cho ph\u00e9p chuy\u1ec3n h\u01b0\u1edbng trong su\u1ed1t c\u00e1c thi\u1ebft b\u1ecb ngo\u1ea1i vi USB (v\u00e0 h\u1ed7 tr\u1ee3 tr\u00ecnh \u0111i\u1ec1u khi\u1ec3n x86) \u0111\u1ec3 l\u01b0u tr\u1eef thi\u1ebft b\u1ecb, m\u00e1y in, m\u00e1y qu\u00e9t, \u0111\u1ea7u \u0111\u1ecdc th\u1ebb, tai nghe ho\u1eb7c loa, webcam, c\u1ed5ng COM, b\u00e0n ph\u00edm v\u00e0 chu\u1ed9t ti\u00eau chu\u1ea9n. M\u00e1y in k\u1ebft n\u1ed1i m\u1ea1ng c\u0169ng c\u00f3 th\u1ec3 \u0111\u01b0\u1ee3c chuy\u1ec3n h\u01b0\u1edbng \u0111\u1ebfn Citrix v\u00e0 VMware.<\/p>\n<p><img decoding=\"async\" class=\"wp-image-1243 size-full aligncenter\" src=\"https:\/\/vietcorp.com\/store\/wp-content\/uploads\/2020\/11\/cloudpc-ncomputing-board-usb-vietcorp.png\" alt=\"NComputing EX400 7\" width=\"401\" height=\"177\" srcset=\"https:\/\/vietcorp.com\/store\/wp-content\/uploads\/2020\/11\/cloudpc-ncomputing-board-usb-vietcorp.png?v=1668220402 401w, https:\/\/vietcorp.com\/store\/wp-content\/uploads\/2020\/11\/cloudpc-ncomputing-board-usb-vietcorp-367x162.png?v=1668220402 367w\" sizes=\"(max-width: 401px) 100vw, 401px\" \/><\/td>\n<\/tr>\n<\/tbody>\n<\/table>\n<p>Xem th\u00eam th\u00f4ng tin h\u1ed7 tr\u1ee3 cho\u00a0<strong>thi\u1ebft b\u1ecb NComputing EX400<\/strong><\/p>\n<ul>\n<li><a href=\"https:\/\/www.vietcorp.com\/support\/ncomputing\/\">H\u1ed7 tr\u1ee3 NComputing<\/a><\/li>\n<li><a href=\"https:\/\/vietcorp.com\/blog\/tag\/tin-tuc-ncomputing\">Tin t\u1ee9c NComputing<\/a><\/li>\n<li><a href=\"https:\/\/vietcorp.com\/blog\/tag\/gioi-thieu-san-pham-ncomputing\">Gi\u1edbi thi\u1ec7u s\u1ea3n ph\u1ea9m NComputing<\/a><\/li>\n<\/ul>\n","protected":false},"excerpt":{"rendered":"<p>Support Citrix and Virtual app Horizon<br \/>\n1x HDMI and 1x DisplayPort<br \/>\nEthernet 1Gbs<br \/>\nDC 12V\/2A<br \/>\nB\u1ea3o h\u00e0nh 12 th\u00e1ng<\/p>\n","protected":false},"featured_media":2947,"template":"","meta":[],"product_brand":[],"product_cat":[337],"product_tag":[],"class_list":{"0":"post-379","1":"product","2":"type-product","3":"status-publish","4":"has-post-thumbnail","6":"product_cat-san-pham-ngung-kinh-doanh","7":"pa_bao-hanh-12-thang","8":"pa_chung-loai-thin-clients","9":"pa_cong-giao-tiep-1-x-displayport","10":"pa_cong-giao-tiep-1-x-hdmi","11":"pa_cong-giao-tiep-1-x-rj45-10-100-mbps","12":"pa_cong-giao-tiep-2-x-usb-3-0","13":"pa_cong-giao-tiep-3-x-usb-2-0","14":"pa_form-factor-thin-clients","15":"pa_muc-dich-su-dung-danh-cho-doanh-nghiep-lon","16":"pa_muc-dich-su-dung-danh-cho-doanh-nghiep-nho","17":"pa_muc-dich-su-dung-danh-cho-doanh-nghiep-vua","18":"pa_thuong-hieu-ncomputing","19":"pa_tinh-nang-phan-mem-linux-vdi","20":"pa_tinh-nang-phan-mem-windows-vdi","22":"first","23":"outofstock","24":"taxable","25":"shipping-taxable","26":"purchasable","27":"product-type-simple"},"_links":{"self":[{"href":"https:\/\/vietcorp.com\/store\/wp-json\/wp\/v2\/product\/379","targetHints":{"allow":["GET"]}}],"collection":[{"href":"https:\/\/vietcorp.com\/store\/wp-json\/wp\/v2\/product"}],"about":[{"href":"https:\/\/vietcorp.com\/store\/wp-json\/wp\/v2\/types\/product"}],"wp:featuredmedia":[{"embeddable":true,"href":"https:\/\/vietcorp.com\/store\/wp-json\/wp\/v2\/media\/2947"}],"wp:attachment":[{"href":"https:\/\/vietcorp.com\/store\/wp-json\/wp\/v2\/media?parent=379"}],"wp:term":[{"taxonomy":"product_brand","embeddable":true,"href":"https:\/\/vietcorp.com\/store\/wp-json\/wp\/v2\/product_brand?post=379"},{"taxonomy":"product_cat","embeddable":true,"href":"https:\/\/vietcorp.com\/store\/wp-json\/wp\/v2\/product_cat?post=379"},{"taxonomy":"product_tag","embeddable":true,"href":"https:\/\/vietcorp.com\/store\/wp-json\/wp\/v2\/product_tag?post=379"}],"curies":[{"name":"wp","href":"https:\/\/api.w.org\/{rel}","templated":true}]}}