


{"id":369,"date":"2020-11-03T10:55:08","date_gmt":"2020-11-03T03:55:08","guid":{"rendered":"https:\/\/www.vietcorp.com\/store\/product\/ncomputing-l300\/"},"modified":"2025-02-13T13:47:20","modified_gmt":"2025-02-13T06:47:20","slug":"ncomputing-l300","status":"publish","type":"product","link":"https:\/\/vietcorp.com\/store\/369\/ncomputing-l300\/","title":{"rendered":"NComputing L300"},"content":{"rendered":"<section class=\"wpb-content-wrapper\"><p>[vc_row][vc_column][vc_column_text]S\u1ea3n ph\u1ea9m thay th\u1ebf[\/vc_column_text]<div class=\"woocommerce \">\r\n<ul class=\"products products-container grid pcols-lg-4 pcols-md-3 pcols-xs-2 pcols-ls-1 pwidth-lg-4 pwidth-md-3 pwidth-xs-2 pwidth-ls-1 is-shortcode\"\r\r\n\t data-product_layout=\"product-default\">\r\r\n\r\n\r\r\n<li class=\"product-col product-default product type-product post-8311 status-publish first outofstock product_cat-thin-clients product_tag-cloudpc product_tag-ncomputing product_tag-thin-client has-post-thumbnail taxable shipping-taxable purchasable product-type-simple\">\r\r\n<div class=\"product-inner\">\r\r\n\t\r\n\r\r\n\t<div class=\"product-image\">\r\r\n\r\r\n\t\t<a  href=\"https:\/\/vietcorp.com\/store\/8311\/ncomputing-l400\/\" aria-label=\"product\">\r\r\n\t\t\t<div class=\"stock out-of-stock\">H\u1ebft h\u00e0ng<\/div><div class=\"inner img-effect\"><img decoding=\"async\" width=\"600\" height=\"600\" src=\"https:\/\/vietcorp.com\/store\/wp-content\/uploads\/2024\/08\/ncomputing-l400-600x600.png\" class=\"attachment-woocommerce_thumbnail size-woocommerce_thumbnail\" alt=\"NComputing L400\" srcset=\"https:\/\/vietcorp.com\/store\/wp-content\/uploads\/2024\/08\/ncomputing-l400-600x600.png 600w, https:\/\/vietcorp.com\/store\/wp-content\/uploads\/2024\/08\/ncomputing-l400-400x400.png 400w, https:\/\/vietcorp.com\/store\/wp-content\/uploads\/2024\/08\/ncomputing-l400-560x560.png 560w, https:\/\/vietcorp.com\/store\/wp-content\/uploads\/2024\/08\/ncomputing-l400-367x367.png 367w\" sizes=\"(max-width: 600px) 100vw, 600px\" \/><img decoding=\"async\" width=\"600\" height=\"600\" src=\"https:\/\/vietcorp.com\/store\/wp-content\/uploads\/2024\/08\/ncomputing-l400-4-600x600.png\" class=\"hover-image\" alt=\"NComputing L400\" srcset=\"https:\/\/vietcorp.com\/store\/wp-content\/uploads\/2024\/08\/ncomputing-l400-4-600x600.png 600w, https:\/\/vietcorp.com\/store\/wp-content\/uploads\/2024\/08\/ncomputing-l400-4-400x400.png 400w, https:\/\/vietcorp.com\/store\/wp-content\/uploads\/2024\/08\/ncomputing-l400-4-560x560.png 560w, https:\/\/vietcorp.com\/store\/wp-content\/uploads\/2024\/08\/ncomputing-l400-4-367x367.png 367w\" sizes=\"(max-width: 600px) 100vw, 600px\" \/><\/div>\r\n\t\t<\/a>\r\r\n\t\r\n\t\r\n\t<\/div>\r\r\n\r\r\n\t<div class=\"product-content\">\r\r\n\t\t<span class=\"category-list\"><a href=\"https:\/\/vietcorp.com\/store\/product-category\/may-tinh\/thin-clients\/\" rel=\"tag\">Thin clients<\/a><\/span>\r\n\r\r\n\t\t\r\n\t<a class=\"product-loop-title\"  href=\"https:\/\/vietcorp.com\/store\/8311\/ncomputing-l400\/\">\r\r\n\t<h3 class=\"woocommerce-loop-product__title\">NComputing L400<\/h3>\r\n\t<\/a>\r\r\n\t\r\n\r\r\n\t\t\r\n\t<div class=\"description\">\r\r\n\t\t\r\n\t\t<p class=\"post-excerpt\">Support Windows and Linux<br \/>\nHDMI video output<br \/>\n10\/100 Mbps Ethernet<br \/>\nUSB 1.1 keyboard &amp; mouse<br \/>\nB\u1ea3o h\u00e0nh 12 th\u00e1ng<\/p>\n\r\n\t<\/div>\r\r\n\t\n\t<span class=\"price\"><span class=\"woocommerce-Price-amount amount\"><bdi>6,259,000<span class=\"woocommerce-Price-currencySymbol\">&#8363;<\/span><\/bdi><\/span><\/span>\n\r\n\r\r\n\t\t\r\n<div class=\"add-links-wrap\">\r\r\n\t<div class=\"add-links clearfix\">\r\r\n\t\t<a href=\"https:\/\/vietcorp.com\/store\/8311\/ncomputing-l400\/\" aria-describedby=\"woocommerce_loop_add_to_cart_link_describedby_8311\" data-quantity=\"1\" class=\"viewcart-style-2 button product_type_simple add_to_cart_read_more\" data-product_id=\"8311\" data-product_sku=\"NCOMPUTING-L400\" aria-label=\"\u0110\u1ecdc th\u00eam v\u1ec1 &ldquo;NComputing L400&rdquo;\" rel=\"nofollow\" data-success_message=\"\">\u0110\u1ecdc ti\u1ebfp<\/a>\r\n\t\r\n\t<span id=\"woocommerce_loop_add_to_cart_link_describedby_8311\" class=\"screen-reader-text\">\r\r\n\t\t\r\n\t<\/span>\r\r\n\t\r\n\t<div class=\"quickview\" data-id=\"8311\" title=\"Xem nhanh\">Xem nhanh<\/div>\r\n\t<\/div>\r\r\n\t\r\n<\/div>\r\r\n<span class=\"gtm4wp_productdata\" style=\"display:none; visibility:hidden;\" data-gtm4wp_product_data=\"{&quot;internal_id&quot;:8311,&quot;item_id&quot;:8311,&quot;item_name&quot;:&quot;NComputing L400&quot;,&quot;sku&quot;:&quot;NCOMPUTING-L400&quot;,&quot;price&quot;:6259000,&quot;stocklevel&quot;:0,&quot;stockstatus&quot;:&quot;outofstock&quot;,&quot;google_business_vertical&quot;:&quot;retail&quot;,&quot;item_category&quot;:&quot;Thin clients&quot;,&quot;id&quot;:8311,&quot;productlink&quot;:&quot;https:\\\/\\\/vietcorp.com\\\/store\\\/8311\\\/ncomputing-l400\\\/&quot;,&quot;item_list_name&quot;:&quot;General Product List&quot;,&quot;index&quot;:1,&quot;product_type&quot;:&quot;simple&quot;,&quot;item_brand&quot;:&quot;&quot;}\"><\/span>\r\n\t<\/div>\r\r\n<\/div>\r\r\n\r\r\n<\/li>\r\r\n\r\n<\/ul>\r\r\n<\/div>[\/vc_column][\/vc_row][vc_row][\/vc_row][vc_column][\/vc_column][vc_column_text]<\/p>\n<h4 style=\"color: red;\">S\u1ea3n ph\u1ea9m ng\u1eebng kinh doanh<\/h4>\n<h2><strong>M\u00e1y t\u00ednh \u0111\u00e1m m\u00e2y <a href=\"https:\/\/www.vietcorp.com\/store\/369\/ncomputing-l300\">NComputing L300<\/a> Thin Client<\/strong><\/h2>\n<p><strong>NComputing L300 Thin Client<\/strong><strong>\u00a0<\/strong>l\u00e0 m\u1ed9t thi\u1ebft b\u1ecb Thin Client m\u00e1y t\u00ednh \u0111\u1ec3 b\u00e0n \u1ea3o. Thi\u1ebft k\u1ebf ki\u1ec3u d\u00e1ng \u0111\u1eb9p, ti\u1ebft ki\u1ec7m \u0111i\u1ec7n n\u0103ng v\u00e0 ki\u1ec3u d\u00e1ng c\u1ee7a n\u00f3 c\u00f3 th\u1ec3 d\u1ec5 d\u00e0ng g\u1eafn tr\u00ean m\u00e0n h\u00ecnh ho\u1eb7c c\u1ed1 \u0111\u1ecbnh v\u00e0o b\u00e0n l\u00e0m vi\u1ec7c.<\/p>\n<p>\u0110\u01b0\u1ee3c cung c\u1ea5p b\u1edfi h\u1ec7 th\u1ed1ng chip nh\u00fang (SoC) c\u1ee7a NComputing, thi\u1ebft b\u1ecb NComputing L300 d\u00f2ng L c\u00f3 gi\u00e1 th\u1ea5p h\u01a1n b\u1ea5t k\u1ef3 m\u00e1y t\u00ednh <strong>Thin<\/strong> ho\u1eb7c <strong>Zero-client<\/strong> n\u00e0o kh\u00e1c v\u00e0 b\u1eb1ng m\u1ed9t ph\u1ea7n t\u01b0 chi ph\u00ed c\u1ee7a c\u00e1c m\u00e1y t\u00ednh \u0111\u1ec3 b\u00e0n th\u00f4ng th\u01b0\u1eddng.<\/p>\n<p>V\u1edbi kh\u1ea3 n\u0103ng k\u1ebft n\u1ed1i t\u1ed1i \u0111a 100 session ng\u01b0\u1eddi d\u00f9ng v\u1edbi m\u1ed9t m\u00e1y ch\u1ee7 NComputing vSpace, s\u1ef1 k\u1ebft h\u1ee3p n\u00e0y cung c\u1ea5p gi\u1ea3i ph\u00e1p \u1ea3o h\u00f3a m\u00e1y t\u00ednh \u0111\u1ec3 b\u00e0n \u0111\u01a1n gi\u1ea3n v\u00e0 m\u1ea1nh m\u1ebd v\u1edbi gi\u00e1 ch\u1ec9 b\u1eb1ng m\u1ed9t ph\u1ea7n ba so v\u1edbi c\u00e1c gi\u1ea3i ph\u00e1p thay th\u1ebf truy\u1ec1n th\u1ed1ng.<\/p>\n<p>&nbsp;<\/p>\n<p><img decoding=\"async\" class=\"aligncenter size-full wp-image-1345\" src=\"https:\/\/ictzone.com\/store\/wp-content\/uploads\/2023\/09\/ncomputing-l300-1-1.jpg\" alt=\"M\u00e1y t\u00ednh \u0111\u00e1m m\u00e2y NComputing L300 Thin Client 1\" width=\"800\" height=\"212\" \/><\/p>\n<p style=\"text-align: center;\">Truy c\u1eadp l\u00ean \u0111\u1ebfn 100 session Virtual Desktop cho m\u1ed7i m\u00e1y ch\u1ee7 Vspace<\/p>\n<h2><span style=\"color: #0000ff;\"><strong>Nh\u1eefng l\u1ee3i \u00edch khi d\u00f9ng <a href=\"https:\/\/www.vietcorp.com\/store\/369\/ncomputing-l300\">NComputing<\/a> L300 Thin Client<\/strong><\/span><\/h2>\n<ul>\n<li><strong>Ph\u00f9 h\u1ee3p v\u1edbi ng\u00e2n s\u00e1ch<\/strong>: &#8211; Thi\u1ebft b\u1ecb NComputing L300 mang l\u1ea1i hi\u1ec7u su\u1ea5t cao v\u00e0 gi\u00e1 tr\u1ecb cho c\u00e1c s\u1ea3n ph\u1ea9m\u00a0thin-client ho\u1eb7c zero-client. M\u1ed9t gi\u1ea3i ph\u00e1p ho\u00e0n ch\u1ec9nh \u0111\u01b0\u1ee3c tri\u1ec3n khai v\u1edbi chi ph\u00ed th\u1ea5p h\u01a1n m\u1ed9t n\u1eeda so v\u1edbi PC v\u1edbi m\u1ee9c ti\u1ebft ki\u1ec7m chi ph\u00ed qu\u1ea3n l\u00fd li\u00ean t\u1ee5c l\u00e0 75% v\u00e0 ti\u1ebft ki\u1ec7m \u0111i\u1ec7n n\u0103ng h\u01a1n 90%.<\/li>\n<li><strong>\u0110\u00e1p \u1ee9ng ho\u1ea1t \u0111\u1ed9ng \u0111a m\u00f4i tr\u01b0\u1eddng<\/strong>: Cho d\u00f9 ph\u00e1t video to\u00e0n m\u00e0n h\u00ecnh ch\u1ea5t l\u01b0\u1ee3ng DVD hay k\u1ebft n\u1ed1i c\u00e1c thi\u1ebft b\u1ecb USB 2.0 chuy\u00ean d\u1ee5ng, L300 c\u00f3 s\u1ee9c m\u1ea1nh v\u00e0 t\u00ednh linh ho\u1ea1t \u0111\u1ec3 ho\u1ea1t \u0111\u1ed9ng trong nhi\u1ec1u m\u00f4i tr\u01b0\u1eddng kh\u00e1c nhau v\u00e0 theo nhu c\u1ea7u c\u1ea7n c\u1ee7a b\u1ea1n.<\/li>\n<li><strong>T\u1ed1i \u01b0u h\u00f3a<\/strong> <strong>Media<\/strong>: \u0110\u01b0\u1ee3c h\u1ed7 tr\u1ee3 b\u1edfi NComputing System-on-Chip (SoC) m\u1edbi, L300 s\u1eed d\u1ee5ng c\u00f4ng ngh\u1ec7 ph\u1ea7n c\u1ee9ng \u0111\u1ed9c quy\u1ec1n \u0111\u1ec3 gi\u1ea3i m\u00e3 v\u00e0 quy m\u00f4 \u0111a ph\u01b0\u01a1ng ti\u1ec7n, lo\u1ea1i b\u1ecf ngh\u1ebdn m\u1ea1ng. V\u1edbi L300, xem video ch\u1ea5t l\u01b0\u1ee3ng DVD tr\u00ean m\u00e0n h\u00ecnh l\u00ean \u0111\u1ebfn 1920 \u00d7 1080 l\u00e0 ti\u00eau chu\u1ea9n cho h\u1ea7u h\u1ebft c\u00e1c \u0111\u1ecbnh d\u1ea1ng ph\u01b0\u01a1ng ti\u1ec7n ph\u1ed5 bi\u1ebfn.<\/li>\n<li><strong>Truy c\u1eadp l\u00ean \u0111\u1ebfn 100 session m\u00e1y t\u00ednh \u0111\u1ec3 b\u00e0n \u1ea3o:<\/strong> V\u1edbi kh\u1ea3 n\u0103ng k\u1ebft n\u1ed1i t\u1ed1i \u0111a 100 phi\u00ean ng\u01b0\u1eddi d\u00f9ng v\u1edbi m\u1ed9t m\u00e1y ch\u1ee7 NComputing vSpace, s\u1ef1 k\u1ebft h\u1ee3p n\u00e0y cung c\u1ea5p m\u1ed9t gi\u1ea3i ph\u00e1p \u1ea3o h\u00f3a m\u00e1y t\u00ednh \u0111\u1ec3 b\u00e0n \u0111\u01a1n gi\u1ea3n v\u00e0 m\u1ea1nh m\u1ebd v\u1edbi gi\u00e1 ch\u1ec9 b\u1eb1ng m\u1ed9t ph\u1ea7n ba so v\u1edbi c\u00e1c gi\u1ea3i ph\u00e1p thay th\u1ebf truy\u1ec1n th\u1ed1ng.<\/li>\n<li><strong>T\u00ednh s\u1eb5n s\u00e0ng cao<\/strong>: Administrator\u00a0c\u00f3 th\u1ec3 x\u00e1c \u0111\u1ecbnh danh s\u00e1ch nh\u00f3m m\u00e1y ch\u1ee7 chuy\u1ec3n \u0111\u1ed5i d\u1ef1 ph\u00f2ng m\u00e0 thi\u1ebft b\u1ecb c\u00f3 th\u1ec3 t\u1ef1 \u0111\u1ed9ng k\u1ebft n\u1ed1i.<\/li>\n<li><strong>VMware and Citrix Support<\/strong>: T\u1eadn d\u1ee5ng VMware \u0111\u1ec3 tri\u1ec3n khai nhi\u1ec1u phi\u00ean b\u1ea3n vSpace, nh\u00e2n s\u1ed1 l\u01b0\u1ee3ng ng\u01b0\u1eddi d\u00f9ng tr\u00ean m\u1ed7i m\u00e1y ch\u1ee7 ho\u1eb7c t\u00edch h\u1ee3p Citrix Receiver \u0111\u1ec3 tri\u1ec3n khai c\u00e1c \u1ee9ng d\u1ee5ng d\u1ef1a tr\u00ean XenApp.<\/li>\n<li><strong>USB Redirection<\/strong>: NComputing L300 bao g\u1ed3m 2 c\u1ed5ng USB 2.0, HID, thi\u1ebft b\u1ecb l\u01b0u tr\u1eef v\u00e0 m\u00e1y in v\u1edbi m\u00e1y ch\u1ee7 n\u01a1i tr\u00ecnh \u0111i\u1ec1u khi\u1ec3n g\u1ed1c \u0111\u01b0\u1ee3c c\u00e0i \u0111\u1eb7t.<\/li>\n<li><strong>D\u1ec5 d\u00e0ng k\u1ebft n\u1ed1i <\/strong>: V\u1edbi thi\u1ebft k\u1ebf ki\u1ec3u d\u00e1ng \u0111\u1eb9p, ti\u1ebft ki\u1ec7m \u0111i\u1ec7n, L300 c\u00f3 th\u1ec3 d\u1ec5 d\u00e0ng g\u1eafn tr\u00ean m\u00e0n h\u00ecnh ho\u1eb7c c\u1ed1 \u0111\u1ecbnh v\u00e0o b\u00e0n l\u00e0m vi\u1ec7c<\/li>\n<li><strong>D\u1ec5 d\u00e0ng tri\u1ec3n khai: <\/strong>Cho d\u00f9 b\u1ea1n c\u1ea7n 4 workstations trong m\u1ed9t v\u0103n ph\u00f2ng chi nh\u00e1nh \u1edf xa ho\u1eb7c 4000 m\u00e1y tr\u1ea1m cho c\u00f4ng ty, L300 \u0111\u01b0\u1ee3c tri\u1ec3n khai d\u1ec5 d\u00e0ng v\u00e0 nhanh ch\u00f3ng b\u1eb1ng c\u00e1ch s\u1eed d\u1ee5ng c\u00e1c c\u00f4ng c\u1ee5 qu\u1ea3n l\u00fd vSpace.<\/li>\n<li><strong>D\u1ec5 d\u00e0ng qu\u1ea3n l\u00fd<\/strong>: Sau khi tri\u1ec3n khai, kh\u00f4ng c\u00f3 \u1ee9ng d\u1ee5ng, ph\u1ea7n m\u1ec1m ho\u1eb7c tr\u00ecnh \u0111i\u1ec1u khi\u1ec3n n\u00e0o \u0111\u1ec3 qu\u1ea3n l\u00fd tr\u00ean thi\u1ebft b\u1ecb. vSpace Server x\u1eed l\u00fd t\u1eadp trung c\u00e1c thay \u0111\u1ed5i firmware m\u00e0 kh\u00f4ng c\u1ea7n ng\u01b0\u1eddi d\u00f9ng can thi\u1ec7p.<\/li>\n<\/ul>\n<h2 style=\"text-align: center;\"><strong><span style=\"color: #0000ff;\">CONNECTIONS<\/span><\/strong><\/h2>\n<p><img decoding=\"async\" class=\"aligncenter size-full wp-image-1346\" src=\"https:\/\/ictzone.com\/store\/wp-content\/uploads\/2023\/09\/ncomputing-l300-2-1.jpg\" alt=\"M\u00e1y t\u00ednh \u0111\u00e1m m\u00e2y NComputing L300 Thin Client 2\" width=\"1024\" height=\"399\" \/><\/p>\n<\/section>","protected":false},"excerpt":{"rendered":"<h4 style=\"color: red;\"><strong>S\u1ea2N PH\u1ea8M NG\u1eeaNG KINH DOANH<\/strong><\/h4>\n<p><a href=\"https:\/\/www.vietcorp.com\/blog\/danh-sach-san-pham-synology-ngung-kinh-doanh-14724.html\/\">(Danh s\u00e1ch s\u1ea3n ph\u1ea9m Synology ng\u1eebng kinh doanh)<\/a><\/p>\n<p>Support Windows and Linux<br \/>\nVGA monitor<br \/>\n10\/100 Mbps Ethernet<br \/>\nUSB 1.1 keyboard &amp; mouse<br \/>\nB\u1ea3o h\u00e0nh 12 th\u00e1ng<\/p>\n","protected":false},"featured_media":8365,"template":"","meta":[],"product_brand":[],"product_cat":[337,87],"product_tag":[66,70,68],"class_list":{"0":"post-369","1":"product","2":"type-product","3":"status-publish","4":"has-post-thumbnail","6":"product_cat-san-pham-ngung-kinh-doanh","7":"product_cat-thin-clients","8":"product_tag-cloudpc","9":"product_tag-ncomputing","10":"product_tag-thin-client","11":"pa_bao-hanh-12-thang","12":"pa_chung-loai-thin-clients","13":"pa_cong-giao-tiep-1-x-rj45-10-100-mbps","14":"pa_cong-giao-tiep-1-x-vga","15":"pa_cong-giao-tiep-2-x-usb-2-0","16":"pa_form-factor-thin-clients","17":"pa_muc-dich-su-dung-danh-cho-doanh-nghiep-lon","18":"pa_muc-dich-su-dung-danh-cho-doanh-nghiep-nho","19":"pa_muc-dich-su-dung-danh-cho-doanh-nghiep-vua","20":"pa_thuong-hieu-ncomputing","21":"pa_tinh-nang-phan-mem-linux-vdi","22":"pa_tinh-nang-phan-mem-windows-vdi","24":"first","25":"outofstock","26":"taxable","27":"shipping-taxable","28":"purchasable","29":"product-type-simple"},"_links":{"self":[{"href":"https:\/\/vietcorp.com\/store\/wp-json\/wp\/v2\/product\/369","targetHints":{"allow":["GET"]}}],"collection":[{"href":"https:\/\/vietcorp.com\/store\/wp-json\/wp\/v2\/product"}],"about":[{"href":"https:\/\/vietcorp.com\/store\/wp-json\/wp\/v2\/types\/product"}],"wp:featuredmedia":[{"embeddable":true,"href":"https:\/\/vietcorp.com\/store\/wp-json\/wp\/v2\/media\/8365"}],"wp:attachment":[{"href":"https:\/\/vietcorp.com\/store\/wp-json\/wp\/v2\/media?parent=369"}],"wp:term":[{"taxonomy":"product_brand","embeddable":true,"href":"https:\/\/vietcorp.com\/store\/wp-json\/wp\/v2\/product_brand?post=369"},{"taxonomy":"product_cat","embeddable":true,"href":"https:\/\/vietcorp.com\/store\/wp-json\/wp\/v2\/product_cat?post=369"},{"taxonomy":"product_tag","embeddable":true,"href":"https:\/\/vietcorp.com\/store\/wp-json\/wp\/v2\/product_tag?post=369"}],"curies":[{"name":"wp","href":"https:\/\/api.w.org\/{rel}","templated":true}]}}