


{"id":363,"date":"2020-11-03T10:50:29","date_gmt":"2020-11-03T03:50:29","guid":{"rendered":"https:\/\/www.vietcorp.com\/store\/product\/vcloudpoint-s100\/"},"modified":"2024-11-21T13:21:06","modified_gmt":"2024-11-21T06:21:06","slug":"vcloudpoint-s100","status":"publish","type":"product","link":"https:\/\/vietcorp.com\/store\/363\/vcloudpoint-s100\/","title":{"rendered":"vCloudPoint S100"},"content":{"rendered":"<section class=\"wpb-content-wrapper\"><p>Thi\u1ebft b\u1ecb <strong><a href=\"https:\/\/www.vietcorp.com\/store\/363\/vcloudpoint-s100\/\">vCloudPoint S100<\/a><\/strong> Zero Client l\u00e0 thi\u1ebft b\u1ecb k\u1ebft n\u1ed1i m\u00e0n h\u00ecnh, chu\u1ed9t v\u00e0 b\u00e0n ph\u00edm, h\u1ed7 tr\u1ee3 RDP, VGA, LAN, Kh\u00f4ng c\u00f3 ch\u1ee9c n\u0103ng <span class=\"calendar-plugin\" data-time=\"1731560400000\" data-all-day=\"true\">thu<\/span>\u00a0ph\u00e1t s\u00f3ng v\u00e0 m\u1eadt m\u00e3 d\u00e2n s\u1ef1.<\/p>\n<p>T\u1ea5t c\u1ea3 qu\u00e1 tr\u00ecnh l\u00e0m vi\u1ec7c, l\u01b0u tr\u1eef d\u1eef li\u1ec7u, x\u1eed l\u00fd, c\u00e0i \u0111\u1eb7t th\u00f4ng qua m\u00e1y ch\u1ee7. \u1ede thi\u1ebft b\u1ecb vCloudPoint S100 ch\u1ec9 c\u1ea7n b\u00e0n ph\u00edm, chu\u1ed9t v\u00e0 m\u00e0n h\u00ecnh.<\/p>\n<p>Ngo\u00e0i ra, thi\u1ebft b\u1ecb vCloudPoint S100 ti\u00eau th\u1ee5 \u00edt \u0111i\u1ec7n n\u0103ng (ch\u1ec9 5V), \u00edt b\u1ecb gi\u1ea3 m\u1ea1o v\u00e0 ho\u00e0n to\u00e0n kh\u00f4ng c\u00f3 kh\u1ea3 n\u0103ng l\u01b0u tr\u1eef b\u1ea5t c\u1ee9 d\u1eef li\u1ec7u n\u00e0o. T\u1ea5t c\u1ea3 \u0111i\u1ec1u n\u00e0y t\u1ea1o n\u00ean m\u1ed9t thi\u1ebft b\u1ecb \u0111\u1ea7u cu\u1ed1i an to\u00e0n.<\/p>\n<p>V\u1edbi thi\u1ebft b\u1ecb Zero Client n\u00e0y cho ph\u00e9p 99 ng\u01b0\u1eddi d\u00f9ng \u0111\u1ed3ng th\u1eddi s\u1eed d\u1ee5ng vCloudPoint S100 k\u1ebft n\u1ed1i \u0111\u1ebfn m\u1ed9t m\u00e1y ch\u1ee7 l\u00e0m vi\u1ec7c.<\/p>\n<figure id=\"attachment_8275\" aria-describedby=\"caption-attachment-8275\" style=\"width: 473px\" class=\"wp-caption aligncenter\"><img decoding=\"async\" class=\"wp-image-8275 size-full\" src=\"https:\/\/www.vietcorp.com\/store\/wp-content\/uploads\/2024\/08\/vcloudpoint-a1-zeroclient.png\" alt=\"S\u1ea3n ph\u1ea9m vCloudPoint\" width=\"473\" height=\"488\" srcset=\"https:\/\/vietcorp.com\/store\/wp-content\/uploads\/2024\/08\/vcloudpoint-a1-zeroclient.png 473w, https:\/\/vietcorp.com\/store\/wp-content\/uploads\/2024\/08\/vcloudpoint-a1-zeroclient-400x413.png 400w, https:\/\/vietcorp.com\/store\/wp-content\/uploads\/2024\/08\/vcloudpoint-a1-zeroclient-367x379.png 367w\" sizes=\"(max-width: 473px) 100vw, 473px\" \/><figcaption id=\"caption-attachment-8275\" class=\"wp-caption-text\">S\u1ea3n ph\u1ea9m vCloudPoint<\/figcaption><\/figure>\n<h2 style=\"text-align: center;\"><b>L\u1ee3i \u00edch khi thay th\u1ebf b\u1eb1ng vCloudPoint S100 <\/b><\/h2>\n<p>&nbsp;<\/p>\n<table>\n<tbody>\n<tr>\n<td style=\"text-align: center;\"><strong><strong><img decoding=\"async\" class=\"size-full wp-image-4020 aligncenter\" src=\"https:\/\/vietcorp.com\/blog\/wp-content\/uploads\/2020\/12\/tkcpmh.png\" alt=\"\" width=\"45\" height=\"44\" \/><\/strong><\/strong><\/p>\n<h3 class=\"porto-sicon-title\">Ti\u1ebft ki\u1ec7m chi ph\u00ed mua h\u00e0ng<\/h3>\n<\/td>\n<td style=\"text-align: center;\"><strong><img decoding=\"async\" class=\"size-full wp-image-4021 aligncenter\" src=\"https:\/\/vietcorp.com\/blog\/wp-content\/uploads\/2020\/12\/tknl.png\" alt=\"vCloudPoint S100 2\" width=\"48\" height=\"48\" \/>Ti\u1ebft ki\u1ec7m n\u0103ng l\u01b0\u1ee3ng h\u01a1n<br \/>\n<\/strong><\/td>\n<td>\n<p style=\"text-align: center;\"><strong><img decoding=\"async\" class=\"size-full wp-image-4022 aligncenter\" src=\"https:\/\/vietcorp.com\/blog\/wp-content\/uploads\/2020\/12\/vdl.png\" alt=\"\" width=\"46\" height=\"40\" \/><\/strong><\/p>\n<p class=\"porto-sicon-title\" style=\"text-align: center;\"><strong>V\u00f2ng \u0111\u1eddi l\u00e2u h\u01a1n<\/strong><\/p>\n<p style=\"text-align: center;\"><strong>\u00a0<\/strong><\/p>\n<p>&nbsp;<\/td>\n<\/tr>\n<tr>\n<td style=\"text-align: left;\">Chi ph\u00ed mua l\u1ea1i \u0111\u01b0\u1ee3c ti\u1ebft ki\u1ec7m khi thay th\u1ebf b\u1eb1ng thi\u1ebft b\u1ecb vCloudPoint S100, chi ph\u00ed th\u1ea5p h\u01a1n n\u1eefa gi\u00e1 so v\u1edbi thi\u1ebft b\u1ecb kh\u00e1c<\/td>\n<td style=\"text-align: left;\">vCloudPoint S100 ch\u1ec9 ti\u00eau th\u1ee5 5W v\u00e0 s\u1ea3n sinh nhi\u1ec7t th\u1ea5p h\u01a1n nhi\u1ec1u,\u00a0 gi\u00fap ti\u1ebft ki\u1ec7m \u00edt nh\u1ea5t 80% \u0111i\u1ec7n n\u0103ng.<\/td>\n<td>T\u00ednh n\u0103ng kh\u00f4ng l\u1ed7i th\u1eddi c\u1ee7a vCloudPoint S100 l\u00e0m cho v\u00f2ng \u0111\u1eddi d\u00e0i h\u01a1n, ti\u1ebft ki\u1ec7m chi ph\u00ed mua m\u1edbi v\u00e0 th\u1eddi gian thay m\u1edbi gi\u1ea3m t\u1eeb v\u00e0i tu\u1ea7n xu\u1ed1ng c\u00f2n v\u00e0i ti\u1ebfng.<\/td>\n<\/tr>\n<tr>\n<td style=\"text-align: center;\">\n<h3 class=\"porto-sicon-title\"><img decoding=\"async\" class=\"size-full wp-image-4024 aligncenter\" src=\"https:\/\/vietcorp.com\/blog\/wp-content\/uploads\/2020\/12\/qttt.png\" alt=\"vCloudPoint S100 3\" width=\"49\" height=\"50\" \/><\/h3>\n<p class=\"porto-sicon-title\"><strong>Qu\u1ea3n tr\u1ecb t\u1eadp trung<\/strong><\/p>\n<\/td>\n<td style=\"text-align: center;\"><img decoding=\"async\" class=\"alignnone size-full wp-image-4025\" src=\"https:\/\/vietcorp.com\/blog\/wp-content\/uploads\/2020\/12\/tknc.png\" alt=\"vCloudPoint S100 5\" width=\"52\" height=\"43\" \/><\/p>\n<p class=\"porto-sicon-title\"><strong>Tri\u1ec3n khai nhanh ch\u00f3ng<\/strong><\/p>\n<\/td>\n<td>\n<p style=\"text-align: center;\"><strong>\u00a0<\/strong><\/p>\n<p style=\"text-align: center;\"><strong><img decoding=\"async\" class=\"alignnone size-full wp-image-4026\" src=\"https:\/\/vietcorp.com\/blog\/wp-content\/uploads\/2020\/12\/htrm.png\" alt=\"vCloudPoint S100 6\" width=\"39\" height=\"45\" \/><\/strong><\/p>\n<p style=\"text-align: center;\"><strong>H\u1ed7 tr\u1ee3 remote<\/strong><\/p>\n<p>&nbsp;<\/td>\n<\/tr>\n<tr>\n<td style=\"text-align: center;\">\u1ede thi\u1ebft b\u1ecb \u0111\u1ea7u cu\u1ed1i kh\u00f4ng c\u00f3 c\u1ea7n IT c\u1ea5u h\u00ecnh hay c\u1eadp nh\u1eadt. T\u1ea5t c\u1ea3 c\u00e0i \u0111\u1eb7t, c\u1ea5u h\u00ecnh hay n\u00e2ng c\u1ea5p \u0111\u1ec1u \u0111\u01b0\u1ee3c th\u1ef1c hi\u1ec7n tr\u00ean host. 1 IT c\u00f3 th\u1ec3 x\u1eed l\u00fd c\u00f4ng vi\u1ec7c v\u00e0 user g\u1ea5p 5 l\u1ea7n.<\/p>\n<h3 class=\"porto-sicon-title\"><\/h3>\n<\/td>\n<td style=\"text-align: left;\">vCloudPoint S100 l\u00e0 thi\u1ebft b\u1ecb plug-and-play. Ngo\u00e0i ra ch\u1ec9 c\u1ea7n v\u00e0i ph\u00fat \u0111\u1ec3 thi\u1ebft l\u1eadp v\u00e0 v\u00e0i gi\u00e2y \u0111\u1ec3 kh\u1edfi \u0111\u1ed9ng. Sau khi g\u1eafn b\u00e0n ph\u00edm, chu\u1ed9t v\u00e0 m\u00e0n h\u00ecnh th\u00ec thi\u1ebft b\u1ecb \u0111\u00e3 s\u1eb5n s\u00e0ng \u0111\u1ec3 s\u1eed d\u1ee5ng.<\/td>\n<td>IT c\u00f3 th\u1ec3 h\u1ed7 tr\u1ee3 kh\u1eafc ph\u1ee5c s\u1ef1 c\u1ed1 ngay t\u1ea1i v\u1ecb tr\u00ed c\u1ee7a h\u1ecd m\u00e0 kh\u00f4ng c\u1ea7n \u0111\u1ebf tr\u1ef1c ti\u1ebfp v\u1ecb tr\u00ed c\u1ee7a ng\u01b0\u1eddi d\u00f9ng. Gi\u1ea3m th\u1eddi gian v\u00e0 chi ph\u00ed kh\u1eafc ph\u1ee5c s\u1ef1 c\u1ed1 c\u00e1c v\u1ecb tr\u00ed \u1edf xa.<\/td>\n<\/tr>\n<tr>\n<td style=\"text-align: center;\"><img decoding=\"async\" class=\"size-full wp-image-4027 aligncenter\" src=\"https:\/\/vietcorp.com\/blog\/wp-content\/uploads\/2020\/12\/gtgc.png\" alt=\"vCloudPoint S100 7\" width=\"48\" height=\"50\" \/><\/p>\n<p class=\"porto-sicon-title\"><strong>Gi\u1ea3m th\u1eddi gian ch\u1ebft<\/strong><\/p>\n<\/td>\n<td style=\"text-align: left;\"><img decoding=\"async\" class=\"size-full wp-image-4028 aligncenter\" src=\"https:\/\/vietcorp.com\/blog\/wp-content\/uploads\/2020\/12\/tdmtnc.png\" alt=\"vCloudPoint S100 8\" width=\"42\" height=\"48\" \/><\/p>\n<p class=\"porto-sicon-title\"><strong>Thay \u0111\u1ed5i nhanh ch\u00f3ng<\/strong><\/p>\n<\/td>\n<td><img decoding=\"async\" class=\"size-full wp-image-4029 aligncenter\" src=\"https:\/\/vietcorp.com\/blog\/wp-content\/uploads\/2020\/12\/csf.png\" alt=\"vCloudPoint S100 9\" width=\"48\" height=\"44\" \/><\/p>\n<p class=\"porto-sicon-title\" style=\"text-align: center;\"><strong>Chia s\u1ebd file<\/strong><\/p>\n<\/td>\n<\/tr>\n<tr>\n<td style=\"text-align: center;\">Th\u1eddi gian ch\u1ebft c\u1ee7a thi\u1ebft b\u1ecb \u0111\u01b0\u1ee3c gi\u1ea3m \u0111\u00e1ng k\u1ec3. Ngay c\u1ea3 khi l\u1ed7i, ch\u1ec9 c\u1ea7n thay m\u1edbi 1 thi\u1ebft b\u1ecb vCloudPoint S100 kh\u00e1c th\u00ec ng\u01b0\u1eddi d\u00f9ng c\u00f3 th\u1ec3 quay tr\u1edf l\u1ea1i l\u00e0m vi\u1ec7c ngay l\u1eadp t\u1ee9c.<\/td>\n<td style=\"text-align: left;\">Kh\u00f4ng l\u00e3ng ph\u00ed th\u1eddi gian cho vi\u1ec7c di chuy\u1ec3n laptop hay kh\u1edfi \u0111\u1ed9ng l\u1ea1i h\u1ec7 th\u1ed1ng. Ch\u1ec9 v\u1edbi thao t\u00e1c \u0111\u0103ng xu\u1ea5t v\u00e0 sau \u0111\u00f3 \u0111\u0103ng nh\u1eadp v\u00e0o b\u1ea5t c\u1ee9 thi\u1ebft b\u1ecb vCloudPoint S100 kh\u00e1c, ng\u01b0\u1eddi d\u00f9ng\u00a0 s\u1ebd c\u00f3 t\u1ea5t c\u1ea3 \u1ee9ng d\u1ee5ng v\u00e0 file \u0111ang m\u1edf.<\/td>\n<td>V\u1edbi 2 s\u1ed1 \u1ed5 \u0111\u0129a \u0111\u01b0\u1ee3c c\u1ea5u h\u00ecnh hi\u1ec3n th\u1ecb cho t\u1ea5t c\u1ea3 m\u1ecdi ng\u01b0\u1eddi, ng\u01b0\u1eddi d\u00f9ng c\u00f3 th\u1ec3 chia s\u1ebd file v\u00e0 d\u1eef li\u1ec7u d\u1ec5 d\u00e0ng tr\u00ean c\u00e1c \u1ed5 c\u1ee9ng public n\u00e0y m\u00e0 kh\u00f4ng c\u1ea7n sao ch\u00e9p ho\u1eb7c thay \u0111\u1ed5i.<\/td>\n<\/tr>\n<tr>\n<td style=\"text-align: center;\"><img decoding=\"async\" class=\"alignnone size-full wp-image-4030\" src=\"https:\/\/vietcorp.com\/blog\/wp-content\/uploads\/2020\/12\/lbknn.png\" alt=\"vCloudPoint S100 10\" width=\"38\" height=\"43\" \/><\/p>\n<p class=\"porto-sicon-title\"><strong>Lo\u1ea1i b\u1ecf kh\u1ea3 n\u0103ng nhi\u1ec5m virus<\/strong><\/p>\n<\/td>\n<td style=\"text-align: center;\"><img decoding=\"async\" class=\"size-full wp-image-4031 aligncenter\" src=\"https:\/\/vietcorp.com\/blog\/wp-content\/uploads\/2020\/12\/csbm.png\" alt=\"vCloudPoint S100 11\" width=\"39\" height=\"44\" \/><strong>Ch\u00ednh s\u00e1ch b\u1ea3o m\u1eadt<\/strong><\/td>\n<td><img decoding=\"async\" class=\"size-full wp-image-4032 aligncenter\" src=\"https:\/\/vietcorp.com\/blog\/wp-content\/uploads\/2020\/12\/kcnc.png\" alt=\"vCloudPoint S100 12\" width=\"46\" height=\"40\" \/><\/p>\n<p class=\"porto-sicon-title\" style=\"text-align: center;\"><strong>Kh\u00f4ng c\u00f3 nguy c\u01a1 m\u1ea5t d\u1eef li\u1ec7u<\/strong><\/p>\n<\/td>\n<\/tr>\n<tr>\n<td style=\"text-align: center;\">Thi\u1ebft b\u1ecb vCloudPoint S100 kh\u00f4ng c\u00f3 h\u1ec7 \u0111i\u1ec1u h\u00e0nh, kh\u00f4ng c\u00f3 b\u1ed9 nh\u1edb, kh\u00f4ng ph\u1ea7n m\u1ec1m ho\u1eb7c \u1ee9ng d\u1ee5ng cung c\u1ea5p thi\u1ebft b\u1ecb \u0111\u1ea7u cu\u1ed1i mi\u1ec5n nhi\u1ec5m v\u1edbi virus v\u00e0 ph\u1ea7n m\u1ec1m \u0111\u1ed9c h\u1ea1i.<\/td>\n<td style=\"text-align: left;\">IT c\u00f3 th\u1ec3 \u00e1p d\u1ee5ng ch\u00ednh s\u00e1ch b\u1ea3o m\u1eadt, gi\u00e1m s\u00e1t v\u00e0 v\u00f4 hi\u1ec7u h\u00f3a ng\u01b0\u1eddi d\u00f9ng \u0111\u0103ng nh\u1eadp ho\u1eb7c kh\u00f3a c\u00e1c thi\u1ebft b\u1ecb ngo\u1ea1i vi k\u1ebft n\u1ed1i qua c\u1ed5ng USB, ng\u0103n vi\u1ec7c sao ch\u00e9p c\u00e1c t\u00e0i li\u1ec7u b\u00ed m\u1eadt v\u00e0o b\u1ed9 nh\u1edb di \u0111\u1ed9ng<\/td>\n<td>IT c\u00f3 th\u1ec3 \u00e1p d\u1ee5ng ch\u00ednh s\u00e1ch b\u1ea3o m\u1eadt, gi\u00e1m s\u00e1t v\u00e0 v\u00f4 hi\u1ec7u h\u00f3a ng\u01b0\u1eddi d\u00f9ng \u0111\u0103ng nh\u1eadp ho\u1eb7c kh\u00f3a c\u00e1c thi\u1ebft b\u1ecb ngo\u1ea1i vi k\u1ebft n\u1ed1i qua c\u1ed5ng USB, ng\u0103n vi\u1ec7c sao ch\u00e9p c\u00e1c t\u00e0i li\u1ec7u b\u00ed m\u1eadt v\u00e0o b\u1ed9 nh\u1edb di \u0111\u1ed9ng<\/td>\n<\/tr>\n<tr>\n<td style=\"text-align: center;\"><img decoding=\"async\" class=\"size-full wp-image-4033 aligncenter\" src=\"https:\/\/vietcorp.com\/blog\/wp-content\/uploads\/2020\/12\/tkkg.png\" alt=\"vCloudPoint S100 13\" width=\"40\" height=\"41\" \/><\/p>\n<p><strong>Ti\u1ebft ki\u1ec7m kh\u00f4ng gian<\/strong><\/td>\n<td style=\"text-align: center;\"><img decoding=\"async\" class=\"size-full wp-image-4034 aligncenter\" src=\"https:\/\/vietcorp.com\/blog\/wp-content\/uploads\/2020\/12\/hcto.png\" alt=\"vCloudPoint S100 14\" width=\"34\" height=\"43\" \/><\/p>\n<p><strong>H\u1ea1n ch\u1ebf ti\u1ebfng \u1ed3n<\/strong><\/td>\n<td><img decoding=\"async\" class=\"size-full wp-image-4035 aligncenter\" src=\"https:\/\/vietcorp.com\/blog\/wp-content\/uploads\/2020\/12\/inirt.png\" alt=\"vCloudPoint S100 15\" width=\"40\" height=\"43\" \/><\/p>\n<p><strong>\u00cdt nhi\u1ec7t v\u00e0 \u00edt r\u00e1c th\u1ea3i<\/strong><\/td>\n<\/tr>\n<tr>\n<td style=\"text-align: center;\">vCloudPoint S100 ch\u1ec9 c\u00f3 k\u00edch th\u01b0\u1edbc b\u1eb1ng \u0111i\u1ec7n tho\u1ea1i v\u00e0 c\u00f3 th\u1ec3 \u0111\u01b0\u1ee3c g\u1eafn v\u00e0o m\u1eb7t sau c\u1ee7a m\u00e0n h\u00ecnh, gi\u00fap ti\u1ebft ki\u1ec7m kh\u00f4ng gian qu\u00fd gi\u00e1 t\u1ea1i b\u00e0n l\u00e0m vi\u1ec7c.<\/td>\n<td style=\"text-align: left;\">Kh\u00f4ng b\u1ed9 nh\u1edb hay qu\u1ea1t, vCloudPoint S100 kh\u00f4ng ph\u00e1t ra ti\u1ebfng \u1ed3n khi ho\u1ea1t \u0111\u1ed9ng, cho kh\u00f4ng gian l\u00e0m vi\u1ec7c y\u00ean t\u0129nh.<\/td>\n<td>Thi\u1ebft b\u1ecb vCloudPoint S100 d\u00f9ng \u00edt n\u0103ng l\u01b0\u1ee3ng n\u00ean \u00edt ph\u00e1t sinh nhi\u1ec7t h\u01a1n v\u00e0 gi\u00fap h\u1ea1n ch\u1ebf r\u00e1c t\u1ea3i c\u00f4ng ngh\u1ec7 ra m\u00f4i tr\u01b0\u1eddng.<\/td>\n<\/tr>\n<\/tbody>\n<\/table>\n<p>Xem th\u00eam th\u00f4ng tin h\u1ed7 tr\u1ee3 cho\u00a0<strong>thi\u1ebft b\u1ecb vCloudpoint S100<\/strong><\/p>\n<ul>\n<li><a href=\"https:\/\/www.vietcorp.com\/support\/vcloudpoint\/\">H\u1ed7 tr\u1ee3 vCloudpoint<\/a><\/li>\n<li><a href=\"https:\/\/www.vietcorp.com\/vn\/chung-nhan\/\">Ch\u1ee9ng nh\u1eadn Partner<\/a><\/li>\n<li><a href=\"https:\/\/www.vietcorp.com\/store\/vcloudpoint\/\">Gi\u1edbi thi\u1ec7u s\u1ea3n ph\u1ea9m vCloudpoint<\/a><\/li>\n<\/ul>\n<p><strong>G\u1ee3i \u00fd s\u1ea3n ph\u1ea9m vCloudPoint<\/strong><\/p>\n<p>[\/vc_column_text][\/vc_column][\/vc_row][vc_row][vc_column width=&#8221;1\/2&#8243;]<a class=\"porto-sicon-box-link\" href=\"https:\/\/s.nas.vn\/vcloudpoint-v1-vietcorp\"><div class=\"porto-sicon-box  wpb_custom_1efe903570d178ff0a9b7bfa5febd3a4 style_1 default-icon flex-wrap\"><div class=\"porto-sicon-description\" style=\"\"><a href=\"https:\/\/s.nas.vn\/vcloudpoint-v1-vietcorp\"><img decoding=\"async\" class=\"alignnone wp-image-8287\" src=\"https:\/\/www.vietcorp.com\/store\/wp-content\/uploads\/2020\/11\/vcloudpoint-v1.png\" alt=\"vCloudPoint V1 Zeroclient\" width=\"300\" height=\"300\" \/><\/a><\/p>\n<p><a href=\"https:\/\/s.nas.vn\/vcloudpoint-v1-vietcorp\">vCloudPoint V1 Zeroclient<\/a><br \/>\nVDI RDP (Windows 10, 11, 2019, 2022,\u2026)<br \/>\n1 x VGA, 1 x HDMI (Full HD)<br \/>\n10\/100\/1000 Mbps Ethernet<br \/>\n3.5mm Speaker &amp; 3.5mm Microphone<br \/>\nB\u1ea3o h\u00e0nh 24 th\u00e1ng<\/div> <!-- description --><\/div><!-- porto-sicon-box --><\/a>[\/vc_column][vc_column width=&#8221;1\/2&#8243;]<div class=\"porto-sicon-box  wpb_custom_1efe903570d178ff0a9b7bfa5febd3a4 style_1 default-icon flex-wrap\"><div class=\"porto-sicon-description\" style=\"\">\n<p><a href=\"https:\/\/s.nas.vn\/vcloudpoint-a1-vietcorp\"><img decoding=\"async\" class=\"wp-image-8302\" src=\"https:\/\/www.vietcorp.com\/store\/wp-content\/uploads\/2024\/08\/vcloudpoint-a1-zeroclient-0.png\" alt=\"vCloudPoint A1 Zeroclient\" width=\"300\" height=\"300\" \/><\/a><\/p>\n<p><a href=\"https:\/\/s.nas.vn\/vcloudpoint-a1-vietcorp\">vCloudPoint A1 Zeroclient<\/a><\/p>\n<p>VDI RDP (Windows 10, 11, 2019, 2022,&#8230;)<br \/>\n1 x HDMI (Full HD)<br \/>\n10\/100 Mbps Ethernet<br \/>\n3.5mm Speaker &amp; 3.5mm Microphone<br \/>\nB\u1ea3o h\u00e0nh 24 th\u00e1ng<\/div> <!-- description --><\/div><!-- porto-sicon-box -->[\/vc_column][\/vc_row]<\/p>\n<\/section>","protected":false},"excerpt":{"rendered":"<p>VDI RDP (Windows 10, 11, 2019, 2022,&#8230;)<br \/>\n1 x VGA<br \/>\n10\/100 Mbps Ethernet (RJ45)<br \/>\n3.5mm Speaker &amp; 3.5mm Microphone<br \/>\nB\u1ea3o h\u00e0nh 24 th\u00e1ng<\/p>\n","protected":false},"featured_media":8292,"template":"","meta":[],"product_brand":[],"product_cat":[88],"product_tag":[66,67,69],"class_list":{"0":"post-363","1":"product","2":"type-product","3":"status-publish","4":"has-post-thumbnail","6":"product_cat-zero-clients","7":"product_tag-cloudpc","8":"product_tag-vcloudpoint","9":"product_tag-zero-client","10":"pa_bao-hanh-24-thang","11":"pa_chung-loai-zero-clients","12":"pa_cong-giao-tiep-1-x-rj45-10-100-mbps","13":"pa_cong-giao-tiep-1-x-vga","14":"pa_cong-giao-tiep-2-x-usb-2-0","15":"pa_form-factor-thin-clients","16":"pa_muc-dich-su-dung-danh-cho-doanh-nghiep-lon","17":"pa_muc-dich-su-dung-danh-cho-doanh-nghiep-nho","18":"pa_muc-dich-su-dung-danh-cho-doanh-nghiep-vua","19":"pa_thuong-hieu-vcloudpoint","20":"pa_tinh-nang-phan-mem-windows-vdi","22":"first","23":"outofstock","24":"taxable","25":"shipping-taxable","26":"purchasable","27":"product-type-simple"},"_links":{"self":[{"href":"https:\/\/vietcorp.com\/store\/wp-json\/wp\/v2\/product\/363","targetHints":{"allow":["GET"]}}],"collection":[{"href":"https:\/\/vietcorp.com\/store\/wp-json\/wp\/v2\/product"}],"about":[{"href":"https:\/\/vietcorp.com\/store\/wp-json\/wp\/v2\/types\/product"}],"wp:featuredmedia":[{"embeddable":true,"href":"https:\/\/vietcorp.com\/store\/wp-json\/wp\/v2\/media\/8292"}],"wp:attachment":[{"href":"https:\/\/vietcorp.com\/store\/wp-json\/wp\/v2\/media?parent=363"}],"wp:term":[{"taxonomy":"product_brand","embeddable":true,"href":"https:\/\/vietcorp.com\/store\/wp-json\/wp\/v2\/product_brand?post=363"},{"taxonomy":"product_cat","embeddable":true,"href":"https:\/\/vietcorp.com\/store\/wp-json\/wp\/v2\/product_cat?post=363"},{"taxonomy":"product_tag","embeddable":true,"href":"https:\/\/vietcorp.com\/store\/wp-json\/wp\/v2\/product_tag?post=363"}],"curies":[{"name":"wp","href":"https:\/\/api.w.org\/{rel}","templated":true}]}}