


{"id":3535,"date":"2023-01-01T09:49:24","date_gmt":"2023-01-01T02:49:24","guid":{"rendered":"https:\/\/www.vietcorp.com\/store\/?post_type=product&#038;p=3535"},"modified":"2025-12-11T14:27:19","modified_gmt":"2025-12-11T07:27:19","slug":"synology-ds423-2","status":"publish","type":"product","link":"https:\/\/vietcorp.com\/store\/3535\/synology-ds423-2\/","title":{"rendered":"Synology DS423+"},"content":{"rendered":"<h2><a href=\"https:\/\/www.vietcorp.com\/store\/3535\/synology-ds423-2\/\"><strong>Thi\u1ebft b\u1ecb l\u01b0u tr\u1eef NAS Synology DS423+<\/strong><\/a><\/h2>\n<p>Trung t\u00e2m l\u01b0u tr\u1eef nh\u1ecf g\u1ecdn v\u1edbi 100% quy\u1ec1n s\u1edf h\u1eefu d\u1eef li\u1ec7u<\/p>\n<p><strong>C\u1ea5u h\u00ecnh thi\u1ebft b\u1ecb l\u01b0u tr\u1eef NAS Synology DS423+:<\/strong><\/p>\n<ul>\n<li><strong>CPU:<\/strong> Intel Celeron J4125 quad-core x86 64bit<\/li>\n<li><strong>RAM:<\/strong> 2 GB\u00a0 NON-ECC DDR4 n\u00e2ng c\u1ea5p 6 GB<\/li>\n<li><strong>Storage:<\/strong> 4 khay \u1ed5 \u0111\u0129a<\/li>\n<li><strong>B\u1ed9 nh\u1edb \u0111\u1ec7m:<\/strong> 2 x M.2 2280 NVMe slots supporting SSD Cache and M.2 storage pool.<\/li>\n<li><strong>External ports:<\/strong> 2 c\u1ed5ng RJ-45 1GbE LAN, 2 c\u1ed5ng USB 3.2 Gen 1.<\/li>\n<li><strong>PSU:<\/strong> 90W, External PSU<\/li>\n<li><strong>Size:<\/strong> 166 mm x 199 mm x 223 mm<\/li>\n<li><strong>B\u1ea3o h\u00e0nh 36 th\u00e1ng<\/strong><\/li>\n<\/ul>\n<p><center><iframe loading=\"lazy\" title=\"YouTube video player\" src=\"https:\/\/www.youtube.com\/embed\/jpXsoBJevc4\" width=\"560\" height=\"315\" frameborder=\"0\" allowfullscreen=\"allowfullscreen\"><\/iframe><\/center><\/p>\n<h3 style=\"text-align: center;\"><strong>D\u1ecdn d\u1eb9p d\u1eef li\u1ec7u cho v\u0103n ph\u00f2ng t\u1ea1i nh\u00e0<\/strong><\/h3>\n<p style=\"text-align: center;\"><strong>M\u1ea1nh m\u1ebd v\u00e0 nh\u1ecf g\u1ecdn<\/strong><\/p>\n<p style=\"text-align: center;\">Ch\u1ee9c n\u0103ng m\u1ea1nh m\u1ebd g\u00f3i g\u1ecdn trong th\u00f9ng m\u00e1y 4 khay<\/p>\n<p style=\"text-align: center;\"><strong>H\u1ee3p nh\u1ea5t v\u00e0 chia s\u1ebb<\/strong><\/p>\n<p style=\"text-align: center;\">L\u01b0u tr\u1eef, s\u1eafp x\u1ebfp v\u00e0 chia s\u1ebb l\u00ean \u0111\u1ebfn 72 TB d\u1eef li\u1ec7u.<\/p>\n<p style=\"text-align: center;\"><strong>T\u00edch h\u1ee3p kh\u1ea3 n\u0103ng b\u1ea3o v\u1ec7 d\u1eef li\u1ec7u<\/strong><\/p>\n<p style=\"text-align: center;\">Mang \u0111\u1ebfn c\u00e1c bi\u1ec7n ph\u00e1p che ch\u1edf ph\u1ea7n c\u1ee9ng v\u00e0 ph\u1ea7n m\u1ec1m \u0111\u1ec3 b\u1ea3o v\u1ec7 d\u1eef li\u1ec7u, \u0111\u01b0\u1ee3c h\u00e0ng tri\u1ec7u ng\u01b0\u1eddi tin c\u1eady.<\/p>\n<h3 style=\"text-align: center;\"><strong>Hi\u1ec7u n\u0103ng to\u00e0n di\u1ec7n v\u00e0 m\u1ea1nh m\u1ebd<\/strong><\/h3>\n<p style=\"text-align: center;\">Synology DS423+ linh ho\u1ea1t c\u00f3 th\u1ec3 v\u1eeba \u0111\u00f3ng vai tr\u00f2 l\u00e0 thi\u1ebft b\u1ecb l\u01b0u tr\u1eef trung t\u00e2m, v\u1eeba l\u00e0 trung t\u00e2m \u0111a ph\u01b0\u01a1ng ti\u1ec7n.<\/p>\n<p style=\"text-align: center;\"><img decoding=\"async\" class=\"aligncenter size-full wp-image-3588\" src=\"https:\/\/www.vietcorp.com\/store\/wp-content\/uploads\/2023\/01\/Thiet-bi-luu-tru-nas-Synology-DS423-8.jpg\" alt=\"Thi\u1ebft b\u1ecb l\u01b0u tr\u1eef NAS Synology DS423+ 2\" width=\"600\" height=\"376\" srcset=\"https:\/\/vietcorp.com\/store\/wp-content\/uploads\/2023\/01\/Thiet-bi-luu-tru-nas-Synology-DS423-8.jpg 600w, https:\/\/vietcorp.com\/store\/wp-content\/uploads\/2023\/01\/Thiet-bi-luu-tru-nas-Synology-DS423-8-400x251.jpg 400w, https:\/\/vietcorp.com\/store\/wp-content\/uploads\/2023\/01\/Thiet-bi-luu-tru-nas-Synology-DS423-8-367x230.jpg 367w\" sizes=\"(max-width: 600px) 100vw, 600px\" \/><\/p>\n<p style=\"text-align: center;\">T\u1ed1c \u0111\u1ed9 \u0111\u1ecdc\/ghi l\u00ean \u0111\u1ebfn 226\/224 MB\/s<\/p>\n<p style=\"text-align: center;\">2 khe c\u1eafm SSD M.2 NVMe<\/p>\n<p style=\"text-align: center;\">2 c\u1ed5ng LAN 1 GbE<\/p>\n<h3 style=\"text-align: center;\"><strong>Btrfs: h\u1ec7 th\u1ed1ng t\u1eadp tin n\u00e2ng cao \u0111\u1ec3 b\u1ea3o v\u1ec7 d\u1eef li\u1ec7u<\/strong><\/h3>\n<p style=\"text-align: center;\"><img decoding=\"async\" class=\"aligncenter size-full wp-image-3589\" src=\"https:\/\/www.vietcorp.com\/store\/wp-content\/uploads\/2023\/01\/Thiet-bi-luu-tru-nas-Synology-DS423-9.jpg\" alt=\"Thi\u1ebft b\u1ecb l\u01b0u tr\u1eef NAS Synology DS423+ 3\" width=\"600\" height=\"316\" srcset=\"https:\/\/vietcorp.com\/store\/wp-content\/uploads\/2023\/01\/Thiet-bi-luu-tru-nas-Synology-DS423-9.jpg 600w, https:\/\/vietcorp.com\/store\/wp-content\/uploads\/2023\/01\/Thiet-bi-luu-tru-nas-Synology-DS423-9-400x211.jpg 400w, https:\/\/vietcorp.com\/store\/wp-content\/uploads\/2023\/01\/Thiet-bi-luu-tru-nas-Synology-DS423-9-367x193.jpg 367w\" sizes=\"(max-width: 600px) 100vw, 600px\" \/><\/p>\n<p style=\"text-align: center;\">H\u1ec7 \u0111i\u1ec1u h\u00e0nh Synology DiskStation Manager (<a href=\"https:\/\/www.vietcorp.com\/store\/synology-diskstation-manager-7-2\/\">DSM<\/a>) gi\u00fap Synology DS423+ s\u1eed d\u1ee5ng h\u1ec7 th\u1ed1ng t\u1eadp tin Btrfs ti\u00ean ti\u1ebfn, b\u1ea3o v\u1ec7 d\u1eef li\u1ec7u kh\u1ecfi b\u1ecb h\u01b0 h\u1ecfng v\u00e0 cho ph\u00e9p \u0111\u1ea3o ng\u01b0\u1ee3c m\u1ecdi thay \u0111\u1ed5i ngo\u00e0i \u00fd mu\u1ed1n ho\u1eb7c c\u00f3 h\u1ea1i v\u1edbi c\u00f4ng ngh\u1ec7 b\u1ea3n ghi nhanh.<\/p>\n<h3 style=\"text-align: center;\"><strong>L\u01b0u tr\u1eef, chia s\u1ebb v\u00e0 b\u1ea3o v\u1ec7<\/strong><\/h3>\n<p style=\"text-align: center;\">Qu\u1ea3n l\u00fd to\u00e0n b\u1ed9 t\u00e0i li\u1ec7u, \u1ea3nh v\u00e0 c\u00e1c t\u1eadp tin kh\u00e1c, sao l\u01b0u \u1ee9ng d\u1ee5ng v\u00e0 thi\u1ebft b\u1ecb, \u0111\u1ed3ng th\u1eddi b\u1ea3o v\u1ec7 t\u00e0i s\u1ea3n h\u1eefu h\u00ecnh b\u1eb1ng h\u1ec7 th\u1ed1ng gi\u00e1m s\u00e1t video chuy\u00ean nghi\u1ec7p.<\/p>\n<h3 style=\"text-align: center;\"><strong>\u0110\u00e1m m\u00e2y c\u00e1 nh\u00e2n \u0111\u1ec3 truy c\u1eadp d\u1eef li\u1ec7u li\u1ec1n m\u1ea1ch<\/strong><\/h3>\n<p style=\"text-align: center;\"><strong>\u0110\u00e1m m\u00e2y c\u00e1 nh\u00e2n cho t\u1ea5t c\u1ea3 thi\u1ebft b\u1ecb<\/strong><\/p>\n<p style=\"text-align: center;\"><img decoding=\"async\" class=\"aligncenter size-full wp-image-3590\" src=\"https:\/\/www.vietcorp.com\/store\/wp-content\/uploads\/2023\/01\/Thiet-bi-luu-tru-nas-Synology-DS423-10.jpg\" alt=\"Thi\u1ebft b\u1ecb l\u01b0u tr\u1eef NAS Synology DS423+ 4\" width=\"600\" height=\"498\" srcset=\"https:\/\/vietcorp.com\/store\/wp-content\/uploads\/2023\/01\/Thiet-bi-luu-tru-nas-Synology-DS423-10.jpg 600w, https:\/\/vietcorp.com\/store\/wp-content\/uploads\/2023\/01\/Thiet-bi-luu-tru-nas-Synology-DS423-10-400x332.jpg 400w, https:\/\/vietcorp.com\/store\/wp-content\/uploads\/2023\/01\/Thiet-bi-luu-tru-nas-Synology-DS423-10-367x305.jpg 367w\" sizes=\"(max-width: 600px) 100vw, 600px\" \/><\/p>\n<p style=\"text-align: center;\">L\u01b0u tr\u1eef, \u0111\u1ed3ng b\u1ed9, truy c\u1eadp v\u00e0 chia s\u1ebb d\u1eef li\u1ec7u t\u1eeb m\u1ecdi thi\u1ebft b\u1ecb, m\u1ecdi l\u00fac m\u1ecdi n\u01a1i. L\u00e0m vi\u1ec7c li\u1ec1n m\u1ea1ch gi\u1eefa c\u00e1c n\u1ec1n t\u1ea3ng v\u00e0 thi\u1ebft b\u1ecb kh\u00e1c nhau, \u0111\u1ed3ng th\u1eddi truy c\u1eadp t\u1eadp tin th\u00f4ng qua \u1ee9ng d\u1ee5ng d\u00e0nh cho thi\u1ebft b\u1ecb di \u0111\u1ed9ng, \u1ee9ng d\u1ee5ng tr\u00ean m\u00e1y t\u00ednh \u0111\u1ec3 b\u00e0n v\u00e0 tr\u00ecnh duy\u1ec7t. Nhanh ch\u00f3ng, d\u1ec5 d\u00e0ng kh\u00f4i ph\u1ee5c c\u00e1c t\u1eadp tin trong tr\u01b0\u1eddng h\u1ee3p v\u00f4 t\u00ecnh x\u00f3a, nh\u1ea7m l\u1eabn, ph\u1ea7n m\u1ec1m \u0111\u1ed9c h\u1ea1i, v.v. v\u1edbi t\u00ednh n\u0103ng t\u1ea1o phi\u00ean b\u1ea3n. T\u00ecm hi\u1ec3u th\u00eam v\u1ec1 <a href=\"https:\/\/www.vietcorp.com\/store\/synology-drive\/\"><strong>Synology Drive<\/strong><\/a><\/p>\n<p style=\"text-align: center;\"><strong>S\u1eafp x\u1ebfp \u1ea3nh<\/strong><\/p>\n<p style=\"text-align: center;\"><img decoding=\"async\" class=\"aligncenter size-full wp-image-3591\" src=\"https:\/\/www.vietcorp.com\/store\/wp-content\/uploads\/2023\/01\/Thiet-bi-luu-tru-nas-Synology-DS423-10-1.jpg\" alt=\"Thi\u1ebft b\u1ecb l\u01b0u tr\u1eef NAS Synology DS423+ 5\" width=\"600\" height=\"503\" srcset=\"https:\/\/vietcorp.com\/store\/wp-content\/uploads\/2023\/01\/Thiet-bi-luu-tru-nas-Synology-DS423-10-1.jpg 600w, https:\/\/vietcorp.com\/store\/wp-content\/uploads\/2023\/01\/Thiet-bi-luu-tru-nas-Synology-DS423-10-1-400x335.jpg 400w, https:\/\/vietcorp.com\/store\/wp-content\/uploads\/2023\/01\/Thiet-bi-luu-tru-nas-Synology-DS423-10-1-367x308.jpg 367w\" sizes=\"(max-width: 600px) 100vw, 600px\" \/><\/p>\n<p style=\"text-align: center;\">Sao l\u01b0u, s\u1eafp x\u1ebfp \u1ea3nh v\u00e0 video hi\u1ec7u qu\u1ea3 b\u1eb1ng c\u00e1c c\u00f4ng c\u1ee5 qu\u1ea3n l\u00fd d\u00e0nh cho ng\u01b0\u1eddi d\u00f9ng nghi\u1ec7p d\u01b0 v\u00e0 chuy\u00ean nghi\u1ec7p. T\u1ef1 \u0111\u1ed9ng s\u1eafp x\u1ebfp n\u1ed9i dung th\u00e0nh album v\u00e0 t\u1ea1o li\u00ean k\u1ebft chia s\u1ebb an to\u00e0n cho gia \u0111\u00ecnh, b\u1ea1n b\u00e8 ho\u1eb7c kh\u00e1ch h\u00e0ng. T\u00ecm hi\u1ec3u th\u00eam v\u1ec1 <strong><a href=\"https:\/\/www.vietcorp.com\/store\/synology-photos\/\">Synology Photos<\/a><\/strong><\/p>\n<p style=\"text-align: center;\"><strong>D\u1ec5 d\u00e0ng \u0111\u1ed3ng b\u1ed9 nhi\u1ec1u NAS Synology<\/strong><\/p>\n<p style=\"text-align: center;\"><img decoding=\"async\" class=\"aligncenter size-full wp-image-3592\" src=\"https:\/\/www.vietcorp.com\/store\/wp-content\/uploads\/2023\/01\/Thiet-bi-luu-tru-nas-Synology-DS423-11.jpg\" alt=\"Thi\u1ebft b\u1ecb l\u01b0u tr\u1eef NAS Synology DS423+ 6\" width=\"542\" height=\"382\" srcset=\"https:\/\/vietcorp.com\/store\/wp-content\/uploads\/2023\/01\/Thiet-bi-luu-tru-nas-Synology-DS423-11.jpg 542w, https:\/\/vietcorp.com\/store\/wp-content\/uploads\/2023\/01\/Thiet-bi-luu-tru-nas-Synology-DS423-11-400x282.jpg 400w, https:\/\/vietcorp.com\/store\/wp-content\/uploads\/2023\/01\/Thiet-bi-luu-tru-nas-Synology-DS423-11-367x259.jpg 367w\" sizes=\"(max-width: 542px) 100vw, 542px\" \/>L\u00e0m vi\u1ec7c c\u1ed9ng t\u00e1c m\u00e0 g\u1ea7n nh\u01b0 kh\u00f4ng c\u00f3 th\u1eddi gian ng\u01b0ng ho\u1ea1t \u0111\u1ed9ng b\u1eb1ng t\u00ednh n\u0103ng \u0111\u1ed3ng b\u1ed9 h\u00f3a t\u1eadp tin t\u1eeb \u0111\u1ecba \u0111i\u1ec3m n\u00e0y t\u1edbi \u0111\u1ecba \u0111i\u1ec3m kh\u00e1c, c\u00f3 th\u1ec3 thi\u1ebft l\u1eadp c\u1ea5u h\u00ecnh t\u1ef1 \u0111\u1ed9ng \u0111\u1ed3ng b\u1ed9 t\u1eadp tin ho\u1eb7c th\u01b0 m\u1ee5c ri\u00eang l\u1ebb gi\u1eefa c\u00e1c thi\u1ebft b\u1ecb Synology, cho ph\u00e9p truy c\u1eadp t\u1eadp tin li\u1ec1n m\u1ea1ch.<\/p>\n<p style=\"text-align: center;\"><strong>Chia s\u1ebb d\u1eef li\u1ec7u v\u1edbi c\u00f4ng ngh\u1ec7 \u0111\u00e1m m\u00e2y<\/strong><\/p>\n<p style=\"text-align: center;\"><img decoding=\"async\" class=\"aligncenter size-full wp-image-3593\" src=\"https:\/\/www.vietcorp.com\/store\/wp-content\/uploads\/2023\/01\/Thiet-bi-luu-tru-nas-Synology-DS423-12.jpg\" alt=\"Thi\u1ebft b\u1ecb l\u01b0u tr\u1eef NAS Synology DS423+ 7\" width=\"549\" height=\"387\" srcset=\"https:\/\/vietcorp.com\/store\/wp-content\/uploads\/2023\/01\/Thiet-bi-luu-tru-nas-Synology-DS423-12.jpg 549w, https:\/\/vietcorp.com\/store\/wp-content\/uploads\/2023\/01\/Thiet-bi-luu-tru-nas-Synology-DS423-12-400x282.jpg 400w, https:\/\/vietcorp.com\/store\/wp-content\/uploads\/2023\/01\/Thiet-bi-luu-tru-nas-Synology-DS423-12-367x259.jpg 367w\" sizes=\"(max-width: 549px) 100vw, 549px\" \/><\/p>\n<p style=\"text-align: center;\">Gi\u1ea3m dung l\u01b0\u1ee3ng l\u01b0u tr\u1eef t\u1ea1i c\u01a1 s\u1edf v\u00e0 t\u1eadn h\u01b0\u1edfng l\u1ee3i \u00edch t\u1eeb t\u1ed1c \u0111\u1ed9 m\u1ea1ng c\u1ee7a trung t\u00e2m d\u1eef li\u1ec7u v\u1edbi c\u00f4ng ngh\u1ec7 \u0111\u00e1m m\u00e2y k\u1ebft h\u1ee3p. D\u1ecbch v\u1ee5 <a href=\"https:\/\/www.vietcorp.com\/store\/hybrid-share\/\">Hybrid Share<\/a> t\u00f9y ch\u1ecdn mang t\u1edbi kh\u1ea3 n\u0103ng l\u01b0u tr\u1eef d\u1eef li\u1ec7u l\u1ea1nh tr\u00ean \u0111\u00e1m m\u00e2y m\u1ed9t c\u00e1ch hi\u1ec7u qu\u1ea3, \u0111\u1ed3ng th\u1eddi l\u01b0u t\u1eadp tin th\u01b0\u1eddng xuy\u00ean truy c\u1eadp v\u00e0o b\u1ed9 nh\u1edb \u0111\u1ec7m c\u1ee5c b\u1ed9 tr\u00ean Synology DS423+ v\u00e0 c\u00f3 th\u1ec3 truy c\u1eadp \u1edf t\u1ed1c \u0111\u1ed9 m\u1ea1ng LAN.<\/p>\n<h3 style=\"text-align: center;\"><strong>Sao l\u01b0u nhi\u1ec1u l\u1edbp<\/strong><\/h3>\n<p style=\"text-align: center;\"><strong>Sao l\u01b0u PC, \u0111i\u1ec7n tho\u1ea1i th\u00f4ng minh, \u1ee9ng d\u1ee5ng \u0111\u00e1m m\u00e2y, v.v.<\/strong><\/p>\n<p style=\"text-align: center;\"><img decoding=\"async\" class=\"aligncenter size-full wp-image-3594\" src=\"https:\/\/www.vietcorp.com\/store\/wp-content\/uploads\/2023\/01\/Thiet-bi-luu-tru-nas-Synology-DS423-13.jpg\" alt=\"Thi\u1ebft b\u1ecb l\u01b0u tr\u1eef NAS Synology DS423+ 8\" width=\"600\" height=\"373\" srcset=\"https:\/\/vietcorp.com\/store\/wp-content\/uploads\/2023\/01\/Thiet-bi-luu-tru-nas-Synology-DS423-13.jpg 600w, https:\/\/vietcorp.com\/store\/wp-content\/uploads\/2023\/01\/Thiet-bi-luu-tru-nas-Synology-DS423-13-400x249.jpg 400w, https:\/\/vietcorp.com\/store\/wp-content\/uploads\/2023\/01\/Thiet-bi-luu-tru-nas-Synology-DS423-13-367x228.jpg 367w\" sizes=\"(max-width: 600px) 100vw, 600px\" \/><\/p>\n<p style=\"text-align: center;\">H\u1ee3p nh\u1ea5t v\u00e0 t\u1ef1 \u0111\u1ed9ng h\u00f3a c\u00e1c t\u00e1c v\u1ee5 sao l\u01b0u cho PC, m\u00e1y ch\u1ee7 t\u1eadp tin, m\u00e1y \u1ea3o, \u1ee9ng d\u1ee5ng SaaS, v.v. v\u1edbi Active Backup Suite. Qu\u1ea3n l\u00fd c\u00e1c b\u1ea3n sao l\u01b0u thi\u1ebft b\u1ecb t\u1eeb xa th\u00f4ng qua m\u1ed9t c\u1ed5ng th\u00f4ng tin t\u1eadp trung v\u00e0 nhanh ch\u00f3ng kh\u00f4i ph\u1ee5c c\u00e1c t\u1eadp tin c\u1ee5 th\u1ec3 ho\u1eb7c to\u00e0n b\u1ed9 thi\u1ebft b\u1ecb \u0111\u1ec3 duy tr\u00ec ho\u1ea1t \u0111\u1ed9ng kinh doanh. T\u1eadn d\u1ee5ng c\u00e1c gi\u1ea3i ph\u00e1p sao l\u01b0u t\u1eeb xa t\u00edch h\u1ee3p, \u0111\u01b0\u1ee3c thi\u1ebft k\u1ebf \u0111\u1ec3 b\u1ea3o v\u1ec7 d\u1eef li\u1ec7u v\u1edbi c\u1ea5u h\u00ecnh <a href=\"https:\/\/www.vietcorp.com\/store\/quy-tac-sao-luu-3-2-1\/\">sao l\u01b0u 3-2-1<\/a> li\u1ec1n m\u1ea1ch.<\/p>\n<p style=\"text-align: center;\"><strong>Th\u1ef1c hi\u1ec7n sao l\u01b0u to\u00e0n b\u1ed9 h\u1ec7 th\u1ed1ng Synology<\/strong><\/p>\n<p style=\"text-align: center;\"><img decoding=\"async\" class=\"aligncenter size-full wp-image-3595\" src=\"https:\/\/www.vietcorp.com\/store\/wp-content\/uploads\/2023\/01\/Thiet-bi-luu-tru-nas-Synology-DS423-14.jpg\" alt=\"Thi\u1ebft b\u1ecb l\u01b0u tr\u1eef NAS Synology DS423+ 9\" width=\"582\" height=\"412\" srcset=\"https:\/\/vietcorp.com\/store\/wp-content\/uploads\/2023\/01\/Thiet-bi-luu-tru-nas-Synology-DS423-14.jpg 582w, https:\/\/vietcorp.com\/store\/wp-content\/uploads\/2023\/01\/Thiet-bi-luu-tru-nas-Synology-DS423-14-400x283.jpg 400w, https:\/\/vietcorp.com\/store\/wp-content\/uploads\/2023\/01\/Thiet-bi-luu-tru-nas-Synology-DS423-14-367x260.jpg 367w\" sizes=\"(max-width: 582px) 100vw, 582px\" \/><\/p>\n<p style=\"text-align: center;\">B\u1ea3o v\u1ec7 t\u1ea5t c\u1ea3 d\u1eef li\u1ec7u, \u1ee9ng d\u1ee5ng v\u00e0 c\u1ea5u h\u00ecnh tr\u00ean h\u1ec7 th\u1ed1ng Synology b\u1eb1ng c\u00e1c b\u1ea3n sao l\u01b0u to\u00e0n di\u1ec7n theo l\u1ecbch tr\u00ecnh t\u1edbi m\u00e1y ch\u1ee7 c\u1ee5c b\u1ed9 v\u00e0 m\u00e1y ch\u1ee7 t\u1eeb xa, \u1ed5 \u0111\u0129a ngo\u00e0i ho\u1eb7c \u0111i\u1ec3m l\u01b0u tr\u1eef \u0111\u00e1m m\u00e2y, bao g\u1ed3m c\u1ea3 Synology C2 Storage.<\/p>\n<p style=\"text-align: center;\"><strong>B\u1ea3o v\u1ec7 th\u01b0 m\u1ee5c v\u00e0 LUN b\u1eb1ng b\u1ea3n ghi nhanh<\/strong><\/p>\n<p style=\"text-align: center;\"><img decoding=\"async\" class=\"aligncenter size-full wp-image-3596\" src=\"https:\/\/www.vietcorp.com\/store\/wp-content\/uploads\/2023\/01\/Thiet-bi-luu-tru-nas-Synology-DS423-15.jpg\" alt=\"Thi\u1ebft b\u1ecb l\u01b0u tr\u1eef NAS Synology DS423+ 10\" width=\"585\" height=\"419\" srcset=\"https:\/\/vietcorp.com\/store\/wp-content\/uploads\/2023\/01\/Thiet-bi-luu-tru-nas-Synology-DS423-15.jpg 585w, https:\/\/vietcorp.com\/store\/wp-content\/uploads\/2023\/01\/Thiet-bi-luu-tru-nas-Synology-DS423-15-400x286.jpg 400w, https:\/\/vietcorp.com\/store\/wp-content\/uploads\/2023\/01\/Thiet-bi-luu-tru-nas-Synology-DS423-15-367x263.jpg 367w\" sizes=\"(max-width: 585px) 100vw, 585px\" \/><\/p>\n<p style=\"text-align: center;\">Thi\u1ebft l\u1eadp c\u1ea5u h\u00ecnh b\u1ea3n ghi nhanh t\u1ea1m th\u1eddi hi\u1ec7u qu\u1ea3 cho c\u00e1c th\u01b0 m\u1ee5c chia s\u1ebb v\u00e0 LUN trong kho\u1ea3ng th\u1eddi gian ch\u1ec9 v\u1ecfn v\u1eb9n 5 ph\u00fat. Gi\u00fap ng\u01b0\u1eddi d\u00f9ng d\u1ec5 d\u00e0ng kh\u00f4i ph\u1ee5c c\u00e1c phi\u00ean b\u1ea3n tr\u01b0\u1edbc c\u1ee7a t\u1eadp tin m\u00e0 kh\u00f4ng c\u1ea7n h\u1ed7 tr\u1ee3, nhanh ch\u00f3ng kh\u00f4i ph\u1ee5c m\u00e1y \u1ea3o v\u00e0 sao ch\u00e9p b\u1ea3n ghi nhanh sang m\u1ed9t m\u00e1y ch\u1ee7 kh\u00e1c \u0111\u1ec3 t\u1eadn h\u01b0\u1edfng l\u1ee3i \u00edch t\u1eeb kh\u1ea3 n\u0103ng chuy\u1ec3n \u0111\u1ed5i d\u1ef1 ph\u00f2ng nhanh ch\u00f3ng. T\u00ecm hi\u1ec3u th\u00eam v\u1ec1 <a href=\"https:\/\/www.vietcorp.com\/store\/snapshot-replication\/\"><strong>Snapshot Replication<\/strong><\/a><\/p>\n<h3 style=\"text-align: center;\"><strong>Gi\u00e1m s\u00e1t th\u00f4ng minh<\/strong><\/h3>\n<p style=\"text-align: center;\"><a href=\"https:\/\/www.vietcorp.com\/store\/surveillance-station\/\"><strong>Synology Surveillance Station<\/strong><\/a><\/p>\n<p style=\"text-align: center;\"><img decoding=\"async\" class=\"aligncenter size-full wp-image-3597\" src=\"https:\/\/www.vietcorp.com\/store\/wp-content\/uploads\/2023\/01\/Thiet-bi-luu-tru-nas-Synology-DS423-16.jpg\" alt=\"Thi\u1ebft b\u1ecb l\u01b0u tr\u1eef NAS Synology DS423+ 11\" width=\"600\" height=\"332\" srcset=\"https:\/\/vietcorp.com\/store\/wp-content\/uploads\/2023\/01\/Thiet-bi-luu-tru-nas-Synology-DS423-16.jpg 600w, https:\/\/vietcorp.com\/store\/wp-content\/uploads\/2023\/01\/Thiet-bi-luu-tru-nas-Synology-DS423-16-400x221.jpg 400w, https:\/\/vietcorp.com\/store\/wp-content\/uploads\/2023\/01\/Thiet-bi-luu-tru-nas-Synology-DS423-16-367x203.jpg 367w\" sizes=\"(max-width: 600px) 100vw, 600px\" \/><\/p>\n<p style=\"text-align: center;\">B\u1ea3o v\u1ec7 doanh nghi\u1ec7p ch\u01b0a bao gi\u1edd d\u1ec5 d\u00e0ng h\u01a1n th\u1ebf v\u1edbi t\u00ednh n\u0103ng qu\u1ea3n l\u00fd t\u1eadp trung, h\u1ed7 tr\u1ee3 h\u01a1n 8.300 lo\u1ea1i camera IP, gi\u00e1m s\u00e1t v\u00e0 ph\u00e1t l\u1ea1i t\u1eeb xa. H\u1ec7 th\u1ed1ng qu\u1ea3n l\u00fd video c\u1ee7a Synology cung c\u1ea5p t\u1ea5t c\u1ea3 c\u00e1c c\u00f4ng c\u1ee5 b\u1ea1n c\u1ea7n \u0111\u1ec3 theo d\u00f5i tr\u1ef1c ti\u1ebfp, \u0111i\u1ec1u tra, qu\u1ea3n l\u00fd v\u00e0 sao l\u01b0u.<\/p>\n<p style=\"text-align: center;\"><strong>Ghi h\u00ecnh k\u00e9p l\u00ean \u0111\u00e1m m\u00e2y<\/strong><\/p>\n<p style=\"text-align: center;\"><img decoding=\"async\" class=\"aligncenter size-full wp-image-3598\" src=\"https:\/\/www.vietcorp.com\/store\/wp-content\/uploads\/2023\/01\/Thiet-bi-luu-tru-nas-Synology-DS423-17.jpg\" alt=\"Thi\u1ebft b\u1ecb l\u01b0u tr\u1eef NAS Synology DS423+ 12\" width=\"600\" height=\"311\" srcset=\"https:\/\/vietcorp.com\/store\/wp-content\/uploads\/2023\/01\/Thiet-bi-luu-tru-nas-Synology-DS423-17.jpg 600w, https:\/\/vietcorp.com\/store\/wp-content\/uploads\/2023\/01\/Thiet-bi-luu-tru-nas-Synology-DS423-17-400x207.jpg 400w, https:\/\/vietcorp.com\/store\/wp-content\/uploads\/2023\/01\/Thiet-bi-luu-tru-nas-Synology-DS423-17-367x190.jpg 367w\" sizes=\"(max-width: 600px) 100vw, 600px\" \/><\/p>\n<p style=\"text-align: center;\">C2 Surveillance s\u1ebd gi\u00fap b\u1ea1n duy tr\u00ec quy\u1ec1n truy c\u1eadp v\u00e0o \u0111o\u1ea1n video gi\u00e1m s\u00e1t n\u1ebfu m\u00e1y ch\u1ee7 ghi h\u00ecnh b\u1ecb t\u1eaft b\u1eb1ng c\u00e1ch ghi v\u00e0o m\u00e1y ch\u1ee7 c\u1ee5c b\u1ed9 c\u0169ng nh\u01b0 C2 Cloud. T\u00ednh n\u0103ng m\u00e3 h\u00f3a \u0111\u1ea7u cu\u1ed1i s\u1ebd b\u1ea3o v\u1ec7 c\u00e1c \u0111o\u1ea1n video kh\u1ecfi h\u00e0nh vi truy c\u1eadp tr\u00e1i ph\u00e9p, \u0111\u1ed3ng th\u1eddi t\u00ednh n\u0103ng ghi h\u00ecnh \u0111\u1ed9 tr\u1ec5 th\u1ea5p s\u1ebd gi\u00fap b\u1ea1n xem l\u1ea1i v\u00e0i gi\u00e2y quan tr\u1ecdng cu\u1ed1i c\u00f9ng tr\u01b0\u1edbc khi m\u00e1y ch\u1ee7 ghi h\u00ecnh b\u1ecb m\u1ea5t k\u1ebft n\u1ed1i.<\/p>\n<h3 style=\"text-align: center;\"><strong>Nhi\u1ec1u l\u1ee3i \u00edch h\u01a1n v\u1edbi DiskStation Manager<\/strong><\/h3>\n<p style=\"text-align: center;\">T\u1eadn d\u1ee5ng h\u00e0ng lo\u1ea1t c\u00e1c gi\u1ea3i ph\u00e1p t\u0103ng n\u0103ng su\u1ea5t l\u00e0m vi\u1ec7c, qu\u1ea3n l\u00fd v\u00e0 b\u1ea3o m\u1eadt c\u00f3 s\u1eb5n trong h\u1ec7 \u0111i\u1ec1u h\u00e0nh Synology DSM tr\u00ean n\u1ec1n t\u1ea3ng web.<\/p>\n<p style=\"text-align: center;\"><a href=\"https:\/\/www.vietcorp.com\/store\/cms\/\"><strong>Central Management System<\/strong><\/a><\/p>\n<p style=\"text-align: center;\">Qu\u1ea3n l\u00fd thu\u1eadn ti\u1ec7n c\u00e1c thi\u1ebft b\u1ecb <a href=\"https:\/\/www.vietcorp.com\/store\/nas-synology\/\"><strong>NAS Synology<\/strong><\/a> c\u1ee7a b\u1ea1n tr\u00ean b\u1ea3ng \u0111i\u1ec1u khi\u1ec3n t\u1eadp trung.<\/p>\n<p style=\"text-align: center;\"><a href=\"https:\/\/www.vietcorp.com\/store\/giai-phap-bao-mat-cua-synology\/\"><strong>B\u1ea3o m\u1eadt<\/strong><\/a><\/p>\n<p style=\"text-align: center;\">B\u1ea3o v\u1ec7 NAS Synology c\u1ee7a b\u1ea1n kh\u1ecfi c\u00e1c m\u1ed1i \u0111e d\u1ecda tinh vi nh\u1ea5t b\u1eb1ng c\u00e1c gi\u1ea3i ph\u00e1p b\u1ea3o m\u1eadt h\u00e0ng \u0111\u1ea7u trong ng\u00e0nh.<\/p>\n<p style=\"text-align: center;\"><a href=\"https:\/\/www.vietcorp.com\/store\/synology-high-availability\/\"><strong>Synology High Availability<\/strong><\/a><\/p>\n<p style=\"text-align: center;\">Chuy\u1ec3n \u0111\u1ed5i li\u1ec1n m\u1ea1ch gi\u1eefa c\u00e1c m\u00e1y ch\u1ee7 ph\u00e2n c\u1ee5m trong tr\u01b0\u1eddng h\u1ee3p m\u00e1y ch\u1ee7 b\u1ecb l\u1ed7i \u0111\u1ec3 gi\u1ea3m thi\u1ec3u t\u00e1c \u0111\u1ed9ng \u0111\u1ebfn c\u00e1c \u1ee9ng d\u1ee5ng.<\/p>\n<h3><strong>Synology lu\u00f4n s\u00e1t c\u00e1nh b\u00ean b\u1ea1n<\/strong><\/h3>\n<p>Synology DS423+ \u0111\u01b0\u1ee3c b\u1ea3o h\u00e0nh ph\u1ea7n c\u1ee9ng 3 n\u0103m c\u1ee7a Synology. M\u1ed9t s\u1ed1 khu v\u1ef1c c\u00f3 t\u00f9y ch\u1ecdn b\u1ea3o h\u00e0nh m\u1edf r\u1ed9ng 2 n\u0103m \u0111\u1ec3 m\u1edf r\u1ed9ng ph\u1ea1m vi b\u1ea3o h\u00e0nh l\u00ean \u0111\u1ebfn 5 n\u0103m.<\/p>\n<h3><strong>B\u1ec1 m\u1eb7t ngo\u00e0i Synology DS423+<\/strong><\/h3>\n<p><img decoding=\"async\" class=\"aligncenter size-full wp-image-3599\" src=\"https:\/\/www.vietcorp.com\/store\/wp-content\/uploads\/2023\/01\/Thiet-bi-luu-tru-nas-Synology-DS423-18.jpg\" alt=\"Thi\u1ebft b\u1ecb l\u01b0u tr\u1eef NAS Synology DS423+ 13\" width=\"1024\" height=\"355\" srcset=\"https:\/\/vietcorp.com\/store\/wp-content\/uploads\/2023\/01\/Thiet-bi-luu-tru-nas-Synology-DS423-18.jpg 1024w, https:\/\/vietcorp.com\/store\/wp-content\/uploads\/2023\/01\/Thiet-bi-luu-tru-nas-Synology-DS423-18-600x208.jpg 600w, https:\/\/vietcorp.com\/store\/wp-content\/uploads\/2023\/01\/Thiet-bi-luu-tru-nas-Synology-DS423-18-768x266.jpg 768w, https:\/\/vietcorp.com\/store\/wp-content\/uploads\/2023\/01\/Thiet-bi-luu-tru-nas-Synology-DS423-18-640x222.jpg 640w, https:\/\/vietcorp.com\/store\/wp-content\/uploads\/2023\/01\/Thiet-bi-luu-tru-nas-Synology-DS423-18-400x139.jpg 400w, https:\/\/vietcorp.com\/store\/wp-content\/uploads\/2023\/01\/Thiet-bi-luu-tru-nas-Synology-DS423-18-367x127.jpg 367w\" sizes=\"(max-width: 1024px) 100vw, 1024px\" \/><\/p>\n<p><center><iframe loading=\"lazy\" title=\"YouTube video player\" src=\"https:\/\/www.youtube.com\/embed\/VEZCsmTyhwg?si=ts6zjUEoTEKmNzsR\" width=\"560\" height=\"315\" frameborder=\"0\" allowfullscreen=\"allowfullscreen\"><\/iframe><\/center>Xem th\u00eam:<\/p>\n<ul>\n<li><a href=\"https:\/\/www.vietcorp.com\/vn\/chung-nhan\/\">Ch\u1ee9ng nh\u1eadn Synology<\/a><\/li>\n<li><a href=\"https:\/\/vietcorp.com\/support\/synology\/\">Support Synology<\/a><\/li>\n<li><a href=\"https:\/\/www.vietcorp.com\/blog\/tag\/showcase-synology\/\">Showcase Synology<\/a><\/li>\n<\/ul>\n<p>&nbsp;<\/p>\n","protected":false},"excerpt":{"rendered":"<p>Thi\u1ebft b\u1ecb l\u01b0u tr\u1eef NAS Synology DS423+<br \/>\nNAS 4 khay \u1ed5 \u0111\u0129a<br \/>\n2GB DDR4 non-ECC up to 6GB<br \/>\n2 x RJ-45 1GbE<br \/>\nB\u1ea3o h\u00e0nh 36 th\u00e1ng<\/p>\n","protected":false},"featured_media":7181,"template":"","meta":[],"product_brand":[],"product_cat":[15,337],"product_tag":[16,443,53,42,444,23,445],"class_list":{"0":"post-3535","1":"product","2":"type-product","3":"status-publish","4":"has-post-thumbnail","6":"product_cat-nas","7":"product_cat-san-pham-ngung-kinh-doanh","8":"product_tag-diskstation","9":"product_tag-ds423","10":"product_tag-nas","11":"product_tag-nas-4-bay","12":"product_tag-nas-ds423","13":"product_tag-synology","14":"product_tag-synology-ds423","15":"pa_thuong-hieu-synology","17":"first","18":"outofstock","19":"taxable","20":"shipping-taxable","21":"product-type-simple"},"_links":{"self":[{"href":"https:\/\/vietcorp.com\/store\/wp-json\/wp\/v2\/product\/3535","targetHints":{"allow":["GET"]}}],"collection":[{"href":"https:\/\/vietcorp.com\/store\/wp-json\/wp\/v2\/product"}],"about":[{"href":"https:\/\/vietcorp.com\/store\/wp-json\/wp\/v2\/types\/product"}],"wp:featuredmedia":[{"embeddable":true,"href":"https:\/\/vietcorp.com\/store\/wp-json\/wp\/v2\/media\/7181"}],"wp:attachment":[{"href":"https:\/\/vietcorp.com\/store\/wp-json\/wp\/v2\/media?parent=3535"}],"wp:term":[{"taxonomy":"product_brand","embeddable":true,"href":"https:\/\/vietcorp.com\/store\/wp-json\/wp\/v2\/product_brand?post=3535"},{"taxonomy":"product_cat","embeddable":true,"href":"https:\/\/vietcorp.com\/store\/wp-json\/wp\/v2\/product_cat?post=3535"},{"taxonomy":"product_tag","embeddable":true,"href":"https:\/\/vietcorp.com\/store\/wp-json\/wp\/v2\/product_tag?post=3535"}],"curies":[{"name":"wp","href":"https:\/\/api.w.org\/{rel}","templated":true}]}}