


{"id":3527,"date":"2023-01-01T09:42:05","date_gmt":"2023-01-01T02:42:05","guid":{"rendered":"https:\/\/www.vietcorp.com\/store\/?post_type=product&#038;p=3527"},"modified":"2025-12-11T11:46:54","modified_gmt":"2025-12-11T04:46:54","slug":"synology-ds423","status":"publish","type":"product","link":"https:\/\/vietcorp.com\/store\/3527\/synology-ds423\/","title":{"rendered":"Synology DS423"},"content":{"rendered":"<h2><a href=\"https:\/\/www.vietcorp.com\/store\/3527\/synology-ds423\/\"><strong>Thi\u1ebft b\u1ecb l\u01b0u tr\u1eef NAS Synology DS423<\/strong><\/a><\/h2>\n<p>N\u1ec1n t\u1ea3ng qu\u1ea3n l\u00fd d\u1eef li\u1ec7u \u0111a n\u0103ng d\u00e0nh cho c\u00f4ng vi\u1ec7c v\u00e0 h\u01a1n th\u1ebf n\u1eefa<\/p>\n<p><strong>Th\u00f4ng s\u1ed1 k\u1ef9 thu\u1eadt NAS Synology DS423:<\/strong><\/p>\n<ul>\n<li><strong>CPU:<\/strong> Realtek RTD1619B quad-core processor<\/li>\n<li><strong>RAM:<\/strong> 2 GB non-ECC DDR4 onboard (non-upgradable)<\/li>\n<li><strong>Storage:<\/strong> 4 khay \u1ed5 \u0111\u0129a<\/li>\n<li><strong>B\u1ed9 nh\u1edb \u0111\u1ec7m:<\/strong>\u00a02 khe (NVMe)<\/li>\n<li><strong>External ports:<\/strong> 2 c\u1ed5ng RJ-45 1GbE LAN, 2 c\u1ed5ng USB 3.2 Gen 1<\/li>\n<li>H\u1ed7 tr\u1ee3 Btrfs and Snapshot Replication<\/li>\n<li><strong>B\u1ea3o h\u00e0nh 24 th\u00e1ng<\/strong><\/li>\n<\/ul>\n<p>&nbsp;<\/p>\n<p><center><iframe loading=\"lazy\" title=\"YouTube video player\" src=\"https:\/\/www.youtube.com\/embed\/J_K5Jv_zPYI\" width=\"560\" height=\"315\" frameborder=\"0\" allowfullscreen=\"allowfullscreen\"><\/iframe><\/center><\/p>\n<h3><strong>\u0110\u01a1n gi\u1ea3n h\u00f3a kh\u00e2u qu\u1ea3n l\u00fd d\u1eef li\u1ec7u<\/strong><\/h3>\n<p><strong>L\u01b0u tr\u1eef \u0111\u00e1m m\u00e2y an to\u00e0n<\/strong><\/p>\n<p>L\u01b0u tr\u1eef linh ho\u1ea1t t\u1edbi 72 TB d\u1eef li\u1ec7u v\u1edbi 100% quy\u1ec1n s\u1edf h\u1eefu v\u00e0 t\u1eadn h\u01b0\u1edfng quy\u1ec1n truy c\u1eadp \u0111a n\u1ec1n t\u1ea3ng m\u1ecdi l\u00fac m\u1ecdi n\u01a1i.<\/p>\n<p><strong>Chia s\u1ebb d\u1eef li\u1ec7u d\u1ec5 d\u00e0ng<\/strong><\/p>\n<p>Chia s\u1ebb t\u1eadp tin v\u00e0 ph\u01b0\u01a1ng ti\u1ec7n m\u1ed9t c\u00e1ch an to\u00e0n qua \u0111\u00e1m m\u00e2y ri\u00eang \u0111\u1ec3 l\u00e0m vi\u1ec7c c\u1ed9ng t\u00e1c d\u1ec5 d\u00e0ng h\u01a1n v\u00e0 \u0111\u1ea1t n\u0103ng su\u1ea5t cao h\u01a1n.<\/p>\n<p><strong>Gi\u00e1m s\u00e1t video \u0111a n\u0103ng<\/strong><\/p>\n<p>T\u1eadn d\u1ee5ng c\u00e1c c\u00f4ng c\u1ee5 gi\u00e1m s\u00e1t tr\u1ef1c quan \u0111\u1ec3 b\u1ea3o v\u1ec7 c\u01a1 s\u1edf h\u1ea1 t\u1ea7ng v\u00e0 l\u01b0u tr\u1eef video gi\u00e1m s\u00e1t t\u1eeb t\u1ed1i \u0111a 30 camera IP.<\/p>\n<h3><strong>T\u1ea1o trung t\u00e2m \u0111\u00e1m m\u00e2y ri\u00eang cho d\u1eef li\u1ec7u<\/strong><\/h3>\n<p>Nh\u1eadp v\u00e0 \u0111\u1ed3ng b\u1ed9 d\u1eef li\u1ec7u n\u1eb1m r\u1ea3i r\u00e1c tr\u00ean PC, m\u00e1y t\u00ednh Mac, \u0111i\u1ec7n tho\u1ea1i v\u00e0 b\u1ed9 nh\u1edb ngo\u00e0i \u0111\u1ec3 tri\u1ec3n khai qu\u1ea3n l\u00fd t\u1eadp tin hi\u1ec7u qu\u1ea3 cho doanh nghi\u1ec7p.<\/p>\n<p><strong><img decoding=\"async\" class=\"aligncenter size-full wp-image-3600\" src=\"https:\/\/www.vietcorp.com\/store\/wp-content\/uploads\/2023\/01\/thiet-bi-luu-tru-NAS-Synology-DS423-8-1.jpg\" alt=\"Thi\u1ebft b\u1ecb l\u01b0u tr\u1eef NAS Synology DS423 1\" width=\"600\" height=\"374\" srcset=\"https:\/\/vietcorp.com\/store\/wp-content\/uploads\/2023\/01\/thiet-bi-luu-tru-NAS-Synology-DS423-8-1.jpg 600w, https:\/\/vietcorp.com\/store\/wp-content\/uploads\/2023\/01\/thiet-bi-luu-tru-NAS-Synology-DS423-8-1-400x249.jpg 400w, https:\/\/vietcorp.com\/store\/wp-content\/uploads\/2023\/01\/thiet-bi-luu-tru-NAS-Synology-DS423-8-1-367x229.jpg 367w\" sizes=\"(max-width: 600px) 100vw, 600px\" \/><\/strong><\/p>\n<p><strong>Truy c\u1eadp tr\u00ean nhi\u1ec1u thi\u1ebft b\u1ecb<\/strong><\/p>\n<p>Duy\u1ec7t, truy c\u1eadp, ch\u1ec9nh s\u1eeda v\u00e0 chia s\u1ebb t\u1eadp tin m\u1ed9t c\u00e1ch an to\u00e0n v\u00e0 thu\u1eadn ti\u1ec7n th\u00f4ng qua c\u00e1c n\u1ec1n t\u1ea3ng tr\u00ecnh duy\u1ec7t web, di \u0111\u1ed9ng ho\u1eb7c m\u00e1y t\u00ednh \u0111\u1ec3 b\u00e0n. S\u1eed d\u1ee5ng c\u00e1c c\u00f4ng c\u1ee5 qu\u1ea3n tr\u1ecb tr\u1ef1c quan \u0111\u1ec3 theo d\u00f5i v\u00e0 \u0111\u1eb7t quy\u1ec1n truy c\u1eadp t\u1eadp tin c\u0169ng nh\u01b0 ki\u1ec3m so\u00e1t quy\u1ec1n truy c\u1eadp t\u00e0i li\u1ec7u, t\u1eadp tin v\u00e0 d\u1eef li\u1ec7u kh\u00e1c.<\/p>\n<h3><strong>\u0110\u1ed3ng b\u1ed9 theo y\u00eau c\u1ea7u<\/strong><\/h3>\n<p><img decoding=\"async\" class=\"aligncenter size-full wp-image-3601\" src=\"https:\/\/www.vietcorp.com\/store\/wp-content\/uploads\/2023\/01\/thiet-bi-luu-tru-NAS-Synology-DS423-9-1.jpg\" alt=\"Thi\u1ebft b\u1ecb l\u01b0u tr\u1eef NAS Synology DS423 2\" width=\"600\" height=\"304\" srcset=\"https:\/\/vietcorp.com\/store\/wp-content\/uploads\/2023\/01\/thiet-bi-luu-tru-NAS-Synology-DS423-9-1.jpg 600w, https:\/\/vietcorp.com\/store\/wp-content\/uploads\/2023\/01\/thiet-bi-luu-tru-NAS-Synology-DS423-9-1-400x203.jpg 400w, https:\/\/vietcorp.com\/store\/wp-content\/uploads\/2023\/01\/thiet-bi-luu-tru-NAS-Synology-DS423-9-1-367x186.jpg 367w\" sizes=\"(max-width: 600px) 100vw, 600px\" \/><\/p>\n<p>Ti\u1ebft ki\u1ec7m dung l\u01b0\u1ee3ng tr\u00ean thi\u1ebft b\u1ecb c\u00e1 nh\u00e2n b\u1eb1ng c\u00e1ch ch\u1ec9 \u0111\u1ed3ng b\u1ed9 t\u1eadp tin b\u1ea1n c\u1ea7n t\u1eeb h\u1ec7 th\u1ed1ng Synology c\u1ee7a m\u00ecnh. Ghim c\u00e1c t\u1eadp tin th\u01b0\u1eddng xuy\u00ean s\u1eed d\u1ee5ng \u0111\u1ec3 truy c\u1eadp ngo\u1ea1i tuy\u1ebfn thu\u1eadn ti\u1ec7n. T\u00ecm hi\u1ec3u th\u00eam v\u1ec1 <a href=\"https:\/\/www.vietcorp.com\/store\/synology-drive\/\">Synology Drive<\/a><\/p>\n<h3><strong>T\u00edch h\u1ee3p \u0111\u00e1m m\u00e2y<\/strong><\/h3>\n<p><img decoding=\"async\" class=\"aligncenter size-full wp-image-3602\" src=\"https:\/\/www.vietcorp.com\/store\/wp-content\/uploads\/2023\/01\/thiet-bi-luu-tru-NAS-Synology-DS423-10-2.jpg\" alt=\"Thi\u1ebft b\u1ecb l\u01b0u tr\u1eef NAS Synology DS423 3\" width=\"600\" height=\"309\" srcset=\"https:\/\/vietcorp.com\/store\/wp-content\/uploads\/2023\/01\/thiet-bi-luu-tru-NAS-Synology-DS423-10-2.jpg 600w, https:\/\/vietcorp.com\/store\/wp-content\/uploads\/2023\/01\/thiet-bi-luu-tru-NAS-Synology-DS423-10-2-400x206.jpg 400w, https:\/\/vietcorp.com\/store\/wp-content\/uploads\/2023\/01\/thiet-bi-luu-tru-NAS-Synology-DS423-10-2-430x220.jpg 430w, https:\/\/vietcorp.com\/store\/wp-content\/uploads\/2023\/01\/thiet-bi-luu-tru-NAS-Synology-DS423-10-2-367x189.jpg 367w\" sizes=\"(max-width: 600px) 100vw, 600px\" \/><\/p>\n<p>\u0110\u1ed3ng b\u1ed9 m\u00e1y ch\u1ee7 l\u01b0u tr\u1eef ri\u00eang v\u1edbi c\u00e1c d\u1ecbch v\u1ee5 \u0111\u00e1m m\u00e2y c\u00f4ng c\u1ed9ng nh\u01b0 Google Drive, Dropbox v\u00e0 Microsoft OneDrive. Gi\u1eef l\u1ea1i b\u1ea3n sao tr\u00ean thi\u1ebft b\u1ecb c\u1ee7a d\u1eef li\u1ec7u \u0111\u00e1m m\u00e2y \u0111\u1ec3 qu\u1ea3n l\u00fd t\u1eadp trung v\u00e0 n\u1eafm quy\u1ec1n s\u1edf h\u1eefu d\u1eef li\u1ec7u. T\u00ecm hi\u1ec3u th\u00eam v\u1ec1 <a href=\"https:\/\/www.vietcorp.com\/store\/cloud-sync\/\">Cloud Sync<\/a><\/p>\n<h3><strong>Chia s\u1ebb \u0111a n\u1ec1n t\u1ea3ng<\/strong><\/h3>\n<p><img decoding=\"async\" class=\"aligncenter size-full wp-image-3603\" src=\"https:\/\/www.vietcorp.com\/store\/wp-content\/uploads\/2023\/01\/thiet-bi-luu-tru-NAS-Synology-DS423-11-1.jpg\" alt=\"Thi\u1ebft b\u1ecb l\u01b0u tr\u1eef NAS Synology DS423 4\" width=\"600\" height=\"335\" srcset=\"https:\/\/vietcorp.com\/store\/wp-content\/uploads\/2023\/01\/thiet-bi-luu-tru-NAS-Synology-DS423-11-1.jpg 600w, https:\/\/vietcorp.com\/store\/wp-content\/uploads\/2023\/01\/thiet-bi-luu-tru-NAS-Synology-DS423-11-1-400x223.jpg 400w, https:\/\/vietcorp.com\/store\/wp-content\/uploads\/2023\/01\/thiet-bi-luu-tru-NAS-Synology-DS423-11-1-367x205.jpg 367w\" sizes=\"(max-width: 600px) 100vw, 600px\" \/>X\u00e2y d\u1ef1ng \u0111\u00e1m m\u00e2y d\u1eef li\u1ec7u ri\u00eang gi\u00fap \u0111\u1ed3ng b\u1ed9 v\u00e0 chia s\u1ebb t\u1eadp tin nhanh ch\u00f3ng gi\u1eefa nhi\u1ec1u m\u00e1y ch\u1ee7 l\u01b0u tr\u1eef, cho ph\u00e9p m\u1ecdi ng\u01b0\u1eddi truy c\u1eadp c\u00f9ng m\u1ed9t b\u1ed9 d\u1eef li\u1ec7u m\u1ed9t c\u00e1ch thu\u1eadn ti\u1ec7n.<\/p>\n<h3><strong>B\u1ea3o v\u1ec7 d\u1eef li\u1ec7u<\/strong><\/h3>\n<p><img decoding=\"async\" class=\"aligncenter size-full wp-image-3604\" src=\"https:\/\/www.vietcorp.com\/store\/wp-content\/uploads\/2023\/01\/thiet-bi-luu-tru-NAS-Synology-DS423-12-1.jpg\" alt=\"Thi\u1ebft b\u1ecb l\u01b0u tr\u1eef NAS Synology DS423 5\" width=\"600\" height=\"324\" srcset=\"https:\/\/vietcorp.com\/store\/wp-content\/uploads\/2023\/01\/thiet-bi-luu-tru-NAS-Synology-DS423-12-1.jpg 600w, https:\/\/vietcorp.com\/store\/wp-content\/uploads\/2023\/01\/thiet-bi-luu-tru-NAS-Synology-DS423-12-1-400x216.jpg 400w, https:\/\/vietcorp.com\/store\/wp-content\/uploads\/2023\/01\/thiet-bi-luu-tru-NAS-Synology-DS423-12-1-367x198.jpg 367w\" sizes=\"(max-width: 600px) 100vw, 600px\" \/><\/p>\n<p>V\u1edbi c\u00f4ng ngh\u1ec7 c\u1ee7a <a href=\"https:\/\/www.vietcorp.com\/store\/synology-diskstation-manager-7-2\/\"><strong>Synology DiskStation Manager<\/strong><\/a> (DSM), DS423 s\u1eed d\u1ee5ng Btrfs, h\u1ec7 th\u1ed1ng t\u1eadp tin th\u1ebf h\u1ec7 m\u1edbi, \u0111\u1ec3 b\u1ea3o v\u1ec7 d\u1eef li\u1ec7u kh\u1ecfi b\u1ecb h\u01b0 h\u1ecfng v\u00e0 gi\u00fap ng\u01b0\u1eddi d\u00f9ng kh\u00f4i ph\u1ee5c m\u1ecdi thay \u0111\u1ed5i v\u00f4 t\u00ecnh ho\u1eb7c c\u00f3 h\u1ea1i b\u1eb1ng b\u1ea3n ghi nhanh t\u1ee9c th\u1eddi.<\/p>\n<h3><strong>Gi\u1ea3i ph\u00e1p l\u01b0u tr\u1eef \u0111a n\u0103ng cho nhu c\u1ea7u thi\u1ebft y\u1ebfu<\/strong><\/h3>\n<p>Qu\u1ea3n l\u00fd v\u00e0 s\u1eafp x\u1ebfp \u1ea3nh hi\u1ec7u qu\u1ea3, sao l\u01b0u v\u00e0 b\u1ea3o m\u1eadt d\u1eef li\u1ec7u k\u1ef9 thu\u1eadt s\u1ed1 c\u0169ng nh\u01b0 b\u1ea3o v\u1ec7 c\u01a1 s\u1edf h\u1ea1 t\u1ea7ng v\u1edbi Synology DS423.<\/p>\n<p><strong><img decoding=\"async\" class=\"aligncenter size-full wp-image-3605\" src=\"https:\/\/www.vietcorp.com\/store\/wp-content\/uploads\/2023\/01\/thiet-bi-luu-tru-NAS-Synology-DS423-13-1.jpg\" alt=\"Thi\u1ebft b\u1ecb l\u01b0u tr\u1eef NAS Synology DS423 6\" width=\"600\" height=\"376\" srcset=\"https:\/\/vietcorp.com\/store\/wp-content\/uploads\/2023\/01\/thiet-bi-luu-tru-NAS-Synology-DS423-13-1.jpg 600w, https:\/\/vietcorp.com\/store\/wp-content\/uploads\/2023\/01\/thiet-bi-luu-tru-NAS-Synology-DS423-13-1-400x251.jpg 400w, https:\/\/vietcorp.com\/store\/wp-content\/uploads\/2023\/01\/thiet-bi-luu-tru-NAS-Synology-DS423-13-1-367x230.jpg 367w\" sizes=\"(max-width: 600px) 100vw, 600px\" \/><\/strong><\/p>\n<p><strong>Qu\u1ea3n l\u00fd \u1ea3nh th\u00f4ng minh v\u00e0 an to\u00e0n<\/strong><\/p>\n<p>L\u01b0u tr\u1eef v\u00e0 s\u1eafp x\u1ebfp \u1ea3nh, album v\u00e0 c\u00e1c ph\u01b0\u01a1ng ti\u1ec7n kh\u00e1c b\u1eb1ng c\u00e1c t\u00ednh n\u0103ng th\u00f4ng minh v\u00e0 tr\u1ef1c quan. Sao l\u01b0u nh\u1eefng k\u1ef7 ni\u1ec7m b\u1eb1ng \u1ee9ng d\u1ee5ng d\u00e0nh cho thi\u1ebft b\u1ecb di \u0111\u1ed9ng v\u00e0 t\u1eadn d\u1ee5ng c\u00e1c t\u00f9y ch\u1ecdn t\u1eadp trung v\u00e0o quy\u1ec1n ri\u00eang t\u01b0 \u0111\u1ec3 chia s\u1ebb ph\u01b0\u01a1ng ti\u1ec7n m\u1ed9t c\u00e1ch an to\u00e0n v\u1edbi b\u1ea1n b\u00e8, gia \u0111\u00ecnh ho\u1eb7c \u0111\u1ed3ng nghi\u1ec7p. T\u00ecm hi\u1ec3u th\u00eam <a href=\"https:\/\/www.vietcorp.com\/store\/synology-photos\/\"><strong>Synology Photos<\/strong><\/a><\/p>\n<p>L\u1eadp ch\u1ec9 m\u1ee5c \u1ea3nh nhanh h\u01a1n 30%<\/p>\n<h3><strong>B\u1ea3o v\u1ec7 to\u00e0n b\u1ed9 d\u1eef li\u1ec7u<\/strong><\/h3>\n<p>B\u1ea3o v\u1ec7 th\u1ebf gi\u1edbi k\u1ef9 thu\u1eadt s\u1ed1 v\u00e0 sao l\u01b0u t\u1ea5t c\u1ea3 t\u00e0i li\u1ec7u, t\u1eadp tin, \u1ea3nh, v.v. b\u1eb1ng c\u00e1c gi\u1ea3i ph\u00e1p sao l\u01b0u kh\u00f4ng c\u1ea7n gi\u1ea5y ph\u00e9p.<\/p>\n<p><strong><img decoding=\"async\" class=\"aligncenter size-full wp-image-3606\" src=\"https:\/\/www.vietcorp.com\/store\/wp-content\/uploads\/2023\/01\/thiet-bi-luu-tru-NAS-Synology-DS423-14-1.jpg\" alt=\"Thi\u1ebft b\u1ecb l\u01b0u tr\u1eef NAS Synology DS423 7\" width=\"600\" height=\"365\" srcset=\"https:\/\/vietcorp.com\/store\/wp-content\/uploads\/2023\/01\/thiet-bi-luu-tru-NAS-Synology-DS423-14-1.jpg 600w, https:\/\/vietcorp.com\/store\/wp-content\/uploads\/2023\/01\/thiet-bi-luu-tru-NAS-Synology-DS423-14-1-400x243.jpg 400w, https:\/\/vietcorp.com\/store\/wp-content\/uploads\/2023\/01\/thiet-bi-luu-tru-NAS-Synology-DS423-14-1-367x223.jpg 367w\" sizes=\"(max-width: 600px) 100vw, 600px\" \/><\/strong><\/p>\n<p><strong>T\u1ef1 \u0111\u1ed9ng sao l\u01b0u k\u1ef7 ni\u1ec7m v\u00e0 t\u1eadp tin<\/strong><\/p>\n<p>B\u1ea3o v\u1ec7 ph\u01b0\u01a1ng ti\u1ec7n di \u0111\u1ed9ng nh\u01b0 \u1ea3nh v\u00e0 video b\u1eb1ng c\u00e1ch t\u1ef1 \u0111\u1ed9ng l\u01b0u tr\u1eef c\u00e1c b\u1ea3n sao t\u1eeb xa v\u00e0o Synology Photos ho\u1eb7c Synology Drive.<\/p>\n<p><strong>Tr\u1ee5 v\u1eefng tr\u01b0\u1edbc c\u00e1c cu\u1ed9c t\u1ea5n c\u00f4ng m\u1ea1ng v\u00e0 ng\u0103n ch\u1eb7n r\u00f2 r\u1ec9 d\u1eef li\u1ec7u<\/strong><\/p>\n<p><a href=\"https:\/\/www.vietcorp.com\/store\/giai-phap-doi-pho-voi-ransomware\/\">B\u1ea3o v\u1ec7 d\u1eef li\u1ec7u tr\u01b0\u1edbc c\u00e1c cu\u1ed9c t\u1ea5n c\u00f4ng ransomware<\/a> ho\u1eb7c thao t\u00e1c x\u00f3a nh\u1ea7m b\u1eb1ng c\u00e1c b\u1ea3n sao l\u01b0u th\u01b0 m\u1ee5c m\u00e1y t\u00ednh theo th\u1eddi gian th\u1ef1c ho\u1eb7c theo l\u1ecbch tr\u00ecnh v\u1edbi Synology Drive.<\/p>\n<h3><strong>Gi\u00e1m s\u00e1t video tr\u1ef1c quan<\/strong><\/h3>\n<p>B\u1ea3o v\u1ec7 ng\u00f4i nh\u00e0 ho\u1eb7c doanh nghi\u1ec7p b\u1eb1ng gi\u1ea3i ph\u00e1p theo d\u00f5i, l\u01b0u tr\u1eef v\u00e0 ph\u00e2n t\u00edch video gi\u00e1m s\u00e1t t\u1eadp trung v\u00e0 m\u1ea1nh m\u1ebd.<\/p>\n<p><strong><img decoding=\"async\" class=\"aligncenter size-full wp-image-3607\" src=\"https:\/\/www.vietcorp.com\/store\/wp-content\/uploads\/2023\/01\/thiet-bi-luu-tru-NAS-Synology-DS423-15-1.jpg\" alt=\"Thi\u1ebft b\u1ecb l\u01b0u tr\u1eef NAS Synology DS423 8\" width=\"600\" height=\"373\" srcset=\"https:\/\/vietcorp.com\/store\/wp-content\/uploads\/2023\/01\/thiet-bi-luu-tru-NAS-Synology-DS423-15-1.jpg 600w, https:\/\/vietcorp.com\/store\/wp-content\/uploads\/2023\/01\/thiet-bi-luu-tru-NAS-Synology-DS423-15-1-400x249.jpg 400w, https:\/\/vietcorp.com\/store\/wp-content\/uploads\/2023\/01\/thiet-bi-luu-tru-NAS-Synology-DS423-15-1-367x228.jpg 367w\" sizes=\"(max-width: 600px) 100vw, 600px\" \/><\/strong><\/p>\n<p><strong>Kh\u1ea3 n\u0103ng t\u01b0\u01a1ng th\u00edch v\u1edbi nhi\u1ec1u thi\u1ebft b\u1ecb<\/strong><\/p>\n<p>K\u1ebft n\u1ed1i t\u1ed1i \u0111a 30 camera IP b\u1eb1ng c\u00e1ch ch\u1ecdn t\u1eeb h\u01a1n 8.300 m\u1eabu thi\u1ebft b\u1ecb ho\u1eb7c thi\u1ebft b\u1ecb ONVIF x\u00e1c th\u1ef1c.<\/p>\n<p><strong>Truy c\u1eadp m\u1ecdi l\u00fac m\u1ecdi n\u01a1i<\/strong><\/p>\n<p>Gi\u00e1m s\u00e1t c\u00e1c lu\u1ed3ng video trong th\u1eddi gian th\u1ef1c th\u00f4ng qua tr\u00ecnh duy\u1ec7t web, \u1ee9ng d\u1ee5ng tr\u00ean m\u00e1y t\u00ednh \u0111\u1ec3 b\u00e0n ho\u1eb7c \u1ee9ng d\u1ee5ng d\u00e0nh cho thi\u1ebft b\u1ecb di \u0111\u1ed9ng \u0111\u1ec3 b\u1ea3o v\u1ec7 c\u01a1 s\u1edf 24\/7. Thi\u1ebft l\u1eadp c\u1ea3nh b\u00e1o v\u00e0 quy t\u1eafc k\u00edch ho\u1ea1t \u0111\u1ec3 nh\u1eadn th\u00f4ng b\u00e1o v\u1ec1 ho\u1ea1t \u0111\u1ed9ng \u0111\u00e1ng ng\u1edd.<\/p>\n<h3><strong>Gi\u1ea3i ph\u00e1p sao l\u01b0u nhi\u1ec1u l\u1edbp<\/strong><\/h3>\n<p>T\u1eadn d\u1ee5ng c\u00e1c gi\u1ea3i ph\u00e1p Synology \u0111\u1ec3 sao l\u01b0u t\u1ea5t c\u1ea3 d\u1eef li\u1ec7u l\u01b0u tr\u1eef tr\u00ean DS423 l\u00ean m\u00e1y ch\u1ee7 ph\u1ee5, b\u1ed9 nh\u1edb ngo\u00e0i ho\u1eb7c \u0111\u00e1m m\u00e2y.<\/p>\n<p><strong><img decoding=\"async\" class=\"aligncenter size-full wp-image-3608\" src=\"https:\/\/www.vietcorp.com\/store\/wp-content\/uploads\/2023\/01\/thiet-bi-luu-tru-NAS-Synology-DS423-16-1.jpg\" alt=\"Thi\u1ebft b\u1ecb l\u01b0u tr\u1eef NAS Synology DS423 9\" width=\"600\" height=\"380\" srcset=\"https:\/\/vietcorp.com\/store\/wp-content\/uploads\/2023\/01\/thiet-bi-luu-tru-NAS-Synology-DS423-16-1.jpg 600w, https:\/\/vietcorp.com\/store\/wp-content\/uploads\/2023\/01\/thiet-bi-luu-tru-NAS-Synology-DS423-16-1-400x253.jpg 400w, https:\/\/vietcorp.com\/store\/wp-content\/uploads\/2023\/01\/thiet-bi-luu-tru-NAS-Synology-DS423-16-1-367x232.jpg 367w\" sizes=\"(max-width: 600px) 100vw, 600px\" \/><\/strong><\/p>\n<p><strong>Sao l\u01b0u linh ho\u1ea1t ngo\u00e0i c\u01a1 s\u1edf<\/strong><\/p>\n<p>Sao l\u01b0u thi\u1ebft b\u1ecb Synology, bao g\u1ed3m c\u00e0i \u0111\u1eb7t h\u1ec7 th\u1ed1ng, \u1ee9ng d\u1ee5ng v\u00e0 th\u01b0 m\u1ee5c chia s\u1ebb, ti\u1ebft ki\u1ec7m dung l\u01b0\u1ee3ng v\u1edbi t\u00ednh n\u0103ng sao ch\u00e9p d\u1eef li\u1ec7u v\u00e0 l\u01b0u tr\u1eef c\u00e1c b\u1ea3n sao t\u1edbi nhi\u1ec1u \u0111\u00edch.<\/p>\n<p><strong>B\u1ea3o v\u1ec7 g\u1ea7n nh\u01b0 t\u1ee9c th\u1eddi<\/strong><\/p>\n<p>T\u1ea1o b\u1ea3n ghi nhanh t\u1ea1m th\u1eddi cho c\u00e1c th\u01b0 m\u1ee5c chia s\u1ebb v\u00e0 LUN \u0111\u1ec3 t\u0103ng c\u01b0\u1eddng b\u1ea3o v\u1ec7 d\u1eef li\u1ec7u. <a href=\"https:\/\/www.vietcorp.com\/store\/snapshot-replication\/\"><strong>Snapshot Replication<\/strong><\/a> cho ph\u00e9p RPO th\u1ea5p nh\u1ea5t l\u00e0 5 ph\u00fat v\u00e0 ph\u1ee5c h\u1ed3i trong v\u00f2ng v\u00e0i gi\u00e2y.<\/p>\n<h3><strong>B\u1ec1 m\u1eb7t ngo\u00e0i <a href=\"https:\/\/www.vietcorp.com\/store\/nas-synology\/\">NAS Synology<\/a> DS423<\/strong><\/h3>\n<p><img decoding=\"async\" class=\"aligncenter size-full wp-image-3609\" src=\"https:\/\/www.vietcorp.com\/store\/wp-content\/uploads\/2023\/01\/thiet-bi-luu-tru-NAS-Synology-DS423-17-1.jpg\" alt=\"Thi\u1ebft b\u1ecb l\u01b0u tr\u1eef NAS Synology DS423 10\" width=\"1024\" height=\"375\" srcset=\"https:\/\/vietcorp.com\/store\/wp-content\/uploads\/2023\/01\/thiet-bi-luu-tru-NAS-Synology-DS423-17-1.jpg 1024w, https:\/\/vietcorp.com\/store\/wp-content\/uploads\/2023\/01\/thiet-bi-luu-tru-NAS-Synology-DS423-17-1-600x220.jpg 600w, https:\/\/vietcorp.com\/store\/wp-content\/uploads\/2023\/01\/thiet-bi-luu-tru-NAS-Synology-DS423-17-1-768x281.jpg 768w, https:\/\/vietcorp.com\/store\/wp-content\/uploads\/2023\/01\/thiet-bi-luu-tru-NAS-Synology-DS423-17-1-640x234.jpg 640w, https:\/\/vietcorp.com\/store\/wp-content\/uploads\/2023\/01\/thiet-bi-luu-tru-NAS-Synology-DS423-17-1-400x146.jpg 400w, https:\/\/vietcorp.com\/store\/wp-content\/uploads\/2023\/01\/thiet-bi-luu-tru-NAS-Synology-DS423-17-1-367x134.jpg 367w\" sizes=\"(max-width: 1024px) 100vw, 1024px\" \/><\/p>\n<p><center><iframe loading=\"lazy\" title=\"YouTube video player\" src=\"https:\/\/www.youtube.com\/embed\/mTtbUn0zFko?si=V5wyZcoautnsxswf\" width=\"560\" height=\"315\" frameborder=\"0\" allowfullscreen=\"allowfullscreen\"><\/iframe><\/center><br \/>\nXem th\u00eam:<\/p>\n<ul>\n<li><a href=\"https:\/\/www.vietcorp.com\/vn\/chung-nhan\/\">Ch\u1ee9ng nh\u1eadn Synology<\/a><\/li>\n<li><a href=\"https:\/\/vietcorp.com\/support\/synology\/\">Support Synology<\/a><\/li>\n<li><a href=\"https:\/\/www.vietcorp.com\/blog\/tag\/showcase-synology\/\">Showcase Synology<\/a><\/li>\n<\/ul>\n","protected":false},"excerpt":{"rendered":"<p>Thi\u1ebft b\u1ecb l\u01b0u tr\u1eef NAS Synology DS423<br \/>\nNAS 4 khay \u1ed5 \u0111\u0129a<br \/>\n2 GB non-ECC DDR4 onboard<br \/>\n2 x RJ-45 1GbE<br \/>\nB\u1ea3o h\u00e0nh 24 th\u00e1ng<\/p>\n","protected":false},"featured_media":7283,"template":"","meta":[],"product_brand":[],"product_cat":[15],"product_tag":[16,443,53,42,444,23,445],"class_list":{"0":"post-3527","1":"product","2":"type-product","3":"status-publish","4":"has-post-thumbnail","6":"product_cat-nas","7":"product_tag-diskstation","8":"product_tag-ds423","9":"product_tag-nas","10":"product_tag-nas-4-bay","11":"product_tag-nas-ds423","12":"product_tag-synology","13":"product_tag-synology-ds423","14":"pa_thuong-hieu-synology","16":"first","17":"instock","18":"taxable","19":"shipping-taxable","20":"product-type-simple"},"_links":{"self":[{"href":"https:\/\/vietcorp.com\/store\/wp-json\/wp\/v2\/product\/3527","targetHints":{"allow":["GET"]}}],"collection":[{"href":"https:\/\/vietcorp.com\/store\/wp-json\/wp\/v2\/product"}],"about":[{"href":"https:\/\/vietcorp.com\/store\/wp-json\/wp\/v2\/types\/product"}],"wp:featuredmedia":[{"embeddable":true,"href":"https:\/\/vietcorp.com\/store\/wp-json\/wp\/v2\/media\/7283"}],"wp:attachment":[{"href":"https:\/\/vietcorp.com\/store\/wp-json\/wp\/v2\/media?parent=3527"}],"wp:term":[{"taxonomy":"product_brand","embeddable":true,"href":"https:\/\/vietcorp.com\/store\/wp-json\/wp\/v2\/product_brand?post=3527"},{"taxonomy":"product_cat","embeddable":true,"href":"https:\/\/vietcorp.com\/store\/wp-json\/wp\/v2\/product_cat?post=3527"},{"taxonomy":"product_tag","embeddable":true,"href":"https:\/\/vietcorp.com\/store\/wp-json\/wp\/v2\/product_tag?post=3527"}],"curies":[{"name":"wp","href":"https:\/\/api.w.org\/{rel}","templated":true}]}}