


{"id":3427,"date":"2023-01-13T08:34:26","date_gmt":"2023-01-13T01:34:26","guid":{"rendered":"https:\/\/www.vietcorp.com\/store\/?post_type=product&#038;p=3427"},"modified":"2025-12-11T11:38:50","modified_gmt":"2025-12-11T04:38:50","slug":"synology-sa3610","status":"publish","type":"product","link":"https:\/\/vietcorp.com\/store\/3427\/synology-sa3610\/","title":{"rendered":"SYNOLOGY SA3610"},"content":{"rendered":"<h2><strong>Thi\u1ebft b\u1ecb l\u01b0u tr\u1eef NAS <a href=\"https:\/\/www.vietcorp.com\/store\/3427\/synology-sa3610\/\">Synology SA3610<\/a><\/strong><\/h2>\n<p>L\u01b0u tr\u1eef quy m\u00f4 petabyte \u0111\u1ea7y linh ho\u1ea1t cho nhu c\u1ea7u v\u1ec1 dung l\u01b0\u1ee3ng ng\u00e0y c\u00e0ng t\u0103ng.<\/p>\n<h3><strong>Th\u00f4ng s\u1ed1 k\u1ef9 thu\u1eadt NAS <a href=\"https:\/\/www.vietcorp.com\/store\/nas-synology\/\">Synology<\/a> SA3610:<\/strong><\/h3>\n<ul>\n<li><strong>CPU:<\/strong> Intel Xeon D-1567 12-core 2.1 (base) \/ 2.7 (turbo) GHz<\/li>\n<li><strong>RAM:<\/strong>\u00a016 GB DDR4 ECC RDIMM n\u00e2ng c\u1ea5p 128 GB (32 GB x 4)<\/li>\n<li><strong>Storage:<\/strong>\u00a012 khay \u1ed5 \u0111\u0129a c\u00f3 th\u1ec3 m\u1edf r\u1ed9ng 96 (RX1222sas x 7)<\/li>\n<li><strong>Dung l\u01b0\u1ee3ng l\u01b0u tr\u1eef:<\/strong>\u00a0L\u00ean \u0111\u1ebfn 1,7 PB<\/li>\n<li><strong>External ports:<\/strong>\u00a04 c\u1ed5ng RJ-45 1GbE, 2 c\u1ed5ng RJ-45 10GbE<\/li>\n<li><strong>B\u1ea3o h\u00e0nh 60 th\u00e1ng<\/strong><\/li>\n<\/ul>\n<p><center><iframe loading=\"lazy\" title=\"YouTube video player\" src=\"https:\/\/www.youtube.com\/embed\/Oa6K8piWD8E?si=V9mLyZmVlguYMVKd\" width=\"560\" height=\"315\" frameborder=\"0\" allowfullscreen=\"allowfullscreen\"><\/iframe><\/center>B\u1eaft \u0111\u1ea7u v\u1edbi 12 khay \u1ed5 \u0111\u0129a tr\u00ean thi\u1ebft b\u1ecb, c\u00e1c doanh nghi\u1ec7p c\u00f3 th\u1ec3 m\u1edf r\u1ed9ng quy m\u00f4 l\u00ean 96 khay \u1ed5 \u0111\u0129a v\u1edbi t\u1ed5ng dung l\u01b0\u1ee3ng l\u01b0u tr\u1eef th\u00f4 l\u00e0 1,7 PB. V\u1edbi nh\u1eefng t\u00ednh n\u0103ng v\u01b0\u1ee3t tr\u1ed9i, c\u00e1c m\u1eabu thi\u1ebft b\u1ecb m\u1edbi t\u1ea1o ra c\u00e1c m\u00e1y ch\u1ee7 t\u1eadp tin, gi\u00e1m s\u00e1t v\u00e0 sao l\u01b0u t\u1eadp trung m\u1ea1nh m\u1ebd.<\/p>\n<p><strong>\u0110\u1ea3m b\u1ea3o v\u00e0 \u0111\u00e1ng tin c\u1eady<\/strong><\/p>\n<p><strong>Ph\u1ea3n chi\u1ebfu d\u1eef li\u1ec7u<\/strong><\/p>\n<p>T\u1ea1o c\u1ee5m <a href=\"https:\/\/www.vietcorp.com\/store\/synology-high-availability\/\">Synology High Availability<\/a> (SHA) tr\u00ean m\u00e1y ch\u1ee7 \u0111\u1ec3 gi\u1ea3m thi\u1ec3u t\u00ecnh tr\u1ea1ng m\u1ea5t d\u1eef li\u1ec7u, \u0111\u1ed3ng th\u1eddi t\u1eadn h\u01b0\u1edfng kh\u1ea3 n\u0103ng chuy\u1ec3n \u0111\u1ed5i d\u1ef1 ph\u00f2ng t\u1eebng ph\u00fat v\u1edbi thi\u1ebft b\u1ecb SA3410 ho\u1ea1t \u0111\u1ed9ng nh\u01b0 m\u00e1y ch\u1ee7 ch\u1ee7 \u0111\u1ed9ng v\u00e0 th\u1ee5 \u0111\u1ed9ng.<\/p>\n<p><strong><img decoding=\"async\" class=\"aligncenter size-full wp-image-3411\" src=\"https:\/\/www.vietcorp.com\/store\/wp-content\/uploads\/2023\/01\/thiet-bi-luu-tru-NAS-Synology-sa3410-18.jpg\" alt=\"Thi\u1ebft b\u1ecb l\u01b0u tr\u1eef NAS Synology SA3610 1\" width=\"600\" height=\"328\" srcset=\"https:\/\/vietcorp.com\/store\/wp-content\/uploads\/2023\/01\/thiet-bi-luu-tru-NAS-Synology-sa3410-18.jpg 600w, https:\/\/vietcorp.com\/store\/wp-content\/uploads\/2023\/01\/thiet-bi-luu-tru-NAS-Synology-sa3410-18-400x219.jpg 400w, https:\/\/vietcorp.com\/store\/wp-content\/uploads\/2023\/01\/thiet-bi-luu-tru-NAS-Synology-sa3410-18-367x201.jpg 367w\" sizes=\"(max-width: 600px) 100vw, 600px\" \/><\/strong><\/p>\n<p><strong>Ngu\u1ed3n k\u00e9p<\/strong><\/p>\n<p>Gi\u1ea3m nguy c\u01a1 m\u1ea5t \u0111i\u1ec7n b\u1eb1ng PSU d\u1ef1 ph\u00f2ng v\u00e0 gi\u1ea3m c\u00e1c \u0111i\u1ec3m l\u1ed7i ph\u1ea7n c\u1ee9ng \u0111\u01a1n l\u1ebb b\u1eb1ng qu\u1ea1t h\u1ec7 th\u1ed1ng d\u1ef1 ph\u00f2ng.<\/p>\n<p><strong><img decoding=\"async\" class=\"aligncenter size-full wp-image-3410\" src=\"https:\/\/www.vietcorp.com\/store\/wp-content\/uploads\/2023\/01\/thiet-bi-luu-tru-NAS-Synology-sa3410-17.jpg\" alt=\"Thi\u1ebft b\u1ecb l\u01b0u tr\u1eef NAS Synology SA3610 2\" width=\"600\" height=\"370\" srcset=\"https:\/\/vietcorp.com\/store\/wp-content\/uploads\/2023\/01\/thiet-bi-luu-tru-NAS-Synology-sa3410-17.jpg 600w, https:\/\/vietcorp.com\/store\/wp-content\/uploads\/2023\/01\/thiet-bi-luu-tru-NAS-Synology-sa3410-17-400x247.jpg 400w, https:\/\/vietcorp.com\/store\/wp-content\/uploads\/2023\/01\/thiet-bi-luu-tru-NAS-Synology-sa3410-17-367x226.jpg 367w\" sizes=\"(max-width: 600px) 100vw, 600px\" \/><\/strong><\/p>\n<p><strong>Qu\u1ea3n l\u00fd t\u1eeb xa<\/strong><\/p>\n<p>\u0110i\u1ec1u khi\u1ec3n thi\u1ebft b\u1ecb ngay c\u1ea3 khi m\u1ea1ng ch\u00ednh b\u1ecb h\u1ecfng. V\u1edbi t\u00ednh n\u0103ng qu\u1ea3n l\u00fd ngo\u00e0i b\u0103ng t\u1ea7n (OOB), b\u1ea1n c\u00f3 th\u1ec3 kh\u1eafc ph\u1ee5c s\u1ef1 c\u1ed1 thi\u1ebft b\u1ecb c\u1ee7a m\u00ecnh t\u1eeb xa.<\/p>\n<p><strong><img decoding=\"async\" class=\"aligncenter size-full wp-image-3409\" src=\"https:\/\/www.vietcorp.com\/store\/wp-content\/uploads\/2023\/01\/thiet-bi-luu-tru-NAS-Synology-sa3410-16.jpg\" alt=\"Thi\u1ebft b\u1ecb l\u01b0u tr\u1eef NAS Synology SA3610 3\" width=\"600\" height=\"198\" srcset=\"https:\/\/vietcorp.com\/store\/wp-content\/uploads\/2023\/01\/thiet-bi-luu-tru-NAS-Synology-sa3410-16.jpg 600w, https:\/\/vietcorp.com\/store\/wp-content\/uploads\/2023\/01\/thiet-bi-luu-tru-NAS-Synology-sa3410-16-400x132.jpg 400w, https:\/\/vietcorp.com\/store\/wp-content\/uploads\/2023\/01\/thiet-bi-luu-tru-NAS-Synology-sa3410-16-367x121.jpg 367w\" sizes=\"(max-width: 600px) 100vw, 600px\" \/><\/strong><\/p>\n<p><strong>Kh\u1ea3 n\u0103ng kh\u00f4i ph\u1ee5c d\u1eef li\u1ec7u<\/strong><\/p>\n<p>Thi\u1ebft l\u1eadp c\u00e1c t\u00e1c v\u1ee5 snapshot v\u00e0 t\u1ea1o replication g\u1ea7n nh\u01b0 t\u1ee9c th\u1eddi \u0111\u1ec3 kh\u00f4i ph\u1ee5c t\u1eebng t\u1eadp tin v\u00e0 th\u01b0 m\u1ee5c, \u0111\u1ea3m b\u1ea3o kh\u1ea3 n\u0103ng ho\u1ea1t \u0111\u1ed9ng li\u00ean t\u1ee5c c\u1ee7a doanh nghi\u1ec7p v\u00e0 t\u1eadn d\u1ee5ng <a href=\"https:\/\/www.vietcorp.com\/store\/cach-btrfs-bao-ve-du-lieu-cong-ty-ban\/\">Btrfs<\/a> \u0111\u1ec3 t\u1ef1 kh\u00f4i ph\u1ee5c t\u1eadp tin. T\u00ecm hi\u1ec3u th\u00eam v\u1ec1 <strong><a href=\"https:\/\/www.vietcorp.com\/store\/snapshot-replication\/\">Snapshot Replication<\/a><\/strong><\/p>\n<p><img decoding=\"async\" class=\"aligncenter size-full wp-image-3408\" src=\"https:\/\/www.vietcorp.com\/store\/wp-content\/uploads\/2023\/01\/thiet-bi-luu-tru-NAS-Synology-sa3410-15.jpg\" alt=\"Thi\u1ebft b\u1ecb l\u01b0u tr\u1eef NAS Synology SA3610 4\" width=\"600\" height=\"344\" srcset=\"https:\/\/vietcorp.com\/store\/wp-content\/uploads\/2023\/01\/thiet-bi-luu-tru-NAS-Synology-sa3410-15.jpg 600w, https:\/\/vietcorp.com\/store\/wp-content\/uploads\/2023\/01\/thiet-bi-luu-tru-NAS-Synology-sa3410-15-400x229.jpg 400w, https:\/\/vietcorp.com\/store\/wp-content\/uploads\/2023\/01\/thiet-bi-luu-tru-NAS-Synology-sa3410-15-367x210.jpg 367w\" sizes=\"(max-width: 600px) 100vw, 600px\" \/><\/p>\n<p>S\u1ea3n ph\u1ea9m SA3610 h\u1ed7 tr\u1ee3 c\u00e1c \u1ee9ng d\u1ee5ng \u0111\u00f2i h\u1ecfi kh\u1eaft khe nh\u1edd t\u1ed1c \u0111\u1ed9 \u0111\u1ecdc\/ghi tu\u1ea7n t\u1ef1 h\u01a1n 6.200\/3.000 MB\/gi\u00e2y, h\u1ed7 tr\u1ee3 m\u1ea1ng 10\/25\/40 GbE v\u00e0 Fibre Channel (bao g\u1ed3m 2 c\u1ed5ng RJ-45 10 GbE), c\u0169ng nh\u01b0 c\u0169ng nh\u01b0 li\u00ean k\u1ebft m\u1ea1ng v\u00e0 h\u1ed7 tr\u1ee3 SMB Multichannel. C\u00e1c m\u1ea3ng l\u01b0u tr\u1eef k\u1ebft h\u1ee3p c\u00f3 th\u1ec3 \u0111\u01b0\u1ee3c thi\u1ebft l\u1eadp nh\u01b0 m\u1ed9t gi\u1ea3i ph\u00e1p ti\u1ebft ki\u1ec7m chi ph\u00ed \u0111\u1ec3 gi\u1ea3m t\u1ed1c \u0111\u1ed9 I\/O v\u00e0 \u0111\u1ed9 tr\u1ec5 tr\u00ean \u1ed5 l\u01b0u tr\u1eef HDD, trong \u0111\u00f3 \u1ed5 \u0111\u0129a SSD \u0111\u00f3ng vai tr\u00f2 l\u00e0 b\u1ed9 nh\u1edb \u0111\u1ec7m \u0111\u1ecdc\/ghi.<\/p>\n<p>C\u00e1c gi\u1ea3i ph\u00e1p qu\u1ea3n l\u00fd t\u1eeb xa nh\u01b0 c\u1ed5ng qu\u1ea3n l\u00fd ngo\u00e0i b\u0103ng t\u1ea7n (OOB) chuy\u00ean d\u1ee5ng, qu\u1ea3n l\u00fd trung t\u00e2m th\u00f4ng qua Synology CMS v\u00e0 gi\u00e1m s\u00e1t t\u1eeb xa d\u1ef1a tr\u00ean \u0111\u00e1m m\u00e2y v\u1edbi Active Insight gi\u00fap gi\u1ea3m chi ph\u00ed qu\u1ea3n tr\u1ecb, \u0111\u1ed3ng th\u1eddi d\u1ef1 ph\u00f2ng ph\u1ea7n c\u1ee9ng v\u00e0 ph\u00e2n c\u1ee5m ch\u1ee7 \u0111\u1ed9ng-th\u1ee5 \u0111\u1ed9ng th\u00f4ng qua Synology High Availability l\u00e0m vi\u1ec7c \u0111\u1ec3 t\u1ed1i \u0111a h\u00f3a th\u1eddi gian ho\u1ea1t \u0111\u1ed9ng c\u1ee7a d\u1ecbch v\u1ee5.<\/p>\n<p><strong>N\u1ec1n t\u1ea3ng d\u1eef li\u1ec7u \u0111a n\u0103ng<\/strong><\/p>\n<p>T\u1ea5t c\u1ea3 s\u1ea3n ph\u1ea9m thu\u1ed9c D\u00f2ng SA c\u1ee7a Synology bao g\u1ed3m m\u1ed9t b\u1ed9 gi\u1ea3i ph\u00e1p qu\u1ea3n l\u00fd, chia s\u1ebb v\u00e0 \u0111\u1ed3ng b\u1ed9 h\u00f3a t\u1eadp tin \u0111\u00e1ng tin c\u1eady cho doanh nghi\u1ec7p. Synology Drive cho ph\u00e9p truy c\u1eadp v\u00e0o c\u00e1c c\u00f4ng c\u1ee5 qu\u1ea3n l\u00fd v\u00e0 chia s\u1ebb t\u1eadp tin tr\u00ean PC, Mac v\u00e0 thi\u1ebft b\u1ecb di \u0111\u1ed9ng \u1edf b\u1ea5t c\u1ee9 \u0111\u00e2u. V\u1edbi kh\u1ea3 n\u0103ng k\u1ebft n\u1ed1i v\u00e0 \u0111\u1ed3ng b\u1ed9 d\u1eef li\u1ec7u gi\u1eefa c\u00e1c thi\u1ebft b\u1ecb, s\u1ea3n ph\u1ea9m gi\u00fap c\u00e1c nh\u00f3m l\u00e0m vi\u1ec7c v\u00e0 v\u0103n ph\u00f2ng t\u1eeb xa lu\u00f4n \u0111\u1ed3ng h\u00e0nh v\u1edbi nhau.<\/p>\n<p><a href=\"https:\/\/www.vietcorp.com\/store\/synology-drive\/\">Synology Drive<\/a> ShareSync c\u00f3 th\u1ec3 \u0111\u01b0\u1ee3c t\u1eadn d\u1ee5ng \u0111\u1ec3 ph\u00e2n ph\u1ed1i t\u1eadp tin \u0111\u1ebfn c\u00e1c m\u00e1y ch\u1ee7 tr\u00ean to\u00e0n th\u1ebf gi\u1edbi v\u00e0 \u0111\u1ed3ng b\u1ed9 d\u1eef li\u1ec7u tr\u1edf l\u1ea1i tr\u1ee5 s\u1edf c\u00f4ng ty ho\u1eb7c c\u00e1c nh\u00f3m l\u00e0m vi\u1ec7c c\u00f3 th\u1ec3 \u0111\u1ed3ng b\u1ed9 tr\u00ean nhi\u1ec1u c\u01a1 s\u1edf, s\u1eed d\u1ee5ng \u00edt b\u0103ng th\u00f4ng v\u00e0 dung l\u01b0\u1ee3ng l\u01b0u tr\u1eef h\u01a1n b\u1eb1ng c\u00e1ch t\u1eadn d\u1ee5ng s\u1ee9c m\u1ea1nh c\u1ee7a \u0111\u00e1m m\u00e2y. V\u1edbi <a href=\"https:\/\/www.vietcorp.com\/store\/hybrid-share\/\">Hybrid Share<\/a>, t\u1ea5t c\u1ea3 d\u1eef li\u1ec7u chia s\u1ebb \u0111\u01b0\u1ee3c l\u01b0u v\u00e0o trung t\u00e2m d\u1eef li\u1ec7u Synology C2 Storage \u0111\u1ec3 truy c\u1eadp theo y\u00eau c\u1ea7u, c\u00f2n c\u00e1c t\u1eadp tin th\u01b0\u1eddng xuy\u00ean truy c\u1eadp \u0111\u01b0\u1ee3c l\u01b0u v\u00e0o b\u1ed9 nh\u1edb \u0111\u1ec7m tr\u00ean h\u1ec7 th\u1ed1ng Synology t\u1ea1i c\u01a1 s\u1edf \u0111\u1ec3 truy c\u1eadp \u1edf t\u1ed1c \u0111\u1ed9 m\u1ea1ng LAN.<\/p>\n<p><strong>T\u00edch h\u1ee3p s\u1eb5n t\u00ednh n\u0103ng b\u1ea3o v\u1ec7 d\u1eef li\u1ec7u to\u00e0n di\u1ec7n<\/strong><\/p>\n<p><img decoding=\"async\" class=\"aligncenter size-full wp-image-3405\" src=\"https:\/\/www.vietcorp.com\/store\/wp-content\/uploads\/2023\/01\/thiet-bi-luu-tru-NAS-Synology-sa3410-12.jpg\" alt=\"Thi\u1ebft b\u1ecb l\u01b0u tr\u1eef NAS Synology SA3610 5\" width=\"600\" height=\"337\" srcset=\"https:\/\/vietcorp.com\/store\/wp-content\/uploads\/2023\/01\/thiet-bi-luu-tru-NAS-Synology-sa3410-12.jpg 600w, https:\/\/vietcorp.com\/store\/wp-content\/uploads\/2023\/01\/thiet-bi-luu-tru-NAS-Synology-sa3410-12-400x225.jpg 400w, https:\/\/vietcorp.com\/store\/wp-content\/uploads\/2023\/01\/thiet-bi-luu-tru-NAS-Synology-sa3410-12-367x206.jpg 367w\" sizes=\"(max-width: 600px) 100vw, 600px\" \/><\/p>\n<p><a href=\"https:\/\/www.vietcorp.com\/store\/synology-diskstation-manager-7-2\/\">Synology DiskStation Manager<\/a> (DSM) cung c\u1ea5p c\u00e1c gi\u1ea3i ph\u00e1p m\u1ea1nh m\u1ebd \u0111\u1ec3 sao l\u01b0u c\u00e1c \u1ee9ng d\u1ee5ng PC, m\u00e1y ch\u1ee7, m\u00e1y \u1ea3o v\u00e0 SaaS. Active Backup Suite cho ph\u00e9p c\u00e1c t\u1ed5 ch\u1ee9c h\u1ee3p nh\u1ea5t c\u00e1c b\u1ea3n sao l\u01b0u tr\u00ean c\u00e1c \u1ee9ng d\u1ee5ng v\u00e0 m\u00e1y ch\u1ee7 Windows, \u0111i\u1ec3m cu\u1ed1i Linux, h\u1ec7 th\u1ed1ng Synology, m\u00e1y \u1ea3o VMware\u00ae v\u00e0 Hyper-V, c\u0169ng nh\u01b0 Microsoft 365 v\u00e0 Google Workspace tr\u00ean thi\u1ebft b\u1ecb SA3610, \u0111\u1ed3ng th\u1eddi qu\u1ea3n l\u00fd t\u1ea5t c\u1ea3 t\u00e1c v\u1ee5 sao l\u01b0u th\u00f4ng qua m\u1ed9t b\u1ea3ng \u0111i\u1ec1u khi\u1ec3n qu\u1ea3n l\u00fd t\u1eadp trung.<\/p>\n<p>C\u00e1c t\u00f9y ch\u1ecdn kh\u00f4i ph\u1ee5c t\u1eebng t\u1eadp tin v\u00e0 bare-metal kh\u1ea3 d\u1ee5ng cho c\u00e1c thi\u1ebft b\u1ecb v\u1eadt l\u00fd, c\u00f2n m\u00e1y \u1ea3o c\u00f3 th\u1ec3 t\u1ea1m th\u1eddi kh\u00f4i ph\u1ee5c v\u1ec1 tr\u00ecnh qu\u1ea3n l\u00fd \u1ea3o ho\u00e1 t\u00edch h\u1ee3p \u0111\u1ec3 gi\u1ea3m thi\u1ec3u th\u1eddi gian ng\u1eebng ho\u1ea1t \u0111\u1ed9ng c\u1ee7a d\u1ecbch v\u1ee5. T\u00ednh n\u0103ng kh\u1eed tr\u00f9ng l\u1eb7p d\u1eef li\u1ec7u tr\u00ean t\u1eebng kh\u1ed1i c\u00f3 th\u1ec3 gi\u1ea3m \u0111\u00e1ng k\u1ec3 m\u1ee9c s\u1eed d\u1ee5ng b\u1ed9 nh\u1edb, c\u00f2n t\u00ednh n\u0103ng sao l\u01b0u d\u1eef li\u1ec7u thay \u0111\u1ed5i s\u1ebd gi\u1ea3m thi\u1ec3u th\u1eddi gian sao l\u01b0u v\u00e0 s\u1eed d\u1ee5ng b\u0103ng th\u00f4ng.<\/p>\n<p>B\u1ea3n ghi nhanh tr\u00ean thi\u1ebft b\u1ecb cho ph\u00e9p b\u1ea3o v\u1ec7 c\u00e1c t\u1eadp tin v\u00e0 LUN kh\u1ecfi s\u1ef1 c\u1ed1 v\u00e0 c\u00e1c m\u1ed1i \u0111e d\u1ecda b\u00ean ngo\u00e0i, ch\u1eb3ng h\u1ea1n nh\u01b0 c\u00e1c cu\u1ed9c t\u1ea5n c\u00f4ng b\u1eb1ng ransomware, \u0111\u1ed3ng th\u1eddi gi\u1ea3m thi\u1ec3u m\u1ee9c s\u1eed d\u1ee5ng b\u1ed9 nh\u1edb v\u00e0 RTO. T\u1ea5t c\u1ea3 c\u00e1c gi\u1ea3i ph\u00e1p qu\u1ea3n l\u00fd d\u1eef li\u1ec7u Synology \u0111\u1ec1u c\u00f3 kh\u1ea3 n\u0103ng sao l\u01b0u t\u1eadp tin v\u00e0 h\u1ec7 th\u1ed1ng to\u00e0n di\u1ec7n \u0111\u1ec3 sao l\u01b0u an to\u00e0n v\u00e0o c\u00e1c h\u1ec7 th\u1ed1ng Synology kh\u00e1c ho\u1eb7c d\u1ecbch v\u1ee5 l\u01b0u tr\u1eef \u0111\u00e1m m\u00e2y.<\/p>\n<p><strong>Gi\u00e1m s\u00e1t video ri\u00eang t\u01b0<\/strong><\/p>\n<p><a href=\"https:\/\/www.vietcorp.com\/store\/surveillance-station\/\">Surveillance Station<\/a> c\u1ee7a Synology l\u00e0 m\u1ed9t VMS m\u1ea1nh m\u1ebd \u0111\u01b0\u1ee3c thi\u1ebft k\u1ebf cho c\u00e1c doanh nghi\u1ec7p \u0111\u00e3 b\u1ea3o v\u1ec7 h\u01a1n 500.000 c\u01a1 s\u1edf. H\u1ed7 tr\u1ee3 ONVIF linh ho\u1ea1t v\u00e0 h\u01a1n 8.300 camera IP \u0111\u00e3 \u0111\u01b0\u1ee3c x\u00e1c th\u1ef1c, \u0111\u1ec3 qu\u00e1 tr\u00ecnh tri\u1ec3n khai tr\u1edf n\u00ean \u0111\u01a1n gi\u1ea3n v\u00e0 d\u1ec5 d\u00e0ng \u0111i\u1ec1u ch\u1ec9nh theo y\u00eau c\u1ea7u c\u1ee7a t\u1eebng \u0111\u1ecba \u0111i\u1ec3m. C\u00f3 th\u1ec3 th\u00eam t\u1ed1i \u0111a 128 camera IP v\u00e0o m\u1ed7i thi\u1ebft b\u1ecb trong hai s\u1ea3n ph\u1ea9m SA3610 &amp; SA3410, c\u00f9ng nhi\u1ec1u m\u00e1y ch\u1ee7 c\u00f3 th\u1ec3 d\u1ec5 d\u00e0ng gi\u00e1m s\u00e1t, qu\u1ea3n l\u00fd v\u00e0 sao l\u01b0u th\u00f4ng qua h\u1ec7 th\u1ed1ng qu\u1ea3n l\u00fd t\u1eadp trung t\u00edch h\u1ee3p.<\/p>\n<p><strong>B\u1ec1 ngo\u00e0i NAS Synology SA3610<\/strong><\/p>\n<p><img decoding=\"async\" class=\"aligncenter size-full wp-image-3421\" src=\"https:\/\/www.vietcorp.com\/store\/wp-content\/uploads\/2023\/01\/thiet-bi-luu-tru-NAS-Synology-SA3610-7.jpg\" alt=\"Thi\u1ebft b\u1ecb l\u01b0u tr\u1eef NAS Synology SA3610 6\" width=\"1024\" height=\"341\" srcset=\"https:\/\/vietcorp.com\/store\/wp-content\/uploads\/2023\/01\/thiet-bi-luu-tru-NAS-Synology-SA3610-7.jpg 1024w, https:\/\/vietcorp.com\/store\/wp-content\/uploads\/2023\/01\/thiet-bi-luu-tru-NAS-Synology-SA3610-7-600x200.jpg 600w, https:\/\/vietcorp.com\/store\/wp-content\/uploads\/2023\/01\/thiet-bi-luu-tru-NAS-Synology-SA3610-7-768x256.jpg 768w, https:\/\/vietcorp.com\/store\/wp-content\/uploads\/2023\/01\/thiet-bi-luu-tru-NAS-Synology-SA3610-7-640x213.jpg 640w, https:\/\/vietcorp.com\/store\/wp-content\/uploads\/2023\/01\/thiet-bi-luu-tru-NAS-Synology-SA3610-7-400x133.jpg 400w, https:\/\/vietcorp.com\/store\/wp-content\/uploads\/2023\/01\/thiet-bi-luu-tru-NAS-Synology-SA3610-7-367x122.jpg 367w\" sizes=\"(max-width: 1024px) 100vw, 1024px\" \/><\/p>\n<p><center><iframe loading=\"lazy\" title=\"YouTube video player\" src=\"https:\/\/www.youtube.com\/embed\/ToY28cSQIw0?si=s2mJizVfgaa4hWko\" width=\"560\" height=\"315\" frameborder=\"0\" allowfullscreen=\"allowfullscreen\"><\/iframe><\/center>Xem th\u00eam <a href=\"https:\/\/www.nas.vn\/\">NAS<\/a> Synology:<\/p>\n<ul>\n<li><a href=\"https:\/\/www.vietcorp.com\/vn\/chung-nhan\/\">Ch\u1ee9ng nh\u1eadn Synology<\/a><\/li>\n<li><a href=\"https:\/\/vietcorp.com\/support\/synology\/\">Support Synology<\/a><\/li>\n<li><a href=\"https:\/\/www.vietcorp.com\/blog\/tag\/showcase-synology\/\">Showcase Synology<\/a><\/li>\n<\/ul>\n","protected":false},"excerpt":{"rendered":"<p>Thi\u1ebft b\u1ecb l\u01b0u tr\u1eef NAS Synology SA3610<br \/>\nNAS 12 khay \u1ed5 \u0111\u0129a max 96 \u1ed5 \u0111\u0129a<br \/>\nIntel Xeon D-1567, 2 RJ-45 10GbE<br \/>\n16 GB DDR4 ECC 128 GB<br \/>\nB\u1ea3o h\u00e0nh 60 th\u00e1ng<\/p>\n","protected":false},"featured_media":6965,"template":"","meta":[],"product_brand":[],"product_cat":[404],"product_tag":[53,442,376,440,23,441],"class_list":{"0":"post-3427","1":"product","2":"type-product","3":"status-publish","4":"has-post-thumbnail","6":"product_cat-sa-series","7":"product_tag-nas","8":"product_tag-nas-sa3610","9":"product_tag-sa","10":"product_tag-sa3610","11":"product_tag-synology","12":"product_tag-synology-sa3610","13":"pa_thuong-hieu-synology","15":"first","16":"onbackorder","17":"taxable","18":"shipping-taxable","19":"product-type-simple"},"_links":{"self":[{"href":"https:\/\/vietcorp.com\/store\/wp-json\/wp\/v2\/product\/3427","targetHints":{"allow":["GET"]}}],"collection":[{"href":"https:\/\/vietcorp.com\/store\/wp-json\/wp\/v2\/product"}],"about":[{"href":"https:\/\/vietcorp.com\/store\/wp-json\/wp\/v2\/types\/product"}],"wp:featuredmedia":[{"embeddable":true,"href":"https:\/\/vietcorp.com\/store\/wp-json\/wp\/v2\/media\/6965"}],"wp:attachment":[{"href":"https:\/\/vietcorp.com\/store\/wp-json\/wp\/v2\/media?parent=3427"}],"wp:term":[{"taxonomy":"product_brand","embeddable":true,"href":"https:\/\/vietcorp.com\/store\/wp-json\/wp\/v2\/product_brand?post=3427"},{"taxonomy":"product_cat","embeddable":true,"href":"https:\/\/vietcorp.com\/store\/wp-json\/wp\/v2\/product_cat?post=3427"},{"taxonomy":"product_tag","embeddable":true,"href":"https:\/\/vietcorp.com\/store\/wp-json\/wp\/v2\/product_tag?post=3427"}],"curies":[{"name":"wp","href":"https:\/\/api.w.org\/{rel}","templated":true}]}}