


{"id":3378,"date":"2023-06-02T11:46:47","date_gmt":"2023-06-02T04:46:47","guid":{"rendered":"https:\/\/www.vietcorp.com\/store\/?post_type=product&#038;p=3378"},"modified":"2025-12-11T11:48:47","modified_gmt":"2025-12-11T04:48:47","slug":"synology-ds223","status":"publish","type":"product","link":"https:\/\/vietcorp.com\/store\/3378\/synology-ds223\/","title":{"rendered":"Synology DS223"},"content":{"rendered":"<h2><a href=\"https:\/\/www.vietcorp.com\/store\/3378\/synology-ds223\/\"><strong>Thi\u1ebft b\u1ecb l\u01b0u tr\u1eef NAS Synology DS223<\/strong><\/a><\/h2>\n<p>N\u1ec1n t\u1ea3ng qu\u1ea3n l\u00fd d\u1eef li\u1ec7u cho gia \u0111\u00ecnh v\u00e0 v\u0103n ph\u00f2ng nh\u1ecf.<\/p>\n<h3><strong>Th\u00f4ng s\u1ed1 k\u1ef9 thu\u1eadt <a href=\"https:\/\/www.vietcorp.com\/store\/nas-synology\/\">NAS Synology<\/a> DS223:<\/strong><\/h3>\n<ul>\n<li><strong>CPU<\/strong>: Realtek RTD1619B 4-core 1.7 GHz<\/li>\n<li><strong>RAM<\/strong>: 2 GB DDR4 non-ECC<\/li>\n<li><strong>Storage:<\/strong> 2 khay \u1ed5 \u0111\u0129a<\/li>\n<li><strong>External ports:<\/strong> 1 c\u1ed5ng RJ-45 1GbE LAN, 3 c\u1ed5ng USB 3.2 Gen 1<\/li>\n<li><strong>B\u1ea3o h\u00e0nh 24 th\u00e1ng<\/strong><\/li>\n<\/ul>\n<p><center><iframe loading=\"lazy\" title=\"YouTube video player\" src=\"https:\/\/www.youtube.com\/embed\/b1xNP7CYZNk\" width=\"560\" height=\"315\" frameborder=\"0\" allowfullscreen=\"allowfullscreen\"><\/iframe><\/center><\/p>\n<h3><strong>Ki\u1ec3m so\u00e1t d\u1eef li\u1ec7u c\u1ee7a ri\u00eang b\u1ea1n<\/strong><\/h3>\n<p>H\u1ee3p nh\u1ea5t c\u00e1c t\u1eadp tin t\u1eeb nhi\u1ec1u ngu\u1ed3n kh\u00e1c nhau v\u00e0o \u0111\u00e1m m\u00e2y ri\u00eang t\u01b0. Thi\u1ebft b\u1ecb NAS Synology DS223 \u0111\u1ea3m b\u1ea3o quy tr\u00ecnh \u0111\u01a1n gi\u1ea3n v\u00e0 cung c\u1ea5p m\u1ecdi c\u00f4ng c\u1ee5 b\u1ea1n c\u1ea7n \u0111\u1ec3 b\u1ea3o v\u1ec7 d\u1eef li\u1ec7u an to\u00e0n, \u0111\u00fang tr\u1eadt t\u1ef1.<\/p>\n<h4><strong>\u0110\u00e1m m\u00e2y ri\u00eang t\u01b0 an to\u00e0n<\/strong><\/h4>\n<p>Cho ph\u00e9p truy c\u1eadp m\u1ecdi l\u00fac, m\u1ecdi n\u01a1i l\u00ean t\u1edbi 36 TB d\u1eef li\u1ec7u.<\/p>\n<h4><strong>Trung t\u00e2m sao l\u01b0u \u0111\u01a1n gi\u1ea3n<\/strong><\/h4>\n<p>T\u1ea1o c\u00e1c b\u1ea3n sao d\u1ef1 ph\u00f2ng cho t\u00e0i li\u1ec7u c\u00f4ng vi\u1ec7c v\u00e0 gi\u1ea3i tr\u00ed c\u1ee7a b\u1ea1n \u0111\u1ec3 d\u1ec5 d\u00e0ng kh\u00f4i ph\u1ee5c.<\/p>\n<h4><strong>V\u1eadn h\u00e0nh hi\u1ec7u qu\u1ea3<\/strong><\/h4>\n<p>Duy tr\u00ec m\u1ee9c ti\u00eau th\u1ee5 n\u0103ng l\u01b0\u1ee3ng th\u1ea5p ch\u1ec9 v\u1edbi 17,3 W trong qu\u00e1 tr\u00ecnh v\u1eadn h\u00e0nh.<\/p>\n<h3><strong>Tri\u1ec3n khai \u0111\u00e1m m\u00e2y ri\u00eang t\u01b0 d\u1ec5 d\u00e0ng<\/strong><\/h3>\n<p>Nh\u1eadp d\u1eef li\u1ec7u nhanh ch\u00f3ng v\u00e0 d\u1ec5 d\u00e0ng t\u1eeb PC, Mac v\u00e0 thi\u1ebft b\u1ecb l\u01b0u tr\u1eef b\u00ean ngo\u00e0i, \u0111\u1ed3ng th\u1eddi \u0111\u1ea3m b\u1ea3o m\u1ecdi thi\u1ebft b\u1ecb \u0111\u01b0\u1ee3c \u0111\u1ed3ng b\u1ed9 \u0111\u1ec3 qu\u1ea3n l\u00fd t\u1eadp tin m\u01b0\u1ee3t m\u00e0 h\u01a1n.<\/p>\n<h4><strong>Truy c\u1eadp t\u1eeb m\u1ecdi thi\u1ebft b\u1ecb<\/strong><\/h4>\n<p><img decoding=\"async\" class=\"aligncenter wp-image-3392 size-full\" src=\"https:\/\/www.vietcorp.com\/store\/wp-content\/uploads\/2023\/01\/thiet-bi-luu-tru-NAS-Synology-ds223-16.jpg\" alt=\"Thi\u1ebft b\u1ecb l\u01b0u tr\u1eef NAS Synology DS223 1\" width=\"600\" height=\"377\" srcset=\"https:\/\/vietcorp.com\/store\/wp-content\/uploads\/2023\/01\/thiet-bi-luu-tru-NAS-Synology-ds223-16.jpg 600w, https:\/\/vietcorp.com\/store\/wp-content\/uploads\/2023\/01\/thiet-bi-luu-tru-NAS-Synology-ds223-16-400x251.jpg 400w, https:\/\/vietcorp.com\/store\/wp-content\/uploads\/2023\/01\/thiet-bi-luu-tru-NAS-Synology-ds223-16-367x231.jpg 367w\" sizes=\"(max-width: 600px) 100vw, 600px\" \/><\/p>\n<p>Truy c\u1eadp t\u1eadp tin t\u1eeb PC, Mac, Linux, Chromebook, Android, iOS ho\u1eb7c b\u1ea5t k\u1ef3 thi\u1ebft b\u1ecb n\u00e0o c\u00f3 trang b\u1ecb tr\u00ecnh duy\u1ec7t. \u0110\u1ea3m b\u1ea3o d\u1eef li\u1ec7u \u1edf ch\u1ebf \u0111\u1ed9 ri\u00eang t\u01b0 ho\u1eb7c d\u1ec5 d\u00e0ng chia s\u1ebb d\u1eef li\u1ec7u \u0111\u00f3 b\u1eb1ng li\u00ean k\u1ebft an to\u00e0n.<\/p>\n<h4><strong>Ti\u1ebft ki\u1ec7m kh\u00f4ng gian l\u01b0u tr\u1eef<\/strong><\/h4>\n<p><img decoding=\"async\" class=\"aligncenter size-full wp-image-3391\" src=\"https:\/\/www.vietcorp.com\/store\/wp-content\/uploads\/2023\/01\/thiet-bi-luu-tru-NAS-Synology-ds223-15.jpg\" alt=\"Thi\u1ebft b\u1ecb l\u01b0u tr\u1eef NAS Synology DS223 2\" width=\"600\" height=\"300\" srcset=\"https:\/\/vietcorp.com\/store\/wp-content\/uploads\/2023\/01\/thiet-bi-luu-tru-NAS-Synology-ds223-15.jpg 600w, https:\/\/vietcorp.com\/store\/wp-content\/uploads\/2023\/01\/thiet-bi-luu-tru-NAS-Synology-ds223-15-400x200.jpg 400w, https:\/\/vietcorp.com\/store\/wp-content\/uploads\/2023\/01\/thiet-bi-luu-tru-NAS-Synology-ds223-15-367x184.jpg 367w\" sizes=\"(max-width: 600px) 100vw, 600px\" \/><\/p>\n<p>B\u1eadt ch\u1ebf \u0111\u1ed9 theo y\u00eau c\u1ea7u \u0111\u1ec3 t\u1ea3i t\u1eadp tin xu\u1ed1ng PC ch\u1ea1y Windows ho\u1eb7c thi\u1ebft b\u1ecb Mac ch\u1ec9 khi b\u1ea1n truy c\u1eadp. Ghim nh\u1eefng d\u1eef li\u1ec7u quan tr\u1ecdng nh\u1ea5t ho\u1eb7c nh\u1eefng d\u1eef li\u1ec7u b\u1ea1n truy c\u1eadp th\u01b0\u1eddng xuy\u00ean h\u01a1n \u0111\u1ec3 truy c\u1eadp ngo\u1ea1i tuy\u1ebfn th\u1eadt thu\u1eadn ti\u1ec7n.<\/p>\n<h4><strong>T\u00edch h\u1ee3p v\u1edbi \u0111\u00e1m m\u00e2y<\/strong><\/h4>\n<p><img decoding=\"async\" class=\"aligncenter size-full wp-image-3390\" src=\"https:\/\/www.vietcorp.com\/store\/wp-content\/uploads\/2023\/01\/thiet-bi-luu-tru-NAS-Synology-ds223-14.jpg\" alt=\"Thi\u1ebft b\u1ecb l\u01b0u tr\u1eef NAS Synology DS223 3\" width=\"600\" height=\"199\" srcset=\"https:\/\/vietcorp.com\/store\/wp-content\/uploads\/2023\/01\/thiet-bi-luu-tru-NAS-Synology-ds223-14.jpg 600w, https:\/\/vietcorp.com\/store\/wp-content\/uploads\/2023\/01\/thiet-bi-luu-tru-NAS-Synology-ds223-14-400x133.jpg 400w, https:\/\/vietcorp.com\/store\/wp-content\/uploads\/2023\/01\/thiet-bi-luu-tru-NAS-Synology-ds223-14-367x122.jpg 367w\" sizes=\"(max-width: 600px) 100vw, 600px\" \/><\/p>\n<p>\u0110\u1ed3ng b\u1ed9 h\u00f3a t\u1eadp tin gi\u1eefa d\u1ecbch v\u1ee5 \u0111\u00e1m m\u00e2y c\u00e1 nh\u00e2n v\u00e0 \u0111\u00e1m m\u00e2y c\u00f4ng c\u1ed9ng, bao g\u1ed3m Google Drive, Dropbox v\u00e0 Microsoft OneDrive. Gi\u1eef l\u1ea1i m\u1ed9t b\u1ea3n sao c\u1ee7a d\u1eef li\u1ec7u \u0111\u00e1m m\u00e2y tr\u00ean thi\u1ebft b\u1ecb \u0111\u1ec3 qu\u1ea3n l\u00fd t\u1eadp trung v\u00e0 n\u1eafm quy\u1ec1n s\u1edf h\u1eefu d\u1eef li\u1ec7u.<\/p>\n<h4><strong>\u0110\u1ed3ng b\u1ed9 gi\u1eefa c\u00e1c \u0111\u1ecba \u0111i\u1ec3m<\/strong><\/h4>\n<p><img decoding=\"async\" class=\"aligncenter size-full wp-image-3389\" src=\"https:\/\/www.vietcorp.com\/store\/wp-content\/uploads\/2023\/01\/thiet-bi-luu-tru-NAS-Synology-ds223-13.jpg\" alt=\"Thi\u1ebft b\u1ecb l\u01b0u tr\u1eef NAS Synology DS223 4\" width=\"600\" height=\"373\" srcset=\"https:\/\/vietcorp.com\/store\/wp-content\/uploads\/2023\/01\/thiet-bi-luu-tru-NAS-Synology-ds223-13.jpg 600w, https:\/\/vietcorp.com\/store\/wp-content\/uploads\/2023\/01\/thiet-bi-luu-tru-NAS-Synology-ds223-13-400x249.jpg 400w, https:\/\/vietcorp.com\/store\/wp-content\/uploads\/2023\/01\/thiet-bi-luu-tru-NAS-Synology-ds223-13-367x228.jpg 367w\" sizes=\"(max-width: 600px) 100vw, 600px\" \/><\/p>\n<p>Kh\u00f4ng c\u00f2n ph\u1ea3i m\u1ea5t th\u1eddi gian ch\u1edd t\u1ea3i xu\u1ed1ng ho\u1eb7c t\u1ea3i l\u00ean t\u1eadp tin. Li\u00ean t\u1ee5c \u0111\u1ed3ng b\u1ed9 h\u00f3a n\u1ed9i dung gi\u1eefa hai thi\u1ebft b\u1ecb Synology \u0111\u1ec3 truy c\u1eadp nhanh d\u1eef li\u1ec7u t\u1ea1i b\u1ea5t k\u1ef3 \u0111\u1ecba \u0111i\u1ec3m n\u00e0o, kh\u00f4ng ph\u1ee5 thu\u1ed9c v\u00e0o l\u01b0\u1ee3ng d\u1eef li\u1ec7u.<\/p>\n<h4><strong>\u0110\u1ea3m b\u1ea3o an to\u00e0n cho d\u1eef li\u1ec7u c\u1ee7a b\u1ea1n<\/strong><\/h4>\n<p><img decoding=\"async\" class=\"aligncenter size-full wp-image-3388\" src=\"https:\/\/www.vietcorp.com\/store\/wp-content\/uploads\/2023\/01\/thiet-bi-luu-tru-NAS-Synology-ds223-12.jpg\" alt=\"Thi\u1ebft b\u1ecb l\u01b0u tr\u1eef NAS Synology DS223 5\" width=\"600\" height=\"341\" srcset=\"https:\/\/vietcorp.com\/store\/wp-content\/uploads\/2023\/01\/thiet-bi-luu-tru-NAS-Synology-ds223-12.jpg 600w, https:\/\/vietcorp.com\/store\/wp-content\/uploads\/2023\/01\/thiet-bi-luu-tru-NAS-Synology-ds223-12-400x227.jpg 400w, https:\/\/vietcorp.com\/store\/wp-content\/uploads\/2023\/01\/thiet-bi-luu-tru-NAS-Synology-ds223-12-367x209.jpg 367w\" sizes=\"(max-width: 600px) 100vw, 600px\" \/><\/p>\n<p>Kh\u00f4ng ph\u1ea3i t\u1ea5t c\u1ea3 c\u00e1c kho d\u1eef li\u1ec7u \u0111\u1ec1u \u0111\u01b0\u1ee3c t\u1ea1o ra nh\u01b0 nhau. Synology DiskStation Manager (DSM), h\u1ec7 \u0111i\u1ec1u h\u00e0nh mang \u0111\u1ebfn s\u1ee9c m\u1ea1nh cho DS223, t\u1eadn d\u1ee5ng h\u1ec7 th\u1ed1ng t\u1eadp tin Btrfs hi\u1ec7u qu\u1ea3 \u0111\u1ec3 tr\u00e1nh t\u00ecnh tr\u1ea1ng h\u01b0 h\u1ecfng d\u1eef li\u1ec7u v\u00e0 kh\u00f4i ph\u1ee5c m\u1ecdi thay \u0111\u1ed5i d\u00f9 l\u00e0 v\u00f4 t\u00ecnh ho\u1eb7c c\u1ed1 \u00fd nh\u1edd c\u00f4ng ngh\u1ec7 snapshot.<\/p>\n<h3><strong>NAS \u0111a n\u0103ng cho ng\u00f4i nh\u00e0 hi\u1ec7n \u0111\u1ea1i<\/strong><\/h3>\n<p>Thi\u1ebft l\u1eadp c\u1ea5u h\u00ecnh Synology DS223 sao cho ph\u00f9 h\u1ee3p nh\u1ea5t v\u1edbi nhu c\u1ea7u c\u1ee7a b\u1ea1n nh\u1edd m\u1ed9t lo\u1ea1t c\u00e1c gi\u1ea3i ph\u00e1p ho\u00e0n ch\u1ec9nh \u0111\u01b0\u1ee3c thi\u1ebft k\u1ebf cho m\u1ecdi t\u00ecnh hu\u1ed1ng.<\/p>\n<h4><strong>Qu\u1ea3n l\u00fd \u1ea3nh<\/strong><\/h4>\n<p>Xem, s\u1eafp x\u1ebfp v\u00e0 chia s\u1ebb ph\u01b0\u01a1ng ti\u1ec7n m\u1ed9t c\u00e1ch d\u1ec5 d\u00e0ng v\u1edbi c\u00e1c ch\u1ee9c n\u0103ng th\u00f4ng minh v\u00e0 an to\u00e0n.<\/p>\n<p><strong><img decoding=\"async\" class=\"aligncenter size-full wp-image-3387\" src=\"https:\/\/www.vietcorp.com\/store\/wp-content\/uploads\/2023\/01\/thiet-bi-luu-tru-NAS-Synology-ds223-11.jpg\" alt=\"Thi\u1ebft b\u1ecb l\u01b0u tr\u1eef NAS Synology DS223 6\" width=\"600\" height=\"337\" srcset=\"https:\/\/vietcorp.com\/store\/wp-content\/uploads\/2023\/01\/thiet-bi-luu-tru-NAS-Synology-ds223-11.jpg 600w, https:\/\/vietcorp.com\/store\/wp-content\/uploads\/2023\/01\/thiet-bi-luu-tru-NAS-Synology-ds223-11-400x225.jpg 400w, https:\/\/vietcorp.com\/store\/wp-content\/uploads\/2023\/01\/thiet-bi-luu-tru-NAS-Synology-ds223-11-367x206.jpg 367w\" sizes=\"(max-width: 600px) 100vw, 600px\" \/><\/strong><\/p>\n<p><strong>Gi\u1ea3m thi\u1ec3u t\u00ecnh tr\u1ea1ng d\u1eef li\u1ec7u l\u1ed9n x\u1ed9n<\/strong><\/p>\n<p>S\u1eafp x\u1ebfp \u1ea3nh v\u00e0 clip b\u1eb1ng c\u00e1c ch\u1ee9c n\u0103ng s\u1eafp x\u1ebfp th\u00f4ng minh c\u1ee7a <a href=\"https:\/\/www.vietcorp.com\/store\/synology-photos\/\">Synology Photos<\/a>.<\/p>\n<p><strong>C\u1ed9ng t\u00e1c d\u1ec5 d\u00e0ng<\/strong><\/p>\n<p>Chia s\u1ebb ph\u01b0\u01a1ng ti\u1ec7n v\u1edbi gia \u0111\u00ecnh, b\u1ea1n b\u00e8 v\u00e0 nh\u1eefng ng\u01b0\u1eddi c\u1ed9ng t\u00e1c th\u00f4ng qua c\u00e1c t\u00f9y ch\u1ecdn chia s\u1ebb t\u1eadp trung v\u00e0o quy\u1ec1n ri\u00eang t\u01b0 trong Synology Photos.<\/p>\n<h3><strong>B\u1ea3o v\u1ec7 d\u1eef li\u1ec7u<\/strong><\/h3>\n<p>B\u1ea3o v\u1ec7 b\u1ed9 nh\u1edb k\u1ef9 thu\u1eadt s\u1ed1 v\u00e0 c\u00e1c d\u1ef1 \u00e1n quan tr\u1ecdng b\u1eb1ng c\u00e1c c\u00f4ng c\u1ee5 sao l\u01b0u tr\u1ef1c quan.<\/p>\n<p><strong><img decoding=\"async\" class=\"aligncenter size-full wp-image-3384\" src=\"https:\/\/www.vietcorp.com\/store\/wp-content\/uploads\/2023\/01\/thiet-bi-luu-tru-NAS-Synology-ds223-8.jpg\" alt=\"Thi\u1ebft b\u1ecb l\u01b0u tr\u1eef NAS Synology DS223 7\" width=\"600\" height=\"451\" srcset=\"https:\/\/vietcorp.com\/store\/wp-content\/uploads\/2023\/01\/thiet-bi-luu-tru-NAS-Synology-ds223-8.jpg 600w, https:\/\/vietcorp.com\/store\/wp-content\/uploads\/2023\/01\/thiet-bi-luu-tru-NAS-Synology-ds223-8-463x348.jpg 463w, https:\/\/vietcorp.com\/store\/wp-content\/uploads\/2023\/01\/thiet-bi-luu-tru-NAS-Synology-ds223-8-400x300.jpg 400w, https:\/\/vietcorp.com\/store\/wp-content\/uploads\/2023\/01\/thiet-bi-luu-tru-NAS-Synology-ds223-8-367x276.jpg 367w\" sizes=\"(max-width: 600px) 100vw, 600px\" \/><\/strong><\/p>\n<p><strong>T\u1ef1 \u0111\u1ed9ng sao l\u01b0u \u0111a ph\u01b0\u01a1ng ti\u1ec7n<\/strong><\/p>\n<p>T\u1ef1 \u0111\u1ed9ng t\u1ea3i \u1ea3nh v\u00e0 video ch\u1ee5p v\u00e0 quay tr\u00ean thi\u1ebft b\u1ecb di \u0111\u1ed9ng l\u00ean \u0111\u00e1m m\u00e2y ri\u00eang b\u1eb1ng Synology Photos ho\u1eb7c <a href=\"https:\/\/www.vietcorp.com\/store\/synology-drive\/\">Synology Drive<\/a>.<\/p>\n<p><strong>B\u1ea3o v\u1ec7 tr\u01b0\u1edbc c\u00e1c cu\u1ed9c t\u1ea5n c\u00f4ng m\u1ea1ng<\/strong><\/p>\n<p>T\u1eadn d\u1ee5ng Synology Drive \u0111\u1ec3 <a href=\"http:\/\/vietcorp.com\/store\/bao-ve-to-chuc-khoi-ransomware\/\">b\u1ea3o v\u1ec7 d\u1eef li\u1ec7u kh\u1ecfi c\u00e1c cu\u1ed9c t\u1ea5n c\u00f4ng c\u1ee7a ransomware<\/a> ho\u1eb7c thao t\u00e1c x\u00f3a nh\u1ea7m b\u1eb1ng c\u00e1c b\u1ea3n sao l\u01b0u theo l\u1ecbch tr\u00ecnh ho\u1eb7c th\u1eddi gian th\u1ef1c cho c\u00e1c th\u01b0 m\u1ee5c m\u00e1y t\u00ednh.<\/p>\n<h3><strong>Gi\u00e1m s\u00e1t an ninh b\u1eb1ng video<\/strong><\/h3>\n<p>B\u1ea3o v\u1ec7 t\u00e0i s\u1ea3n quan tr\u1ecdng b\u1eb1ng c\u00e1c gi\u1ea3i ph\u00e1p gi\u00e1m s\u00e1t tr\u1ef1c quan cho ng\u00f4i nh\u00e0 c\u1ee7a b\u1ea1n.<\/p>\n<h4><strong><img decoding=\"async\" class=\"aligncenter size-full wp-image-3385\" src=\"https:\/\/www.vietcorp.com\/store\/wp-content\/uploads\/2023\/01\/thiet-bi-luu-tru-NAS-Synology-ds223-9.jpg\" alt=\"Thi\u1ebft b\u1ecb l\u01b0u tr\u1eef NAS Synology DS223 8\" width=\"600\" height=\"339\" srcset=\"https:\/\/vietcorp.com\/store\/wp-content\/uploads\/2023\/01\/thiet-bi-luu-tru-NAS-Synology-ds223-9.jpg 600w, https:\/\/vietcorp.com\/store\/wp-content\/uploads\/2023\/01\/thiet-bi-luu-tru-NAS-Synology-ds223-9-400x226.jpg 400w, https:\/\/vietcorp.com\/store\/wp-content\/uploads\/2023\/01\/thiet-bi-luu-tru-NAS-Synology-ds223-9-367x207.jpg 367w\" sizes=\"(max-width: 600px) 100vw, 600px\" \/><\/strong><\/h4>\n<h4><strong>Kh\u1ea3 n\u0103ng t\u01b0\u01a1ng th\u00edch r\u1ed9ng<\/strong><\/h4>\n<p>K\u1ebft n\u1ed1i t\u1ed1i \u0111a 20 camera IP b\u1eb1ng c\u00e1ch ch\u1ecdn trong s\u1ed1 h\u01a1n 8.300 m\u1eabu thi\u1ebft b\u1ecb x\u00e1c th\u1ef1c ho\u1eb7c thi\u1ebft b\u1ecb ONVIF.<\/p>\n<h4><strong>Kh\u1ea3 n\u0103ng truy c\u1eadp \u0111a d\u1ea1ng<\/strong><\/h4>\n<p>Ki\u1ec3m so\u00e1t t\u00e0i s\u1ea3n c\u1ee7a b\u1ea1n theo c\u00e1ch thu\u1eadn ti\u1ec7n nh\u1ea5t. Xem c\u00e1c lu\u1ed3ng ph\u00e1t camera th\u00f4ng qua tr\u00ecnh duy\u1ec7t web, \u1ee9ng d\u1ee5ng m\u00e1y t\u00ednh ho\u1eb7c \u1ee9ng d\u1ee5ng di \u0111\u1ed9ng. Nh\u1eadn th\u00f4ng b\u00e1o v\u1ec1 c\u00e1c s\u1ef1 ki\u1ec7n v\u00e0 h\u00e0nh \u0111\u1ed9ng ngay l\u1eadp t\u1ee9c.<\/p>\n<h3><strong>B\u1ea3o v\u1ec7 n\u1ec1n t\u1ea3ng d\u1eef li\u1ec7u<\/strong><\/h3>\n<p>Th\u00eam m\u1ed9t l\u1edbp b\u1ea3o v\u1ec7 b\u1ed5 sung cho c\u00e1c t\u1eadp tin b\u1eb1ng m\u1ed9t trong c\u00e1c gi\u1ea3i ph\u00e1p t\u00edch h\u1ee3p s\u1eb5n, kh\u00f4ng c\u1ea7n gi\u1ea5y ph\u00e9p \u0111\u1ec3 sao l\u01b0u DS223.<\/p>\n<p><strong><img decoding=\"async\" class=\"aligncenter size-full wp-image-3384\" src=\"https:\/\/www.vietcorp.com\/store\/wp-content\/uploads\/2023\/01\/thiet-bi-luu-tru-NAS-Synology-ds223-8.jpg\" alt=\"Thi\u1ebft b\u1ecb l\u01b0u tr\u1eef NAS Synology DS223 9\" width=\"600\" height=\"451\" srcset=\"https:\/\/vietcorp.com\/store\/wp-content\/uploads\/2023\/01\/thiet-bi-luu-tru-NAS-Synology-ds223-8.jpg 600w, https:\/\/vietcorp.com\/store\/wp-content\/uploads\/2023\/01\/thiet-bi-luu-tru-NAS-Synology-ds223-8-463x348.jpg 463w, https:\/\/vietcorp.com\/store\/wp-content\/uploads\/2023\/01\/thiet-bi-luu-tru-NAS-Synology-ds223-8-400x300.jpg 400w, https:\/\/vietcorp.com\/store\/wp-content\/uploads\/2023\/01\/thiet-bi-luu-tru-NAS-Synology-ds223-8-367x276.jpg 367w\" sizes=\"(max-width: 600px) 100vw, 600px\" \/><\/strong><\/p>\n<p><strong>Sao l\u01b0u linh ho\u1ea1t<\/strong><\/p>\n<p>Sao l\u01b0u to\u00e0n b\u1ed9 NAS, bao g\u1ed3m c\u00e0i \u0111\u1eb7t h\u1ec7 th\u1ed1ng v\u00e0 \u1ee9ng d\u1ee5ng ho\u1eb7c ch\u1ecdn c\u00e1c th\u01b0 m\u1ee5c c\u1ee5 th\u1ec3. B\u1ea3o m\u1eadt t\u1ea5t c\u1ea3 d\u1eef li\u1ec7u sao l\u01b0u \u0111\u1ebfn nhi\u1ec1u \u0111\u00edch. T\u00ecm hi\u1ec3u th\u00eam v\u1ec1 Hyper Backup<\/p>\n<p><strong>B\u1ea3o v\u1ec7 g\u1ea7n nh\u01b0 li\u00ean t\u1ee5c<\/strong><\/p>\n<p>\u0110\u01b0a kh\u1ea3 n\u0103ng b\u1ea3o v\u1ec7 <a href=\"https:\/\/www.nas.vn\/\"><strong>NAS<\/strong><\/a> l\u00ean m\u1ed9t t\u1ea7m cao m\u1edbi b\u1eb1ng c\u00e1ch t\u1ea1o c\u00e1c b\u1ea3n sao t\u1ea1m th\u1eddi c\u1ee7a c\u00e1c th\u01b0 m\u1ee5c chia s\u1ebb, c\u00f3 th\u1ec3 sao ch\u00e9p sang v\u1ecb tr\u00ed kh\u00e1c v\u00e0 kh\u00f4i ph\u1ee5c nhanh ch\u00f3ng.<\/p>\n<h3 style=\"text-align: center;\"><strong>B\u1ec1 ngo\u00e0i Synology DiskStation DS223<\/strong><\/h3>\n<p><img decoding=\"async\" class=\"aligncenter size-full wp-image-3383\" src=\"https:\/\/www.vietcorp.com\/store\/wp-content\/uploads\/2023\/01\/thiet-bi-luu-tru-NAS-Synology-ds223-7.jpg\" alt=\"Thi\u1ebft b\u1ecb l\u01b0u tr\u1eef NAS Synology DS223 10\" width=\"1024\" height=\"386\" srcset=\"https:\/\/vietcorp.com\/store\/wp-content\/uploads\/2023\/01\/thiet-bi-luu-tru-NAS-Synology-ds223-7.jpg 1024w, https:\/\/vietcorp.com\/store\/wp-content\/uploads\/2023\/01\/thiet-bi-luu-tru-NAS-Synology-ds223-7-600x226.jpg 600w, https:\/\/vietcorp.com\/store\/wp-content\/uploads\/2023\/01\/thiet-bi-luu-tru-NAS-Synology-ds223-7-768x290.jpg 768w, https:\/\/vietcorp.com\/store\/wp-content\/uploads\/2023\/01\/thiet-bi-luu-tru-NAS-Synology-ds223-7-640x241.jpg 640w, https:\/\/vietcorp.com\/store\/wp-content\/uploads\/2023\/01\/thiet-bi-luu-tru-NAS-Synology-ds223-7-400x151.jpg 400w, https:\/\/vietcorp.com\/store\/wp-content\/uploads\/2023\/01\/thiet-bi-luu-tru-NAS-Synology-ds223-7-367x138.jpg 367w\" sizes=\"(max-width: 1024px) 100vw, 1024px\" \/><\/p>\n<p><center><iframe loading=\"lazy\" title=\"YouTube video player\" src=\"https:\/\/www.youtube.com\/embed\/S2W-dOXqJJI?si=2MsGZPWEBSrMbwgK\" width=\"560\" height=\"315\" frameborder=\"0\" allowfullscreen=\"allowfullscreen\"><\/iframe><\/center>Xem th\u00eam NAS Synology:<\/p>\n<ul>\n<li><a href=\"https:\/\/www.vietcorp.com\/vn\/chung-nhan\/\">Ch\u1ee9ng nh\u1eadn Synology<\/a><\/li>\n<li><a href=\"https:\/\/vietcorp.com\/support\/synology\/\">Support Synology<\/a><\/li>\n<li><a href=\"https:\/\/www.vietcorp.com\/blog\/tag\/showcase-synology\/\">Showcase Synology<\/a><\/li>\n<\/ul>\n","protected":false},"excerpt":{"rendered":"<p>Thi\u1ebft b\u1ecb l\u01b0u tr\u1eef NAS Synology DS223<br \/>\nNAS 2 khay \u1ed5 \u0111\u0129a<br \/>\n2 GB DDR4 non-ECC<br \/>\n1 x RJ-45 1GbE LAN<br \/>\nB\u1ea3o h\u00e0nh 24 th\u00e1ng<\/p>\n","protected":false},"featured_media":7290,"template":"","meta":[],"product_brand":[],"product_cat":[15],"product_tag":[16,428,53,17,430,23,429],"class_list":{"0":"post-3378","1":"product","2":"type-product","3":"status-publish","4":"has-post-thumbnail","6":"product_cat-nas","7":"product_tag-diskstation","8":"product_tag-ds223","9":"product_tag-nas","10":"product_tag-nas-2-bay","11":"product_tag-nas-ds223","12":"product_tag-synology","13":"product_tag-synology-ds223","14":"pa_thuong-hieu-synology","16":"first","17":"instock","18":"taxable","19":"shipping-taxable","20":"product-type-simple"},"_links":{"self":[{"href":"https:\/\/vietcorp.com\/store\/wp-json\/wp\/v2\/product\/3378","targetHints":{"allow":["GET"]}}],"collection":[{"href":"https:\/\/vietcorp.com\/store\/wp-json\/wp\/v2\/product"}],"about":[{"href":"https:\/\/vietcorp.com\/store\/wp-json\/wp\/v2\/types\/product"}],"wp:featuredmedia":[{"embeddable":true,"href":"https:\/\/vietcorp.com\/store\/wp-json\/wp\/v2\/media\/7290"}],"wp:attachment":[{"href":"https:\/\/vietcorp.com\/store\/wp-json\/wp\/v2\/media?parent=3378"}],"wp:term":[{"taxonomy":"product_brand","embeddable":true,"href":"https:\/\/vietcorp.com\/store\/wp-json\/wp\/v2\/product_brand?post=3378"},{"taxonomy":"product_cat","embeddable":true,"href":"https:\/\/vietcorp.com\/store\/wp-json\/wp\/v2\/product_cat?post=3378"},{"taxonomy":"product_tag","embeddable":true,"href":"https:\/\/vietcorp.com\/store\/wp-json\/wp\/v2\/product_tag?post=3378"}],"curies":[{"name":"wp","href":"https:\/\/api.w.org\/{rel}","templated":true}]}}