


{"id":335,"date":"2020-11-02T10:47:12","date_gmt":"2020-11-02T03:47:12","guid":{"rendered":"https:\/\/www.vietcorp.com\/store\/product\/synology-d4ecso-2666-16g\/"},"modified":"2025-12-11T11:47:11","modified_gmt":"2025-12-11T04:47:11","slug":"ram-synology-d4ecso-2666-16g","status":"publish","type":"product","link":"https:\/\/vietcorp.com\/store\/335\/ram-synology-d4ecso-2666-16g\/","title":{"rendered":"Synology D4ECSO-2666-16G"},"content":{"rendered":"<h2><strong>Synology D4ECSO-2666-16G<\/strong><\/h2>\n<ul class=\"ram-item__info\">\n<li>DDR4 ECC Unbuffered SODIMM<\/li>\n<li>EAN: 4711174723676<\/li>\n<li>Dung l\u01b0\u1ee3ng: 16GB<\/li>\n<li>B\u1ea3o h\u00e0nh: 5 n\u0103m<\/li>\n<\/ul>\n<h4>Applied Models<sup>*<\/sup>:<\/h4>\n<ul class=\"product_spec_applied_models\">\n<li><b>FS series:<\/b>FS1018<\/li>\n<li><b>21 series:<\/b>RS1221RP+, RS1221+, DS1821+, DS1621xs+, DS1621+, DVA3221<\/li>\n<li><b>20 series:<\/b>RS820RP+, RS820+<\/li>\n<li><b>19 series:<\/b>DS2419+II, DS2419+, DS1819+<\/li>\n<li><b>18 series:<\/b>DS3018xs, DS1618+<\/li>\n<li><b>17 series:<\/b>DS3617xsII, DS3617xs<\/li>\n<\/ul>\n<div class=\"notes\">\n<p><span class=\"title\">*\u00a0<\/span>RS820+\/RS820RP+ kh\u00f4ng h\u1ed7 tr\u1ee3 t\u00ednh n\u0103ng ECC, d\u00f9 b\u1ed9 nh\u1edb m\u1edf r\u1ed9ng l\u00e0 ECC hay kh\u00f4ng ph\u1ea3i ECC.<\/p>\n<\/div>\n","protected":false},"excerpt":{"rendered":"<p>DDR4 ECC Unbuffered SODIMM<br \/>\nDung l\u01b0\u1ee3ng: 16GB<br \/>\nApplied Models*: FS series, 21 series<br \/>\n17, 18, 19, 20 series<\/p>\n","protected":false},"featured_media":7831,"template":"","meta":[],"product_brand":[],"product_cat":[191],"product_tag":[44,45,23,97,100,101],"class_list":{"0":"post-335","1":"product","2":"type-product","3":"status-publish","4":"has-post-thumbnail","6":"product_cat-linh-kien","7":"product_tag-phu-kien-synology","8":"product_tag-ram-railkit","9":"product_tag-synology","10":"product_tag-thiet-bi-luu-tru","11":"product_tag-thiet-bi-luu-tru-du-lieu","12":"product_tag-thiet-bi-luu-tru-synology","14":"first","15":"instock","16":"taxable","17":"shipping-taxable","18":"product-type-simple"},"_links":{"self":[{"href":"https:\/\/vietcorp.com\/store\/wp-json\/wp\/v2\/product\/335","targetHints":{"allow":["GET"]}}],"collection":[{"href":"https:\/\/vietcorp.com\/store\/wp-json\/wp\/v2\/product"}],"about":[{"href":"https:\/\/vietcorp.com\/store\/wp-json\/wp\/v2\/types\/product"}],"wp:featuredmedia":[{"embeddable":true,"href":"https:\/\/vietcorp.com\/store\/wp-json\/wp\/v2\/media\/7831"}],"wp:attachment":[{"href":"https:\/\/vietcorp.com\/store\/wp-json\/wp\/v2\/media?parent=335"}],"wp:term":[{"taxonomy":"product_brand","embeddable":true,"href":"https:\/\/vietcorp.com\/store\/wp-json\/wp\/v2\/product_brand?post=335"},{"taxonomy":"product_cat","embeddable":true,"href":"https:\/\/vietcorp.com\/store\/wp-json\/wp\/v2\/product_cat?post=335"},{"taxonomy":"product_tag","embeddable":true,"href":"https:\/\/vietcorp.com\/store\/wp-json\/wp\/v2\/product_tag?post=335"}],"curies":[{"name":"wp","href":"https:\/\/api.w.org\/{rel}","templated":true}]}}