


{"id":318,"date":"2020-11-03T10:44:27","date_gmt":"2020-11-03T03:44:27","guid":{"rendered":"https:\/\/www.vietcorp.com\/store\/product\/synology-ds420j\/"},"modified":"2024-05-10T08:59:10","modified_gmt":"2024-05-10T01:59:10","slug":"thiet-bi-luu-tru-nas-synology-ds420j","status":"publish","type":"product","link":"https:\/\/vietcorp.com\/store\/318\/thiet-bi-luu-tru-nas-synology-ds420j\/","title":{"rendered":"Synology DS420j"},"content":{"rendered":"<section class=\"wpb-content-wrapper\"><p>[vc_row][vc_column][vc_column_text]S\u1ea3n ph\u1ea9m thay th\u1ebf[\/vc_column_text]<div class=\"woocommerce \">\r\n<ul class=\"products products-container grid pcols-lg-4 pcols-md-3 pcols-xs-2 pcols-ls-1 pwidth-lg-4 pwidth-md-3 pwidth-xs-2 pwidth-ls-1 is-shortcode\"\r\r\n\t data-product_layout=\"product-default\">\r\r\n\r\n\r\r\n<li class=\"product-col product-default product type-product post-3527 status-publish first instock product_cat-nas product_tag-diskstation product_tag-ds423 product_tag-nas product_tag-nas-4-bay product_tag-nas-ds423 product_tag-synology product_tag-synology-ds423 has-post-thumbnail taxable shipping-taxable product-type-simple\">\r\r\n<div class=\"product-inner\">\r\r\n\t\r\n\r\r\n\t<div class=\"product-image\">\r\r\n\r\r\n\t\t<a  href=\"https:\/\/vietcorp.com\/store\/3527\/synology-ds423\/\" aria-label=\"product\">\r\r\n\t\t\t<div class=\"inner img-effect\"><img decoding=\"async\" width=\"600\" height=\"600\" src=\"https:\/\/vietcorp.com\/store\/wp-content\/uploads\/2023\/01\/thiet-bi-luu-tru-nas-Synology-ds423-1.png\" class=\"attachment-woocommerce_thumbnail size-woocommerce_thumbnail\" alt=\"Synology DS423\" srcset=\"https:\/\/vietcorp.com\/store\/wp-content\/uploads\/2023\/01\/thiet-bi-luu-tru-nas-Synology-ds423-1.png 600w, https:\/\/vietcorp.com\/store\/wp-content\/uploads\/2023\/01\/thiet-bi-luu-tru-nas-Synology-ds423-1-400x400.png 400w, https:\/\/vietcorp.com\/store\/wp-content\/uploads\/2023\/01\/thiet-bi-luu-tru-nas-Synology-ds423-1-560x560.png 560w, https:\/\/vietcorp.com\/store\/wp-content\/uploads\/2023\/01\/thiet-bi-luu-tru-nas-Synology-ds423-1-367x367.png 367w\" sizes=\"(max-width: 600px) 100vw, 600px\" \/><img decoding=\"async\" width=\"600\" height=\"600\" src=\"https:\/\/vietcorp.com\/store\/wp-content\/uploads\/2023\/01\/thiet-bi-luu-tru-nas-Synology-ds423-2.png\" class=\"hover-image\" alt=\"\" srcset=\"https:\/\/vietcorp.com\/store\/wp-content\/uploads\/2023\/01\/thiet-bi-luu-tru-nas-Synology-ds423-2.png 600w, https:\/\/vietcorp.com\/store\/wp-content\/uploads\/2023\/01\/thiet-bi-luu-tru-nas-Synology-ds423-2-400x400.png 400w, https:\/\/vietcorp.com\/store\/wp-content\/uploads\/2023\/01\/thiet-bi-luu-tru-nas-Synology-ds423-2-560x560.png 560w, https:\/\/vietcorp.com\/store\/wp-content\/uploads\/2023\/01\/thiet-bi-luu-tru-nas-Synology-ds423-2-367x367.png 367w\" sizes=\"(max-width: 600px) 100vw, 600px\" \/><\/div>\r\n\t\t<\/a>\r\r\n\t\r\n\t\r\n\t<\/div>\r\r\n\r\r\n\t<div class=\"product-content\">\r\r\n\t\t<span class=\"category-list\"><a href=\"https:\/\/vietcorp.com\/store\/product-category\/nas\/\" rel=\"tag\">NAS<\/a><\/span>\r\n\r\r\n\t\t\r\n\t<a class=\"product-loop-title\"  href=\"https:\/\/vietcorp.com\/store\/3527\/synology-ds423\/\">\r\r\n\t<h3 class=\"woocommerce-loop-product__title\">Synology DS423<\/h3>\r\n\t<\/a>\r\r\n\t\r\n\r\r\n\t\t\r\n\t<div class=\"description\">\r\r\n\t\t\r\n\t\t<p class=\"post-excerpt\">Thi\u1ebft b\u1ecb l\u01b0u tr\u1eef NAS Synology DS423<br \/>\nNAS 4 khay \u1ed5 \u0111\u0129a<br \/>\n2 GB non-ECC DDR4 onboard<br \/>\n2 x RJ-45 1GbE<br \/>\nB\u1ea3o h\u00e0nh 24 th\u00e1ng<\/p>\n\r\n\t<\/div>\r\r\n\t\n\r\n\r\r\n\t\t\r\n<div class=\"add-links-wrap\">\r\r\n\t<div class=\"add-links clearfix\">\r\r\n\t\t<a href=\"https:\/\/vietcorp.com\/store\/3527\/synology-ds423\/\" aria-describedby=\"woocommerce_loop_add_to_cart_link_describedby_3527\" data-quantity=\"1\" class=\"viewcart-style-2 button product_type_simple add_to_cart_read_more\" data-product_id=\"3527\" data-product_sku=\"SYNOLOGY-DS423\" aria-label=\"\u0110\u1ecdc th\u00eam v\u1ec1 &ldquo;Synology DS423&rdquo;\" rel=\"nofollow\" data-success_message=\"\">\u0110\u1ecdc ti\u1ebfp<\/a>\r\n\t\r\n\t<span id=\"woocommerce_loop_add_to_cart_link_describedby_3527\" class=\"screen-reader-text\">\r\r\n\t\t\r\n\t<\/span>\r\r\n\t\r\n\t<div class=\"quickview\" data-id=\"3527\" title=\"Xem nhanh\">Xem nhanh<\/div>\r\n\t<\/div>\r\r\n\t\r\n<\/div>\r\r\n<span class=\"gtm4wp_productdata\" style=\"display:none; visibility:hidden;\" data-gtm4wp_product_data=\"{&quot;internal_id&quot;:3527,&quot;item_id&quot;:3527,&quot;item_name&quot;:&quot;Synology DS423&quot;,&quot;sku&quot;:&quot;SYNOLOGY-DS423&quot;,&quot;price&quot;:0,&quot;stocklevel&quot;:18,&quot;stockstatus&quot;:&quot;instock&quot;,&quot;google_business_vertical&quot;:&quot;retail&quot;,&quot;item_category&quot;:&quot;NAS&quot;,&quot;id&quot;:3527,&quot;productlink&quot;:&quot;https:\\\/\\\/vietcorp.com\\\/store\\\/3527\\\/synology-ds423\\\/&quot;,&quot;item_list_name&quot;:&quot;General Product List&quot;,&quot;index&quot;:1,&quot;product_type&quot;:&quot;simple&quot;,&quot;item_brand&quot;:&quot;&quot;}\"><\/span>\r\n\t<\/div>\r\r\n<\/div>\r\r\n\r\r\n<\/li>\r\r\n\r\n<\/ul>\r\r\n<\/div>[vc_column_text]<\/p>\n<h4 style=\"color: red;\">S\u1ea3n ph\u1ea9m ng\u1eebng kinh doanh<\/h4>\n<p><a href=\"https:\/\/www.vietcorp.com\/store\/318\/thiet-bi-luu-tru-nas-synology-ds420j\/\"><strong>Thi\u1ebft b\u1ecb l\u01b0u tr\u1eef d\u1eef li\u1ec7u Synology DS420j<\/strong><\/a> l\u00e0 <a href=\"https:\/\/vietcorp.com\/store\/drive-bays\/4-bays\">NAS 4 Bay<\/a> \u0111\u01b0\u1ee3c thi\u1ebft k\u1ebf d\u00e0nh cho gia \u0111\u00ecnh. V\u1edbi kh\u1ea3 n\u0103ng chia s\u1ebd v\u00e0 \u0111\u1ed3ng b\u1ed9 h\u00f3a d\u1eef li\u1ec7u tr\u00ean nhi\u1ec1u thi\u1ebft b\u1ecb v\u00e0 n\u1ec1n t\u1ea3ng kh\u00e1c nhau, v\u1edbi kh\u1ea3 n\u0103ng l\u01b0u tr\u1eef l\u00ean \u0111\u1ebfn 64TB.<\/p>\n<h2><span style=\"color: #0000ff;\"><strong>Truy\u1ec1n n\u1ed9i dung \u0111\u1ebfn TV<\/strong><\/span><\/h2>\n<p>Bi\u1ebfn NAS Synology th\u00e0nh 1 trung t\u00e2m gi\u1ea3i tr\u00ed t\u1ea1i nh\u00e0 v\u00e0 cho ph\u00e9p truy\u1ec1n d\u1eef li\u1ec7u \u0111\u1ebfn m\u00e1y t\u00ednh, thi\u1ebft b\u1ecb di \u0111\u1ed9ng, Samsung TV, Apple TV, Google Chromecast v\u00e0 c\u00e1c thi\u1ebft b\u1ecb DLNA d\u1ec5 d\u00e0ng.<\/p>\n<h2><span style=\"color: #0000ff;\"><strong><img decoding=\"async\" class=\"aligncenter wp-image-1109 size-full\" src=\"https:\/\/vietcorp.com\/store\/wp-content\/uploads\/2020\/11\/ds220j-stream_TV_02.png\" alt=\"Thi\u1ebft b\u1ecb l\u01b0u tr\u1eef NAS Synology DS420j 1\" width=\"70%\" height=\"\" srcset=\"https:\/\/vietcorp.com\/store\/wp-content\/uploads\/2020\/11\/ds220j-stream_TV_02.png?v=1668220589 745w, https:\/\/vietcorp.com\/store\/wp-content\/uploads\/2020\/11\/ds220j-stream_TV_02-600x329.png?v=1668220589 600w, https:\/\/vietcorp.com\/store\/wp-content\/uploads\/2020\/11\/ds220j-stream_TV_02-640x350.png?v=1668220589 640w, https:\/\/vietcorp.com\/store\/wp-content\/uploads\/2020\/11\/ds220j-stream_TV_02-400x219.png?v=1668220589 400w, https:\/\/vietcorp.com\/store\/wp-content\/uploads\/2020\/11\/ds220j-stream_TV_02-367x201.png?v=1668220589 367w\" sizes=\"(max-width: 745px) 100vw, 745px\" \/><\/strong><\/span><\/h2>\n<h2><span style=\"color: #0000ff;\"><strong>H\u1ed7 tr\u1ee3 truy c\u1eadp v\u00e0 \u0111\u1ed3ng b\u1ed9 h\u00f3a d\u1eef li\u1ec7u li\u1ec1n m\u1ea1ch<\/strong><\/span><\/h2>\n<p>Synology Drive cung c\u1ea5p c\u1ed5ng th\u00f4ng tin chung \u0111\u01b0\u1ee3c t\u00edch h\u1ee3p s\u1eb5n \u0111\u1ec3 truy c\u1eadp d\u1eef li\u1ec7u \u1edf m\u1ecdi l\u00fac, m\u1ecdi n\u01a1i v\u00e0 \u0111\u1ed3ng b\u1ed9 h\u00f3a t\u1ea5t c\u1ea3 d\u1eef li\u1ec7u tr\u00ean c\u00e1c n\u1ec1n t\u1ea3ng, bao g\u1ed3m Windows, macOS, Linux, Android v\u00e0 iOS.<\/p>\n<ul>\n<li><strong>\u0110\u1ed3ng b\u1ed9 theo y\u00eau c\u1ea7u<\/strong>: Ti\u1ebft ki\u1ec7m kh\u00f4ng gian l\u01b0u tr\u1eef tr\u00ean m\u00e1y t\u00ednh v\u00e0 b\u0103ng th\u00f4ng m\u1ea1ng.<\/li>\n<li><strong>Quay ng\u01b0\u1ee3c th\u1eddi gian<\/strong>: D\u1ec5 d\u00e0ng truy xu\u1ea5t c\u00e1c phi\u00ean b\u1ea3n tr\u01b0\u1edbc c\u1ee7a file \u0111\u01b0\u1ee3c chia s\u1ebd.<\/li>\n<li><strong>Sao l\u01b0u d\u1eef li\u1ec7u<\/strong>: B\u1ea3o v\u1ec7 d\u1eef li\u1ec7u b\u1eb1ng c\u00e1c b\u1ea3n sao l\u01b0u \u0111\u00e3 l\u00ean l\u1ecbch ho\u1eb7c theo th\u1eddi gian th\u1ef1c<\/li>\n<\/ul>\n<h2><span style=\"color: #0000ff;\"><strong>Cung c\u1ea5p nhi\u1ec1u l\u1ef1a ch\u1ecdn sao l\u01b0u tin c\u1eady v\u00e0 hi\u1ec7u qu\u1ea3<\/strong><\/span><\/h2>\n<p>Synology Hyper Backup l\u00e0 m\u1ed9t gi\u1ea3i ph\u00e1p sao l\u01b0u \u0111a h\u01b0\u1edbng v\u00e0 \u0111\u00e1ng tin c\u1eady cung c\u1ea5p kh\u1ea3 n\u0103ng ch\u1ed1ng tr\u00f9ng l\u1eb7p v\u00e0 n\u00e9n d\u1eef li\u1ec7u.\u00a0<span class=\"\">B\u1ea1n c\u00f3 th\u1ec3 sao l\u01b0u d\u1eef li\u1ec7u t\u1eeb c\u00e1c th\u01b0 m\u1ee5c ngu\u1ed3n kh\u00e1c nhau, bao g\u1ed3m \u1ed5 USB b\u00ean ngo\u00e0i, m\u1ed9t NAS Synology kh\u00e1c, m\u00e1y ch\u1ee7 RSync ho\u1eb7c c\u00e1c d\u1ecbch v\u1ee5 \u0111\u00e1m m\u00e2y c\u00f4ng c\u1ed9ng nh\u01b0 Google Drive ho\u1eb7c Synology C2, \u0111\u1ed3ng th\u1eddi b\u1ea3o v\u1ec7 d\u1eef li\u1ec7u c\u1ee7a b\u1ea1n tr\u01b0\u1edbc c\u00e1c cu\u1ed9c t\u1ea5n c\u00f4ng \u0111\u1ed9c h\u1ea1i v\u00e0 c\u00e1c m\u1ed1i \u0111e d\u1ecda ransomware d\u1ef1a tr\u00ean m\u00e3 h\u00f3a<\/span><\/p>\n<h2><span style=\"color: #0000ff;\"><strong><img decoding=\"async\" class=\"aligncenter wp-image-1117 size-full\" src=\"https:\/\/vietcorp.com\/store\/wp-content\/uploads\/2020\/11\/ds420j-backup_options.png\" alt=\"Vietcorp ph\u00e2n ph\u1ed1i NAS Synology DS420j\" width=\"710\" height=\"361\" srcset=\"https:\/\/vietcorp.com\/store\/wp-content\/uploads\/2020\/11\/ds420j-backup_options.png?v=1668220577 710w, https:\/\/vietcorp.com\/store\/wp-content\/uploads\/2020\/11\/ds420j-backup_options-600x305.png?v=1668220577 600w, https:\/\/vietcorp.com\/store\/wp-content\/uploads\/2020\/11\/ds420j-backup_options-640x325.png?v=1668220577 640w, https:\/\/vietcorp.com\/store\/wp-content\/uploads\/2020\/11\/ds420j-backup_options-400x203.png?v=1668220577 400w, https:\/\/vietcorp.com\/store\/wp-content\/uploads\/2020\/11\/ds420j-backup_options-367x187.png?v=1668220577 367w\" sizes=\"(max-width: 710px) 100vw, 710px\" \/>B\u1ec1 ngo\u00e0i NAS Synology DS420j<\/strong><\/span><\/h2>\n<table>\n<tbody>\n<tr>\n<td style=\"text-align: center;\"><strong>M\u1eb7t tr\u01b0\u1edbc NAS Synology DS420j<\/strong><\/td>\n<td style=\"text-align: center;\"><strong>M\u1eb7t sau NAS Synology DS420j<\/strong><\/td>\n<\/tr>\n<tr>\n<td colspan=\"2\"><img decoding=\"async\" class=\"aligncenter wp-image-1118 size-full\" src=\"https:\/\/vietcorp.com\/store\/wp-content\/uploads\/2020\/11\/ds420j-backpanel.jpg\" alt=\"Vietcorp ph\u00e2n ph\u1ed1i NAS Synology DS420j 2\" width=\"693\" height=\"297\" srcset=\"https:\/\/vietcorp.com\/store\/wp-content\/uploads\/2020\/11\/ds420j-backpanel.jpg?v=1668220573 693w, https:\/\/vietcorp.com\/store\/wp-content\/uploads\/2020\/11\/ds420j-backpanel-600x257.jpg?v=1668220573 600w, https:\/\/vietcorp.com\/store\/wp-content\/uploads\/2020\/11\/ds420j-backpanel-640x274.jpg?v=1668220573 640w, https:\/\/vietcorp.com\/store\/wp-content\/uploads\/2020\/11\/ds420j-backpanel-400x171.jpg?v=1668220573 400w, https:\/\/vietcorp.com\/store\/wp-content\/uploads\/2020\/11\/ds420j-backpanel-367x157.jpg?v=1668220573 367w\" sizes=\"(max-width: 693px) 100vw, 693px\" \/><\/td>\n<\/tr>\n<tr>\n<td>1. \u0110\u00e8n b\u00e1o tr\u1ea1ng th\u00e1i66<\/td>\n<td>6. Ngu\u1ed3n \u0111i\u1ec7n<\/td>\n<\/tr>\n<tr>\n<td>2. \u0110\u00e8n b\u00e1o m\u1ea1ng LAN<\/td>\n<td>7. Khe b\u1ea3o m\u1eadt Kensington<\/td>\n<\/tr>\n<tr>\n<td>3. N\u00fat ngu\u1ed3n v\u00e0 \u0111\u00e8n b\u00e1o<\/td>\n<td>8. Qu\u1ea1t h\u1ec7 th\u1ed1ng<\/td>\n<\/tr>\n<tr>\n<td>4. \u0110\u00e8n b\u00e1o tr\u1ea1ng th\u00e1i \u1ed5 \u0111\u0129a<\/td>\n<td>9. C\u1ed5ng USB 3.0<\/td>\n<\/tr>\n<tr>\n<td>5. C\u1ed5ng m\u1ea1ng RJ-45 1GBs<\/td>\n<td>10. N\u00fat reset<\/td>\n<\/tr>\n<tr>\n<td><\/td>\n<td><\/td>\n<\/tr>\n<\/tbody>\n<\/table>\n<p>Xem th\u00eam th\u00f4ng tin h\u1ed7 tr\u1ee3 cho <b><a href=\"https:\/\/www.vietcorp.com\/store\/nas-synology\/\">Thi\u1ebft b\u1ecb l\u01b0u tr\u1eef Nas Synology<\/a> DS420j<\/b><\/p>\n<ul>\n<li><a href=\"https:\/\/vietcorp.com\/support\/synology\/\">Support Synology<\/a><\/li>\n<li><a href=\"https:\/\/vietcorp.com\/blog\/tag\/tin-tuc-synology\">Tin t\u1ee9c Synology<\/a><\/li>\n<li><a href=\"https:\/\/www.vietcorp.com\/blog\/showcase\/\">Showcase s\u1ea3n ph\u1ea9m Synology<\/a><\/li>\n<\/ul>\n<p>[\/vc_column_text][\/vc_column][\/vc_row]<\/p>\n<\/section>","protected":false},"excerpt":{"rendered":"<h4 style=\"color: red;\"><strong>S\u1ea2N PH\u1ea8M NG\u1eeaNG KINH DOANH<\/strong><\/h4>\n<p><a href=\"https:\/\/www.vietcorp.com\/blog\/danh-sach-san-pham-synology-ngung-kinh-doanh-14724.html\/\">(Danh s\u00e1ch s\u1ea3n ph\u1ea9m Synology ng\u1eebng kinh doanh)<\/a><br \/>\nThi\u1ebft b\u1ecb l\u01b0u tr\u1eef NAS Synology DS420j<br \/>\n4-core 1.4 GHz CPU<br \/>\n1 x 1GbE RJ-45 ports<br \/>\nRAM 1 GB DDR4 non-ECC<br \/>\nB\u1ea3o h\u00e0nh 24 th\u00e1ng<\/p>\n","protected":false},"featured_media":1917,"template":"","meta":[],"product_brand":[],"product_cat":[337],"product_tag":[],"class_list":{"0":"post-318","1":"product","2":"type-product","3":"status-publish","4":"has-post-thumbnail","6":"product_cat-san-pham-ngung-kinh-doanh","7":"pa_bao-hanh-36-thang","8":"pa_chung-loai-nas","9":"pa_cong-giao-tiep-1-x-rj45-10-100-1000-mbps","10":"pa_cong-giao-tiep-2-x-usb-3-0","11":"pa_drive-bays-4-bays","12":"pa_dung-luong-chua-co-o-cung","13":"pa_form-factor-tower","14":"pa_muc-dich-su-dung-danh-cho-ca-nhan","15":"pa_tinh-nang-phan-cung-64-bit-architecture","17":"first","18":"outofstock","19":"taxable","20":"shipping-taxable","21":"purchasable","22":"product-type-simple"},"_links":{"self":[{"href":"https:\/\/vietcorp.com\/store\/wp-json\/wp\/v2\/product\/318","targetHints":{"allow":["GET"]}}],"collection":[{"href":"https:\/\/vietcorp.com\/store\/wp-json\/wp\/v2\/product"}],"about":[{"href":"https:\/\/vietcorp.com\/store\/wp-json\/wp\/v2\/types\/product"}],"wp:featuredmedia":[{"embeddable":true,"href":"https:\/\/vietcorp.com\/store\/wp-json\/wp\/v2\/media\/1917"}],"wp:attachment":[{"href":"https:\/\/vietcorp.com\/store\/wp-json\/wp\/v2\/media?parent=318"}],"wp:term":[{"taxonomy":"product_brand","embeddable":true,"href":"https:\/\/vietcorp.com\/store\/wp-json\/wp\/v2\/product_brand?post=318"},{"taxonomy":"product_cat","embeddable":true,"href":"https:\/\/vietcorp.com\/store\/wp-json\/wp\/v2\/product_cat?post=318"},{"taxonomy":"product_tag","embeddable":true,"href":"https:\/\/vietcorp.com\/store\/wp-json\/wp\/v2\/product_tag?post=318"}],"curies":[{"name":"wp","href":"https:\/\/api.w.org\/{rel}","templated":true}]}}