


{"id":3164,"date":"2022-10-12T09:35:35","date_gmt":"2022-10-12T02:35:35","guid":{"rendered":"https:\/\/www.vietcorp.com\/store\/?post_type=product&#038;p=3164"},"modified":"2025-12-11T11:46:30","modified_gmt":"2025-12-11T04:46:30","slug":"synology-d4er01-16g","status":"publish","type":"product","link":"https:\/\/vietcorp.com\/store\/3164\/synology-d4er01-16g\/","title":{"rendered":"Synology D4ER01-16G"},"content":{"rendered":"<h3><strong>Ram Synology D4ER01-16G<\/strong><\/h3>\n<ul class=\"ram-item__info\">\n<li>DDR4 ECC Registered DIMM<\/li>\n<li>EAN: 4711174724826<\/li>\n<li>Dung l\u01b0\u1ee3ng: 16GB<\/li>\n<li>B\u1ea3o h\u00e0nh: 5 n\u0103m<\/li>\n<\/ul>\n<h4>Applied Models<sup>*<\/sup>:<\/h4>\n<ul class=\"product_spec_applied_models\">\n<li><b>FS series:<\/b>FS3410<\/li>\n<li><b>SA series:<\/b>SA3610, SA3410<\/li>\n<\/ul>\n<p>* Synology kh\u00f4ng khuy\u1ebfn kh\u00edch c\u00e0i \u0111\u1eb7t c\u00e1c m\u00f4-\u0111un c\u00f3 dung l\u01b0\u1ee3ng b\u1ed9 nh\u1edb kh\u00e1c nhau. Ki\u1ec3m tra H\u01b0\u1edbng d\u1eabn c\u00e0i \u0111\u1eb7t ph\u1ea7n c\u1ee9ng c\u1ee7a s\u1ea3n ph\u1ea9m Synology m\u00e0 b\u1ea1n \u0111ang d\u00f9ng \u0111\u1ec3 bi\u1ebft th\u00eam nh\u1eefng c\u1ea5u h\u00ecnh b\u1ed9 nh\u1edb \u0111\u01b0\u1ee3c khuy\u1ebfn ngh\u1ecb.<\/p>\n","protected":false},"excerpt":{"rendered":"<p>DDR4 ECC Registered DIMM<br \/>\nEAN: 4711174724826<br \/>\nDung l\u01b0\u1ee3ng: 16GB<br \/>\nApplied Models*: FS3410, SA3610, SA3410<\/p>\n","protected":false},"featured_media":7834,"template":"","meta":[],"product_brand":[],"product_cat":[191],"product_tag":[45],"class_list":{"0":"post-3164","1":"product","2":"type-product","3":"status-publish","4":"has-post-thumbnail","6":"product_cat-linh-kien","7":"product_tag-ram-railkit","9":"first","10":"instock","11":"taxable","12":"shipping-taxable","13":"product-type-simple"},"_links":{"self":[{"href":"https:\/\/vietcorp.com\/store\/wp-json\/wp\/v2\/product\/3164","targetHints":{"allow":["GET"]}}],"collection":[{"href":"https:\/\/vietcorp.com\/store\/wp-json\/wp\/v2\/product"}],"about":[{"href":"https:\/\/vietcorp.com\/store\/wp-json\/wp\/v2\/types\/product"}],"wp:featuredmedia":[{"embeddable":true,"href":"https:\/\/vietcorp.com\/store\/wp-json\/wp\/v2\/media\/7834"}],"wp:attachment":[{"href":"https:\/\/vietcorp.com\/store\/wp-json\/wp\/v2\/media?parent=3164"}],"wp:term":[{"taxonomy":"product_brand","embeddable":true,"href":"https:\/\/vietcorp.com\/store\/wp-json\/wp\/v2\/product_brand?post=3164"},{"taxonomy":"product_cat","embeddable":true,"href":"https:\/\/vietcorp.com\/store\/wp-json\/wp\/v2\/product_cat?post=3164"},{"taxonomy":"product_tag","embeddable":true,"href":"https:\/\/vietcorp.com\/store\/wp-json\/wp\/v2\/product_tag?post=3164"}],"curies":[{"name":"wp","href":"https:\/\/api.w.org\/{rel}","templated":true}]}}