


{"id":314,"date":"2020-11-03T10:44:06","date_gmt":"2020-11-03T03:44:06","guid":{"rendered":"https:\/\/www.vietcorp.com\/store\/product\/synology-ds620slim\/"},"modified":"2024-11-21T13:21:07","modified_gmt":"2024-11-21T06:21:07","slug":"thiet-bi-luu-tru-nas-synology-ds620slim","status":"publish","type":"product","link":"https:\/\/vietcorp.com\/store\/314\/thiet-bi-luu-tru-nas-synology-ds620slim\/","title":{"rendered":"Synology DS620slim"},"content":{"rendered":"<h4 style=\"color: red;\">S\u1ea3n ph\u1ea9m ng\u1eebng kinh doanh<\/h4>\n<p><a href=\"https:\/\/www.vietcorp.com\/store\/314\/thiet-bi-luu-tru-nas-synology-ds620slim\/\"><strong>Thi\u1ebft b\u1ecb l\u01b0u tr\u1eef NAS Synology DS620slim<\/strong><\/a> l\u00e0 m\u1ed9t <a href=\"https:\/\/vietcorp.com\/store\/drive-bays\/6-bays\">NAS 6 bays<\/a> mini v\u1edbi thi\u1ebft k\u1ebf th\u1eddi trang, k\u1ebft h\u1ee3p ho\u00e0n h\u1ea3o trong nh\u1eefng n\u01a1i l\u00e0m vi\u1ec7c ho\u1eb7c c\u0103n h\u1ed9 hi\u1ec7n \u0111\u1ea1i. H\u1ed7 tr\u1ee3 c\u00f4ng ngh\u1ec7 <a href=\"https:\/\/www.vietcorp.com\/store\/snapshot-replication\/\">snapshot replication<\/a> g\u1ea7n nh\u01b0 t\u1ee9c th\u1eddi, DS620slim l\u00e0 gi\u1ea3i ph\u00e1p qu\u1ea3n l\u00fd t\u1ec7p to\u00e0n di\u1ec7n \u0111\u00e1p \u1ee9ng nhu c\u1ea7u b\u1ea3o v\u1ec7 d\u1eef li\u1ec7u n\u00e2ng cao c\u1ee7a c\u00e1c chuy\u00ean gia.<\/p>\n<h2><strong><span style=\"color: #0000ff;\"><a href=\"https:\/\/www.vietcorp.com\/store\/nas-synology\/\">NAS Synology<\/a> DS620slim cung c\u1ea5p ph\u1ea7n c\u1ee9ng m\u1ea1nh m\u1ebd<\/span><\/strong><\/h2>\n<ul>\n<li><strong>B\u1ed9 x\u1eed l\u00fd CPU<\/strong>: Dual-core 2GHz burst up to 2.5GHz<\/li>\n<li><strong>B\u1ed9 nh\u1edb RAM<\/strong>: DDR3L 2GB, up to 6GB<\/li>\n<li><strong>T\u1ed1c \u0111\u1ed9<\/strong>: 226 MB\/s read v\u00e0 198 MB\/s writing<\/li>\n<\/ul>\n<h2><strong><span style=\"color: #0000ff;\">Thi\u1ebft k\u1ebf nh\u1ecf g\u1ecdn\u00a0<\/span><\/strong><\/h2>\n<p>Thi\u1ebft k\u1ebf 6 bays mini v\u00e0 ti\u1ebft ki\u1ec7m kh\u00f4ng gian tri\u1ec3n khai. V\u1edbi h\u1ed7 tr\u1ee3 6 \u1ed5 2,5 &#8220;, Synology DS620slim c\u00f3 th\u1ec3 t\u0103ng hi\u1ec7u su\u1ea5t b\u1eb1ng c\u00e1ch l\u1eafp \u0111\u1eb7t \u1ed5 SSD.<\/p>\n<p><img decoding=\"async\" class=\"aligncenter wp-image-4001 size-full\" src=\"https:\/\/vietcorp.com\/blog\/wp-content\/uploads\/2020\/12\/HDDSSD_01.png\" alt=\"Vietcorp ph\u00e2n ph\u1ed1i NAS Synology DS620Slim\" width=\"730\" height=\"452\" \/><\/p>\n<h2><strong><span style=\"color: #0000ff;\">T\u00ednh n\u0103ng RAID linh ho\u1ea1t<\/span><\/strong><\/h2>\n<p>Linh ho\u1ea1t trong nhi\u1ec1u c\u1ea5u h\u00ecnh RAID \u0111\u1ec3 \u0111\u1ea1t \u0111\u01b0\u1ee3c dung l\u01b0\u1ee3ng th\u00f4 t\u1ed1i \u0111a 30TB ho\u1eb7c b\u1ea3o v\u1ec7 d\u1eef li\u1ec7u t\u1ed1t h\u01a1n v\u1edbi RAID 5\/6\/10<\/p>\n<p><img decoding=\"async\" class=\"aligncenter wp-image-4002 size-full\" src=\"https:\/\/vietcorp.com\/blog\/wp-content\/uploads\/2020\/12\/HDDSSD_02.png\" alt=\"Vietcorp ph\u00e2n ph\u1ed1i NAS Synology DS620Slim\" width=\"730\" height=\"452\" \/><\/p>\n<h2 class=\"h4\"><strong><span style=\"color: #0000ff;\">H\u1ed7 tr\u1ee3 b\u1ed9 nh\u1edb \u0111\u1ec7m SSD<\/span><\/strong><\/h2>\n<p>N\u00e2ng cao hi\u1ec7u su\u1ea5t l\u01b0u tr\u1eef v\u1edbi b\u1ed9 nh\u1edb \u0111\u1ec7m \u0111\u1ecdc \/ ghi SSD trong khi v\u1eabn c\u00f3 nhi\u1ec1u bays \u1ed5 \u0111\u0129a \u0111\u1ec3 l\u01b0u tr\u1eef d\u1eef li\u1ec7u<\/p>\n<p><img decoding=\"async\" class=\"aligncenter wp-image-4003 size-full\" src=\"https:\/\/vietcorp.com\/blog\/wp-content\/uploads\/2020\/12\/HDDSSD_03.png\" alt=\"Vietcorp ph\u00e2n ph\u1ed1i NAS Synology DS620Slim\" width=\"730\" height=\"452\" \/><\/p>\n<h2><strong><span style=\"color: #0000ff;\">C\u00f4ng ngh\u1ec7 l\u01b0u tr\u1eef ti\u00ean ti\u1ebfn<\/span><\/strong><\/h2>\n<p><a href=\"https:\/\/www.vietcorp.com\/store\/cach-btrfs-bao-ve-du-lieu-cong-ty-ban\/\">H\u1ec7 th\u1ed1ng t\u1ec7p Btrfs<\/a> gi\u1edbi thi\u1ec7u c\u00e1c c\u00f4ng ngh\u1ec7 l\u01b0u tr\u1eef ti\u00ean ti\u1ebfn v\u00e0 \u1ea3nh ch\u1ee5p nhanh \u0111\u01b0\u1ee3c t\u1ed1i \u01b0u h\u00f3a \u0111\u1ec3 ng\u0103n ng\u1eeba l\u1ed7i d\u1eef li\u1ec7u v\u00e0 gi\u1ea3m chi ph\u00ed b\u1ea3o tr\u00ec.\u00a0Trong khi \u0111\u1ea3m b\u1ea3o t\u00ednh to\u00e0n v\u1eb9n c\u1ee7a d\u1eef li\u1ec7u c\u1ea5p cao, n\u00f3 c\u0169ng cung c\u1ea5p c\u00e1c c\u00f4ng c\u1ee5 ph\u1ee5c h\u1ed3i v\u00e0 b\u1ea3o v\u1ec7 d\u1eef li\u1ec7u linh ho\u1ea1t, hi\u1ec7u qu\u1ea3.<\/p>\n<p><img decoding=\"async\" class=\"aligncenter wp-image-3950 size-full\" src=\"https:\/\/vietcorp.com\/blog\/wp-content\/uploads\/2020\/12\/Btrfs_04_black.gif\" alt=\"Vietcorp ph\u00e2n ph\u1ed1i NAS Synology DS620Slim\" width=\"597\" height=\"122\" \/><\/p>\n<h2><strong><span style=\"color: #0000ff;\">Qu\u1ea3n l\u00fd v\u00e0 chia s\u1ebb t\u00e0i li\u1ec7u ho\u00e0n h\u1ea3o t\u1eeb DSM<\/span><\/strong><\/h2>\n<p>File Station l\u00e0 m\u1ed9t c\u00f4ng c\u1ee5 qu\u1ea3n l\u00fd web nhanh ch\u00f3ng v\u00e0 an to\u00e0n r\u1ea5t d\u1ec5 s\u1eed d\u1ee5ng, ph\u01b0\u01a1ng th\u1ee9c ho\u1ea1t \u0111\u1ed9ng tr\u1ef1c quan, ch\u1ec9 c\u1ea7n k\u00e9o v\u00e0 th\u1ea3, kh\u00f4ng c\u1ea7n c\u00e0i \u0111\u1eb7t ph\u1ee9c t\u1ea1p tr\u00ean Mac hay PC. C\u00e1c c\u00f4ng c\u1ee5 l\u1ecdc v\u00e0 t\u00ecm ki\u1ebfm n\u00e2ng cao c\u1ee7a n\u00f3 cho ph\u00e9p b\u1ea1n d\u1ec5 d\u00e0ng s\u1eafp x\u1ebfp v\u00e0 chia s\u1ebb d\u1eef li\u1ec7u. NAS Synology h\u1ed7 tr\u1ee3 c\u00e1c giao th\u1ee9c truy\u1ec1n th\u00f4ng sau: AFP, FTP, iSCSI, NFS, SMB ho\u1eb7c WebDAV.<\/p>\n<p><img decoding=\"async\" class=\"aligncenter wp-image-3825 size-full\" src=\"https:\/\/vietcorp.com\/blog\/wp-content\/uploads\/2020\/12\/file_management_computer_01.png\" alt=\"Vietcorp ph\u00e2n ph\u1ed1i NAS Synology DS620Slim\" width=\"650\" height=\"442\" \/><\/p>\n<h2><strong><span style=\"color: #0000ff;\">Truy c\u1eadp v\u00e0 \u0111\u1ed3ng b\u1ed9 h\u00f3a file<\/span><\/strong><\/h2>\n<p><a href=\"https:\/\/www.vietcorp.com\/store\/synology-drive\/\">Synology Drive<\/a> cung c\u1ea5p m\u1ed9t c\u1ed5ng th\u00f4ng tin chung \u0111\u01b0\u1ee3c t\u00edch h\u1ee3p s\u1eb5n \u0111\u1ec3 truy c\u1eadp d\u1eef li\u1ec7u c\u1ee7a b\u1ea1n m\u1ecdi l\u00fac, m\u1ecdi n\u01a1i v\u00e0 \u0111\u1ed3ng b\u1ed9 h\u00f3a t\u1ea5t c\u1ea3 c\u00e1c t\u1ec7p c\u1ee7a b\u1ea1n tr\u00ean c\u00e1c n\u1ec1n t\u1ea3ng, bao g\u1ed3m Windows, macOS, Linux, Android v\u00e0 iOS.<\/p>\n<p><img decoding=\"async\" class=\"aligncenter wp-image-3871 size-full\" src=\"https:\/\/vietcorp.com\/blog\/wp-content\/uploads\/2020\/12\/Access.jpg\" alt=\"Vietcorp ph\u00e2n ph\u1ed1i NAS Synology DS620Slim\" width=\"920\" height=\"645\" \/><\/p>\n<h2><strong><span style=\"color: #0000ff;\">Truy\u1ec1n n\u1ed9i dung \u0111\u1ebfn TV<\/span><\/strong><\/h2>\n<p>Bi\u1ebfn NAS Synology c\u1ee7a b\u1ea1n th\u00e0nh m\u1ed9t trung t\u00e2m gi\u1ea3i tr\u00ed gia \u0111\u00ecnh v\u00e0 truy\u1ec1n n\u1ed9i dung k\u1ef9 thu\u1eadt s\u1ed1 c\u1ee7a b\u1ea1n t\u1edbi m\u00e1y t\u00ednh, thi\u1ebft b\u1ecb di \u0111\u1ed9ng, Samsung TV, Apple TV, Google Chromecast v\u00e0 thi\u1ebft b\u1ecb DLNA.<\/p>\n<p><img decoding=\"async\" class=\"aligncenter wp-image-4004 size-full\" src=\"https:\/\/vietcorp.com\/blog\/wp-content\/uploads\/2020\/12\/4K_01.png\" alt=\"Vietcorp ph\u00e2n ph\u1ed1i NAS Synology DS620Slim\" width=\"984\" height=\"392\" \/><\/p>\n<h2><span id=\"Be_ngoai_cua_DS1520\" style=\"color: #0000ff;\"><strong>B\u1ec1 ngo\u00e0i c\u1ee7a NAS Synology DS620slim<\/strong><\/span><\/h2>\n<table>\n<tbody>\n<tr>\n<td style=\"text-align: center;\"><span style=\"color: #000000;\"><strong><strong>M\u1eb7t tr\u01b0\u1edbc NAS Synology <\/strong><\/strong><strong style=\"font-family: inherit; font-size: inherit;\">DS620slim<\/strong><\/span><\/td>\n<td style=\"text-align: center;\"><span style=\"color: #000000;\"><strong>M\u1eb7t sau NAS Synology <strong style=\"font-family: inherit; font-size: inherit;\">DS620slim<\/strong><\/strong><\/span><\/td>\n<\/tr>\n<tr>\n<td><img decoding=\"async\" class=\"alignnone wp-image-4005 size-full\" src=\"https:\/\/vietcorp.com\/blog\/wp-content\/uploads\/2020\/12\/DS620slimf.png\" alt=\"Vietcorp ph\u00e2n ph\u1ed1i NAS Synology DS620Slim\" width=\"596\" height=\"329\" \/><\/td>\n<td><img decoding=\"async\" class=\"alignnone wp-image-4006 size-full\" src=\"https:\/\/vietcorp.com\/blog\/wp-content\/uploads\/2020\/12\/DS620sliml.png\" alt=\"Vietcorp ph\u00e2n ph\u1ed1i NAS Synology DS620Slim\" width=\"601\" height=\"329\" \/><\/td>\n<\/tr>\n<tr>\n<td>1. \u0110\u00e8n b\u00e1o tr\u1ea1ng th\u00e1i<\/td>\n<td>7. Qu\u1ea1t h\u1ec7 th\u1ed1ng<\/td>\n<\/tr>\n<tr>\n<td>2. \u0110\u00e8n b\u00e1o c\u1ea3nh b\u00e1o<\/td>\n<td>8. Ngu\u1ed3n \u0111i\u1ec7n<\/td>\n<\/tr>\n<tr>\n<td>3. N\u00fat ngu\u1ed3n v\u00e0 \u0111\u00e8n b\u00e1o<\/td>\n<td>9. C\u1ed5ng m\u1ea1ng 1GbE RJ-45<\/td>\n<\/tr>\n<tr>\n<td>4. \u0110\u00e8n b\u00e1o m\u1ea1ng LAN<\/td>\n<td>10. Khe b\u1ea3o m\u1eadt Kensington<\/td>\n<\/tr>\n<tr>\n<td>5. \u0110\u00e8n b\u00e1o tr\u1ea1ng th\u00e1i \u1ed5 c\u1ee9ng<\/td>\n<td>11. C\u1ed5ng USB 3.0<\/td>\n<\/tr>\n<tr>\n<td>6. Khay \u1ed5 c\u1ee9ng<\/td>\n<td>12. N\u00fat reset<\/td>\n<\/tr>\n<\/tbody>\n<\/table>\n<p>Xem th\u00eam th\u00f4ng tin h\u1ed7 tr\u1ee3 cho\u00a0<b>Thi\u1ebft b\u1ecb l\u01b0u tr\u1eef NAS Synology DS620slim<\/b><\/p>\n<ul>\n<li><a href=\"https:\/\/www.vietcorp.com\/vn\/2819\/chung-nhan-vietcorp-doi-tac-cua-synology\/\">Ch\u1ee9ng nh\u1eadn Synology<\/a><\/li>\n<li><a href=\"https:\/\/vietcorp.com\/support\/synology\/\">Support Synology<\/a><\/li>\n<li><a href=\"https:\/\/www.vietcorp.com\/blog\/tag\/showcase-synology\/\">Showcase Synology<\/a><\/li>\n<\/ul>\n","protected":false},"excerpt":{"rendered":"<h4 style=\"color: red;\"><strong>S\u1ea2N PH\u1ea8M NG\u1eeaNG KINH DOANH<\/strong><\/h4>\n<p><a href=\"https:\/\/www.vietcorp.com\/blog\/danh-sach-san-pham-synology-ngung-kinh-doanh-14724.html\/\">(Danh s\u00e1ch s\u1ea3n ph\u1ea9m Synology ng\u1eebng kinh doanh)<\/a><br \/>\nThi\u1ebft b\u1ecb l\u01b0u tr\u1eef NAS Synology DS620slim<br \/>\nNAS 6 khay \u1ed5 \u0111\u0129a<br \/>\nIntel Celeron J3355<br \/>\n2 GB DDR3L non-ECC up to 6 GB<br \/>\nB\u1ea3o h\u00e0nh 24 th\u00e1ng<\/p>\n","protected":false},"featured_media":7304,"template":"","meta":[],"product_brand":[],"product_cat":[337],"product_tag":[55,53,54,52,18,19,36,23,20,92,97,100,101],"class_list":{"0":"post-314","1":"product","2":"type-product","3":"status-publish","4":"has-post-thumbnail","6":"product_cat-san-pham-ngung-kinh-doanh","7":"product_tag-it-enthusiast","8":"product_tag-nas","9":"product_tag-nas-6-bay","10":"product_tag-nas-synology","11":"product_tag-nas-tower","12":"product_tag-personal-home-user","13":"product_tag-smb","14":"product_tag-synology","15":"product_tag-synology-diskstation","16":"product_tag-synology-nas","17":"product_tag-thiet-bi-luu-tru","18":"product_tag-thiet-bi-luu-tru-du-lieu","19":"product_tag-thiet-bi-luu-tru-synology","20":"pa_bao-hanh-24-thang","21":"pa_bo-nho-ram-2-gb","22":"pa_bo-nho-ram-mo-rong-den-6gb","23":"pa_bo-vxl-cpu-intel-celeron","24":"pa_chung-loai-nas","25":"pa_cong-giao-tiep-2-x-rj-45-1gbe","26":"pa_cong-giao-tiep-2-x-usb-2-0","27":"pa_drive-bays-6-bays","28":"pa_dung-luong-chua-co-o-cung","29":"pa_form-factor-tower","30":"pa_muc-dich-su-dung-danh-cho-ca-nhan","31":"pa_muc-dich-su-dung-danh-cho-doanh-nghiep-nho","32":"pa_muc-dich-su-dung-danh-cho-doanh-nghiep-vua","33":"pa_thuong-hieu-synology","34":"pa_tinh-nang-phan-cung-64-bit-architecture","35":"pa_tinh-nang-phan-cung-encryption-engine-aes-ni","36":"pa_tinh-nang-phan-cung-hot-swappable-drives","37":"pa_tinh-nang-phan-cung-upgradeable-ram","38":"pa_tinh-nang-phan-mem-active-backup-for-business","39":"pa_tinh-nang-phan-mem-btrfs-file-system","40":"pa_tinh-nang-phan-mem-mailplus","41":"pa_tinh-nang-phan-mem-snapshot-replication","42":"pa_tinh-nang-phan-mem-synology-high-availability","43":"pa_tinh-nang-phan-mem-virtual-machine-manager","45":"first","46":"outofstock","47":"taxable","48":"shipping-taxable","49":"product-type-simple"},"_links":{"self":[{"href":"https:\/\/vietcorp.com\/store\/wp-json\/wp\/v2\/product\/314","targetHints":{"allow":["GET"]}}],"collection":[{"href":"https:\/\/vietcorp.com\/store\/wp-json\/wp\/v2\/product"}],"about":[{"href":"https:\/\/vietcorp.com\/store\/wp-json\/wp\/v2\/types\/product"}],"wp:featuredmedia":[{"embeddable":true,"href":"https:\/\/vietcorp.com\/store\/wp-json\/wp\/v2\/media\/7304"}],"wp:attachment":[{"href":"https:\/\/vietcorp.com\/store\/wp-json\/wp\/v2\/media?parent=314"}],"wp:term":[{"taxonomy":"product_brand","embeddable":true,"href":"https:\/\/vietcorp.com\/store\/wp-json\/wp\/v2\/product_brand?post=314"},{"taxonomy":"product_cat","embeddable":true,"href":"https:\/\/vietcorp.com\/store\/wp-json\/wp\/v2\/product_cat?post=314"},{"taxonomy":"product_tag","embeddable":true,"href":"https:\/\/vietcorp.com\/store\/wp-json\/wp\/v2\/product_tag?post=314"}],"curies":[{"name":"wp","href":"https:\/\/api.w.org\/{rel}","templated":true}]}}