


{"id":3096,"date":"2022-11-23T14:45:47","date_gmt":"2022-11-23T07:45:47","guid":{"rendered":"https:\/\/www.vietcorp.com\/store\/?post_type=product&#038;p=3096"},"modified":"2025-12-11T11:48:53","modified_gmt":"2025-12-11T04:48:53","slug":"centerm-f640-4g64g","status":"publish","type":"product","link":"https:\/\/vietcorp.com\/store\/3096\/centerm-f640-4g64g\/","title":{"rendered":"Centerm F640-4G64G"},"content":{"rendered":"<p>Centerm F640-4G64G s\u1eed d\u1ee5ng CPU Intel, Centerm F640-4G64G \u0111\u01b0\u1ee3c thi\u1ebft k\u1ebf \u0111\u1ec3 h\u1ed7 tr\u1ee3 c\u00e1c \u1ee9ng d\u1ee5ng \u0111\u00f2i h\u1ecfi nhi\u1ec1u CPU v\u00e0 \u0111\u1ed3 h\u1ecda, mang l\u1ea1i hi\u1ec7u su\u1ea5t m\u01b0\u1ee3t m\u00e0 v\u00e0 v\u01b0\u1ee3t tr\u1ed9i trong m\u00f4i tr\u01b0\u1eddng m\u00e1y t\u00ednh \u1ea3o v\u00e0 \u0111\u1ed9c l\u1eadp.<\/p>\n<p><strong>C\u1ea5u h\u00ecnh Centerm F640-4G64G:<\/strong><\/p>\n<p><strong>Processor:<\/strong> Intel quad core 2.0Ghz<br \/>\n<strong>Available Operating System:<\/strong> TOS<br \/>\n<strong>Protocols:<\/strong> Citrix receiver\/Vmware View Client\/RDP client<br \/>\n<strong>Management:<\/strong> Centerm desktop management system<br \/>\n<strong>RAM (DDR4):<\/strong> 4 GB<br \/>\n<strong>Storage (mSATA):<\/strong> 64 GB<br \/>\n<strong>Display:<\/strong> DP x 2,Type-C x 1<br \/>\n<strong>Resolution DP:<\/strong> 4096 x 2160 @60Hz, Type-C :4096 x 2160 @60Hz<br \/>\n<strong>Networking:<\/strong> x 1 (10\/100\/1000Mbps, RJ-45), optional WIFI<br \/>\n<strong>USB 2.0:<\/strong> x3<br \/>\n<strong>USB 3.0:<\/strong> x2<br \/>\n<strong>Audio:<\/strong> Line-out x 1 , Mic-in x 1<br \/>\n<strong>Dimension:<\/strong> 131mm x 31.5mm x 167mm (stand excluded)\/ 131mm \u00d776mm \u00d7178mm (stand included)<br \/>\n<strong>Net Weight:<\/strong> 2.932kg<br \/>\n<strong>Adapter:<\/strong> 100-240V AC, 50\/60 Hz, 12V\/3A DC<\/p>\n<p><strong>T\u1ef7 l\u1ec7 hi\u1ec3n th\u1ecb g\u1ea5p ba v\u00e0 \u0111\u1ed9 ph\u00e2n gi\u1ea3i 4K<\/strong><\/p>\n<p>2 DP v\u00e0 m\u1ed9t lo\u1ea1i c c\u00f3 th\u1ec3 d\u1eabn \u0111\u1ebfn thi\u1ebft b\u1ecb h\u1ed7 tr\u1ee3 m\u00e0n h\u00ecnh ba m\u1edf r\u1ed9ng. C\u1ea3 hai \u0111\u1ec1u c\u00f3 th\u1ec3 th\u1ef1c hi\u1ec7n t\u1ed1c \u0111\u1ed9 ph\u00e2n gi\u1ea3i 4k v\u1edbi 60 Hz<\/p>\n<p><strong>M\u1edf r\u1ed9ng M.2<\/strong><\/p>\n<p>H\u1ed7 tr\u1ee3 giao di\u1ec7n M.2 \u0111\u01b0\u1ee3c \u0111\u00ednh k\u00e8m \u0111\u1ec3 c\u00f3 I\/O nhanh h\u01a1n, b\u1ea5t k\u1ec3 b\u1ed9 nh\u1edb hay Wi-Fi<\/p>\n<p><strong>Nhi\u1ec1u giao th\u1ee9c VDI \u200b\u200b\u0111\u01b0\u1ee3c h\u1ed7 tr\u1ee3<\/strong><\/p>\n<p>Citrix ICA\/HDX, VMware PCoIP v\u00e0 Microsoft RDP \u0111\u01b0\u1ee3c h\u1ed7 tr\u1ee3 cho c\u00e1c m\u1ee5c \u0111\u00edch \u1ea3o h\u00f3a kh\u00e1c nhau.<\/p>\n<p><strong>M\u00f4-\u0111un n\u1ec1n t\u1ea3ng \u0111\u00e1ng tin c\u1eady<\/strong><\/p>\n<p>Cung c\u1ea5p cho doanh nghi\u1ec7p m\u1ed9t l\u1edbp b\u1ea3o v\u1ec7 d\u1eef li\u1ec7u kh\u1ecfi s\u1ef1 x\u00e2m nh\u1eadp.<\/p>\n","protected":false},"excerpt":{"rendered":"<p>Citrix receiver\/Vmware View Client\/RDP client<br \/>\n4G RAM, 64G SSD, TOS<br \/>\n2 x DP, 1 x Type-C<br \/>\n1 RJ-45, WIFI t\u00f9y ch\u1ecdn<br \/>\nB\u1ea3o h\u00e0nh 24 th\u00e1ng<\/p>\n","protected":false},"featured_media":3097,"template":"","meta":[],"product_brand":[],"product_cat":[87],"product_tag":[78,373],"class_list":{"0":"post-3096","1":"product","2":"type-product","3":"status-publish","4":"has-post-thumbnail","6":"product_cat-thin-clients","7":"product_tag-centerm","8":"product_tag-centerm-f640","10":"first","11":"outofstock","12":"taxable","13":"shipping-taxable","14":"product-type-simple"},"_links":{"self":[{"href":"https:\/\/vietcorp.com\/store\/wp-json\/wp\/v2\/product\/3096","targetHints":{"allow":["GET"]}}],"collection":[{"href":"https:\/\/vietcorp.com\/store\/wp-json\/wp\/v2\/product"}],"about":[{"href":"https:\/\/vietcorp.com\/store\/wp-json\/wp\/v2\/types\/product"}],"wp:featuredmedia":[{"embeddable":true,"href":"https:\/\/vietcorp.com\/store\/wp-json\/wp\/v2\/media\/3097"}],"wp:attachment":[{"href":"https:\/\/vietcorp.com\/store\/wp-json\/wp\/v2\/media?parent=3096"}],"wp:term":[{"taxonomy":"product_brand","embeddable":true,"href":"https:\/\/vietcorp.com\/store\/wp-json\/wp\/v2\/product_brand?post=3096"},{"taxonomy":"product_cat","embeddable":true,"href":"https:\/\/vietcorp.com\/store\/wp-json\/wp\/v2\/product_cat?post=3096"},{"taxonomy":"product_tag","embeddable":true,"href":"https:\/\/vietcorp.com\/store\/wp-json\/wp\/v2\/product_tag?post=3096"}],"curies":[{"name":"wp","href":"https:\/\/api.w.org\/{rel}","templated":true}]}}