


{"id":3095,"date":"2022-11-23T13:48:11","date_gmt":"2022-11-23T06:48:11","guid":{"rendered":"https:\/\/www.vietcorp.com\/store\/?post_type=product&#038;p=3095"},"modified":"2022-11-29T10:38:45","modified_gmt":"2022-11-29T03:38:45","slug":"centerm-f620-4g64gwin10iot","status":"publish","type":"product","link":"https:\/\/vietcorp.com\/store\/3095\/centerm-f620-4g64gwin10iot\/","title":{"rendered":"Centerm F620-4G64GWIN10IOT"},"content":{"rendered":"<p>Centerm F620-4G64G s\u1eed d\u1ee5ng CPU Intel, Centerm F620 \u0111\u01b0\u1ee3c thi\u1ebft k\u1ebf \u0111\u1ec3 h\u1ed7 tr\u1ee3 c\u00e1c \u1ee9ng d\u1ee5ng \u0111\u00f2i h\u1ecfi nhi\u1ec1u CPU v\u00e0 \u0111\u1ed3 h\u1ecda, mang l\u1ea1i hi\u1ec7u su\u1ea5t m\u01b0\u1ee3t m\u00e0 v\u00e0 v\u01b0\u1ee3t tr\u1ed9i trong m\u00f4i tr\u01b0\u1eddng m\u00e1y t\u00ednh \u1ea3o v\u00e0 \u0111\u1ed9c l\u1eadp<\/p>\n<p><strong>Processor:<\/strong> Intel quad core 2.0Ghz<br \/>\n<strong>Available Operating System:<\/strong> WIN 10 IOT<br \/>\n<strong>Protocol Clients:<\/strong> Citrix receiver\/Vmware View Client\/RDP client<br \/>\n<strong>Management:<\/strong> Centerm desktop management system<br \/>\n<strong>RAM (DDR4):<\/strong> 4 GB, max up to 8GB<br \/>\n<strong>Storage (SSD):<\/strong> 64 GB<br \/>\n<strong>Display:<\/strong> DPx1, HDMIx1<br \/>\n<strong>Resolution:<\/strong> 3840&#215;2160@60Hz(DP) , 3840&#215;2160@60Hz(HDMI)<br \/>\n<strong>LAN:<\/strong> x 1 (10\/100\/1000Mbps, RJ-45)<br \/>\n<strong>USB:<\/strong> 2.0 x 4<br \/>\n<strong>USB 3.0:<\/strong> x 2 (no wifi)\/1(with wifi)<br \/>\n<strong>Audio:<\/strong> Line-out x 1 , Mic-in x 1<br \/>\n<strong>Dimension:<\/strong> 131mm x 31.5mm x 167mm (stand excluded)\/ 131mm \u00d776mm \u00d7178mm (stand included)<br \/>\n<strong>Net Weight:<\/strong> 0.51kg<br \/>\n<strong>Cooling:<\/strong> Fan-less Convection<br \/>\n<strong>Adapter:<\/strong> 100-240V AC, 50\/60 Hz, 12V\/3A DC<br \/>\n<strong>TDP:<\/strong> &lt; 10w<br \/>\n<strong>B\u1ea3o h\u00e0nh 24 th\u00e1ng<\/strong><\/p>\n<p><strong>T\u00f9y ch\u1ecdn hi\u1ec3n th\u1ecb 4K<\/strong><\/p>\n<p>c\u00f3 th\u1ec3 h\u1ed7 tr\u1ee3 t\u1ed1c \u0111\u1ed9 ph\u00e2n gi\u1ea3i l\u00ean t\u1edbi 4K.<\/p>\n<p><strong>M\u1edf r\u1ed9ng M.2<\/strong><\/p>\n<p>H\u1ed7 tr\u1ee3 l\u01b0u tr\u1eef M.2 \u0111\u01b0\u1ee3c \u0111\u00ednh k\u00e8m \u0111\u1ec3 c\u00f3 I\/O nhanh h\u01a1n.<\/p>\n<p><strong>H\u1ed7 tr\u1ee3 nhi\u1ec1u giao th\u1ee9c VDI<\/strong><\/p>\n<p>\u200b\u200bH\u1ed7 tr\u1ee3 r\u1ed9ng r\u00e3i Citrix ICA\/HDX, VMware PCoIP v\u00e0 Microsoft RDP.<\/p>\n<p><strong>M\u00f4-\u0111un n\u1ec1n t\u1ea3ng \u0111\u00e1ng tin c\u1eady<\/strong><\/p>\n<p>Cung c\u1ea5p cho doanh nghi\u1ec7p m\u1ed9t l\u1edbp b\u1ea3o v\u1ec7 d\u1eef li\u1ec7u kh\u1ecfi s\u1ef1 x\u00e2m nh\u1eadp.<\/p>\n","protected":false},"excerpt":{"rendered":"<p>Citrix receiver\/Vmware View Client\/RDP client<br \/>\n4G RAM, 64G SSD, WIN 10 IOT<br \/>\n1 x DP, 1 x HDMI<br \/>\n1 RJ-45, WIFI t\u00f9y ch\u1ecdn<br \/>\nB\u1ea3o h\u00e0nh 24 th\u00e1ng<\/p>\n","protected":false},"featured_media":3091,"template":"","meta":[],"product_brand":[],"product_cat":[87],"product_tag":[78,365],"class_list":{"0":"post-3095","1":"product","2":"type-product","3":"status-publish","4":"has-post-thumbnail","6":"product_cat-thin-clients","7":"product_tag-centerm","8":"product_tag-centerm-f620","10":"first","11":"outofstock","12":"taxable","13":"shipping-taxable","14":"purchasable","15":"product-type-simple"},"_links":{"self":[{"href":"https:\/\/vietcorp.com\/store\/wp-json\/wp\/v2\/product\/3095","targetHints":{"allow":["GET"]}}],"collection":[{"href":"https:\/\/vietcorp.com\/store\/wp-json\/wp\/v2\/product"}],"about":[{"href":"https:\/\/vietcorp.com\/store\/wp-json\/wp\/v2\/types\/product"}],"wp:featuredmedia":[{"embeddable":true,"href":"https:\/\/vietcorp.com\/store\/wp-json\/wp\/v2\/media\/3091"}],"wp:attachment":[{"href":"https:\/\/vietcorp.com\/store\/wp-json\/wp\/v2\/media?parent=3095"}],"wp:term":[{"taxonomy":"product_brand","embeddable":true,"href":"https:\/\/vietcorp.com\/store\/wp-json\/wp\/v2\/product_brand?post=3095"},{"taxonomy":"product_cat","embeddable":true,"href":"https:\/\/vietcorp.com\/store\/wp-json\/wp\/v2\/product_cat?post=3095"},{"taxonomy":"product_tag","embeddable":true,"href":"https:\/\/vietcorp.com\/store\/wp-json\/wp\/v2\/product_tag?post=3095"}],"curies":[{"name":"wp","href":"https:\/\/api.w.org\/{rel}","templated":true}]}}