


{"id":3085,"date":"2022-11-23T11:10:50","date_gmt":"2022-11-23T04:10:50","guid":{"rendered":"https:\/\/www.vietcorp.com\/store\/?post_type=product&#038;p=3085"},"modified":"2022-11-29T10:36:30","modified_gmt":"2022-11-29T03:36:30","slug":"centerm-f610-2g16g","status":"publish","type":"product","link":"https:\/\/vietcorp.com\/store\/3085\/centerm-f610-2g16g\/","title":{"rendered":"Centerm F610-2G16G"},"content":{"rendered":"<p>Centerm F610-2G16G s\u1eed d\u1ee5ng CPU Intel, F610-2G16G \u0111\u01b0\u1ee3c thi\u1ebft k\u1ebf \u0111\u1ec3 h\u1ed7 tr\u1ee3 c\u00e1c \u1ee9ng d\u1ee5ng \u0111\u00f2i h\u1ecfi nhi\u1ec1u CPU v\u00e0 \u0111\u1ed3 h\u1ecda, mang l\u1ea1i hi\u1ec7u su\u1ea5t m\u01b0\u1ee3t m\u00e0 v\u00e0 v\u01b0\u1ee3t tr\u1ed9i trong m\u00f4i tr\u01b0\u1eddng m\u00e1y t\u00ednh \u0111\u1ec3 b\u00e0n \u1ea3o v\u00e0 \u0111\u1ed9c l\u1eadp.<\/p>\n<p><strong>Th\u00f4ng s\u1ed1 k\u1ef9 thu\u1eadt Centerm F610-2G16G:<\/strong><\/p>\n<p><strong>Processor:<\/strong> Intel quad core 2.0GHz (std) \/ Intel dual core 2.41 GHz (optional)<br \/>\n<strong>Available Operating System:<\/strong>\u00a0Centerm Linux OS<br \/>\n<strong>Protocol Clents:<\/strong> Citrix receiver\/ Microsoft Remote Desktop Client \/ Vmware\u2122 Horizon View\u2122 Client<br \/>\n<strong>Management:<\/strong> CDMS<br \/>\n<strong>RAM (DDR3L):<\/strong> 2 GB, max up tp 8GB<br \/>\n<strong>Storage (SSD):<\/strong> 16 GB, max up to 512GB<br \/>\n<strong>Display:<\/strong> DVI-I x 1 (DVI-to-VGA adapter included) , DP x 1<br \/>\n<strong>Resolution:<\/strong> 1920&#215;1200 (DVI) \/ 2560&#215;1600 (DP)<br \/>\n<strong>Networking:<\/strong> x 1 (10\/100\/1000Mbps,RJ45), optional WIFI<br \/>\n<strong>USB 2.0:<\/strong> x 5(no wifi)\/4(if require WIFI, one USB 2.0 port will be occupied)<br \/>\n<strong>USB 3.0:<\/strong> x 1<br \/>\n<strong>Audio:<\/strong> Line-out x 1 , Mic-in x 1, (1\/8-inch mini jack)<br \/>\n<strong>Dimension:<\/strong> 131mm x 31.5mm x 167mm (stand excluded)\/ 131mm \u00d776mm \u00d7178mm (stand included)<br \/>\n<strong>Net Weight:<\/strong> 0.55kg<br \/>\n<strong>TDP:<\/strong> &lt; 15w<\/p>\n<p><strong>Hi\u1ec7u su\u1ea5t SoC m\u1ea1nh m\u1ebd<\/strong><\/p>\n<p>CPU l\u00f5i t\u1ee9 Intel th\u1ebf h\u1ec7 m\u1edbi d\u1eabn \u0111\u1ebfn hi\u1ec7u su\u1ea5t ph\u01b0\u01a1ng ti\u1ec7n k\u1ef9 thu\u1eadt s\u1ed1 v\u01b0\u1ee3t tr\u1ed9i v\u00e0 gi\u1ea3i tr\u00ed HD phong ph\u00fa.<\/p>\n<p><strong>Gi\u1ea3i ph\u00e1p TCO<\/strong><\/p>\n<p>Gi\u00e1 th\u1ea5p, ti\u00eau th\u1ee5 \u0111i\u1ec7n n\u0103ng th\u1ea5p v\u00e0 qu\u1ea3n l\u00fd t\u1eadp trung gi\u00fap gi\u1ea3m \u0111\u00e1ng k\u1ec3 TCO.<\/p>\n<p><strong>H\u1ed7 tr\u1ee3 giao th\u1ee9c MultipleVDI<\/strong><\/p>\n<p>H\u1ed7 tr\u1ee3 r\u1ed9ng r\u00e3i Citrix ICA\/HDX, VMware PCoIP v\u00e0 Microsoft RDP.<\/p>\n<p><strong>Th\u00e2n thi\u1ec7n v\u1edbi m\u00f4i tr\u01b0\u1eddng<\/strong><\/p>\n<p>L\u01b0\u1ee3ng kh\u00ed th\u1ea3i CO2 th\u1ea5p, t\u1ecfa nhi\u1ec7t th\u1ea5p, kh\u00f4ng g\u00e2y ti\u1ebfng \u1ed3n v\u00e0 ti\u1ebft ki\u1ec7m kh\u00f4ng gian.<\/p>\n","protected":false},"excerpt":{"rendered":"<p>Quad core 2.0Ghz, TOS<br \/>\n2G RAM, 16G SSD<br \/>\nDVI-I x1, DP x 1<br \/>\nRJ-45 1GbE, Wifi<br \/>\nB\u1ea3o h\u00e0nh 24 th\u00e1ng<\/p>\n","protected":false},"featured_media":3086,"template":"","meta":[],"product_brand":[],"product_cat":[87],"product_tag":[78,364],"class_list":{"0":"post-3085","1":"product","2":"type-product","3":"status-publish","4":"has-post-thumbnail","6":"product_cat-thin-clients","7":"product_tag-centerm","8":"product_tag-centerm-f610","10":"first","11":"outofstock","12":"taxable","13":"shipping-taxable","14":"purchasable","15":"product-type-simple"},"_links":{"self":[{"href":"https:\/\/vietcorp.com\/store\/wp-json\/wp\/v2\/product\/3085","targetHints":{"allow":["GET"]}}],"collection":[{"href":"https:\/\/vietcorp.com\/store\/wp-json\/wp\/v2\/product"}],"about":[{"href":"https:\/\/vietcorp.com\/store\/wp-json\/wp\/v2\/types\/product"}],"wp:featuredmedia":[{"embeddable":true,"href":"https:\/\/vietcorp.com\/store\/wp-json\/wp\/v2\/media\/3086"}],"wp:attachment":[{"href":"https:\/\/vietcorp.com\/store\/wp-json\/wp\/v2\/media?parent=3085"}],"wp:term":[{"taxonomy":"product_brand","embeddable":true,"href":"https:\/\/vietcorp.com\/store\/wp-json\/wp\/v2\/product_brand?post=3085"},{"taxonomy":"product_cat","embeddable":true,"href":"https:\/\/vietcorp.com\/store\/wp-json\/wp\/v2\/product_cat?post=3085"},{"taxonomy":"product_tag","embeddable":true,"href":"https:\/\/vietcorp.com\/store\/wp-json\/wp\/v2\/product_tag?post=3085"}],"curies":[{"name":"wp","href":"https:\/\/api.w.org\/{rel}","templated":true}]}}