


{"id":3063,"date":"2022-11-20T09:04:10","date_gmt":"2022-11-20T02:04:10","guid":{"rendered":"https:\/\/www.vietcorp.com\/store\/?post_type=product&#038;p=3063"},"modified":"2025-02-13T14:07:05","modified_gmt":"2025-02-13T07:07:05","slug":"centerm-f320-2g8g","status":"publish","type":"product","link":"https:\/\/vietcorp.com\/store\/3063\/centerm-f320-2g8g\/","title":{"rendered":"Centerm F320-2G8G"},"content":{"rendered":"<section class=\"wpb-content-wrapper\"><p>[vc_row][vc_column][vc_column_text]S\u1ea3n ph\u1ea9m thay th\u1ebf[\/vc_column_text]<div class=\"woocommerce \">\r\n<ul class=\"products products-container grid pcols-lg-4 pcols-md-3 pcols-xs-2 pcols-ls-1 pwidth-lg-4 pwidth-md-3 pwidth-xs-2 pwidth-ls-1 is-shortcode\"\r\r\n\t data-product_layout=\"product-default\">\r\r\n\r\n\r\r\n<li class=\"product-col product-default product type-product post-8347 status-publish first outofstock product_cat-thin-clients product_tag-centerm product_tag-centerm-f620 has-post-thumbnail taxable shipping-taxable purchasable product-type-simple\">\r\r\n<div class=\"product-inner\">\r\r\n\t\r\n\r\r\n\t<div class=\"product-image\">\r\r\n\r\r\n\t\t<a  href=\"https:\/\/vietcorp.com\/store\/8347\/centerm-f620-4g128g\/\" aria-label=\"product\">\r\r\n\t\t\t<div class=\"stock out-of-stock\">H\u1ebft h\u00e0ng<\/div><div class=\"inner img-effect\"><img decoding=\"async\" width=\"600\" height=\"600\" src=\"https:\/\/vietcorp.com\/store\/wp-content\/uploads\/2024\/08\/centerm-f620-4g128g-1-600x600.png\" class=\"attachment-woocommerce_thumbnail size-woocommerce_thumbnail\" alt=\"Centerm F620-4G128G\" srcset=\"https:\/\/vietcorp.com\/store\/wp-content\/uploads\/2024\/08\/centerm-f620-4g128g-1-600x600.png 600w, https:\/\/vietcorp.com\/store\/wp-content\/uploads\/2024\/08\/centerm-f620-4g128g-1-400x400.png 400w, https:\/\/vietcorp.com\/store\/wp-content\/uploads\/2024\/08\/centerm-f620-4g128g-1-560x560.png 560w, https:\/\/vietcorp.com\/store\/wp-content\/uploads\/2024\/08\/centerm-f620-4g128g-1-367x367.png 367w\" sizes=\"(max-width: 600px) 100vw, 600px\" \/><img decoding=\"async\" width=\"600\" height=\"600\" src=\"https:\/\/vietcorp.com\/store\/wp-content\/uploads\/2024\/08\/centerm-f620-4g128g-4-600x600.png\" class=\"hover-image\" alt=\"Centerm F620-4G128G\" srcset=\"https:\/\/vietcorp.com\/store\/wp-content\/uploads\/2024\/08\/centerm-f620-4g128g-4-600x600.png 600w, https:\/\/vietcorp.com\/store\/wp-content\/uploads\/2024\/08\/centerm-f620-4g128g-4-400x400.png 400w, https:\/\/vietcorp.com\/store\/wp-content\/uploads\/2024\/08\/centerm-f620-4g128g-4-560x560.png 560w, https:\/\/vietcorp.com\/store\/wp-content\/uploads\/2024\/08\/centerm-f620-4g128g-4-367x367.png 367w\" sizes=\"(max-width: 600px) 100vw, 600px\" \/><\/div>\r\n\t\t<\/a>\r\r\n\t\r\n\t\r\n\t<\/div>\r\r\n\r\r\n\t<div class=\"product-content\">\r\r\n\t\t<span class=\"category-list\"><a href=\"https:\/\/vietcorp.com\/store\/product-category\/may-tinh\/thin-clients\/\" rel=\"tag\">Thin clients<\/a><\/span>\r\n\r\r\n\t\t\r\n\t<a class=\"product-loop-title\"  href=\"https:\/\/vietcorp.com\/store\/8347\/centerm-f620-4g128g\/\">\r\r\n\t<h3 class=\"woocommerce-loop-product__title\">Centerm F620-4G128G<\/h3>\r\n\t<\/a>\r\r\n\t\r\n\r\r\n\t\t\r\n\t<div class=\"description\">\r\r\n\t\t\r\n\t\t<p class=\"post-excerpt\">Citrix receiver\/Vmware View Client\/RDP client<br \/>\n4G RAM, 128G SSD, TOS<br \/>\n1 x DP, 1 x HDMI<br \/>\n1 RJ-45, WIFI t\u00f9y ch\u1ecdn<br \/>\nB\u1ea3o h\u00e0nh 24 th\u00e1ng<\/p>\n\r\n\t<\/div>\r\r\n\t\n\t<span class=\"price\"><span class=\"woocommerce-Price-amount amount\"><bdi>8,349,000<span class=\"woocommerce-Price-currencySymbol\">&#8363;<\/span><\/bdi><\/span><\/span>\n\r\n\r\r\n\t\t\r\n<div class=\"add-links-wrap\">\r\r\n\t<div class=\"add-links clearfix\">\r\r\n\t\t<a href=\"https:\/\/vietcorp.com\/store\/8347\/centerm-f620-4g128g\/\" aria-describedby=\"woocommerce_loop_add_to_cart_link_describedby_8347\" data-quantity=\"1\" class=\"viewcart-style-2 button product_type_simple add_to_cart_read_more\" data-product_id=\"8347\" data-product_sku=\"CENTERM-F620-4G128G\" aria-label=\"\u0110\u1ecdc th\u00eam v\u1ec1 &ldquo;Centerm F620-4G128G&rdquo;\" rel=\"nofollow\" data-success_message=\"\">\u0110\u1ecdc ti\u1ebfp<\/a>\r\n\t\r\n\t<span id=\"woocommerce_loop_add_to_cart_link_describedby_8347\" class=\"screen-reader-text\">\r\r\n\t\t\r\n\t<\/span>\r\r\n\t\r\n\t<div class=\"quickview\" data-id=\"8347\" title=\"Xem nhanh\">Xem nhanh<\/div>\r\n\t<\/div>\r\r\n\t\r\n<\/div>\r\r\n<span class=\"gtm4wp_productdata\" style=\"display:none; visibility:hidden;\" data-gtm4wp_product_data=\"{&quot;internal_id&quot;:8347,&quot;item_id&quot;:8347,&quot;item_name&quot;:&quot;Centerm F620-4G128G&quot;,&quot;sku&quot;:&quot;CENTERM-F620-4G128G&quot;,&quot;price&quot;:8349000,&quot;stocklevel&quot;:0,&quot;stockstatus&quot;:&quot;outofstock&quot;,&quot;google_business_vertical&quot;:&quot;retail&quot;,&quot;item_category&quot;:&quot;Thin clients&quot;,&quot;id&quot;:8347,&quot;productlink&quot;:&quot;https:\\\/\\\/vietcorp.com\\\/store\\\/8347\\\/centerm-f620-4g128g\\\/&quot;,&quot;item_list_name&quot;:&quot;General Product List&quot;,&quot;index&quot;:1,&quot;product_type&quot;:&quot;simple&quot;,&quot;item_brand&quot;:&quot;&quot;}\"><\/span>\r\n\t<\/div>\r\r\n<\/div>\r\r\n\r\r\n<\/li>\r\r\n\r\n<\/ul>\r\r\n<\/div>[\/vc_column][\/vc_row][vc_row][\/vc_row][vc_column][\/vc_column][vc_column_text]<\/p>\n<h4 style=\"color: red;\">S\u1ea3n ph\u1ea9m ng\u1eebng kinh doanh<\/h4>\n<p>Centerm F320-2G8G ho\u1ea1t \u0111\u1ed9ng d\u1ef1a tr\u00ean n\u1ec1n t\u1ea3ng ARM 64-bit, Centerm F320 l\u00e0 m\u1ed9t m\u00e1y thin client c\u00f3 CPU l\u00f5i t\u1ee9 v\u1edbi 2 0GHz, GPU hi\u1ec7u n\u0103ng cao v\u00e0 h\u1ec7 \u0111i\u1ec1u h\u00e0nh Linux nh\u00fang. N\u00f3 cung c\u1ea5p kh\u1ea3 n\u0103ng gi\u1ea3i m\u00e3 \u0111a ph\u01b0\u01a1ng ti\u1ec7n v\u01b0\u1ee3t tr\u1ed9i, ph\u00f9 h\u1ee3p v\u1edbi t\u00e0i ch\u00ednh, ch\u00ednh ph\u1ee7 v\u00e0 \u0111i\u1ec7n to\u00e1n \u0111\u00e1m m\u00e2y.<\/p>\n<p><strong>Th\u00f4ng s\u1ed1 k\u1ef9 thu\u1eadt Centerm F320-2G8G:<\/strong><\/p>\n<p><strong>Processor:<\/strong> Quad core 2.0GHz<br \/>\n<strong>Available Operating System:<\/strong> Centerm Linux OS<br \/>\n<strong>Management:<\/strong> Centerm desktop management system<br \/>\n<strong>RAM (DDR4):<\/strong> 2GB, max up to 4GB<br \/>\n<strong>Storage (eMMC):<\/strong> 8GB, max up to 16GB<br \/>\n<strong>Display:<\/strong> HDMI x 1, VGA x 1<br \/>\n<strong>Resolution:<\/strong> HDMI:3840 x2560, VGA:1920&#215;1200<br \/>\n<strong>Networking:<\/strong> x 1 (10\/100\/1000 Base-T Fast Ethernet, RJ-45), optional WIFI<br \/>\n<strong>Bluetooth:<\/strong> Optional<br \/>\n<strong>USB ports:<\/strong> x 4(USB 2.0 ), x 2 (USB 3.0)<br \/>\n<strong>Audio:<\/strong> Line-out x 1 , Mic-in x 1<br \/>\n<strong>Dimenison (H x W x D):<\/strong> 131mm x 31.5mm x 167mm (without base)<br \/>\n<strong>Net Weight:<\/strong> 0.44kg<br \/>\n<strong>Adapter:<\/strong> 100-240V AC, 50\/60 Hz, 12V\/2A DC.<br \/>\n<strong>Power Consumption:<\/strong> &lt; 8 w<\/p>\n<p><strong>64 bit kernel for ARM<\/strong><\/p>\n<p>\u0110i\u1ec1u khi\u1ec3n h\u1ec7 \u0111i\u1ec1u h\u00e0nh cho c\u00e1c t\u00e1c v\u1ee5 d\u1ef1a tr\u00ean v\u0103n ph\u00f2ng trong b\u1ed1i c\u1ea3nh \u1ea3o h\u00f3a.<\/p>\n<p><strong>Nhi\u1ec1u giao th\u1ee9c VDI \u200b\u200bv\u00e0 b\u1ea3o \u0111\u1ea3m an ninh<\/strong><\/p>\n<p>H\u1ed7 tr\u1ee3 Citrix Workspace, VMware v\u00e0 RDP, c\u0169ng h\u1ed7 tr\u1ee3 VPN v\u00e0 ch\u1ee9c n\u0103ng t\u01b0\u1eddng l\u1eeda.<\/p>\n<p><strong>Qu\u1ea3n l\u00fd d\u1ec5 d\u00e0ng v\u00e0 chi ph\u00ed b\u1ea3o tr\u00ec th\u1ea5p<\/strong><\/p>\n<p>V\u1edbi chipset h\u1ed7 tr\u1ee3 WOL, F320 c\u00f3 th\u1ec3 \u0111\u01b0\u1ee3c kh\u1edfi \u0111\u1ed9ng v\u00e0 qu\u1ea3n l\u00fd t\u1eeb xa, \u0111i\u1ec1u n\u00e0y c\u00f3 th\u1ec3 ti\u1ebft ki\u1ec7m chi ph\u00ed b\u1ea3o tr\u00ec v\u00e0 nh\u00e2n l\u1ef1c.<\/p>\n<p><strong>M.2 interface Wi-Fi and Bluetooth<\/strong><\/p>\n<p>T\u1ed1c \u0111\u1ed9 truy\u1ec1n cao v\u1edbi PCI-E \u1edf giao di\u1ec7n m.2, ch\u1ee9c n\u0103ng Bluetooth kh\u1ea3 d\u1ee5ng.<\/p>\n<\/section>","protected":false},"excerpt":{"rendered":"<h4 style=\"color: red;\"><strong>S\u1ea2N PH\u1ea8M NG\u1eeaNG KINH DOANH<\/strong><\/h4>\n<p><a href=\"https:\/\/www.vietcorp.com\/blog\/danh-sach-san-pham-synology-ngung-kinh-doanh-14724.html\/\">(Danh s\u00e1ch s\u1ea3n ph\u1ea9m Synology ng\u1eebng kinh doanh)<\/a><\/p>\n<p>Quad core 2.0GHz, TOS<br \/>\n2G RAM, 8G SSD<br \/>\nHDMI x 1, VGA x 1<br \/>\nRJ-45 1GbE, WIFI t\u00f9y ch\u1ecdn<br \/>\nB\u1ea3o h\u00e0nh 24 th\u00e1ng<\/p>\n","protected":false},"featured_media":8556,"template":"","meta":[],"product_brand":[],"product_cat":[337,87],"product_tag":[78,375],"class_list":{"0":"post-3063","1":"product","2":"type-product","3":"status-publish","4":"has-post-thumbnail","6":"product_cat-san-pham-ngung-kinh-doanh","7":"product_cat-thin-clients","8":"product_tag-centerm","9":"product_tag-centerm-f320","11":"first","12":"outofstock","13":"taxable","14":"shipping-taxable","15":"purchasable","16":"product-type-simple"},"_links":{"self":[{"href":"https:\/\/vietcorp.com\/store\/wp-json\/wp\/v2\/product\/3063","targetHints":{"allow":["GET"]}}],"collection":[{"href":"https:\/\/vietcorp.com\/store\/wp-json\/wp\/v2\/product"}],"about":[{"href":"https:\/\/vietcorp.com\/store\/wp-json\/wp\/v2\/types\/product"}],"wp:featuredmedia":[{"embeddable":true,"href":"https:\/\/vietcorp.com\/store\/wp-json\/wp\/v2\/media\/8556"}],"wp:attachment":[{"href":"https:\/\/vietcorp.com\/store\/wp-json\/wp\/v2\/media?parent=3063"}],"wp:term":[{"taxonomy":"product_brand","embeddable":true,"href":"https:\/\/vietcorp.com\/store\/wp-json\/wp\/v2\/product_brand?post=3063"},{"taxonomy":"product_cat","embeddable":true,"href":"https:\/\/vietcorp.com\/store\/wp-json\/wp\/v2\/product_cat?post=3063"},{"taxonomy":"product_tag","embeddable":true,"href":"https:\/\/vietcorp.com\/store\/wp-json\/wp\/v2\/product_tag?post=3063"}],"curies":[{"name":"wp","href":"https:\/\/api.w.org\/{rel}","templated":true}]}}