


{"id":3054,"date":"2022-11-10T11:55:55","date_gmt":"2022-11-10T04:55:55","guid":{"rendered":"https:\/\/www.vietcorp.com\/store\/?post_type=product&#038;p=3054"},"modified":"2025-12-11T11:43:33","modified_gmt":"2025-12-11T04:43:33","slug":"synology-rx1223rp","status":"publish","type":"product","link":"https:\/\/vietcorp.com\/store\/3054\/synology-rx1223rp\/","title":{"rendered":"Synology RX1223RP"},"content":{"rendered":"<h2><strong>Expansion Unit <a href=\"https:\/\/www.vietcorp.com\/store\/3054\/synology-rx1223rp\/\">Synology RX1223RP<\/a><\/strong><\/h2>\n<p>M\u1edf r\u1ed9ng b\u1ed9 nh\u1edb \u0111\u00e1ng tin c\u1eady v\u1edbi ngu\u1ed3n \u0111i\u1ec7n d\u1ef1 ph\u00f2ng<\/p>\n<p><strong>M\u1edf r\u1ed9ng dung l\u01b0\u1ee3ng 12 khay li\u1ec1n m\u1ea1ch<\/strong><\/p>\n<p>Th\u00eam t\u1edbi 96 khay b\u1ed9 nh\u1edb v\u00e0o c\u00e1c thi\u1ebft b\u1ecb t\u01b0\u01a1ng th\u00edch v\u1edbi Thi\u1ebft b\u1ecb m\u1edf r\u1ed9ng Synology RX1223RP. M\u1edf r\u1ed9ng ho\u1eb7c t\u1ea1o \u1ed5 l\u01b0u tr\u1eef m\u1edbi m\u00e0 kh\u00f4ng c\u1ea7n ng\u1eebng ho\u1ea1t \u0111\u1ed9ng d\u1ecbch v\u1ee5 ho\u1eb7c h\u1ec7 th\u1ed1ng nh\u1edd t\u00ednh n\u0103ng m\u1edf r\u1ed9ng b\u1ed9 nh\u1edb tr\u1ef1c tuy\u1ebfn.<\/p>\n<p><strong>M\u1edf r\u1ed9ng b\u1ed9 nh\u1edb m\u1ecdi l\u00fac m\u1ecdi n\u01a1i<\/strong><\/p>\n<p><img decoding=\"async\" class=\"aligncenter size-full wp-image-3058\" src=\"https:\/\/www.vietcorp.com\/store\/wp-content\/uploads\/2022\/11\/Synology-rx1223rp-4.jpg\" alt=\"Synology RX1223RP 1\" width=\"600\" height=\"403\" srcset=\"https:\/\/vietcorp.com\/store\/wp-content\/uploads\/2022\/11\/Synology-rx1223rp-4.jpg 600w, https:\/\/vietcorp.com\/store\/wp-content\/uploads\/2022\/11\/Synology-rx1223rp-4-400x269.jpg 400w, https:\/\/vietcorp.com\/store\/wp-content\/uploads\/2022\/11\/Synology-rx1223rp-4-367x247.jpg 367w\" sizes=\"(max-width: 600px) 100vw, 600px\" \/><\/p>\n<p>RX1223RP cho kh\u1ea3 n\u0103ng m\u1edf r\u1ed9ng b\u1ed9 nh\u1edb \u0111\u01a1n gi\u1ea3n v\u1edbi 12 khay \u1ed5 \u0111\u0129a cho \u1ed5 HDD\/SDD SATA 3,5&#8243;\/2,5&#8243;.<\/p>\n<p>C\u00f3 th\u1ec3 th\u00eam t\u1ed1i \u0111a t\u00e1m thi\u1ebft b\u1ecb m\u1edf r\u1ed9ng RX1223RP v\u00e0o c\u00e1c m\u00e1y ch\u1ee7 t\u01b0\u01a1ng th\u00edch \u0111\u1ec3 s\u1edf h\u1eefu t\u1ed1i \u0111a 1.7 petabyte dung l\u01b0\u1ee3ng l\u01b0u tr\u1eef th\u00f4 b\u1ed5 sung.<\/p>\n<p><strong>Thi\u1ebft k\u1ebf d\u1ef1 ph\u00f2ng cho \u0111\u1ed9 tin c\u1eady cao<\/strong><\/p>\n<p><img decoding=\"async\" class=\"aligncenter size-full wp-image-3059\" src=\"https:\/\/www.vietcorp.com\/store\/wp-content\/uploads\/2022\/11\/Synology-rx1223rp-5.jpg\" alt=\"Synology RX1223RP 2\" width=\"600\" height=\"224\" srcset=\"https:\/\/vietcorp.com\/store\/wp-content\/uploads\/2022\/11\/Synology-rx1223rp-5.jpg 600w, https:\/\/vietcorp.com\/store\/wp-content\/uploads\/2022\/11\/Synology-rx1223rp-5-400x149.jpg 400w, https:\/\/vietcorp.com\/store\/wp-content\/uploads\/2022\/11\/Synology-rx1223rp-5-367x137.jpg 367w\" sizes=\"(max-width: 600px) 100vw, 600px\" \/><\/p>\n<p>C\u00e1c khay \u1ed5 \u0111\u0129a v\u00e0 qu\u1ea1t h\u1ec7 th\u1ed1ng d\u1ea1ng m\u00f4-\u0111un gi\u00fap thay th\u1ebf d\u1ec5 d\u00e0ng v\u00e0 nhanh ch\u00f3ng, gi\u1ea3m t\u00e1c \u0111\u1ed9ng c\u1ee7a qu\u00e1 tr\u00ecnh b\u1ea3o tr\u00ec \u0111\u1ebfn t\u00ednh s\u1eb5n s\u00e0ng c\u1ee7a d\u1ecbch v\u1ee5. B\u1ed9 ngu\u1ed3n d\u1ef1 ph\u00f2ng \u0111\u1ea3m b\u1ea3o d\u1eef li\u1ec7u c\u1ee7a b\u1ea1n lu\u00f4n tr\u1ef1c tuy\u1ebfn trong tr\u01b0\u1eddng h\u1ee3p m\u1ed9t b\u1ed9 ngu\u1ed3n m\u1ea5t \u0111i\u1ec7n.<\/p>\n<p><strong>Tri\u1ec3n khai v\u00e0 qu\u1ea3n l\u00fd \u0111\u01a1n gi\u1ea3n<\/strong><\/p>\n<p><img decoding=\"async\" class=\"aligncenter size-full wp-image-3057\" src=\"https:\/\/www.vietcorp.com\/store\/wp-content\/uploads\/2022\/11\/Synology-rx1223rp-3.jpg\" alt=\"Synology RX1223RP 3\" width=\"600\" height=\"390\" srcset=\"https:\/\/vietcorp.com\/store\/wp-content\/uploads\/2022\/11\/Synology-rx1223rp-3.jpg 600w, https:\/\/vietcorp.com\/store\/wp-content\/uploads\/2022\/11\/Synology-rx1223rp-3-400x260.jpg 400w, https:\/\/vietcorp.com\/store\/wp-content\/uploads\/2022\/11\/Synology-rx1223rp-3-367x239.jpg 367w\" sizes=\"(max-width: 600px) 100vw, 600px\" \/><\/p>\n<p>Thi\u1ebft k\u1ebf plug-and-play (ch\u1ea1y tr\u1ef1c ti\u1ebfp) gi\u00fap RX1223RP s\u1eb5n s\u00e0ng s\u1eed d\u1ee5ng ngay khi \u0111\u01b0\u1ee3c k\u1ebft n\u1ed1i v\u1edbi thi\u1ebft b\u1ecb ch\u1ee7.<\/p>\n<p>Kh\u1ea3 n\u0103ng m\u1edf r\u1ed9ng b\u1ed9 nh\u1edb tr\u1ef1c tuy\u1ebfn v\u00e0 qu\u1ea3n l\u00fd b\u1ed9 nh\u1edb d\u1ec5 d\u00e0ng trong Synology DiskStation Manager&#8217;s (DSM) gi\u00fap \u0111\u01a1n gi\u1ea3n h\u00f3a qu\u00e1 tr\u00ecnh c\u1ea5u h\u00ecnh v\u00e0 qu\u1ea3n l\u00fd.<\/p>\n<p><strong>\u0110\u01b0\u1ee3c h\u1ed7 tr\u1ee3 b\u1edfi \u1ed5 \u0111\u0129a Synology<\/strong><\/p>\n<p><img decoding=\"async\" class=\"aligncenter size-full wp-image-3056\" src=\"https:\/\/www.vietcorp.com\/store\/wp-content\/uploads\/2022\/11\/Synology-rx1223rp-2.jpg\" alt=\"Synology RX1223RP 4\" width=\"600\" height=\"347\" srcset=\"https:\/\/vietcorp.com\/store\/wp-content\/uploads\/2022\/11\/Synology-rx1223rp-2.jpg 600w, https:\/\/vietcorp.com\/store\/wp-content\/uploads\/2022\/11\/Synology-rx1223rp-2-400x231.jpg 400w, https:\/\/vietcorp.com\/store\/wp-content\/uploads\/2022\/11\/Synology-rx1223rp-2-367x212.jpg 367w\" sizes=\"(max-width: 600px) 100vw, 600px\" \/><\/p>\n<p>T\u1eadn d\u1ee5ng hi\u1ec7u su\u1ea5t v\u00e0 \u0111\u1ed9 tin c\u1eady c\u00f3 t\u00ednh b\u1ec1n v\u1eefng cao v\u1edbi c\u00e1c \u1ed5 \u0111\u0129a chu\u1ea9n doanh nghi\u1ec7p, c\u00f3 t\u00ednh n\u0103ng b\u1ea3o v\u1ec7 d\u1eef li\u1ec7u t\u00edch h\u1ee3p, \u0111\u01b0\u1ee3c thi\u1ebft k\u1ebf cho c\u00e1c h\u1ec7 th\u1ed1ng Synology.<\/p>\n<p>SATA<br \/>\nD\u00f2ng s\u1ea3n ph\u1ea9m HDD 3.5&#8243; HAT5300<br \/>\nSSD 2,5&#8243; D\u00f2ng s\u1ea3n ph\u1ea9m SAT5200<\/p>\n<p><strong>Synology lu\u00f4n s\u00e1t c\u00e1nh b\u00ean b\u1ea1n<\/strong><\/p>\n<p>RX1223RP \u0111\u01b0\u1ee3c h\u1ed7 tr\u1ee3 b\u1edfi ch\u01b0\u01a1ng tr\u00ecnh b\u1ea3o h\u00e0nh gi\u1edbi h\u1ea1n 5 n\u0103m c\u1ee7a Synology, bao g\u1ed3m h\u1ed7 tr\u1ee3 k\u1ef9 thu\u1eadt v\u00e0 d\u1ecbch v\u1ee5 thay th\u1ebf ph\u1ea7n c\u1ee9ng \u0111\u1ec3 t\u1ed1i \u0111a h\u00f3a l\u1ee3i t\u1ee9c \u0111\u1ea7u t\u01b0 c\u1ee7a b\u1ea1n v\u00e0 \u0111\u1ea3m b\u1ea3o duy tr\u00ec hi\u1ec7u su\u1ea5t ch\u1ea5t l\u01b0\u1ee3ng cao.<\/p>\n","protected":false},"excerpt":{"rendered":"<p>Expansion 12 khay \u1ed5 \u0111\u0129a<br \/>\nL\u01b0u tr\u1eef t\u1ed1i \u0111a: 216 TB<br \/>\nApplied Models: SA6400<br \/>\n3.5&#8243; SATA HDD, 2.5&#8243; SATA SSD<br \/>\nB\u1ea3o h\u00e0nh 60 th\u00e1ng<\/p>\n","protected":false},"featured_media":7786,"template":"","meta":[],"product_brand":[],"product_cat":[363],"product_tag":[47],"class_list":{"0":"post-3054","1":"product","2":"type-product","3":"status-publish","4":"has-post-thumbnail","6":"product_cat-expansion-units","7":"product_tag-expansion","9":"first","10":"outofstock","11":"taxable","12":"shipping-taxable","13":"product-type-simple"},"_links":{"self":[{"href":"https:\/\/vietcorp.com\/store\/wp-json\/wp\/v2\/product\/3054","targetHints":{"allow":["GET"]}}],"collection":[{"href":"https:\/\/vietcorp.com\/store\/wp-json\/wp\/v2\/product"}],"about":[{"href":"https:\/\/vietcorp.com\/store\/wp-json\/wp\/v2\/types\/product"}],"wp:featuredmedia":[{"embeddable":true,"href":"https:\/\/vietcorp.com\/store\/wp-json\/wp\/v2\/media\/7786"}],"wp:attachment":[{"href":"https:\/\/vietcorp.com\/store\/wp-json\/wp\/v2\/media?parent=3054"}],"wp:term":[{"taxonomy":"product_brand","embeddable":true,"href":"https:\/\/vietcorp.com\/store\/wp-json\/wp\/v2\/product_brand?post=3054"},{"taxonomy":"product_cat","embeddable":true,"href":"https:\/\/vietcorp.com\/store\/wp-json\/wp\/v2\/product_cat?post=3054"},{"taxonomy":"product_tag","embeddable":true,"href":"https:\/\/vietcorp.com\/store\/wp-json\/wp\/v2\/product_tag?post=3054"}],"curies":[{"name":"wp","href":"https:\/\/api.w.org\/{rel}","templated":true}]}}