


{"id":300,"date":"2020-11-03T10:43:12","date_gmt":"2020-11-03T03:43:12","guid":{"rendered":"https:\/\/www.vietcorp.com\/store\/product\/synology-ds1817\/"},"modified":"2024-05-09T15:51:40","modified_gmt":"2024-05-09T08:51:40","slug":"thiet-bi-luu-tru-nas-synology-ds1817","status":"publish","type":"product","link":"https:\/\/vietcorp.com\/store\/300\/thiet-bi-luu-tru-nas-synology-ds1817\/","title":{"rendered":"Thi\u1ebft b\u1ecb l\u01b0u tr\u1eef NAS Synology DS1817"},"content":{"rendered":"<section class=\"wpb-content-wrapper\"><p>[vc_row][vc_column][vc_column_text]S\u1ea3n ph\u1ea9m thay th\u1ebf[\/vc_column_text]<div class=\"woocommerce \">\r\n<ul class=\"products products-container grid pcols-lg-4 pcols-md-3 pcols-xs-2 pcols-ls-1 pwidth-lg-4 pwidth-md-3 pwidth-xs-2 pwidth-ls-1 is-shortcode\"\r\r\n\t data-product_layout=\"product-default\">\r\r\n\r\n\r\r\n<li class=\"product-col product-default product type-product post-1061 status-publish first instock product_cat-ds-series product_cat-nas product_cat-san-pham-ngung-kinh-doanh product_tag-diskstation product_tag-ds1821 product_tag-nas product_tag-nas-8-bay product_tag-nas-ds1821 product_tag-synology product_tag-synology-ds1821 has-post-thumbnail taxable shipping-taxable product-type-simple\">\r\r\n<div class=\"product-inner\">\r\r\n\t\r\n\r\r\n\t<div class=\"product-image\">\r\r\n\r\r\n\t\t<a  href=\"https:\/\/vietcorp.com\/store\/1061\/thiet-bi-luu-tru-nas-synology-ds1821\/\" aria-label=\"product\">\r\r\n\t\t\t<div class=\"inner img-effect\"><img decoding=\"async\" width=\"600\" height=\"600\" src=\"https:\/\/vietcorp.com\/store\/wp-content\/uploads\/2020\/12\/nas-synology-ds18212.png\" class=\"attachment-woocommerce_thumbnail size-woocommerce_thumbnail\" alt=\"Synology DS1821+\" srcset=\"https:\/\/vietcorp.com\/store\/wp-content\/uploads\/2020\/12\/nas-synology-ds18212.png 600w, https:\/\/vietcorp.com\/store\/wp-content\/uploads\/2020\/12\/nas-synology-ds18212-400x400.png 400w, https:\/\/vietcorp.com\/store\/wp-content\/uploads\/2020\/12\/nas-synology-ds18212-560x560.png 560w, https:\/\/vietcorp.com\/store\/wp-content\/uploads\/2020\/12\/nas-synology-ds18212-367x367.png 367w\" sizes=\"(max-width: 600px) 100vw, 600px\" \/><img decoding=\"async\" width=\"600\" height=\"600\" src=\"https:\/\/vietcorp.com\/store\/wp-content\/uploads\/2020\/12\/nas-synology-ds18213.png\" class=\"hover-image\" alt=\"Synology DS1821+\" srcset=\"https:\/\/vietcorp.com\/store\/wp-content\/uploads\/2020\/12\/nas-synology-ds18213.png 600w, https:\/\/vietcorp.com\/store\/wp-content\/uploads\/2020\/12\/nas-synology-ds18213-400x400.png 400w, https:\/\/vietcorp.com\/store\/wp-content\/uploads\/2020\/12\/nas-synology-ds18213-560x560.png 560w, https:\/\/vietcorp.com\/store\/wp-content\/uploads\/2020\/12\/nas-synology-ds18213-367x367.png 367w\" sizes=\"(max-width: 600px) 100vw, 600px\" \/><\/div>\r\n\t\t<\/a>\r\r\n\t\r\n\t\r\n\t<\/div>\r\r\n\r\r\n\t<div class=\"product-content\">\r\r\n\t\t<span class=\"category-list\"><a href=\"https:\/\/vietcorp.com\/store\/product-category\/nas\/ds-series\/\" rel=\"tag\">DS Series<\/a>, <a href=\"https:\/\/vietcorp.com\/store\/product-category\/nas\/\" rel=\"tag\">NAS<\/a>, <a href=\"https:\/\/vietcorp.com\/store\/product-category\/san-pham-ngung-kinh-doanh\/\" rel=\"tag\">S\u1ea2N PH\u1ea8M NG\u1eeaNG KINH DOANH<\/a><\/span>\r\n\r\r\n\t\t\r\n\t<a class=\"product-loop-title\"  href=\"https:\/\/vietcorp.com\/store\/1061\/thiet-bi-luu-tru-nas-synology-ds1821\/\">\r\r\n\t<h3 class=\"woocommerce-loop-product__title\">Synology DS1821+<\/h3>\r\n\t<\/a>\r\r\n\t\r\n\r\r\n\t\t\r\n\t<div class=\"description\">\r\r\n\t\t\r\n\t\t<p class=\"post-excerpt\">Thi\u1ebft b\u1ecb l\u01b0u tr\u1eef NAS Synology DS1821+<br \/>\nNAS 8 khay \u1ed5 \u0111\u0129a 18 \u1ed5 \u0111\u0129a<br \/>\n4 GB DDR4 ECC up to 32 GB<br \/>\n4 RJ-45 1GbE<br \/>\nB\u1ea3o h\u00e0nh 36 th\u00e1ng<\/p>\n\r\n\t<\/div>\r\r\n\t\n\t<span class=\"price\">Li\u00ean h\u1ec7<\/span>\n\r\n\r\r\n\t\t\r\n<div class=\"add-links-wrap\">\r\r\n\t<div class=\"add-links clearfix\">\r\r\n\t\t\r\n\t\r\n\t<span id=\"woocommerce_loop_add_to_cart_link_describedby_1061\" class=\"screen-reader-text\">\r\r\n\t\t\r\n\t<\/span>\r\r\n\t\r\n\t<div class=\"quickview\" data-id=\"1061\" title=\"Xem nhanh\">Xem nhanh<\/div>\r\n\t<\/div>\r\r\n\t\r\n<\/div>\r\r\n<a href=\"#\" class=\"button wcq_enquiry_cart_btn\" data-product_id=\"1061\">Y\u00eau c\u1ea7u b\u00e1o gi\u00e1<\/a><span class=\"gtm4wp_productdata\" style=\"display:none; visibility:hidden;\" data-gtm4wp_product_data=\"{&quot;internal_id&quot;:1061,&quot;item_id&quot;:1061,&quot;item_name&quot;:&quot;Synology DS1821+&quot;,&quot;sku&quot;:&quot;SYNOLOGY-DS1821+&quot;,&quot;price&quot;:0,&quot;stocklevel&quot;:8,&quot;stockstatus&quot;:&quot;instock&quot;,&quot;google_business_vertical&quot;:&quot;retail&quot;,&quot;item_category&quot;:&quot;DS Series&quot;,&quot;id&quot;:1061,&quot;productlink&quot;:&quot;https:\\\/\\\/vietcorp.com\\\/store\\\/1061\\\/thiet-bi-luu-tru-nas-synology-ds1821\\\/&quot;,&quot;item_list_name&quot;:&quot;General Product List&quot;,&quot;index&quot;:1,&quot;product_type&quot;:&quot;simple&quot;,&quot;item_brand&quot;:&quot;&quot;}\"><\/span>\r\n\t<\/div>\r\r\n<\/div>\r\r\n\r\r\n<\/li>\r\r\n\r\n<\/ul>\r\r\n<\/div>[vc_column_text]<\/p>\n<h4 style=\"color: red;\">S\u1ea3n ph\u1ea9m ng\u1eebng kinh doanh<\/h4>\n<h2><span style=\"color: #0000ff;\"><strong>Hi\u1ec7u su\u1ea5t cao, \u0111\u1ea7y \u0111\u1ee7 t\u00ednh n\u0103ng\u00a0<\/strong><\/span><\/h2>\n<p><a href=\"https:\/\/www.vietcorp.com\/store\/300\/thiet-bi-luu-tru-nas-synology-ds1817\/\"><strong>Thi\u1ebft b\u1ecb l\u01b0u tr\u1eef NAS Synology DS1817<\/strong><\/a> l\u00e0 NAS 8 bays hi\u1ec7u n\u0103ng m\u1ea1nh m\u1ebd, mang l\u1ea1i t\u1ed1c \u0111\u1ed9 truy\u1ec1n d\u1eef li\u1ec7u v\u01b0\u1ee3t tr\u1ed9i. NAS Synology DS1817 t\u00edch h\u1ee3p 2 c\u1ed5ng LAN 10GbE h\u1ed7 tr\u1ee3 c\u00e1c ch\u1ee9c n\u0103ng Link Aggregation v\u00e0 chuy\u1ec3n \u0111\u1ed5i d\u1ef1 ph\u00f2ng \u0111\u1ec3 c\u00f3 hi\u1ec7u su\u1ea5t t\u1ed1i \u0111a v\u00e0 t\u00ednh li\u00ean t\u1ee5c s\u1eb5n s\u00e0ng cao.<\/p>\n<h2><span style=\"color: #0000ff;\"><strong>\u00a0Cung c\u1ea5p ph\u1ea7n c\u1ee9ng m\u1ea1nh m\u1ebd<\/strong><\/span><\/h2>\n<ul>\n<li><strong>CPU b\u1ed9 x\u1eed l\u00fd<\/strong> : Annapurna Labs Alpine\u00a0 4-core 1.7 GHz<\/li>\n<li><strong>RAM b\u1ed9 nh\u1edb<\/strong> : 4 GB DDR3L non-ECC SODIMM, l\u00ean \u0111\u1ebfn 8 GB<\/li>\n<li><strong>T\u1ed1c \u0111\u1ed9<\/strong> : \u0110\u1ecdc tu\u1ea7n t\u1ef1 1,577 MB\/s<\/li>\n<li>M\u1edf <strong>r\u1ed9ng kh\u1ea3 n\u0103ng<\/strong> : voi hai DX517, n\u00f3 c\u00f3 th\u1ec3 \u0111\u01b0\u1ee3c m\u1edf r\u1ed9ng l\u00ean 18 \u1ed5 c\u1ee9ng<\/li>\n<\/ul>\n<h2><strong><span style=\"color: #0000ff;\">Qu\u1ea3n l\u00fd v\u00e0 chia s\u1ebb t\u00e0i li\u1ec7u ho\u00e0n h\u1ea3o t\u1eeb DSM<\/span><\/strong><\/h2>\n<p>File Station l\u00e0 m\u1ed9t c\u00f4ng c\u1ee5 qu\u1ea3n l\u00fd web nhanh ch\u00f3ng v\u00e0 an to\u00e0n r\u1ea5t d\u1ec5 s\u1eed d\u1ee5ng, ph\u01b0\u01a1ng th\u1ee9c ho\u1ea1t \u0111\u1ed9ng tr\u1ef1c quan, ch\u1ec9 c\u1ea7n k\u00e9o v\u00e0 th\u1ea3, kh\u00f4ng c\u1ea7n c\u00e0i \u0111\u1eb7t ph\u1ee9c t\u1ea1p tr\u00ean Mac hay PC. C\u00e1c c\u00f4ng c\u1ee5 l\u1ecdc v\u00e0 t\u00ecm ki\u1ebfm n\u00e2ng cao c\u1ee7a n\u00f3 cho ph\u00e9p b\u1ea1n d\u1ec5 d\u00e0ng s\u1eafp x\u1ebfp v\u00e0 chia s\u1ebb d\u1eef li\u1ec7u. <a href=\"https:\/\/www.vietcorp.com\/store\/nas-synology\/\"><strong>Thi\u1ebft b\u1ecb l\u01b0u tr\u1eef NAS Synology<\/strong><\/a> h\u1ed7 tr\u1ee3 c\u00e1c giao th\u1ee9c truy\u1ec1n th\u00f4ng sau: AFP, FTP, iSCSI, NFS, SMB ho\u1eb7c WebDAV.<\/p>\n<p><img decoding=\"async\" class=\"aligncenter wp-image-3825 size-full\" src=\"https:\/\/vietcorp.com\/blog\/wp-content\/uploads\/2020\/12\/file_management_computer_01.png\" alt=\"Thi\u1ebft b\u1ecb l\u01b0u tr\u1eef NAS Synology DS1817 1\" width=\"650\" height=\"442\" \/><\/p>\n<h2><span style=\"color: #0000ff;\"><strong>Truy c\u1eadp v\u00e0 \u0111\u1ed3ng b\u1ed9 h\u00f3a c\u00e1c t\u1ec7p c\u1ee7a b\u1ea1n m\u1ed9t c\u00e1ch li\u1ec1n m\u1ea1ch<\/strong><\/span><\/h2>\n<p>Synology Drive cung c\u1ea5p m\u1ed9t c\u1ed5ng th\u00f4ng tin chung \u0111\u01b0\u1ee3c t\u00edch h\u1ee3p s\u1eb5n \u0111\u1ec3 truy c\u1eadp d\u1eef li\u1ec7u c\u1ee7a b\u1ea1n m\u1ecdi l\u00fac, m\u1ecdi n\u01a1i v\u00e0 \u0111\u1ed3ng b\u1ed9 h\u00f3a t\u1ea5t c\u1ea3 c\u00e1c t\u1ec7p c\u1ee7a b\u1ea1n tr\u00ean c\u00e1c n\u1ec1n t\u1ea3ng, bao g\u1ed3m Windows, macOS, Linux, Android v\u00e0 iOS.<\/p>\n<p><img decoding=\"async\" class=\"aligncenter wp-image-3871 size-full\" src=\"https:\/\/vietcorp.com\/blog\/wp-content\/uploads\/2020\/12\/Access.jpg\" alt=\"Thi\u1ebft b\u1ecb l\u01b0u tr\u1eef NAS Synology DS1817 2\" width=\"920\" height=\"645\" \/><\/p>\n<h2 class=\"center\"><span style=\"color: #0000ff;\"><strong>C\u1ed9ng t\u00e1c file trong th\u1eddi gian v\u1edbi cloud private c\u1ee7a b\u1ea1n<\/strong><\/span><\/h2>\n<p>Synology Office l\u00e0 m\u1ed9t gi\u1ea3i ph\u00e1p h\u00e0i h\u00f2a k\u1ebft h\u1ee3p s\u1ef1 ti\u1ec7n l\u1ee3i v\u00e0 kh\u1ea3 n\u0103ng s\u1eed d\u1ee5ng c\u1ee7a public cloud v\u1edbi quy\u1ec1n ri\u00eang t\u01b0 v\u00e0 b\u1ea3o m\u1eadt tr\u00ean cloud ri\u00eang. N\u00f3 cho ph\u00e9p c\u1ed9ng t\u00e1c li\u1ec1n m\u1ea1ch tr\u00ean c\u00e1c t\u00e0i li\u1ec7u v\u00e0 b\u1ea3ng t\u00ednh trong m\u00f4i tr\u01b0\u1eddng \u0111\u01b0\u1ee3c b\u1ea3o v\u1ec7.<\/p>\n<p><img decoding=\"async\" class=\"alignnone wp-image-3896 size-full\" src=\"https:\/\/www.vietcorp.com\/blog\/wp-content\/uploads\/2020\/12\/synology-office.png\" alt=\"Thi\u1ebft b\u1ecb l\u01b0u tr\u1eef NAS Synology DS1817 3\" width=\"1698\" height=\"634\" \/><\/p>\n<h2><strong><span style=\"color: #0000ff;\">Thi\u1ebft k\u1ebf \u0111\u1ea3m b\u1ea3o \u0111\u1ed9 tin c\u1eady cao, \u0111\u01b0\u1ee3c h\u1ed7 tr\u1ee3 b\u1edfi Synology<\/span><\/strong><\/h2>\n<p>NAS Synology DS1817 \u0111\u01b0\u1ee3c thi\u1ebft k\u1ebf \u0111\u1ec3 l\u01b0u tr\u1eef d\u1eef li\u1ec7u c\u1ee7a b\u1ea1n m\u1ed9t c\u00e1ch \u0111\u00e1ng tin c\u1eady v\u00e0 \u0111\u01b0\u1ee3c b\u1ea3o h\u00e0nh ph\u1ea7n c\u1ee9ng ba n\u0103m c\u1ee7a Synology. B\u1ea3o h\u00e0nh m\u1edf r\u1ed9ng hai n\u0103m t\u00f9y ch\u1ecdn c\u00f3 s\u1eb5n \u1edf m\u1ed9t s\u1ed1 khu v\u1ef1c v\u1edbi th\u1eddi gian b\u1ea3o hi\u1ec3m l\u00ean \u0111\u1ebfn 5 n\u0103m.<\/p>\n<p><img decoding=\"async\" class=\"aligncenter wp-image-3831 size-full\" src=\"https:\/\/vietcorp.com\/blog\/wp-content\/uploads\/2020\/12\/extended_warranty_01-1.png\" alt=\"Thi\u1ebft b\u1ecb l\u01b0u tr\u1eef NAS Synology DS1817 4\" width=\"544\" height=\"420\" \/><\/p>\n<h2><span id=\"Be_ngoai_cua_DS1520\" style=\"color: #0000ff;\"><strong>B\u1ec1 ngo\u00e0i c\u1ee7a Nas Synology DS1817<\/strong><\/span><\/h2>\n<p>&nbsp;<\/p>\n<table>\n<tbody>\n<tr>\n<td style=\"text-align: left;\"><strong>M\u1eb7t tr\u01b0\u1edbc Nas Synology DS1817<\/strong><\/td>\n<td style=\"text-align: left;\"><strong>M\u1eb7t sau Nas Synology DS1817<\/strong><\/td>\n<\/tr>\n<tr>\n<td><img decoding=\"async\" class=\"alignnone size-full wp-image-1506\" src=\"https:\/\/vietcorp.com\/store\/wp-content\/uploads\/2020\/11\/nas-synology-ds1817-backpanel_01-vietcorp.png\" alt=\"Thi\u1ebft b\u1ecb l\u01b0u tr\u1eef NAS Synology DS1817 5\" width=\"609\" height=\"296\" srcset=\"https:\/\/vietcorp.com\/store\/wp-content\/uploads\/2020\/11\/nas-synology-ds1817-backpanel_01-vietcorp.png?v=1668220047 609w, https:\/\/vietcorp.com\/store\/wp-content\/uploads\/2020\/11\/nas-synology-ds1817-backpanel_01-vietcorp-600x292.png?v=1668220047 600w, https:\/\/vietcorp.com\/store\/wp-content\/uploads\/2020\/11\/nas-synology-ds1817-backpanel_01-vietcorp-400x194.png?v=1668220047 400w, https:\/\/vietcorp.com\/store\/wp-content\/uploads\/2020\/11\/nas-synology-ds1817-backpanel_01-vietcorp-367x178.png?v=1668220047 367w\" sizes=\"(max-width: 609px) 100vw, 609px\" \/><\/td>\n<td><img decoding=\"async\" class=\"alignnone size-full wp-image-1505\" src=\"https:\/\/vietcorp.com\/store\/wp-content\/uploads\/2020\/11\/nas-synology-ds1817-backpanel_02-vietcorp.png\" alt=\"Thi\u1ebft b\u1ecb l\u01b0u tr\u1eef NAS Synology DS1817 6\" width=\"601\" height=\"296\" srcset=\"https:\/\/vietcorp.com\/store\/wp-content\/uploads\/2020\/11\/nas-synology-ds1817-backpanel_02-vietcorp.png?v=1668220050 601w, https:\/\/vietcorp.com\/store\/wp-content\/uploads\/2020\/11\/nas-synology-ds1817-backpanel_02-vietcorp-400x197.png?v=1668220050 400w, https:\/\/vietcorp.com\/store\/wp-content\/uploads\/2020\/11\/nas-synology-ds1817-backpanel_02-vietcorp-367x181.png?v=1668220050 367w\" sizes=\"(max-width: 601px) 100vw, 601px\" \/><\/td>\n<\/tr>\n<tr>\n<td>1. \u0110\u00e8n b\u00e1o tr\u1ea1ng th\u00e1i<\/td>\n<td>8. Ngu\u1ed3n \u0111i\u1ec7n<\/td>\n<\/tr>\n<tr>\n<td>2. \u0110\u00e8n b\u00e1o c\u1ea3nh b\u00e1o<\/td>\n<td>9. Khe b\u1ea3o m\u1eadt Kensington<\/td>\n<\/tr>\n<tr>\n<td>3. \u0110\u00e8n b\u00e1o tr\u1ea1ng th\u00e1i \u1ed5 \u0111\u0129a<\/td>\n<td>10. C\u1ed5ng USB 3.0<\/td>\n<\/tr>\n<tr>\n<td>4. Kh\u00f3a khay \u1ed5 c\u1ee9ng<\/td>\n<td>11. Network 10GbE RJ-45<\/td>\n<\/tr>\n<tr>\n<td>5. N\u00fat ngu\u1ed3n v\u00e0 \u0111\u00e8n b\u00e1o<\/td>\n<td>12. Network 1GbE RJ-45<\/td>\n<\/tr>\n<tr>\n<td>6. \u0110\u00e8n b\u00e1o m\u1ea1ng LAN<\/td>\n<td>13. c\u1ed5ng eSATA<\/td>\n<\/tr>\n<tr>\n<td>7. Qu\u1ea1t h\u1ec7 th\u1ed1ng<\/td>\n<td>14. N\u00fat reset<\/td>\n<\/tr>\n<\/tbody>\n<\/table>\n<p>Xem th\u00eam th\u00f4ng tin h\u1ed7 tr\u1ee3 cho <strong>thi\u1ebft b\u1ecb l\u01b0u tr\u1eef NAS Synology DS1817<\/strong><\/p>\n<ul>\n<li><a href=\"https:\/\/vietcorp.com\/support\/synology\/\">Support Synology<\/a><\/li>\n<li><a href=\"https:\/\/vietcorp.com\/blog\/tag\/tin-tuc-synology\">Tin t\u1ee9c Synology<\/a><\/li>\n<li><a href=\"https:\/\/www.vietcorp.com\/blog\/showcase\/\">Showcase s\u1ea3n ph\u1ea9m Synology<\/a><\/li>\n<\/ul>\n<p>[\/vc_column_text][\/vc_column][vc_column][\/vc_column][\/vc_row]<\/p>\n<\/section>","protected":false},"excerpt":{"rendered":"<h4 style=\"color: red;\"><strong>S\u1ea2N PH\u1ea8M NG\u1eeaNG KINH DOANH<\/strong><\/h4>\n<p><a href=\"https:\/\/www.vietcorp.com\/blog\/danh-sach-san-pham-synology-ngung-kinh-doanh-14724.html\/\">(Danh s\u00e1ch s\u1ea3n ph\u1ea9m Synology ng\u1eebng kinh doanh)<\/a><br \/>\nThi\u1ebft b\u1ecb l\u01b0u tr\u1eef NAS Synology DS1817 8 bays<br \/>\nQuad-core 1.7 GHz CPU<br \/>\n2 x 10GBASE-T and 2 x 1GbE ports<br \/>\nScale up to 18 drives<br \/>\nB\u1ea3o h\u00e0nh 36 th\u00e1ng<\/p>\n","protected":false},"featured_media":8073,"template":"","meta":[],"product_brand":[],"product_cat":[337],"product_tag":[],"class_list":{"0":"post-300","1":"product","2":"type-product","3":"status-publish","4":"has-post-thumbnail","6":"product_cat-san-pham-ngung-kinh-doanh","7":"pa_bao-hanh-36-thang","8":"pa_bo-nho-ram-4-gb","9":"pa_bo-nho-ram-mo-rong-den-8-gb","10":"pa_bo-vxl-cpu-annapurna-labs","11":"pa_chung-loai-nas","12":"pa_cong-giao-tiep-2-x-esata","13":"pa_cong-giao-tiep-2-x-rj-45-10gbe","14":"pa_cong-giao-tiep-2-x-rj-45-1gbe","15":"pa_cong-giao-tiep-2-x-usb-3-0","16":"pa_drive-bays-8-bays","17":"pa_dung-luong-chua-co-o-cung","18":"pa_form-factor-tower","19":"pa_muc-dich-su-dung-danh-cho-doanh-nghiep-lon","20":"pa_muc-dich-su-dung-danh-cho-doanh-nghiep-nho","21":"pa_muc-dich-su-dung-danh-cho-doanh-nghiep-vua","22":"pa_thuong-hieu-synology","23":"pa_tinh-nang-phan-cung-expandable-storage-capacity","24":"pa_tinh-nang-phan-cung-hot-swappable-drives","25":"pa_tinh-nang-phan-cung-upgradeable-ram","26":"pa_tinh-nang-phan-mem-synology-high-availability","28":"first","29":"outofstock","30":"taxable","31":"shipping-taxable","32":"purchasable","33":"product-type-simple"},"_links":{"self":[{"href":"https:\/\/vietcorp.com\/store\/wp-json\/wp\/v2\/product\/300","targetHints":{"allow":["GET"]}}],"collection":[{"href":"https:\/\/vietcorp.com\/store\/wp-json\/wp\/v2\/product"}],"about":[{"href":"https:\/\/vietcorp.com\/store\/wp-json\/wp\/v2\/types\/product"}],"wp:featuredmedia":[{"embeddable":true,"href":"https:\/\/vietcorp.com\/store\/wp-json\/wp\/v2\/media\/8073"}],"wp:attachment":[{"href":"https:\/\/vietcorp.com\/store\/wp-json\/wp\/v2\/media?parent=300"}],"wp:term":[{"taxonomy":"product_brand","embeddable":true,"href":"https:\/\/vietcorp.com\/store\/wp-json\/wp\/v2\/product_brand?post=300"},{"taxonomy":"product_cat","embeddable":true,"href":"https:\/\/vietcorp.com\/store\/wp-json\/wp\/v2\/product_cat?post=300"},{"taxonomy":"product_tag","embeddable":true,"href":"https:\/\/vietcorp.com\/store\/wp-json\/wp\/v2\/product_tag?post=300"}],"curies":[{"name":"wp","href":"https:\/\/api.w.org\/{rel}","templated":true}]}}