


{"id":296,"date":"2020-11-03T10:42:56","date_gmt":"2020-11-03T03:42:56","guid":{"rendered":"https:\/\/www.vietcorp.com\/store\/product\/synology-ds3617xs\/"},"modified":"2024-05-09T15:33:35","modified_gmt":"2024-05-09T08:33:35","slug":"thiet-bi-luu-tru-nas-synology-ds3617xs","status":"publish","type":"product","link":"https:\/\/vietcorp.com\/store\/296\/thiet-bi-luu-tru-nas-synology-ds3617xs\/","title":{"rendered":"Thi\u1ebft b\u1ecb l\u01b0u tr\u1eef NAS Synology DS3617xs"},"content":{"rendered":"<section class=\"wpb-content-wrapper\"><p>[vc_row][vc_column][vc_column_text]<\/p>\n<h4 style=\"color: red;\">S\u1ea3n ph\u1ea9m ng\u1eebng kinh doanh<\/h4>\n<p>S\u1ea3n ph\u1ea9m thay th\u1ebf:<\/p>\n<p>[\/vc_column_text][\/vc_column][\/vc_row][vc_row][vc_column width=&#8221;1\/2&#8243;]<div class=\"porto-sicon-box  wpb_custom_1efe903570d178ff0a9b7bfa5febd3a4 style_1 default-icon flex-wrap\"><div class=\"porto-sicon-default\"><div class=\"porto-just-icon-wrapper porto-sicon-img  porto-icon-9f5d1cfb45d27d96b50bf473aebba227\" style=\"font-size: 300px;\"><img decoding=\"async\" class=\"img-icon\" alt=\"\" src=\"https:\/\/vietcorp.com\/store\/wp-content\/uploads\/2022\/10\/nas-synology-ds3622xs6.png\" width=\"600\" height=\"600\" \/><\/div><\/div><div class=\"porto-sicon-description\" style=\"\">\n<p class=\"product_title entry-title\"><a href=\"https:\/\/www.vietcorp.com\/store\/1987\/thiet-bi-luu-tru-nas-synology-ds3622xs\/\"><strong>Synology DS3622xs+<\/strong><\/a><\/p>\n<div class=\"description woocommerce-product-details__short-description\">\n<p>Thi\u1ebft b\u1ecb l\u01b0u tr\u1eef NAS Synology DS3622xs+<br \/>\nNAS 12 khay \u1ed5 \u0111\u0129a max 36 \u1ed5 \u0111\u0129a<br \/>\n16 GB DDR4 ECC up to 48 GB<br \/>\n2 RJ-45 10GbE, 2 RJ-45 1GbE<br \/>\nB\u1ea3o h\u00e0nh 60 th\u00e1ng<\/p>\n<p>&nbsp;<\/p>\n<\/div>\n<p><\/div> <!-- description --><\/div><!-- porto-sicon-box -->[\/vc_column][vc_column width=&#8221;1\/2&#8243;]<div class=\"porto-sicon-box  wpb_custom_1efe903570d178ff0a9b7bfa5febd3a4 style_1 default-icon\"><div class=\"porto-sicon-default\"><div class=\"porto-just-icon-wrapper porto-sicon-img  porto-icon-9f5d1cfb45d27d96b50bf473aebba227\" style=\"font-size: 100px;\"><img decoding=\"async\" class=\"img-icon\" alt=\"\" src=\"http:\/\/11652\" width=\"100\" height=\"100\" \/><\/div><\/div><\/div><!-- porto-sicon-box -->[\/vc_column][\/vc_row][vc_row][vc_column][vc_column_text]<a href=\"https:\/\/www.vietcorp.com\/store\/296\/thiet-bi-luu-tru-nas-synology-ds3617xs\/\"><strong>Thi\u1ebft b\u1ecb l\u01b0u tr\u1eef NAS Synology DS3617xs<\/strong><\/a> l\u00e0 m\u1ed9t m\u00e1y ch\u1ee7 c\u00f3 hi\u1ec7u su\u1ea5t cao v\u1edbi kh\u1ea3 n\u0103ng m\u1edf r\u1ed9ng d\u1ec5 d\u00e0ng. \u0110\u01b0\u1ee3c trang b\u1ecb b\u1ed9 vi x\u1eed l\u00fd Xeon\u00a0<sup>\u00ae<\/sup> D\u00a0l\u00f5i t\u1ee9\u00a0v\u00e0 RAM 16GB DDR4 ECC, mang l\u1ea1i hi\u1ec7u su\u1ea5t \u0111\u1ecdc v\u00e0 ghi tuy\u1ec7t \u0111\u1eb9p \u0111\u1ed3ng th\u1eddi \u0111\u1ea3m b\u1ea3o \u0111\u1ed9 ch\u00ednh x\u00e1c c\u1ee7a d\u1eef li\u1ec7u khi x\u1eed l\u00fd c\u00e1c t\u00e1c v\u1ee5 quan tr\u1ecdng.<\/p>\n<h2><span style=\"color: #0000ff;\"><strong>NAS Synology DS3617xs cung c\u1ea5p ph\u1ea7n c\u1ee9ng m\u1ea1nh m\u1ebd<\/strong><\/span><\/h2>\n<ul>\n<li><strong>CPU b\u1ed9 x\u1eed l\u00fd<\/strong> : Intel Xeon D-1527 Quad-core Xeon<sup>\u00ae<\/sup>\u00a0D up to 2.7 GHz<\/li>\n<li><strong>RAM b\u1ed9 nh\u1edb<\/strong> : RAM 16GB DDR4 ECC, l\u00ean \u0111\u1ebfn 48GB<\/li>\n<li><strong>Hi\u1ec7u su\u1ea5t:<\/strong> t\u1ed1c \u0111\u1ed9 \u0111\u1ecdc tu\u1ea7n t\u1ef1 h\u01a1n 2.358 MB\/s<\/li>\n<li><strong>M\u1edf r\u1ed9ng kh\u1ea3 n\u0103ng<\/strong> : voi m\u1ed9t DX1215, n\u00f3 c\u00f3 th\u1ec3 \u0111\u01b0\u1ee3c m\u1edf r\u1ed9ng l\u00ean 36 \u1ed5 c\u1ee9ng<\/li>\n<\/ul>\n<h2><span style=\"color: #0000ff;\"><strong><a href=\"https:\/\/www.vietcorp.com\/store\/nas-synology\/\">Thi\u1ebft b\u1ecb l\u01b0u tr\u1eef NAS Synology<\/a> DS3617xs <\/strong>h\u1ed7 tr\u1ee3 n\u00e2ng c\u1ea5p card 10GbE\u00a0<\/span><\/h2>\n<p>Khe PCIe 3.0 h\u1ed7 tr\u1ee3 t\u00f9y ch\u1ecdn g\u1eafn th\u00eam card m\u1ea1ng b\u0103ng th\u00f4ng r\u1ed9ng gi\u00fap truy c\u1eadp m\u1ea1ng nhanh h\u01a1n v\u1edbi c\u01a1 s\u1edf h\u1ea1 t\u1ea7ng c\u1ee7a m\u00ecnh. C\u00f9ng v\u1edbi b\u1ed1n c\u1ed5ng Gigabit t\u00edch h\u1ee3p,Synology DS3617xs cung c\u1ea5p k\u1ebft n\u1ed1i to\u00e0n di\u1ec7n v\u00e0 c\u1ea5u h\u00ecnh chuy\u1ec3n \u0111\u1ed5i d\u1ef1 ph\u00f2ng.<\/p>\n<p>&nbsp;<\/p>\n<h2 style=\"text-align: center;\"><strong><span style=\"color: #0000ff;\">B\u1ea3o h\u00e0nh 5 n\u0103m<\/span><\/strong><\/h2>\n<table>\n<tbody>\n<tr>\n<td><img decoding=\"async\" class=\"alignnone wp-image-1288 size-full\" src=\"https:\/\/vietcorp.com\/store\/wp-content\/uploads\/2020\/11\/5year_warranty_02-1.png\" alt=\"Thi\u1ebft b\u1ecb l\u01b0u tr\u1eef NAS Synology DS3617xs 1\" width=\"199\" height=\"169\" \/><\/td>\n<td>Ch\u00fang t\u00f4i cam k\u1ebft v\u1ec1 ch\u1ea5t l\u01b0\u1ee3ng s\u1ea3n ph\u1ea9m, \u0111\u1ea3m b\u1ea3o tr\u1ea3i nghi\u1ec7m qu\u1ea3n l\u00fd d\u1eef li\u1ec7u m\u1ea1nh m\u1ebd v\u00e0 \u0111\u00e1ng tin c\u1eady v\u1edbi g\u00f3i b\u1ea3o h\u00e0nh 5 n\u0103m, cung c\u1ea5p d\u1ecbch v\u1ee5 h\u1ed7 tr\u1ee3 k\u1ef9 thu\u1eadt \u0111\u00e1p \u1ee9ng \u0111\u1ec3 t\u1ed1i \u0111a h\u00f3a l\u1ee3i t\u1ee9c \u0111\u1ea7u t\u01b0 c\u1ee7a b\u1ea1n.<\/td>\n<\/tr>\n<\/tbody>\n<\/table>\n<h2 style=\"text-align: center;\"><span style=\"color: #0000ff;\"><strong>B\u1ea3o v\u1ec7 d\u1eef li\u1ec7u k\u1ef9 thu\u1eadt s\u1ed1<\/strong><\/span><\/h2>\n<p>Synology DS3617xs cung c\u1ea5p c\u00e1c bi\u1ec7n ph\u00e1p b\u1ea3o m\u1eadt ti\u00ean ti\u1ebfn \u0111\u1ec3 b\u1ea3o v\u1ec7 kh\u1ecfi m\u1ea5t d\u1eef li\u1ec7u \u0111\u1ed9t ng\u1ed9t v\u00e0 c\u00e1c l\u1ed7 h\u1ed5ng b\u1ea3o m\u1eadt ti\u1ec1m \u1ea9n.<\/p>\n<p><img decoding=\"async\" class=\"size-full wp-image-1560 aligncenter\" src=\"https:\/\/vietcorp.com\/store\/wp-content\/uploads\/2020\/11\/vietcorp-phan-phoi-nas-synology-ds3617xs-asset_protection_bg.png\" alt=\"Thi\u1ebft b\u1ecb l\u01b0u tr\u1eef NAS Synology DS3617xs 2\" width=\"760\" height=\"426\" srcset=\"https:\/\/vietcorp.com\/store\/wp-content\/uploads\/2020\/11\/vietcorp-phan-phoi-nas-synology-ds3617xs-asset_protection_bg.png?v=1668219981 760w, https:\/\/vietcorp.com\/store\/wp-content\/uploads\/2020\/11\/vietcorp-phan-phoi-nas-synology-ds3617xs-asset_protection_bg-600x336.png?v=1668219981 600w, https:\/\/vietcorp.com\/store\/wp-content\/uploads\/2020\/11\/vietcorp-phan-phoi-nas-synology-ds3617xs-asset_protection_bg-640x359.png?v=1668219981 640w, https:\/\/vietcorp.com\/store\/wp-content\/uploads\/2020\/11\/vietcorp-phan-phoi-nas-synology-ds3617xs-asset_protection_bg-400x224.png?v=1668219981 400w, https:\/\/vietcorp.com\/store\/wp-content\/uploads\/2020\/11\/vietcorp-phan-phoi-nas-synology-ds3617xs-asset_protection_bg-367x206.png?v=1668219981 367w\" sizes=\"(max-width: 760px) 100vw, 760px\" \/><\/p>\n<h2 style=\"text-align: center;\"><strong><span style=\"color: #0000ff;\"><span style=\"vertical-align: inherit;\">\u0110\u1ea7y \u0111\u1ee7 gi\u1ea3i ph\u00e1p ch\u1ee9ng nh\u1eadn \u1ea3o h\u00f3a<\/span><\/span><\/strong><\/h2>\n<p><span style=\"vertical-align: inherit;\">Synology gi\u1ea3i ph\u00e1p l\u01b0u tr\u1eef iSCSI archive. Vi\u1ec7c t\u00edch h\u1ee3p VMware vSphere 6 v\u00e0 VAAI c\u00f3 th\u1ec3 gi\u1ea3m t\u1ea3i ho\u1ea1t \u0111\u1ed9ng l\u01b0u tr\u1eef c\u00f4ng c\u1ee5 c\u00f3 th\u1ec3 v\u00e0 t\u1ed1i \u01b0u h\u00f3a hi\u1ec7u su\u1ea5t m\u00e1y t\u00ednh. Windows Offloaded Data Transfer (ODX) c\u1ea3i thi\u1ec7n hi\u1ec7u qu\u1ea3 x\u1ee9ng \u0111\u00e1ng c\u1ee7a c\u00f4ng vi\u1ec7c v\u00e0 truy\u1ec1n d\u1eef li\u1ec7u. H\u1ed7 tr\u1ee3 OpenStack Cinder c\u0169ng c\u00f3 th\u1ec3 \u0111\u1ecbnh c\u1ea5u h\u00ecnh c\u1ee7a b\u1ea1n NAS Synology nh\u01b0 m\u1ed9t thi\u1ebft b\u1ecb l\u01b0u tr\u1eef ph\u00e2n \u0111o\u1ea1n kh\u1ed1i.<\/span><img decoding=\"async\" class=\"aligncenter wp-image-3826 size-full\" src=\"https:\/\/vietcorp.com\/blog\/wp-content\/uploads\/2020\/12\/vmware.jpg\" alt=\"Thi\u1ebft b\u1ecb l\u01b0u tr\u1eef NAS Synology DS3617xs 3\" width=\"768\" height=\"291\" \/><\/p>\n<h2><span id=\"Be_ngoai_cua_DS1520\" style=\"color: #0000ff;\"><strong>B\u1ec1 ngo\u00e0i c\u1ee7a Nas Synology DS3617xs<\/strong><\/span><\/h2>\n<p>&nbsp;<\/p>\n<table>\n<tbody>\n<tr>\n<td style=\"text-align: left;\"><strong>M\u1eb7t tr\u01b0\u1edbc Nas Synology DS3617xs<\/strong><\/td>\n<td style=\"text-align: left;\"><strong>M\u1eb7t sau Nas Synology DS3617xs<\/strong><\/td>\n<\/tr>\n<tr>\n<td><img decoding=\"async\" class=\"alignnone wp-image-1557 size-full\" src=\"https:\/\/vietcorp.com\/store\/wp-content\/uploads\/2020\/11\/vietcorp-phan-phoi-nas-synology-ds3617xs-backpanel_01.png\" alt=\"Vietcorp ph\u00e2n ph\u1ed1i NAS Synology DS3617xs\" width=\"383\" height=\"288\" srcset=\"https:\/\/vietcorp.com\/store\/wp-content\/uploads\/2020\/11\/vietcorp-phan-phoi-nas-synology-ds3617xs-backpanel_01.png?v=1668219982 383w, https:\/\/vietcorp.com\/store\/wp-content\/uploads\/2020\/11\/vietcorp-phan-phoi-nas-synology-ds3617xs-backpanel_01-367x276.png?v=1668219982 367w\" sizes=\"(max-width: 383px) 100vw, 383px\" \/><\/td>\n<td><img decoding=\"async\" class=\"alignnone wp-image-1556 size-full\" src=\"https:\/\/vietcorp.com\/store\/wp-content\/uploads\/2020\/11\/vietcorp-phan-phoi-nas-synology-ds3617xs-backpanel_02.png\" alt=\"Vietcorp ph\u00e2n ph\u1ed1i NAS Synology DS3617xs2\" width=\"385\" height=\"288\" srcset=\"https:\/\/vietcorp.com\/store\/wp-content\/uploads\/2020\/11\/vietcorp-phan-phoi-nas-synology-ds3617xs-backpanel_02.png?v=1668219984 385w, https:\/\/vietcorp.com\/store\/wp-content\/uploads\/2020\/11\/vietcorp-phan-phoi-nas-synology-ds3617xs-backpanel_02-367x275.png?v=1668219984 367w\" sizes=\"(max-width: 385px) 100vw, 385px\" \/><\/td>\n<\/tr>\n<tr>\n<td>1. \u0110\u00e8n b\u00e1o tr\u1ea1ng th\u00e1i<\/td>\n<td>8. Khe c\u1eafm PCIe 3.0<\/td>\n<\/tr>\n<tr>\n<td>2. \u0110\u00e8n c\u1ea3nh b\u00e1o<\/td>\n<td>9. C\u1ed5ng USB 3.0<\/td>\n<\/tr>\n<tr>\n<td>3. \u0110\u00e8n b\u00e1o tr\u1ea1ng th\u00e1i \u1ed5 \u0111\u0129a<\/td>\n<td>10. C\u1ed5ng m\u1edf r\u1ed9ng<\/td>\n<\/tr>\n<tr>\n<td>4. \u1ed4 kh\u00f3a khay<\/td>\n<td>11. N\u00fat reset<\/td>\n<\/tr>\n<tr>\n<td>5. N\u00fat ngu\u1ed3n v\u00e0 \u0111\u00e8n b\u00e1o<\/td>\n<td>12. Console port<\/td>\n<\/tr>\n<tr>\n<td>6. \u0110\u00e8n b\u00e1o m\u1ea1ng LAN<\/td>\n<td>13. Network 1GbE RJ-45<\/td>\n<\/tr>\n<tr>\n<td>7. Qu\u1ea1t h\u1ec7 th\u1ed1ng<\/td>\n<td>14. Ngu\u1ed3n \u0111i\u1ec7n<\/td>\n<\/tr>\n<\/tbody>\n<\/table>\n<p>Xem th\u00eam th\u00f4ng tin h\u1ed7 tr\u1ee3 cho <strong>thi\u1ebft b\u1ecb l\u01b0u tr\u1eef NAS Synology DS3617xs<\/strong><\/p>\n<ul>\n<li><a href=\"https:\/\/vietcorp.com\/support\/synology\/\">Support Synology<\/a><\/li>\n<li><a href=\"https:\/\/vietcorp.com\/blog\/tag\/tin-tuc-synology\">Tin t\u1ee9c Synology<\/a><\/li>\n<li><a href=\"https:\/\/www.vietcorp.com\/blog\/showcase\/\">Showcase s\u1ea3n ph\u1ea9m Synology<\/a><\/li>\n<\/ul>\n<p>G\u1ee3i \u00fd s\u1ea3n ph\u1ea9m NAS Synology thay th\u1ebf:<\/p>\n<p>[\/vc_column_text][\/vc_column][\/vc_row][vc_row][vc_column width=&#8221;1\/2&#8243;]<div class=\"porto-sicon-box  wpb_custom_1efe903570d178ff0a9b7bfa5febd3a4 style_1 default-icon flex-wrap\"><div class=\"porto-sicon-default\"><div class=\"porto-just-icon-wrapper porto-sicon-img  porto-icon-9f5d1cfb45d27d96b50bf473aebba227\" style=\"font-size: 300px;\"><img decoding=\"async\" class=\"img-icon\" alt=\"\" src=\"https:\/\/vietcorp.com\/store\/wp-content\/uploads\/2022\/10\/nas-synology-ds3622xs6.png\" width=\"600\" height=\"600\" \/><\/div><\/div><div class=\"porto-sicon-description\" style=\"\">\n<p class=\"product_title entry-title\"><a href=\"https:\/\/www.vietcorp.com\/store\/1987\/thiet-bi-luu-tru-nas-synology-ds3622xs\/\"><strong>Synology DS3622xs+<\/strong><\/a><\/p>\n<div class=\"description woocommerce-product-details__short-description\">\n<p>Thi\u1ebft b\u1ecb l\u01b0u tr\u1eef NAS Synology DS3622xs+<br \/>\nNAS 12 khay \u1ed5 \u0111\u0129a max 36 \u1ed5 \u0111\u0129a<br \/>\n16 GB DDR4 ECC up to 48 GB<br \/>\n2 RJ-45 10GbE, 2 RJ-45 1GbE<br \/>\nB\u1ea3o h\u00e0nh 60 th\u00e1ng<\/p>\n<\/div>\n<p><\/div> <!-- description --><\/div><!-- porto-sicon-box -->[\/vc_column][vc_column width=&#8221;1\/2&#8243;]<div class=\"porto-sicon-box  wpb_custom_1efe903570d178ff0a9b7bfa5febd3a4 style_1 default-icon\"><div class=\"porto-sicon-default\"><div class=\"porto-just-icon-wrapper porto-sicon-img  porto-icon-9f5d1cfb45d27d96b50bf473aebba227\" style=\"font-size: 100px;\"><img decoding=\"async\" class=\"img-icon\" alt=\"\" src=\"http:\/\/11652\" width=\"100\" height=\"100\" \/><\/div><\/div><\/div><!-- porto-sicon-box -->[\/vc_column][\/vc_row][vc_row][vc_column][vc_column_text]<strong>Li\u00ean h\u1ec7 Vietcorp \u0111\u1ec3 mua thi\u1ebft b\u1ecb l\u01b0u tr\u1eef NAS t\u1ed1t nh\u1ea5t:<\/strong><br \/>\nwww.vietcorp.com 0814 247 247[\/vc_column_text][\/vc_column][\/vc_row][vc_row][vc_column][vc_column_text]<\/p>\n<p>[\/vc_column_text][\/vc_column][\/vc_row]<\/p>\n<\/section>","protected":false},"excerpt":{"rendered":"<h4 style=\"color: red;\"><strong>S\u1ea2N PH\u1ea8M NG\u1eeaNG KINH DOANH<\/strong><\/h4>\n<p><a href=\"https:\/\/www.vietcorp.com\/blog\/danh-sach-san-pham-synology-ngung-kinh-doanh-14724.html\/\">(Danh s\u00e1ch s\u1ea3n ph\u1ea9m Synology ng\u1eebng kinh doanh)<\/a><\/p>\n<p>Thi\u1ebft b\u1ecb l\u01b0u tr\u1eef NAS Synology DS3617xs 12 bays<br \/>\n4-core 2.2 (base) \/ 2.7 (turbo) GHz CPU<br \/>\n4 x 1GbE RJ-45 ports<br \/>\nRAM 16 GB DDR4 ECC SODIMM<br \/>\nB\u1ea3o h\u00e0nh 60 th\u00e1ng<\/p>\n","protected":false},"featured_media":8059,"template":"","meta":[],"product_brand":[],"product_cat":[337],"product_tag":[],"class_list":{"0":"post-296","1":"product","2":"type-product","3":"status-publish","4":"has-post-thumbnail","6":"product_cat-san-pham-ngung-kinh-doanh","7":"pa_bao-hanh-60-thang","8":"pa_bo-nho-ram-16-gb","9":"pa_bo-nho-ram-mo-rong-den-48-gb","10":"pa_bo-vxl-cpu-intel-xeon","11":"pa_chung-loai-nas","12":"pa_cong-giao-tiep-2-x-expansion-port","13":"pa_cong-giao-tiep-2-x-usb-3-0","14":"pa_cong-giao-tiep-4-x-rj-45-1gbe","15":"pa_drive-bays-12-bays","16":"pa_dung-luong-chua-co-o-cung","17":"pa_form-factor-tower","18":"pa_muc-dich-su-dung-danh-cho-doanh-nghiep-lon","19":"pa_muc-dich-su-dung-danh-cho-doanh-nghiep-vua","20":"pa_thuong-hieu-synology","21":"pa_tinh-nang-phan-cung-64-bit-architecture","22":"pa_tinh-nang-phan-cung-encryption-engine-aes-ni","23":"pa_tinh-nang-phan-cung-expandable-storage-capacity","24":"pa_tinh-nang-phan-cung-hot-swappable-drives","25":"pa_tinh-nang-phan-cung-upgradeable-ram","26":"pa_tinh-nang-phan-mem-active-backup-for-business","27":"pa_tinh-nang-phan-mem-btrfs-file-system","28":"pa_tinh-nang-phan-mem-mailplus","29":"pa_tinh-nang-phan-mem-raid-f1","30":"pa_tinh-nang-phan-mem-snapshot-replication","31":"pa_tinh-nang-phan-mem-synology-high-availability","32":"pa_tinh-nang-phan-mem-virtual-machine-manager","34":"first","35":"outofstock","36":"taxable","37":"shipping-taxable","38":"product-type-simple"},"_links":{"self":[{"href":"https:\/\/vietcorp.com\/store\/wp-json\/wp\/v2\/product\/296","targetHints":{"allow":["GET"]}}],"collection":[{"href":"https:\/\/vietcorp.com\/store\/wp-json\/wp\/v2\/product"}],"about":[{"href":"https:\/\/vietcorp.com\/store\/wp-json\/wp\/v2\/types\/product"}],"wp:featuredmedia":[{"embeddable":true,"href":"https:\/\/vietcorp.com\/store\/wp-json\/wp\/v2\/media\/8059"}],"wp:attachment":[{"href":"https:\/\/vietcorp.com\/store\/wp-json\/wp\/v2\/media?parent=296"}],"wp:term":[{"taxonomy":"product_brand","embeddable":true,"href":"https:\/\/vietcorp.com\/store\/wp-json\/wp\/v2\/product_brand?post=296"},{"taxonomy":"product_cat","embeddable":true,"href":"https:\/\/vietcorp.com\/store\/wp-json\/wp\/v2\/product_cat?post=296"},{"taxonomy":"product_tag","embeddable":true,"href":"https:\/\/vietcorp.com\/store\/wp-json\/wp\/v2\/product_tag?post=296"}],"curies":[{"name":"wp","href":"https:\/\/api.w.org\/{rel}","templated":true}]}}