


{"id":2932,"date":"2022-11-21T11:50:26","date_gmt":"2022-11-21T04:50:26","guid":{"rendered":"https:\/\/www.vietcorp.com\/store\/?post_type=product&#038;p=2932"},"modified":"2026-04-21T14:49:05","modified_gmt":"2026-04-21T07:49:05","slug":"ncomputing-ex500","status":"publish","type":"product","link":"https:\/\/vietcorp.com\/store\/2932\/ncomputing-ex500\/","title":{"rendered":"NComputing EX500"},"content":{"rendered":"<p><img decoding=\"async\" class=\"aligncenter size-full wp-image-2938\" src=\"https:\/\/www.vietcorp.com\/store\/wp-content\/uploads\/2022\/11\/ncomputing-ex-500-13.jpg\" alt=\"\" width=\"800\" height=\"256\" srcset=\"https:\/\/vietcorp.com\/store\/wp-content\/uploads\/2022\/11\/ncomputing-ex-500-13.jpg 800w, https:\/\/vietcorp.com\/store\/wp-content\/uploads\/2022\/11\/ncomputing-ex-500-13-600x192.jpg 600w, https:\/\/vietcorp.com\/store\/wp-content\/uploads\/2022\/11\/ncomputing-ex-500-13-768x246.jpg 768w, https:\/\/vietcorp.com\/store\/wp-content\/uploads\/2022\/11\/ncomputing-ex-500-13-640x205.jpg 640w, https:\/\/vietcorp.com\/store\/wp-content\/uploads\/2022\/11\/ncomputing-ex-500-13-400x128.jpg 400w, https:\/\/vietcorp.com\/store\/wp-content\/uploads\/2022\/11\/ncomputing-ex-500-13-367x117.jpg 367w\" sizes=\"(max-width: 800px) 100vw, 800px\" \/><\/p>\n<p><strong>C\u1ea5u h\u00ecnh NComputing EX500:<\/strong><\/p>\n<ul>\n<li>H\u00c3NG: Ncomputing<\/li>\n<li>FIRMWARE MAINTENANCE: <span class=\"fontstyle0\">LEAF OS<\/span><\/li>\n<li><span class=\"fontstyle0\">CPU: <\/span><span class=\"fontstyle2\">Intel Celeron J3455 Quad-Core 1.5GHz (2.3 GHz Burst Frequency)<\/span><\/li>\n<li>MEMORY: 4GB DDR SDRAM<\/li>\n<li>STORAGE: 64GB eMMC<\/li>\n<li>DISPLAY: Intel HD graphics 500 supporting resolutions up to 3840 x 2160 @ 30Hz in dual display<br \/>\nmode. (2x HDMI ports)<\/li>\n<li><span class=\"fontstyle0\">NETWORK AND CONNECTIVITY: <\/span><span class=\"fontstyle2\">LAN (RJ-45 10\/100\/1000 Base-T) Built-in Bluetooth v4.2 (feature support in Q4 2022) and 802.11 a\/b\/g\/n\/ac dual band WiFi<br \/>\nmodule<\/span><\/li>\n<li>B\u1ea3o h\u00e0nh 12 th\u00e1ng<\/li>\n<\/ul>\n<h3><strong>M\u00c1Y KH\u00c1CH M\u1eceNG X86-64 S\u1eb4N S\u00c0NG CHO DOANH NGHI\u1ec6P D\u00c0NH CHO C\u00c1C N\u1ec0N T\u1ea2NG \u1ea2O H\u00d3A M\u00c1Y T\u00cdNH \u0110\u1ec2 B\u00c0N CITRIX, MICROSOFT V\u00c0 NCOMPUTING.<\/strong><\/h3>\n<p>M\u00e1y kh\u00e1ch m\u1ecfng EX500 \u0111\u01b0\u1ee3c t\u1ed1i \u01b0u h\u00f3a ho\u00e0n to\u00e0n cho nhi\u1ec1u n\u1ec1n t\u1ea3ng \u1ea3o h\u00f3a mang l\u1ea1i hi\u1ec7u su\u1ea5t v\u00e0 gi\u00e1 tr\u1ecb v\u01b0\u1ee3t tr\u1ed9i b\u1eb1ng c\u00e1ch s\u1eed d\u1ee5ng ki\u1ebfn \u200b\u200btr\u00fac CPU x86-64. C\u00e1c t\u00ednh n\u0103ng bao g\u1ed3m video 4K Ultra HD, c\u1ed5ng m\u00e0n h\u00ecnh k\u00e9p, Ethernet gigabit, Bluetooth, h\u1ed7 tr\u1ee3 ngo\u1ea1i vi r\u1ed9ng v\u00e0 Wi-Fi, t\u1ea5t c\u1ea3 \u0111\u1ec1u \u0111\u01b0\u1ee3c \u0111i\u1ec1u khi\u1ec3n b\u1edfi ph\u1ea7n m\u1ec1m qu\u1ea3n l\u00fd thi\u1ebft b\u1ecb c\u1ea5p doanh nghi\u1ec7p\u2013m\u1ed9t n\u1ec1n t\u1ea3ng ho\u00e0n h\u1ea3o cho nh\u00e2n vi\u00ean tri th\u1ee9c trong to\u00e0n t\u1ed5 ch\u1ee9c.<\/p>\n<p><strong>T\u1ed0I \u01afU H\u00d3A \u0110A N\u1ec0N T\u1ea2NG<\/strong><\/p>\n<p><img decoding=\"async\" class=\"aligncenter size-full wp-image-2939\" src=\"https:\/\/www.vietcorp.com\/store\/wp-content\/uploads\/2022\/11\/ncomputing-ex-500-6.jpg\" alt=\"\" width=\"800\" height=\"196\" srcset=\"https:\/\/vietcorp.com\/store\/wp-content\/uploads\/2022\/11\/ncomputing-ex-500-6.jpg 800w, https:\/\/vietcorp.com\/store\/wp-content\/uploads\/2022\/11\/ncomputing-ex-500-6-600x147.jpg 600w, https:\/\/vietcorp.com\/store\/wp-content\/uploads\/2022\/11\/ncomputing-ex-500-6-768x188.jpg 768w, https:\/\/vietcorp.com\/store\/wp-content\/uploads\/2022\/11\/ncomputing-ex-500-6-640x157.jpg 640w, https:\/\/vietcorp.com\/store\/wp-content\/uploads\/2022\/11\/ncomputing-ex-500-6-400x98.jpg 400w, https:\/\/vietcorp.com\/store\/wp-content\/uploads\/2022\/11\/ncomputing-ex-500-6-367x90.jpg 367w\" sizes=\"(max-width: 800px) 100vw, 800px\" \/><\/p>\n<p><strong>H\u1ed6 TR\u1ee2 4K ULTRA HD, M\u00c0N H\u00ccNH K\u00c9P G\u1ed0C<\/strong><\/p>\n<p><img decoding=\"async\" class=\"aligncenter size-full wp-image-2943\" src=\"https:\/\/www.vietcorp.com\/store\/wp-content\/uploads\/2022\/11\/ncomputing-ex-500-10.jpg\" alt=\"\" width=\"800\" height=\"467\" srcset=\"https:\/\/vietcorp.com\/store\/wp-content\/uploads\/2022\/11\/ncomputing-ex-500-10.jpg 800w, https:\/\/vietcorp.com\/store\/wp-content\/uploads\/2022\/11\/ncomputing-ex-500-10-600x350.jpg 600w, https:\/\/vietcorp.com\/store\/wp-content\/uploads\/2022\/11\/ncomputing-ex-500-10-768x448.jpg 768w, https:\/\/vietcorp.com\/store\/wp-content\/uploads\/2022\/11\/ncomputing-ex-500-10-640x374.jpg 640w, https:\/\/vietcorp.com\/store\/wp-content\/uploads\/2022\/11\/ncomputing-ex-500-10-400x234.jpg 400w, https:\/\/vietcorp.com\/store\/wp-content\/uploads\/2022\/11\/ncomputing-ex-500-10-367x214.jpg 367w\" sizes=\"(max-width: 800px) 100vw, 800px\" \/><\/p>\n<p>\u0110\u01b0\u1ee3c h\u1ed7 tr\u1ee3 b\u1edfi ki\u1ebfn \u200b\u200btr\u00fac CPU Intel x86-64 (Intel Celeron J3455 l\u00f5i t\u1ee9 1,5Ghz v\u1edbi t\u1ea7n s\u1ed1 xung l\u00ean t\u1edbi 2,3Ghz) v\u00e0 h\u1ec7 \u0111i\u1ec1u h\u00e0nh LEAF, EX500 cung c\u1ea5p kh\u1ea3 n\u0103ng \u0111a ph\u01b0\u01a1ng ti\u1ec7n \u0111\u1eb7c bi\u1ec7t theo y\u00eau c\u1ea7u c\u1ee7a nh\u00e2n vi\u00ean tri th\u1ee9c v\u1edbi \u0111\u1ed9 ph\u00e2n gi\u1ea3i l\u00ean t\u1edbi 4K Ultra HD (3840&#215;2160) \u1edf ch\u1ebf \u0111\u1ed9 g\u1ed1c m\u00e0n h\u00ecnh k\u00e9p. EX500 n\u1ed5i b\u1eadt v\u1edbi kh\u1ea3 n\u0103ng hi\u1ec3n th\u1ecb k\u00e9p th\u00f4ng qua hai c\u1ed5ng HDMI.<\/p>\n<h3><strong>PH\u1ea6N M\u1ec0M QU\u1ea2N L\u00dd TRUNG T\u00c2M GI\u00daP M\u1eccI TH\u1ee8 \u0110\u01af\u1ee2C T\u1ed0I \u01afU H\u00d3A<\/strong><\/h3>\n<p><img decoding=\"async\" class=\"aligncenter size-full wp-image-2941\" src=\"https:\/\/www.vietcorp.com\/store\/wp-content\/uploads\/2022\/11\/ncomputing-ex-500-8.jpg\" alt=\"\" width=\"800\" height=\"374\" srcset=\"https:\/\/vietcorp.com\/store\/wp-content\/uploads\/2022\/11\/ncomputing-ex-500-8.jpg 800w, https:\/\/vietcorp.com\/store\/wp-content\/uploads\/2022\/11\/ncomputing-ex-500-8-600x281.jpg 600w, https:\/\/vietcorp.com\/store\/wp-content\/uploads\/2022\/11\/ncomputing-ex-500-8-768x359.jpg 768w, https:\/\/vietcorp.com\/store\/wp-content\/uploads\/2022\/11\/ncomputing-ex-500-8-640x299.jpg 640w, https:\/\/vietcorp.com\/store\/wp-content\/uploads\/2022\/11\/ncomputing-ex-500-8-400x187.jpg 400w, https:\/\/vietcorp.com\/store\/wp-content\/uploads\/2022\/11\/ncomputing-ex-500-8-367x172.jpg 367w\" sizes=\"(max-width: 800px) 100vw, 800px\" \/><\/p>\n<p>PMC gi\u1ea3m \u0111\u00e1ng k\u1ec3 chi ph\u00ed h\u00e0nh ch\u00ednh c\u1ea7n thi\u1ebft \u0111\u1ec3 duy tr\u00ec v\u00e0 ki\u1ec3m so\u00e1t m\u00f4i tr\u01b0\u1eddng. T\u1ed5ng quan v\u1ec1 b\u1ea3ng \u0111i\u1ec1u khi\u1ec3n v\u00e0 nh\u1eadt k\u00fd s\u1ef1 ki\u1ec7n chi ti\u1ebft cung c\u1ea5p th\u00f4ng tin c\u00f3 gi\u00e1 tr\u1ecb v\u1ec1 vi\u1ec7c tri\u1ec3n khai. X\u00e1c \u0111\u1ecbnh c\u1ea5u h\u00ecnh h\u1ed3 s\u01a1 thi\u1ebft b\u1ecb v\u00e0 \u0111\u1ea9y t\u1edbi c\u00e1c thi\u1ebft b\u1ecb ri\u00eang l\u1ebb ho\u1eb7c \u0111\u01b0\u1ee3c nh\u00f3m. L\u00ean l\u1ecbch c\u1eadp nh\u1eadt bao g\u1ed3m c\u1ea3 ch\u01b0\u01a1ng tr\u00ecnh c\u01a1 s\u1edf cho c\u00e1c kho\u1ea3ng th\u1eddi gian t\u1ed1i \u01b0u. \u0110\u0103ng nh\u1eadp t\u1eeb xa cho qu\u1ea3n tr\u1ecb vi\u00ean cho m\u1ee5c \u0111\u00edch kh\u1eafc ph\u1ee5c s\u1ef1 c\u1ed1. D\u1ec5 s\u1eed d\u1ee5ng cho c\u00e1c t\u1ed5 ch\u1ee9c nh\u1ecf h\u01a1n nh\u01b0ng v\u1eabn \u0111\u1ee7 m\u1ea1nh \u0111\u1ec3 qu\u1ea3n l\u00fd c\u00e1c tri\u1ec3n khai l\u1edbn tr\u00ean nhi\u1ec1u t\u1ed5 ch\u1ee9c tr\u00ean nhi\u1ec1u v\u1ecb tr\u00ed \u0111\u1ecba l\u00fd.<\/p>\n<h3><strong>H\u1ed6 TR\u1ee2 THI\u1ebeT B\u1eca NGO\u1ea0I VI USB R\u1ed8NG<\/strong><\/h3>\n<p><img decoding=\"async\" class=\"aligncenter size-full wp-image-2946\" src=\"https:\/\/www.vietcorp.com\/store\/wp-content\/uploads\/2022\/11\/ncomputing-ex-500-14.jpg\" alt=\"\" width=\"600\" height=\"567\" srcset=\"https:\/\/vietcorp.com\/store\/wp-content\/uploads\/2022\/11\/ncomputing-ex-500-14.jpg 600w, https:\/\/vietcorp.com\/store\/wp-content\/uploads\/2022\/11\/ncomputing-ex-500-14-400x378.jpg 400w, https:\/\/vietcorp.com\/store\/wp-content\/uploads\/2022\/11\/ncomputing-ex-500-14-367x347.jpg 367w\" sizes=\"(max-width: 600px) 100vw, 600px\" \/><\/p>\n<p>EX500 cho ph\u00e9p chuy\u1ec3n h\u01b0\u1edbng r\u00f5 r\u00e0ng c\u00e1c thi\u1ebft b\u1ecb ngo\u1ea1i vi USB (v\u00e0 h\u1ed7 tr\u1ee3 tr\u00ecnh \u0111i\u1ec1u khi\u1ec3n x86) cho b\u1ed9 l\u01b0u tr\u1eef dung l\u01b0\u1ee3ng l\u1edbn, m\u00e1y in, m\u00e1y qu\u00e9t, \u0111\u1ea7u \u0111\u1ecdc th\u1ebb th\u00f4ng minh, tai nghe ho\u1eb7c loa, webcam, c\u1ed5ng COM v\u00e0 chu\u1ed9t 3D ngo\u00e0i b\u00e0n ph\u00edm v\u00e0 chu\u1ed9t ti\u00eau chu\u1ea9n. M\u00e1y in \u0111\u01b0\u1ee3c k\u1ebft n\u1ed1i m\u1ea1ng c\u0169ng c\u00f3 th\u1ec3 \u0111\u01b0\u1ee3c chuy\u1ec3n h\u01b0\u1edbng \u0111\u1ebfn phi\u00ean \u1ea3o h\u00f3a m\u00e1y t\u00ednh \u0111\u1ec3 b\u00e0n.<\/p>\n<p><strong>H\u1ed6 TR\u1ee2 \u1ee8NG D\u1ee4NG C\u1ee4C B\u1ed8<\/strong><\/p>\n<p><img decoding=\"async\" class=\"aligncenter size-full wp-image-2944\" src=\"https:\/\/www.vietcorp.com\/store\/wp-content\/uploads\/2022\/11\/ncomputing-ex-500-11.jpg\" alt=\"\" width=\"600\" height=\"600\" srcset=\"https:\/\/vietcorp.com\/store\/wp-content\/uploads\/2022\/11\/ncomputing-ex-500-11.jpg 600w, https:\/\/vietcorp.com\/store\/wp-content\/uploads\/2022\/11\/ncomputing-ex-500-11-400x400.jpg 400w, https:\/\/vietcorp.com\/store\/wp-content\/uploads\/2022\/11\/ncomputing-ex-500-11-560x560.jpg 560w, https:\/\/vietcorp.com\/store\/wp-content\/uploads\/2022\/11\/ncomputing-ex-500-11-367x367.jpg 367w\" sizes=\"(max-width: 600px) 100vw, 600px\" \/><\/p>\n<p>LEAF OS bao g\u1ed3m c\u00e1c \u1ee9ng d\u1ee5ng c\u1ee5c b\u1ed9 ch\u1ecdn l\u1ecdc ch\u1ea1y tr\u00ean thi\u1ebft b\u1ecb, kh\u00f4ng th\u00f4ng qua n\u1ec1n t\u1ea3ng \u1ea3o h\u00f3a. Truy c\u1eadp tr\u1ef1c ti\u1ebfp v\u00e0o web th\u00f4ng qua Tr\u00ecnh duy\u1ec7t Chromium gi\u00fap lo\u1ea1i b\u1ecf \u0111\u1ed9 tr\u1ec5 \u1ea3o h\u00f3a. Microsoft Teams v\u00e0 Zoom \u0111\u1ec1u \u0111\u01b0\u1ee3c h\u01b0\u1edfng l\u1ee3i t\u1eeb vi\u1ec7c chuy\u1ec3n ti\u1ebfp \u00e2m thanh\/video tr\u1ef1c ti\u1ebfp, lo\u1ea1i b\u1ecf nh\u1eefng lo ng\u1ea1i chung v\u1ec1 h\u1ed9i th\u1ea3o tr\u00ean web th\u00f4ng qua c\u00e1c n\u1ec1n t\u1ea3ng \u1ea3o. C\u00e1c \u1ee9ng d\u1ee5ng Linux b\u1ed5 sung c\u1ee7a b\u00ean th\u1ee9 3 c\u00f3 th\u1ec3 \u0111\u01b0\u1ee3c c\u00e0i \u0111\u1eb7t trong LEAF OS th\u00f4ng qua h\u1ed7 tr\u1ee3 m\u00f4-\u0111un t\u00f9y ch\u1ec9nh \u0111\u1ec3 m\u1edf r\u1ed9ng h\u01a1n n\u1eefa ch\u1ee9c n\u0103ng c\u1ee7a n\u00f3. LEAF OS ki\u1ec3m so\u00e1t t\u00ednh kh\u1ea3 d\u1ee5ng c\u1ee7a c\u00e1c \u1ee9ng d\u1ee5ng n\u00e0y v\u00e0 ph\u01b0\u01a1ng ph\u00e1p tri\u1ec3n khai c\u1ee7a ch\u00fang, v\u1edbi t\u00f9y ch\u1ecdn Ch\u1ebf \u0111\u1ed9 kh\u00e1ch \u0111\u1ec3 s\u1eed d\u1ee5ng gi\u1ed1ng nh\u01b0 Kiosk.<\/p>\n<h3><strong>\u0110\u01af\u1ee2C CUNG C\u1ea4P B\u1edeI H\u1ec6 \u0110I\u1ec0U H\u00c0NH LEAF<\/strong><\/h3>\n<p><img decoding=\"async\" class=\"aligncenter size-full wp-image-2940\" src=\"https:\/\/www.vietcorp.com\/store\/wp-content\/uploads\/2022\/11\/ncomputing-ex-500-7.jpg\" alt=\"\" width=\"600\" height=\"179\" srcset=\"https:\/\/vietcorp.com\/store\/wp-content\/uploads\/2022\/11\/ncomputing-ex-500-7.jpg 600w, https:\/\/vietcorp.com\/store\/wp-content\/uploads\/2022\/11\/ncomputing-ex-500-7-400x119.jpg 400w, https:\/\/vietcorp.com\/store\/wp-content\/uploads\/2022\/11\/ncomputing-ex-500-7-367x109.jpg 367w\" sizes=\"(max-width: 600px) 100vw, 600px\" \/><\/p>\n<p>&nbsp;<\/p>\n<p>LEAF OS l\u00e0 h\u1ec7 \u0111i\u1ec1u h\u00e0nh nh\u1ecf c\u1ee7a NComputing. H\u1ec7 \u0111i\u1ec1u h\u00e0nh d\u1ef1a tr\u00ean Linux \u0111\u01b0\u1ee3c thi\u1ebft k\u1ebf \u0111\u1eb7c bi\u1ec7t \u0111\u1ec3 truy c\u1eadp an to\u00e0n, hi\u1ec7u su\u1ea5t cao v\u00e0o m\u00e1y t\u00ednh \u0111\u1ec3 b\u00e0n \u1ea3o v\u00e0 kh\u00f4ng gian l\u00e0m vi\u1ec7c tr\u00ean \u0111\u00e1m m\u00e2y. Linh ho\u1ea1t trong vi\u1ec7c tri\u1ec3n khai, LEAF OS cho ph\u00e9p ng\u01b0\u1eddi d\u00f9ng truy c\u1eadp v\u00e0o nhi\u1ec1u n\u1ec1n t\u1ea3ng m\u00e1y t\u00ednh \u0111\u1ec3 b\u00e0n \u1ea3o t\u1eeb m\u00e1y kh\u00e1ch m\u1ecfng v\u00e0 m\u00e1y t\u00ednh c\u00e1 nh\u00e2n.<\/p>\n<h3><strong>K\u1ebeT N\u1ed0I<\/strong><\/h3>\n<p><img decoding=\"async\" class=\"aligncenter size-full wp-image-2942\" src=\"https:\/\/www.vietcorp.com\/store\/wp-content\/uploads\/2022\/11\/ncomputing-ex-500-9.jpg\" alt=\"\" width=\"800\" height=\"512\" srcset=\"https:\/\/vietcorp.com\/store\/wp-content\/uploads\/2022\/11\/ncomputing-ex-500-9.jpg 800w, https:\/\/vietcorp.com\/store\/wp-content\/uploads\/2022\/11\/ncomputing-ex-500-9-600x384.jpg 600w, https:\/\/vietcorp.com\/store\/wp-content\/uploads\/2022\/11\/ncomputing-ex-500-9-768x492.jpg 768w, https:\/\/vietcorp.com\/store\/wp-content\/uploads\/2022\/11\/ncomputing-ex-500-9-640x410.jpg 640w, https:\/\/vietcorp.com\/store\/wp-content\/uploads\/2022\/11\/ncomputing-ex-500-9-400x256.jpg 400w, https:\/\/vietcorp.com\/store\/wp-content\/uploads\/2022\/11\/ncomputing-ex-500-9-367x235.jpg 367w\" sizes=\"(max-width: 800px) 100vw, 800px\" \/><\/p>\n<p>1 N\u00fat ngu\u1ed3n<\/p>\n<p>2 C\u1ed5ng USB 3.0,<\/p>\n<p>3 C\u1ed5ng USB 2.0,<\/p>\n<p>4 Ngu\u1ed3n \u0111i\u1ec7n<\/p>\n<p>5 C\u1ed5ng HDMI<\/p>\n<p>6 Ethernet RJ45<\/p>\n<p>7 \u00c2m thanh Aux\/Mic 3,5mm<\/p>\n<p>8 \u0110\u00e8n b\u00e1o (\u0111\u1eb1ng sau)<\/p>\n","protected":false},"excerpt":{"rendered":"<p><span dir=\"ltr\" role=\"presentation\">NComputing LEAF OS (Linux)<br \/>\nSupport Citrix, vSpace Pro Enterprise<br \/>\n<\/span>2x HDMI ports<br \/>\nEthernet 1Gbs<br \/>\nB\u1ea3o h\u00e0nh 12 th\u00e1ng<\/p>\n","protected":false},"featured_media":2933,"template":"","meta":[],"product_brand":[],"product_cat":[87],"product_tag":[70,374],"class_list":{"0":"post-2932","1":"product","2":"type-product","3":"status-publish","4":"has-post-thumbnail","6":"product_cat-thin-clients","7":"product_tag-ncomputing","8":"product_tag-ncomputing-ex500","10":"first","11":"outofstock","12":"taxable","13":"shipping-taxable","14":"product-type-simple"},"_links":{"self":[{"href":"https:\/\/vietcorp.com\/store\/wp-json\/wp\/v2\/product\/2932","targetHints":{"allow":["GET"]}}],"collection":[{"href":"https:\/\/vietcorp.com\/store\/wp-json\/wp\/v2\/product"}],"about":[{"href":"https:\/\/vietcorp.com\/store\/wp-json\/wp\/v2\/types\/product"}],"wp:featuredmedia":[{"embeddable":true,"href":"https:\/\/vietcorp.com\/store\/wp-json\/wp\/v2\/media\/2933"}],"wp:attachment":[{"href":"https:\/\/vietcorp.com\/store\/wp-json\/wp\/v2\/media?parent=2932"}],"wp:term":[{"taxonomy":"product_brand","embeddable":true,"href":"https:\/\/vietcorp.com\/store\/wp-json\/wp\/v2\/product_brand?post=2932"},{"taxonomy":"product_cat","embeddable":true,"href":"https:\/\/vietcorp.com\/store\/wp-json\/wp\/v2\/product_cat?post=2932"},{"taxonomy":"product_tag","embeddable":true,"href":"https:\/\/vietcorp.com\/store\/wp-json\/wp\/v2\/product_tag?post=2932"}],"curies":[{"name":"wp","href":"https:\/\/api.w.org\/{rel}","templated":true}]}}