


{"id":2878,"date":"2022-12-07T07:25:47","date_gmt":"2022-12-07T00:25:47","guid":{"rendered":"https:\/\/www.vietcorp.com\/store\/?post_type=product&#038;p=2878"},"modified":"2025-12-11T15:05:01","modified_gmt":"2025-12-11T08:05:01","slug":"thiet-bi-luu-tru-nas-synology-ds923","status":"publish","type":"product","link":"https:\/\/vietcorp.com\/store\/2878\/thiet-bi-luu-tru-nas-synology-ds923\/","title":{"rendered":"Synology DS923+"},"content":{"rendered":"<h3><strong><a href=\"https:\/\/www.vietcorp.com\/store\/2878\/thiet-bi-luu-tru-nas-synology-ds923\/\">Thi\u1ebft b\u1ecb l\u01b0u tr\u1eef NAS Synology DS923+<\/a> NAS 4-Bay<\/strong><\/h3>\n<p>N\u1ec1n t\u1ea3ng l\u01b0u tr\u1eef linh ho\u1ea1t cho c\u00e1c doanh nghi\u1ec7p nh\u1ecf v\u00e0 v\u0103n ph\u00f2ng gia \u0111\u00ecnh<\/p>\n<p><strong>Th\u00f4ng s\u1ed1 k\u1ef9 thu\u1eadt NAS Synology DS923+:<\/strong><\/p>\n<ul>\n<li><strong>CPU:<\/strong> AMD Ryzen R1600 2-core\/4-Thread 2.6Ghz which can be burst\/turbo to 3.1GHz<\/li>\n<li><strong>RAM:<\/strong> 4GB DDR4 ECC x1 n\u00e2ng c\u1ea5p 32GB<\/li>\n<li><strong>Storage:<\/strong> 4 khay \u1ed5 \u0111\u0129a c\u00f3 th\u1ec3 m\u1edf r\u1ed9ng 9 khay v\u1edbi DX517 x 1<\/li>\n<li><strong>B\u1ed9 nh\u1edb \u0111\u1ec7m:<\/strong> 2 khe (NVMe)<\/li>\n<li><strong>External ports:<\/strong> 2 c\u1ed5ng RJ-45 1GbE LAN, 2 c\u1ed5ng USB 3.2 Gen 1, 1 c\u1ed5ng eSATA<\/li>\n<li><strong>B\u1ea3o h\u00e0nh 36 th\u00e1ng<\/strong><\/li>\n<\/ul>\n<p style=\"text-align: center;\"><strong>Review NAS Synology DS923+<\/strong><\/p>\n<p><center><iframe loading=\"lazy\" title=\"YouTube video player\" src=\"https:\/\/www.youtube.com\/embed\/eqB8HVAGUGU\" width=\"560\" height=\"315\" frameborder=\"0\" allowfullscreen=\"allowfullscreen\"><\/iframe><\/center><br \/>\n<strong>N\u00e2ng t\u1ea7m qu\u1ea3n l\u00fd d\u1eef li\u1ec7u<\/strong><\/p>\n<p>B\u1ed9 nh\u1edb th\u00f4ng minh \u0111a n\u0103ng gi\u00fap b\u1ea1n c\u1ee7ng c\u1ed1 v\u00e0 l\u01b0u tr\u1eef l\u01b0\u1ee3ng d\u1eef li\u1ec7u s\u1ed1 \u0111ang ng\u00e0y m\u1ed9t gia t\u0103ng.<\/p>\n<p><em>Nh\u1ecf g\u1ecdn \u0111\u00e1ng kinh ng\u1ea1c<\/em><br \/>\nCh\u1ee9c n\u0103ng m\u1ea1nh m\u1ebd trong m\u1ed9t k\u00edch th\u01b0\u1edbc nh\u1ecf, c\u00f3 ch\u1ed7 tr\u1ed1ng cho \u1ed5 \u0111\u0129a 10 GbE v\u00e0 NVMe k\u00e9p.<\/p>\n<p><em>H\u1ee3p nh\u1ea5t v\u00e0 chia s\u1ebb<\/em><br \/>\nL\u01b0u tr\u1eef v\u00e0 t\u1ed5 ch\u1ee9c linh ho\u1ea1t 50 TB d\u1eef li\u1ec7u \u0111\u1ec3 chia s\u1ebb v\u1edbi b\u1ea5t k\u1ef3 ai.<\/p>\n<p><em>\u0110\u1ea3m b\u1ea3o an to\u00e0n cho d\u1eef li\u1ec7u<\/em><br \/>\nPh\u1ea7n c\u1ee9ng v\u00e0 ph\u1ea7n m\u1ec1m \u0111\u01b0\u1ee3c thi\u1ebft k\u1ebf \u0111\u1ec3 b\u1ea3o v\u1ec7 d\u1eef li\u1ec7u \u2013 \u0111\u01b0\u1ee3c h\u00e0ng tri\u1ec7u ng\u01b0\u1eddi tin c\u1eady.<\/p>\n<h3><strong>B\u1ed9 nh\u1edb ph\u00f9 h\u1ee3p v\u1edbi nhu c\u1ea7u c\u1ee7a b\u1ea1n<\/strong><\/h3>\n<p><img decoding=\"async\" class=\"size-full wp-image-2930 aligncenter\" src=\"https:\/\/www.vietcorp.com\/store\/wp-content\/uploads\/2022\/11\/thiet-bi-luu-tru-nas-synology-ds923233.jpg\" alt=\"Thi\u1ebft b\u1ecb l\u01b0u tr\u1eef NAS Synology DS923+3\" width=\"600\" height=\"347\" srcset=\"https:\/\/vietcorp.com\/store\/wp-content\/uploads\/2022\/11\/thiet-bi-luu-tru-nas-synology-ds923233.jpg 600w, https:\/\/vietcorp.com\/store\/wp-content\/uploads\/2022\/11\/thiet-bi-luu-tru-nas-synology-ds923233-400x231.jpg 400w, https:\/\/vietcorp.com\/store\/wp-content\/uploads\/2022\/11\/thiet-bi-luu-tru-nas-synology-ds923233-367x212.jpg 367w\" sizes=\"(max-width: 600px) 100vw, 600px\" \/><\/p>\n<p>D\u1eef li\u1ec7u c\u1ee7a b\u1ea1n c\u00f3 \u0111ang n\u1eb1m r\u1ea3i r\u00e1c tr\u00ean c\u00e1c \u1ed5 \u0111\u0129a ngo\u00e0i v\u00e0 t\u00e0i kho\u1ea3n \u0111\u00e1m m\u00e2y c\u00f4ng c\u1ed9ng kh\u00f4ng? V\u1edbi thi\u1ebft b\u1ecb NAS DS923+, b\u1ea1n c\u00f3 th\u1ec3 h\u1ee3p nh\u1ea5t d\u1eef li\u1ec7u c\u1ee7a m\u00ecnh v\u1edbi h\u01a1n 50 TB tr\u00ean 4 khay.1 B\u1ea1n c\u1ea7n th\u00eam dung l\u01b0\u1ee3ng \u01b0? H\u00e3y m\u1edf r\u1ed9ng v\u1edbi DX517 \u0111\u1ec3 c\u00f3 h\u01a1n 120 TB b\u1ed9 nh\u1edb.<\/p>\n<p><strong>4 bays 60 TB -&gt; 9 bays 140 TB<\/strong><\/p>\n<p><strong>Hi\u1ec7u su\u1ea5t \u0111\u00e1p \u1ee9ng nhu c\u1ea7u c\u1ee7a b\u1ea1n<\/strong><\/p>\n<p>Gi\u1ea3m th\u1eddi gian chuy\u1ec3n d\u1eef li\u1ec7u v\u1edbi DS923+, \u0111\u01b0\u1ee3c thi\u1ebft k\u1ebf \u0111\u1ec3 t\u0103ng t\u1ed1c c\u00f4ng vi\u1ec7c c\u1ee7a b\u1ea1n. Th\u1eadt d\u1ec5 d\u00e0ng \u0111\u1ec3 th\u00eam h\u1ec7 th\u1ed1ng m\u1ea1ng nhanh h\u01a1n v\u00e0 \u1ed5 NVMe \u0111\u1ec3 t\u0103ng th\u00eam hi\u1ec7u su\u1ea5t.<\/p>\n<p><em><img decoding=\"async\" class=\"size-full wp-image-2929 aligncenter\" src=\"https:\/\/www.vietcorp.com\/store\/wp-content\/uploads\/2022\/11\/thiet-bi-luu-tru-nas-synology-ds923232.jpg\" alt=\"Thi\u1ebft b\u1ecb l\u01b0u tr\u1eef NAS Synology DS923+4\" width=\"600\" height=\"352\" srcset=\"https:\/\/vietcorp.com\/store\/wp-content\/uploads\/2022\/11\/thiet-bi-luu-tru-nas-synology-ds923232.jpg 600w, https:\/\/vietcorp.com\/store\/wp-content\/uploads\/2022\/11\/thiet-bi-luu-tru-nas-synology-ds923232-400x235.jpg 400w, https:\/\/vietcorp.com\/store\/wp-content\/uploads\/2022\/11\/thiet-bi-luu-tru-nas-synology-ds923232-367x215.jpg 367w\" sizes=\"(max-width: 600px) 100vw, 600px\" \/><\/em><\/p>\n<p><em>\u0110\u1ecdc\/ghi l\u00ean \u0111\u1ebfn<\/em><br \/>\n592\/562 MB\/s<\/p>\n<p><em>H\u1ec7 th\u1ed1ng m\u1ea1ng l\u00ean \u0111\u1ebfn<\/em><br \/>\n10 GbE<\/p>\n<p><em>2 B\u1ed9 nh\u1edb \u0111\u1ec7m v\u00e0 v\u00f9ng l\u01b0u tr\u1eef M.24<\/em><br \/>\nNVMe<\/p>\n<p><img decoding=\"async\" class=\"size-full wp-image-2885 aligncenter\" src=\"https:\/\/www.vietcorp.com\/store\/wp-content\/uploads\/2022\/11\/thiet-bi-luu-tru-nas-synology-ds9237.jpg\" alt=\"Thi\u1ebft b\u1ecb l\u01b0u tr\u1eef NAS Synology DS923+ 2\" width=\"600\" height=\"527\" srcset=\"https:\/\/vietcorp.com\/store\/wp-content\/uploads\/2022\/11\/thiet-bi-luu-tru-nas-synology-ds9237.jpg?v=1668218788 600w, https:\/\/vietcorp.com\/store\/wp-content\/uploads\/2022\/11\/thiet-bi-luu-tru-nas-synology-ds9237-400x351.jpg?v=1668218788 400w, https:\/\/vietcorp.com\/store\/wp-content\/uploads\/2022\/11\/thiet-bi-luu-tru-nas-synology-ds9237-367x322.jpg?v=1668218788 367w\" sizes=\"(max-width: 600px) 100vw, 600px\" \/><\/p>\n<p>N\u00e2ng c\u1ea5p 10GbE cho <strong>DS923+<\/strong> l\u00e0 m\u1ed9t qu\u00e1 tr\u00ecnh c\u1ef1c k\u1ef3 d\u1ec5 d\u00e0ng &#8211; v\u1edbi m\u00f4-\u0111un <strong>E10G22-T1-mini<\/strong> d\u1ec5 d\u00e0ng h\u01a1n \u0111\u00e1ng k\u1ec3 so v\u1edbi n\u00e2ng c\u1ea5p Th\u1ebb PCIe truy\u1ec1n th\u1ed1ng. Xu\u1ea5t hi\u1ec7n tr\u00ean bo m\u1ea1ch PCIe Gen 3 \u00d7 2, ph\u1ee5 ki\u1ec7n c\u1ed5ng singe n\u00e0y c\u1eafm v\u00e0o ph\u00eda sau (c\u1ea7n thi\u1ebft ph\u1ea3i t\u1eaft ngu\u1ed3n, v\u00ec \u0111\u00e2y l\u00e0 b\u1ea3n n\u00e2ng c\u1ea5p PCIe) v\u00e0 ngay l\u1eadp t\u1ee9c b\u1ed5 sung k\u1ebft n\u1ed1i b\u0103ng th\u00f4ng 1.000MB\/s + v\u00e0o thi\u1ebft b\u1ecb DS923+ c\u1ee7a b\u1ea1n.<\/p>\n<p><strong>NAS <a href=\"https:\/\/www.vietcorp.com\/store\/nas-synology\/\">Synology<\/a> DS923+<\/strong> cung c\u1ea5p hai khe c\u1eafm SSD M.2 t\u00edch h\u1ee3p \u0111\u1ec3 b\u1ea1n c\u00f3 th\u1ec3 t\u1eadn d\u1ee5ng t\u1ed1i \u0111a ch\u1ee9c n\u0103ng c\u1ee7a Synology SSD Cache.<\/p>\n<h3><strong>L\u01b0u tr\u1eef, chia s\u1ebb v\u00e0 b\u1ea3o v\u1ec7<\/strong><\/h3>\n<p>Qu\u1ea3n l\u00fd to\u00e0n b\u1ed9 t\u00e0i li\u1ec7u, \u1ea3nh v\u00e0 c\u00e1c t\u1eadp tin kh\u00e1c, sao l\u01b0u \u1ee9ng d\u1ee5ng v\u00e0 thi\u1ebft b\u1ecb, \u0111\u1ed3ng th\u1eddi b\u1ea3o v\u1ec7 t\u00e0i s\u1ea3n c\u1ee7a b\u1ea1n b\u1eb1ng t\u00ednh n\u0103ng gi\u00e1m s\u00e1t video chuy\u00ean nghi\u1ec7p.<\/p>\n<p><strong>\u0110\u00e1m m\u00e2y ri\u00eang t\u01b0<\/strong><\/p>\n<p>Truy c\u1eadp t\u1eadp tin t\u1eeb m\u1ecdi thi\u1ebft b\u1ecb c\u1ee7a b\u1ea1n v\u00e0 b\u1ea3o v\u1ec7 t\u1eadp tin b\u1eb1ng t\u00ednh n\u0103ng l\u1eadp phi\u00ean b\u1ea3n th\u00f4ng minh. Qu\u1ea3n l\u00fd, chia s\u1ebb v\u00e0 \u0111\u1ed3ng b\u1ed9 d\u1eef li\u1ec7u gi\u1eefa c\u00e1c v\u1ecb tr\u00ed.<\/p>\n<p><strong><img decoding=\"async\" class=\"aligncenter size-full wp-image-2928\" src=\"https:\/\/www.vietcorp.com\/store\/wp-content\/uploads\/2022\/11\/thiet-bi-luu-tru-nas-synology-ds923231.jpg\" alt=\"Thi\u1ebft b\u1ecb l\u01b0u tr\u1eef NAS Synology DS923+5\" width=\"600\" height=\"435\" srcset=\"https:\/\/vietcorp.com\/store\/wp-content\/uploads\/2022\/11\/thiet-bi-luu-tru-nas-synology-ds923231.jpg 600w, https:\/\/vietcorp.com\/store\/wp-content\/uploads\/2022\/11\/thiet-bi-luu-tru-nas-synology-ds923231-400x290.jpg 400w, https:\/\/vietcorp.com\/store\/wp-content\/uploads\/2022\/11\/thiet-bi-luu-tru-nas-synology-ds923231-367x266.jpg 367w\" sizes=\"(max-width: 600px) 100vw, 600px\" \/>H\u1ee3p nh\u1ea5t qu\u00e1 tr\u00ecnh qu\u1ea3n l\u00fd d\u1eef li\u1ec7u<\/strong><\/p>\n<p><em>\u0110\u00e1m m\u00e2y ri\u00eang cho t\u1ea5t c\u1ea3 thi\u1ebft b\u1ecb c\u1ee7a b\u1ea1n<\/em><\/p>\n<p>X\u00e2y d\u1ef1ng \u0111\u00e1m m\u00e2y c\u00e1 nh\u00e2n c\u1ee7a ri\u00eang b\u1ea1n v\u1edbi gi\u1ea3i ph\u00e1p \u0111\u00e1m m\u00e2y ri\u00eang c\u1ee7a Synology. \u0110\u01a1n gi\u1ea3n h\u00f3a qu\u00e1 tr\u00ecnh truy c\u1eadp t\u1eadp tin v\u00e0 h\u1ee3p nh\u1ea5t qu\u00e1 tr\u00ecnh qu\u1ea3n l\u00fd d\u1eef li\u1ec7u \u0111\u1ec3 t\u1eadn h\u01b0\u1edfng l\u1ee3i \u00edch t\u1eeb ho\u1ea1t \u0111\u1ed9ng c\u1ed9ng t\u00e1c v\u00e0 chia s\u1ebb t\u1eadp tin d\u1ec5 d\u00e0ng h\u01a1n. T\u00ecm hi\u1ec3u th\u00eam v\u1ec1 <a href=\"https:\/\/www.vietcorp.com\/store\/synology-drive\/\">Synology Drive<\/a><\/p>\n<p><em>Qu\u1ea3n l\u00fd \u1ea3nh chuy\u00ean nghi\u1ec7p<\/em><\/p>\n<p>Sao l\u01b0u, s\u1eafp x\u1ebfp \u1ea3nh v\u00e0 video hi\u1ec7u qu\u1ea3 b\u1eb1ng c\u00e1c c\u00f4ng c\u1ee5 qu\u1ea3n l\u00fd d\u00e0nh cho ng\u01b0\u1eddi d\u00f9ng nghi\u1ec7p d\u01b0 v\u00e0 chuy\u00ean nghi\u1ec7p. T\u1ef1 \u0111\u1ed9ng s\u1eafp x\u1ebfp n\u1ed9i dung th\u00e0nh album v\u00e0 t\u1ea1o li\u00ean k\u1ebft chia s\u1ebb an to\u00e0n cho gia \u0111\u00ecnh, b\u1ea1n b\u00e8 ho\u1eb7c kh\u00e1ch h\u00e0ng. T\u00ecm hi\u1ec3u th\u00eam v\u1ec1 <a href=\"https:\/\/www.vietcorp.com\/store\/synology-photos\/\">Synology Photos<\/a><\/p>\n<p><strong>C\u1ed9ng t\u00e1c tr\u00ean nhi\u1ec1u \u0111\u1ecba \u0111i\u1ec3m<\/strong><\/p>\n<p><img decoding=\"async\" class=\"aligncenter size-full wp-image-2927\" src=\"https:\/\/www.vietcorp.com\/store\/wp-content\/uploads\/2022\/11\/thiet-bi-luu-tru-nas-synology-ds923230.jpg\" alt=\"Thi\u1ebft b\u1ecb l\u01b0u tr\u1eef NAS Synology DS923+ 6\" width=\"600\" height=\"454\" srcset=\"https:\/\/vietcorp.com\/store\/wp-content\/uploads\/2022\/11\/thiet-bi-luu-tru-nas-synology-ds923230.jpg 600w, https:\/\/vietcorp.com\/store\/wp-content\/uploads\/2022\/11\/thiet-bi-luu-tru-nas-synology-ds923230-400x303.jpg 400w, https:\/\/vietcorp.com\/store\/wp-content\/uploads\/2022\/11\/thiet-bi-luu-tru-nas-synology-ds923230-367x278.jpg 367w\" sizes=\"(max-width: 600px) 100vw, 600px\" \/><\/p>\n<p><em>\u0110\u1ed3ng b\u1ed9 h\u00f3a t\u1eadp tin v\u00e0 th\u01b0 m\u1ee5c gi\u1eefa c\u00e1c c\u01a1 s\u1edf<\/em><\/p>\n<p>\u0110\u1ed3ng b\u1ed9 h\u00f3a t\u1eadp tin gi\u1eefa c\u00e1c \u0111\u1ecba \u0111i\u1ec3m s\u1ebd gi\u00fap nh\u1eefng ng\u01b0\u1eddi l\u00e0m vi\u1ec7c c\u1ed9ng t\u00e1c \u0111\u1ed3ng b\u1ed9 t\u1eadp tin ho\u1eb7c th\u01b0 m\u1ee5c ri\u00eang l\u1ebb gi\u1eefa c\u00e1c thi\u1ebft b\u1ecb Synology, cho d\u00f9 \u0111ang \u1edf nh\u00e0, v\u0103n ph\u00f2ng kh\u00e1c ho\u1eb7c tr\u00ean to\u00e0n th\u1ebf gi\u1edbi. K\u1ebft h\u1ee3p kh\u1ea3 n\u0103ng truy c\u1eadp thu\u1eadn ti\u1ec7n v\u1edbi quy\u1ec1n s\u1edf h\u1eefu 100% d\u1eef li\u1ec7u.<\/p>\n<p><em>Chia s\u1ebb d\u1eef li\u1ec7u v\u1edbi s\u1ee9c m\u1ea1nh c\u1ee7a \u0111\u00e1m m\u00e2y<\/em><\/p>\n<p>Gi\u1ea3m dung l\u01b0\u1ee3ng l\u01b0u tr\u1eef t\u1ea1i ch\u1ed7 v\u00e0 t\u1eadn h\u01b0\u1edfng l\u1ee3i \u00edch t\u1eeb t\u1ed1c \u0111\u1ed9 m\u1ea1ng c\u1ee7a trung t\u00e2m d\u1eef li\u1ec7u v\u1edbi c\u00f4ng ngh\u1ec7 \u0111\u00e1m m\u00e2y k\u1ebft h\u1ee3p. Thi\u1ebft l\u1eadp Th\u01b0 m\u1ee5c <a href=\"https:\/\/www.vietcorp.com\/store\/hybrid-share\/\">Hybrid Share<\/a> \u0111\u1ec3 l\u01b0u tr\u1eef hi\u1ec7u qu\u1ea3 d\u1eef li\u1ec7u l\u1ea1nh tr\u00ean n\u1ec1n t\u1ea3ng \u0111\u00e1m m\u00e2y, \u0111\u1ed3ng th\u1eddi gi\u1eef l\u1ea1i t\u1eadp tin truy c\u1eadp th\u01b0\u1eddng xuy\u00ean, l\u01b0u c\u1ee5c b\u1ed9 tr\u00ean thi\u1ebft b\u1ecb NAS DS923+ v\u00e0 c\u00f3 th\u1ec3 truy c\u1eadp v\u1edbi t\u1ed1c \u0111\u1ed9 c\u1ee7a h\u1ec7 th\u1ed1ng m\u1ea1ng LAN.<\/p>\n<h3>Sao l\u01b0u nhi\u1ec1u l\u1edbp<\/h3>\n<p>Sao l\u01b0u t\u1eadp tin, th\u01b0 m\u1ee5c, thi\u1ebft b\u1ecb v\u1eadt l\u00fd, m\u00e1y \u1ea3o v\u00e0 \u1ee9ng d\u1ee5ng SaaS v\u1edbi c\u00e1c gi\u1ea3i ph\u00e1p mi\u1ec5n ph\u00ed, \u0111\u1ed3ng th\u1eddi b\u1ea3o v\u1ec7 NAS c\u1ee7a b\u1ea1n b\u1eb1ng c\u00e1c c\u00f4ng ngh\u1ec7 t\u00edch h\u1ee3p.<\/p>\n<p><strong>Sao l\u01b0u to\u00e0n b\u1ed9 thi\u1ebft b\u1ecb<\/strong><\/p>\n<p><img decoding=\"async\" class=\"aligncenter size-full wp-image-2926\" src=\"https:\/\/www.vietcorp.com\/store\/wp-content\/uploads\/2022\/11\/thiet-bi-luu-tru-nas-synology-ds923229.jpg\" alt=\"Thi\u1ebft b\u1ecb l\u01b0u tr\u1eef NAS Synology DS923+ 7\" width=\"600\" height=\"380\" srcset=\"https:\/\/vietcorp.com\/store\/wp-content\/uploads\/2022\/11\/thiet-bi-luu-tru-nas-synology-ds923229.jpg 600w, https:\/\/vietcorp.com\/store\/wp-content\/uploads\/2022\/11\/thiet-bi-luu-tru-nas-synology-ds923229-400x253.jpg 400w, https:\/\/vietcorp.com\/store\/wp-content\/uploads\/2022\/11\/thiet-bi-luu-tru-nas-synology-ds923229-367x232.jpg 367w\" sizes=\"(max-width: 600px) 100vw, 600px\" \/><\/p>\n<p><em>T\u1eadp trung gi\u1ea3i ph\u00e1p sao l\u01b0u v\u00e0 ph\u1ee5c h\u1ed3i<\/em><\/p>\n<p>H\u1ee3p nh\u1ea5t v\u00e0 t\u1ef1 \u0111\u1ed9ng h\u00f3a c\u00e1c t\u00e1c v\u1ee5 sao l\u01b0u cho PC, m\u00e1y ch\u1ee7 t\u1eadp tin, m\u00e1y \u1ea3o, \u1ee9ng d\u1ee5ng SaaS, v.v. v\u1edbi Active Backup Suite. Qu\u1ea3n l\u00fd c\u00e1c b\u1ea3n sao l\u01b0u thi\u1ebft b\u1ecb t\u1eeb xa th\u00f4ng qua c\u1ed5ng th\u00f4ng tin t\u1eadp trung v\u00e0 nhanh ch\u00f3ng kh\u00f4i ph\u1ee5c t\u1eadp tin c\u1ee5 th\u1ec3 ho\u1eb7c to\u00e0n b\u1ed9 thi\u1ebft b\u1ecb \u0111\u1ec3 duy tr\u00ec ho\u1ea1t \u0111\u1ed9ng kinh doanh. T\u00edch h\u1ee3p c\u00e1c gi\u1ea3i ph\u00e1p sao l\u01b0u t\u1eeb xa, t\u1ea1o \u0111i\u1ec1u ki\u1ec7n cho c\u1ea5u h\u00ecnh <a href=\"https:\/\/www.vietcorp.com\/store\/quy-tac-sao-luu-3-2-1\/\">sao l\u01b0u 3-2-1<\/a> li\u1ec1n m\u1ea1ch.<\/p>\n<p><em>B\u1ea3o v\u1ec7 h\u1ec7 th\u1ed1ng Synology<\/em><\/p>\n<p><img decoding=\"async\" class=\"aligncenter size-full wp-image-2925\" src=\"https:\/\/www.vietcorp.com\/store\/wp-content\/uploads\/2022\/11\/thiet-bi-luu-tru-nas-synology-ds923228.jpg\" alt=\"Thi\u1ebft b\u1ecb l\u01b0u tr\u1eef NAS Synology DS923+ 8\" width=\"600\" height=\"440\" srcset=\"https:\/\/vietcorp.com\/store\/wp-content\/uploads\/2022\/11\/thiet-bi-luu-tru-nas-synology-ds923228.jpg 600w, https:\/\/vietcorp.com\/store\/wp-content\/uploads\/2022\/11\/thiet-bi-luu-tru-nas-synology-ds923228-400x293.jpg 400w, https:\/\/vietcorp.com\/store\/wp-content\/uploads\/2022\/11\/thiet-bi-luu-tru-nas-synology-ds923228-367x269.jpg 367w\" sizes=\"(max-width: 600px) 100vw, 600px\" \/><\/p>\n<p><em>Th\u1ef1c hi\u1ec7n sao l\u01b0u to\u00e0n b\u1ed9 h\u1ec7 th\u1ed1ng Synology<\/em><\/p>\n<p>B\u1ea3o v\u1ec7 t\u1ea5t c\u1ea3 d\u1eef li\u1ec7u, \u1ee9ng d\u1ee5ng v\u00e0 c\u1ea5u h\u00ecnh tr\u00ean h\u1ec7 th\u1ed1ng Synology b\u1eb1ng c\u00e1c b\u1ea3n sao l\u01b0u to\u00e0n di\u1ec7n theo l\u1ecbch tr\u00ecnh t\u1edbi c\u00e1c m\u00e1y ch\u1ee7 c\u1ee5c b\u1ed9 v\u00e0 t\u1eeb xa, \u1ed5 \u0111\u0129a ngo\u00e0i ho\u1eb7c c\u00e1c \u0111i\u1ec3m \u0111\u1ebfn l\u01b0u tr\u1eef \u0111\u00e1m m\u00e2y, bao g\u1ed3m c\u1ea3 Synology C2 Storage. T\u00ecm hi\u1ec3u th\u00eam v\u1ec1 <a href=\"https:\/\/www.vietcorp.com\/store\/hyper-backup\/\"><strong>Hyper Backup<\/strong><\/a><\/p>\n<p><em>B\u1ea3o v\u1ec7 th\u01b0 m\u1ee5c v\u00e0 LUN b\u1eb1ng b\u1ea3n ghi nhanh<\/em><\/p>\n<p>Thi\u1ebft l\u1eadp c\u1ea5u h\u00ecnh b\u1ea3n ghi nhanh t\u1ea1m th\u1eddi hi\u1ec7u qu\u1ea3 cho c\u00e1c th\u01b0 m\u1ee5c chia s\u1ebb v\u00e0 LUN trong kho\u1ea3ng th\u1eddi gian ch\u1ec9 v\u1ecfn v\u1eb9n 5 ph\u00fat. Gi\u00fap ng\u01b0\u1eddi d\u00f9ng d\u1ec5 d\u00e0ng kh\u00f4i ph\u1ee5c c\u00e1c phi\u00ean b\u1ea3n tr\u01b0\u1edbc c\u1ee7a t\u1eadp tin m\u00e0 kh\u00f4ng c\u1ea7n h\u1ed7 tr\u1ee3, nhanh ch\u00f3ng kh\u00f4i ph\u1ee5c m\u00e1y \u1ea3o v\u00e0 sao ch\u00e9p b\u1ea3n ghi nhanh sang m\u1ed9t m\u00e1y ch\u1ee7 kh\u00e1c \u0111\u1ec3 t\u1eadn h\u01b0\u1edfng l\u1ee3i \u00edch t\u1eeb kh\u1ea3 n\u0103ng chuy\u1ec3n \u0111\u1ed5i d\u1ef1 ph\u00f2ng nhanh ch\u00f3ng. T\u00ecm hi\u1ec3u th\u00eam v\u1ec1 <a href=\"https:\/\/www.vietcorp.com\/store\/snapshot-replication\/\"><strong>Snapshot Replication<\/strong><\/a><\/p>\n<h3><strong>Gi\u00e1m s\u00e1t th\u00f4ng minh<\/strong><\/h3>\n<p>Chuy\u1ec3n thi\u1ebft b\u1ecb Synology th\u00e0nh h\u1ec7 th\u1ed1ng qu\u1ea3n l\u00fd video \u0111\u1ea7y \u0111\u1ee7 t\u00ednh n\u0103ng cho nhi\u1ec1u lo\u1ea1i camera IP t\u01b0\u01a1ng th\u00edch.<\/p>\n<p>Gi\u00e1m s\u00e1t v\u00e0 b\u1ea3o v\u1ec7 doanh nghi\u1ec7p<\/p>\n<p><em><img decoding=\"async\" class=\"aligncenter size-full wp-image-2924\" src=\"https:\/\/www.vietcorp.com\/store\/wp-content\/uploads\/2022\/11\/thiet-bi-luu-tru-nas-synology-ds923227.jpg\" alt=\"Thi\u1ebft b\u1ecb l\u01b0u tr\u1eef NAS Synology DS923+ 9\" width=\"600\" height=\"351\" srcset=\"https:\/\/vietcorp.com\/store\/wp-content\/uploads\/2022\/11\/thiet-bi-luu-tru-nas-synology-ds923227.jpg 600w, https:\/\/vietcorp.com\/store\/wp-content\/uploads\/2022\/11\/thiet-bi-luu-tru-nas-synology-ds923227-400x234.jpg 400w, https:\/\/vietcorp.com\/store\/wp-content\/uploads\/2022\/11\/thiet-bi-luu-tru-nas-synology-ds923227-367x215.jpg 367w\" sizes=\"(max-width: 600px) 100vw, 600px\" \/><a href=\"https:\/\/www.vietcorp.com\/store\/surveillance-station\/\">Synology Surveillance Station<\/a><\/em><\/p>\n<p>B\u1ea3o v\u1ec7 doanh nghi\u1ec7p ch\u01b0a bao gi\u1edd d\u1ec5 d\u00e0ng h\u01a1n th\u1ebf v\u1edbi t\u00ednh n\u0103ng qu\u1ea3n l\u00fd t\u1eadp trung, h\u1ed7 tr\u1ee3 h\u01a1n 8.300 lo\u1ea1i camera IP, gi\u00e1m s\u00e1t v\u00e0 ph\u00e1t l\u1ea1i t\u1eeb xa. H\u1ec7 th\u1ed1ng qu\u1ea3n l\u00fd video c\u1ee7a Synology cung c\u1ea5p t\u1ea5t c\u1ea3 c\u00e1c c\u00f4ng c\u1ee5 b\u1ea1n c\u1ea7n \u0111\u1ec3 theo d\u00f5i tr\u1ef1c ti\u1ebfp, \u0111i\u1ec1u tra, qu\u1ea3n l\u00fd v\u00e0 sao l\u01b0u.<\/p>\n<p><strong>Sao l\u01b0u \u0111o\u1ea1n video gi\u00e1m s\u00e1t<\/strong><\/p>\n<p><em><img decoding=\"async\" class=\"aligncenter size-full wp-image-2923\" src=\"https:\/\/www.vietcorp.com\/store\/wp-content\/uploads\/2022\/11\/thiet-bi-luu-tru-nas-synology-ds923226.jpg\" alt=\"Thi\u1ebft b\u1ecb l\u01b0u tr\u1eef NAS Synology DS923+ 10\" width=\"600\" height=\"351\" srcset=\"https:\/\/vietcorp.com\/store\/wp-content\/uploads\/2022\/11\/thiet-bi-luu-tru-nas-synology-ds923226.jpg 600w, https:\/\/vietcorp.com\/store\/wp-content\/uploads\/2022\/11\/thiet-bi-luu-tru-nas-synology-ds923226-400x234.jpg 400w, https:\/\/vietcorp.com\/store\/wp-content\/uploads\/2022\/11\/thiet-bi-luu-tru-nas-synology-ds923226-367x215.jpg 367w\" sizes=\"(max-width: 600px) 100vw, 600px\" \/>B\u1ea3n ghi k\u00e9p<\/em><\/p>\n<p>C2 Surveillance s\u1ebd gi\u00fap b\u1ea1n duy tr\u00ec quy\u1ec1n truy c\u1eadp v\u00e0o \u0111o\u1ea1n video gi\u00e1m s\u00e1t n\u1ebfu m\u00e1y ch\u1ee7 ghi h\u00ecnh b\u1ecb t\u1eaft b\u1eb1ng c\u00e1ch ghi v\u00e0o m\u00e1y ch\u1ee7 c\u1ee5c b\u1ed9 c\u0169ng nh\u01b0 C2 Cloud. T\u00ednh n\u0103ng m\u00e3 h\u00f3a \u0111\u1ea7u cu\u1ed1i s\u1ebd b\u1ea3o v\u1ec7 c\u00e1c \u0111o\u1ea1n video kh\u1ecfi h\u00e0nh vi truy c\u1eadp tr\u00e1i ph\u00e9p, \u0111\u1ed3ng th\u1eddi t\u00ednh n\u0103ng ghi h\u00ecnh \u0111\u1ed9 tr\u1ec5 th\u1ea5p s\u1ebd gi\u00fap b\u1ea1n xem l\u1ea1i v\u00e0i gi\u00e2y quan tr\u1ecdng cu\u1ed1i c\u00f9ng tr\u01b0\u1edbc khi m\u00e1y ch\u1ee7 ghi h\u00ecnh b\u1ecb m\u1ea5t k\u1ebft n\u1ed1i.<\/p>\n<h3><strong>Nhi\u1ec1u l\u1ee3i \u00edch h\u01a1n v\u1edbi DiskStation Manager<\/strong><\/h3>\n<p>T\u1eadn d\u1ee5ng h\u00e0ng lo\u1ea1t c\u00e1c gi\u1ea3i ph\u00e1p n\u0103ng su\u1ea5t, qu\u1ea3n l\u00fd v\u00e0 b\u1ea3o m\u1eadt c\u00f3 s\u1eb5n trong h\u1ec7 \u0111i\u1ec1u h\u00e0nh <a href=\"https:\/\/www.vietcorp.com\/store\/synology-diskstation-manager-7-2\/\">Synology DSM<\/a> tr\u00ean n\u1ec1n t\u1ea3ng web.<\/p>\n<p><a href=\"https:\/\/www.vietcorp.com\/store\/cms\/\"><em>Central Management System<\/em><\/a><\/p>\n<p>Qu\u1ea3n l\u00fd thu\u1eadn ti\u1ec7n c\u00e1c thi\u1ebft b\u1ecb NAS Synology c\u1ee7a b\u1ea1n tr\u00ean b\u1ea3ng \u0111i\u1ec1u khi\u1ec3n t\u1eadp trung.<\/p>\n<p><em>B\u1ea3o m\u1eadt<\/em><\/p>\n<p>B\u1ea3o v\u1ec7 NAS Synology c\u1ee7a b\u1ea1n kh\u1ecfi c\u00e1c m\u1ed1i \u0111e d\u1ecda tinh vi nh\u1ea5t b\u1eb1ng c\u00e1c gi\u1ea3i ph\u00e1p b\u1ea3o m\u1eadt h\u00e0ng \u0111\u1ea7u trong ng\u00e0nh. <a href=\"https:\/\/www.vietcorp.com\/store\/surveillance-station-bao-mat-video-cua-ban\/\">T\u00ecm hi\u1ec3u th\u00eam<\/a><\/p>\n<p><a href=\"https:\/\/www.vietcorp.com\/store\/synology-high-availability\/\"><em>Synology High Availability<\/em><\/a><\/p>\n<p>Chuy\u1ec3n \u0111\u1ed5i li\u1ec1n m\u1ea1ch gi\u1eefa c\u00e1c m\u00e1y ch\u1ee7 ph\u00e2n c\u1ee5m trong tr\u01b0\u1eddng h\u1ee3p m\u00e1y ch\u1ee7 b\u1ecb l\u1ed7i \u0111\u1ec3 gi\u1ea3m thi\u1ec3u t\u00e1c \u0111\u1ed9ng \u0111\u1ebfn c\u00e1c \u1ee9ng d\u1ee5ng.<\/p>\n<p><strong>Synology lu\u00f4n s\u00e1t c\u00e1nh b\u00ean b\u1ea1n<\/strong><\/p>\n<p>DS923+ \u0111\u01b0\u1ee3c Synology b\u1ea3o h\u00e0nh ph\u1ea7n c\u1ee9ng 3 n\u0103m. M\u1ed9t s\u1ed1 khu v\u1ef1c c\u00f3 g\u00f3i b\u1ea3o h\u00e0nh m\u1edf r\u1ed9ng 2 n\u0103m t\u00f9y ch\u1ecdn \u0111\u1ec3 m\u1edf r\u1ed9ng ph\u1ea1m vi b\u1ea3o h\u00e0nh l\u00ean \u0111\u1ebfn 5 n\u0103m.<\/p>\n<h3 style=\"text-align: center;\"><strong>DiskStation DS923+<\/strong><\/h3>\n<p><img decoding=\"async\" class=\"aligncenter size-full wp-image-2921\" src=\"https:\/\/www.vietcorp.com\/store\/wp-content\/uploads\/2022\/11\/thiet-bi-luu-tru-nas-synology-ds92330.jpg\" alt=\"Thi\u1ebft b\u1ecb l\u01b0u tr\u1eef NAS Synology DS923+ 11\" width=\"1024\" height=\"351\" srcset=\"https:\/\/vietcorp.com\/store\/wp-content\/uploads\/2022\/11\/thiet-bi-luu-tru-nas-synology-ds92330.jpg 1024w, https:\/\/vietcorp.com\/store\/wp-content\/uploads\/2022\/11\/thiet-bi-luu-tru-nas-synology-ds92330-600x206.jpg 600w, https:\/\/vietcorp.com\/store\/wp-content\/uploads\/2022\/11\/thiet-bi-luu-tru-nas-synology-ds92330-768x263.jpg 768w, https:\/\/vietcorp.com\/store\/wp-content\/uploads\/2022\/11\/thiet-bi-luu-tru-nas-synology-ds92330-640x219.jpg 640w, https:\/\/vietcorp.com\/store\/wp-content\/uploads\/2022\/11\/thiet-bi-luu-tru-nas-synology-ds92330-400x137.jpg 400w, https:\/\/vietcorp.com\/store\/wp-content\/uploads\/2022\/11\/thiet-bi-luu-tru-nas-synology-ds92330-367x126.jpg 367w\" sizes=\"(max-width: 1024px) 100vw, 1024px\" \/><\/p>\n<p style=\"text-align: center;\"><strong>M\u1edf h\u1ed9p NAS Synology DS923+<\/strong><\/p>\n<p><center><iframe loading=\"lazy\" title=\"YouTube video player\" src=\"https:\/\/www.youtube.com\/embed\/KDN8LBx5jnk?si=yBMrDzZGGxFyWQaS\" width=\"560\" height=\"315\" frameborder=\"0\" allowfullscreen=\"allowfullscreen\"><\/iframe><\/center><br \/>\nXem th\u00eam NAS Synology:<\/p>\n<ul>\n<li><a href=\"https:\/\/www.vietcorp.com\/vn\/chung-nhan\/\">Ch\u1ee9ng nh\u1eadn Synology<\/a><\/li>\n<li><a href=\"https:\/\/vietcorp.com\/support\/synology\/\">Support Synology<\/a><\/li>\n<li><a href=\"https:\/\/www.vietcorp.com\/blog\/tag\/showcase-synology\/\">Showcase Synology<\/a><\/li>\n<\/ul>\n<p><script type=\"application\/ld+json\">{\n    \"@context\": \"https:\/\/schema.org\/\",\n    \"@type\": \"CreativeWorkSeries\",\n    \"name\": \"Thi\u1ebft b\u1ecb l\u01b0u tr\u1eef NAS Synology DS923+ - VIETCORP ICT\",\n    \"aggregateRating\": {\n        \"@type\": \"AggregateRating\",\n        \"ratingValue\": \"4.901555\",\n        \"bestRating\": \"5\",\n        \"ratingCount\": \"60\"\n    }\n}<\/script><\/p>\n","protected":false},"excerpt":{"rendered":"<p>Thi\u1ebft b\u1ecb l\u01b0u tr\u1eef NAS Synology DS923+<br \/>\nNAS 4 khay \u1ed5 \u0111\u0129a max 9 \u1ed5 \u0111\u0129a<br \/>\n4GB DDR4 ECC up to 32GB<br \/>\n2 x RJ-45 1GbE<br \/>\nB\u1ea3o h\u00e0nh 36 th\u00e1ng<\/p>\n","protected":false},"featured_media":6997,"template":"","meta":[],"product_brand":[],"product_cat":[15,337],"product_tag":[459,53,42,460,23,20,461],"class_list":{"0":"post-2878","1":"product","2":"type-product","3":"status-publish","4":"has-post-thumbnail","6":"product_cat-nas","7":"product_cat-san-pham-ngung-kinh-doanh","8":"product_tag-ds923","9":"product_tag-nas","10":"product_tag-nas-4-bay","11":"product_tag-nas-ds923","12":"product_tag-synology","13":"product_tag-synology-diskstation","14":"product_tag-synology-ds923","15":"pa_bao-hanh-36-thang","16":"pa_thuong-hieu-synology","18":"first","19":"outofstock","20":"taxable","21":"shipping-taxable","22":"product-type-simple"},"_links":{"self":[{"href":"https:\/\/vietcorp.com\/store\/wp-json\/wp\/v2\/product\/2878","targetHints":{"allow":["GET"]}}],"collection":[{"href":"https:\/\/vietcorp.com\/store\/wp-json\/wp\/v2\/product"}],"about":[{"href":"https:\/\/vietcorp.com\/store\/wp-json\/wp\/v2\/types\/product"}],"wp:featuredmedia":[{"embeddable":true,"href":"https:\/\/vietcorp.com\/store\/wp-json\/wp\/v2\/media\/6997"}],"wp:attachment":[{"href":"https:\/\/vietcorp.com\/store\/wp-json\/wp\/v2\/media?parent=2878"}],"wp:term":[{"taxonomy":"product_brand","embeddable":true,"href":"https:\/\/vietcorp.com\/store\/wp-json\/wp\/v2\/product_brand?post=2878"},{"taxonomy":"product_cat","embeddable":true,"href":"https:\/\/vietcorp.com\/store\/wp-json\/wp\/v2\/product_cat?post=2878"},{"taxonomy":"product_tag","embeddable":true,"href":"https:\/\/vietcorp.com\/store\/wp-json\/wp\/v2\/product_tag?post=2878"}],"curies":[{"name":"wp","href":"https:\/\/api.w.org\/{rel}","templated":true}]}}