


{"id":287,"date":"2020-11-03T10:42:17","date_gmt":"2020-11-03T03:42:17","guid":{"rendered":"https:\/\/www.vietcorp.com\/store\/product\/synology-rs217\/"},"modified":"2024-05-08T17:23:38","modified_gmt":"2024-05-08T10:23:38","slug":"thiet-bi-luu-tru-nas-synology-rs217","status":"publish","type":"product","link":"https:\/\/vietcorp.com\/store\/287\/thiet-bi-luu-tru-nas-synology-rs217\/","title":{"rendered":"Thi\u1ebft b\u1ecb l\u01b0u tr\u1eef NAS Synology RS217"},"content":{"rendered":"<h4 style=\"color: red;\">S\u1ea3n ph\u1ea9m ng\u1eebng kinh doanh<\/h4>\n<h2><span style=\"color: #0000ff;\"><strong>Gi\u1ea3i ph\u00e1p l\u01b0u tr\u1eef t\u1eadp trung m\u1ea1nh m\u1ebd<\/strong><\/span><\/h2>\n<p><a href=\"https:\/\/www.vietcorp.com\/store\/287\/thiet-bi-luu-tru-nas-synology-rs217\/\"><strong>Thi\u1ebft b\u1ecb l\u01b0u tr\u1eef NAS Synology RS217<\/strong><\/a>\u00a0l\u00e0 m\u1ed9t NAS rackmount 2 bays thi\u1ebft k\u1ebf CPU Dual-core v\u1edbi c\u00f4ng c\u1ee5 m\u00e3 h\u00f3a ph\u1ea7n c\u1ee9ng k\u1ebft h\u1ee3p v\u1edbi 2 c\u1ed5ng network LAN 1GbE , cung c\u1ea5p hi\u1ec7u su\u1ea5t tuy\u1ec7t v\u1eddi v\u00e0 c\u00e1c t\u00ednh n\u0103ng nhu c\u1ea7u c\u1ea7n cho kinh doanh.<\/p>\n<h2><strong><span style=\"color: #0000ff;\">NAS Synology RS217 cung c\u1ea5p ph\u1ea7n c\u1ee9ng m\u1ea1nh m\u1ebd<\/span><\/strong><\/h2>\n<ul>\n<li><strong>B\u1ed9 x\u1eed l\u00fd CPU<\/strong>: Dual-core 1.33GHz<\/li>\n<li><strong>B\u1ed9 nh\u1edb RAM<\/strong>: 512 MB DDR3<\/li>\n<li><strong>T\u1ed1c \u0111\u1ed9<\/strong>: Hi\u1ec7u su\u1ea5t \u0111\u1ecdc l\u00ean \u0111\u1ebfn 221 MB\/s v\u00e0 171 MB\/s<\/li>\n<li><strong>Th\u00e2n thi\u1ec7n m\u00f4i tr\u01b0\u1eddng:\u00a0<\/strong>s\u1eed d\u1ee5ng 12,9W cho ch\u1ebf \u0111\u1ed9 sleep, 21,25W ch\u1ebf \u0111\u1ed9 truy xu\u1ea5t d\u1eef li\u1ec7u<\/li>\n<\/ul>\n<h2><span style=\"color: #0000ff;\"><strong>NAS Synology RS217 <\/strong><\/span><span style=\"color: #0000ff;\"><strong>v\u1edbi thi\u1ebft k\u1ebf nh\u1ecf g\u1ecdn, d\u1ec5 tri\u1ec3n khai<\/strong><\/span><\/h2>\n<p><strong><a href=\"https:\/\/www.vietcorp.com\/store\/nas-synology\/\">Thi\u1ebft b\u1ecb l\u01b0u tr\u1eef NAS Synology<\/a> RS217<\/strong> \u0111\u01b0\u1ee3c thi\u1ebft k\u1ebf khung rackmount 1U 2 bays nh\u1ecf g\u1ecdn ch\u01b0a \u0111\u1ebfn 12 inch v\u00e0 c\u00f3 th\u1ec3 d\u1ec5 d\u00e0ng tri\u1ec3n khai trong gi\u00e1 treo t\u01b0\u1eddng ho\u1eb7c 2 tr\u1ee5, l\u00fd t\u01b0\u1edfng cho c\u00e1c doanh nghi\u1ec7p c\u00f3 kh\u00f4ng gian r\u1ed9ng r\u00e3i.<\/p>\n<p><img decoding=\"async\" class=\"size-full wp-image-1500 aligncenter\" src=\"https:\/\/vietcorp.com\/store\/wp-content\/uploads\/2020\/11\/nas-synology-rs217-deployment_01-vietcorp.png\" alt=\"Thi\u1ebft b\u1ecb l\u01b0u tr\u1eef NAS Synology RS217 1\" width=\"736\" height=\"286\" srcset=\"https:\/\/vietcorp.com\/store\/wp-content\/uploads\/2020\/11\/nas-synology-rs217-deployment_01-vietcorp.png?v=1668220063 736w, https:\/\/vietcorp.com\/store\/wp-content\/uploads\/2020\/11\/nas-synology-rs217-deployment_01-vietcorp-600x233.png?v=1668220063 600w, https:\/\/vietcorp.com\/store\/wp-content\/uploads\/2020\/11\/nas-synology-rs217-deployment_01-vietcorp-640x249.png?v=1668220063 640w, https:\/\/vietcorp.com\/store\/wp-content\/uploads\/2020\/11\/nas-synology-rs217-deployment_01-vietcorp-400x155.png?v=1668220063 400w, https:\/\/vietcorp.com\/store\/wp-content\/uploads\/2020\/11\/nas-synology-rs217-deployment_01-vietcorp-367x143.png?v=1668220063 367w\" sizes=\"(max-width: 736px) 100vw, 736px\" \/><\/p>\n<h2><span style=\"color: #0000ff;\"><strong>Truy c\u1eadp v\u00e0 \u0111\u1ed3ng b\u1ed9 h\u00f3a c\u00e1c t\u1ec7p c\u1ee7a b\u1ea1n m\u1ed9t c\u00e1ch li\u1ec1n m\u1ea1ch<\/strong><\/span><\/h2>\n<p>Synology Drive cung c\u1ea5p m\u1ed9t c\u1ed5ng th\u00f4ng tin chung \u0111\u01b0\u1ee3c t\u00edch h\u1ee3p s\u1eb5n \u0111\u1ec3 truy c\u1eadp d\u1eef li\u1ec7u c\u1ee7a b\u1ea1n m\u1ecdi l\u00fac, m\u1ecdi n\u01a1i v\u00e0 \u0111\u1ed3ng b\u1ed9 h\u00f3a t\u1ea5t c\u1ea3 c\u00e1c t\u1ec7p c\u1ee7a b\u1ea1n tr\u00ean c\u00e1c n\u1ec1n t\u1ea3ng, bao g\u1ed3m Windows, macOS, Linux, Android v\u00e0 iOS.<\/p>\n<p><img decoding=\"async\" class=\"aligncenter wp-image-3871 size-full\" src=\"https:\/\/vietcorp.com\/blog\/wp-content\/uploads\/2020\/12\/Access.jpg\" alt=\"Thi\u1ebft b\u1ecb l\u01b0u tr\u1eef NAS Synology RS217 2\" width=\"920\" height=\"645\" \/><\/p>\n<h2><strong><span style=\"color: #0000ff;\">Qu\u1ea3n l\u00fd v\u00e0 chia s\u1ebb t\u00e0i li\u1ec7u ho\u00e0n h\u1ea3o t\u1eeb DSM<\/span><\/strong><\/h2>\n<p>File Station l\u00e0 m\u1ed9t c\u00f4ng c\u1ee5 qu\u1ea3n l\u00fd web nhanh ch\u00f3ng v\u00e0 an to\u00e0n r\u1ea5t d\u1ec5 s\u1eed d\u1ee5ng, ph\u01b0\u01a1ng th\u1ee9c ho\u1ea1t \u0111\u1ed9ng tr\u1ef1c quan, ch\u1ec9 c\u1ea7n k\u00e9o v\u00e0 th\u1ea3, kh\u00f4ng c\u1ea7n c\u00e0i \u0111\u1eb7t ph\u1ee9c t\u1ea1p tr\u00ean Mac hay PC. C\u00e1c c\u00f4ng c\u1ee5 l\u1ecdc v\u00e0 t\u00ecm ki\u1ebfm n\u00e2ng cao c\u1ee7a n\u00f3 cho ph\u00e9p b\u1ea1n d\u1ec5 d\u00e0ng s\u1eafp x\u1ebfp v\u00e0 chia s\u1ebb d\u1eef li\u1ec7u. NAS Synology h\u1ed7 tr\u1ee3 c\u00e1c giao th\u1ee9c truy\u1ec1n th\u00f4ng sau: AFP, FTP, iSCSI, NFS, SMB ho\u1eb7c WebDAV.<\/p>\n<p><img decoding=\"async\" class=\"aligncenter wp-image-3825 size-full\" src=\"https:\/\/vietcorp.com\/blog\/wp-content\/uploads\/2020\/12\/file_management_computer_01.png\" alt=\"Thi\u1ebft b\u1ecb l\u01b0u tr\u1eef NAS Synology RS217 3\" width=\"650\" height=\"442\" \/><\/p>\n<h2 class=\"center\"><span style=\"color: #0000ff;\"><strong>C\u1ed9ng t\u00e1c file trong th\u1eddi gian v\u1edbi cloud private c\u1ee7a b\u1ea1n<\/strong><\/span><\/h2>\n<p>Synology Office l\u00e0 m\u1ed9t gi\u1ea3i ph\u00e1p h\u00e0i h\u00f2a k\u1ebft h\u1ee3p s\u1ef1 ti\u1ec7n l\u1ee3i v\u00e0 kh\u1ea3 n\u0103ng s\u1eed d\u1ee5ng c\u1ee7a public cloud v\u1edbi quy\u1ec1n ri\u00eang t\u01b0 v\u00e0 b\u1ea3o m\u1eadt tr\u00ean cloud ri\u00eang. N\u00f3 cho ph\u00e9p c\u1ed9ng t\u00e1c li\u1ec1n m\u1ea1ch tr\u00ean c\u00e1c t\u00e0i li\u1ec7u v\u00e0 b\u1ea3ng t\u00ednh trong m\u00f4i tr\u01b0\u1eddng \u0111\u01b0\u1ee3c b\u1ea3o v\u1ec7.<\/p>\n<p><img decoding=\"async\" class=\"wp-image-3896 size-full aligncenter\" src=\"https:\/\/www.vietcorp.com\/blog\/wp-content\/uploads\/2020\/12\/synology-office.png\" alt=\"Thi\u1ebft b\u1ecb l\u01b0u tr\u1eef NAS Synology RS217 4\" width=\"1698\" height=\"634\" \/><\/p>\n<h2><span id=\"Be_ngoai_cua_DS1520\" style=\"color: #0000ff;\"><strong>B\u1ec1 ngo\u00e0i c\u1ee7a Nas Synology RS217<\/strong><\/span><\/h2>\n<p>&nbsp;<\/p>\n<table>\n<tbody>\n<tr>\n<td style=\"text-align: left;\"><strong>M\u1eb7t tr\u01b0\u1edbc Nas Synology RS217<\/strong><\/td>\n<td style=\"text-align: left;\"><strong>M\u1eb7t sau Nas Synology RS217<\/strong><\/td>\n<\/tr>\n<tr>\n<td><img decoding=\"async\" class=\"alignnone size-full wp-image-1503\" src=\"https:\/\/vietcorp.com\/store\/wp-content\/uploads\/2020\/11\/nas-synology-rs217-backpanel_01-vietcorp.png\" alt=\"Thi\u1ebft b\u1ecb l\u01b0u tr\u1eef NAS Synology RS217 5\" width=\"670\" height=\"186\" srcset=\"https:\/\/vietcorp.com\/store\/wp-content\/uploads\/2020\/11\/nas-synology-rs217-backpanel_01-vietcorp.png?v=1668220054 670w, https:\/\/vietcorp.com\/store\/wp-content\/uploads\/2020\/11\/nas-synology-rs217-backpanel_01-vietcorp-600x167.png?v=1668220054 600w, https:\/\/vietcorp.com\/store\/wp-content\/uploads\/2020\/11\/nas-synology-rs217-backpanel_01-vietcorp-640x178.png?v=1668220054 640w, https:\/\/vietcorp.com\/store\/wp-content\/uploads\/2020\/11\/nas-synology-rs217-backpanel_01-vietcorp-400x111.png?v=1668220054 400w, https:\/\/vietcorp.com\/store\/wp-content\/uploads\/2020\/11\/nas-synology-rs217-backpanel_01-vietcorp-367x102.png?v=1668220054 367w\" sizes=\"(max-width: 670px) 100vw, 670px\" \/><\/td>\n<td><img decoding=\"async\" class=\"alignnone size-full wp-image-1502\" src=\"https:\/\/vietcorp.com\/store\/wp-content\/uploads\/2020\/11\/nas-synology-rs217-backpanel_02-vietcorp.png\" alt=\"Thi\u1ebft b\u1ecb l\u01b0u tr\u1eef NAS Synology RS217 6\" width=\"671\" height=\"185\" srcset=\"https:\/\/vietcorp.com\/store\/wp-content\/uploads\/2020\/11\/nas-synology-rs217-backpanel_02-vietcorp.png?v=1668220058 671w, https:\/\/vietcorp.com\/store\/wp-content\/uploads\/2020\/11\/nas-synology-rs217-backpanel_02-vietcorp-600x165.png?v=1668220058 600w, https:\/\/vietcorp.com\/store\/wp-content\/uploads\/2020\/11\/nas-synology-rs217-backpanel_02-vietcorp-640x176.png?v=1668220058 640w, https:\/\/vietcorp.com\/store\/wp-content\/uploads\/2020\/11\/nas-synology-rs217-backpanel_02-vietcorp-400x110.png?v=1668220058 400w, https:\/\/vietcorp.com\/store\/wp-content\/uploads\/2020\/11\/nas-synology-rs217-backpanel_02-vietcorp-367x101.png?v=1668220058 367w\" sizes=\"(max-width: 671px) 100vw, 671px\" \/><\/td>\n<\/tr>\n<tr>\n<td>1. C\u1ed5ng USB 2.0<\/td>\n<td>8. Qu\u1ea1t h\u1ec7 th\u1ed1ng<\/td>\n<\/tr>\n<tr>\n<td>2. \u0110\u00e8n b\u00e1o tr\u1ea1ng th\u00e1i<\/td>\n<td>9. Console port<\/td>\n<\/tr>\n<tr>\n<td>3. \u0110\u00e8n b\u00e1o tr\u1ea1ng th\u00e1i \u1ed5 \u0111\u0129a<\/td>\n<td>10. eSATA port<\/td>\n<\/tr>\n<tr>\n<td>4. \u0110\u00e8n b\u00e1o ngu\u1ed3n<\/td>\n<td>11. Network 1GbE RJ-45 port<\/td>\n<\/tr>\n<tr>\n<td>5. N\u00fat ngu\u1ed3n<\/td>\n<td>12. N\u00fat reset<\/td>\n<\/tr>\n<tr>\n<td>6. Khay \u1ed5 \u0111\u0129a<\/td>\n<td>13. C\u1ed5ng USB 3.0<\/td>\n<\/tr>\n<tr>\n<td>7. Ngu\u1ed3n \u0111i\u1ec7n<\/td>\n<td><\/td>\n<\/tr>\n<\/tbody>\n<\/table>\n<p>Xem th\u00eam th\u00f4ng tin h\u1ed7 tr\u1ee3 cho <strong>thi\u1ebft b\u1ecb l\u01b0u tr\u1eef NAS Synology RS217<\/strong><\/p>\n<ul>\n<li><a href=\"https:\/\/vietcorp.com\/support\/synology\/\">Support Synology<\/a><\/li>\n<li><a href=\"https:\/\/vietcorp.com\/blog\/tag\/tin-tuc-synology\">Tin t\u1ee9c Synology<\/a><\/li>\n<li><a href=\"https:\/\/www.vietcorp.com\/blog\/showcase\/\">Showcase s\u1ea3n ph\u1ea9m Synology<\/a><\/li>\n<\/ul>\n","protected":false},"excerpt":{"rendered":"<h4 style=\"color: red;\"><strong>S\u1ea2N PH\u1ea8M NG\u1eeaNG KINH DOANH<\/strong><\/h4>\n<p><a href=\"https:\/\/www.vietcorp.com\/blog\/danh-sach-san-pham-synology-ngung-kinh-doanh-14724.html\/\">(Danh s\u00e1ch s\u1ea3n ph\u1ea9m Synology ng\u1eebng kinh doanh)<\/a><\/p>\n<p>RS217 2 bays<br \/>\nCompact chassis for easy deployment<br \/>\nOver 221 MB\/s reading performance<br \/>\nEco-friendly 21.25W low<\/p>\n","protected":false},"featured_media":1920,"template":"","meta":[],"product_brand":[],"product_cat":[337],"product_tag":[],"class_list":{"0":"post-287","1":"product","2":"type-product","3":"status-publish","4":"has-post-thumbnail","6":"product_cat-san-pham-ngung-kinh-doanh","7":"pa_bao-hanh-36-thang","8":"pa_bo-nho-ram-512-mb","9":"pa_bo-vxl-cpu-marvell-armada","10":"pa_chung-loai-nas","11":"pa_cong-giao-tiep-1-x-esata","12":"pa_cong-giao-tiep-1-x-usb-2-0","13":"pa_cong-giao-tiep-2-x-rj-45-1gbe","14":"pa_cong-giao-tiep-2-x-usb-3-0","15":"pa_drive-bays-2-bays","16":"pa_dung-luong-chua-co-o-cung","17":"pa_form-factor-1u-rackmount","18":"pa_muc-dich-su-dung-danh-cho-doanh-nghiep-lon","19":"pa_muc-dich-su-dung-danh-cho-doanh-nghiep-nho","20":"pa_muc-dich-su-dung-danh-cho-doanh-nghiep-vua","21":"pa_thuong-hieu-synology","22":"pa_tinh-nang-phan-cung-hot-swappable-drives","24":"first","25":"outofstock","26":"taxable","27":"shipping-taxable","28":"product-type-simple"},"_links":{"self":[{"href":"https:\/\/vietcorp.com\/store\/wp-json\/wp\/v2\/product\/287","targetHints":{"allow":["GET"]}}],"collection":[{"href":"https:\/\/vietcorp.com\/store\/wp-json\/wp\/v2\/product"}],"about":[{"href":"https:\/\/vietcorp.com\/store\/wp-json\/wp\/v2\/types\/product"}],"wp:featuredmedia":[{"embeddable":true,"href":"https:\/\/vietcorp.com\/store\/wp-json\/wp\/v2\/media\/1920"}],"wp:attachment":[{"href":"https:\/\/vietcorp.com\/store\/wp-json\/wp\/v2\/media?parent=287"}],"wp:term":[{"taxonomy":"product_brand","embeddable":true,"href":"https:\/\/vietcorp.com\/store\/wp-json\/wp\/v2\/product_brand?post=287"},{"taxonomy":"product_cat","embeddable":true,"href":"https:\/\/vietcorp.com\/store\/wp-json\/wp\/v2\/product_cat?post=287"},{"taxonomy":"product_tag","embeddable":true,"href":"https:\/\/vietcorp.com\/store\/wp-json\/wp\/v2\/product_tag?post=287"}],"curies":[{"name":"wp","href":"https:\/\/api.w.org\/{rel}","templated":true}]}}