


{"id":283,"date":"2020-11-03T10:42:00","date_gmt":"2020-11-03T03:42:00","guid":{"rendered":"https:\/\/www.vietcorp.com\/store\/product\/synology-rs819\/"},"modified":"2024-05-09T15:30:04","modified_gmt":"2024-05-09T08:30:04","slug":"thiet-bi-luu-tru-nas-synology-rs819","status":"publish","type":"product","link":"https:\/\/vietcorp.com\/store\/283\/thiet-bi-luu-tru-nas-synology-rs819\/","title":{"rendered":"Thi\u1ebft b\u1ecb l\u01b0u tr\u1eef NAS Synology RS819"},"content":{"rendered":"<section class=\"wpb-content-wrapper\"><p>[vc_row][vc_column][vc_column_text]<\/p>\n<h4 style=\"color: red;\">S\u1ea3n ph\u1ea9m ng\u1eebng kinh doanh<\/h4>\n<p>[\/vc_column_text][\/vc_column][\/vc_row][vc_row][vc_column][vc_column_text]S\u1ea3n ph\u1ea9m thay th\u1ebf[\/vc_column_text]<div class=\"woocommerce \">\r\n<ul class=\"products products-container grid pcols-lg-4 pcols-md-3 pcols-xs-2 pcols-ls-1 pwidth-lg-4 pwidth-md-3 pwidth-xs-2 pwidth-ls-1 is-shortcode\"\r\r\n\t data-product_layout=\"product-default\">\r\r\n\r\n\r\r\n<li class=\"product-col product-default product type-product post-2016 status-publish first instock product_cat-nas product_cat-rackstation-plus-series product_tag-nas product_tag-nas-4-bay product_tag-nas-rs822 product_tag-rackstation product_tag-rs822 product_tag-synology product_tag-synology-rs822 has-post-thumbnail taxable shipping-taxable product-type-simple\">\r\r\n<div class=\"product-inner\">\r\r\n\t\r\n\r\r\n\t<div class=\"product-image\">\r\r\n\r\r\n\t\t<a  href=\"https:\/\/vietcorp.com\/store\/2016\/thiet-bi-luu-tru-nas-synology-rs822\/\" aria-label=\"product\">\r\r\n\t\t\t<div class=\"inner img-effect\"><img decoding=\"async\" width=\"600\" height=\"600\" src=\"https:\/\/vietcorp.com\/store\/wp-content\/uploads\/2022\/10\/nas-synology-rs8221.png\" class=\"attachment-woocommerce_thumbnail size-woocommerce_thumbnail\" alt=\"Synology RS822+\" srcset=\"https:\/\/vietcorp.com\/store\/wp-content\/uploads\/2022\/10\/nas-synology-rs8221.png 600w, https:\/\/vietcorp.com\/store\/wp-content\/uploads\/2022\/10\/nas-synology-rs8221-400x400.png 400w, https:\/\/vietcorp.com\/store\/wp-content\/uploads\/2022\/10\/nas-synology-rs8221-560x560.png 560w, https:\/\/vietcorp.com\/store\/wp-content\/uploads\/2022\/10\/nas-synology-rs8221-367x367.png 367w\" sizes=\"(max-width: 600px) 100vw, 600px\" \/><img decoding=\"async\" width=\"600\" height=\"600\" src=\"https:\/\/vietcorp.com\/store\/wp-content\/uploads\/2022\/10\/nas-synology-rs8222.png\" class=\"hover-image\" alt=\"\" srcset=\"https:\/\/vietcorp.com\/store\/wp-content\/uploads\/2022\/10\/nas-synology-rs8222.png 600w, https:\/\/vietcorp.com\/store\/wp-content\/uploads\/2022\/10\/nas-synology-rs8222-400x400.png 400w, https:\/\/vietcorp.com\/store\/wp-content\/uploads\/2022\/10\/nas-synology-rs8222-560x560.png 560w, https:\/\/vietcorp.com\/store\/wp-content\/uploads\/2022\/10\/nas-synology-rs8222-367x367.png 367w\" sizes=\"(max-width: 600px) 100vw, 600px\" \/><\/div>\r\n\t\t<\/a>\r\r\n\t\r\n\t\r\n\t<\/div>\r\r\n\r\r\n\t<div class=\"product-content\">\r\r\n\t\t<span class=\"category-list\"><a href=\"https:\/\/vietcorp.com\/store\/product-category\/nas\/\" rel=\"tag\">NAS<\/a>, <a href=\"https:\/\/vietcorp.com\/store\/product-category\/nas\/rackstation-plus-series\/\" rel=\"tag\">RackStation Plus Series<\/a><\/span>\r\n\r\r\n\t\t\r\n\t<a class=\"product-loop-title\"  href=\"https:\/\/vietcorp.com\/store\/2016\/thiet-bi-luu-tru-nas-synology-rs822\/\">\r\r\n\t<h3 class=\"woocommerce-loop-product__title\">Synology RS822+<\/h3>\r\n\t<\/a>\r\r\n\t\r\n\r\r\n\t\t\r\n\t<div class=\"description\">\r\r\n\t\t\r\n\t\t<p class=\"post-excerpt\">Thi\u1ebft b\u1ecb l\u01b0u tr\u1eef NAS Synology RS822+<br \/>\nNAS 4 khay \u1ed5 \u0111\u0129a max 8 \u1ed5 \u0111\u0129a<br \/>\n2 GB DDR4 ECC up to 32 GB<br \/>\n4 RJ-45 1GbE<br \/>\nB\u1ea3o h\u00e0nh 36 th\u00e1ng<\/p>\n\r\n\t<\/div>\r\r\n\t\n\t<span class=\"price\">Li\u00ean h\u1ec7<\/span>\n\r\n\r\r\n\t\t\r\n<div class=\"add-links-wrap\">\r\r\n\t<div class=\"add-links clearfix\">\r\r\n\t\t\r\n\t\r\n\t<span id=\"woocommerce_loop_add_to_cart_link_describedby_2016\" class=\"screen-reader-text\">\r\r\n\t\t\r\n\t<\/span>\r\r\n\t\r\n\t<div class=\"quickview\" data-id=\"2016\" title=\"Xem nhanh\">Xem nhanh<\/div>\r\n\t<\/div>\r\r\n\t\r\n<\/div>\r\r\n<a href=\"#\" class=\"button wcq_enquiry_cart_btn\" data-product_id=\"2016\">Y\u00eau c\u1ea7u b\u00e1o gi\u00e1<\/a><span class=\"gtm4wp_productdata\" style=\"display:none; visibility:hidden;\" data-gtm4wp_product_data=\"{&quot;internal_id&quot;:2016,&quot;item_id&quot;:2016,&quot;item_name&quot;:&quot;Synology RS822+&quot;,&quot;sku&quot;:&quot;SYNOLOGY-RS822+&quot;,&quot;price&quot;:0,&quot;stocklevel&quot;:2,&quot;stockstatus&quot;:&quot;instock&quot;,&quot;google_business_vertical&quot;:&quot;retail&quot;,&quot;item_category&quot;:&quot;RackStation Plus Series&quot;,&quot;id&quot;:2016,&quot;productlink&quot;:&quot;https:\\\/\\\/vietcorp.com\\\/store\\\/2016\\\/thiet-bi-luu-tru-nas-synology-rs822\\\/&quot;,&quot;item_list_name&quot;:&quot;General Product List&quot;,&quot;index&quot;:1,&quot;product_type&quot;:&quot;simple&quot;,&quot;item_brand&quot;:&quot;&quot;}\"><\/span>\r\n\t<\/div>\r\r\n<\/div>\r\r\n\r\r\n<\/li>\r\r\n\r\n<\/ul>\r\r\n<\/div>[\/vc_column][\/vc_row][vc_row][vc_column][vc_column_text]<br \/>\n<strong>NAS Synology RS819<\/strong> l\u00e0 m\u1ed9t NAS rackmount 4 bays \u1ed5 c\u1ee9ng nh\u1ecf g\u1ecdn v\u00e0 c\u00f3 th\u1ec3 m\u1edf r\u1ed9ng \u1edf d\u1ea1ng 1U. V\u1edbi h\u1ed7 tr\u1ee3 c\u00f4ng ngh\u1ec7 snapshot, Synology RS819 mang \u0111\u1ebfn cho c\u00e1c nh\u00f3m l\u00e0m vi\u1ec7c kinh doanh c\u00e1c gi\u1ea3i ph\u00e1p \u0111\u01a1n gi\u1ea3n nh\u01b0ng to\u00e0n di\u1ec7n \u0111\u1ec3 qu\u1ea3n l\u00fd, chia s\u1ebb, \u0111\u1ed3ng b\u1ed9 h\u00f3a v\u00e0 sao l\u01b0u d\u1eef li\u1ec7u.<\/p>\n<h2><span style=\"color: #0000ff;\"><strong><a href=\"https:\/\/www.vietcorp.com\/store\/nas-synology\/\">NAS Synology<\/a> RS819 cung c\u1ea5p ph\u1ea7n c\u1ee9ng m\u1ea1nh m\u1ebd<\/strong><\/span><\/h2>\n<ul>\n<li><strong>B\u1ed9 x\u1eed l\u00fd CPU<\/strong>: quad-core 1.4 GHz<\/li>\n<li><b>B\u1ed9 nh\u1edb RAM<\/b>: 2 GB DDR4 non-ECC<\/li>\n<li><strong>T\u1ed1c \u0111\u1ed9<\/strong>: \u0110\u1ecdc ng\u1eabu nhi\u00ean \u0111\u01b0\u1ee3c m\u00e3 h\u00f3a h\u01a1n 224 MB\/s<\/li>\n<li><strong>Kh\u1ea3 n\u0103ng m\u1edf r\u1ed9ng<\/strong>: V\u1edbi m\u1ed9t RX418, n\u00f3 c\u00f3 th\u1ec3 \u0111\u01b0\u1ee3c m\u1edf r\u1ed9ng l\u00ean 8 \u1ed5 c\u1ee9ng<\/li>\n<\/ul>\n<h2><span style=\"color: #0000ff;\"><strong>NAS Rackmount ti\u1ebft ki\u1ec7m kh\u00f4ng gian \u0111\u1ec3 tri\u1ec3n khai<\/strong><\/span><\/h2>\n<p><strong>NAS Synology RS819<\/strong> h\u1ed7 tr\u1ee3 t\u1ed1i \u0111a 8 bays khi k\u1ebft n\u1ed1i v\u1edbi thi\u1ebft b\u1ecb m\u1edf r\u1ed9ng RX418. V\u00ec RS819 v\u00e0 RX418 \u0111\u1ec1u ch\u1ec9 c\u00f3 chi\u1ec1u s\u00e2u 12 inch n\u00ean ch\u00fang c\u00f3 th\u1ec3 ho\u00e0n to\u00e0n ph\u00f9 h\u1ee3p trong gi\u00e1 treo 2 tr\u1ee5 ho\u1eb7c gi\u00e1 treo t\u01b0\u1eddng.<\/p>\n<p><img decoding=\"async\" class=\"alignnone wp-image-1283 size-full\" src=\"https:\/\/vietcorp.com\/store\/wp-content\/uploads\/2020\/11\/nas-synology-rs819-rackmount_01-vietcorp.png\" alt=\"Thi\u1ebft b\u1ecb l\u01b0u tr\u1eef NAS Synology RS819 1\" width=\"680\" height=\"640\" srcset=\"https:\/\/vietcorp.com\/store\/wp-content\/uploads\/2020\/11\/nas-synology-rs819-rackmount_01-vietcorp.png?v=1668220361 680w, https:\/\/vietcorp.com\/store\/wp-content\/uploads\/2020\/11\/nas-synology-rs819-rackmount_01-vietcorp-600x565.png?v=1668220361 600w, https:\/\/vietcorp.com\/store\/wp-content\/uploads\/2020\/11\/nas-synology-rs819-rackmount_01-vietcorp-640x602.png?v=1668220361 640w, https:\/\/vietcorp.com\/store\/wp-content\/uploads\/2020\/11\/nas-synology-rs819-rackmount_01-vietcorp-400x376.png?v=1668220361 400w, https:\/\/vietcorp.com\/store\/wp-content\/uploads\/2020\/11\/nas-synology-rs819-rackmount_01-vietcorp-367x345.png?v=1668220361 367w\" sizes=\"(max-width: 680px) 100vw, 680px\" \/><\/p>\n<h2><strong><span style=\"color: #0000ff;\"><span style=\"vertical-align: inherit;\"><span style=\"vertical-align: inherit;\"><span style=\"vertical-align: inherit;\"><span style=\"vertical-align: inherit;\">\u0110\u1ea7y \u0111\u1ee7 ch\u1ee9c n\u0103ng qu\u1ea3n l\u00fd v\u00e0 chia s\u1ebb t\u00e0i li\u1ec7u\u00a0<\/span><\/span><\/span><\/span><\/span><\/strong><\/h2>\n<p><span style=\"vertical-align: inherit;\"><span style=\"vertical-align: inherit;\"><span style=\"vertical-align: inherit;\"><span style=\"vertical-align: inherit;\">File Station l\u00e0 m\u1ed9t c\u00f4ng c\u1ee5 qu\u1ea3n l\u00fd web r\u1ea5t d\u1ec5 s\u1eed d\u1ee5ng, ho\u1ea1t \u0111\u1ed9ng tr\u1ef1c ti\u1ebfp theo ph\u01b0\u01a1ng th\u1ee9c, ch\u1ec9 c\u1ea7n k\u00e9o v\u00e0 th\u1ea3, kh\u00f4ng c\u1ea7n c\u00e0i \u0111\u1eb7t t\u1ea1p ch\u00ed ph\u00e2n lo\u1ea1i tr\u00ean Mac hay PC. <\/span><\/span><\/span><span style=\"vertical-align: inherit;\"><span style=\"vertical-align: inherit;\"><span style=\"vertical-align: inherit;\">C\u00e1c c\u00f4ng c\u1ee5 l\u1ecdc v\u00e0 t\u00ecm ki\u1ebfm n\u00e2ng cao c\u1ee7a n\u00f3 cho ph\u00e9p b\u1ea1n d\u1ec5 d\u00e0ng s\u1eafp x\u1ebfp v\u00e0 chia s\u1ebb d\u1eef li\u1ec7u. <\/span><\/span><\/span><span style=\"vertical-align: inherit;\"><span style=\"vertical-align: inherit;\"><span style=\"vertical-align: inherit;\">NAS Synology RS819 h\u1ed7 tr\u1ee3 c\u00e1c ph\u01b0\u01a1ng th\u1ee9c truy\u1ec1n th\u00f4ng sau: AFP, FTP, iSCSI, NFS, SMB ho\u1eb7c WebDAV.<\/span><\/span><\/span><\/span><img decoding=\"async\" class=\"aligncenter wp-image-3825 size-full\" src=\"https:\/\/vietcorp.com\/blog\/wp-content\/uploads\/2020\/12\/file_management_computer_01.png\" alt=\"Thi\u1ebft b\u1ecb l\u01b0u tr\u1eef NAS Synology RS819 2\" width=\"650\" height=\"442\" \/><\/p>\n<h2><strong><span style=\"color: #0000ff;\"><span style=\"vertical-align: inherit;\">C<\/span><\/span><\/strong><span style=\"color: #0000ff;\"><strong>\u00f4ng ngh\u1ec7 l\u01b0u tr\u1eef ti\u00ean ti\u1ebfn<\/strong><\/span><\/h2>\n<p>H\u1ec7 th\u1ed1ng t\u1ec7p Btrfs gi\u1edbi thi\u1ec7u c\u00e1c c\u00f4ng ngh\u1ec7 l\u01b0u tr\u1eef ti\u00ean ti\u1ebfn v\u00e0 \u1ea3nh ch\u1ee5p nhanh \u0111\u01b0\u1ee3c t\u1ed1i \u01b0u h\u00f3a \u0111\u1ec3 ng\u0103n ng\u1eeba l\u1ed7i d\u1eef li\u1ec7u v\u00e0 gi\u1ea3m chi ph\u00ed b\u1ea3o tr\u00ec.\u00a0Trong khi \u0111\u1ea3m b\u1ea3o t\u00ednh to\u00e0n v\u1eb9n c\u1ee7a d\u1eef li\u1ec7u c\u1ea5p cao, n\u00f3 c\u0169ng cung c\u1ea5p c\u00e1c c\u00f4ng c\u1ee5 ph\u1ee5c h\u1ed3i v\u00e0 b\u1ea3o v\u1ec7 d\u1eef li\u1ec7u linh ho\u1ea1t, hi\u1ec7u qu\u1ea3.<\/p>\n<p><img decoding=\"async\" class=\"aligncenter wp-image-3950 size-full\" src=\"https:\/\/vietcorp.com\/blog\/wp-content\/uploads\/2020\/12\/Btrfs_04_black.gif\" alt=\"Thi\u1ebft b\u1ecb l\u01b0u tr\u1eef NAS Synology RS819 3\" width=\"597\" height=\"122\" \/><\/p>\n<h2><strong><span style=\"color: #0000ff;\"><span style=\"vertical-align: inherit;\">Thi\u1ebft k\u1ebf v\u1edbi \u0111\u1ed9 tin c\u1eady cao<\/span><\/span><\/strong><\/h2>\n<p><span style=\"vertical-align: inherit;\">NAS Synology RS819\u00a0 \u0111\u01b0\u1ee3c thi\u1ebft k\u1ebfcung c\u1ea5p d\u1ecbch v\u1ee5 l\u01b0u tr\u1eef d\u1eef li\u1ec7u \u0111\u00e1ng tin c\u1eady v\u00e0 \u0111i k\u00e8m v\u1edbi ph\u1ea7n c\u1ee9ng ba n\u0103m c\u1ee7a Synology. Kh\u00e1ch h\u00e0ng \u1edf m\u1ed9t s\u1ed1 khu v\u1ef1c c\u0169ng c\u00f3 th\u1ec3 mua b\u1ea3o hi\u1ec3m m\u1edf r\u1ed9ng hai n\u0103m \u0111\u1ec3 y\u00ean t\u00e2m h\u01a1n trong n\u0103m.<\/span><\/p>\n<p><img decoding=\"async\" class=\"aligncenter wp-image-3831 size-full\" src=\"https:\/\/vietcorp.com\/blog\/wp-content\/uploads\/2020\/12\/extended_warranty_01-1.png\" alt=\"Thi\u1ebft b\u1ecb l\u01b0u tr\u1eef NAS Synology RS819 4\" width=\"544\" height=\"420\" \/><\/p>\n<p>&nbsp;<\/p>\n<h2><span id=\"Be_ngoai_cua_DS1520\" style=\"color: #0000ff;\"><strong>B\u1ec1 ngo\u00e0i c\u1ee7a NAS Synology RS819<\/strong><\/span><\/h2>\n<table>\n<tbody>\n<tr>\n<td><strong><span style=\"vertical-align: inherit;\"><span style=\"vertical-align: inherit;\">M\u1eb7t tr\u01b0\u1edbc NAS Synology RS819<\/span><\/span><\/strong><\/td>\n<td><strong><span style=\"vertical-align: inherit;\"><span style=\"vertical-align: inherit;\">M\u1eb7t sau NAS Synology RS819<\/span><\/span><\/strong><\/td>\n<\/tr>\n<tr>\n<td><img decoding=\"async\" class=\"alignnone wp-image-1285 size-full\" src=\"https:\/\/vietcorp.com\/store\/wp-content\/uploads\/2020\/11\/nas-synology-rs819-backpanel_01-vietcorp.png\" alt=\"Thi\u1ebft b\u1ecb l\u01b0u tr\u1eef NAS Synology RS819 5\" width=\"667\" height=\"199\" srcset=\"https:\/\/vietcorp.com\/store\/wp-content\/uploads\/2020\/11\/nas-synology-rs819-backpanel_01-vietcorp.png?v=1668220353 667w, https:\/\/vietcorp.com\/store\/wp-content\/uploads\/2020\/11\/nas-synology-rs819-backpanel_01-vietcorp-600x179.png?v=1668220353 600w, https:\/\/vietcorp.com\/store\/wp-content\/uploads\/2020\/11\/nas-synology-rs819-backpanel_01-vietcorp-640x191.png?v=1668220353 640w, https:\/\/vietcorp.com\/store\/wp-content\/uploads\/2020\/11\/nas-synology-rs819-backpanel_01-vietcorp-400x119.png?v=1668220353 400w, https:\/\/vietcorp.com\/store\/wp-content\/uploads\/2020\/11\/nas-synology-rs819-backpanel_01-vietcorp-367x109.png?v=1668220353 367w\" sizes=\"(max-width: 667px) 100vw, 667px\" \/><\/td>\n<td><img decoding=\"async\" class=\"alignnone size-full wp-image-1284\" src=\"https:\/\/vietcorp.com\/store\/wp-content\/uploads\/2020\/11\/nas-synology-rs819-backpanel_02-vietcorp.png\" alt=\"Thi\u1ebft b\u1ecb l\u01b0u tr\u1eef NAS Synology RS819 6\" width=\"668\" height=\"199\" srcset=\"https:\/\/vietcorp.com\/store\/wp-content\/uploads\/2020\/11\/nas-synology-rs819-backpanel_02-vietcorp.png?v=1668220357 668w, https:\/\/vietcorp.com\/store\/wp-content\/uploads\/2020\/11\/nas-synology-rs819-backpanel_02-vietcorp-600x179.png?v=1668220357 600w, https:\/\/vietcorp.com\/store\/wp-content\/uploads\/2020\/11\/nas-synology-rs819-backpanel_02-vietcorp-640x191.png?v=1668220357 640w, https:\/\/vietcorp.com\/store\/wp-content\/uploads\/2020\/11\/nas-synology-rs819-backpanel_02-vietcorp-400x119.png?v=1668220357 400w, https:\/\/vietcorp.com\/store\/wp-content\/uploads\/2020\/11\/nas-synology-rs819-backpanel_02-vietcorp-367x109.png?v=1668220357 367w\" sizes=\"(max-width: 668px) 100vw, 668px\" \/><\/td>\n<\/tr>\n<tr>\n<td><span style=\"vertical-align: inherit;\"><span style=\"vertical-align: inherit;\">1. N\u00fat ngu\u1ed3n v\u00e0 \u0111\u00e8n b\u00e1o<\/span><\/span><\/td>\n<td><span style=\"vertical-align: inherit;\"><span style=\"vertical-align: inherit;\">9. Ngu\u1ed3n \u0111i\u1ec7n<\/span><\/span><\/td>\n<\/tr>\n<tr>\n<td><span style=\"vertical-align: inherit;\"><span style=\"vertical-align: inherit;\">2. \u0110\u00e8n b\u00e1o\u00a0m\u1ea1ng LAN<\/span><\/span><\/td>\n<td><span style=\"vertical-align: inherit;\"><span style=\"vertical-align: inherit;\">10. Network port RJ-45\u00a01GbE\u00a0<\/span><\/span><\/td>\n<\/tr>\n<tr>\n<td><span style=\"vertical-align: inherit;\"><span style=\"vertical-align: inherit;\">3. \u0110\u00e8n b\u00e1o tr\u1ea1ng th\u00e1i \u1ed5 c\u1ee9ng<\/span><\/span><\/td>\n<td><span style=\"vertical-align: inherit;\"><span style=\"vertical-align: inherit;\">11. C\u1ed5ng USB 3.0<\/span><\/span><\/td>\n<\/tr>\n<tr>\n<td><span style=\"vertical-align: inherit;\"><span style=\"vertical-align: inherit;\">4. N\u00fat t\u1eaft ti\u1ebfng b\u00edp<\/span><\/span><\/td>\n<td><span style=\"vertical-align: inherit;\"><span style=\"vertical-align: inherit;\">12. eSATA port<\/span><\/span><\/td>\n<\/tr>\n<tr>\n<td><span style=\"vertical-align: inherit;\"><span style=\"vertical-align: inherit;\">5. \u0110\u00e8n b\u00e1o tr\u1ea1ng th\u00e1i<\/span><\/span><\/td>\n<td><span style=\"vertical-align: inherit;\"><span style=\"vertical-align: inherit;\">13. N\u00fat reset<\/span><\/span><\/td>\n<\/tr>\n<tr>\n<td><span style=\"vertical-align: inherit;\"><span style=\"vertical-align: inherit;\">6. Khay \u1ed5 \u0111\u0129a<\/span><\/span><\/td>\n<td><\/td>\n<\/tr>\n<tr>\n<td><span style=\"vertical-align: inherit;\"><span style=\"vertical-align: inherit;\">7. Console port<\/span><\/span><\/td>\n<td><\/td>\n<\/tr>\n<tr>\n<td><span style=\"vertical-align: inherit;\"><span style=\"vertical-align: inherit;\">8. Qu\u1ea1t h\u1ec7 th\u1ed1ng<\/span><\/span><\/td>\n<td><\/td>\n<\/tr>\n<\/tbody>\n<\/table>\n<p>Xem th\u00eam th\u00f4ng tin h\u1ed7 tr\u1ee3 cho\u00a0<strong>Thi\u1ebft b\u1ecb l\u01b0u tr\u1eef Synology RS819<\/strong><\/p>\n<ul>\n<li><a href=\"https:\/\/vietcorp.com\/support\/synology\/\">Support Synology<\/a><\/li>\n<li><a href=\"https:\/\/vietcorp.com\/blog\/tag\/tin-tuc-synology\">Tin t\u1ee9c Synology<\/a><\/li>\n<li><a href=\"https:\/\/vietcorp.com\/blog\/tag\/gioi-thieu-san-pham-synology\">Gi\u1edbi thi\u1ec7u s\u1ea3n ph\u1ea9m Synology<\/a><\/li>\n<\/ul>\n<p>[\/vc_column_text][\/vc_column][\/vc_row]<\/p>\n<\/section>","protected":false},"excerpt":{"rendered":"<h4 style=\"color: red;\"><strong>S\u1ea2N PH\u1ea8M NG\u1eeaNG KINH DOANH<\/strong><\/h4>\n<p><a href=\"https:\/\/www.vietcorp.com\/blog\/danh-sach-san-pham-synology-ngung-kinh-doanh-14724.html\/\">(Danh s\u00e1ch s\u1ea3n ph\u1ea9m Synology ng\u1eebng kinh doanh)<\/a><\/p>\n<p>RS819 4 bays<br \/>\n64-bit quad-core 1.4 GHz CPU<br \/>\nCompact 1U 12-inch-depth design<br \/>\nOver 224 MB\/s encrypted<\/p>\n","protected":false},"featured_media":280,"template":"","meta":[],"product_brand":[],"product_cat":[337],"product_tag":[],"class_list":{"0":"post-283","1":"product","2":"type-product","3":"status-publish","4":"has-post-thumbnail","6":"product_cat-san-pham-ngung-kinh-doanh","7":"pa_bao-hanh-36-thang","8":"pa_bo-nho-ram-2-gb","9":"pa_chung-loai-nas","10":"pa_cong-giao-tiep-1-x-esata","11":"pa_cong-giao-tiep-2-x-rj-45-1gbe","12":"pa_cong-giao-tiep-2-x-usb-3-0","13":"pa_drive-bays-4-bays","14":"pa_dung-luong-chua-co-o-cung","15":"pa_form-factor-1u-rackmount","16":"pa_muc-dich-su-dung-danh-cho-doanh-nghiep-nho","17":"pa_muc-dich-su-dung-danh-cho-doanh-nghiep-vua","18":"pa_thuong-hieu-synology","19":"pa_tinh-nang-phan-cung-64-bit-architecture","20":"pa_tinh-nang-phan-cung-expandable-storage-capacity","21":"pa_tinh-nang-phan-cung-hot-swappable-drives","22":"pa_tinh-nang-phan-mem-btrfs-file-system","23":"pa_tinh-nang-phan-mem-snapshot-replication","25":"first","26":"outofstock","27":"taxable","28":"shipping-taxable","29":"product-type-simple"},"_links":{"self":[{"href":"https:\/\/vietcorp.com\/store\/wp-json\/wp\/v2\/product\/283","targetHints":{"allow":["GET"]}}],"collection":[{"href":"https:\/\/vietcorp.com\/store\/wp-json\/wp\/v2\/product"}],"about":[{"href":"https:\/\/vietcorp.com\/store\/wp-json\/wp\/v2\/types\/product"}],"wp:featuredmedia":[{"embeddable":true,"href":"https:\/\/vietcorp.com\/store\/wp-json\/wp\/v2\/media\/280"}],"wp:attachment":[{"href":"https:\/\/vietcorp.com\/store\/wp-json\/wp\/v2\/media?parent=283"}],"wp:term":[{"taxonomy":"product_brand","embeddable":true,"href":"https:\/\/vietcorp.com\/store\/wp-json\/wp\/v2\/product_brand?post=283"},{"taxonomy":"product_cat","embeddable":true,"href":"https:\/\/vietcorp.com\/store\/wp-json\/wp\/v2\/product_cat?post=283"},{"taxonomy":"product_tag","embeddable":true,"href":"https:\/\/vietcorp.com\/store\/wp-json\/wp\/v2\/product_tag?post=283"}],"curies":[{"name":"wp","href":"https:\/\/api.w.org\/{rel}","templated":true}]}}