


{"id":2783,"date":"2022-11-03T09:21:47","date_gmt":"2022-11-03T02:21:47","guid":{"rendered":"https:\/\/www.vietcorp.com\/store\/?post_type=product&#038;p=2783"},"modified":"2022-11-26T11:17:00","modified_gmt":"2022-11-26T04:17:00","slug":"synology-wrx560-wi-fi6","status":"publish","type":"product","link":"https:\/\/vietcorp.com\/store\/2783\/synology-wrx560-wi-fi6\/","title":{"rendered":"Synology WRX560"},"content":{"rendered":"<p><a href=\"https:\/\/www.vietcorp.com\/store\/2783\/synology-wrx560-wi-fi6\/\"><strong>Synology WRX560 WI-FI6<\/strong><\/a> b\u1ed9 \u0111\u1ecbnh tuy\u1ebfn nhanh v\u00e0 an to\u00e0n cho gia \u0111\u00ecnh<\/p>\n<p><strong>Th\u00f4ng s\u1ed1 k\u1ef9 thu\u1eadt Synology WRX560:<\/strong><\/p>\n<ul>\n<li><strong>CPU:<\/strong> Quad core 1.4 GHz<\/li>\n<li><strong>RAM:<\/strong> 512 MB DDR3<\/li>\n<li><strong>Antenna Type:<\/strong>\u00a0 4&#215;4 MIMO high-performance internal antenna (5 GHz), 2&#215;2 MIMO high-performance internal antenna (2.4 GHz)<\/li>\n<li><strong>C\u1ed5ng LAN:<\/strong> 2.5GbE (RJ-45) x 1, Gigabit (RJ-45) x 3<\/li>\n<li><strong>C\u1ed5ng WAN:<\/strong> Gigabit (RJ-45) x 1, 2.5 GbE (RJ-45) x 1 (Dual WAN)<\/li>\n<li><strong>C\u1ed5ng k\u1ebft n\u1ed1i ngo\u00e0i:<\/strong> USB 3.2 Gen 1 x 1 (5V, 0.9A power output)<\/li>\n<li><strong>IEEE 802.11ax:<\/strong> IEEE 802.11a\/b\/g\/n\/ac\/ax, 2.4GHz: 600Mbps, 5GHz: 2400Mbps, Simultaneous dual-band Wi-Fi<\/li>\n<li><strong>Wi-Fi Encryption:<\/strong> WPA\/WPA2-Personal, WPA\/WPA2-Enterprise, WPA2\/WPA3-Personal, WPA3-Personal\/Enterprise, Wi-Fi Enhanced Open (OWE)<\/li>\n<li><strong>B\u1ea3o h\u00e0nh 24 th\u00e1ng<\/strong><\/li>\n<\/ul>\n<p><strong><a href=\"https:\/\/www.vietcorp.com\/store\/nas-synology\/\">Synology<\/a> WRX560 thi\u1ebft k\u1ebf cho ng\u00f4i nh\u00e0 th\u00f4ng minh hi\u1ec7n \u0111\u1ea1i<\/strong><\/p>\n<p><em>Wi-Fi 6<\/em><\/p>\n<p>T\u1ed1c \u0111\u1ed9 kh\u00f4ng d\u00e2y l\u00ean \u0111\u1ebfn 3.000 Mbps<\/p>\n<p><em>H\u1ed7 tr\u1ee3 m\u1ea1ng<\/em><\/p>\n<p>Wi-Fi to\u00e0n nh\u00e0 li\u1ec1n m\u1ea1ch v\u1edbi c\u00e1c b\u1ed9 \u0111\u1ecbnh tuy\u1ebfn Synology kh\u00e1c.<\/p>\n<p><em>Truy c\u1eadp internet an to\u00e0n<\/em><\/p>\n<p>Ph\u1ee5 huynh c\u00f3 th\u1ec3 ki\u1ec3m so\u00e1t to\u00e0n di\u1ec7n<\/p>\n<p><em>2.5GbE WAN \/ LAN<\/em><\/p>\n<p>H\u1ed7 tr\u1ee3 Internet si\u00eau nhanh ho\u1eb7c c\u00e1c thi\u1ebft b\u1ecb hi\u1ec7u su\u1ea5t cao<\/p>\n<p><strong>Wi-Fi nhanh h\u01a1n v\u1edbi ph\u1ea1m vi ph\u1ee7 s\u00f3ng t\u1ed1t h\u01a1n<\/strong><\/p>\n<figure id=\"attachment_2786\" aria-describedby=\"caption-attachment-2786\" style=\"width: 600px\" class=\"wp-caption aligncenter\"><img decoding=\"async\" class=\"size-full wp-image-2786\" src=\"https:\/\/www.vietcorp.com\/store\/wp-content\/uploads\/2022\/11\/thiet-bi-mang-Synology-wrx560-18.jpg\" alt=\"Synology WRX560 WI-FI61\" width=\"600\" height=\"389\" srcset=\"https:\/\/vietcorp.com\/store\/wp-content\/uploads\/2022\/11\/thiet-bi-mang-Synology-wrx560-18.jpg?v=1668218900 600w, https:\/\/vietcorp.com\/store\/wp-content\/uploads\/2022\/11\/thiet-bi-mang-Synology-wrx560-18-400x259.jpg?v=1668218900 400w, https:\/\/vietcorp.com\/store\/wp-content\/uploads\/2022\/11\/thiet-bi-mang-Synology-wrx560-18-367x238.jpg?v=1668218900 367w\" sizes=\"(max-width: 600px) 100vw, 600px\" \/><figcaption id=\"caption-attachment-2786\" class=\"wp-caption-text\">Wi-Fi nhanh h\u01a1n v\u1edbi ph\u1ea1m vi ph\u1ee7 s\u00f3ng t\u1ed1t h\u01a1n<\/figcaption><\/figure>\n<p>C\u00f4ng ngh\u1ec7 Wi-Fi 6 k\u1ebft h\u1ee3p v\u1edbi \u0103ng-ten b\u00ean trong hi\u1ec7u su\u1ea5t cao mang l\u1ea1i t\u1ed1c \u0111\u1ed9 cao h\u01a1n cho nhi\u1ec1u thi\u1ebft b\u1ecb h\u01a1n \u1edf ph\u1ea1m vi l\u1edbn h\u01a1n, t\u1ea5t c\u1ea3 \u0111\u1ec1u n\u1eb1m trong m\u1ed9t thi\u1ebft k\u1ebf nh\u1ecf g\u1ecdn.<\/p>\n<p><strong>M\u1ea1ng Wi-Fi r\u1ed9ng h\u01a1n<\/strong><\/p>\n<figure id=\"attachment_2787\" aria-describedby=\"caption-attachment-2787\" style=\"width: 600px\" class=\"wp-caption aligncenter\"><img decoding=\"async\" class=\"size-full wp-image-2787\" src=\"https:\/\/www.vietcorp.com\/store\/wp-content\/uploads\/2022\/11\/thiet-bi-mang-Synology-wrx560-17.jpg\" alt=\"Synology WRX560 WI-FI6 2\" width=\"600\" height=\"546\" srcset=\"https:\/\/vietcorp.com\/store\/wp-content\/uploads\/2022\/11\/thiet-bi-mang-Synology-wrx560-17.jpg?v=1668218899 600w, https:\/\/vietcorp.com\/store\/wp-content\/uploads\/2022\/11\/thiet-bi-mang-Synology-wrx560-17-400x364.jpg?v=1668218899 400w, https:\/\/vietcorp.com\/store\/wp-content\/uploads\/2022\/11\/thiet-bi-mang-Synology-wrx560-17-367x334.jpg?v=1668218899 367w\" sizes=\"(max-width: 600px) 100vw, 600px\" \/><figcaption id=\"caption-attachment-2787\" class=\"wp-caption-text\">M\u1ea1ng Wi-Fi r\u1ed9ng h\u01a1n<\/figcaption><\/figure>\n<p>N\u00f3i l\u1eddi t\u1ea1m bi\u1ec7t v\u1edbi v\u00f9ng ch\u1ebft c\u1ee7a Wi-Fi. K\u1ebft h\u1ee3p nhi\u1ec1u b\u1ed9 \u0111\u1ecbnh tuy\u1ebfn Synology (WRX560 ho\u1eb7c lo\u1ea1i kh\u00e1c) \u0111\u1ec3 c\u00f3 v\u00f9ng ph\u1ee7 s\u00f3ng kh\u1eafp ng\u00f4i nh\u00e0 c\u1ee7a b\u1ea1n v\u00e0 t\u1ed1c \u0111\u1ed9 cao v\u1edbi m\u1ed9t t\u00ean Wi-Fi duy nh\u1ea5t.<\/p>\n<p><strong>H\u1ed7 tr\u1ee3 b\u0103ng t\u1ea7n 5,9 GHz<\/strong><\/p>\n<figure id=\"attachment_2788\" aria-describedby=\"caption-attachment-2788\" style=\"width: 600px\" class=\"wp-caption aligncenter\"><img decoding=\"async\" class=\"size-full wp-image-2788\" src=\"https:\/\/www.vietcorp.com\/store\/wp-content\/uploads\/2022\/11\/thiet-bi-mang-Synology-wrx560-16.jpg\" alt=\"Synology WRX560 WI-FI6 3\" width=\"600\" height=\"306\" srcset=\"https:\/\/vietcorp.com\/store\/wp-content\/uploads\/2022\/11\/thiet-bi-mang-Synology-wrx560-16.jpg?v=1668218898 600w, https:\/\/vietcorp.com\/store\/wp-content\/uploads\/2022\/11\/thiet-bi-mang-Synology-wrx560-16-400x204.jpg?v=1668218898 400w, https:\/\/vietcorp.com\/store\/wp-content\/uploads\/2022\/11\/thiet-bi-mang-Synology-wrx560-16-450x231.jpg?v=1668218898 450w, https:\/\/vietcorp.com\/store\/wp-content\/uploads\/2022\/11\/thiet-bi-mang-Synology-wrx560-16-367x187.jpg?v=1668218898 367w\" sizes=\"(max-width: 600px) 100vw, 600px\" \/><figcaption id=\"caption-attachment-2788\" class=\"wp-caption-text\">H\u1ed7 tr\u1ee3 b\u0103ng t\u1ea7n 5,9 GHz<\/figcaption><\/figure>\n<p>H\u1ed7 tr\u1ee3 b\u0103ng t\u1ea7n 5,9 GHz cung c\u1ea5p quy\u1ec1n truy c\u1eadp v\u00e0o b\u0103ng t\u1ea7n kh\u00f4ng b\u1ecb nhi\u1ec5u \u0111\u1ec3 c\u00f3 t\u1ed1c \u0111\u1ed9 k\u1ebft n\u1ed1i ti\u1ec1m n\u0103ng cao h\u01a1n.<\/p>\n<p><strong>T\u00edn hi\u1ec7u Wi-Fi \u0111\u01b0\u1ee3c t\u1ed1i \u01b0u h\u00f3a<\/strong><\/p>\n<p>Smart Connect t\u1ef1 \u0111\u1ed9ng h\u01b0\u1edbng thi\u1ebft b\u1ecb c\u1ee7a b\u1ea1n t\u1edbi b\u0103ng t\u1ea7n Wi-Fi cung c\u1ea5p t\u00edn hi\u1ec7u v\u00e0 t\u1ed1c \u0111\u1ed9 t\u1ed1t nh\u1ea5t.<\/p>\n<p><strong>Ki\u1ec3m so\u00e1t to\u00e0n di\u1ec7n c\u1ee7a ph\u1ee5 huynh b\u1eb1ng Synology Router Manager (SRM)<\/strong><\/p>\n<p><em>T\u1ea1o h\u1ed3 s\u01a1 \u0111\u1ec3 qu\u1ea3n l\u00fd d\u1ec5 d\u00e0ng h\u01a1n<\/em><\/p>\n<figure id=\"attachment_2789\" aria-describedby=\"caption-attachment-2789\" style=\"width: 572px\" class=\"wp-caption aligncenter\"><img decoding=\"async\" class=\"size-full wp-image-2789\" src=\"https:\/\/www.vietcorp.com\/store\/wp-content\/uploads\/2022\/11\/thiet-bi-mang-Synology-wrx560-12.jpg\" alt=\"Synology WRX560 WI-FI6 4\" width=\"572\" height=\"340\" srcset=\"https:\/\/vietcorp.com\/store\/wp-content\/uploads\/2022\/11\/thiet-bi-mang-Synology-wrx560-12.jpg?v=1668218896 572w, https:\/\/vietcorp.com\/store\/wp-content\/uploads\/2022\/11\/thiet-bi-mang-Synology-wrx560-12-400x238.jpg?v=1668218896 400w, https:\/\/vietcorp.com\/store\/wp-content\/uploads\/2022\/11\/thiet-bi-mang-Synology-wrx560-12-367x218.jpg?v=1668218896 367w\" sizes=\"(max-width: 572px) 100vw, 572px\" \/><figcaption id=\"caption-attachment-2789\" class=\"wp-caption-text\">T\u1ea1o h\u1ed3 s\u01a1 \u0111\u1ec3 qu\u1ea3n l\u00fd d\u1ec5 d\u00e0ng h\u01a1n<\/figcaption><\/figure>\n<p>T\u1ea1o h\u1ed3 s\u01a1 cho c\u00e1c th\u00e0nh vi\u00ean trong gia \u0111\u00ecnh v\u00e0 g\u00e1n thi\u1ebft b\u1ecb cho h\u1ecd \u0111\u1ec3 d\u1ec5 d\u00e0ng qu\u1ea3n l\u00fd truy c\u1eadp internet v\u00e0 gi\u00e1m s\u00e1t c\u00e1c thi\u1ebft b\u1ecb \u0111\u01b0\u1ee3c k\u1ebft n\u1ed1i v\u1edbi m\u1ea1ng c\u1ee7a b\u1ea1n.<\/p>\n<p><em>T\u00ecm hi\u1ec3u c\u00e1ch s\u1eed d\u1ee5ng c\u1ee7a con b\u1ea1n<\/em><\/p>\n<figure id=\"attachment_2790\" aria-describedby=\"caption-attachment-2790\" style=\"width: 576px\" class=\"wp-caption aligncenter\"><img decoding=\"async\" class=\"size-full wp-image-2790\" src=\"https:\/\/www.vietcorp.com\/store\/wp-content\/uploads\/2022\/11\/thiet-bi-mang-Synology-wrx560-11.jpg\" alt=\"Synology WRX560 WI-FI6 5\" width=\"576\" height=\"312\" srcset=\"https:\/\/vietcorp.com\/store\/wp-content\/uploads\/2022\/11\/thiet-bi-mang-Synology-wrx560-11.jpg?v=1668218895 576w, https:\/\/vietcorp.com\/store\/wp-content\/uploads\/2022\/11\/thiet-bi-mang-Synology-wrx560-11-400x217.jpg?v=1668218895 400w, https:\/\/vietcorp.com\/store\/wp-content\/uploads\/2022\/11\/thiet-bi-mang-Synology-wrx560-11-367x199.jpg?v=1668218895 367w\" sizes=\"(max-width: 576px) 100vw, 576px\" \/><figcaption id=\"caption-attachment-2790\" class=\"wp-caption-text\">T\u00ecm hi\u1ec3u c\u00e1ch s\u1eed d\u1ee5ng<\/figcaption><\/figure>\n<p>T\u00ecm hi\u1ec3u th\u00f4ng tin chi ti\u1ebft v\u1ec1 c\u00e1c ho\u1ea1t \u0111\u1ed9ng tr\u1ef1c tuy\u1ebfn c\u1ee7a con b\u1ea1n, ch\u1eb3ng h\u1ea1n nh\u01b0 l\u01b0\u1ee3ng th\u1eddi gian h\u00e0ng ng\u00e0y d\u00e0nh cho Web ho\u1eb7c li\u1ec7u ch\u00fang c\u00f3 truy c\u1eadp c\u00e1c trang web kh\u00f4ng ph\u00f9 h\u1ee3p hay kh\u00f4ng.<\/p>\n<p><em>Gi\u1edbi h\u1ea1n th\u1eddi gian s\u1eed d\u1ee5ng thi\u1ebft b\u1ecb cho tr\u1ebb em<\/em><\/p>\n<figure id=\"attachment_2791\" aria-describedby=\"caption-attachment-2791\" style=\"width: 574px\" class=\"wp-caption aligncenter\"><img decoding=\"async\" class=\"size-full wp-image-2791\" src=\"https:\/\/www.vietcorp.com\/store\/wp-content\/uploads\/2022\/11\/thiet-bi-mang-Synology-wrx560-10.jpg\" alt=\"Synology WRX560 WI-FI6 6\" width=\"574\" height=\"326\" srcset=\"https:\/\/vietcorp.com\/store\/wp-content\/uploads\/2022\/11\/thiet-bi-mang-Synology-wrx560-10.jpg?v=1668218893 574w, https:\/\/vietcorp.com\/store\/wp-content\/uploads\/2022\/11\/thiet-bi-mang-Synology-wrx560-10-400x227.jpg?v=1668218893 400w, https:\/\/vietcorp.com\/store\/wp-content\/uploads\/2022\/11\/thiet-bi-mang-Synology-wrx560-10-367x208.jpg?v=1668218893 367w\" sizes=\"(max-width: 574px) 100vw, 574px\" \/><figcaption id=\"caption-attachment-2791\" class=\"wp-caption-text\">Gi\u1edbi h\u1ea1n th\u1eddi gian s\u1eed d\u1ee5ng thi\u1ebft b\u1ecb cho tr\u1ebb em<\/figcaption><\/figure>\n<p>\u0110\u1eb7t h\u1ea1n ng\u1ea1ch s\u1eed d\u1ee5ng Internet ho\u1eb7c h\u1ea1n ch\u1ebf truy c\u1eadp Internet v\u00e0o nh\u1eefng gi\u1edd nh\u1ea5t \u0111\u1ecbnh cho m\u1ed7i thi\u1ebft b\u1ecb m\u00e0 con b\u1ea1n s\u1edf h\u1eefu. X\u00e1c \u0111\u1ecbnh l\u01b0\u1ee3ng th\u1eddi gian c\u00f3 th\u1ec3 d\u00e0nh cho m\u00e1y t\u00ednh x\u00e1ch tay, \u0111i\u1ec7n tho\u1ea1i th\u00f4ng minh v\u00e0 b\u1ea3ng \u0111i\u1ec1u khi\u1ec3n tr\u00f2 ch\u01a1i.<\/p>\n<p><em>L\u1ecdc web<\/em><\/p>\n<figure id=\"attachment_2792\" aria-describedby=\"caption-attachment-2792\" style=\"width: 571px\" class=\"wp-caption aligncenter\"><img decoding=\"async\" class=\"size-full wp-image-2792\" src=\"https:\/\/www.vietcorp.com\/store\/wp-content\/uploads\/2022\/11\/thiet-bi-mang-Synology-wrx560-9.jpg\" alt=\"Synology WRX560 WI-FI6 7\" width=\"571\" height=\"326\" srcset=\"https:\/\/vietcorp.com\/store\/wp-content\/uploads\/2022\/11\/thiet-bi-mang-Synology-wrx560-9.jpg?v=1668218892 571w, https:\/\/vietcorp.com\/store\/wp-content\/uploads\/2022\/11\/thiet-bi-mang-Synology-wrx560-9-400x228.jpg?v=1668218892 400w, https:\/\/vietcorp.com\/store\/wp-content\/uploads\/2022\/11\/thiet-bi-mang-Synology-wrx560-9-367x210.jpg?v=1668218892 367w\" sizes=\"(max-width: 571px) 100vw, 571px\" \/><figcaption id=\"caption-attachment-2792\" class=\"wp-caption-text\">L\u1ecdc nh\u1eefng web \u0111\u1ed9c h\u1ea1i<\/figcaption><\/figure>\n<p>Ng\u0103n tr\u1ebb em truy c\u1eadp c\u00e1c trang web d\u00e0nh cho ng\u01b0\u1eddi l\u1edbn, b\u1ea1o l\u1ef1c, ch\u01a1i game v\u00e0 m\u1ea1ng x\u00e3 h\u1ed9i c\u0169ng nh\u01b0 c\u00e1c k\u1ebft qu\u1ea3 t\u00ecm ki\u1ebfm khi\u00eau d\u00e2m. \u00c1p d\u1ee5ng c\u00e1c b\u1ed9 l\u1ecdc m\u1ed9t c\u00e1ch linh ho\u1ea1t, ch\u1eb3ng h\u1ea1n nh\u01b0 h\u1ea1n ch\u1ebf m\u1ea1ng x\u00e3 h\u1ed9i trong gi\u1edd l\u00e0m b\u00e0i t\u1eadp.<\/p>\n<p><strong>S\u1eed d\u1ee5ng cho m\u1ea1ng c\u00f3 nhi\u1ec1u k\u1ebft n\u1ed1i<\/strong><\/p>\n<figure id=\"attachment_2793\" aria-describedby=\"caption-attachment-2793\" style=\"width: 600px\" class=\"wp-caption aligncenter\"><img decoding=\"async\" class=\"size-full wp-image-2793\" src=\"https:\/\/www.vietcorp.com\/store\/wp-content\/uploads\/2022\/11\/thiet-bi-mang-Synology-wrx560-8.jpg\" alt=\"Synology WRX560 WI-FI6 8\" width=\"600\" height=\"480\" srcset=\"https:\/\/vietcorp.com\/store\/wp-content\/uploads\/2022\/11\/thiet-bi-mang-Synology-wrx560-8.jpg?v=1668218890 600w, https:\/\/vietcorp.com\/store\/wp-content\/uploads\/2022\/11\/thiet-bi-mang-Synology-wrx560-8-400x320.jpg?v=1668218890 400w, https:\/\/vietcorp.com\/store\/wp-content\/uploads\/2022\/11\/thiet-bi-mang-Synology-wrx560-8-367x294.jpg?v=1668218890 367w\" sizes=\"(max-width: 600px) 100vw, 600px\" \/><figcaption id=\"caption-attachment-2793\" class=\"wp-caption-text\">S\u1eed d\u1ee5ng cho m\u1ea1ng c\u00f3 nhi\u1ec1u k\u1ebft n\u1ed1i<\/figcaption><\/figure>\n<p><em>Kh\u00f4ng b\u1ecb ngh\u1ebdn m\u1ea1ng LAN<\/em><\/p>\n<p>M\u1ed7i c\u1ed5ng Ethernet c\u00f3 b\u0103ng th\u00f4ng d\u00e0nh ri\u00eang cho 5.5Gbps t\u1ed5ng th\u00f4ng l\u01b0\u1ee3ng c\u00f3 d\u00e2y.<\/p>\n<p><em>C\u1ed5ng LAN \/ WAN 2.5GbE<\/em><\/p>\n<p>M\u1ed9t c\u1ed5ng 2,5GbE c\u00f3 th\u1ec3 \u0111\u01b0\u1ee3c \u0111\u1ecbnh c\u1ea5u h\u00ecnh l\u00e0m giao di\u1ec7n LAN ho\u1eb7c WAN \u0111\u1ec3 h\u1ed7 tr\u1ee3 c\u00e1c thi\u1ebft b\u1ecb hi\u1ec7u su\u1ea5t cao ho\u1eb7c c\u00e1c g\u00f3i internet si\u00eau nhanh.<\/p>\n<p><strong>Di \u0111\u1ed9ng<\/strong><\/p>\n<p><em>Thi\u1ebft l\u1eadp d\u1ec5 d\u00e0ng<\/em><\/p>\n<figure id=\"attachment_2798\" aria-describedby=\"caption-attachment-2798\" style=\"width: 408px\" class=\"wp-caption aligncenter\"><img decoding=\"async\" class=\"size-full wp-image-2798\" src=\"https:\/\/www.vietcorp.com\/store\/wp-content\/uploads\/2022\/11\/thiet-bi-mang-Synology-wrx560-7.jpg\" alt=\"Synology WRX560 WI-FI6 9\" width=\"408\" height=\"780\" srcset=\"https:\/\/vietcorp.com\/store\/wp-content\/uploads\/2022\/11\/thiet-bi-mang-Synology-wrx560-7.jpg?v=1668218884 408w, https:\/\/vietcorp.com\/store\/wp-content\/uploads\/2022\/11\/thiet-bi-mang-Synology-wrx560-7-400x765.jpg?v=1668218884 400w, https:\/\/vietcorp.com\/store\/wp-content\/uploads\/2022\/11\/thiet-bi-mang-Synology-wrx560-7-367x702.jpg?v=1668218884 367w\" sizes=\"(max-width: 408px) 100vw, 408px\" \/><figcaption id=\"caption-attachment-2798\" class=\"wp-caption-text\">Thi\u1ebft l\u1eadp d\u1ec5 d\u00e0ng<\/figcaption><\/figure>\n<p>C\u00e0i \u0111\u1eb7t \u1ee9ng d\u1ee5ng v\u00e0 ch\u1ec9 c\u1ea7n l\u00e0m theo h\u01b0\u1edbng d\u1eabn tr\u00ean m\u00e0n h\u00ecnh \u0111\u1ec3 thi\u1ebft l\u1eadp kh\u00f4ng c\u1ea7n m\u00e1y t\u00ednh t\u1eeb s\u1ef1 tho\u1ea3i m\u00e1i tr\u00ean gh\u1ebf d\u00e0i c\u1ee7a b\u1ea1n.<\/p>\n<figure id=\"attachment_2797\" aria-describedby=\"caption-attachment-2797\" style=\"width: 493px\" class=\"wp-caption aligncenter\"><img decoding=\"async\" class=\"size-full wp-image-2797\" src=\"https:\/\/www.vietcorp.com\/store\/wp-content\/uploads\/2022\/11\/thiet-bi-mang-Synology-wrx560-6.jpg\" alt=\"Synology WRX560 WI-FI6 10\" width=\"493\" height=\"291\" srcset=\"https:\/\/vietcorp.com\/store\/wp-content\/uploads\/2022\/11\/thiet-bi-mang-Synology-wrx560-6.jpg?v=1668218885 493w, https:\/\/vietcorp.com\/store\/wp-content\/uploads\/2022\/11\/thiet-bi-mang-Synology-wrx560-6-400x236.jpg?v=1668218885 400w, https:\/\/vietcorp.com\/store\/wp-content\/uploads\/2022\/11\/thiet-bi-mang-Synology-wrx560-6-367x217.jpg?v=1668218885 367w\" sizes=\"(max-width: 493px) 100vw, 493px\" \/><figcaption id=\"caption-attachment-2797\" class=\"wp-caption-text\">Qu\u00e9t m\u00e3 QR \u0111\u1ec3 c\u00e0i \u0111\u1eb7t<\/figcaption><\/figure>\n<p><em>Ki\u1ec3m so\u00e1t t\u1eeb xa c\u1ee7a ph\u1ee5 huynh<\/em><\/p>\n<figure id=\"attachment_2796\" aria-describedby=\"caption-attachment-2796\" style=\"width: 397px\" class=\"wp-caption aligncenter\"><img decoding=\"async\" class=\"size-full wp-image-2796\" src=\"https:\/\/www.vietcorp.com\/store\/wp-content\/uploads\/2022\/11\/thiet-bi-mang-Synology-wrx560-5.jpg\" alt=\"Synology WRX560 WI-FI611\" width=\"397\" height=\"778\" srcset=\"https:\/\/vietcorp.com\/store\/wp-content\/uploads\/2022\/11\/thiet-bi-mang-Synology-wrx560-5.jpg?v=1668218886 397w, https:\/\/vietcorp.com\/store\/wp-content\/uploads\/2022\/11\/thiet-bi-mang-Synology-wrx560-5-367x719.jpg?v=1668218886 367w\" sizes=\"(max-width: 397px) 100vw, 397px\" \/><figcaption id=\"caption-attachment-2796\" class=\"wp-caption-text\">Ki\u1ec3m so\u00e1t t\u1eeb xa c\u1ee7a ph\u1ee5 huynh<\/figcaption><\/figure>\n<p>Truy c\u1eadp ki\u1ec3m so\u00e1t c\u1ee7a ph\u1ee5 huynh t\u1eeb \u0111i\u1ec7n tho\u1ea1i c\u1ee7a b\u1ea1n. T\u1ea1o h\u1ed3 s\u01a1, gi\u00e1m s\u00e1t vi\u1ec7c s\u1eed d\u1ee5ng, \u0111\u00f3ng b\u0103ng truy c\u1eadp internet v\u00e0 ph\u00ea duy\u1ec7t c\u00e1c y\u00eau c\u1ea7u truy c\u1eadp v\u00e0o c\u00e1c trang c\u1ee5 th\u1ec3.<\/p>\n<p><em>Gi\u00e1m s\u00e1t m\u1ea1ng<\/em><\/p>\n<figure id=\"attachment_2795\" aria-describedby=\"caption-attachment-2795\" style=\"width: 389px\" class=\"wp-caption aligncenter\"><img decoding=\"async\" class=\"size-full wp-image-2795\" src=\"https:\/\/www.vietcorp.com\/store\/wp-content\/uploads\/2022\/11\/thiet-bi-mang-Synology-wrx560-4.jpg\" alt=\"Synology WRX560 WI-FI6 12\" width=\"389\" height=\"771\" srcset=\"https:\/\/vietcorp.com\/store\/wp-content\/uploads\/2022\/11\/thiet-bi-mang-Synology-wrx560-4.jpg?v=1668218887 389w, https:\/\/vietcorp.com\/store\/wp-content\/uploads\/2022\/11\/thiet-bi-mang-Synology-wrx560-4-367x727.jpg?v=1668218887 367w\" sizes=\"(max-width: 389px) 100vw, 389px\" \/><figcaption id=\"caption-attachment-2795\" class=\"wp-caption-text\">Gi\u00e1m s\u00e1t m\u1ea1ng<\/figcaption><\/figure>\n<p>T\u00ecm hi\u1ec3u xem ng\u01b0\u1eddi d\u00f9ng c\u00f3 \u0111ang l\u00e0m b\u00e3o h\u00f2a m\u1ea1ng ho\u1eb7c truy c\u1eadp c\u00e1c trang web kh\u00f4ng ph\u00f9 h\u1ee3p v\u00e0 h\u1ea1n ch\u1ebf quy\u1ec1n truy c\u1eadp n\u1ebfu c\u1ea7n thi\u1ebft.<\/p>\n<p><em>Qu\u1ea3n l\u00fd t\u1eeb m\u1ecdi n\u01a1i<\/em><\/p>\n<figure id=\"attachment_2794\" aria-describedby=\"caption-attachment-2794\" style=\"width: 391px\" class=\"wp-caption aligncenter\"><img decoding=\"async\" class=\"size-full wp-image-2794\" src=\"https:\/\/www.vietcorp.com\/store\/wp-content\/uploads\/2022\/11\/thiet-bi-mang-Synology-wrx560-3.jpg\" alt=\"Synology WRX560 WI-FI6 13\" width=\"391\" height=\"773\" srcset=\"https:\/\/vietcorp.com\/store\/wp-content\/uploads\/2022\/11\/thiet-bi-mang-Synology-wrx560-3.jpg?v=1668218889 391w, https:\/\/vietcorp.com\/store\/wp-content\/uploads\/2022\/11\/thiet-bi-mang-Synology-wrx560-3-367x726.jpg?v=1668218889 367w\" sizes=\"(max-width: 391px) 100vw, 391px\" \/><figcaption id=\"caption-attachment-2794\" class=\"wp-caption-text\">Qu\u1ea3n l\u00fd t\u1eeb m\u1ecdi n\u01a1i<\/figcaption><\/figure>\n<p>Th\u1ef1c hi\u1ec7n c\u00e1c t\u00e1c v\u1ee5 qu\u1ea3n l\u00fd b\u1ed9 \u0111\u1ecbnh tuy\u1ebfn nh\u01b0 c\u1ea5u h\u00ecnh m\u1ea1ng Wi-Fi v\u00e0 thay \u0111\u1ed5i m\u1eadt kh\u1ea9u t\u1eeb xa.<\/p>\n<p><strong>C\u00e1c t\u00ednh n\u0103ng m\u1ea1ng n\u00e2ng cao trong Synology Router Manager (SRM)<\/strong><\/p>\n<p><em>VPN Plus<\/em><\/p>\n<p>Thi\u1ebft l\u1eadp quy\u1ec1n truy c\u1eadp an to\u00e0n v\u00e0o m\u1ea1ng c\u1ee5c b\u1ed9 c\u1ee7a b\u1ea1n t\u1eeb internet.<\/p>\n<p><em>Qu\u1ea3n l\u00fd b\u0103ng th\u00f4ng<\/em><\/p>\n<p>Ph\u00e2n b\u1ed5 b\u0103ng th\u00f4ng chuy\u00ean d\u1ee5ng cho c\u00e1c thi\u1ebft b\u1ecb ph\u00e1t tr\u1ef1c tuy\u1ebfn ho\u1eb7c ch\u01a1i game.<\/p>\n<p><em>Ph\u00e2n \u0111o\u1ea1n m\u1ea1ng<\/em><\/p>\n<p>C\u00f4 l\u1eadp c\u00e1c m\u1ea1ng ho\u1eb7c thi\u1ebft l\u1eadp c\u00e1c quy t\u1eafc truy c\u1eadp \u0111\u1ec3 gi\u1edbi h\u1ea1n k\u1ebft n\u1ed1i \u0111\u1ebfn c\u00e1c thi\u1ebft b\u1ecb d\u1ec5 b\u1ecb t\u1ea5n c\u00f4ng.<\/p>\n<p>Xem th\u00eam v\u1ec1 Synology:<\/p>\n<ul>\n<li><a href=\"https:\/\/www.vietcorp.com\/vn\/2819\/chung-nhan-vietcorp-doi-tac-cua-synology\/\">Ch\u1ee9ng nh\u1eadn Synology<\/a><\/li>\n<li><a href=\"https:\/\/vietcorp.com\/support\/synology\/\">Support Synology<\/a><\/li>\n<li><a href=\"https:\/\/www.vietcorp.com\/blog\/tag\/showcase-synology\/\">Showcase Synology<\/a><\/li>\n<\/ul>\n","protected":false},"excerpt":{"rendered":"<p>CPU: Quad core 1.4 GHz<br \/>\nRAM: 512 MB DDR3<br \/>\nC\u1ed5ng LAN: 2.5GbE (RJ-45) x 1, Gigabit (RJ-45) x 3<br \/>\nC\u1ed5ng WAN: Gigabit (RJ-45) x 1, 2.5 GbE (RJ-45) x 1 (Dual WAN)<br \/>\nIEEE 802.11ax: IEEE 802.11a\/b\/g\/n\/ac\/ax<br \/>\nB\u1ea3o h\u00e0nh 24 th\u00e1ng<\/p>\n","protected":false},"featured_media":2785,"template":"","meta":[],"product_brand":[],"product_cat":[193],"product_tag":[23,49],"class_list":{"0":"post-2783","1":"product","2":"type-product","3":"status-publish","4":"has-post-thumbnail","6":"product_cat-thiet-bi-mang","7":"product_tag-synology","8":"product_tag-synology-network","10":"first","11":"instock","12":"taxable","13":"shipping-taxable","14":"product-type-simple"},"_links":{"self":[{"href":"https:\/\/vietcorp.com\/store\/wp-json\/wp\/v2\/product\/2783","targetHints":{"allow":["GET"]}}],"collection":[{"href":"https:\/\/vietcorp.com\/store\/wp-json\/wp\/v2\/product"}],"about":[{"href":"https:\/\/vietcorp.com\/store\/wp-json\/wp\/v2\/types\/product"}],"wp:featuredmedia":[{"embeddable":true,"href":"https:\/\/vietcorp.com\/store\/wp-json\/wp\/v2\/media\/2785"}],"wp:attachment":[{"href":"https:\/\/vietcorp.com\/store\/wp-json\/wp\/v2\/media?parent=2783"}],"wp:term":[{"taxonomy":"product_brand","embeddable":true,"href":"https:\/\/vietcorp.com\/store\/wp-json\/wp\/v2\/product_brand?post=2783"},{"taxonomy":"product_cat","embeddable":true,"href":"https:\/\/vietcorp.com\/store\/wp-json\/wp\/v2\/product_cat?post=2783"},{"taxonomy":"product_tag","embeddable":true,"href":"https:\/\/vietcorp.com\/store\/wp-json\/wp\/v2\/product_tag?post=2783"}],"curies":[{"name":"wp","href":"https:\/\/api.w.org\/{rel}","templated":true}]}}